{"id":91340,"date":"2021-08-27T14:32:05","date_gmt":"2021-08-27T12:32:05","guid":{"rendered":"https:\/\/www.mwm.net\/?page_id=91340"},"modified":"2023-09-06T11:38:06","modified_gmt":"2023-09-06T09:38:06","slug":"mwm-solutions-provider","status":"publish","type":"page","link":"https:\/\/www.mwm.net\/en\/mwm-sales-solutions\/mwm-solutions-provider\/","title":{"rendered":"MWM Solutions Provider"},"content":{"rendered":"<h2>Our experienced contacts for your power plants with MWM gas engines and power gensets<\/h2>\n<p>In their capacity as MWM Solutions Providers, experienced partners roll out projects with MWM products on a turnkey and EPC (planning, procurement, construction) basis. The focus is on regions in which custom-tailored plant projects with innovative gas generator sets for distributed energy generation are to be implemented and maintained.<\/p>\n<p>Thanks to their long-standing sales and service experience, MWM Solutions Providers are specialized in the rollout of complex operating concepts as well as scheduled and ad-hoc maintenance. The internal engineering and project management resources and regular training make MWM Solutions Providers the contact of choice for a one-stop package for all projects.<\/p>\n<p>The Solutions Provider concept greatly extends the MWM range and offering with regard to the support of individual energy projects. MWM Solutions Providers thus ensure optimum fit and projectability of your personal energy project.<\/p>\n<p><img decoding=\"async\" class=\"alignleft wp-image-91335 size-full\" src=\"https:\/\/www.mwm.net\/wp-content\/uploads\/2021\/08\/MWM-Solutions-Provider-teaser.jpg\" alt=\"MWM Solutions Provider\" width=\"800\" height=\"521\" \/><\/p>\n<p>The MWM Solutions Providers Green Power International (Private) Ltd. and \u0130ltekno \u0130leri Teknoloji M\u00fchendislik ve Ticaret A.\u015e. are leading in the implementation of individual customer projects on a turnkey and EPC basis. In the regions they operate in, both Solutions Providers have decades of experience in rolling out projects and performing services. <\/p>\n<p>Green Power International (Private) Ltd. implements innovative MWM power plant solutions for distributed energy supply in India and Africa, especially in the focus regions Nigeria, Angola, Democratic Republic of Congo, Mozambique, Namibia, Cameroon, and Gabon. The company was founded in early 2002 in close collaboration with MWM. Since then, the company has installed MWM gas generator sets with a total output of more than 900 MW. The Solutions Provider is specialized in turnkey EPC solutions for gas and liquid-based power plants with an output of up to 100 MW as well as heat recovery and energy processing solutions. The core competencies of Green Power International (Private) Ltd. include the planning of power plants, engineering, plant construction, and plant operation and maintenance. As a Solutions Provider, Green Power International (Private) Ltd. has rolled out several MWM power plant projects with an output of more than 100 MW. Further projects are currently under construction.<\/p>\n<p>\u0130ltekno \u0130leri Teknoloji M\u00fchendislik ve Ticaret A.\u015e. implements turnkey power plant solutions with MWM gas engines in the focus regions Morocco, Algeria, Tunisia, Egypt, and Israel as well as in the Central Asian focus region Uzbekistan. Since its foundation in 1989, the company has reached an installed total output of more than 2,000 MW in more than 300 projects in the field of distributed power generation with combined heat and power generation. Of these projects, 150 have been implemented on EPC basis. As an MWM Solutions Provider, \u0130ltekno has rolled out projects with a total output of more than 70 MW in the focus regions since 2021. Further power plant solutions are currently under construction.<\/p>\n<p>Since 2020, the two MWM Solutions Provider Green Power und \u0130ltekno have signed contracts for and rolled out turnkey MWM power plant solutions with a total output of more than 200 MW in the respective regions. <\/p>\n","protected":false},"excerpt":{"rendered":"<p>The MWM Solutions Providers design and plan power plant projects in certain regions and are specialized in the scheduled and ad-hoc maintenance of power plants with MWM gas gensets.<\/p>\n","protected":false},"author":6,"featured_media":91348,"parent":90259,"menu_order":0,"comment_status":"closed","ping_status":"closed","template":"page-sidebar-template.php","meta":{"_acf_changed":false,"footnotes":""},"tags":[],"class_list":["post-91340","page","type-page","status-publish","has-post-thumbnail","hentry"],"acf":[],"yoast_head":"<!-- This site is optimized with the Yoast SEO Premium plugin v27.2 (Yoast SEO v27.2) - https:\/\/yoast.com\/product\/yoast-seo-premium-wordpress\/ -->\n<title>MWM Solutions Provider<\/title>\n<meta name=\"description\" content=\"The MWM Solutions Providers design and plan power plant projects and are specialized in the scheduled and ad-hoc maintenance of power plants with MWM gas gensets.\" \/>\n<meta name=\"robots\" content=\"index, follow, max-snippet:-1, max-image-preview:large, max-video-preview:-1\" \/>\n<link rel=\"canonical\" href=\"https:\/\/www.mwm.net\/en\/mwm-sales-solutions\/mwm-solutions-provider\/\" \/>\n<meta property=\"og:locale\" content=\"en_US\" \/>\n<meta property=\"og:type\" content=\"article\" \/>\n<meta property=\"og:title\" content=\"MWM Solutions Provider\" \/>\n<meta property=\"og:description\" content=\"The MWM Solutions Providers design and plan power plant projects in certain regions and are specialized in the scheduled and ad-hoc maintenance of power plants with MWM gas gensets.\" \/>\n<meta property=\"og:url\" content=\"https:\/\/www.mwm.net\/en\/mwm-sales-solutions\/mwm-solutions-provider\/\" \/>\n<meta property=\"og:site_name\" content=\"MWM\" \/>\n<meta property=\"article:modified_time\" content=\"2023-09-06T09:38:06+00:00\" \/>\n<meta property=\"og:image\" content=\"https:\/\/www.mwm.net\/wp-content\/uploads\/2021\/08\/MWM-Solutions-Provider-teaser-1.jpg\" \/>\n\t<meta property=\"og:image:width\" content=\"800\" \/>\n\t<meta property=\"og:image:height\" content=\"521\" \/>\n\t<meta property=\"og:image:type\" content=\"image\/jpeg\" \/>\n<meta name=\"twitter:card\" content=\"summary_large_image\" \/>\n<meta name=\"twitter:title\" content=\"MWM Solutions Provider\" \/>\n<meta name=\"twitter:label1\" content=\"Est. reading time\" \/>\n\t<meta name=\"twitter:data1\" content=\"4 minutes\" \/>\n<script type=\"application\/ld+json\" class=\"yoast-schema-graph\">{\"@context\":\"https:\/\/schema.org\",\"@graph\":[{\"@type\":\"WebPage\",\"@id\":\"https:\/\/www.mwm.net\/en\/mwm-sales-solutions\/mwm-solutions-provider\/\",\"url\":\"https:\/\/www.mwm.net\/en\/mwm-sales-solutions\/mwm-solutions-provider\/\",\"name\":\"MWM Solutions Provider\",\"isPartOf\":{\"@id\":\"https:\/\/www.mwm.net\/en\/#website\"},\"primaryImageOfPage\":{\"@id\":\"https:\/\/www.mwm.net\/en\/mwm-sales-solutions\/mwm-solutions-provider\/#primaryimage\"},\"image\":{\"@id\":\"https:\/\/www.mwm.net\/en\/mwm-sales-solutions\/mwm-solutions-provider\/#primaryimage\"},\"thumbnailUrl\":\"https:\/\/www.mwm.net\/wp-content\/uploads\/2021\/08\/MWM-Solutions-Provider-teaser-1.jpg\",\"datePublished\":\"2021-08-27T12:32:05+00:00\",\"dateModified\":\"2023-09-06T09:38:06+00:00\",\"description\":\"The MWM Solutions Providers design and plan power plant projects and are specialized in the scheduled and ad-hoc maintenance of power plants with MWM gas gensets.\",\"breadcrumb\":{\"@id\":\"https:\/\/www.mwm.net\/en\/mwm-sales-solutions\/mwm-solutions-provider\/#breadcrumb\"},\"inLanguage\":\"en-US\",\"potentialAction\":[{\"@type\":\"ReadAction\",\"target\":[\"https:\/\/www.mwm.net\/en\/mwm-sales-solutions\/mwm-solutions-provider\/\"]}]},{\"@type\":\"ImageObject\",\"inLanguage\":\"en-US\",\"@id\":\"https:\/\/www.mwm.net\/en\/mwm-sales-solutions\/mwm-solutions-provider\/#primaryimage\",\"url\":\"https:\/\/www.mwm.net\/wp-content\/uploads\/2021\/08\/MWM-Solutions-Provider-teaser-1.jpg\",\"contentUrl\":\"https:\/\/www.mwm.net\/wp-content\/uploads\/2021\/08\/MWM-Solutions-Provider-teaser-1.jpg\",\"width\":800,\"height\":521},{\"@type\":\"BreadcrumbList\",\"@id\":\"https:\/\/www.mwm.net\/en\/mwm-sales-solutions\/mwm-solutions-provider\/#breadcrumb\",\"itemListElement\":[{\"@type\":\"ListItem\",\"position\":1,\"name\":\"Home\",\"item\":\"https:\/\/www.mwm.net\/en\/\"},{\"@type\":\"ListItem\",\"position\":2,\"name\":\"MWM Sales Solutions\",\"item\":\"https:\/\/www.mwm.net\/en\/mwm-sales-solutions\/\"},{\"@type\":\"ListItem\",\"position\":3,\"name\":\"MWM Solutions Provider\"}]},{\"@type\":\"WebSite\",\"@id\":\"https:\/\/www.mwm.net\/en\/#website\",\"url\":\"https:\/\/www.mwm.net\/en\/\",\"name\":\"MWM\",\"description\":\"\",\"publisher\":{\"@id\":\"https:\/\/www.mwm.net\/en\/#organization\"},\"potentialAction\":[{\"@type\":\"SearchAction\",\"target\":{\"@type\":\"EntryPoint\",\"urlTemplate\":\"https:\/\/www.mwm.net\/en\/?s={search_term_string}\"},\"query-input\":{\"@type\":\"PropertyValueSpecification\",\"valueRequired\":true,\"valueName\":\"search_term_string\"}}],\"inLanguage\":\"en-US\"},{\"@type\":\"Organization\",\"@id\":\"https:\/\/www.mwm.net\/en\/#organization\",\"name\":\"Caterpillar Energy Solutions GmbH\",\"url\":\"https:\/\/www.mwm.net\/en\/\",\"logo\":{\"@type\":\"ImageObject\",\"inLanguage\":\"en-US\",\"@id\":\"https:\/\/www.mwm.net\/en\/#\/schema\/logo\/image\/\",\"url\":\"https:\/\/www.mwm.net\/wp-content\/uploads\/2022\/02\/logo2.jpg\",\"contentUrl\":\"https:\/\/www.mwm.net\/wp-content\/uploads\/2022\/02\/logo2.jpg\",\"width\":260,\"height\":142,\"caption\":\"Caterpillar Energy Solutions GmbH\"},\"image\":{\"@id\":\"https:\/\/www.mwm.net\/en\/#\/schema\/logo\/image\/\"}}]}<\/script>\n<!-- \/ Yoast SEO Premium plugin. -->","yoast_head_json":{"title":"MWM Solutions Provider","description":"The MWM Solutions Providers design and plan power plant projects and are specialized in the scheduled and ad-hoc maintenance of power plants with MWM gas gensets.","robots":{"index":"index","follow":"follow","max-snippet":"max-snippet:-1","max-image-preview":"max-image-preview:large","max-video-preview":"max-video-preview:-1"},"canonical":"https:\/\/www.mwm.net\/en\/mwm-sales-solutions\/mwm-solutions-provider\/","og_locale":"en_US","og_type":"article","og_title":"MWM Solutions Provider","og_description":"The MWM Solutions Providers design and plan power plant projects in certain regions and are specialized in the scheduled and ad-hoc maintenance of power plants with MWM gas gensets.","og_url":"https:\/\/www.mwm.net\/en\/mwm-sales-solutions\/mwm-solutions-provider\/","og_site_name":"MWM","article_modified_time":"2023-09-06T09:38:06+00:00","og_image":[{"width":800,"height":521,"url":"https:\/\/www.mwm.net\/wp-content\/uploads\/2021\/08\/MWM-Solutions-Provider-teaser-1.jpg","type":"image\/jpeg"}],"twitter_card":"summary_large_image","twitter_title":"MWM Solutions Provider","twitter_misc":{"Est. reading time":"4 minutes"},"schema":{"@context":"https:\/\/schema.org","@graph":[{"@type":"WebPage","@id":"https:\/\/www.mwm.net\/en\/mwm-sales-solutions\/mwm-solutions-provider\/","url":"https:\/\/www.mwm.net\/en\/mwm-sales-solutions\/mwm-solutions-provider\/","name":"MWM Solutions Provider","isPartOf":{"@id":"https:\/\/www.mwm.net\/en\/#website"},"primaryImageOfPage":{"@id":"https:\/\/www.mwm.net\/en\/mwm-sales-solutions\/mwm-solutions-provider\/#primaryimage"},"image":{"@id":"https:\/\/www.mwm.net\/en\/mwm-sales-solutions\/mwm-solutions-provider\/#primaryimage"},"thumbnailUrl":"https:\/\/www.mwm.net\/wp-content\/uploads\/2021\/08\/MWM-Solutions-Provider-teaser-1.jpg","datePublished":"2021-08-27T12:32:05+00:00","dateModified":"2023-09-06T09:38:06+00:00","description":"The MWM Solutions Providers design and plan power plant projects and are specialized in the scheduled and ad-hoc maintenance of power plants with MWM gas gensets.","breadcrumb":{"@id":"https:\/\/www.mwm.net\/en\/mwm-sales-solutions\/mwm-solutions-provider\/#breadcrumb"},"inLanguage":"en-US","potentialAction":[{"@type":"ReadAction","target":["https:\/\/www.mwm.net\/en\/mwm-sales-solutions\/mwm-solutions-provider\/"]}]},{"@type":"ImageObject","inLanguage":"en-US","@id":"https:\/\/www.mwm.net\/en\/mwm-sales-solutions\/mwm-solutions-provider\/#primaryimage","url":"https:\/\/www.mwm.net\/wp-content\/uploads\/2021\/08\/MWM-Solutions-Provider-teaser-1.jpg","contentUrl":"https:\/\/www.mwm.net\/wp-content\/uploads\/2021\/08\/MWM-Solutions-Provider-teaser-1.jpg","width":800,"height":521},{"@type":"BreadcrumbList","@id":"https:\/\/www.mwm.net\/en\/mwm-sales-solutions\/mwm-solutions-provider\/#breadcrumb","itemListElement":[{"@type":"ListItem","position":1,"name":"Home","item":"https:\/\/www.mwm.net\/en\/"},{"@type":"ListItem","position":2,"name":"MWM Sales Solutions","item":"https:\/\/www.mwm.net\/en\/mwm-sales-solutions\/"},{"@type":"ListItem","position":3,"name":"MWM Solutions Provider"}]},{"@type":"WebSite","@id":"https:\/\/www.mwm.net\/en\/#website","url":"https:\/\/www.mwm.net\/en\/","name":"MWM","description":"","publisher":{"@id":"https:\/\/www.mwm.net\/en\/#organization"},"potentialAction":[{"@type":"SearchAction","target":{"@type":"EntryPoint","urlTemplate":"https:\/\/www.mwm.net\/en\/?s={search_term_string}"},"query-input":{"@type":"PropertyValueSpecification","valueRequired":true,"valueName":"search_term_string"}}],"inLanguage":"en-US"},{"@type":"Organization","@id":"https:\/\/www.mwm.net\/en\/#organization","name":"Caterpillar Energy Solutions GmbH","url":"https:\/\/www.mwm.net\/en\/","logo":{"@type":"ImageObject","inLanguage":"en-US","@id":"https:\/\/www.mwm.net\/en\/#\/schema\/logo\/image\/","url":"https:\/\/www.mwm.net\/wp-content\/uploads\/2022\/02\/logo2.jpg","contentUrl":"https:\/\/www.mwm.net\/wp-content\/uploads\/2022\/02\/logo2.jpg","width":260,"height":142,"caption":"Caterpillar Energy Solutions GmbH"},"image":{"@id":"https:\/\/www.mwm.net\/en\/#\/schema\/logo\/image\/"}}]}},"_links":{"self":[{"href":"https:\/\/www.mwm.net\/en\/wp-json\/wp\/v2\/pages\/91340","targetHints":{"allow":["GET"]}}],"collection":[{"href":"https:\/\/www.mwm.net\/en\/wp-json\/wp\/v2\/pages"}],"about":[{"href":"https:\/\/www.mwm.net\/en\/wp-json\/wp\/v2\/types\/page"}],"author":[{"embeddable":true,"href":"https:\/\/www.mwm.net\/en\/wp-json\/wp\/v2\/users\/6"}],"replies":[{"embeddable":true,"href":"https:\/\/www.mwm.net\/en\/wp-json\/wp\/v2\/comments?post=91340"}],"version-history":[{"count":4,"href":"https:\/\/www.mwm.net\/en\/wp-json\/wp\/v2\/pages\/91340\/revisions"}],"predecessor-version":[{"id":99784,"href":"https:\/\/www.mwm.net\/en\/wp-json\/wp\/v2\/pages\/91340\/revisions\/99784"}],"up":[{"embeddable":true,"href":"https:\/\/www.mwm.net\/en\/wp-json\/wp\/v2\/pages\/90259"}],"wp:featuredmedia":[{"embeddable":true,"href":"https:\/\/www.mwm.net\/en\/wp-json\/wp\/v2\/media\/91348"}],"wp:attachment":[{"href":"https:\/\/www.mwm.net\/en\/wp-json\/wp\/v2\/media?parent=91340"}],"wp:term":[{"taxonomy":"post_tag","embeddable":true,"href":"https:\/\/www.mwm.net\/en\/wp-json\/wp\/v2\/tags?post=91340"}],"curies":[{"name":"wp","href":"https:\/\/api.w.org\/{rel}","templated":true}]}}