{"id":92799,"date":"2022-01-12T18:51:51","date_gmt":"2022-01-12T16:51:51","guid":{"rendered":"https:\/\/www.mwm.net\/?page_id=92799"},"modified":"2022-02-15T10:21:34","modified_gmt":"2022-02-15T08:21:34","slug":"informacion-sobre-la-proteccion-de-datos-para-las-encuestas-de-servicio","status":"publish","type":"page","link":"https:\/\/www.mwm.net\/en\/privacy\/informacion-sobre-la-proteccion-de-datos-para-las-encuestas-de-servicio\/","title":{"rendered":"Informaci\u00f3n sobre la protecci\u00f3n de datos para las encuestas"},"content":{"rendered":"<p>Todas las fechas: <a href=\"\/de\/?page_id=92767\">DE<\/a> | <a href=\"https:\/\/www.mwm.net\/en\/privacy\/privacy-information-for-survey-on-satisfaction-with-maintenance-activities\/\">EN<\/a> | ES | <a href=\"https:\/\/www.mwm.net\/en\/privacy\/informations-sur-la-protection-des-donnees-pour-les-enquetes-sur-les-prestations-de-service\/\">FR<\/a> | <a href=\"https:\/\/www.mwm.net\/en\/privacy\/informatie-over-gegevensbescherming-voor-dienstenenquetes\/\">NL<\/a> | <a href=\"https:\/\/www.mwm.net\/en\/privacy\/informacao-sobre-proteccao-de-dados-para-inqueritos-de-servico\/\">PT<\/a><\/p>\n<p>1. Podemos recopilar informaci\u00f3n sobre su ordenador, su uso de la encuesta, y podemos recopilar o recibir informaci\u00f3n personal proporcionada por el usuario mientras interact\u00faa con nosotros para optimizar su experiencia de usuario o atender su solicitud. Entre los ejemplos de c\u00f3mo se puede utilizar su informaci\u00f3n (pero sin limitarse a ello) se encuentran el env\u00edo de comunicaciones de marketing o materiales promocionales, las mejoras del sitio web, los productos y los servicios que ofrecemos, y la detecci\u00f3n, prevenci\u00f3n y respuesta al uso indebido del sitio web (es decir, fraude, violaci\u00f3n de la ley, etc.).<br \/>\nLa informaci\u00f3n personal es cualquier informaci\u00f3n sobre un individuo espec\u00edfico o que identifica o puede identificar a un individuo espec\u00edfico. Otra informaci\u00f3n que podemos recopilar es la de contacto y relaci\u00f3n o funci\u00f3n.<\/p>\n<ul>\n<li>La informaci\u00f3n de contacto nos permite interactuar y comunicarnos con usted.<\/li>\n<li>La informaci\u00f3n de relaci\u00f3n o funci\u00f3n nos ayuda a entender qui\u00e9n es usted y qu\u00e9 busca para satisfacer adecuadamente su solicitud.<\/li>\n<\/ul>\n<p>Podemos compartir informaci\u00f3n personal con nuestras empresas afiliadas, proveedores, distribuidores y socios comerciales, que pueden utilizarla para los fines mencionados anteriormente.<br \/>\nSe advierte a los usuarios que la informaci\u00f3n proporcionada puede ser cruzada con otra informaci\u00f3n que usted nos haya proporcionado. Por ejemplo, si proporciona su informaci\u00f3n de contacto, podremos proporcionarle informaci\u00f3n adicional sobre los productos que posee y los servicios que utiliza.<br \/>\nEsta encuesta puede autentificar o conectar directamente a un usuario con una experiencia autentificada (o de inicio de sesi\u00f3n) bas\u00e1ndose en la actividad digital del usuario o en los datos introducidos por \u00e9ste. Una experiencia autenticada se produce cuando se obtiene un conjunto de credenciales de inicio de sesi\u00f3n de los usuarios y permitir\u00e1 un acceso adicional y experiencias no asignadas a los usuarios no autenticados. En estas circunstancias, un usuario an\u00f3nimo no es aceptable ni est\u00e1 permitido. Los usuarios autentificados m\u00e1s comunes son el personal de Caterpillar y de los concesionarios, los clientes y los afiliados. En una experiencia autentificada, recopilamos la informaci\u00f3n mencionada en la secci\u00f3n anterior, que ahora estar\u00e1 vinculada a un perfil de cuenta autentificado y a informaci\u00f3n adicional asociada al perfil de cuenta. En el caso de que el usuario proporcione informaci\u00f3n personal en nombre de otra persona, deber\u00e1 asegurarse de obtener el consentimiento adecuado de la persona. Algunos ejemplos de c\u00f3mo se puede utilizar esta informaci\u00f3n (pero sin limitarse a ello) incluyen la solicitud, el acceso y la gesti\u00f3n de los sistemas, servicios o programas de Caterpillar.<br \/>\nAlgunos datos personales adicionales que podemos recopilar son las preferencias personales y la informaci\u00f3n de la cuenta autentificada.<\/p>\n<ul>\n<li>Las preferencias personales nos permiten ofrecer una experiencia ajustada a la forma en que usted prefiere ingerir contenidos.<\/li>\n<li>La informaci\u00f3n de cuenta autenticada es un perfil de identidad que solicita o crea el usuario y que recoge Caterpillar para garantizar que usted es un usuario autorizado.<\/li>\n<\/ul>\n<p>&nbsp;<\/p>\n<h2>2. Enlaces a sitios web:<\/h2>\n<p>A medida que los usuarios exploran esta encuesta pueden encontrar enlaces a otros sitios web de Caterpillar y de otras empresas. Se advierte a los usuarios que, al seleccionar los enlaces, pueden encontrar diferentes caracter\u00edsticas y experiencias que pueden tener diferentes avisos de privacidad y procesos no asociados con esta encuesta.<br \/>\n&nbsp;<\/p>\n<h2>3. Integraci\u00f3n, servicios y seguimiento de terceros:<\/h2>\n<p>Nos vinculamos a soluciones de terceros que permiten a las empresas de terceros recopilar cierta informaci\u00f3n cuando usted visita este Sitio. Estas empresas utilizan informaci\u00f3n no identificable (por ejemplo, informaci\u00f3n sobre el flujo de clics, el tipo de navegador, la hora y la fecha, el tema de los anuncios en los que se ha hecho clic o se ha pasado por encima, informaci\u00f3n sobre el hardware\/software, la cookie y el identificador de sesi\u00f3n) e informaci\u00f3n que puede permitir identificarle (por ejemplo, la direcci\u00f3n IP est\u00e1tica) durante sus visitas a este Sitio y a otros sitios web con el fin de ofrecerle anuncios de productos que probablemente sean de mayor inter\u00e9s para usted o servicios relacionados con la publicidad, como la entrega de anuncios, la elaboraci\u00f3n de informes, la atribuci\u00f3n, el an\u00e1lisis y la investigaci\u00f3n de mercado. Estos terceros suelen utilizar una cookie, una etiqueta de p\u00edxel, una baliza web u otras tecnolog\u00edas de seguimiento similares para recopilar esta informaci\u00f3n. Por ejemplo, en el curso de la visita a nuestro sitio, estos terceros pueden colocar o reconocer una cookie \u00fanica en su navegador con el fin de recopilar cierta informaci\u00f3n sobre usted y su inter\u00e9s en nuestros Productos y podr\u00eda utilizarse para mostrarle anuncios en otros sitios web basados en sus intereses. Esta informaci\u00f3n tambi\u00e9n puede utilizarse para relacionar dispositivos que pertenecen al mismo usuario (bas\u00e1ndose en el comportamiento del usuario u otra informaci\u00f3n recogida) o reidentificar a un usuario individual (por ejemplo, una direcci\u00f3n de correo electr\u00f3nico). Encontrar\u00e1 m\u00e1s informaci\u00f3n al respecto en nuestra secci\u00f3n de cookies. Esto incluye:<\/p>\n<ul>\n<li>Bing Ads de Microsoft: Bing Ads recopila informaci\u00f3n del usuario (incluida la informaci\u00f3n de identificaci\u00f3n personal) de las propiedades en l\u00ednea de Microsoft, aplicaciones y otras tecnolog\u00edas como etiquetas, p\u00edxeles o c\u00f3digos de seguimiento \u00fanicos (&#8220;Datos del usuario de Bing Ads&#8221;). Microsoft utiliza los Datos de Usuario de Bing Ads con el fin de ofrecer anuncios de Bing Ads, incluyendo, en su caso, la reorientaci\u00f3n y las conversiones. Microsoft utiliza los Datos de Usuario de Bing Ads para sus propios fines, incluyendo la mejora de sus servicios. Para obtener m\u00e1s informaci\u00f3n sobre c\u00f3mo Microsoft recopila, utiliza y procesa la informaci\u00f3n de identificaci\u00f3n personal, incluida la informaci\u00f3n sobre c\u00f3mo controlar el uso de sus datos para la publicidad basada en intereses de Microsoft, consulte sus declaraciones de privacidad en <a href=\"https:\/\/privacy.microsoft.com\/es-es\/privacystatement\" rel=\"noopener nofollow\" target=\"_blank\">https:\/\/privacy.microsoft.com\/es-es\/privacystatement<\/a>.<\/li>\n<li>Anuncios de Facebook: Facebook recopila informaci\u00f3n del usuario (incluida la informaci\u00f3n de identificaci\u00f3n personal) de Facebook, Instagram, Messenger y otros productos y funciones que ofrecen las aplicaciones de Facebook y otras tecnolog\u00edas como etiquetas, p\u00edxeles o c\u00f3digos de seguimiento \u00fanicos (&#8220;Datos de usuario de Facebook&#8221;). Facebook utiliza los datos de los usuarios de Facebook con el fin de ofrecer anuncios de Facebook, incluyendo, en su caso, la reorientaci\u00f3n y las conversiones. Facebook utiliza los datos del usuario de Facebook para sus propios fines, incluyendo la mejora de sus servicios. Para saber m\u00e1s sobre c\u00f3mo Facebook recopila, utiliza y procesa la informaci\u00f3n y c\u00f3mo puedes gestionar o eliminar la informaci\u00f3n sobre ti, consulta su pol\u00edtica de datos en <a href=\"https:\/\/www.facebook.com\/about\/privacy\" rel=\"noopener nofollow\" target=\"_blank\">https:\/\/www.facebook.com\/about\/privacy<\/a>.<\/li>\n<\/ul>\n<p>&nbsp;<\/p>\n<h2>4. Cookies:<\/h2>\n<p>Las cookies y otras tecnolog\u00edas de rastreo, en general, se utilizan para mejorar la eficiencia del sitio web y de la aplicaci\u00f3n, permitir un mejor procesamiento de la informaci\u00f3n y por otras razones diversas. Para obtener m\u00e1s informaci\u00f3n sobre el uso de cookies por parte de Caterpillar, consulte el aviso de cookies seleccionando &#8220;Cookies&#8221; en el sitio web o la aplicaci\u00f3n.<br \/>\nComo se ha mencionado anteriormente, esta encuesta se realiza a trav\u00e9s de Microsoft Forms, por lo que Microsoft tambi\u00e9n puede utilizar sus propias cookies u otras tecnolog\u00edas de seguimiento cuando usted utiliza su herramienta. Para obtener m\u00e1s informaci\u00f3n sobre c\u00f3mo Microsoft recopila, utiliza y procesa la informaci\u00f3n de identificaci\u00f3n personal, incluida la informaci\u00f3n sobre c\u00f3mo controlar el uso de sus datos para la publicidad basada en intereses de Microsoft, consulte sus declaraciones de privacidad en <a href=\"https:\/\/privacy.microsoft.com\/es-es\/privacystatement\" rel=\"noopener nofollow\" target=\"_blank\">https:\/\/privacy.microsoft.com\/es-es\/privacystatement<\/a>.<br \/>\n&nbsp;<br \/>\n5. Para obtener informaci\u00f3n adicional sobre las pr\u00e1cticas de privacidad de Caterpillar, incluida la informaci\u00f3n de contacto de la empresa, consulte la Declaraci\u00f3n Global de Privacidad en <a href=\"https:\/\/www.caterpillar.com\/es\/legal-notices\/dataprivacy.html\" rel=\"noopener nofollow\" target=\"_blank\">https:\/\/www.caterpillar.com\/es\/legal-notices\/dataprivacy.html<\/a>. Nos reservamos el derecho de modificar este aviso de privacidad. Si actualizamos o cambiamos este aviso de privacidad, los cambios se har\u00e1n en esta p\u00e1gina. El uso del sitio web despu\u00e9s de la publicaci\u00f3n de los cambios en este aviso de privacidad demostrar\u00e1 su aceptaci\u00f3n de dichos cambios.<\/p>\n","protected":false},"excerpt":{"rendered":"<p>Privacy Policy<\/p>\n","protected":false},"author":6,"featured_media":687,"parent":974,"menu_order":1,"comment_status":"closed","ping_status":"closed","template":"page-sidebar-template.php","meta":{"_acf_changed":false,"footnotes":""},"tags":[],"class_list":["post-92799","page","type-page","status-publish","has-post-thumbnail","hentry"],"acf":[],"yoast_head":"<!-- This site is optimized with the Yoast SEO Premium plugin v27.2 (Yoast SEO v27.2) - https:\/\/yoast.com\/product\/yoast-seo-premium-wordpress\/ -->\n<title>Informaci\u00f3n sobre la protecci\u00f3n de datos para las encuestas<\/title>\n<meta name=\"robots\" content=\"index, follow, max-snippet:-1, max-image-preview:large, max-video-preview:-1\" \/>\n<link rel=\"canonical\" href=\"https:\/\/www.mwm.net\/en\/privacy\/informacion-sobre-la-proteccion-de-datos-para-las-encuestas-de-servicio\/\" \/>\n<meta property=\"og:locale\" content=\"en_US\" \/>\n<meta property=\"og:type\" content=\"article\" \/>\n<meta property=\"og:title\" content=\"Informaci\u00f3n sobre la protecci\u00f3n de datos para las encuestas\" \/>\n<meta property=\"og:description\" content=\"Privacy Policy\" \/>\n<meta property=\"og:url\" content=\"https:\/\/www.mwm.net\/en\/privacy\/informacion-sobre-la-proteccion-de-datos-para-las-encuestas-de-servicio\/\" \/>\n<meta property=\"og:site_name\" content=\"MWM\" \/>\n<meta property=\"article:modified_time\" content=\"2022-02-15T08:21:34+00:00\" \/>\n<meta property=\"og:image\" content=\"https:\/\/www.mwm.net\/wp-content\/uploads\/2021\/03\/ft-image-page.jpg\" \/>\n\t<meta property=\"og:image:width\" content=\"355\" \/>\n\t<meta property=\"og:image:height\" content=\"235\" \/>\n\t<meta property=\"og:image:type\" content=\"image\/jpeg\" \/>\n<meta name=\"twitter:card\" content=\"summary_large_image\" \/>\n<meta name=\"twitter:label1\" content=\"Est. reading time\" \/>\n\t<meta name=\"twitter:data1\" content=\"7 minutes\" \/>\n<script type=\"application\/ld+json\" class=\"yoast-schema-graph\">{\"@context\":\"https:\/\/schema.org\",\"@graph\":[{\"@type\":\"WebPage\",\"@id\":\"https:\/\/www.mwm.net\/en\/privacy\/informacion-sobre-la-proteccion-de-datos-para-las-encuestas-de-servicio\/\",\"url\":\"https:\/\/www.mwm.net\/en\/privacy\/informacion-sobre-la-proteccion-de-datos-para-las-encuestas-de-servicio\/\",\"name\":\"Informaci\u00f3n sobre la protecci\u00f3n de datos para las encuestas\",\"isPartOf\":{\"@id\":\"https:\/\/www.mwm.net\/en\/#website\"},\"primaryImageOfPage\":{\"@id\":\"https:\/\/www.mwm.net\/en\/privacy\/informacion-sobre-la-proteccion-de-datos-para-las-encuestas-de-servicio\/#primaryimage\"},\"image\":{\"@id\":\"https:\/\/www.mwm.net\/en\/privacy\/informacion-sobre-la-proteccion-de-datos-para-las-encuestas-de-servicio\/#primaryimage\"},\"thumbnailUrl\":\"https:\/\/www.mwm.net\/wp-content\/uploads\/2021\/03\/ft-image-page.jpg\",\"datePublished\":\"2022-01-12T16:51:51+00:00\",\"dateModified\":\"2022-02-15T08:21:34+00:00\",\"breadcrumb\":{\"@id\":\"https:\/\/www.mwm.net\/en\/privacy\/informacion-sobre-la-proteccion-de-datos-para-las-encuestas-de-servicio\/#breadcrumb\"},\"inLanguage\":\"en-US\",\"potentialAction\":[{\"@type\":\"ReadAction\",\"target\":[\"https:\/\/www.mwm.net\/en\/privacy\/informacion-sobre-la-proteccion-de-datos-para-las-encuestas-de-servicio\/\"]}]},{\"@type\":\"ImageObject\",\"inLanguage\":\"en-US\",\"@id\":\"https:\/\/www.mwm.net\/en\/privacy\/informacion-sobre-la-proteccion-de-datos-para-las-encuestas-de-servicio\/#primaryimage\",\"url\":\"https:\/\/www.mwm.net\/wp-content\/uploads\/2021\/03\/ft-image-page.jpg\",\"contentUrl\":\"https:\/\/www.mwm.net\/wp-content\/uploads\/2021\/03\/ft-image-page.jpg\",\"width\":355,\"height\":235},{\"@type\":\"BreadcrumbList\",\"@id\":\"https:\/\/www.mwm.net\/en\/privacy\/informacion-sobre-la-proteccion-de-datos-para-las-encuestas-de-servicio\/#breadcrumb\",\"itemListElement\":[{\"@type\":\"ListItem\",\"position\":1,\"name\":\"Home\",\"item\":\"https:\/\/www.mwm.net\/en\/\"},{\"@type\":\"ListItem\",\"position\":2,\"name\":\"Privacy\",\"item\":\"https:\/\/www.mwm.net\/en\/privacy\/\"},{\"@type\":\"ListItem\",\"position\":3,\"name\":\"Informaci\u00f3n sobre la protecci\u00f3n de datos para las encuestas\"}]},{\"@type\":\"WebSite\",\"@id\":\"https:\/\/www.mwm.net\/en\/#website\",\"url\":\"https:\/\/www.mwm.net\/en\/\",\"name\":\"MWM\",\"description\":\"\",\"publisher\":{\"@id\":\"https:\/\/www.mwm.net\/en\/#organization\"},\"potentialAction\":[{\"@type\":\"SearchAction\",\"target\":{\"@type\":\"EntryPoint\",\"urlTemplate\":\"https:\/\/www.mwm.net\/en\/?s={search_term_string}\"},\"query-input\":{\"@type\":\"PropertyValueSpecification\",\"valueRequired\":true,\"valueName\":\"search_term_string\"}}],\"inLanguage\":\"en-US\"},{\"@type\":\"Organization\",\"@id\":\"https:\/\/www.mwm.net\/en\/#organization\",\"name\":\"Caterpillar Energy Solutions GmbH\",\"url\":\"https:\/\/www.mwm.net\/en\/\",\"logo\":{\"@type\":\"ImageObject\",\"inLanguage\":\"en-US\",\"@id\":\"https:\/\/www.mwm.net\/en\/#\/schema\/logo\/image\/\",\"url\":\"https:\/\/www.mwm.net\/wp-content\/uploads\/2022\/02\/logo2.jpg\",\"contentUrl\":\"https:\/\/www.mwm.net\/wp-content\/uploads\/2022\/02\/logo2.jpg\",\"width\":260,\"height\":142,\"caption\":\"Caterpillar Energy Solutions GmbH\"},\"image\":{\"@id\":\"https:\/\/www.mwm.net\/en\/#\/schema\/logo\/image\/\"}}]}<\/script>\n<!-- \/ Yoast SEO Premium plugin. -->","yoast_head_json":{"title":"Informaci\u00f3n sobre la protecci\u00f3n de datos para las encuestas","robots":{"index":"index","follow":"follow","max-snippet":"max-snippet:-1","max-image-preview":"max-image-preview:large","max-video-preview":"max-video-preview:-1"},"canonical":"https:\/\/www.mwm.net\/en\/privacy\/informacion-sobre-la-proteccion-de-datos-para-las-encuestas-de-servicio\/","og_locale":"en_US","og_type":"article","og_title":"Informaci\u00f3n sobre la protecci\u00f3n de datos para las encuestas","og_description":"Privacy Policy","og_url":"https:\/\/www.mwm.net\/en\/privacy\/informacion-sobre-la-proteccion-de-datos-para-las-encuestas-de-servicio\/","og_site_name":"MWM","article_modified_time":"2022-02-15T08:21:34+00:00","og_image":[{"width":355,"height":235,"url":"https:\/\/www.mwm.net\/wp-content\/uploads\/2021\/03\/ft-image-page.jpg","type":"image\/jpeg"}],"twitter_card":"summary_large_image","twitter_misc":{"Est. reading time":"7 minutes"},"schema":{"@context":"https:\/\/schema.org","@graph":[{"@type":"WebPage","@id":"https:\/\/www.mwm.net\/en\/privacy\/informacion-sobre-la-proteccion-de-datos-para-las-encuestas-de-servicio\/","url":"https:\/\/www.mwm.net\/en\/privacy\/informacion-sobre-la-proteccion-de-datos-para-las-encuestas-de-servicio\/","name":"Informaci\u00f3n sobre la protecci\u00f3n de datos para las encuestas","isPartOf":{"@id":"https:\/\/www.mwm.net\/en\/#website"},"primaryImageOfPage":{"@id":"https:\/\/www.mwm.net\/en\/privacy\/informacion-sobre-la-proteccion-de-datos-para-las-encuestas-de-servicio\/#primaryimage"},"image":{"@id":"https:\/\/www.mwm.net\/en\/privacy\/informacion-sobre-la-proteccion-de-datos-para-las-encuestas-de-servicio\/#primaryimage"},"thumbnailUrl":"https:\/\/www.mwm.net\/wp-content\/uploads\/2021\/03\/ft-image-page.jpg","datePublished":"2022-01-12T16:51:51+00:00","dateModified":"2022-02-15T08:21:34+00:00","breadcrumb":{"@id":"https:\/\/www.mwm.net\/en\/privacy\/informacion-sobre-la-proteccion-de-datos-para-las-encuestas-de-servicio\/#breadcrumb"},"inLanguage":"en-US","potentialAction":[{"@type":"ReadAction","target":["https:\/\/www.mwm.net\/en\/privacy\/informacion-sobre-la-proteccion-de-datos-para-las-encuestas-de-servicio\/"]}]},{"@type":"ImageObject","inLanguage":"en-US","@id":"https:\/\/www.mwm.net\/en\/privacy\/informacion-sobre-la-proteccion-de-datos-para-las-encuestas-de-servicio\/#primaryimage","url":"https:\/\/www.mwm.net\/wp-content\/uploads\/2021\/03\/ft-image-page.jpg","contentUrl":"https:\/\/www.mwm.net\/wp-content\/uploads\/2021\/03\/ft-image-page.jpg","width":355,"height":235},{"@type":"BreadcrumbList","@id":"https:\/\/www.mwm.net\/en\/privacy\/informacion-sobre-la-proteccion-de-datos-para-las-encuestas-de-servicio\/#breadcrumb","itemListElement":[{"@type":"ListItem","position":1,"name":"Home","item":"https:\/\/www.mwm.net\/en\/"},{"@type":"ListItem","position":2,"name":"Privacy","item":"https:\/\/www.mwm.net\/en\/privacy\/"},{"@type":"ListItem","position":3,"name":"Informaci\u00f3n sobre la protecci\u00f3n de datos para las encuestas"}]},{"@type":"WebSite","@id":"https:\/\/www.mwm.net\/en\/#website","url":"https:\/\/www.mwm.net\/en\/","name":"MWM","description":"","publisher":{"@id":"https:\/\/www.mwm.net\/en\/#organization"},"potentialAction":[{"@type":"SearchAction","target":{"@type":"EntryPoint","urlTemplate":"https:\/\/www.mwm.net\/en\/?s={search_term_string}"},"query-input":{"@type":"PropertyValueSpecification","valueRequired":true,"valueName":"search_term_string"}}],"inLanguage":"en-US"},{"@type":"Organization","@id":"https:\/\/www.mwm.net\/en\/#organization","name":"Caterpillar Energy Solutions GmbH","url":"https:\/\/www.mwm.net\/en\/","logo":{"@type":"ImageObject","inLanguage":"en-US","@id":"https:\/\/www.mwm.net\/en\/#\/schema\/logo\/image\/","url":"https:\/\/www.mwm.net\/wp-content\/uploads\/2022\/02\/logo2.jpg","contentUrl":"https:\/\/www.mwm.net\/wp-content\/uploads\/2022\/02\/logo2.jpg","width":260,"height":142,"caption":"Caterpillar Energy Solutions GmbH"},"image":{"@id":"https:\/\/www.mwm.net\/en\/#\/schema\/logo\/image\/"}}]}},"_links":{"self":[{"href":"https:\/\/www.mwm.net\/en\/wp-json\/wp\/v2\/pages\/92799","targetHints":{"allow":["GET"]}}],"collection":[{"href":"https:\/\/www.mwm.net\/en\/wp-json\/wp\/v2\/pages"}],"about":[{"href":"https:\/\/www.mwm.net\/en\/wp-json\/wp\/v2\/types\/page"}],"author":[{"embeddable":true,"href":"https:\/\/www.mwm.net\/en\/wp-json\/wp\/v2\/users\/6"}],"replies":[{"embeddable":true,"href":"https:\/\/www.mwm.net\/en\/wp-json\/wp\/v2\/comments?post=92799"}],"version-history":[{"count":3,"href":"https:\/\/www.mwm.net\/en\/wp-json\/wp\/v2\/pages\/92799\/revisions"}],"predecessor-version":[{"id":93022,"href":"https:\/\/www.mwm.net\/en\/wp-json\/wp\/v2\/pages\/92799\/revisions\/93022"}],"up":[{"embeddable":true,"href":"https:\/\/www.mwm.net\/en\/wp-json\/wp\/v2\/pages\/974"}],"wp:featuredmedia":[{"embeddable":true,"href":"https:\/\/www.mwm.net\/en\/wp-json\/wp\/v2\/media\/687"}],"wp:attachment":[{"href":"https:\/\/www.mwm.net\/en\/wp-json\/wp\/v2\/media?parent=92799"}],"wp:term":[{"taxonomy":"post_tag","embeddable":true,"href":"https:\/\/www.mwm.net\/en\/wp-json\/wp\/v2\/tags?post=92799"}],"curies":[{"name":"wp","href":"https:\/\/api.w.org\/{rel}","templated":true}]}}