{"id":92836,"date":"2022-01-12T19:45:51","date_gmt":"2022-01-12T17:45:51","guid":{"rendered":"https:\/\/www.mwm.net\/?page_id=92836"},"modified":"2022-02-15T10:23:18","modified_gmt":"2022-02-15T08:23:18","slug":"informacao-sobre-proteccao-de-dados-para-inqueritos-de-servico","status":"publish","type":"page","link":"https:\/\/www.mwm.net\/en\/privacy\/informacao-sobre-proteccao-de-dados-para-inqueritos-de-servico\/","title":{"rendered":"Informa\u00e7\u00e3o sobre protec\u00e7\u00e3o de dados para inqu\u00e9ritos"},"content":{"rendered":"<p>Todas as datas: <a href=\"\/de\/?page_id=92767\">DE<\/a> | <a href=\"https:\/\/www.mwm.net\/en\/privacy\/privacy-information-for-survey-on-satisfaction-with-maintenance-activities\/\">EN<\/a> | <a href=\"https:\/\/www.mwm.net\/en\/privacy\/informacion-sobre-la-proteccion-de-datos-para-las-encuestas-de-servicio\/\">ES<\/a> | <a href=\"https:\/\/www.mwm.net\/en\/privacy\/informations-sur-la-protection-des-donnees-pour-les-enquetes-sur-les-prestations-de-service\/\">FR<\/a> | <a href=\"https:\/\/www.mwm.net\/en\/privacy\/informatie-over-gegevensbescherming-voor-dienstenenquetes\/\">NL<\/a> | PT<\/p>\n<p>1. Podemos recolher informa\u00e7\u00f5es sobre o seu computador, a sua utiliza\u00e7\u00e3o do inqu\u00e9rito, e podemos recolher ou receber informa\u00e7\u00f5es pessoais do utilizador \u00e0 medida que interage connosco, a fim de optimizar a sua experi\u00eancia de utilizador ou atender ao seu pedido. Exemplos de como as suas informa\u00e7\u00f5es podem ser utilizadas (mas n\u00e3o limitadas a) incluem a entrega de comunica\u00e7\u00f5es de marketing ou materiais promocionais, melhorias no website, produtos e servi\u00e7os que fornecemos, e detec\u00e7\u00e3o, preven\u00e7\u00e3o e resposta \u00e0 utiliza\u00e7\u00e3o indevida do website (ou seja, fraude, viola\u00e7\u00e3o da lei, etc.).<br \/>\nInforma\u00e7\u00e3o pessoal \u00e9 qualquer informa\u00e7\u00e3o sobre um indiv\u00edduo espec\u00edfico ou que identifique ou possa identificar um indiv\u00edduo espec\u00edfico. Algumas informa\u00e7\u00f5es adicionais que podemos recolher incluem contacto e rela\u00e7\u00e3o ou papel.<\/p>\n<ul>\n<li>As informa\u00e7\u00f5es de contacto permitem-nos interagir e comunicar consigo.<\/li>\n<li>As informa\u00e7\u00f5es sobre rela\u00e7\u00f5es ou pap\u00e9is ajudam-nos a compreender quem \u00e9 e o que procura para satisfazer adequadamente o seu pedido.<\/li>\n<\/ul>\n<p>Podemos partilhar informa\u00e7\u00f5es pessoais com as nossas empresas afiliadas, fornecedores, revendedores e parceiros comerciais que poder\u00e3o utiliz\u00e1-las para os fins acima enumerados.<br \/>\nOs utilizadores s\u00e3o informados de que as informa\u00e7\u00f5es fornecidas podem ser cruzadas com outras informa\u00e7\u00f5es que nos tenha fornecido. Por exemplo, se nos fornecer as suas informa\u00e7\u00f5es de contacto, poderemos fornecer informa\u00e7\u00f5es adicionais sobre os produtos e servi\u00e7os que utiliza.<br \/>\nEste inqu\u00e9rito pode autenticar directamente ou ligar um utilizador a uma experi\u00eancia autenticada (ou logada) com base na actividade digital do utilizador ou nos dados introduzidos pelo utilizador. Uma experi\u00eancia autenticada ocorre quando um conjunto de credenciais de login \u00e9 obtido dos utilizadores e permitir\u00e1 um acesso adicional e experi\u00eancias n\u00e3o atribu\u00eddas a utilizadores n\u00e3o autenticados. Nestas circunst\u00e2ncias, um utilizador an\u00f3nimo n\u00e3o \u00e9 aceit\u00e1vel ou permitido. Os utilizadores comuns autenticados incluem o pessoal da Caterpillar e do Dealer, clientes e afiliados. Numa experi\u00eancia autenticada, recolhemos a informa\u00e7\u00e3o discutida na sec\u00e7\u00e3o acima, que ser\u00e1 agora ligada a um perfil de conta autenticado e informa\u00e7\u00e3o adicional associada ao perfil da conta. No caso do utilizador fornecer informa\u00e7\u00f5es pessoais em nome de outro indiv\u00edduo, o utilizador dever\u00e1 assegurar-se de que o consentimento adequado \u00e9 obtido do indiv\u00edduo. Exemplos de como estas informa\u00e7\u00f5es podem ser utilizadas (mas n\u00e3o limitadas a) incluem o pedido, acesso e gest\u00e3o de sistemas, servi\u00e7os ou programas da Caterpillar.<br \/>\nAlgumas informa\u00e7\u00f5es pessoais adicionais que podemos recolher incluem prefer\u00eancias pessoais e informa\u00e7\u00f5es de conta autenticadas.<\/p>\n<ul>\n<li>As Prefer\u00eancias Pessoais permitem-nos fornecer uma experi\u00eancia ajustada \u00e0 forma como prefere ingerir conte\u00fado.<\/li>\n<li>A Informa\u00e7\u00e3o de Conta Autenticada \u00e9 um perfil de identidade que \u00e9 solicitado ou criado pelo utilizador e recolhido pela Caterpillar para garantir que o utilizador \u00e9 um utilizador autorizado.<\/li>\n<\/ul>\n<p>&nbsp;<\/p>\n<h2>2. Liga\u00e7\u00f5es do Website:<\/h2>\n<p>\u00c0 medida que os utilizadores exploram este inqu\u00e9rito, podem encontrar liga\u00e7\u00f5es a outros websites da Caterpillar e n\u00e3o da Caterpillar. Os utilizadores s\u00e3o informados de que, \u00e0 medida que as liga\u00e7\u00f5es s\u00e3o seleccionadas, podem deparar-se com diferentes caracter\u00edsticas e experi\u00eancias que podem ter diferentes avisos de privacidade e processos n\u00e3o associados a este inqu\u00e9rito.<br \/>\n&nbsp;<\/p>\n<h2>3. Integra\u00e7\u00e3o, servi\u00e7os e rastreio de terceiros:<\/h2>\n<p>Ligamo-nos a solu\u00e7\u00f5es de terceiros que permitem \u00e0s empresas terceiras recolher certas informa\u00e7\u00f5es quando visita este S\u00edtio. Estas empresas utilizam informa\u00e7\u00f5es n\u00e3o identific\u00e1veis pessoalmente (por exemplo, informa\u00e7\u00f5es de clickstream, tipo de browser, hora e data, assunto de an\u00fancios clicados ou rolados, informa\u00e7\u00f5es de hardware\/software, cookie e ID de sess\u00e3o) e informa\u00e7\u00f5es que podem permitir identific\u00e1-lo (por exemplo, endere\u00e7o IP est\u00e1tico) durante as suas visitas a este S\u00edtio e a outros s\u00edtios Web, a fim de fornecer an\u00fancios de produtos suscept\u00edveis de serem de maior interesse para si ou servi\u00e7os relacionados com a publicidade, tais como entrega de an\u00fancios, relat\u00f3rios, atribui\u00e7\u00e3o, an\u00e1lises, e estudos de mercado. Estes terceiros utilizam normalmente um cookie, pixel tag, web beacon ou outras tecnologias semelhantes de rastreio para recolher esta informa\u00e7\u00e3o. Por exemplo, no decurso da visita ao nosso site, estes terceiros podem colocar ou reconhecer um cookie \u00fanico no seu browser a fim de recolher certas informa\u00e7\u00f5es sobre si e o seu interesse nos nossos Produtos e podem ser utilizados para lhe mostrar an\u00fancios noutros websites com base nos seus interesses. Estas informa\u00e7\u00f5es tamb\u00e9m podem ser utilizadas para relacionar dispositivos que perten\u00e7am ao mesmo utilizador (com base no comportamento do utilizador ou outras informa\u00e7\u00f5es recolhidas) ou reidentificadas a um utilizador individual (por exemplo, um endere\u00e7o de correio electr\u00f3nico). Mais informa\u00e7\u00e3o sobre estes est\u00e1 dispon\u00edvel na nossa sec\u00e7\u00e3o de Cookies. Isto inclui:<\/p>\n<ul>\n<li>An\u00fancios Bing da Microsoft &#8211; Os An\u00fancios Bing recolhem informa\u00e7\u00e3o do utilizador (incluindo informa\u00e7\u00e3o pessoalmente identific\u00e1vel) das propriedades online da Microsoft, aplica\u00e7\u00f5es e outras tecnologias como etiquetas, pixels ou c\u00f3digos de rastreio \u00fanicos (&#8220;Bing Ads User Data&#8221;). A Microsoft utiliza os Dados de Utilizador dos An\u00fancios Bing para efeitos de entrega de An\u00fancios Bing incluindo, quando aplic\u00e1vel, redireccionamento e convers\u00f5es. A Microsoft utiliza os Dados de Utilizador dos An\u00fancios Bing para os seus pr\u00f3prios fins, incluindo para melhorar os seus servi\u00e7os. Para saber mais sobre como a Microsoft recolhe, utiliza e processa informa\u00e7\u00f5es pessoalmente identific\u00e1veis, incluindo informa\u00e7\u00f5es sobre como controlar a utiliza\u00e7\u00e3o dos seus dados para publicidade baseada em interesses da Microsoft, por favor consulte as suas Declara\u00e7\u00f5es de Privacidade em <a href=\"https:\/\/privacy.microsoft.com\/pt-pt\/privacystatement\" rel=\"noopener nofollow\" target=\"_blank\">https:\/\/privacy.microsoft.com\/pt-pt\/privacystatement<\/a>.<\/li>\n<li>An\u00fancios do Facebook &#8211; O Facebook recolhe informa\u00e7\u00e3o do utilizador (incluindo informa\u00e7\u00e3o pessoalmente identific\u00e1vel) do Facebook, Instagram, Messenger e outros produtos e caracter\u00edsticas oferecidas pelas aplica\u00e7\u00f5es do Facebook e outras tecnologias como etiquetas, pixels ou c\u00f3digos de rastreio \u00fanicos (&#8220;Dados de Utilizador do Facebook&#8221;). O Facebook utiliza os Dados de Utilizador do Facebook para efeitos de entrega de An\u00fancios do Facebook incluindo, quando aplic\u00e1vel, redireccionamento e convers\u00f5es. O Facebook utiliza os Dados de Utilizador do Facebook para os seus pr\u00f3prios fins, incluindo para melhorar os seus servi\u00e7os. Para saber mais sobre como o Facebooks recolhe, utiliza e processa informa\u00e7\u00e3o e como pode gerir ou apagar informa\u00e7\u00e3o sobre si, consulte a sua Pol\u00edtica de Dados em <a href=\"https:\/\/www.facebook.com\/about\/privacy\" rel=\"noopener nofollow\" target=\"_blank\">https:\/\/www.facebook.com\/about\/privacy<\/a>.<\/li>\n<\/ul>\n<p>&nbsp;<\/p>\n<h2>4. Cookies:<\/h2>\n<p>Os cookies e outras tecnologias de rastreio, em geral, s\u00e3o utilizados para melhorar a efici\u00eancia do website e da aplica\u00e7\u00e3o, permitir um melhor processamento da informa\u00e7\u00e3o, e por v\u00e1rias outras raz\u00f5es. Para saber mais sobre a utiliza\u00e7\u00e3o de cookies pela Caterpillar, consulte o aviso de cookies, seleccionando &#8220;Cookies&#8221; no website ou website de aplica\u00e7\u00e3o.<br \/>\nComo mencionado acima, este inqu\u00e9rito \u00e9 realizado atrav\u00e9s dos Formul\u00e1rios Microsoft, pelo que a Microsoft pode tamb\u00e9m utilizar os seus pr\u00f3prios cookies ou outras tecnologias de rastreamento quando utiliza a sua ferramenta. Para saber mais sobre como a Microsoft recolhe, utiliza e processa informa\u00e7\u00f5es pessoalmente identific\u00e1veis, incluindo informa\u00e7\u00f5es sobre como controlar a utiliza\u00e7\u00e3o dos seus dados para publicidade baseada em interesses da Microsoft, queira consultar as suas Declara\u00e7\u00f5es de Privacidade em <a href=\"https:\/\/privacy.microsoft.com\/pt-pt\/privacystatement\" rel=\"noopener nofollow\" target=\"_blank\">https:\/\/privacy.microsoft.com\/pt-pt\/privacystatement<\/a>.<br \/>\n&nbsp;<br \/>\n5. Para informa\u00e7\u00f5es adicionais sobre as pr\u00e1ticas de privacidade da Caterpillar, incluindo informa\u00e7\u00f5es de contacto corporativas, consulte a Declara\u00e7\u00e3o Global de Privacidade em <a href=\"https:\/\/www.caterpillar.com\/pt\/legal-notices\/dataprivacy.html\" rel=\"noopener nofollow\" target=\"_blank\">https:\/\/www.caterpillar.com\/pt\/legal-notices\/dataprivacy.html<\/a>. Reservamo-nos o direito de alterar esta declara\u00e7\u00e3o de privacidade. Se actualizarmos ou alterarmos esta declara\u00e7\u00e3o de privacidade, as altera\u00e7\u00f5es ser\u00e3o feitas nesta p\u00e1gina. A sua utiliza\u00e7\u00e3o do Website ap\u00f3s a publica\u00e7\u00e3o das altera\u00e7\u00f5es a esta declara\u00e7\u00e3o de privacidade demonstrar\u00e1 a sua aceita\u00e7\u00e3o dessas altera\u00e7\u00f5es.<\/p>\n","protected":false},"excerpt":{"rendered":"<p>Privacy Policy<\/p>\n","protected":false},"author":6,"featured_media":687,"parent":974,"menu_order":1,"comment_status":"closed","ping_status":"closed","template":"page-sidebar-template.php","meta":{"_acf_changed":false,"footnotes":""},"tags":[],"class_list":["post-92836","page","type-page","status-publish","has-post-thumbnail","hentry"],"acf":[],"yoast_head":"<!-- This site is optimized with the Yoast SEO Premium plugin v27.2 (Yoast SEO v27.2) - https:\/\/yoast.com\/product\/yoast-seo-premium-wordpress\/ -->\n<title>Informa\u00e7\u00e3o sobre protec\u00e7\u00e3o de dados para inqu\u00e9ritos<\/title>\n<meta name=\"robots\" content=\"index, follow, max-snippet:-1, max-image-preview:large, max-video-preview:-1\" \/>\n<link rel=\"canonical\" href=\"https:\/\/www.mwm.net\/en\/privacy\/informacao-sobre-proteccao-de-dados-para-inqueritos-de-servico\/\" \/>\n<meta property=\"og:locale\" content=\"en_US\" \/>\n<meta property=\"og:type\" content=\"article\" \/>\n<meta property=\"og:title\" content=\"Informa\u00e7\u00e3o sobre protec\u00e7\u00e3o de dados para inqu\u00e9ritos\" \/>\n<meta property=\"og:description\" content=\"Privacy Policy\" \/>\n<meta property=\"og:url\" content=\"https:\/\/www.mwm.net\/en\/privacy\/informacao-sobre-proteccao-de-dados-para-inqueritos-de-servico\/\" \/>\n<meta property=\"og:site_name\" content=\"MWM\" \/>\n<meta property=\"article:modified_time\" content=\"2022-02-15T08:23:18+00:00\" \/>\n<meta property=\"og:image\" content=\"https:\/\/www.mwm.net\/wp-content\/uploads\/2021\/03\/ft-image-page.jpg\" \/>\n\t<meta property=\"og:image:width\" content=\"355\" \/>\n\t<meta property=\"og:image:height\" content=\"235\" \/>\n\t<meta property=\"og:image:type\" content=\"image\/jpeg\" \/>\n<meta name=\"twitter:card\" content=\"summary_large_image\" \/>\n<meta name=\"twitter:label1\" content=\"Est. reading time\" \/>\n\t<meta name=\"twitter:data1\" content=\"7 minutes\" \/>\n<script type=\"application\/ld+json\" class=\"yoast-schema-graph\">{\"@context\":\"https:\/\/schema.org\",\"@graph\":[{\"@type\":\"WebPage\",\"@id\":\"https:\/\/www.mwm.net\/en\/privacy\/informacao-sobre-proteccao-de-dados-para-inqueritos-de-servico\/\",\"url\":\"https:\/\/www.mwm.net\/en\/privacy\/informacao-sobre-proteccao-de-dados-para-inqueritos-de-servico\/\",\"name\":\"Informa\u00e7\u00e3o sobre protec\u00e7\u00e3o de dados para inqu\u00e9ritos\",\"isPartOf\":{\"@id\":\"https:\/\/www.mwm.net\/en\/#website\"},\"primaryImageOfPage\":{\"@id\":\"https:\/\/www.mwm.net\/en\/privacy\/informacao-sobre-proteccao-de-dados-para-inqueritos-de-servico\/#primaryimage\"},\"image\":{\"@id\":\"https:\/\/www.mwm.net\/en\/privacy\/informacao-sobre-proteccao-de-dados-para-inqueritos-de-servico\/#primaryimage\"},\"thumbnailUrl\":\"https:\/\/www.mwm.net\/wp-content\/uploads\/2021\/03\/ft-image-page.jpg\",\"datePublished\":\"2022-01-12T17:45:51+00:00\",\"dateModified\":\"2022-02-15T08:23:18+00:00\",\"breadcrumb\":{\"@id\":\"https:\/\/www.mwm.net\/en\/privacy\/informacao-sobre-proteccao-de-dados-para-inqueritos-de-servico\/#breadcrumb\"},\"inLanguage\":\"en-US\",\"potentialAction\":[{\"@type\":\"ReadAction\",\"target\":[\"https:\/\/www.mwm.net\/en\/privacy\/informacao-sobre-proteccao-de-dados-para-inqueritos-de-servico\/\"]}]},{\"@type\":\"ImageObject\",\"inLanguage\":\"en-US\",\"@id\":\"https:\/\/www.mwm.net\/en\/privacy\/informacao-sobre-proteccao-de-dados-para-inqueritos-de-servico\/#primaryimage\",\"url\":\"https:\/\/www.mwm.net\/wp-content\/uploads\/2021\/03\/ft-image-page.jpg\",\"contentUrl\":\"https:\/\/www.mwm.net\/wp-content\/uploads\/2021\/03\/ft-image-page.jpg\",\"width\":355,\"height\":235},{\"@type\":\"BreadcrumbList\",\"@id\":\"https:\/\/www.mwm.net\/en\/privacy\/informacao-sobre-proteccao-de-dados-para-inqueritos-de-servico\/#breadcrumb\",\"itemListElement\":[{\"@type\":\"ListItem\",\"position\":1,\"name\":\"Home\",\"item\":\"https:\/\/www.mwm.net\/en\/\"},{\"@type\":\"ListItem\",\"position\":2,\"name\":\"Privacy\",\"item\":\"https:\/\/www.mwm.net\/en\/privacy\/\"},{\"@type\":\"ListItem\",\"position\":3,\"name\":\"Informa\u00e7\u00e3o sobre protec\u00e7\u00e3o de dados para inqu\u00e9ritos\"}]},{\"@type\":\"WebSite\",\"@id\":\"https:\/\/www.mwm.net\/en\/#website\",\"url\":\"https:\/\/www.mwm.net\/en\/\",\"name\":\"MWM\",\"description\":\"\",\"publisher\":{\"@id\":\"https:\/\/www.mwm.net\/en\/#organization\"},\"potentialAction\":[{\"@type\":\"SearchAction\",\"target\":{\"@type\":\"EntryPoint\",\"urlTemplate\":\"https:\/\/www.mwm.net\/en\/?s={search_term_string}\"},\"query-input\":{\"@type\":\"PropertyValueSpecification\",\"valueRequired\":true,\"valueName\":\"search_term_string\"}}],\"inLanguage\":\"en-US\"},{\"@type\":\"Organization\",\"@id\":\"https:\/\/www.mwm.net\/en\/#organization\",\"name\":\"Caterpillar Energy Solutions GmbH\",\"url\":\"https:\/\/www.mwm.net\/en\/\",\"logo\":{\"@type\":\"ImageObject\",\"inLanguage\":\"en-US\",\"@id\":\"https:\/\/www.mwm.net\/en\/#\/schema\/logo\/image\/\",\"url\":\"https:\/\/www.mwm.net\/wp-content\/uploads\/2022\/02\/logo2.jpg\",\"contentUrl\":\"https:\/\/www.mwm.net\/wp-content\/uploads\/2022\/02\/logo2.jpg\",\"width\":260,\"height\":142,\"caption\":\"Caterpillar Energy Solutions GmbH\"},\"image\":{\"@id\":\"https:\/\/www.mwm.net\/en\/#\/schema\/logo\/image\/\"}}]}<\/script>\n<!-- \/ Yoast SEO Premium plugin. -->","yoast_head_json":{"title":"Informa\u00e7\u00e3o sobre protec\u00e7\u00e3o de dados para inqu\u00e9ritos","robots":{"index":"index","follow":"follow","max-snippet":"max-snippet:-1","max-image-preview":"max-image-preview:large","max-video-preview":"max-video-preview:-1"},"canonical":"https:\/\/www.mwm.net\/en\/privacy\/informacao-sobre-proteccao-de-dados-para-inqueritos-de-servico\/","og_locale":"en_US","og_type":"article","og_title":"Informa\u00e7\u00e3o sobre protec\u00e7\u00e3o de dados para inqu\u00e9ritos","og_description":"Privacy Policy","og_url":"https:\/\/www.mwm.net\/en\/privacy\/informacao-sobre-proteccao-de-dados-para-inqueritos-de-servico\/","og_site_name":"MWM","article_modified_time":"2022-02-15T08:23:18+00:00","og_image":[{"width":355,"height":235,"url":"https:\/\/www.mwm.net\/wp-content\/uploads\/2021\/03\/ft-image-page.jpg","type":"image\/jpeg"}],"twitter_card":"summary_large_image","twitter_misc":{"Est. reading time":"7 minutes"},"schema":{"@context":"https:\/\/schema.org","@graph":[{"@type":"WebPage","@id":"https:\/\/www.mwm.net\/en\/privacy\/informacao-sobre-proteccao-de-dados-para-inqueritos-de-servico\/","url":"https:\/\/www.mwm.net\/en\/privacy\/informacao-sobre-proteccao-de-dados-para-inqueritos-de-servico\/","name":"Informa\u00e7\u00e3o sobre protec\u00e7\u00e3o de dados para inqu\u00e9ritos","isPartOf":{"@id":"https:\/\/www.mwm.net\/en\/#website"},"primaryImageOfPage":{"@id":"https:\/\/www.mwm.net\/en\/privacy\/informacao-sobre-proteccao-de-dados-para-inqueritos-de-servico\/#primaryimage"},"image":{"@id":"https:\/\/www.mwm.net\/en\/privacy\/informacao-sobre-proteccao-de-dados-para-inqueritos-de-servico\/#primaryimage"},"thumbnailUrl":"https:\/\/www.mwm.net\/wp-content\/uploads\/2021\/03\/ft-image-page.jpg","datePublished":"2022-01-12T17:45:51+00:00","dateModified":"2022-02-15T08:23:18+00:00","breadcrumb":{"@id":"https:\/\/www.mwm.net\/en\/privacy\/informacao-sobre-proteccao-de-dados-para-inqueritos-de-servico\/#breadcrumb"},"inLanguage":"en-US","potentialAction":[{"@type":"ReadAction","target":["https:\/\/www.mwm.net\/en\/privacy\/informacao-sobre-proteccao-de-dados-para-inqueritos-de-servico\/"]}]},{"@type":"ImageObject","inLanguage":"en-US","@id":"https:\/\/www.mwm.net\/en\/privacy\/informacao-sobre-proteccao-de-dados-para-inqueritos-de-servico\/#primaryimage","url":"https:\/\/www.mwm.net\/wp-content\/uploads\/2021\/03\/ft-image-page.jpg","contentUrl":"https:\/\/www.mwm.net\/wp-content\/uploads\/2021\/03\/ft-image-page.jpg","width":355,"height":235},{"@type":"BreadcrumbList","@id":"https:\/\/www.mwm.net\/en\/privacy\/informacao-sobre-proteccao-de-dados-para-inqueritos-de-servico\/#breadcrumb","itemListElement":[{"@type":"ListItem","position":1,"name":"Home","item":"https:\/\/www.mwm.net\/en\/"},{"@type":"ListItem","position":2,"name":"Privacy","item":"https:\/\/www.mwm.net\/en\/privacy\/"},{"@type":"ListItem","position":3,"name":"Informa\u00e7\u00e3o sobre protec\u00e7\u00e3o de dados para inqu\u00e9ritos"}]},{"@type":"WebSite","@id":"https:\/\/www.mwm.net\/en\/#website","url":"https:\/\/www.mwm.net\/en\/","name":"MWM","description":"","publisher":{"@id":"https:\/\/www.mwm.net\/en\/#organization"},"potentialAction":[{"@type":"SearchAction","target":{"@type":"EntryPoint","urlTemplate":"https:\/\/www.mwm.net\/en\/?s={search_term_string}"},"query-input":{"@type":"PropertyValueSpecification","valueRequired":true,"valueName":"search_term_string"}}],"inLanguage":"en-US"},{"@type":"Organization","@id":"https:\/\/www.mwm.net\/en\/#organization","name":"Caterpillar Energy Solutions GmbH","url":"https:\/\/www.mwm.net\/en\/","logo":{"@type":"ImageObject","inLanguage":"en-US","@id":"https:\/\/www.mwm.net\/en\/#\/schema\/logo\/image\/","url":"https:\/\/www.mwm.net\/wp-content\/uploads\/2022\/02\/logo2.jpg","contentUrl":"https:\/\/www.mwm.net\/wp-content\/uploads\/2022\/02\/logo2.jpg","width":260,"height":142,"caption":"Caterpillar Energy Solutions GmbH"},"image":{"@id":"https:\/\/www.mwm.net\/en\/#\/schema\/logo\/image\/"}}]}},"_links":{"self":[{"href":"https:\/\/www.mwm.net\/en\/wp-json\/wp\/v2\/pages\/92836","targetHints":{"allow":["GET"]}}],"collection":[{"href":"https:\/\/www.mwm.net\/en\/wp-json\/wp\/v2\/pages"}],"about":[{"href":"https:\/\/www.mwm.net\/en\/wp-json\/wp\/v2\/types\/page"}],"author":[{"embeddable":true,"href":"https:\/\/www.mwm.net\/en\/wp-json\/wp\/v2\/users\/6"}],"replies":[{"embeddable":true,"href":"https:\/\/www.mwm.net\/en\/wp-json\/wp\/v2\/comments?post=92836"}],"version-history":[{"count":3,"href":"https:\/\/www.mwm.net\/en\/wp-json\/wp\/v2\/pages\/92836\/revisions"}],"predecessor-version":[{"id":93025,"href":"https:\/\/www.mwm.net\/en\/wp-json\/wp\/v2\/pages\/92836\/revisions\/93025"}],"up":[{"embeddable":true,"href":"https:\/\/www.mwm.net\/en\/wp-json\/wp\/v2\/pages\/974"}],"wp:featuredmedia":[{"embeddable":true,"href":"https:\/\/www.mwm.net\/en\/wp-json\/wp\/v2\/media\/687"}],"wp:attachment":[{"href":"https:\/\/www.mwm.net\/en\/wp-json\/wp\/v2\/media?parent=92836"}],"wp:term":[{"taxonomy":"post_tag","embeddable":true,"href":"https:\/\/www.mwm.net\/en\/wp-json\/wp\/v2\/tags?post=92836"}],"curies":[{"name":"wp","href":"https:\/\/api.w.org\/{rel}","templated":true}]}}