{"id":102718,"date":"2024-10-30T19:06:46","date_gmt":"2024-10-30T17:06:46","guid":{"rendered":"https:\/\/www.mwm.net\/?page_id=102718"},"modified":"2024-11-24T12:59:52","modified_gmt":"2024-11-24T10:59:52","slug":"mision-de-mwm","status":"publish","type":"page","link":"https:\/\/www.mwm.net\/es\/esto-es-mwm\/mision-de-mwm\/","title":{"rendered":"Misi\u00f3n de MWM"},"content":{"rendered":"<div class=\"patch-content\">\n<h2>MWM: una marca consolidada con valor agregado<\/h2>\n<p>MWM ocupa una posici\u00f3n de liderazgo en el campo de las soluciones energ\u00e9ticas descentralizadas, altamente eficientes y ecol\u00f3gicamente avanzadas. Esto convierte a MWM en un socio confiable para sus clientes en todo el mundo por su valor agregado confiable y duradero en la generaci\u00f3n de energ\u00eda descentralizada.<\/p>\n<h2>La misi\u00f3n de nuestra marca \u201cEnerg\u00eda. Eficiencia. Medio ambiente.\u201d es una promesa respaldada da por m\u00e1s de 1300 empleados:<\/h2>\n<ul>\n<li>Nuestros empleados se esfuerzan con pasi\u00f3n por ofrecer el mejor producto MWM posible del mercado y garantizar su implementaci\u00f3n sin complicaciones mediante servicios de consultor\u00eda industrial y otros servicios.<\/li>\n<li>MWM aplica el principio de \u00abla mejor ingenier\u00eda de valor para el cliente\u00bb. Esto significa que los empleados no s\u00f3lo hablan con los clientes sobre m\u00e1quinas y soluciones a problemas operativos, sino tambi\u00e9n sobre el potencial de valor econ\u00f3mico.<\/li>\n<li>Con un esp\u00edritu de cooperaci\u00f3n, MWM asume la responsabilidad de hacer que sus clientes tengan \u00e9xito econ\u00f3mico y de actuar responsablemente desde una perspectiva de ecoeficiencia.<\/li>\n<\/ul>\n<\/div>\n","protected":false},"excerpt":{"rendered":"<p>Soluciones energ\u00e9ticas a medida, altamente eficientes y ecol\u00f3gicamente avanzadas.<\/p>\n","protected":false},"author":3,"featured_media":102719,"parent":102928,"menu_order":0,"comment_status":"closed","ping_status":"closed","template":"page-sidebar-template.php","meta":{"_acf_changed":false,"footnotes":""},"tags":[],"class_list":["post-102718","page","type-page","status-publish","has-post-thumbnail","hentry"],"acf":[],"yoast_head":"<!-- This site is optimized with the Yoast SEO Premium plugin v27.2 (Yoast SEO v27.2) - https:\/\/yoast.com\/product\/yoast-seo-premium-wordpress\/ -->\n<title>Misi\u00f3n de MWM<\/title>\n<meta name=\"description\" content=\"Soluciones energ\u00e9ticas a medida, altamente eficientes y ecol\u00f3gicamente avanzadas.\" \/>\n<meta name=\"robots\" content=\"index, follow, max-snippet:-1, max-image-preview:large, max-video-preview:-1\" \/>\n<link rel=\"canonical\" href=\"https:\/\/www.mwm.net\/es\/esto-es-mwm\/mision-de-mwm\/\" \/>\n<meta property=\"og:locale\" content=\"es_ES\" \/>\n<meta property=\"og:type\" content=\"article\" \/>\n<meta property=\"og:title\" content=\"Misi\u00f3n de MWM\" \/>\n<meta property=\"og:description\" content=\"Soluciones energ\u00e9ticas a medida, altamente eficientes y ecol\u00f3gicamente avanzadas.\" \/>\n<meta property=\"og:url\" content=\"https:\/\/www.mwm.net\/es\/esto-es-mwm\/mision-de-mwm\/\" \/>\n<meta property=\"og:site_name\" content=\"MWM\" \/>\n<meta property=\"article:modified_time\" content=\"2024-11-24T10:59:52+00:00\" \/>\n<meta property=\"og:image\" content=\"https:\/\/www.mwm.net\/wp-content\/uploads\/2021\/04\/MWM_mission_800-2.jpg\" \/>\n\t<meta property=\"og:image:width\" content=\"800\" \/>\n\t<meta property=\"og:image:height\" content=\"600\" \/>\n\t<meta property=\"og:image:type\" content=\"image\/jpeg\" \/>\n<meta name=\"twitter:card\" content=\"summary_large_image\" \/>\n<meta name=\"twitter:label1\" content=\"Tiempo de lectura\" \/>\n\t<meta name=\"twitter:data1\" content=\"2 minutos\" \/>\n<script type=\"application\/ld+json\" class=\"yoast-schema-graph\">{\"@context\":\"https:\/\/schema.org\",\"@graph\":[{\"@type\":\"WebPage\",\"@id\":\"https:\/\/www.mwm.net\/es\/esto-es-mwm\/mision-de-mwm\/\",\"url\":\"https:\/\/www.mwm.net\/es\/esto-es-mwm\/mision-de-mwm\/\",\"name\":\"Misi\u00f3n de MWM\",\"isPartOf\":{\"@id\":\"https:\/\/www.mwm.net\/es\/#website\"},\"primaryImageOfPage\":{\"@id\":\"https:\/\/www.mwm.net\/es\/esto-es-mwm\/mision-de-mwm\/#primaryimage\"},\"image\":{\"@id\":\"https:\/\/www.mwm.net\/es\/esto-es-mwm\/mision-de-mwm\/#primaryimage\"},\"thumbnailUrl\":\"https:\/\/www.mwm.net\/wp-content\/uploads\/2021\/04\/MWM_mission_800-2.jpg\",\"datePublished\":\"2024-10-30T17:06:46+00:00\",\"dateModified\":\"2024-11-24T10:59:52+00:00\",\"description\":\"Soluciones energ\u00e9ticas a medida, altamente eficientes y ecol\u00f3gicamente avanzadas.\",\"breadcrumb\":{\"@id\":\"https:\/\/www.mwm.net\/es\/esto-es-mwm\/mision-de-mwm\/#breadcrumb\"},\"inLanguage\":\"es\",\"potentialAction\":[{\"@type\":\"ReadAction\",\"target\":[\"https:\/\/www.mwm.net\/es\/esto-es-mwm\/mision-de-mwm\/\"]}]},{\"@type\":\"ImageObject\",\"inLanguage\":\"es\",\"@id\":\"https:\/\/www.mwm.net\/es\/esto-es-mwm\/mision-de-mwm\/#primaryimage\",\"url\":\"https:\/\/www.mwm.net\/wp-content\/uploads\/2021\/04\/MWM_mission_800-2.jpg\",\"contentUrl\":\"https:\/\/www.mwm.net\/wp-content\/uploads\/2021\/04\/MWM_mission_800-2.jpg\",\"width\":800,\"height\":600},{\"@type\":\"BreadcrumbList\",\"@id\":\"https:\/\/www.mwm.net\/es\/esto-es-mwm\/mision-de-mwm\/#breadcrumb\",\"itemListElement\":[{\"@type\":\"ListItem\",\"position\":1,\"name\":\"Home\",\"item\":\"https:\/\/www.mwm.net\/es\/\"},{\"@type\":\"ListItem\",\"position\":2,\"name\":\"Esto es MWM\",\"item\":\"https:\/\/www.mwm.net\/es\/esto-es-mwm\/\"},{\"@type\":\"ListItem\",\"position\":3,\"name\":\"Misi\u00f3n de MWM\"}]},{\"@type\":\"WebSite\",\"@id\":\"https:\/\/www.mwm.net\/es\/#website\",\"url\":\"https:\/\/www.mwm.net\/es\/\",\"name\":\"MWM\",\"description\":\"\",\"publisher\":{\"@id\":\"https:\/\/www.mwm.net\/es\/#organization\"},\"potentialAction\":[{\"@type\":\"SearchAction\",\"target\":{\"@type\":\"EntryPoint\",\"urlTemplate\":\"https:\/\/www.mwm.net\/es\/?s={search_term_string}\"},\"query-input\":{\"@type\":\"PropertyValueSpecification\",\"valueRequired\":true,\"valueName\":\"search_term_string\"}}],\"inLanguage\":\"es\"},{\"@type\":\"Organization\",\"@id\":\"https:\/\/www.mwm.net\/es\/#organization\",\"name\":\"Caterpillar Energy Solutions GmbH\",\"url\":\"https:\/\/www.mwm.net\/es\/\",\"logo\":{\"@type\":\"ImageObject\",\"inLanguage\":\"es\",\"@id\":\"https:\/\/www.mwm.net\/es\/#\/schema\/logo\/image\/\",\"url\":\"https:\/\/www.mwm.net\/wp-content\/uploads\/2022\/02\/logo2.jpg\",\"contentUrl\":\"https:\/\/www.mwm.net\/wp-content\/uploads\/2022\/02\/logo2.jpg\",\"width\":260,\"height\":142,\"caption\":\"Caterpillar Energy Solutions GmbH\"},\"image\":{\"@id\":\"https:\/\/www.mwm.net\/es\/#\/schema\/logo\/image\/\"}}]}<\/script>\n<!-- \/ Yoast SEO Premium plugin. -->","yoast_head_json":{"title":"Misi\u00f3n de MWM","description":"Soluciones energ\u00e9ticas a medida, altamente eficientes y ecol\u00f3gicamente avanzadas.","robots":{"index":"index","follow":"follow","max-snippet":"max-snippet:-1","max-image-preview":"max-image-preview:large","max-video-preview":"max-video-preview:-1"},"canonical":"https:\/\/www.mwm.net\/es\/esto-es-mwm\/mision-de-mwm\/","og_locale":"es_ES","og_type":"article","og_title":"Misi\u00f3n de MWM","og_description":"Soluciones energ\u00e9ticas a medida, altamente eficientes y ecol\u00f3gicamente avanzadas.","og_url":"https:\/\/www.mwm.net\/es\/esto-es-mwm\/mision-de-mwm\/","og_site_name":"MWM","article_modified_time":"2024-11-24T10:59:52+00:00","og_image":[{"width":800,"height":600,"url":"https:\/\/www.mwm.net\/wp-content\/uploads\/2021\/04\/MWM_mission_800-2.jpg","type":"image\/jpeg"}],"twitter_card":"summary_large_image","twitter_misc":{"Tiempo de lectura":"2 minutos"},"schema":{"@context":"https:\/\/schema.org","@graph":[{"@type":"WebPage","@id":"https:\/\/www.mwm.net\/es\/esto-es-mwm\/mision-de-mwm\/","url":"https:\/\/www.mwm.net\/es\/esto-es-mwm\/mision-de-mwm\/","name":"Misi\u00f3n de MWM","isPartOf":{"@id":"https:\/\/www.mwm.net\/es\/#website"},"primaryImageOfPage":{"@id":"https:\/\/www.mwm.net\/es\/esto-es-mwm\/mision-de-mwm\/#primaryimage"},"image":{"@id":"https:\/\/www.mwm.net\/es\/esto-es-mwm\/mision-de-mwm\/#primaryimage"},"thumbnailUrl":"https:\/\/www.mwm.net\/wp-content\/uploads\/2021\/04\/MWM_mission_800-2.jpg","datePublished":"2024-10-30T17:06:46+00:00","dateModified":"2024-11-24T10:59:52+00:00","description":"Soluciones energ\u00e9ticas a medida, altamente eficientes y ecol\u00f3gicamente avanzadas.","breadcrumb":{"@id":"https:\/\/www.mwm.net\/es\/esto-es-mwm\/mision-de-mwm\/#breadcrumb"},"inLanguage":"es","potentialAction":[{"@type":"ReadAction","target":["https:\/\/www.mwm.net\/es\/esto-es-mwm\/mision-de-mwm\/"]}]},{"@type":"ImageObject","inLanguage":"es","@id":"https:\/\/www.mwm.net\/es\/esto-es-mwm\/mision-de-mwm\/#primaryimage","url":"https:\/\/www.mwm.net\/wp-content\/uploads\/2021\/04\/MWM_mission_800-2.jpg","contentUrl":"https:\/\/www.mwm.net\/wp-content\/uploads\/2021\/04\/MWM_mission_800-2.jpg","width":800,"height":600},{"@type":"BreadcrumbList","@id":"https:\/\/www.mwm.net\/es\/esto-es-mwm\/mision-de-mwm\/#breadcrumb","itemListElement":[{"@type":"ListItem","position":1,"name":"Home","item":"https:\/\/www.mwm.net\/es\/"},{"@type":"ListItem","position":2,"name":"Esto es MWM","item":"https:\/\/www.mwm.net\/es\/esto-es-mwm\/"},{"@type":"ListItem","position":3,"name":"Misi\u00f3n de MWM"}]},{"@type":"WebSite","@id":"https:\/\/www.mwm.net\/es\/#website","url":"https:\/\/www.mwm.net\/es\/","name":"MWM","description":"","publisher":{"@id":"https:\/\/www.mwm.net\/es\/#organization"},"potentialAction":[{"@type":"SearchAction","target":{"@type":"EntryPoint","urlTemplate":"https:\/\/www.mwm.net\/es\/?s={search_term_string}"},"query-input":{"@type":"PropertyValueSpecification","valueRequired":true,"valueName":"search_term_string"}}],"inLanguage":"es"},{"@type":"Organization","@id":"https:\/\/www.mwm.net\/es\/#organization","name":"Caterpillar Energy Solutions GmbH","url":"https:\/\/www.mwm.net\/es\/","logo":{"@type":"ImageObject","inLanguage":"es","@id":"https:\/\/www.mwm.net\/es\/#\/schema\/logo\/image\/","url":"https:\/\/www.mwm.net\/wp-content\/uploads\/2022\/02\/logo2.jpg","contentUrl":"https:\/\/www.mwm.net\/wp-content\/uploads\/2022\/02\/logo2.jpg","width":260,"height":142,"caption":"Caterpillar Energy Solutions GmbH"},"image":{"@id":"https:\/\/www.mwm.net\/es\/#\/schema\/logo\/image\/"}}]}},"_links":{"self":[{"href":"https:\/\/www.mwm.net\/es\/wp-json\/wp\/v2\/pages\/102718","targetHints":{"allow":["GET"]}}],"collection":[{"href":"https:\/\/www.mwm.net\/es\/wp-json\/wp\/v2\/pages"}],"about":[{"href":"https:\/\/www.mwm.net\/es\/wp-json\/wp\/v2\/types\/page"}],"author":[{"embeddable":true,"href":"https:\/\/www.mwm.net\/es\/wp-json\/wp\/v2\/users\/3"}],"replies":[{"embeddable":true,"href":"https:\/\/www.mwm.net\/es\/wp-json\/wp\/v2\/comments?post=102718"}],"version-history":[{"count":5,"href":"https:\/\/www.mwm.net\/es\/wp-json\/wp\/v2\/pages\/102718\/revisions"}],"predecessor-version":[{"id":106396,"href":"https:\/\/www.mwm.net\/es\/wp-json\/wp\/v2\/pages\/102718\/revisions\/106396"}],"up":[{"embeddable":true,"href":"https:\/\/www.mwm.net\/es\/wp-json\/wp\/v2\/pages\/102928"}],"wp:featuredmedia":[{"embeddable":true,"href":"https:\/\/www.mwm.net\/es\/wp-json\/wp\/v2\/media\/102719"}],"wp:attachment":[{"href":"https:\/\/www.mwm.net\/es\/wp-json\/wp\/v2\/media?parent=102718"}],"wp:term":[{"taxonomy":"post_tag","embeddable":true,"href":"https:\/\/www.mwm.net\/es\/wp-json\/wp\/v2\/tags?post=102718"}],"curies":[{"name":"wp","href":"https:\/\/api.w.org\/{rel}","templated":true}]}}