{"id":102736,"date":"2024-10-23T10:35:00","date_gmt":"2024-10-23T08:35:00","guid":{"rendered":"https:\/\/www.mwm.net\/?page_id=102736"},"modified":"2024-12-05T11:39:14","modified_gmt":"2024-12-05T09:39:14","slug":"instalaciones-industriales-o-comerciales","status":"publish","type":"page","link":"https:\/\/www.mwm.net\/es\/aplicaciones-de-gas\/instalaciones-industriales-o-comerciales\/","title":{"rendered":"CHP para instalaciones industriales o comerciales"},"content":{"rendered":"<h2 class=\"subheadline noborder\">Menores costos operativos gracias a un sistema de CHP de alta eficiencia, generaci\u00f3n distribuida o energ\u00eda de reserva de emergencia<\/h2>\n<div class=\"patch-content\">\n<p>En muchas instalaciones industriales, como plantas de producci\u00f3n, refiner\u00edas y plantas regionales de calefacci\u00f3n urbana, los costos operativos se reducen mediante la implementaci\u00f3n de un sistema combinado de calor y electricidad (CHP) con gas natural limpio por tuber\u00eda como combustible. Los grupos electr\u00f3genos de gas MWM pueden suministrar simult\u00e1neamente energ\u00eda el\u00e9ctrica para cargas el\u00e9ctricas y energ\u00eda t\u00e9rmica para calefacci\u00f3n de plantas industriales. Si bien la eficiencia de la red el\u00e9ctrica separada y de las calderas de gas natural suele ser inferior al 50%, nuestros proyectos de CHP ofrecen:<\/p>\n<ul>\n<li>Eficiencia energ\u00e9tica de hasta el 90%<\/li>\n<li>Menores costos de energ\u00eda comparados con sistemas convencionales de generaci\u00f3n de calor y electricidad<\/li>\n<li>Menor nivel de emisiones comparado con sistemas convencionales de generaci\u00f3n de calor y electricidad<\/li>\n<\/ul>\n<p>&nbsp;<\/p>\n<\/div>\n<div class=\"pro_grphc\">\n<div class=\"cntct_rght\"><a href=\"\/en\/contact\/contact-sales\/\">Contacto con ventas <strong>Haga clic aqu\u00ed<\/strong><\/a><\/div>\n<\/div>\n<div class=\"patch-content\">\n<p>Si la recuperaci\u00f3n y el uso del calor residual no son rentables, muchas instalaciones comerciales pueden a\u00fan generar beneficios econ\u00f3micos mediante energ\u00eda distribuida, energ\u00eda el\u00e9ctrica local para uso interno o con una planta de energ\u00eda de emergencia. Este es especialmente el caso si se cumple una de las siguientes condiciones:<\/p>\n<ul>\n<li>La red el\u00e9ctrica local no es confiable.<\/li>\n<li>El gas natural es una alternativa econ\u00f3mica a la electricidad por red.<\/li>\n<li>Los grupos electr\u00f3genos pueden utilizarse en horas de alta demanda para evitar grandes costos de los servicios p\u00fablicos de electricidad (m\u00e9todo conocido como neutralizaci\u00f3n de picos).<\/li>\n<\/ul>\n<p>Cualquier motor MWM alimentado con gas puede ser configurado espec\u00edficamente para aplicaciones relacionadas con la recuperaci\u00f3n t\u00e9rmica.<\/p>\n<\/div>\n<div class=\"pro_grphc\">\n<div class=\"cntct_rght\"><a href=\"\/en\/contact\/contact-sales\/\">Contacto con ventas <strong>Haga clic aqu\u00ed<\/strong><\/a><\/div>\n<\/div>\n<div class=\"patch-content\">\n<p>MWM ofrece paquetes de CHP a medida, que incluyen todo el equipo mec\u00e1nico y los controles necesarios para capturar la energ\u00eda t\u00e9rmica de los motores y transferirla a una planta industrial. Adem\u00e1s, MWM ofrece m\u00e9todos de tratamiento de gases de escape para entornos con emisiones estrictamente reguladas y sistemas de conmutaci\u00f3n en paralelo para empresas de energ\u00eda que permiten la venta de energ\u00eda el\u00e9ctrica excedente a la red el\u00e9ctrica local.<\/p>\n<p>El ahorro total en costos de energ\u00eda de dichos sistemas puede m\u00e1s que compensar los costos totales de inversi\u00f3n y operaci\u00f3n, lo que permite recuperar la inversi\u00f3n en tan solo dos o tres a\u00f1os, seg\u00fan los precios y las pol\u00edticas energ\u00e9ticas locales.<\/p>\n<h2 class=\"subheadline\">As\u00ed es como funcionan la generaci\u00f3n distribuida y la energ\u00eda de reserva de emergencia<\/h2>\n<p>Aunque los sistemas de energ\u00eda de emergencia alimentados con di\u00e9sel siempre ser\u00e1n la soluci\u00f3n elegida para los sistemas de reserva de emergencia, en los \u00faltimos a\u00f1os ha surgido una tendencia creciente hacia los sistemas de energ\u00eda de reserva alimentados con gas natural. Estos sistemas, que por lo general, se instalan con un interruptor de transferencia autom\u00e1tico (ATS) o un control de conmutaci\u00f3n en paralelo para varios grupos electr\u00f3genos, detectan cuando se produce un corte de suministro y autom\u00e1ticamente encienden el sistema de energ\u00eda de reserva y la transfieren a la red el\u00e9ctrica local. Cuando se restablece la red el\u00e9ctrica normal, el sistema de control se vuelve a encender y apaga autom\u00e1ticamente el generador de emergencia.<\/p>\n<\/div>\n<div class=\"pro_grphc\">\n<div class=\"cntct_rght\"><a href=\"\/en\/contact\/contact-sales\/\">Contacto con ventas <strong>Haga clic aqu\u00ed<\/strong><\/a><\/div>\n<\/div>\n<div class=\"patch-content\"><\/div>\n","protected":false},"excerpt":{"rendered":"<p>Sistemas y centrales de cogeneraci\u00f3n MWM de alta eficiencia para instalaciones industriales o comerciales. \u00a1Cont\u00e1ctenos ahora!<\/p>\n","protected":false},"author":3,"featured_media":102726,"parent":103087,"menu_order":0,"comment_status":"closed","ping_status":"closed","template":"product-template.php","meta":{"_acf_changed":false,"footnotes":""},"tags":[],"class_list":["post-102736","page","type-page","status-publish","has-post-thumbnail","hentry"],"acf":[],"yoast_head":"<!-- This site is optimized with the Yoast SEO Premium plugin v27.2 (Yoast SEO v27.2) - https:\/\/yoast.com\/product\/yoast-seo-premium-wordpress\/ -->\n<title>CHP para instalaciones industriales o comerciales<\/title>\n<meta name=\"description\" content=\"Sistemas y centrales de cogeneraci\u00f3n MWM de alta eficiencia para instalaciones industriales o comerciales. \u00a1Cont\u00e1ctenos ahora!\" \/>\n<meta name=\"robots\" content=\"index, follow, max-snippet:-1, max-image-preview:large, max-video-preview:-1\" \/>\n<link rel=\"canonical\" href=\"https:\/\/www.mwm.net\/es\/aplicaciones-de-gas\/instalaciones-industriales-o-comerciales\/\" \/>\n<meta property=\"og:locale\" content=\"es_ES\" \/>\n<meta property=\"og:type\" content=\"article\" \/>\n<meta property=\"og:title\" content=\"CHP para instalaciones industriales o comerciales\" \/>\n<meta property=\"og:description\" content=\"Sistemas y centrales de cogeneraci\u00f3n MWM de alta eficiencia para instalaciones industriales o comerciales. \u00a1Cont\u00e1ctenos ahora!\" \/>\n<meta property=\"og:url\" content=\"https:\/\/www.mwm.net\/es\/aplicaciones-de-gas\/instalaciones-industriales-o-comerciales\/\" \/>\n<meta property=\"og:site_name\" content=\"MWM\" \/>\n<meta property=\"article:modified_time\" content=\"2024-12-05T09:39:14+00:00\" \/>\n<meta property=\"og:image\" content=\"https:\/\/www.mwm.net\/wp-content\/uploads\/2021\/04\/gewerbe-und-industrieanlagen-371x248-1e6b0.jpg\" \/>\n\t<meta property=\"og:image:width\" content=\"371\" \/>\n\t<meta property=\"og:image:height\" content=\"248\" \/>\n\t<meta property=\"og:image:type\" content=\"image\/jpeg\" \/>\n<meta name=\"twitter:card\" content=\"summary_large_image\" \/>\n<meta name=\"twitter:label1\" content=\"Tiempo de lectura\" \/>\n\t<meta name=\"twitter:data1\" content=\"4 minutos\" \/>\n<script type=\"application\/ld+json\" class=\"yoast-schema-graph\">{\"@context\":\"https:\/\/schema.org\",\"@graph\":[{\"@type\":\"WebPage\",\"@id\":\"https:\/\/www.mwm.net\/es\/aplicaciones-de-gas\/instalaciones-industriales-o-comerciales\/\",\"url\":\"https:\/\/www.mwm.net\/es\/aplicaciones-de-gas\/instalaciones-industriales-o-comerciales\/\",\"name\":\"CHP para instalaciones industriales o comerciales\",\"isPartOf\":{\"@id\":\"https:\/\/www.mwm.net\/es\/#website\"},\"primaryImageOfPage\":{\"@id\":\"https:\/\/www.mwm.net\/es\/aplicaciones-de-gas\/instalaciones-industriales-o-comerciales\/#primaryimage\"},\"image\":{\"@id\":\"https:\/\/www.mwm.net\/es\/aplicaciones-de-gas\/instalaciones-industriales-o-comerciales\/#primaryimage\"},\"thumbnailUrl\":\"https:\/\/www.mwm.net\/wp-content\/uploads\/2021\/04\/gewerbe-und-industrieanlagen-371x248-1e6b0.jpg\",\"datePublished\":\"2024-10-23T08:35:00+00:00\",\"dateModified\":\"2024-12-05T09:39:14+00:00\",\"description\":\"Sistemas y centrales de cogeneraci\u00f3n MWM de alta eficiencia para instalaciones industriales o comerciales. \u00a1Cont\u00e1ctenos ahora!\",\"breadcrumb\":{\"@id\":\"https:\/\/www.mwm.net\/es\/aplicaciones-de-gas\/instalaciones-industriales-o-comerciales\/#breadcrumb\"},\"inLanguage\":\"es\",\"potentialAction\":[{\"@type\":\"ReadAction\",\"target\":[\"https:\/\/www.mwm.net\/es\/aplicaciones-de-gas\/instalaciones-industriales-o-comerciales\/\"]}]},{\"@type\":\"ImageObject\",\"inLanguage\":\"es\",\"@id\":\"https:\/\/www.mwm.net\/es\/aplicaciones-de-gas\/instalaciones-industriales-o-comerciales\/#primaryimage\",\"url\":\"https:\/\/www.mwm.net\/wp-content\/uploads\/2021\/04\/gewerbe-und-industrieanlagen-371x248-1e6b0.jpg\",\"contentUrl\":\"https:\/\/www.mwm.net\/wp-content\/uploads\/2021\/04\/gewerbe-und-industrieanlagen-371x248-1e6b0.jpg\",\"width\":371,\"height\":248},{\"@type\":\"BreadcrumbList\",\"@id\":\"https:\/\/www.mwm.net\/es\/aplicaciones-de-gas\/instalaciones-industriales-o-comerciales\/#breadcrumb\",\"itemListElement\":[{\"@type\":\"ListItem\",\"position\":1,\"name\":\"Home\",\"item\":\"https:\/\/www.mwm.net\/es\/\"},{\"@type\":\"ListItem\",\"position\":2,\"name\":\"Aplicaciones de gas\",\"item\":\"https:\/\/www.mwm.net\/es\/aplicaciones-de-gas\/\"},{\"@type\":\"ListItem\",\"position\":3,\"name\":\"CHP para instalaciones industriales o comerciales\"}]},{\"@type\":\"WebSite\",\"@id\":\"https:\/\/www.mwm.net\/es\/#website\",\"url\":\"https:\/\/www.mwm.net\/es\/\",\"name\":\"MWM\",\"description\":\"\",\"publisher\":{\"@id\":\"https:\/\/www.mwm.net\/es\/#organization\"},\"potentialAction\":[{\"@type\":\"SearchAction\",\"target\":{\"@type\":\"EntryPoint\",\"urlTemplate\":\"https:\/\/www.mwm.net\/es\/?s={search_term_string}\"},\"query-input\":{\"@type\":\"PropertyValueSpecification\",\"valueRequired\":true,\"valueName\":\"search_term_string\"}}],\"inLanguage\":\"es\"},{\"@type\":\"Organization\",\"@id\":\"https:\/\/www.mwm.net\/es\/#organization\",\"name\":\"Caterpillar Energy Solutions GmbH\",\"url\":\"https:\/\/www.mwm.net\/es\/\",\"logo\":{\"@type\":\"ImageObject\",\"inLanguage\":\"es\",\"@id\":\"https:\/\/www.mwm.net\/es\/#\/schema\/logo\/image\/\",\"url\":\"https:\/\/www.mwm.net\/wp-content\/uploads\/2022\/02\/logo2.jpg\",\"contentUrl\":\"https:\/\/www.mwm.net\/wp-content\/uploads\/2022\/02\/logo2.jpg\",\"width\":260,\"height\":142,\"caption\":\"Caterpillar Energy Solutions GmbH\"},\"image\":{\"@id\":\"https:\/\/www.mwm.net\/es\/#\/schema\/logo\/image\/\"}}]}<\/script>\n<!-- \/ Yoast SEO Premium plugin. -->","yoast_head_json":{"title":"CHP para instalaciones industriales o comerciales","description":"Sistemas y centrales de cogeneraci\u00f3n MWM de alta eficiencia para instalaciones industriales o comerciales. \u00a1Cont\u00e1ctenos ahora!","robots":{"index":"index","follow":"follow","max-snippet":"max-snippet:-1","max-image-preview":"max-image-preview:large","max-video-preview":"max-video-preview:-1"},"canonical":"https:\/\/www.mwm.net\/es\/aplicaciones-de-gas\/instalaciones-industriales-o-comerciales\/","og_locale":"es_ES","og_type":"article","og_title":"CHP para instalaciones industriales o comerciales","og_description":"Sistemas y centrales de cogeneraci\u00f3n MWM de alta eficiencia para instalaciones industriales o comerciales. \u00a1Cont\u00e1ctenos ahora!","og_url":"https:\/\/www.mwm.net\/es\/aplicaciones-de-gas\/instalaciones-industriales-o-comerciales\/","og_site_name":"MWM","article_modified_time":"2024-12-05T09:39:14+00:00","og_image":[{"width":371,"height":248,"url":"https:\/\/www.mwm.net\/wp-content\/uploads\/2021\/04\/gewerbe-und-industrieanlagen-371x248-1e6b0.jpg","type":"image\/jpeg"}],"twitter_card":"summary_large_image","twitter_misc":{"Tiempo de lectura":"4 minutos"},"schema":{"@context":"https:\/\/schema.org","@graph":[{"@type":"WebPage","@id":"https:\/\/www.mwm.net\/es\/aplicaciones-de-gas\/instalaciones-industriales-o-comerciales\/","url":"https:\/\/www.mwm.net\/es\/aplicaciones-de-gas\/instalaciones-industriales-o-comerciales\/","name":"CHP para instalaciones industriales o comerciales","isPartOf":{"@id":"https:\/\/www.mwm.net\/es\/#website"},"primaryImageOfPage":{"@id":"https:\/\/www.mwm.net\/es\/aplicaciones-de-gas\/instalaciones-industriales-o-comerciales\/#primaryimage"},"image":{"@id":"https:\/\/www.mwm.net\/es\/aplicaciones-de-gas\/instalaciones-industriales-o-comerciales\/#primaryimage"},"thumbnailUrl":"https:\/\/www.mwm.net\/wp-content\/uploads\/2021\/04\/gewerbe-und-industrieanlagen-371x248-1e6b0.jpg","datePublished":"2024-10-23T08:35:00+00:00","dateModified":"2024-12-05T09:39:14+00:00","description":"Sistemas y centrales de cogeneraci\u00f3n MWM de alta eficiencia para instalaciones industriales o comerciales. \u00a1Cont\u00e1ctenos ahora!","breadcrumb":{"@id":"https:\/\/www.mwm.net\/es\/aplicaciones-de-gas\/instalaciones-industriales-o-comerciales\/#breadcrumb"},"inLanguage":"es","potentialAction":[{"@type":"ReadAction","target":["https:\/\/www.mwm.net\/es\/aplicaciones-de-gas\/instalaciones-industriales-o-comerciales\/"]}]},{"@type":"ImageObject","inLanguage":"es","@id":"https:\/\/www.mwm.net\/es\/aplicaciones-de-gas\/instalaciones-industriales-o-comerciales\/#primaryimage","url":"https:\/\/www.mwm.net\/wp-content\/uploads\/2021\/04\/gewerbe-und-industrieanlagen-371x248-1e6b0.jpg","contentUrl":"https:\/\/www.mwm.net\/wp-content\/uploads\/2021\/04\/gewerbe-und-industrieanlagen-371x248-1e6b0.jpg","width":371,"height":248},{"@type":"BreadcrumbList","@id":"https:\/\/www.mwm.net\/es\/aplicaciones-de-gas\/instalaciones-industriales-o-comerciales\/#breadcrumb","itemListElement":[{"@type":"ListItem","position":1,"name":"Home","item":"https:\/\/www.mwm.net\/es\/"},{"@type":"ListItem","position":2,"name":"Aplicaciones de gas","item":"https:\/\/www.mwm.net\/es\/aplicaciones-de-gas\/"},{"@type":"ListItem","position":3,"name":"CHP para instalaciones industriales o comerciales"}]},{"@type":"WebSite","@id":"https:\/\/www.mwm.net\/es\/#website","url":"https:\/\/www.mwm.net\/es\/","name":"MWM","description":"","publisher":{"@id":"https:\/\/www.mwm.net\/es\/#organization"},"potentialAction":[{"@type":"SearchAction","target":{"@type":"EntryPoint","urlTemplate":"https:\/\/www.mwm.net\/es\/?s={search_term_string}"},"query-input":{"@type":"PropertyValueSpecification","valueRequired":true,"valueName":"search_term_string"}}],"inLanguage":"es"},{"@type":"Organization","@id":"https:\/\/www.mwm.net\/es\/#organization","name":"Caterpillar Energy Solutions GmbH","url":"https:\/\/www.mwm.net\/es\/","logo":{"@type":"ImageObject","inLanguage":"es","@id":"https:\/\/www.mwm.net\/es\/#\/schema\/logo\/image\/","url":"https:\/\/www.mwm.net\/wp-content\/uploads\/2022\/02\/logo2.jpg","contentUrl":"https:\/\/www.mwm.net\/wp-content\/uploads\/2022\/02\/logo2.jpg","width":260,"height":142,"caption":"Caterpillar Energy Solutions GmbH"},"image":{"@id":"https:\/\/www.mwm.net\/es\/#\/schema\/logo\/image\/"}}]}},"_links":{"self":[{"href":"https:\/\/www.mwm.net\/es\/wp-json\/wp\/v2\/pages\/102736","targetHints":{"allow":["GET"]}}],"collection":[{"href":"https:\/\/www.mwm.net\/es\/wp-json\/wp\/v2\/pages"}],"about":[{"href":"https:\/\/www.mwm.net\/es\/wp-json\/wp\/v2\/types\/page"}],"author":[{"embeddable":true,"href":"https:\/\/www.mwm.net\/es\/wp-json\/wp\/v2\/users\/3"}],"replies":[{"embeddable":true,"href":"https:\/\/www.mwm.net\/es\/wp-json\/wp\/v2\/comments?post=102736"}],"version-history":[{"count":7,"href":"https:\/\/www.mwm.net\/es\/wp-json\/wp\/v2\/pages\/102736\/revisions"}],"predecessor-version":[{"id":106918,"href":"https:\/\/www.mwm.net\/es\/wp-json\/wp\/v2\/pages\/102736\/revisions\/106918"}],"up":[{"embeddable":true,"href":"https:\/\/www.mwm.net\/es\/wp-json\/wp\/v2\/pages\/103087"}],"wp:featuredmedia":[{"embeddable":true,"href":"https:\/\/www.mwm.net\/es\/wp-json\/wp\/v2\/media\/102726"}],"wp:attachment":[{"href":"https:\/\/www.mwm.net\/es\/wp-json\/wp\/v2\/media?parent=102736"}],"wp:term":[{"taxonomy":"post_tag","embeddable":true,"href":"https:\/\/www.mwm.net\/es\/wp-json\/wp\/v2\/tags?post=102736"}],"curies":[{"name":"wp","href":"https:\/\/api.w.org\/{rel}","templated":true}]}}