{"id":102762,"date":"2024-10-24T12:24:12","date_gmt":"2024-10-24T10:24:12","guid":{"rendered":"https:\/\/www.mwm.net\/?page_id=102762"},"modified":"2025-01-13T15:30:28","modified_gmt":"2025-01-13T13:30:28","slug":"investigacion-y-desarrollo","status":"publish","type":"page","link":"https:\/\/www.mwm.net\/es\/excelencia-en-gas\/investigacion-y-desarrollo\/","title":{"rendered":"Investigaci\u00f3n y desarrollo"},"content":{"rendered":"<h2>M\u00e1xima eficiencia gracias a a\u00f1os de investigaci\u00f3n <\/h2>\n<p>Gracias a la investigaci\u00f3n y el desarrollo continuos, en los \u00faltimos 20 a\u00f1os casi hemos triplicado la densidad de potencia de los motores de gas MWM. Al mismo tiempo, la eficiencia se ha incrementado en un 30%, junto con unos niveles de emisiones muy bajos. De este modo, ayudamos a conservar recursos y garantizamos unaalta eficiencia de nuestros productos.<\/p>\n<p>A pesar de su avanzada tecnolog\u00eda, <a href=\"https:\/\/www.mwm.net\/en\/gas-engines-gensets\/\">los motores de gas y los grupos electr\u00f3genos MWM <\/a> son f\u00e1ciles de usar y muy sencillos de mantener. <\/p>\n<h2>Instrumentos de calculaci\u00f3n que definen nuevos est\u00e1ndares (Calculaci\u00f3n)<\/h2>\n<p>Hemos desarrollado nuestros propios instrumentos de calculaci\u00f3n para mejorar continuamente los componentes de los motores de gas de alto rendimiento. Obteniendo as\u00ed la informaci\u00f3n sobre el comportamiento a largo plazo de los componentes del motor, se ha podido optimizar constantemente la puesta a punto, lo que ha dado lugar a intervalos de mantenimiento mayores y, por tanto, a una mayor eficiencia de la planta.<\/p>\n<h2>Los instrumentos de simulaci\u00f3n reducen los tiempos de desarrollo de la combusti\u00f3n <\/h2>\n<p>Todos los desarrollos posteriores, desde la din\u00e1mica de los gases hasta la combusti\u00f3n, se calculan con ayuda de simulaciones y se verifican en el banco de pruebas. Los resultados sirven para mejorar continuamente los programas de simulaci\u00f3n, lo que facilita nuevas predicciones y reduce los tiempos de desarrollo.<\/p>\n<p>Hace m\u00e1s de 20 a\u00f1os, MWM comenz\u00f3 con el desarrollo y la innovaci\u00f3n de buj\u00edas de c\u00e1mara. As\u00ed, nuestro objetivo es seguir mejorando el proceso de combusti\u00f3n, aumentando significativamente la eficiencia. <\/p>\n<h2>Banco de pruebas<\/h2>\n<p>Para cada serie y cilindrada, contamos con un banco de pruebas con tecnolog\u00eda de medici\u00f3n de \u00faltima generaci\u00f3n, en el que los grupos electr\u00f3genos pueden funcionar con gas natural de la red municipal y con gases sint\u00e9ticos mezclados. Estos gases mezclados sint\u00e9ticamente comprenden gas natural con diferentes cantidades de metano, biog\u00e1s, gas de vertedero y gas de mina. Los ensayos en el banco de pruebas permiten ajustar de manera eficaz los motores a las distintas calidades de gas. Esto elimina la necesidad de procesos de adaptaci\u00f3n complejos, que a menudo no consiguen resultados comparables debido a la falta de instrumentos de medici\u00f3n adecuados.<\/p>\n<p>Adem\u00e1s, se realizan pruebas externas de los componentes mec\u00e1nicos del motor y an\u00e1lisis de flujo en bancos de pruebas especiales.<\/p>\n<figure id=\"attachment_84228\" aria-describedby=\"caption-attachment-84228\" style=\"width: 608px\" class=\"wp-caption aligncenter\"><img decoding=\"async\" class=\"wp-image-84229\" src=\"https:\/\/www.mwm.net\/wp-content\/uploads\/2021\/04\/8504_2_f_e-1-300x200.jpg\" alt=\"Fig. banco de pruebas para motores de gas\" width=\"608\" height=\"405\" srcset=\"https:\/\/www.mwm.net\/wp-content\/uploads\/2021\/04\/8504_2_f_e-1-300x200.jpg 300w, https:\/\/www.mwm.net\/wp-content\/uploads\/2021\/04\/8504_2_f_e-1.jpg 539w\" sizes=\"(max-width: 608px) 100vw, 608px\" \/><figcaption id=\"caption-attachment-84228\" class=\"wp-caption-text\">Fig. banco de pruebas para motores de gas<\/figcaption><\/figure>\n<div class=\"pro_grphc\">\n<div class=\"cntct_rght\"><a href=\"https:\/\/www.mwm.net\/es\/contacto\/contacto-general\/\">SERVICIO DE CONTACTO<strong> HAGA CLIC AQU\u00cd<\/strong><\/a><\/div>\n<\/div>\n","protected":false},"excerpt":{"rendered":"<p>Gracias a la investigaci\u00f3n y el desarrollo continuos, MWM casi ha triplicado la densidad de potencia de sus motores en los \u00faltimos 20 a\u00f1os.<\/p>\n","protected":false},"author":17,"featured_media":102765,"parent":107243,"menu_order":0,"comment_status":"closed","ping_status":"closed","template":"page-sidebar-template.php","meta":{"_acf_changed":false,"footnotes":""},"tags":[],"class_list":["post-102762","page","type-page","status-publish","has-post-thumbnail","hentry"],"acf":[],"yoast_head":"<!-- This site is optimized with the Yoast SEO Premium plugin v27.2 (Yoast SEO v27.2) - https:\/\/yoast.com\/product\/yoast-seo-premium-wordpress\/ -->\n<title>Investigaci\u00f3n y desarrollo - MWM Investigaci\u00f3n y desarrollo<\/title>\n<meta name=\"description\" content=\"Gracias a la investigaci\u00f3n y el desarrollo continuos, MWM casi ha triplicado la densidad de potencia de sus motores en los \u00faltimos 20 a\u00f1os.\" \/>\n<meta name=\"robots\" content=\"index, follow, max-snippet:-1, max-image-preview:large, max-video-preview:-1\" \/>\n<link rel=\"canonical\" href=\"https:\/\/www.mwm.net\/es\/excelencia-en-gas\/investigacion-y-desarrollo\/\" \/>\n<meta property=\"og:locale\" content=\"es_ES\" \/>\n<meta property=\"og:type\" content=\"article\" \/>\n<meta property=\"og:title\" content=\"Investigaci\u00f3n y desarrollo\" \/>\n<meta property=\"og:description\" content=\"Gracias a la investigaci\u00f3n y el desarrollo continuos, MWM casi ha triplicado la densidad de potencia de sus motores en los \u00faltimos 20 a\u00f1os.\" \/>\n<meta property=\"og:url\" content=\"https:\/\/www.mwm.net\/es\/excelencia-en-gas\/investigacion-y-desarrollo\/\" \/>\n<meta property=\"og:site_name\" content=\"MWM\" \/>\n<meta property=\"article:modified_time\" content=\"2025-01-13T13:30:28+00:00\" \/>\n<meta property=\"og:image\" content=\"https:\/\/www.mwm.net\/wp-content\/uploads\/2021\/04\/200927A5-D989-498F-BF96-D7D366E83B3A.jpeg\" \/>\n\t<meta property=\"og:image:width\" content=\"800\" \/>\n\t<meta property=\"og:image:height\" content=\"600\" \/>\n\t<meta property=\"og:image:type\" content=\"image\/jpeg\" \/>\n<meta name=\"twitter:card\" content=\"summary_large_image\" \/>\n<meta name=\"twitter:label1\" content=\"Tiempo de lectura\" \/>\n\t<meta name=\"twitter:data1\" content=\"3 minutos\" \/>\n<script type=\"application\/ld+json\" class=\"yoast-schema-graph\">{\"@context\":\"https:\/\/schema.org\",\"@graph\":[{\"@type\":\"WebPage\",\"@id\":\"https:\/\/www.mwm.net\/es\/excelencia-en-gas\/investigacion-y-desarrollo\/\",\"url\":\"https:\/\/www.mwm.net\/es\/excelencia-en-gas\/investigacion-y-desarrollo\/\",\"name\":\"Investigaci\u00f3n y desarrollo - MWM Investigaci\u00f3n y desarrollo\",\"isPartOf\":{\"@id\":\"https:\/\/www.mwm.net\/es\/#website\"},\"primaryImageOfPage\":{\"@id\":\"https:\/\/www.mwm.net\/es\/excelencia-en-gas\/investigacion-y-desarrollo\/#primaryimage\"},\"image\":{\"@id\":\"https:\/\/www.mwm.net\/es\/excelencia-en-gas\/investigacion-y-desarrollo\/#primaryimage\"},\"thumbnailUrl\":\"https:\/\/www.mwm.net\/wp-content\/uploads\/2021\/04\/200927A5-D989-498F-BF96-D7D366E83B3A.jpeg\",\"datePublished\":\"2024-10-24T10:24:12+00:00\",\"dateModified\":\"2025-01-13T13:30:28+00:00\",\"description\":\"Gracias a la investigaci\u00f3n y el desarrollo continuos, MWM casi ha triplicado la densidad de potencia de sus motores en los \u00faltimos 20 a\u00f1os.\",\"breadcrumb\":{\"@id\":\"https:\/\/www.mwm.net\/es\/excelencia-en-gas\/investigacion-y-desarrollo\/#breadcrumb\"},\"inLanguage\":\"es\",\"potentialAction\":[{\"@type\":\"ReadAction\",\"target\":[\"https:\/\/www.mwm.net\/es\/excelencia-en-gas\/investigacion-y-desarrollo\/\"]}]},{\"@type\":\"ImageObject\",\"inLanguage\":\"es\",\"@id\":\"https:\/\/www.mwm.net\/es\/excelencia-en-gas\/investigacion-y-desarrollo\/#primaryimage\",\"url\":\"https:\/\/www.mwm.net\/wp-content\/uploads\/2021\/04\/200927A5-D989-498F-BF96-D7D366E83B3A.jpeg\",\"contentUrl\":\"https:\/\/www.mwm.net\/wp-content\/uploads\/2021\/04\/200927A5-D989-498F-BF96-D7D366E83B3A.jpeg\",\"width\":800,\"height\":600},{\"@type\":\"BreadcrumbList\",\"@id\":\"https:\/\/www.mwm.net\/es\/excelencia-en-gas\/investigacion-y-desarrollo\/#breadcrumb\",\"itemListElement\":[{\"@type\":\"ListItem\",\"position\":1,\"name\":\"Home\",\"item\":\"https:\/\/www.mwm.net\/es\/\"},{\"@type\":\"ListItem\",\"position\":2,\"name\":\"Excelencia en gas\",\"item\":\"https:\/\/www.mwm.net\/es\/excelencia-en-gas\/\"},{\"@type\":\"ListItem\",\"position\":3,\"name\":\"Investigaci\u00f3n y desarrollo\"}]},{\"@type\":\"WebSite\",\"@id\":\"https:\/\/www.mwm.net\/es\/#website\",\"url\":\"https:\/\/www.mwm.net\/es\/\",\"name\":\"MWM\",\"description\":\"\",\"publisher\":{\"@id\":\"https:\/\/www.mwm.net\/es\/#organization\"},\"potentialAction\":[{\"@type\":\"SearchAction\",\"target\":{\"@type\":\"EntryPoint\",\"urlTemplate\":\"https:\/\/www.mwm.net\/es\/?s={search_term_string}\"},\"query-input\":{\"@type\":\"PropertyValueSpecification\",\"valueRequired\":true,\"valueName\":\"search_term_string\"}}],\"inLanguage\":\"es\"},{\"@type\":\"Organization\",\"@id\":\"https:\/\/www.mwm.net\/es\/#organization\",\"name\":\"Caterpillar Energy Solutions GmbH\",\"url\":\"https:\/\/www.mwm.net\/es\/\",\"logo\":{\"@type\":\"ImageObject\",\"inLanguage\":\"es\",\"@id\":\"https:\/\/www.mwm.net\/es\/#\/schema\/logo\/image\/\",\"url\":\"https:\/\/www.mwm.net\/wp-content\/uploads\/2022\/02\/logo2.jpg\",\"contentUrl\":\"https:\/\/www.mwm.net\/wp-content\/uploads\/2022\/02\/logo2.jpg\",\"width\":260,\"height\":142,\"caption\":\"Caterpillar Energy Solutions GmbH\"},\"image\":{\"@id\":\"https:\/\/www.mwm.net\/es\/#\/schema\/logo\/image\/\"}}]}<\/script>\n<!-- \/ Yoast SEO Premium plugin. -->","yoast_head_json":{"title":"Investigaci\u00f3n y desarrollo - MWM Investigaci\u00f3n y desarrollo","description":"Gracias a la investigaci\u00f3n y el desarrollo continuos, MWM casi ha triplicado la densidad de potencia de sus motores en los \u00faltimos 20 a\u00f1os.","robots":{"index":"index","follow":"follow","max-snippet":"max-snippet:-1","max-image-preview":"max-image-preview:large","max-video-preview":"max-video-preview:-1"},"canonical":"https:\/\/www.mwm.net\/es\/excelencia-en-gas\/investigacion-y-desarrollo\/","og_locale":"es_ES","og_type":"article","og_title":"Investigaci\u00f3n y desarrollo","og_description":"Gracias a la investigaci\u00f3n y el desarrollo continuos, MWM casi ha triplicado la densidad de potencia de sus motores en los \u00faltimos 20 a\u00f1os.","og_url":"https:\/\/www.mwm.net\/es\/excelencia-en-gas\/investigacion-y-desarrollo\/","og_site_name":"MWM","article_modified_time":"2025-01-13T13:30:28+00:00","og_image":[{"width":800,"height":600,"url":"https:\/\/www.mwm.net\/wp-content\/uploads\/2021\/04\/200927A5-D989-498F-BF96-D7D366E83B3A.jpeg","type":"image\/jpeg"}],"twitter_card":"summary_large_image","twitter_misc":{"Tiempo de lectura":"3 minutos"},"schema":{"@context":"https:\/\/schema.org","@graph":[{"@type":"WebPage","@id":"https:\/\/www.mwm.net\/es\/excelencia-en-gas\/investigacion-y-desarrollo\/","url":"https:\/\/www.mwm.net\/es\/excelencia-en-gas\/investigacion-y-desarrollo\/","name":"Investigaci\u00f3n y desarrollo - MWM Investigaci\u00f3n y desarrollo","isPartOf":{"@id":"https:\/\/www.mwm.net\/es\/#website"},"primaryImageOfPage":{"@id":"https:\/\/www.mwm.net\/es\/excelencia-en-gas\/investigacion-y-desarrollo\/#primaryimage"},"image":{"@id":"https:\/\/www.mwm.net\/es\/excelencia-en-gas\/investigacion-y-desarrollo\/#primaryimage"},"thumbnailUrl":"https:\/\/www.mwm.net\/wp-content\/uploads\/2021\/04\/200927A5-D989-498F-BF96-D7D366E83B3A.jpeg","datePublished":"2024-10-24T10:24:12+00:00","dateModified":"2025-01-13T13:30:28+00:00","description":"Gracias a la investigaci\u00f3n y el desarrollo continuos, MWM casi ha triplicado la densidad de potencia de sus motores en los \u00faltimos 20 a\u00f1os.","breadcrumb":{"@id":"https:\/\/www.mwm.net\/es\/excelencia-en-gas\/investigacion-y-desarrollo\/#breadcrumb"},"inLanguage":"es","potentialAction":[{"@type":"ReadAction","target":["https:\/\/www.mwm.net\/es\/excelencia-en-gas\/investigacion-y-desarrollo\/"]}]},{"@type":"ImageObject","inLanguage":"es","@id":"https:\/\/www.mwm.net\/es\/excelencia-en-gas\/investigacion-y-desarrollo\/#primaryimage","url":"https:\/\/www.mwm.net\/wp-content\/uploads\/2021\/04\/200927A5-D989-498F-BF96-D7D366E83B3A.jpeg","contentUrl":"https:\/\/www.mwm.net\/wp-content\/uploads\/2021\/04\/200927A5-D989-498F-BF96-D7D366E83B3A.jpeg","width":800,"height":600},{"@type":"BreadcrumbList","@id":"https:\/\/www.mwm.net\/es\/excelencia-en-gas\/investigacion-y-desarrollo\/#breadcrumb","itemListElement":[{"@type":"ListItem","position":1,"name":"Home","item":"https:\/\/www.mwm.net\/es\/"},{"@type":"ListItem","position":2,"name":"Excelencia en gas","item":"https:\/\/www.mwm.net\/es\/excelencia-en-gas\/"},{"@type":"ListItem","position":3,"name":"Investigaci\u00f3n y desarrollo"}]},{"@type":"WebSite","@id":"https:\/\/www.mwm.net\/es\/#website","url":"https:\/\/www.mwm.net\/es\/","name":"MWM","description":"","publisher":{"@id":"https:\/\/www.mwm.net\/es\/#organization"},"potentialAction":[{"@type":"SearchAction","target":{"@type":"EntryPoint","urlTemplate":"https:\/\/www.mwm.net\/es\/?s={search_term_string}"},"query-input":{"@type":"PropertyValueSpecification","valueRequired":true,"valueName":"search_term_string"}}],"inLanguage":"es"},{"@type":"Organization","@id":"https:\/\/www.mwm.net\/es\/#organization","name":"Caterpillar Energy Solutions GmbH","url":"https:\/\/www.mwm.net\/es\/","logo":{"@type":"ImageObject","inLanguage":"es","@id":"https:\/\/www.mwm.net\/es\/#\/schema\/logo\/image\/","url":"https:\/\/www.mwm.net\/wp-content\/uploads\/2022\/02\/logo2.jpg","contentUrl":"https:\/\/www.mwm.net\/wp-content\/uploads\/2022\/02\/logo2.jpg","width":260,"height":142,"caption":"Caterpillar Energy Solutions GmbH"},"image":{"@id":"https:\/\/www.mwm.net\/es\/#\/schema\/logo\/image\/"}}]}},"_links":{"self":[{"href":"https:\/\/www.mwm.net\/es\/wp-json\/wp\/v2\/pages\/102762","targetHints":{"allow":["GET"]}}],"collection":[{"href":"https:\/\/www.mwm.net\/es\/wp-json\/wp\/v2\/pages"}],"about":[{"href":"https:\/\/www.mwm.net\/es\/wp-json\/wp\/v2\/types\/page"}],"author":[{"embeddable":true,"href":"https:\/\/www.mwm.net\/es\/wp-json\/wp\/v2\/users\/17"}],"replies":[{"embeddable":true,"href":"https:\/\/www.mwm.net\/es\/wp-json\/wp\/v2\/comments?post=102762"}],"version-history":[{"count":5,"href":"https:\/\/www.mwm.net\/es\/wp-json\/wp\/v2\/pages\/102762\/revisions"}],"predecessor-version":[{"id":107258,"href":"https:\/\/www.mwm.net\/es\/wp-json\/wp\/v2\/pages\/102762\/revisions\/107258"}],"up":[{"embeddable":true,"href":"https:\/\/www.mwm.net\/es\/wp-json\/wp\/v2\/pages\/107243"}],"wp:featuredmedia":[{"embeddable":true,"href":"https:\/\/www.mwm.net\/es\/wp-json\/wp\/v2\/media\/102765"}],"wp:attachment":[{"href":"https:\/\/www.mwm.net\/es\/wp-json\/wp\/v2\/media?parent=102762"}],"wp:term":[{"taxonomy":"post_tag","embeddable":true,"href":"https:\/\/www.mwm.net\/es\/wp-json\/wp\/v2\/tags?post=102762"}],"curies":[{"name":"wp","href":"https:\/\/api.w.org\/{rel}","templated":true}]}}