{"id":102768,"date":"2024-10-24T13:05:35","date_gmt":"2024-10-24T11:05:35","guid":{"rendered":"https:\/\/www.mwm.net\/?page_id=102768"},"modified":"2025-01-13T15:31:52","modified_gmt":"2025-01-13T13:31:52","slug":"operaciones","status":"publish","type":"page","link":"https:\/\/www.mwm.net\/es\/excelencia-en-gas\/operaciones\/","title":{"rendered":"Operaciones"},"content":{"rendered":"<h2>La f\u00e1brica principal de MWM en Mannheim ofrece condiciones ideales para una calidad superior<\/h2>\n<p>En su f\u00e1brica de Mannheim, MWM concentra todas las etapas de producci\u00f3n bajo un mismo techo. Las l\u00edneas de producci\u00f3n se caracterizan por una alta calidad de fabricaci\u00f3n, lo que se debe en gran medida a los m\u00e1s de 150 a\u00f1os de experiencia y a la larga tradici\u00f3n en la construcci\u00f3n de motores.Esta experiencia se complementa con el desarrollo continuo y el perfeccionamiento de las plantas CHP y los <a href=\"https:\/\/www.mwm.net\/en\/gas-engines-gensets\/\">generadores de energ\u00eda<\/a> en cooperaci\u00f3n con los socios de MWM.<\/p>\n<h2>Fabricaci\u00f3n y montaje <\/h2>\n<p>La producci\u00f3n propia de todos los componentes centrales garantiza un alto nivel de calidad. Las inversiones de MWM para ampliar y modernizar sus centros de producci\u00f3n permiten una fabricaci\u00f3n de vanguardia y proporcionan capacidad suficiente para aumentar la producci\u00f3n y para as\u00ed satisfacer una demanda creciente en el futuro.<\/p>\n<div class=\"vdo_sec patch-content\"><div class=\"lyte-wrapper\" style=\"width:853px;max-width:100%;margin:5px;\"><div class=\"lyMe hidef\" id=\"WYL_qXPrC1oCny4\"><div id=\"lyte_qXPrC1oCny4\" data-src=\"https:\/\/www.mwm.net\/wp-content\/plugins\/wp-youtube-lyte\/lyteCache.php?origThumbUrl=%2F%2Fi.ytimg.com%2Fvi%2FqXPrC1oCny4%2Fmaxresdefault.jpg\" class=\"pL\"><div class=\"tC\"><div class=\"tT\"><\/div><\/div><div class=\"play\"><\/div><div class=\"ctrl\"><div class=\"Lctrl\"><\/div><div class=\"Rctrl\"><\/div><\/div><\/div><noscript><a href=\"https:\/\/youtu.be\/qXPrC1oCny4\" rel=\"nofollow\"><img decoding=\"async\" src=\"https:\/\/www.mwm.net\/wp-content\/plugins\/wp-youtube-lyte\/lyteCache.php?origThumbUrl=https%3A%2F%2Fi.ytimg.com%2Fvi%2FqXPrC1oCny4%2F0.jpg\" alt=\"YouTube video thumbnail\" width=\"853\" height=\"460\" \/><br \/>Mire este video en YouTube<\/a><\/noscript><\/div><\/div><div class=\"lL\" style=\"max-width:100%;width:853px;margin:5px;\"><br\/><span class=\"lyte_disclaimer\"><strong>AVISO DE PRIVACIDAD:<\/strong> Al reproducir un v\u00eddeo, se aplican las <a href=\"https:\/\/policies.google.com\/privacy?hl=es&amp;gl=es\">normas de privacidad de YouTube<\/a>.<\/span><\/div> Todas las versiones del v\u00eddeo en otros idiomas en YouTube: <a title=\"MWM Built in Quality\" href=\"https:\/\/youtu.be\/qXPrC1oCny4\" target=\"_blank\" rel=\"noopener\">EN<\/a><br \/>\nDescargar v\u00eddeo:<a title=\"Download Video MWM Built In Quality (EN)\" href=\"\/files\/upload\/mwm\/video\/MWM-Gas-Engines-Built-In-Quality-2022.mp4.zip\">EN<\/a><br \/>\n(1.5 minutos, HD, 205 MB, MP4)<\/p>\n<\/div>\n<h2>Tecnolog\u00eda rob\u00f3tica de vanguardia en la producci\u00f3n <\/h2>\n<p>Desde mayo de 2011, utilizamos un nuevo robot para desbardar los c\u00e1rteres en las series 2016 y 2020. Esta unidad permite realizar autom\u00e1ticamente la mayor parte de los complejos trabajos de desbarbado manual de forma totalmente autom\u00e1tica y en el menor tiempo posible. El desbarbado automatizado contribuye en gran medida a un mayor nivel de calidad. Adem\u00e1s de mejorar la calidad y reducir considerablemente los tiempos de procesamiento, gracias a un guiado preciso de la herramienta tambi\u00e9n se pudo aumentar considerablemente la vida \u00fatil de la misma. <\/p>\n<h2>Flujo de materiales moderno y eficiente<\/h2>\n<p>Gracias a un sistema flexible de montaje suspendido, todas las variantes se pueden producir en lotes de diferentes tama\u00f1os con un m\u00ednimo esfuerzo log\u00edstico. El material se pone a disposici\u00f3n directamente en el punto de montaje, mientras que la capacidad puede controlarse individualmente mediante el despliegue de personal.<\/p>\n<p>Con una tecnolog\u00eda de plantilla especialmente dise\u00f1ada, el nuevo centro de procesamiento de bielas de gran tama\u00f1o es capaz de alcanzar una precisi\u00f3n de fabricaci\u00f3n de hasta 1\/1000 mm. En combinaci\u00f3n con un procedimiento de lijado espec\u00edfico, la biela satisface los m\u00e1s altos est\u00e1ndares de calidad y garantiza una transmisi\u00f3n perfecta. Los tiempos de fabricaci\u00f3n optimizados proporcionan una mayor capacidad para cubrir la creciente demanda en los pr\u00f3ximos a\u00f1os. <\/p>\n<h2>Garant\u00eda de calidad <\/h2>\n<p>Para MWM, la calidad tiene prioridad n\u00famero uno. Los a\u00f1os de experiencia y conocimientos de MWM se hacen notar ya en el dise\u00f1o y desarrollo de los componentes. Otra caracter\u00edstica de calidad es la colaboraci\u00f3n con proveedores de primera clase. Tanto si vienen de proveedores externos o de fabricaci\u00f3n propia, todos los componentes se someten a estrictos criterios de calidad. <\/p>\n<p>Con su moderna tecnolog\u00eda de medici\u00f3n totalmente automatizada, el dispositivo de medici\u00f3n 3D integrado en el proceso de fabricaci\u00f3n garantiza la producci\u00f3n de componentes de alta calidad. De conformidad con los elevados est\u00e1ndares de calidad de MWM, se detectan y eliminan inmediatamente hasta las m\u00ednimas variaciones en el proceso.<\/p>\n<figure id=\"attachment_87838\" aria-describedby=\"caption-attachment-87838\" style=\"width: 800px\" class=\"wp-caption aligncenter\"><img decoding=\"async\" class=\"wp-image-87838\" src=\"https:\/\/www.mwm.net\/wp-content\/uploads\/2021\/06\/measurement_room.jpg\" alt=\"Garant\u00eda de calidad\" width=\"800\" height=\"447\" srcset=\"https:\/\/www.mwm.net\/wp-content\/uploads\/2021\/06\/measurement_room.jpg 1201w, https:\/\/www.mwm.net\/wp-content\/uploads\/2021\/06\/measurement_room-768x429.jpg 768w\" sizes=\"(max-width: 767px) 89vw, (max-width: 1000px) 54vw, (max-width: 1071px) 543px, 580px\" \/><figcaption id=\"caption-attachment-87838\" class=\"wp-caption-text\">Fig. Garant\u00eda de calidad<\/figcaption><\/figure>\n<h2>Instalaciones de prueba <\/h2>\n<p>Las instalaciones de prueba de grupos electr\u00f3genos MWM se ampliaron y modernizaron en 2008. Gracias a la innovadora tecnolog\u00eda de pruebas de grupos electr\u00f3genos, MWM es capaz de simular y ejecutar pruebas para satisfacer los requisitos de sus clientes. Los transformadores flexibles y un sistema de inversores forman el n\u00facleo de la instalaci\u00f3n de prueba y permiten simular todos los requisitos de los clientes.<\/p>\n<p>La electricidad producida en la instalaci\u00f3n de prueba se utiliza para abastecer a la f\u00e1brica, con lo que se reducen las emisiones de CO2 y los costos energ\u00e9ticos. El exceso de energ\u00eda se inyecta en la red local.<\/p>\n<p>Cada a\u00f1o, MWM produce mucha m\u00e1s electricidad de la que consume toda la f\u00e1brica. <\/p>\n<p>Al combinar la automatizaci\u00f3n est\u00e1ndar de las instalaciones de prueba con una gesti\u00f3n de energ\u00eda avanzada, MWM garantiza un m\u00e1ximo de calidad y eficiencia.<\/p>\n<h2>Personal y procesos <\/h2>\n<p>MWM invierte, no s\u00f3lo en una producci\u00f3n de vanguardia, sino especialmente en su personal y sus procesos, garantizando as\u00ed la mejora continua de los procesos de fabricaci\u00f3n y, por tanto, de los productos. Un equipo central de fabricaci\u00f3n ajustada apoya a los equipos in situ con herramientas de procesos de fabricaci\u00f3n ajustada para optimizar continuamente la productividad y el tiempo de flujo. <\/p>\n<p>Todos los empleados operativos participan regularmente en sesiones de formaci\u00f3n sobre procesos de mejora continua y desempe\u00f1an un papel clave en el desarrollo de la f\u00e1brica mediante la implementaci\u00f3n de mejoras en talleres especiales.<\/p>\n<p>Desde la primera consulta del cliente hasta la puesta en servicio de los grupos electr\u00f3genos, MWM emplea procesos claramente definidos y transparentes. La calidad y la eficiencia en cuanto a los plazos de entrega que se consiguen as\u00ed son caracter\u00edsticas que hacen que MWM destaque en el mercado.<\/p>\n<h2>Log\u00edstica <\/h2>\n<p>En su centro log\u00edstico en Lorsch (Alemania), MWM coordina el env\u00edo global de <a href=\"https:\/\/www.mwm.net\/en\/services\/mwm-logistics\/\">repuestos <\/a> por v\u00eda mar\u00edtima, terrestre y a\u00e9rea.<\/p>\n<div class=\"pro_grphc\">\n<div class=\"cntct_rght\"><a href=\"https:\/\/www.mwm.net\/es\/contacto\/contacto-general\/\">SERVICIO DE CONTACTO<strong> HAGA CLIC AQU\u00cd<\/strong><\/a><\/div>\n<\/div>\n","protected":false},"excerpt":{"rendered":"<p>Los procesos de producci\u00f3n de MWM se caracterizan por una alta calidad de fabricaci\u00f3n y \u00f3ptimos beneficios.<\/p>\n","protected":false},"author":17,"featured_media":102772,"parent":107243,"menu_order":0,"comment_status":"closed","ping_status":"closed","template":"page-sidebar-template.php","meta":{"_acf_changed":false,"footnotes":""},"tags":[],"class_list":["post-102768","page","type-page","status-publish","has-post-thumbnail","hentry"],"acf":[],"yoast_head":"<!-- This site is optimized with the Yoast SEO Premium plugin v27.2 (Yoast SEO v27.2) - https:\/\/yoast.com\/product\/yoast-seo-premium-wordpress\/ -->\n<title>Operaciones - MWM Operaciones<\/title>\n<meta name=\"description\" content=\"Los procesos de producci\u00f3n de MWM se caracterizan por una alta calidad de fabricaci\u00f3n y \u00f3ptimos beneficios.\" \/>\n<meta name=\"robots\" content=\"index, follow, max-snippet:-1, max-image-preview:large, max-video-preview:-1\" \/>\n<link rel=\"canonical\" href=\"https:\/\/www.mwm.net\/es\/excelencia-en-gas\/operaciones\/\" \/>\n<meta property=\"og:locale\" content=\"es_ES\" \/>\n<meta property=\"og:type\" content=\"article\" \/>\n<meta property=\"og:title\" content=\"Operaciones\" \/>\n<meta property=\"og:description\" content=\"Los procesos de producci\u00f3n de MWM se caracterizan por una alta calidad de fabricaci\u00f3n y \u00f3ptimos beneficios.\" \/>\n<meta property=\"og:url\" content=\"https:\/\/www.mwm.net\/es\/excelencia-en-gas\/operaciones\/\" \/>\n<meta property=\"og:site_name\" content=\"MWM\" \/>\n<meta property=\"article:modified_time\" content=\"2025-01-13T13:31:52+00:00\" \/>\n<meta property=\"og:image\" content=\"https:\/\/www.mwm.net\/wp-content\/uploads\/2021\/06\/mwm_operations.jpg\" \/>\n\t<meta property=\"og:image:width\" content=\"576\" \/>\n\t<meta property=\"og:image:height\" content=\"375\" \/>\n\t<meta property=\"og:image:type\" content=\"image\/jpeg\" \/>\n<meta name=\"twitter:card\" content=\"summary_large_image\" \/>\n<meta name=\"twitter:label1\" content=\"Tiempo de lectura\" \/>\n\t<meta name=\"twitter:data1\" content=\"5 minutos\" \/>\n<script type=\"application\/ld+json\" class=\"yoast-schema-graph\">{\"@context\":\"https:\/\/schema.org\",\"@graph\":[{\"@type\":\"WebPage\",\"@id\":\"https:\/\/www.mwm.net\/es\/excelencia-en-gas\/operaciones\/\",\"url\":\"https:\/\/www.mwm.net\/es\/excelencia-en-gas\/operaciones\/\",\"name\":\"Operaciones - MWM Operaciones\",\"isPartOf\":{\"@id\":\"https:\/\/www.mwm.net\/es\/#website\"},\"primaryImageOfPage\":{\"@id\":\"https:\/\/www.mwm.net\/es\/excelencia-en-gas\/operaciones\/#primaryimage\"},\"image\":{\"@id\":\"https:\/\/www.mwm.net\/es\/excelencia-en-gas\/operaciones\/#primaryimage\"},\"thumbnailUrl\":\"https:\/\/www.mwm.net\/wp-content\/uploads\/2021\/06\/mwm_operations.jpg\",\"datePublished\":\"2024-10-24T11:05:35+00:00\",\"dateModified\":\"2025-01-13T13:31:52+00:00\",\"description\":\"Los procesos de producci\u00f3n de MWM se caracterizan por una alta calidad de fabricaci\u00f3n y \u00f3ptimos beneficios.\",\"breadcrumb\":{\"@id\":\"https:\/\/www.mwm.net\/es\/excelencia-en-gas\/operaciones\/#breadcrumb\"},\"inLanguage\":\"es\",\"potentialAction\":[{\"@type\":\"ReadAction\",\"target\":[\"https:\/\/www.mwm.net\/es\/excelencia-en-gas\/operaciones\/\"]}]},{\"@type\":\"ImageObject\",\"inLanguage\":\"es\",\"@id\":\"https:\/\/www.mwm.net\/es\/excelencia-en-gas\/operaciones\/#primaryimage\",\"url\":\"https:\/\/www.mwm.net\/wp-content\/uploads\/2021\/06\/mwm_operations.jpg\",\"contentUrl\":\"https:\/\/www.mwm.net\/wp-content\/uploads\/2021\/06\/mwm_operations.jpg\",\"width\":576,\"height\":375},{\"@type\":\"BreadcrumbList\",\"@id\":\"https:\/\/www.mwm.net\/es\/excelencia-en-gas\/operaciones\/#breadcrumb\",\"itemListElement\":[{\"@type\":\"ListItem\",\"position\":1,\"name\":\"Home\",\"item\":\"https:\/\/www.mwm.net\/es\/\"},{\"@type\":\"ListItem\",\"position\":2,\"name\":\"Excelencia en gas\",\"item\":\"https:\/\/www.mwm.net\/es\/excelencia-en-gas\/\"},{\"@type\":\"ListItem\",\"position\":3,\"name\":\"Operaciones\"}]},{\"@type\":\"WebSite\",\"@id\":\"https:\/\/www.mwm.net\/es\/#website\",\"url\":\"https:\/\/www.mwm.net\/es\/\",\"name\":\"MWM\",\"description\":\"\",\"publisher\":{\"@id\":\"https:\/\/www.mwm.net\/es\/#organization\"},\"potentialAction\":[{\"@type\":\"SearchAction\",\"target\":{\"@type\":\"EntryPoint\",\"urlTemplate\":\"https:\/\/www.mwm.net\/es\/?s={search_term_string}\"},\"query-input\":{\"@type\":\"PropertyValueSpecification\",\"valueRequired\":true,\"valueName\":\"search_term_string\"}}],\"inLanguage\":\"es\"},{\"@type\":\"Organization\",\"@id\":\"https:\/\/www.mwm.net\/es\/#organization\",\"name\":\"Caterpillar Energy Solutions GmbH\",\"url\":\"https:\/\/www.mwm.net\/es\/\",\"logo\":{\"@type\":\"ImageObject\",\"inLanguage\":\"es\",\"@id\":\"https:\/\/www.mwm.net\/es\/#\/schema\/logo\/image\/\",\"url\":\"https:\/\/www.mwm.net\/wp-content\/uploads\/2022\/02\/logo2.jpg\",\"contentUrl\":\"https:\/\/www.mwm.net\/wp-content\/uploads\/2022\/02\/logo2.jpg\",\"width\":260,\"height\":142,\"caption\":\"Caterpillar Energy Solutions GmbH\"},\"image\":{\"@id\":\"https:\/\/www.mwm.net\/es\/#\/schema\/logo\/image\/\"}}]}<\/script>\n<!-- \/ Yoast SEO Premium plugin. -->","yoast_head_json":{"title":"Operaciones - MWM Operaciones","description":"Los procesos de producci\u00f3n de MWM se caracterizan por una alta calidad de fabricaci\u00f3n y \u00f3ptimos beneficios.","robots":{"index":"index","follow":"follow","max-snippet":"max-snippet:-1","max-image-preview":"max-image-preview:large","max-video-preview":"max-video-preview:-1"},"canonical":"https:\/\/www.mwm.net\/es\/excelencia-en-gas\/operaciones\/","og_locale":"es_ES","og_type":"article","og_title":"Operaciones","og_description":"Los procesos de producci\u00f3n de MWM se caracterizan por una alta calidad de fabricaci\u00f3n y \u00f3ptimos beneficios.","og_url":"https:\/\/www.mwm.net\/es\/excelencia-en-gas\/operaciones\/","og_site_name":"MWM","article_modified_time":"2025-01-13T13:31:52+00:00","og_image":[{"width":576,"height":375,"url":"https:\/\/www.mwm.net\/wp-content\/uploads\/2021\/06\/mwm_operations.jpg","type":"image\/jpeg"}],"twitter_card":"summary_large_image","twitter_misc":{"Tiempo de lectura":"5 minutos"},"schema":{"@context":"https:\/\/schema.org","@graph":[{"@type":"WebPage","@id":"https:\/\/www.mwm.net\/es\/excelencia-en-gas\/operaciones\/","url":"https:\/\/www.mwm.net\/es\/excelencia-en-gas\/operaciones\/","name":"Operaciones - MWM Operaciones","isPartOf":{"@id":"https:\/\/www.mwm.net\/es\/#website"},"primaryImageOfPage":{"@id":"https:\/\/www.mwm.net\/es\/excelencia-en-gas\/operaciones\/#primaryimage"},"image":{"@id":"https:\/\/www.mwm.net\/es\/excelencia-en-gas\/operaciones\/#primaryimage"},"thumbnailUrl":"https:\/\/www.mwm.net\/wp-content\/uploads\/2021\/06\/mwm_operations.jpg","datePublished":"2024-10-24T11:05:35+00:00","dateModified":"2025-01-13T13:31:52+00:00","description":"Los procesos de producci\u00f3n de MWM se caracterizan por una alta calidad de fabricaci\u00f3n y \u00f3ptimos beneficios.","breadcrumb":{"@id":"https:\/\/www.mwm.net\/es\/excelencia-en-gas\/operaciones\/#breadcrumb"},"inLanguage":"es","potentialAction":[{"@type":"ReadAction","target":["https:\/\/www.mwm.net\/es\/excelencia-en-gas\/operaciones\/"]}]},{"@type":"ImageObject","inLanguage":"es","@id":"https:\/\/www.mwm.net\/es\/excelencia-en-gas\/operaciones\/#primaryimage","url":"https:\/\/www.mwm.net\/wp-content\/uploads\/2021\/06\/mwm_operations.jpg","contentUrl":"https:\/\/www.mwm.net\/wp-content\/uploads\/2021\/06\/mwm_operations.jpg","width":576,"height":375},{"@type":"BreadcrumbList","@id":"https:\/\/www.mwm.net\/es\/excelencia-en-gas\/operaciones\/#breadcrumb","itemListElement":[{"@type":"ListItem","position":1,"name":"Home","item":"https:\/\/www.mwm.net\/es\/"},{"@type":"ListItem","position":2,"name":"Excelencia en gas","item":"https:\/\/www.mwm.net\/es\/excelencia-en-gas\/"},{"@type":"ListItem","position":3,"name":"Operaciones"}]},{"@type":"WebSite","@id":"https:\/\/www.mwm.net\/es\/#website","url":"https:\/\/www.mwm.net\/es\/","name":"MWM","description":"","publisher":{"@id":"https:\/\/www.mwm.net\/es\/#organization"},"potentialAction":[{"@type":"SearchAction","target":{"@type":"EntryPoint","urlTemplate":"https:\/\/www.mwm.net\/es\/?s={search_term_string}"},"query-input":{"@type":"PropertyValueSpecification","valueRequired":true,"valueName":"search_term_string"}}],"inLanguage":"es"},{"@type":"Organization","@id":"https:\/\/www.mwm.net\/es\/#organization","name":"Caterpillar Energy Solutions GmbH","url":"https:\/\/www.mwm.net\/es\/","logo":{"@type":"ImageObject","inLanguage":"es","@id":"https:\/\/www.mwm.net\/es\/#\/schema\/logo\/image\/","url":"https:\/\/www.mwm.net\/wp-content\/uploads\/2022\/02\/logo2.jpg","contentUrl":"https:\/\/www.mwm.net\/wp-content\/uploads\/2022\/02\/logo2.jpg","width":260,"height":142,"caption":"Caterpillar Energy Solutions GmbH"},"image":{"@id":"https:\/\/www.mwm.net\/es\/#\/schema\/logo\/image\/"}}]}},"_links":{"self":[{"href":"https:\/\/www.mwm.net\/es\/wp-json\/wp\/v2\/pages\/102768","targetHints":{"allow":["GET"]}}],"collection":[{"href":"https:\/\/www.mwm.net\/es\/wp-json\/wp\/v2\/pages"}],"about":[{"href":"https:\/\/www.mwm.net\/es\/wp-json\/wp\/v2\/types\/page"}],"author":[{"embeddable":true,"href":"https:\/\/www.mwm.net\/es\/wp-json\/wp\/v2\/users\/17"}],"replies":[{"embeddable":true,"href":"https:\/\/www.mwm.net\/es\/wp-json\/wp\/v2\/comments?post=102768"}],"version-history":[{"count":4,"href":"https:\/\/www.mwm.net\/es\/wp-json\/wp\/v2\/pages\/102768\/revisions"}],"predecessor-version":[{"id":107259,"href":"https:\/\/www.mwm.net\/es\/wp-json\/wp\/v2\/pages\/102768\/revisions\/107259"}],"up":[{"embeddable":true,"href":"https:\/\/www.mwm.net\/es\/wp-json\/wp\/v2\/pages\/107243"}],"wp:featuredmedia":[{"embeddable":true,"href":"https:\/\/www.mwm.net\/es\/wp-json\/wp\/v2\/media\/102772"}],"wp:attachment":[{"href":"https:\/\/www.mwm.net\/es\/wp-json\/wp\/v2\/media?parent=102768"}],"wp:term":[{"taxonomy":"post_tag","embeddable":true,"href":"https:\/\/www.mwm.net\/es\/wp-json\/wp\/v2\/tags?post=102768"}],"curies":[{"name":"wp","href":"https:\/\/api.w.org\/{rel}","templated":true}]}}