{"id":102778,"date":"2024-10-24T14:20:17","date_gmt":"2024-10-24T12:20:17","guid":{"rendered":"https:\/\/www.mwm.net\/?page_id=102778"},"modified":"2026-03-18T17:38:40","modified_gmt":"2026-03-18T15:38:40","slug":"calidad","status":"publish","type":"page","link":"https:\/\/www.mwm.net\/es\/excelencia-en-gas\/calidad\/","title":{"rendered":"Calidad"},"content":{"rendered":"<h2>Del aprovisionamiento al servicio: la calidad por encima de todo<\/h2>\n<p>Durante 150 a\u00f1os, nos hemos centrado sistem\u00e1ticamente en la m\u00e1xima calidad y en el desarrollo continuo de nuestros productos. Este enfoque es fundamental para identificar los futuros deseos de los clientes, los requisitos del mercado y del medio ambiente para poder cumplirlos de acuerdo con los elevados est\u00e1ndares de calidad de la marca MWM.<\/p>\n<div class=\"vdo_sec patch-content\">\n<div class=\"lyte-wrapper\" style=\"width:853px;max-width:100%;margin:5px;\"><div class=\"lyMe hidef\" id=\"WYL_qXPrC1oCny4\"><div id=\"lyte_qXPrC1oCny4\" data-src=\"https:\/\/www.mwm.net\/wp-content\/plugins\/wp-youtube-lyte\/lyteCache.php?origThumbUrl=%2F%2Fi.ytimg.com%2Fvi%2FqXPrC1oCny4%2Fmaxresdefault.jpg\" class=\"pL\"><div class=\"tC\"><div class=\"tT\"><\/div><\/div><div class=\"play\"><\/div><div class=\"ctrl\"><div class=\"Lctrl\"><\/div><div class=\"Rctrl\"><\/div><\/div><\/div><noscript><a href=\"https:\/\/youtu.be\/qXPrC1oCny4\" rel=\"nofollow\"><img decoding=\"async\" src=\"https:\/\/www.mwm.net\/wp-content\/plugins\/wp-youtube-lyte\/lyteCache.php?origThumbUrl=https%3A%2F%2Fi.ytimg.com%2Fvi%2FqXPrC1oCny4%2F0.jpg\" alt=\"YouTube video thumbnail\" width=\"853\" height=\"460\" \/><br \/>Mire este video en YouTube<\/a><\/noscript><\/div><\/div><div class=\"lL\" style=\"max-width:100%;width:853px;margin:5px;\"><br\/><span class=\"lyte_disclaimer\"><strong>AVISO DE PRIVACIDAD:<\/strong> Al reproducir un v\u00eddeo, se aplican las <a href=\"https:\/\/policies.google.com\/privacy?hl=es&amp;gl=es\">normas de privacidad de YouTube<\/a>.<\/span><\/div><\/p>\n<p>Todas las versiones del v\u00eddeo en otros idiomas en YouTube: <a title=\"MWM Built in Quality\" href=\"https:\/\/youtu.be\/qXPrC1oCny4\" target=\"_blank\" rel=\"noopener\">EN<\/a><br \/>\nDescargar v\u00eddeo:\u202f <a href=\"\/files\/upload\/mwm\/video\/MWM-Gas-Engines-Built-In-Quality-2022.mp4.zip\" title=\"Download Video MWM Built In Quality (EN)\">EN<\/a><br \/>\n(1,5 minutos, HD, 205 MB, MP4)<\/p>\n<\/div>\n<h2>Perfeccionismo<\/h2>\n<p>Todas las sedes de MWM cuentan con la certificaci\u00f3n ISO 9001:2015. Consideramos que el cumplimiento de las directrices aplicables no es un mero detalle, sino un requisito indispensable para nuestros clientes. Adem\u00e1s, aplicamos pol\u00edticas estrictas como herramientas estrat\u00e9gicas para el desarrollo continuo de nuestros empleados, productos y servicios. Por ejemplo, el \u00abprincipio de los cuatro ojos\u00bb se aplica con la ayuda de instrumentos y m\u00e9todos de calidad innovadores en todas las etapas del proceso, desde el desarrollo hasta la producci\u00f3n. <\/p>\n<p><img decoding=\"async\" class=\"size-full wp-image-88055 alignleft\" src=\"https:\/\/www.mwm.net\/wp-content\/uploads\/2024\/11\/mwm_qm_ES.jpg\" alt=\"Gesti\u00f3n de calidad MWM\" width=\"800\" height=\"563\" \/><\/p>\n<h2>Cualificaci\u00f3n del personal <\/h2>\n<p>Trabajar para MWM es tan exigente como gratificante. Todos los empleados poseen excelentes cualificaciones y una formaci\u00f3n profesional o acad\u00e9mica de primera clase. Adem\u00e1s, en MWM ponemos gran \u00e9nfasis en una amplia gama de opciones de formaci\u00f3n y educaci\u00f3n internas para promover el desarrollo continuo de nuestro equipo. <\/p>\n<h2>Producci\u00f3n moderna <\/h2>\n<p>Los modernos sistemas de producci\u00f3n de alto rendimiento garantizan una producci\u00f3n \u00f3ptima, la idoneidad de uso y la alta calidad de los productos MWM. <\/p>\n<figure id=\"attachment_84258\" aria-describedby=\"caption-attachment-84258\" style=\"width: 800px\" class=\"wp-caption alignleft\"><img decoding=\"async\" class=\"wp-image-84259 size-full\" src=\"https:\/\/www.mwm.net\/wp-content\/uploads\/2021\/04\/9395_45_rasterelektronenmikroskop_8.jpg\" alt=\"Microscopio electr\u00f3nico de barrido con microan\u00e1lisis de rayos X: examen de materiales, por ejemplo, en el curso de nuevos desarrollos\" width=\"800\" height=\"600\" \/><figcaption id=\"caption-attachment-84258\" class=\"wp-caption-text\">Fig. Microscopio electr\u00f3nico de barrido con microan\u00e1lisis de rayos X: examen de materiales, por ejemplo, en el curso de nuevos desarrollos<\/figcaption><\/figure>\n<h2>Participaci\u00f3n de los proveedores <\/h2>\n<p>La perfecta integraci\u00f3n de proveedores y prestadores de servicios acreditados en todos los procesos productivos y corporativos representa otro pilar de la filosof\u00eda de calidad de MWM. <\/p>\n<figure id=\"attachment_84260\" aria-describedby=\"caption-attachment-84260\" style=\"width: 800px\" class=\"wp-caption alignleft\"><img decoding=\"async\" class=\"wp-image-84261 size-full\" src=\"https:\/\/www.mwm.net\/wp-content\/uploads\/2021\/04\/3787_45_qualitaetsmanagement_800.jpg\" alt=\"Microscopio metalogr\u00e1fico y microdur\u00f3metro: pruebas de componentes, p. ej. durante la inspecci\u00f3n de entrada de productos\" width=\"800\" height=\"600\" \/><figcaption id=\"caption-attachment-84260\" class=\"wp-caption-text\">Fig. Microscopio metalogr\u00e1fico y microdur\u00f3metro: pruebas de componentes, p. ej. durante la inspecci\u00f3n de entrada de productos<\/figcaption><\/figure>\n<h2>Productos <\/h2>\n<p>La consecuente gesti\u00f3n de calidad de MWM garantiza productos con eficiencia perpetua y f\u00e1cil aplicaci\u00f3n, teniendo en cuenta las m\u00e1s estrictas normas medioambientales. <\/p>\n<h2>Servicio individual, competente y r\u00e1pido <\/h2>\n<p>El portal en l\u00ednea de MWM est\u00e1 a disposici\u00f3n de nuestros clientes las 24 horas del d\u00eda para sus necesidades de asesoramiento individual y para el suministro r\u00e1pido de piezas de repuesto. Esto garantiza conceptos de soluci\u00f3n a medida, tiempos de inactividad m\u00ednimos y, por tanto, una alta rentabilidad de planta.<\/p>\n<h2>Empresa de soldadura certificada <\/h2>\n<p>Somos una empresa de soldadura certificada que cumple las especificaciones de la norma EN ISO 3834-2:2021. Adem\u00e1s, exigimos a todos los proveedores de MWM que dispongan de las certificaciones de soldadura necesarias. <\/p>\n<figure id=\"attachment_84262\" aria-describedby=\"caption-attachment-84262\" style=\"width: 800px\" class=\"wp-caption alignleft\"><img decoding=\"async\" class=\"wp-image-84263 size-full\" src=\"https:\/\/www.mwm.net\/wp-content\/uploads\/2021\/04\/3734_45_3D-Koordinatenmessmaschine.jpg\" alt=\"M\u00e1quina de medici\u00f3n de coordenadas 3D: medici\u00f3n de piezas compradas durante la inspecci\u00f3n de entrada de productos y medici\u00f3n de piezas producidas internamente\" width=\"800\" height=\"600\" \/><figcaption id=\"caption-attachment-84262\" class=\"wp-caption-text\">Fig. M\u00e1quina de medici\u00f3n de coordenadas 3D: medici\u00f3n de piezas compradas durante la inspecci\u00f3n de entrada de productos y medici\u00f3n de piezas producidas internamente<\/figcaption><\/figure>\n<h2>Descargar certificados <\/h2>\n<ul>\n<li>Certificado DIN EN ISO 9001:2015 (Gesti\u00f3n de calidad) <a title=\"Descargar certificado\" href=\"\/wp-content\/uploads\/2025\/10\/TUEV-Zertifikat-ISO-9001_2015_D.pdf\" target=\"_blank\" rel=\"noopener\">DE<\/a> | <a href=\"\/wp-content\/uploads\/2025\/10\/TUEV-Zertifikat-ISO-9001_2015_E.pdf\" target=\"_blank\" rel=\"noopener\">EN<\/a><\/li>\n<li>Certificado DIN EN ISO 50001:2018 (Gesti\u00f3n de energ\u00eda) <a title=\"Descargar certificado\" href=\"\/wp-content\/uploads\/2025\/10\/TUEV-Zertifikat-ISO-50001_2018_D_00.pdf\" target=\"_blank\" rel=\"noopener\">DE<\/a> | <a href=\"\/wp-content\/uploads\/2025\/10\/TUEV-Zertifikat-ISO-50001_2018_E_00.pdf\" target=\"_blank\" rel=\"noopener\">EN<\/a><\/li>\n<li>Certificado DIN EN ISO 3834-2:2021 (Requisitos de calidad para soldadura) <a title=\"Descargar certificado\" href=\"\/wp-content\/uploads\/2026\/03\/Zertifikat-DIN-EN-ISO-3834-2_DE_DS.pdf\" target=\"_blank\" rel=\"noopener\">DE<\/a> | <a href=\"\/wp-content\/uploads\/2026\/03\/Certificate-DIN-EN-ISO-3834-2_EN_DS.pdf\" target=\"_blank\" rel=\"noopener\">EN<\/a><\/li>\n<\/ul>\n<div class=\"pro_grphc\">\n<div class=\"cntct_rght\"><a href=\"https:\/\/www.mwm.net\/es\/contacto\/contacto-general\/\">SERVICIO DE CONTACTO<strong> HAGA CLIC AQU\u00cd<\/strong><\/a><\/div>\n<\/div>\n","protected":false},"excerpt":{"rendered":"<p>La gesti\u00f3n de calidad de MWM garantiza la producci\u00f3n de motores de gas y grupos electr\u00f3genos eficientes y de f\u00e1cil aplicaci\u00f3n, teniendo en cuenta las normas medioambientales.<\/p>\n","protected":false},"author":17,"featured_media":102758,"parent":107243,"menu_order":0,"comment_status":"closed","ping_status":"closed","template":"page-sidebar-template.php","meta":{"_acf_changed":false,"footnotes":""},"tags":[],"class_list":["post-102778","page","type-page","status-publish","has-post-thumbnail","hentry"],"acf":[],"yoast_head":"<!-- This site is optimized with the Yoast SEO Premium plugin v27.2 (Yoast SEO v27.2) - https:\/\/yoast.com\/product\/yoast-seo-premium-wordpress\/ -->\n<title>Calidad - MWM Gesti\u00f3n de calidad de MWM<\/title>\n<meta name=\"description\" content=\"La gesti\u00f3n de calidad de MWM garantiza la producci\u00f3n de motores de gas y grupos electr\u00f3genos eficientes y de f\u00e1cil aplicaci\u00f3n, teniendo en cuenta las normas medioambientales.\" \/>\n<meta name=\"robots\" content=\"index, follow, max-snippet:-1, max-image-preview:large, max-video-preview:-1\" \/>\n<link rel=\"canonical\" href=\"https:\/\/www.mwm.net\/es\/excelencia-en-gas\/calidad\/\" \/>\n<meta property=\"og:locale\" content=\"es_ES\" \/>\n<meta property=\"og:type\" content=\"article\" \/>\n<meta property=\"og:title\" content=\"Calidad\" \/>\n<meta property=\"og:description\" content=\"La gesti\u00f3n de calidad de MWM garantiza la producci\u00f3n de motores de gas y grupos electr\u00f3genos eficientes y de f\u00e1cil aplicaci\u00f3n, teniendo en cuenta las normas medioambientales.\" \/>\n<meta property=\"og:url\" content=\"https:\/\/www.mwm.net\/es\/excelencia-en-gas\/calidad\/\" \/>\n<meta property=\"og:site_name\" content=\"MWM\" \/>\n<meta property=\"article:modified_time\" content=\"2026-03-18T15:38:40+00:00\" \/>\n<meta property=\"og:image\" content=\"https:\/\/www.mwm.net\/wp-content\/uploads\/2021\/06\/measurement_room.jpg\" \/>\n\t<meta property=\"og:image:width\" content=\"1201\" \/>\n\t<meta property=\"og:image:height\" content=\"671\" \/>\n\t<meta property=\"og:image:type\" content=\"image\/jpeg\" \/>\n<meta name=\"twitter:card\" content=\"summary_large_image\" \/>\n<meta name=\"twitter:label1\" content=\"Tiempo de lectura\" \/>\n\t<meta name=\"twitter:data1\" content=\"4 minutos\" \/>\n<script type=\"application\/ld+json\" class=\"yoast-schema-graph\">{\"@context\":\"https:\/\/schema.org\",\"@graph\":[{\"@type\":\"WebPage\",\"@id\":\"https:\/\/www.mwm.net\/es\/excelencia-en-gas\/calidad\/\",\"url\":\"https:\/\/www.mwm.net\/es\/excelencia-en-gas\/calidad\/\",\"name\":\"Calidad - MWM Gesti\u00f3n de calidad de MWM\",\"isPartOf\":{\"@id\":\"https:\/\/www.mwm.net\/es\/#website\"},\"primaryImageOfPage\":{\"@id\":\"https:\/\/www.mwm.net\/es\/excelencia-en-gas\/calidad\/#primaryimage\"},\"image\":{\"@id\":\"https:\/\/www.mwm.net\/es\/excelencia-en-gas\/calidad\/#primaryimage\"},\"thumbnailUrl\":\"https:\/\/www.mwm.net\/wp-content\/uploads\/2021\/06\/measurement_room.jpg\",\"datePublished\":\"2024-10-24T12:20:17+00:00\",\"dateModified\":\"2026-03-18T15:38:40+00:00\",\"description\":\"La gesti\u00f3n de calidad de MWM garantiza la producci\u00f3n de motores de gas y grupos electr\u00f3genos eficientes y de f\u00e1cil aplicaci\u00f3n, teniendo en cuenta las normas medioambientales.\",\"breadcrumb\":{\"@id\":\"https:\/\/www.mwm.net\/es\/excelencia-en-gas\/calidad\/#breadcrumb\"},\"inLanguage\":\"es\",\"potentialAction\":[{\"@type\":\"ReadAction\",\"target\":[\"https:\/\/www.mwm.net\/es\/excelencia-en-gas\/calidad\/\"]}]},{\"@type\":\"ImageObject\",\"inLanguage\":\"es\",\"@id\":\"https:\/\/www.mwm.net\/es\/excelencia-en-gas\/calidad\/#primaryimage\",\"url\":\"https:\/\/www.mwm.net\/wp-content\/uploads\/2021\/06\/measurement_room.jpg\",\"contentUrl\":\"https:\/\/www.mwm.net\/wp-content\/uploads\/2021\/06\/measurement_room.jpg\",\"width\":1201,\"height\":671},{\"@type\":\"BreadcrumbList\",\"@id\":\"https:\/\/www.mwm.net\/es\/excelencia-en-gas\/calidad\/#breadcrumb\",\"itemListElement\":[{\"@type\":\"ListItem\",\"position\":1,\"name\":\"Home\",\"item\":\"https:\/\/www.mwm.net\/es\/\"},{\"@type\":\"ListItem\",\"position\":2,\"name\":\"Excelencia en gas\",\"item\":\"https:\/\/www.mwm.net\/es\/excelencia-en-gas\/\"},{\"@type\":\"ListItem\",\"position\":3,\"name\":\"Calidad\"}]},{\"@type\":\"WebSite\",\"@id\":\"https:\/\/www.mwm.net\/es\/#website\",\"url\":\"https:\/\/www.mwm.net\/es\/\",\"name\":\"MWM\",\"description\":\"\",\"publisher\":{\"@id\":\"https:\/\/www.mwm.net\/es\/#organization\"},\"potentialAction\":[{\"@type\":\"SearchAction\",\"target\":{\"@type\":\"EntryPoint\",\"urlTemplate\":\"https:\/\/www.mwm.net\/es\/?s={search_term_string}\"},\"query-input\":{\"@type\":\"PropertyValueSpecification\",\"valueRequired\":true,\"valueName\":\"search_term_string\"}}],\"inLanguage\":\"es\"},{\"@type\":\"Organization\",\"@id\":\"https:\/\/www.mwm.net\/es\/#organization\",\"name\":\"Caterpillar Energy Solutions GmbH\",\"url\":\"https:\/\/www.mwm.net\/es\/\",\"logo\":{\"@type\":\"ImageObject\",\"inLanguage\":\"es\",\"@id\":\"https:\/\/www.mwm.net\/es\/#\/schema\/logo\/image\/\",\"url\":\"https:\/\/www.mwm.net\/wp-content\/uploads\/2022\/02\/logo2.jpg\",\"contentUrl\":\"https:\/\/www.mwm.net\/wp-content\/uploads\/2022\/02\/logo2.jpg\",\"width\":260,\"height\":142,\"caption\":\"Caterpillar Energy Solutions GmbH\"},\"image\":{\"@id\":\"https:\/\/www.mwm.net\/es\/#\/schema\/logo\/image\/\"}}]}<\/script>\n<!-- \/ Yoast SEO Premium plugin. -->","yoast_head_json":{"title":"Calidad - MWM Gesti\u00f3n de calidad de MWM","description":"La gesti\u00f3n de calidad de MWM garantiza la producci\u00f3n de motores de gas y grupos electr\u00f3genos eficientes y de f\u00e1cil aplicaci\u00f3n, teniendo en cuenta las normas medioambientales.","robots":{"index":"index","follow":"follow","max-snippet":"max-snippet:-1","max-image-preview":"max-image-preview:large","max-video-preview":"max-video-preview:-1"},"canonical":"https:\/\/www.mwm.net\/es\/excelencia-en-gas\/calidad\/","og_locale":"es_ES","og_type":"article","og_title":"Calidad","og_description":"La gesti\u00f3n de calidad de MWM garantiza la producci\u00f3n de motores de gas y grupos electr\u00f3genos eficientes y de f\u00e1cil aplicaci\u00f3n, teniendo en cuenta las normas medioambientales.","og_url":"https:\/\/www.mwm.net\/es\/excelencia-en-gas\/calidad\/","og_site_name":"MWM","article_modified_time":"2026-03-18T15:38:40+00:00","og_image":[{"width":1201,"height":671,"url":"https:\/\/www.mwm.net\/wp-content\/uploads\/2021\/06\/measurement_room.jpg","type":"image\/jpeg"}],"twitter_card":"summary_large_image","twitter_misc":{"Tiempo de lectura":"4 minutos"},"schema":{"@context":"https:\/\/schema.org","@graph":[{"@type":"WebPage","@id":"https:\/\/www.mwm.net\/es\/excelencia-en-gas\/calidad\/","url":"https:\/\/www.mwm.net\/es\/excelencia-en-gas\/calidad\/","name":"Calidad - MWM Gesti\u00f3n de calidad de MWM","isPartOf":{"@id":"https:\/\/www.mwm.net\/es\/#website"},"primaryImageOfPage":{"@id":"https:\/\/www.mwm.net\/es\/excelencia-en-gas\/calidad\/#primaryimage"},"image":{"@id":"https:\/\/www.mwm.net\/es\/excelencia-en-gas\/calidad\/#primaryimage"},"thumbnailUrl":"https:\/\/www.mwm.net\/wp-content\/uploads\/2021\/06\/measurement_room.jpg","datePublished":"2024-10-24T12:20:17+00:00","dateModified":"2026-03-18T15:38:40+00:00","description":"La gesti\u00f3n de calidad de MWM garantiza la producci\u00f3n de motores de gas y grupos electr\u00f3genos eficientes y de f\u00e1cil aplicaci\u00f3n, teniendo en cuenta las normas medioambientales.","breadcrumb":{"@id":"https:\/\/www.mwm.net\/es\/excelencia-en-gas\/calidad\/#breadcrumb"},"inLanguage":"es","potentialAction":[{"@type":"ReadAction","target":["https:\/\/www.mwm.net\/es\/excelencia-en-gas\/calidad\/"]}]},{"@type":"ImageObject","inLanguage":"es","@id":"https:\/\/www.mwm.net\/es\/excelencia-en-gas\/calidad\/#primaryimage","url":"https:\/\/www.mwm.net\/wp-content\/uploads\/2021\/06\/measurement_room.jpg","contentUrl":"https:\/\/www.mwm.net\/wp-content\/uploads\/2021\/06\/measurement_room.jpg","width":1201,"height":671},{"@type":"BreadcrumbList","@id":"https:\/\/www.mwm.net\/es\/excelencia-en-gas\/calidad\/#breadcrumb","itemListElement":[{"@type":"ListItem","position":1,"name":"Home","item":"https:\/\/www.mwm.net\/es\/"},{"@type":"ListItem","position":2,"name":"Excelencia en gas","item":"https:\/\/www.mwm.net\/es\/excelencia-en-gas\/"},{"@type":"ListItem","position":3,"name":"Calidad"}]},{"@type":"WebSite","@id":"https:\/\/www.mwm.net\/es\/#website","url":"https:\/\/www.mwm.net\/es\/","name":"MWM","description":"","publisher":{"@id":"https:\/\/www.mwm.net\/es\/#organization"},"potentialAction":[{"@type":"SearchAction","target":{"@type":"EntryPoint","urlTemplate":"https:\/\/www.mwm.net\/es\/?s={search_term_string}"},"query-input":{"@type":"PropertyValueSpecification","valueRequired":true,"valueName":"search_term_string"}}],"inLanguage":"es"},{"@type":"Organization","@id":"https:\/\/www.mwm.net\/es\/#organization","name":"Caterpillar Energy Solutions GmbH","url":"https:\/\/www.mwm.net\/es\/","logo":{"@type":"ImageObject","inLanguage":"es","@id":"https:\/\/www.mwm.net\/es\/#\/schema\/logo\/image\/","url":"https:\/\/www.mwm.net\/wp-content\/uploads\/2022\/02\/logo2.jpg","contentUrl":"https:\/\/www.mwm.net\/wp-content\/uploads\/2022\/02\/logo2.jpg","width":260,"height":142,"caption":"Caterpillar Energy Solutions GmbH"},"image":{"@id":"https:\/\/www.mwm.net\/es\/#\/schema\/logo\/image\/"}}]}},"_links":{"self":[{"href":"https:\/\/www.mwm.net\/es\/wp-json\/wp\/v2\/pages\/102778","targetHints":{"allow":["GET"]}}],"collection":[{"href":"https:\/\/www.mwm.net\/es\/wp-json\/wp\/v2\/pages"}],"about":[{"href":"https:\/\/www.mwm.net\/es\/wp-json\/wp\/v2\/types\/page"}],"author":[{"embeddable":true,"href":"https:\/\/www.mwm.net\/es\/wp-json\/wp\/v2\/users\/17"}],"replies":[{"embeddable":true,"href":"https:\/\/www.mwm.net\/es\/wp-json\/wp\/v2\/comments?post=102778"}],"version-history":[{"count":6,"href":"https:\/\/www.mwm.net\/es\/wp-json\/wp\/v2\/pages\/102778\/revisions"}],"predecessor-version":[{"id":112476,"href":"https:\/\/www.mwm.net\/es\/wp-json\/wp\/v2\/pages\/102778\/revisions\/112476"}],"up":[{"embeddable":true,"href":"https:\/\/www.mwm.net\/es\/wp-json\/wp\/v2\/pages\/107243"}],"wp:featuredmedia":[{"embeddable":true,"href":"https:\/\/www.mwm.net\/es\/wp-json\/wp\/v2\/media\/102758"}],"wp:attachment":[{"href":"https:\/\/www.mwm.net\/es\/wp-json\/wp\/v2\/media?parent=102778"}],"wp:term":[{"taxonomy":"post_tag","embeddable":true,"href":"https:\/\/www.mwm.net\/es\/wp-json\/wp\/v2\/tags?post=102778"}],"curies":[{"name":"wp","href":"https:\/\/api.w.org\/{rel}","templated":true}]}}