{"id":102789,"date":"2024-10-24T14:41:26","date_gmt":"2024-10-24T12:41:26","guid":{"rendered":"https:\/\/www.mwm.net\/?page_id=102789"},"modified":"2025-01-13T15:34:17","modified_gmt":"2025-01-13T13:34:17","slug":"sostenibilidad","status":"publish","type":"page","link":"https:\/\/www.mwm.net\/es\/excelencia-en-gas\/sostenibilidad\/","title":{"rendered":"Sostenibilidad"},"content":{"rendered":"<h2>Uso sostenible de los recursos naturales <\/h2>\n<p>La actividad econ\u00f3mica siempre implica intervenciones en el entorno natural. Por lo tanto, estamos convencidos de que la sostenibilidad medioambiental y el uso sostenible de los recursos naturales son una expresi\u00f3n del sentido de responsabilidad empresarial. Con nuestra marca MWM, asumimos esta responsabilidad mejorando continuamente la sostenibilidad medioambiental de nuestros  <a href=\"https:\/\/www.mwm.net\/en\/gas-engines-gensets\/\">motores de gas y grupos electr\u00f3genos <\/a> reduciendo as\u00ed el uso de los recursos naturales.<\/p>\n<h2>Soluciones empresariales sostenibles <\/h2>\n<p>Para MWM, sostenibilidad significa eficiencia econ\u00f3mica a largo plazo con un uso moderado de recursos. Desde la producci\u00f3n hasta el desecho, todos los productos se caracterizan por un enfoque en la sostenibilidad. Porque en MWM estamos convencidos de que la sostenibilidad ecol\u00f3gica y la eficiencia econ\u00f3mica van de la mano.<\/p>\n<h2>Productos de alta calidad y eficiencia energ\u00e9tica <\/h2>\n<p>Los motores de gas y grupos electr\u00f3genos MWM gozan de una excelente reputaci\u00f3n en todo el mundo. Esto constituye la base de un deber que MWM acepta y cumple con sus clientes, empleados y la sociedad. La calidad superior y la eficiencia de los productos representan el n\u00facleo de la promesa de MWM. <\/p>\n<h2>Sistema de gesti\u00f3n medioambiental <\/h2>\n<p>La introducci\u00f3n de un sistema de gesti\u00f3n medioambiental conforme a la norma DIN EN ISO 14001 garantiza a clientes, empleados, proveedores y a la sociedad el compromiso de MWM con la sostenibilidad sistem\u00e1tica en todos los \u00e1mbitos de la empresa. <\/p>\n<h2>Gesti\u00f3n medioambiental certificada <\/h2>\n<p>Ofrecemos una amplia gama de <a href=\"https:\/\/www.mwm.net\/en\/gas-engines-gensets\/\">motores de gas y generadores de energ\u00eda <\/a> as\u00ed como <a href=\"https:\/\/www.mwm.net\/en\/gas-expertise\/cogeneration-trigeneration-plants\/\">plantas de cogeneraci\u00f3n <\/a> llave en mano que cumplen los m\u00e1s exigentes requisitos de calidad y las m\u00e1s estrictas normas internacionales sobre contaminaci\u00f3n y consumo de combustible. Para poder seguir identificando e incorporando los futuros requisitos medioambientales, MWM depende de la investigaci\u00f3n y el desarrollo intensivos. Adem\u00e1s, los clientes de MWM reciben un asesoramiento completo sobre el manejo \u00f3ptimo, econ\u00f3mico y ecol\u00f3gico de los productos. A partir de ahora, este enfoque hol\u00edstico, que MWM viene aplicando desde hace muchos a\u00f1os, se complementar\u00e1 y garantizar\u00e1 de forma permanente mediante la introducci\u00f3n de un sistema de gesti\u00f3n de calidad certificado.<\/p>\n<div class=\"pro_grphc\">\n<div class=\"cntct_rght\"><a href=\"https:\/\/www.mwm.net\/es\/contacto\/contacto-general\/\">SERVICIO DE CONTACTO<strong> HAGA CLIC AQU\u00cd<\/strong><\/a><\/div>\n<\/div>\n","protected":false},"excerpt":{"rendered":"<p>MWM mejora continuamente la sostenibilidad medioambiental de sus motores de gas y grupos electr\u00f3genos, reduciendo as\u00ed el uso de recursos naturales.<\/p>\n","protected":false},"author":17,"featured_media":102756,"parent":107243,"menu_order":0,"comment_status":"closed","ping_status":"closed","template":"page-sidebar-template.php","meta":{"_acf_changed":false,"footnotes":""},"tags":[],"class_list":["post-102789","page","type-page","status-publish","has-post-thumbnail","hentry"],"acf":[],"yoast_head":"<!-- This site is optimized with the Yoast SEO Premium plugin v27.2 (Yoast SEO v27.2) - https:\/\/yoast.com\/product\/yoast-seo-premium-wordpress\/ -->\n<title>Sostenibilidad - MWM Sostenibilidad<\/title>\n<meta name=\"description\" content=\"MWM mejora continuamente la sostenibilidad medioambiental de sus motores de gas y grupos electr\u00f3genos, reduciendo as\u00ed el uso de recursos naturales.\" \/>\n<meta name=\"robots\" content=\"index, follow, max-snippet:-1, max-image-preview:large, max-video-preview:-1\" \/>\n<link rel=\"canonical\" href=\"https:\/\/www.mwm.net\/es\/excelencia-en-gas\/sostenibilidad\/\" \/>\n<meta property=\"og:locale\" content=\"es_ES\" \/>\n<meta property=\"og:type\" content=\"article\" \/>\n<meta property=\"og:title\" content=\"Sostenibilidad\" \/>\n<meta property=\"og:description\" content=\"MWM mejora continuamente la sostenibilidad medioambiental de sus motores de gas y grupos electr\u00f3genos, reduciendo as\u00ed el uso de recursos naturales.\" \/>\n<meta property=\"og:url\" content=\"https:\/\/www.mwm.net\/es\/excelencia-en-gas\/sostenibilidad\/\" \/>\n<meta property=\"og:site_name\" content=\"MWM\" \/>\n<meta property=\"article:modified_time\" content=\"2025-01-13T13:34:17+00:00\" \/>\n<meta property=\"og:image\" content=\"https:\/\/www.mwm.net\/wp-content\/uploads\/2021\/04\/nachhaltigkeit_800.jpg\" \/>\n\t<meta property=\"og:image:width\" content=\"800\" \/>\n\t<meta property=\"og:image:height\" content=\"600\" \/>\n\t<meta property=\"og:image:type\" content=\"image\/jpeg\" \/>\n<meta name=\"twitter:card\" content=\"summary_large_image\" \/>\n<meta name=\"twitter:label1\" content=\"Tiempo de lectura\" \/>\n\t<meta name=\"twitter:data1\" content=\"3 minutos\" \/>\n<script type=\"application\/ld+json\" class=\"yoast-schema-graph\">{\"@context\":\"https:\/\/schema.org\",\"@graph\":[{\"@type\":\"WebPage\",\"@id\":\"https:\/\/www.mwm.net\/es\/excelencia-en-gas\/sostenibilidad\/\",\"url\":\"https:\/\/www.mwm.net\/es\/excelencia-en-gas\/sostenibilidad\/\",\"name\":\"Sostenibilidad - MWM Sostenibilidad\",\"isPartOf\":{\"@id\":\"https:\/\/www.mwm.net\/es\/#website\"},\"primaryImageOfPage\":{\"@id\":\"https:\/\/www.mwm.net\/es\/excelencia-en-gas\/sostenibilidad\/#primaryimage\"},\"image\":{\"@id\":\"https:\/\/www.mwm.net\/es\/excelencia-en-gas\/sostenibilidad\/#primaryimage\"},\"thumbnailUrl\":\"https:\/\/www.mwm.net\/wp-content\/uploads\/2021\/04\/nachhaltigkeit_800.jpg\",\"datePublished\":\"2024-10-24T12:41:26+00:00\",\"dateModified\":\"2025-01-13T13:34:17+00:00\",\"description\":\"MWM mejora continuamente la sostenibilidad medioambiental de sus motores de gas y grupos electr\u00f3genos, reduciendo as\u00ed el uso de recursos naturales.\",\"breadcrumb\":{\"@id\":\"https:\/\/www.mwm.net\/es\/excelencia-en-gas\/sostenibilidad\/#breadcrumb\"},\"inLanguage\":\"es\",\"potentialAction\":[{\"@type\":\"ReadAction\",\"target\":[\"https:\/\/www.mwm.net\/es\/excelencia-en-gas\/sostenibilidad\/\"]}]},{\"@type\":\"ImageObject\",\"inLanguage\":\"es\",\"@id\":\"https:\/\/www.mwm.net\/es\/excelencia-en-gas\/sostenibilidad\/#primaryimage\",\"url\":\"https:\/\/www.mwm.net\/wp-content\/uploads\/2021\/04\/nachhaltigkeit_800.jpg\",\"contentUrl\":\"https:\/\/www.mwm.net\/wp-content\/uploads\/2021\/04\/nachhaltigkeit_800.jpg\",\"width\":800,\"height\":600},{\"@type\":\"BreadcrumbList\",\"@id\":\"https:\/\/www.mwm.net\/es\/excelencia-en-gas\/sostenibilidad\/#breadcrumb\",\"itemListElement\":[{\"@type\":\"ListItem\",\"position\":1,\"name\":\"Home\",\"item\":\"https:\/\/www.mwm.net\/es\/\"},{\"@type\":\"ListItem\",\"position\":2,\"name\":\"Excelencia en gas\",\"item\":\"https:\/\/www.mwm.net\/es\/excelencia-en-gas\/\"},{\"@type\":\"ListItem\",\"position\":3,\"name\":\"Sostenibilidad\"}]},{\"@type\":\"WebSite\",\"@id\":\"https:\/\/www.mwm.net\/es\/#website\",\"url\":\"https:\/\/www.mwm.net\/es\/\",\"name\":\"MWM\",\"description\":\"\",\"publisher\":{\"@id\":\"https:\/\/www.mwm.net\/es\/#organization\"},\"potentialAction\":[{\"@type\":\"SearchAction\",\"target\":{\"@type\":\"EntryPoint\",\"urlTemplate\":\"https:\/\/www.mwm.net\/es\/?s={search_term_string}\"},\"query-input\":{\"@type\":\"PropertyValueSpecification\",\"valueRequired\":true,\"valueName\":\"search_term_string\"}}],\"inLanguage\":\"es\"},{\"@type\":\"Organization\",\"@id\":\"https:\/\/www.mwm.net\/es\/#organization\",\"name\":\"Caterpillar Energy Solutions GmbH\",\"url\":\"https:\/\/www.mwm.net\/es\/\",\"logo\":{\"@type\":\"ImageObject\",\"inLanguage\":\"es\",\"@id\":\"https:\/\/www.mwm.net\/es\/#\/schema\/logo\/image\/\",\"url\":\"https:\/\/www.mwm.net\/wp-content\/uploads\/2022\/02\/logo2.jpg\",\"contentUrl\":\"https:\/\/www.mwm.net\/wp-content\/uploads\/2022\/02\/logo2.jpg\",\"width\":260,\"height\":142,\"caption\":\"Caterpillar Energy Solutions GmbH\"},\"image\":{\"@id\":\"https:\/\/www.mwm.net\/es\/#\/schema\/logo\/image\/\"}}]}<\/script>\n<!-- \/ Yoast SEO Premium plugin. -->","yoast_head_json":{"title":"Sostenibilidad - MWM Sostenibilidad","description":"MWM mejora continuamente la sostenibilidad medioambiental de sus motores de gas y grupos electr\u00f3genos, reduciendo as\u00ed el uso de recursos naturales.","robots":{"index":"index","follow":"follow","max-snippet":"max-snippet:-1","max-image-preview":"max-image-preview:large","max-video-preview":"max-video-preview:-1"},"canonical":"https:\/\/www.mwm.net\/es\/excelencia-en-gas\/sostenibilidad\/","og_locale":"es_ES","og_type":"article","og_title":"Sostenibilidad","og_description":"MWM mejora continuamente la sostenibilidad medioambiental de sus motores de gas y grupos electr\u00f3genos, reduciendo as\u00ed el uso de recursos naturales.","og_url":"https:\/\/www.mwm.net\/es\/excelencia-en-gas\/sostenibilidad\/","og_site_name":"MWM","article_modified_time":"2025-01-13T13:34:17+00:00","og_image":[{"width":800,"height":600,"url":"https:\/\/www.mwm.net\/wp-content\/uploads\/2021\/04\/nachhaltigkeit_800.jpg","type":"image\/jpeg"}],"twitter_card":"summary_large_image","twitter_misc":{"Tiempo de lectura":"3 minutos"},"schema":{"@context":"https:\/\/schema.org","@graph":[{"@type":"WebPage","@id":"https:\/\/www.mwm.net\/es\/excelencia-en-gas\/sostenibilidad\/","url":"https:\/\/www.mwm.net\/es\/excelencia-en-gas\/sostenibilidad\/","name":"Sostenibilidad - MWM Sostenibilidad","isPartOf":{"@id":"https:\/\/www.mwm.net\/es\/#website"},"primaryImageOfPage":{"@id":"https:\/\/www.mwm.net\/es\/excelencia-en-gas\/sostenibilidad\/#primaryimage"},"image":{"@id":"https:\/\/www.mwm.net\/es\/excelencia-en-gas\/sostenibilidad\/#primaryimage"},"thumbnailUrl":"https:\/\/www.mwm.net\/wp-content\/uploads\/2021\/04\/nachhaltigkeit_800.jpg","datePublished":"2024-10-24T12:41:26+00:00","dateModified":"2025-01-13T13:34:17+00:00","description":"MWM mejora continuamente la sostenibilidad medioambiental de sus motores de gas y grupos electr\u00f3genos, reduciendo as\u00ed el uso de recursos naturales.","breadcrumb":{"@id":"https:\/\/www.mwm.net\/es\/excelencia-en-gas\/sostenibilidad\/#breadcrumb"},"inLanguage":"es","potentialAction":[{"@type":"ReadAction","target":["https:\/\/www.mwm.net\/es\/excelencia-en-gas\/sostenibilidad\/"]}]},{"@type":"ImageObject","inLanguage":"es","@id":"https:\/\/www.mwm.net\/es\/excelencia-en-gas\/sostenibilidad\/#primaryimage","url":"https:\/\/www.mwm.net\/wp-content\/uploads\/2021\/04\/nachhaltigkeit_800.jpg","contentUrl":"https:\/\/www.mwm.net\/wp-content\/uploads\/2021\/04\/nachhaltigkeit_800.jpg","width":800,"height":600},{"@type":"BreadcrumbList","@id":"https:\/\/www.mwm.net\/es\/excelencia-en-gas\/sostenibilidad\/#breadcrumb","itemListElement":[{"@type":"ListItem","position":1,"name":"Home","item":"https:\/\/www.mwm.net\/es\/"},{"@type":"ListItem","position":2,"name":"Excelencia en gas","item":"https:\/\/www.mwm.net\/es\/excelencia-en-gas\/"},{"@type":"ListItem","position":3,"name":"Sostenibilidad"}]},{"@type":"WebSite","@id":"https:\/\/www.mwm.net\/es\/#website","url":"https:\/\/www.mwm.net\/es\/","name":"MWM","description":"","publisher":{"@id":"https:\/\/www.mwm.net\/es\/#organization"},"potentialAction":[{"@type":"SearchAction","target":{"@type":"EntryPoint","urlTemplate":"https:\/\/www.mwm.net\/es\/?s={search_term_string}"},"query-input":{"@type":"PropertyValueSpecification","valueRequired":true,"valueName":"search_term_string"}}],"inLanguage":"es"},{"@type":"Organization","@id":"https:\/\/www.mwm.net\/es\/#organization","name":"Caterpillar Energy Solutions GmbH","url":"https:\/\/www.mwm.net\/es\/","logo":{"@type":"ImageObject","inLanguage":"es","@id":"https:\/\/www.mwm.net\/es\/#\/schema\/logo\/image\/","url":"https:\/\/www.mwm.net\/wp-content\/uploads\/2022\/02\/logo2.jpg","contentUrl":"https:\/\/www.mwm.net\/wp-content\/uploads\/2022\/02\/logo2.jpg","width":260,"height":142,"caption":"Caterpillar Energy Solutions GmbH"},"image":{"@id":"https:\/\/www.mwm.net\/es\/#\/schema\/logo\/image\/"}}]}},"_links":{"self":[{"href":"https:\/\/www.mwm.net\/es\/wp-json\/wp\/v2\/pages\/102789","targetHints":{"allow":["GET"]}}],"collection":[{"href":"https:\/\/www.mwm.net\/es\/wp-json\/wp\/v2\/pages"}],"about":[{"href":"https:\/\/www.mwm.net\/es\/wp-json\/wp\/v2\/types\/page"}],"author":[{"embeddable":true,"href":"https:\/\/www.mwm.net\/es\/wp-json\/wp\/v2\/users\/17"}],"replies":[{"embeddable":true,"href":"https:\/\/www.mwm.net\/es\/wp-json\/wp\/v2\/comments?post=102789"}],"version-history":[{"count":5,"href":"https:\/\/www.mwm.net\/es\/wp-json\/wp\/v2\/pages\/102789\/revisions"}],"predecessor-version":[{"id":107305,"href":"https:\/\/www.mwm.net\/es\/wp-json\/wp\/v2\/pages\/102789\/revisions\/107305"}],"up":[{"embeddable":true,"href":"https:\/\/www.mwm.net\/es\/wp-json\/wp\/v2\/pages\/107243"}],"wp:featuredmedia":[{"embeddable":true,"href":"https:\/\/www.mwm.net\/es\/wp-json\/wp\/v2\/media\/102756"}],"wp:attachment":[{"href":"https:\/\/www.mwm.net\/es\/wp-json\/wp\/v2\/media?parent=102789"}],"wp:term":[{"taxonomy":"post_tag","embeddable":true,"href":"https:\/\/www.mwm.net\/es\/wp-json\/wp\/v2\/tags?post=102789"}],"curies":[{"name":"wp","href":"https:\/\/api.w.org\/{rel}","templated":true}]}}