{"id":102805,"date":"2024-11-05T13:25:13","date_gmt":"2024-11-05T11:25:13","guid":{"rendered":"https:\/\/www.mwm.net\/?page_id=102805"},"modified":"2025-01-13T15:36:30","modified_gmt":"2025-01-13T13:36:30","slug":"seguridad-cibernetica","status":"publish","type":"page","link":"https:\/\/www.mwm.net\/es\/excelencia-en-gas\/seguridad-cibernetica\/","title":{"rendered":"Ciberseguridad MWM"},"content":{"rendered":"<h2 class=\"subheadline noborder\">Proteja su planta de energ\u00eda y su motor de gas con eficiencia optando por las medidas de ciberseguridad de MWM. <\/h2>\n<div class=\"patch-content\">\n<ul class=\"advntgs\" style=\"list-style: none; list-style-type: '\u00a0\u2713\u00a0'; font-family: 'roboto_bold'; font-weight: normal;\">\n<li>Red privada virtual (VPN) como tecnolog\u00eda moderna para la transmisi\u00f3n de datos cifrados y autenticaci\u00f3n segura<\/li>\n<li>Defensa en profundidad para proteger su planta de energ\u00eda y el motor de gas MWM de ataques a la red<\/li>\n<li>Controles de acceso basados en roles con autenticaci\u00f3n de dos factores<\/li>\n<li>Mantenimiento proactivo regular<\/li>\n<li>Uso de hardware de seguridad moderno y actualizaciones de software continuas<\/li>\n<li>F\u00e1cil retroadaptaci\u00f3n del acceso seguro al mantenimiento remoto para plantas existentes con una puerta de enlace de planta remota (TPEM y TEM)<\/li>\n<\/ul>\n<\/div>\n<h2 class=\"subheadline noborder\">\u00bfNecesito proteger mi planta de cogeneraci\u00f3n de ataques cibern\u00e9ticos? <\/h2>\n<p>Factores como el avance de la digitalizaci\u00f3n en la industria energ\u00e9tica y el mayor uso de sistemas ciberf\u00edsicos est\u00e1n asociados con un mayor riesgo de ataques cibern\u00e9ticos a la infraestructura cr\u00edtica, incluidas las <a href=\"https:\/\/www.mwm.net\/es\/plantas-de-energia-distribuida\/\">plantas de cogeneraci\u00f3n<\/a>. El registro y procesamiento de datos operativos, as\u00ed como la intervenci\u00f3n en el proceso operativo, hacen que las plantas de energ\u00eda industriales con motores de gas sean un objetivo potencial de ataques cibern\u00e9ticos. Dichos ataques pueden causar interrupciones considerables e perturbar las operaciones. <\/p>\n<p>Para garantizar la seguridad de su planta de cogeneraci\u00f3n, debe implementar medidas de ciberseguridad eficaces contra el acceso no autorizado, el malware y las interrupciones del servicio. El cifrado seguro de datos protege las plantas de energ\u00eda y sus datos confidenciales contra el acceso y la manipulaci\u00f3n no autorizados, lo que podr\u00eda provocar la p\u00e9rdida de datos o interrupciones operativas.<\/p>\n<h2 class=\"subheadline\">\u00bfQu\u00e9 medidas de seguridad ofrece MWM para el mantenimiento y la monitorizaci\u00f3n a distancia de mi planta de cogeneraci\u00f3n?<\/h2>\n<p>Con sus soluciones digitales, MWM ofrece monitorizaci\u00f3n en tiempo real de su sistema energ\u00e9tico y acceso remoto. MWM utiliza tecnolog\u00edas de cifrado y autenticaci\u00f3n con un enrutador de red privada virtual (VPN) en el lado de la planta, la puerta de enlace de planta remota (RPG), para garantizar un mantenimiento y una monitorizaci\u00f3n remotos y seguros de su planta de cogeneraci\u00f3n. El enrutador RPG establece autom\u00e1ticamente una conexi\u00f3n VPN con el servidor de mantenimiento remoto de MWM, el servidor de encuentro. De este modo, no es necesario realizar conexiones entrantes con la red del cliente y de la planta. El acceso remoto solo est\u00e1 permitido si lo inicia un cliente\/usuario activado en el servidor. Esto garantiza que los datos solo fluyan en la direcci\u00f3n de los servidores protegidos y que la red de la planta se encuentre siempre en una zona segura. Mediante la autenticaci\u00f3n de dos factores para el acceso basado en roles y la estricta separaci\u00f3n (segmentaci\u00f3n) de las redes de m\u00e1quinas mediante tecnolog\u00edas de filtrado de red (cortafuegos), el sistema est\u00e1 protegido contra el acceso no autorizado. El mantenimiento y las actualizaciones de software regulares, as\u00ed como el uso de hardware de seguridad moderno, garantizan una seguridad constante de los datos. La seguridad general del sistema remoto se comprueba continuamente mediante pruebas de seguridad peri\u00f3dicas.<\/p>\n<div style=\"background: #0165a7; color: #fff; padding: 0; margin-bottom: 30px;\"><img decoding=\"async\" class=\"alignnone wp-image-106245\" src=\"https:\/\/www.mwm.net\/wp-content\/uploads\/2024\/11\/Soluciones-digitales-MWM-768x576.jpg\" alt=\"Soluciones digitales MWM\" width=\"800\" height=\"657\" \/><\/p>\n<ul style=\"list-style-type: none; color: #fff; margin: 0 20px; padding-bottom: 20px;\">\n<li style=\"color:#fff;\"><strong>Soluciones digitales MWM:<\/strong> Las soluciones digitales de MWM permiten la monitorizaci\u00f3n y operaci\u00f3n en tiempo real de las plantas de energ\u00eda. De esta forma, se pueden identificar y eliminar problemas t\u00e9cnicos en una fase temprana, evitando as\u00ed posibles interrupciones del suministro el\u00e9ctrico.<\/li>\n<li style=\"color:#fff;\"><strong>Servicios:<\/strong> Los servicios para los operadores de plantas incluyen el servicio de acceso remoto con mantenimiento regular y actualizaciones de software para una seguridad de datos constante.<\/li>\n<li style=\"color:#fff;\"><strong>Planta:<\/strong> El flujo de datos solo se produce en la direcci\u00f3n de los servidores protegidos. De este modo, la red de la planta se encuentra siempre en la zona segura.<\/li>\n<li style=\"color:#fff;\"><strong>RPG:<\/strong> El cifrado se realiza mediante un enrutador de puerta de enlace de planta remota (RPG). El enrutador RPG establece autom\u00e1ticamente una conexi\u00f3n VPN con el servidor de mantenimiento remoto de MWM.<\/li>\n<li style=\"color:#fff;\"><strong>Internet:<\/strong> Los datos de la planta se transmiten digitalmente a los usuarios verificados a trav\u00e9s de conexiones cifradas.<\/li>\n<li style=\"color:#fff;\"><strong>Usuarios:<\/strong> Mediante la autenticaci\u00f3n de usuario de dos factores para el acceso basado en roles y la estricta separaci\u00f3n (segmentaci\u00f3n) de las redes de m\u00e1quinas mediante tecnolog\u00edas de filtrado de red (cortafuegos), el sistema est\u00e1 protegido contra el acceso no autorizado.<\/li>\n<\/ul>\n<\/div>\n<h2 class=\"subheadline noborder\">\u00bfQu\u00e9 datos se transmiten a MWM durante el mantenimiento y la monitorizaci\u00f3n de mi planta de cogeneraci\u00f3n?<\/h2>\n<p>Para el mantenimiento y la monitorizaci\u00f3n a distancia, solo se transmiten los datos necesarios para el funcionamiento, como las alertas y los datos de telemetr\u00eda de la planta. Los datos de usuario se transmiten al servidor y se procesan all\u00ed para garantizar la protecci\u00f3n del acceso mediante la autenticaci\u00f3n en los servidores. La base jur\u00eddica es un acuerdo de privacidad de datos celebrado entre MWM y el operador de la planta. <\/p>\n<h2 class=\"subheadline\">\u00bfQu\u00e9 ventajas ofrece el uso de las soluciones digitales MWM?<\/h2>\n<p>MWM permite el acceso y la monitorizaci\u00f3n remotos y seguros de su planta de cogeneraci\u00f3n desde una \u00fanica fuente en todo el mundo las 24 horas del d\u00eda, los 7 d\u00edas de la semana. Con el concepto de seguridad y acceso estandarizado con autenticaci\u00f3n de dos factores y VPN, usted est\u00e1 protegido de forma \u00f3ptima contra ataques cibern\u00e9ticos. El mantenimiento y las actualizaciones de software regulares garantizan que la ciberseguridad de su planta de cogeneraci\u00f3n est\u00e9 siempre actualizada. No dude en ponerse en contacto con el equipo de ciberseguridad de MWM si tiene alguna pregunta sobre la seguridad de los datos o la integraci\u00f3n en su entorno. Gracias a la formaci\u00f3n interna que reciben, los distribuidores de MWM est\u00e1n capacitados para el manejo seguro de datos digitales sensibles.<\/p>\n<h2 class=\"subheadline\">\u00bfPuedo reequipar mi planta actual con soluciones digitales MWM?<\/h2>\n<p>S\u00ed. Para plantas antiguas y existentes, MWM ofrece un kit de retrofit que permite el uso de las soluciones digitales MWM para el acceso remoto seguro y la monitorizaci\u00f3n de su planta.<\/p>\n<h2 class=\"subheadline\">Me gustar\u00eda proteger mi planta de cogeneraci\u00f3n, \u00bfcon qui\u00e9n puedo contactar?<\/h2>\n<p>Si tiene alguna pregunta sobre ciberseguridad o sobre c\u00f3mo adaptar su planta con las soluciones digitales de MWM, no dude en ponerse en contacto con su <a href=\"https:\/\/www.mwm.net\/es\/ubicaciones\/\">interlocutor competente de MWM<\/a>.<\/p>\n<div class=\"pro_grphc\">\n<div class=\"cntct_rght\"><a href=\"https:\/\/www.mwm.net\/es\/contacto\/contacto-general\/\">SERVICIO DE CONTACTO <strong>HAGA CLIC AQU\u00cd<\/strong><\/a><\/div>\n<\/div>\n","protected":false},"excerpt":{"rendered":"<p>Mit den MWM Cyber Security Ma\u00dfnahmen Ihre Energieanlage und Ihren Gasmotor nachhaltig sch\u00fctzen. <\/p>\n","protected":false},"author":6,"featured_media":102808,"parent":107243,"menu_order":5,"comment_status":"closed","ping_status":"closed","template":"page-sidebar-template.php","meta":{"_acf_changed":false,"footnotes":""},"tags":[],"class_list":["post-102805","page","type-page","status-publish","has-post-thumbnail","hentry"],"acf":[],"yoast_head":"<!-- This site is optimized with the Yoast SEO Premium plugin v27.2 (Yoast SEO v27.2) - https:\/\/yoast.com\/product\/yoast-seo-premium-wordpress\/ -->\n<title>Ciberseguridad MWM<\/title>\n<meta name=\"description\" content=\"Mit den MWM Cyber Security Ma\u00dfnahmen Ihre Energieanlage und Ihren Gasmotor nachhaltig sch\u00fctzen.\" \/>\n<meta name=\"robots\" content=\"index, follow, max-snippet:-1, max-image-preview:large, max-video-preview:-1\" \/>\n<link rel=\"canonical\" href=\"https:\/\/www.mwm.net\/es\/excelencia-en-gas\/seguridad-cibernetica\/\" \/>\n<meta property=\"og:locale\" content=\"es_ES\" \/>\n<meta property=\"og:type\" content=\"article\" \/>\n<meta property=\"og:title\" content=\"Ciberseguridad MWM\" \/>\n<meta property=\"og:description\" content=\"Mit den MWM Cyber Security Ma\u00dfnahmen Ihre Energieanlage und Ihren Gasmotor nachhaltig sch\u00fctzen.\" \/>\n<meta property=\"og:url\" content=\"https:\/\/www.mwm.net\/es\/excelencia-en-gas\/seguridad-cibernetica\/\" \/>\n<meta property=\"og:site_name\" content=\"MWM\" \/>\n<meta property=\"article:modified_time\" content=\"2025-01-13T13:36:30+00:00\" \/>\n<meta property=\"og:image\" content=\"https:\/\/www.mwm.net\/wp-content\/uploads\/2024\/10\/MWM-Cyber-Security_teaser.jpg\" \/>\n\t<meta property=\"og:image:width\" content=\"800\" \/>\n\t<meta property=\"og:image:height\" content=\"605\" \/>\n\t<meta property=\"og:image:type\" content=\"image\/jpeg\" \/>\n<meta name=\"twitter:card\" content=\"summary_large_image\" \/>\n<meta name=\"twitter:label1\" content=\"Tiempo de lectura\" \/>\n\t<meta name=\"twitter:data1\" content=\"6 minutos\" \/>\n<script type=\"application\/ld+json\" class=\"yoast-schema-graph\">{\"@context\":\"https:\/\/schema.org\",\"@graph\":[{\"@type\":\"WebPage\",\"@id\":\"https:\/\/www.mwm.net\/es\/excelencia-en-gas\/seguridad-cibernetica\/\",\"url\":\"https:\/\/www.mwm.net\/es\/excelencia-en-gas\/seguridad-cibernetica\/\",\"name\":\"Ciberseguridad MWM\",\"isPartOf\":{\"@id\":\"https:\/\/www.mwm.net\/es\/#website\"},\"primaryImageOfPage\":{\"@id\":\"https:\/\/www.mwm.net\/es\/excelencia-en-gas\/seguridad-cibernetica\/#primaryimage\"},\"image\":{\"@id\":\"https:\/\/www.mwm.net\/es\/excelencia-en-gas\/seguridad-cibernetica\/#primaryimage\"},\"thumbnailUrl\":\"https:\/\/www.mwm.net\/wp-content\/uploads\/2024\/10\/MWM-Cyber-Security_teaser.jpg\",\"datePublished\":\"2024-11-05T11:25:13+00:00\",\"dateModified\":\"2025-01-13T13:36:30+00:00\",\"description\":\"Mit den MWM Cyber Security Ma\u00dfnahmen Ihre Energieanlage und Ihren Gasmotor nachhaltig sch\u00fctzen.\",\"breadcrumb\":{\"@id\":\"https:\/\/www.mwm.net\/es\/excelencia-en-gas\/seguridad-cibernetica\/#breadcrumb\"},\"inLanguage\":\"es\",\"potentialAction\":[{\"@type\":\"ReadAction\",\"target\":[\"https:\/\/www.mwm.net\/es\/excelencia-en-gas\/seguridad-cibernetica\/\"]}]},{\"@type\":\"ImageObject\",\"inLanguage\":\"es\",\"@id\":\"https:\/\/www.mwm.net\/es\/excelencia-en-gas\/seguridad-cibernetica\/#primaryimage\",\"url\":\"https:\/\/www.mwm.net\/wp-content\/uploads\/2024\/10\/MWM-Cyber-Security_teaser.jpg\",\"contentUrl\":\"https:\/\/www.mwm.net\/wp-content\/uploads\/2024\/10\/MWM-Cyber-Security_teaser.jpg\",\"width\":800,\"height\":605,\"caption\":\"MWM Cyber Security\"},{\"@type\":\"BreadcrumbList\",\"@id\":\"https:\/\/www.mwm.net\/es\/excelencia-en-gas\/seguridad-cibernetica\/#breadcrumb\",\"itemListElement\":[{\"@type\":\"ListItem\",\"position\":1,\"name\":\"Home\",\"item\":\"https:\/\/www.mwm.net\/es\/\"},{\"@type\":\"ListItem\",\"position\":2,\"name\":\"Excelencia en gas\",\"item\":\"https:\/\/www.mwm.net\/es\/excelencia-en-gas\/\"},{\"@type\":\"ListItem\",\"position\":3,\"name\":\"Ciberseguridad MWM\"}]},{\"@type\":\"WebSite\",\"@id\":\"https:\/\/www.mwm.net\/es\/#website\",\"url\":\"https:\/\/www.mwm.net\/es\/\",\"name\":\"MWM\",\"description\":\"\",\"publisher\":{\"@id\":\"https:\/\/www.mwm.net\/es\/#organization\"},\"potentialAction\":[{\"@type\":\"SearchAction\",\"target\":{\"@type\":\"EntryPoint\",\"urlTemplate\":\"https:\/\/www.mwm.net\/es\/?s={search_term_string}\"},\"query-input\":{\"@type\":\"PropertyValueSpecification\",\"valueRequired\":true,\"valueName\":\"search_term_string\"}}],\"inLanguage\":\"es\"},{\"@type\":\"Organization\",\"@id\":\"https:\/\/www.mwm.net\/es\/#organization\",\"name\":\"Caterpillar Energy Solutions GmbH\",\"url\":\"https:\/\/www.mwm.net\/es\/\",\"logo\":{\"@type\":\"ImageObject\",\"inLanguage\":\"es\",\"@id\":\"https:\/\/www.mwm.net\/es\/#\/schema\/logo\/image\/\",\"url\":\"https:\/\/www.mwm.net\/wp-content\/uploads\/2022\/02\/logo2.jpg\",\"contentUrl\":\"https:\/\/www.mwm.net\/wp-content\/uploads\/2022\/02\/logo2.jpg\",\"width\":260,\"height\":142,\"caption\":\"Caterpillar Energy Solutions GmbH\"},\"image\":{\"@id\":\"https:\/\/www.mwm.net\/es\/#\/schema\/logo\/image\/\"}}]}<\/script>\n<!-- \/ Yoast SEO Premium plugin. -->","yoast_head_json":{"title":"Ciberseguridad MWM","description":"Mit den MWM Cyber Security Ma\u00dfnahmen Ihre Energieanlage und Ihren Gasmotor nachhaltig sch\u00fctzen.","robots":{"index":"index","follow":"follow","max-snippet":"max-snippet:-1","max-image-preview":"max-image-preview:large","max-video-preview":"max-video-preview:-1"},"canonical":"https:\/\/www.mwm.net\/es\/excelencia-en-gas\/seguridad-cibernetica\/","og_locale":"es_ES","og_type":"article","og_title":"Ciberseguridad MWM","og_description":"Mit den MWM Cyber Security Ma\u00dfnahmen Ihre Energieanlage und Ihren Gasmotor nachhaltig sch\u00fctzen.","og_url":"https:\/\/www.mwm.net\/es\/excelencia-en-gas\/seguridad-cibernetica\/","og_site_name":"MWM","article_modified_time":"2025-01-13T13:36:30+00:00","og_image":[{"width":800,"height":605,"url":"https:\/\/www.mwm.net\/wp-content\/uploads\/2024\/10\/MWM-Cyber-Security_teaser.jpg","type":"image\/jpeg"}],"twitter_card":"summary_large_image","twitter_misc":{"Tiempo de lectura":"6 minutos"},"schema":{"@context":"https:\/\/schema.org","@graph":[{"@type":"WebPage","@id":"https:\/\/www.mwm.net\/es\/excelencia-en-gas\/seguridad-cibernetica\/","url":"https:\/\/www.mwm.net\/es\/excelencia-en-gas\/seguridad-cibernetica\/","name":"Ciberseguridad MWM","isPartOf":{"@id":"https:\/\/www.mwm.net\/es\/#website"},"primaryImageOfPage":{"@id":"https:\/\/www.mwm.net\/es\/excelencia-en-gas\/seguridad-cibernetica\/#primaryimage"},"image":{"@id":"https:\/\/www.mwm.net\/es\/excelencia-en-gas\/seguridad-cibernetica\/#primaryimage"},"thumbnailUrl":"https:\/\/www.mwm.net\/wp-content\/uploads\/2024\/10\/MWM-Cyber-Security_teaser.jpg","datePublished":"2024-11-05T11:25:13+00:00","dateModified":"2025-01-13T13:36:30+00:00","description":"Mit den MWM Cyber Security Ma\u00dfnahmen Ihre Energieanlage und Ihren Gasmotor nachhaltig sch\u00fctzen.","breadcrumb":{"@id":"https:\/\/www.mwm.net\/es\/excelencia-en-gas\/seguridad-cibernetica\/#breadcrumb"},"inLanguage":"es","potentialAction":[{"@type":"ReadAction","target":["https:\/\/www.mwm.net\/es\/excelencia-en-gas\/seguridad-cibernetica\/"]}]},{"@type":"ImageObject","inLanguage":"es","@id":"https:\/\/www.mwm.net\/es\/excelencia-en-gas\/seguridad-cibernetica\/#primaryimage","url":"https:\/\/www.mwm.net\/wp-content\/uploads\/2024\/10\/MWM-Cyber-Security_teaser.jpg","contentUrl":"https:\/\/www.mwm.net\/wp-content\/uploads\/2024\/10\/MWM-Cyber-Security_teaser.jpg","width":800,"height":605,"caption":"MWM Cyber Security"},{"@type":"BreadcrumbList","@id":"https:\/\/www.mwm.net\/es\/excelencia-en-gas\/seguridad-cibernetica\/#breadcrumb","itemListElement":[{"@type":"ListItem","position":1,"name":"Home","item":"https:\/\/www.mwm.net\/es\/"},{"@type":"ListItem","position":2,"name":"Excelencia en gas","item":"https:\/\/www.mwm.net\/es\/excelencia-en-gas\/"},{"@type":"ListItem","position":3,"name":"Ciberseguridad MWM"}]},{"@type":"WebSite","@id":"https:\/\/www.mwm.net\/es\/#website","url":"https:\/\/www.mwm.net\/es\/","name":"MWM","description":"","publisher":{"@id":"https:\/\/www.mwm.net\/es\/#organization"},"potentialAction":[{"@type":"SearchAction","target":{"@type":"EntryPoint","urlTemplate":"https:\/\/www.mwm.net\/es\/?s={search_term_string}"},"query-input":{"@type":"PropertyValueSpecification","valueRequired":true,"valueName":"search_term_string"}}],"inLanguage":"es"},{"@type":"Organization","@id":"https:\/\/www.mwm.net\/es\/#organization","name":"Caterpillar Energy Solutions GmbH","url":"https:\/\/www.mwm.net\/es\/","logo":{"@type":"ImageObject","inLanguage":"es","@id":"https:\/\/www.mwm.net\/es\/#\/schema\/logo\/image\/","url":"https:\/\/www.mwm.net\/wp-content\/uploads\/2022\/02\/logo2.jpg","contentUrl":"https:\/\/www.mwm.net\/wp-content\/uploads\/2022\/02\/logo2.jpg","width":260,"height":142,"caption":"Caterpillar Energy Solutions GmbH"},"image":{"@id":"https:\/\/www.mwm.net\/es\/#\/schema\/logo\/image\/"}}]}},"_links":{"self":[{"href":"https:\/\/www.mwm.net\/es\/wp-json\/wp\/v2\/pages\/102805","targetHints":{"allow":["GET"]}}],"collection":[{"href":"https:\/\/www.mwm.net\/es\/wp-json\/wp\/v2\/pages"}],"about":[{"href":"https:\/\/www.mwm.net\/es\/wp-json\/wp\/v2\/types\/page"}],"author":[{"embeddable":true,"href":"https:\/\/www.mwm.net\/es\/wp-json\/wp\/v2\/users\/6"}],"replies":[{"embeddable":true,"href":"https:\/\/www.mwm.net\/es\/wp-json\/wp\/v2\/comments?post=102805"}],"version-history":[{"count":6,"href":"https:\/\/www.mwm.net\/es\/wp-json\/wp\/v2\/pages\/102805\/revisions"}],"predecessor-version":[{"id":106770,"href":"https:\/\/www.mwm.net\/es\/wp-json\/wp\/v2\/pages\/102805\/revisions\/106770"}],"up":[{"embeddable":true,"href":"https:\/\/www.mwm.net\/es\/wp-json\/wp\/v2\/pages\/107243"}],"wp:featuredmedia":[{"embeddable":true,"href":"https:\/\/www.mwm.net\/es\/wp-json\/wp\/v2\/media\/102808"}],"wp:attachment":[{"href":"https:\/\/www.mwm.net\/es\/wp-json\/wp\/v2\/media?parent=102805"}],"wp:term":[{"taxonomy":"post_tag","embeddable":true,"href":"https:\/\/www.mwm.net\/es\/wp-json\/wp\/v2\/tags?post=102805"}],"curies":[{"name":"wp","href":"https:\/\/api.w.org\/{rel}","templated":true}]}}