{"id":102840,"date":"2024-10-30T11:17:28","date_gmt":"2024-10-30T09:17:28","guid":{"rendered":"https:\/\/www.mwm.net\/?page_id=102840"},"modified":"2024-11-28T10:46:40","modified_gmt":"2024-11-28T08:46:40","slug":"gas-natural","status":"publish","type":"page","link":"https:\/\/www.mwm.net\/es\/excelencia-en-gas\/soluciones-de-gas\/gas-natural\/","title":{"rendered":"Gas natural"},"content":{"rendered":"<h2>Gas natural y gases similares para centrales el\u00e9ctricas y de cogeneraci\u00f3n de alta eficiencia<\/h2>\n<p>El gas natural es un gas que se compone principalmente de metano. Se extrae de yacimientos subterr\u00e1neos, generalmente junto con el petr\u00f3leo crudo, y presenta un contenido de metano de entre el 80% y el 99%, seg\u00fan la composici\u00f3n. Otros componentes son el etano, el propano, el butano y el eteno, as\u00ed como el di\u00f3xido de carbono y el nitr\u00f3geno. Dependiendo de la composici\u00f3n, el poder calor\u00edfico utilizable var\u00eda de 9,5 a 10,5 kWh \/ Nm<sup>3<\/sup>; por lo tanto, el gas natural es ideal como combustible para motores de gas.<\/p>\n<p><img decoding=\"async\" class=\"alignleft\" src=\"https:\/\/www.mwm.net\/wp-content\/uploads\/2024\/11\/mwm_erdgas_diag_800_ES.jpg\" alt=\"Fig. Recursos de gas natural\" \/> <em>Fig. Recursos de gas natural<\/em><\/p>\n<h2>El gas natural es un combustible ideal para plantas CHP<\/h2>\n<p>Hoy en d\u00eda, el gas natural es una de las fuentes de energ\u00eda m\u00e1s importantes. La demanda est\u00e1 en aumento y los recursos f\u00f3siles son cada vez m\u00e1s valiosos. El aumento de los precios del gas natural y la necesidad de conservar el medio ambiente de manera sostenible exigen la m\u00e1xima eficiencia en la transformaci\u00f3n de la energ\u00eda en electricidad, calor y fr\u00edo. Hoy en d\u00eda, las plantas de producci\u00f3n de energ\u00eda y <a href=\"https:\/\/www.mwm.net\/es\/plantas-de-energia-distribuida\/soluciones-de-cogeneracion\/\" title=\"cogeneraci\u00f3n (CHP)\">cogeneraci\u00f3n (CHP)<\/a> altamente eficientes funcionan con gas natural.<\/p>\n<div class=\"pro_grphc\">\n<div class=\"cntct_rght\"><a href=\"https:\/\/www.mwm.net\/es\/contacto\/contacto-con-ventas\/\">Contacto con ventas <strong>Haga clic aqui<\/strong><\/a><\/div>\n<\/div>\n","protected":false},"excerpt":{"rendered":"<p>Gas natural y gases similares para centrales el\u00e9ctricas y de cogeneraci\u00f3n de alta eficiencia<\/p>\n","protected":false},"author":3,"featured_media":102841,"parent":105016,"menu_order":0,"comment_status":"closed","ping_status":"closed","template":"page-sidebar-template.php","meta":{"_acf_changed":false,"footnotes":""},"tags":[],"class_list":["post-102840","page","type-page","status-publish","has-post-thumbnail","hentry"],"acf":[],"yoast_head":"<!-- This site is optimized with the Yoast SEO Premium plugin v27.2 (Yoast SEO v27.2) - https:\/\/yoast.com\/product\/yoast-seo-premium-wordpress\/ -->\n<title>Gas natural - MWM<\/title>\n<meta name=\"description\" content=\"Gas natural y gases similares para centrales el\u00e9ctricas y de cogeneraci\u00f3n de alta eficiencia\" \/>\n<meta name=\"robots\" content=\"index, follow, max-snippet:-1, max-image-preview:large, max-video-preview:-1\" \/>\n<link rel=\"canonical\" href=\"https:\/\/www.mwm.net\/es\/excelencia-en-gas\/soluciones-de-gas\/gas-natural\/\" \/>\n<meta property=\"og:locale\" content=\"es_ES\" \/>\n<meta property=\"og:type\" content=\"article\" \/>\n<meta property=\"og:title\" content=\"Gas natural\" \/>\n<meta property=\"og:description\" content=\"Gas natural y gases similares para centrales el\u00e9ctricas y de cogeneraci\u00f3n de alta eficiencia\" \/>\n<meta property=\"og:url\" content=\"https:\/\/www.mwm.net\/es\/excelencia-en-gas\/soluciones-de-gas\/gas-natural\/\" \/>\n<meta property=\"og:site_name\" content=\"MWM\" \/>\n<meta property=\"article:modified_time\" content=\"2024-11-28T08:46:40+00:00\" \/>\n<meta property=\"og:image\" content=\"https:\/\/www.mwm.net\/wp-content\/uploads\/2021\/04\/erdgas-teaser-o-text-441x371-2aa44.jpg\" \/>\n\t<meta property=\"og:image:width\" content=\"441\" \/>\n\t<meta property=\"og:image:height\" content=\"371\" \/>\n\t<meta property=\"og:image:type\" content=\"image\/jpeg\" \/>\n<meta name=\"twitter:card\" content=\"summary_large_image\" \/>\n<meta name=\"twitter:label1\" content=\"Tiempo de lectura\" \/>\n\t<meta name=\"twitter:data1\" content=\"2 minutos\" \/>\n<script type=\"application\/ld+json\" class=\"yoast-schema-graph\">{\"@context\":\"https:\/\/schema.org\",\"@graph\":[{\"@type\":\"WebPage\",\"@id\":\"https:\/\/www.mwm.net\/es\/excelencia-en-gas\/soluciones-de-gas\/gas-natural\/\",\"url\":\"https:\/\/www.mwm.net\/es\/excelencia-en-gas\/soluciones-de-gas\/gas-natural\/\",\"name\":\"Gas natural - MWM\",\"isPartOf\":{\"@id\":\"https:\/\/www.mwm.net\/es\/#website\"},\"primaryImageOfPage\":{\"@id\":\"https:\/\/www.mwm.net\/es\/excelencia-en-gas\/soluciones-de-gas\/gas-natural\/#primaryimage\"},\"image\":{\"@id\":\"https:\/\/www.mwm.net\/es\/excelencia-en-gas\/soluciones-de-gas\/gas-natural\/#primaryimage\"},\"thumbnailUrl\":\"https:\/\/www.mwm.net\/wp-content\/uploads\/2021\/04\/erdgas-teaser-o-text-441x371-2aa44.jpg\",\"datePublished\":\"2024-10-30T09:17:28+00:00\",\"dateModified\":\"2024-11-28T08:46:40+00:00\",\"description\":\"Gas natural y gases similares para centrales el\u00e9ctricas y de cogeneraci\u00f3n de alta eficiencia\",\"breadcrumb\":{\"@id\":\"https:\/\/www.mwm.net\/es\/excelencia-en-gas\/soluciones-de-gas\/gas-natural\/#breadcrumb\"},\"inLanguage\":\"es\",\"potentialAction\":[{\"@type\":\"ReadAction\",\"target\":[\"https:\/\/www.mwm.net\/es\/excelencia-en-gas\/soluciones-de-gas\/gas-natural\/\"]}]},{\"@type\":\"ImageObject\",\"inLanguage\":\"es\",\"@id\":\"https:\/\/www.mwm.net\/es\/excelencia-en-gas\/soluciones-de-gas\/gas-natural\/#primaryimage\",\"url\":\"https:\/\/www.mwm.net\/wp-content\/uploads\/2021\/04\/erdgas-teaser-o-text-441x371-2aa44.jpg\",\"contentUrl\":\"https:\/\/www.mwm.net\/wp-content\/uploads\/2021\/04\/erdgas-teaser-o-text-441x371-2aa44.jpg\",\"width\":441,\"height\":371},{\"@type\":\"BreadcrumbList\",\"@id\":\"https:\/\/www.mwm.net\/es\/excelencia-en-gas\/soluciones-de-gas\/gas-natural\/#breadcrumb\",\"itemListElement\":[{\"@type\":\"ListItem\",\"position\":1,\"name\":\"Home\",\"item\":\"https:\/\/www.mwm.net\/es\/\"},{\"@type\":\"ListItem\",\"position\":2,\"name\":\"Excelencia en gas\",\"item\":\"https:\/\/www.mwm.net\/es\/excelencia-en-gas\/\"},{\"@type\":\"ListItem\",\"position\":3,\"name\":\"Soluciones de gas\",\"item\":\"https:\/\/www.mwm.net\/es\/excelencia-en-gas\/soluciones-de-gas\/\"},{\"@type\":\"ListItem\",\"position\":4,\"name\":\"Gas natural\"}]},{\"@type\":\"WebSite\",\"@id\":\"https:\/\/www.mwm.net\/es\/#website\",\"url\":\"https:\/\/www.mwm.net\/es\/\",\"name\":\"MWM\",\"description\":\"\",\"publisher\":{\"@id\":\"https:\/\/www.mwm.net\/es\/#organization\"},\"potentialAction\":[{\"@type\":\"SearchAction\",\"target\":{\"@type\":\"EntryPoint\",\"urlTemplate\":\"https:\/\/www.mwm.net\/es\/?s={search_term_string}\"},\"query-input\":{\"@type\":\"PropertyValueSpecification\",\"valueRequired\":true,\"valueName\":\"search_term_string\"}}],\"inLanguage\":\"es\"},{\"@type\":\"Organization\",\"@id\":\"https:\/\/www.mwm.net\/es\/#organization\",\"name\":\"Caterpillar Energy Solutions GmbH\",\"url\":\"https:\/\/www.mwm.net\/es\/\",\"logo\":{\"@type\":\"ImageObject\",\"inLanguage\":\"es\",\"@id\":\"https:\/\/www.mwm.net\/es\/#\/schema\/logo\/image\/\",\"url\":\"https:\/\/www.mwm.net\/wp-content\/uploads\/2022\/02\/logo2.jpg\",\"contentUrl\":\"https:\/\/www.mwm.net\/wp-content\/uploads\/2022\/02\/logo2.jpg\",\"width\":260,\"height\":142,\"caption\":\"Caterpillar Energy Solutions GmbH\"},\"image\":{\"@id\":\"https:\/\/www.mwm.net\/es\/#\/schema\/logo\/image\/\"}}]}<\/script>\n<!-- \/ Yoast SEO Premium plugin. -->","yoast_head_json":{"title":"Gas natural - MWM","description":"Gas natural y gases similares para centrales el\u00e9ctricas y de cogeneraci\u00f3n de alta eficiencia","robots":{"index":"index","follow":"follow","max-snippet":"max-snippet:-1","max-image-preview":"max-image-preview:large","max-video-preview":"max-video-preview:-1"},"canonical":"https:\/\/www.mwm.net\/es\/excelencia-en-gas\/soluciones-de-gas\/gas-natural\/","og_locale":"es_ES","og_type":"article","og_title":"Gas natural","og_description":"Gas natural y gases similares para centrales el\u00e9ctricas y de cogeneraci\u00f3n de alta eficiencia","og_url":"https:\/\/www.mwm.net\/es\/excelencia-en-gas\/soluciones-de-gas\/gas-natural\/","og_site_name":"MWM","article_modified_time":"2024-11-28T08:46:40+00:00","og_image":[{"width":441,"height":371,"url":"https:\/\/www.mwm.net\/wp-content\/uploads\/2021\/04\/erdgas-teaser-o-text-441x371-2aa44.jpg","type":"image\/jpeg"}],"twitter_card":"summary_large_image","twitter_misc":{"Tiempo de lectura":"2 minutos"},"schema":{"@context":"https:\/\/schema.org","@graph":[{"@type":"WebPage","@id":"https:\/\/www.mwm.net\/es\/excelencia-en-gas\/soluciones-de-gas\/gas-natural\/","url":"https:\/\/www.mwm.net\/es\/excelencia-en-gas\/soluciones-de-gas\/gas-natural\/","name":"Gas natural - MWM","isPartOf":{"@id":"https:\/\/www.mwm.net\/es\/#website"},"primaryImageOfPage":{"@id":"https:\/\/www.mwm.net\/es\/excelencia-en-gas\/soluciones-de-gas\/gas-natural\/#primaryimage"},"image":{"@id":"https:\/\/www.mwm.net\/es\/excelencia-en-gas\/soluciones-de-gas\/gas-natural\/#primaryimage"},"thumbnailUrl":"https:\/\/www.mwm.net\/wp-content\/uploads\/2021\/04\/erdgas-teaser-o-text-441x371-2aa44.jpg","datePublished":"2024-10-30T09:17:28+00:00","dateModified":"2024-11-28T08:46:40+00:00","description":"Gas natural y gases similares para centrales el\u00e9ctricas y de cogeneraci\u00f3n de alta eficiencia","breadcrumb":{"@id":"https:\/\/www.mwm.net\/es\/excelencia-en-gas\/soluciones-de-gas\/gas-natural\/#breadcrumb"},"inLanguage":"es","potentialAction":[{"@type":"ReadAction","target":["https:\/\/www.mwm.net\/es\/excelencia-en-gas\/soluciones-de-gas\/gas-natural\/"]}]},{"@type":"ImageObject","inLanguage":"es","@id":"https:\/\/www.mwm.net\/es\/excelencia-en-gas\/soluciones-de-gas\/gas-natural\/#primaryimage","url":"https:\/\/www.mwm.net\/wp-content\/uploads\/2021\/04\/erdgas-teaser-o-text-441x371-2aa44.jpg","contentUrl":"https:\/\/www.mwm.net\/wp-content\/uploads\/2021\/04\/erdgas-teaser-o-text-441x371-2aa44.jpg","width":441,"height":371},{"@type":"BreadcrumbList","@id":"https:\/\/www.mwm.net\/es\/excelencia-en-gas\/soluciones-de-gas\/gas-natural\/#breadcrumb","itemListElement":[{"@type":"ListItem","position":1,"name":"Home","item":"https:\/\/www.mwm.net\/es\/"},{"@type":"ListItem","position":2,"name":"Excelencia en gas","item":"https:\/\/www.mwm.net\/es\/excelencia-en-gas\/"},{"@type":"ListItem","position":3,"name":"Soluciones de gas","item":"https:\/\/www.mwm.net\/es\/excelencia-en-gas\/soluciones-de-gas\/"},{"@type":"ListItem","position":4,"name":"Gas natural"}]},{"@type":"WebSite","@id":"https:\/\/www.mwm.net\/es\/#website","url":"https:\/\/www.mwm.net\/es\/","name":"MWM","description":"","publisher":{"@id":"https:\/\/www.mwm.net\/es\/#organization"},"potentialAction":[{"@type":"SearchAction","target":{"@type":"EntryPoint","urlTemplate":"https:\/\/www.mwm.net\/es\/?s={search_term_string}"},"query-input":{"@type":"PropertyValueSpecification","valueRequired":true,"valueName":"search_term_string"}}],"inLanguage":"es"},{"@type":"Organization","@id":"https:\/\/www.mwm.net\/es\/#organization","name":"Caterpillar Energy Solutions GmbH","url":"https:\/\/www.mwm.net\/es\/","logo":{"@type":"ImageObject","inLanguage":"es","@id":"https:\/\/www.mwm.net\/es\/#\/schema\/logo\/image\/","url":"https:\/\/www.mwm.net\/wp-content\/uploads\/2022\/02\/logo2.jpg","contentUrl":"https:\/\/www.mwm.net\/wp-content\/uploads\/2022\/02\/logo2.jpg","width":260,"height":142,"caption":"Caterpillar Energy Solutions GmbH"},"image":{"@id":"https:\/\/www.mwm.net\/es\/#\/schema\/logo\/image\/"}}]}},"_links":{"self":[{"href":"https:\/\/www.mwm.net\/es\/wp-json\/wp\/v2\/pages\/102840","targetHints":{"allow":["GET"]}}],"collection":[{"href":"https:\/\/www.mwm.net\/es\/wp-json\/wp\/v2\/pages"}],"about":[{"href":"https:\/\/www.mwm.net\/es\/wp-json\/wp\/v2\/types\/page"}],"author":[{"embeddable":true,"href":"https:\/\/www.mwm.net\/es\/wp-json\/wp\/v2\/users\/3"}],"replies":[{"embeddable":true,"href":"https:\/\/www.mwm.net\/es\/wp-json\/wp\/v2\/comments?post=102840"}],"version-history":[{"count":5,"href":"https:\/\/www.mwm.net\/es\/wp-json\/wp\/v2\/pages\/102840\/revisions"}],"predecessor-version":[{"id":106772,"href":"https:\/\/www.mwm.net\/es\/wp-json\/wp\/v2\/pages\/102840\/revisions\/106772"}],"up":[{"embeddable":true,"href":"https:\/\/www.mwm.net\/es\/wp-json\/wp\/v2\/pages\/105016"}],"wp:featuredmedia":[{"embeddable":true,"href":"https:\/\/www.mwm.net\/es\/wp-json\/wp\/v2\/media\/102841"}],"wp:attachment":[{"href":"https:\/\/www.mwm.net\/es\/wp-json\/wp\/v2\/media?parent=102840"}],"wp:term":[{"taxonomy":"post_tag","embeddable":true,"href":"https:\/\/www.mwm.net\/es\/wp-json\/wp\/v2\/tags?post=102840"}],"curies":[{"name":"wp","href":"https:\/\/api.w.org\/{rel}","templated":true}]}}