{"id":102843,"date":"2024-10-30T11:19:37","date_gmt":"2024-10-30T09:19:37","guid":{"rendered":"https:\/\/www.mwm.net\/?page_id=102843"},"modified":"2024-12-05T14:36:52","modified_gmt":"2024-12-05T12:36:52","slug":"soluciones-de-cogeneracion","status":"publish","type":"page","link":"https:\/\/www.mwm.net\/es\/plantas-de-energia-distribuida\/soluciones-de-cogeneracion\/","title":{"rendered":"Soluciones de cogeneraci\u00f3n"},"content":{"rendered":"<h2 class=\"subheadline noborder\">Nuestra gama para sus plantas de cogeneraci\u00f3n (CHP)<\/h2>\n<div class=\"patch-content\">\n<h3>Soluciones a medida para plantas de energ\u00eda y motores de gas MWM<\/h3>\n<p>MWM es sin\u00f3nimo de <strong>plantas de cogeneraci\u00f3n (CHP) de alta eficiencia y ecol\u00f3gicas<\/strong>, con un sistema combinado de calor y electricidad para la generaci\u00f3n de energ\u00eda el\u00e9ctrica descentralizada, y cuenta con <strong>150 a\u00f1os de experiencia<\/strong> en el desarrollo y la optimizaci\u00f3n <strong>de motores de gas y grupos electr\u00f3genos<\/strong> para gas natural, biog\u00e1s y otros gases especiales.<\/p>\n<p>La ventaja de la <strong>combinada de calor y electricidad MWM <\/strong> frente a la producci\u00f3n convencional de energ\u00eda el\u00e9ctrica y t\u00e9rmica es que la energ\u00eda primeria se aprovecha considerablemente mejor.<\/p>\n<p><strong>Las plantas de cogeneraci\u00f3n MWM<\/strong> son la opci\u00f3n perfecta si quiere invertir en soluciones de bajo consumo y ecol\u00f3gicas para el crecimiento futuro de su empresa. Comun\u00edquese con <a href=\"https:\/\/www.mwm.net\/en\/contact\/contact-sales\/\">su persona de contacto<\/a> para evaluar la rentabilidad y la eficiencia de su inversi\u00f3n planificada.<\/p>\n<\/div>\n<div class=\"pro_grphc\">\n<div class=\"cntct_rght\"><a href=\"https:\/\/www.mwm.net\/es\/contacto\/contacto-con-ventas\/\">Contacto con ventas <strong>Haga clic aqu\u00ed<\/strong><\/a><\/div>\n<p style=\"padding-top: 20px;\">Tambi\u00e9n estamos a su disposici\u00f3n para ofrecerle <strong>asesoramiento personal<\/strong>.<\/p>\n<\/div>\n<div class=\"patch-content\">\n<div id=\"PageList\" class=\"blu_sec\">\n<h4>EN ESTA P\u00c1GINA<\/h4>\n<p><a href=\"#arguments\">Cinco argumentos de peso para una oferta convincente<\/a><br \/>\n<a href=\"#mwm-promise\">La promesa de MWM<\/a><br \/>\n<a href=\"#cogeneration-power-plants\">Productos y soluciones MWM para plantas de cogeneraci\u00f3n<\/a><br \/>\n<a href=\"#cogeneration-function\">\u00bfC\u00f3mo funciona una planta de cogeneraci\u00f3n (CHP)?<\/a><br \/>\n<a href=\"#cogeneration-components\">\u00bfCu\u00e1les son los componentes de una planta de cogeneraci\u00f3n MWM?<\/a><br \/>\n<a href=\"#cogeneration-application\">Plantas de cogeneraci\u00f3n \u2013 gama de aplicaciones<\/a><\/p>\n<\/div>\n<p>&nbsp;<\/p>\n<h2 class=\"subheadline\"><a name=\"arguments\"><\/a>Cinco argumentos de peso para una oferta convincente<\/h2>\n<ul>\n<li>Tasas de utilizaci\u00f3n extremadamente altas<\/li>\n<li>Producci\u00f3n independiente de electricidad econ\u00f3mica y ecol\u00f3gica<\/li>\n<li>Mayor seguridad energ\u00e9tica y de suministro gracias a la producci\u00f3n descentralizada de energ\u00eda<\/li>\n<li>Mayor valor a\u00f1adido y competitividad<\/li>\n<li>Posibles incentivos estatales para su inversi\u00f3n<\/li>\n<\/ul>\n<h2 class=\"subheadline\"><a name=\"mwm-promise\"><\/a>La promesa de MWM<\/h2>\n<ul>\n<li>MWM ofrece una amplia experiencia en plantas<\/li>\n<li>Cooperaci\u00f3n competente, fiable y directa con nosotros como fabricantes y con nuestra red de socios<\/li>\n<li>Usted tambi\u00e9n puede beneficiarse de nuestro servicio r\u00e1pido y rentable<\/li>\n<li>Nuestras plantas de CHP y sistemas de cogeneraci\u00f3n son reconocidos por la excelente calidad de sus materiales y mano de obra: calidad fabricada en Alemania<\/li>\n<li>Esto garantiza una alta disponibilidad gracias a intervalos de mantenimiento mayores<\/li>\n<li>Inversiones econ\u00f3micamente atractivas con cortos plazos de amortizaci\u00f3n<\/li>\n<li>Conformidad de las plantas de CHP con las diferentes normativas de uso espec\u00edficas de cada pa\u00eds<\/li>\n<\/ul>\n<h2 class=\"subheadline\"><a name=\"cogeneration-power-plants\"><\/a>MWM Productos y soluciones MWM para plantas de cogeneraci\u00f3n<\/h2>\n<ul>\n<li>Motores de gas y grupos electr\u00f3genos MWM: rango de potencia de 400  kW<sub>el<\/sub> a  4,500 kW<sub>el<\/sub>. Los motores de gas pueden funcionar con gas natural, biog\u00e1s y gases que contienen hidr\u00f3geno<\/li>\n<li>Soluciones completas como plantas de cogeneraci\u00f3n en contenedores o sistemas llave en mano: perfectamente adaptados y listos para su inmediata implementaci\u00f3n<\/li>\n<li>Soluciones de sistemas y componentes: controladores en l\u00ednea, convertidores catal\u00edticos, acondicionamiento de gas para sistemas de biog\u00e1s, convertidores de calor<\/li>\n<li>Ingenier\u00eda de plantas: planificaci\u00f3n, configuraci\u00f3n, instalaci\u00f3n, servicio: su proveedor integral para soluciones que se adaptan perfectamente a sus necesidades y requisitos individuales<\/li>\n<li>Servicios: Tambi\u00e9n estamos a su disposici\u00f3n despu\u00e9s de la venta, ya que es un factor clave para el \u00e9xito de un sistema y su eficiencia. Por eso puede contar con la calidad de MWM en conceptos de servicio avanzados, especialmente en atenci\u00f3n al cliente, Xchange (nuestro programa de intercambio), mantenimiento y servicio, log\u00edstica, capacitaci\u00f3n y financiaci\u00f3n<\/li>\n<\/ul>\n<\/div>\n<div class=\"pro_grphc\">\n<div class=\"cntct_rght\"><a href=\"https:\/\/www.mwm.net\/es\/contacto\/contacto-con-ventas\/\">Contacto con ventas <strong>Haga clic aqu\u00ed<\/strong><\/a><\/div>\n<p style=\"padding-top: 20px;\">Tambi\u00e9n estamos a su disposici\u00f3n para ofrecerle  <strong>asesoramiento personal<\/strong>.<\/p>\n<\/div>\n<div class=\"patch-content\">\n<h2 class=\"subheadline noborder\"><a name=\"cogeneration-function\"><\/a>\u00bfC\u00f3mo funciona una planta de cogeneraci\u00f3n (CHP)?<\/h2>\n<p>Las plantas de cogeneraci\u00f3n MWM (sistemas de energ\u00eda y calor combinados) permiten una generaci\u00f3n de energ\u00eda el\u00e9ctrica econ\u00f3mica y eficiente. En un sistema t\u00e9cnico in situ, la fuente de energ\u00eda de entrada se convierte en energ\u00eda el\u00e9ctrica y calor \u00fatil. El calor residual resultante se puede utilizar directamente y no se pierde.<\/p>\n<p>Entre los combustibles utilizados se encuentran gas natural, biog\u00e1s, gas de minas de carb\u00f3n u otros gases.<\/p>\n<p>La electricidad generada por la planta de CHP se puede aprovechar para uso interno o reinyectar a la red p\u00fablica a cambio de una tarifa regulada.<\/p>\n<h2 class=\"subheadline\"><a name=\"cogeneration-components\"><\/a>\u00bfCu\u00e1les son los componentes de una planta de cogeneraci\u00f3n MWM?<\/h2>\n<ul>\n<li>Motores de gas para accionar el generador<\/li>\n<li>Generador para la producci\u00f3n de energ\u00eda<\/li>\n<li>Sistemas de intercambio de calor para la recuperaci\u00f3n de energ\u00eda t\u00e9rmica de gases de escape, calor residual del motor y circuitos de aceite<\/li>\n<li>Diversos equipos de conmutaci\u00f3n y control el\u00e9ctricos para la distribuci\u00f3n de energ\u00eda y la gesti\u00f3n del motor<\/li>\n<li>Instalaciones hidr\u00e1ulicas para la distribuci\u00f3n de calor<\/li>\n<\/ul>\n<h2 class=\"subheadline\"><a name=\"cogeneration-application\"><\/a>Plantas de cogeneraci\u00f3n \u2013 Posibles aplicaciones<\/h2>\n<ul>\n<li>Proyectos de infraestructura<\/li>\n<li>Centros comerciales<\/li>\n<li>Aeropuertos<\/li>\n<li>Plantas industriales<\/li>\n<li>Invernaderos<\/li>\n<li>Minas<\/li>\n<li>Productores de energ\u00eda, IPP<\/li>\n<li>Industria de petr\u00f3leo y gas, sistemas de plataformas de perforaci\u00f3n, gas de quema<\/li>\n<li>Industria qu\u00edmica y de acero, gas de s\u00edntesis, gas de coque<\/li>\n<li>Plantas de tratamiento de aguas residuales<\/li>\n<li>Vertederos<\/li>\n<li>Biog\u00e1s de Nawaro<\/li>\n<li>Gas natural<\/li>\n<\/ul>\n<p>Para informaci\u00f3n sobre nuestros proyectos de referencia haga clic <a href=\"https:\/\/www.mwm.net\/en\/gas-applications\/references\/\">aqu\u00ed<\/a>.<\/p>\n<\/div>\n<div class=\"pro_grphc\">\n<div class=\"cntct_rght\"><a href=\"https:\/\/www.mwm.net\/es\/contacto\/contacto-con-ventas\/\">Contacto con ventas <strong>Haga clic aqu\u00ed<\/strong><\/a><\/div>\n<\/div>\n","protected":false},"excerpt":{"rendered":"<p>Las plantas de cogeneraci\u00f3n ecol\u00f3gicas MWM, con producci\u00f3n combinada de calor y electricidad, permiten la producci\u00f3n de energ\u00eda descentralizada, econ\u00f3mica y de bajo consumo.<\/p>\n","protected":false},"author":3,"featured_media":102846,"parent":103032,"menu_order":2,"comment_status":"closed","ping_status":"closed","template":"product-template.php","meta":{"_acf_changed":false,"footnotes":""},"tags":[1866,1444],"class_list":["post-102843","page","type-page","status-publish","has-post-thumbnail","hentry","tag-blockheizkraftwerke-es","tag-chp-plant-es"],"acf":[],"yoast_head":"<!-- This site is optimized with the Yoast SEO Premium plugin v27.2 (Yoast SEO v27.2) - https:\/\/yoast.com\/product\/yoast-seo-premium-wordpress\/ -->\n<title>Soluciones de cogeneraci\u00f3n - MWM Soluciones de cogeneraci\u00f3n<\/title>\n<meta name=\"description\" content=\"Las plantas de cogeneraci\u00f3n ecol\u00f3gicas MWM, con producci\u00f3n combinada de calor y electricidad, permiten la producci\u00f3n de energ\u00eda descentralizada, econ\u00f3mica y de bajo consumo.\" \/>\n<meta name=\"robots\" content=\"index, follow, max-snippet:-1, max-image-preview:large, max-video-preview:-1\" \/>\n<link rel=\"canonical\" href=\"https:\/\/www.mwm.net\/es\/plantas-de-energia-distribuida\/soluciones-de-cogeneracion\/\" \/>\n<meta property=\"og:locale\" content=\"es_ES\" \/>\n<meta property=\"og:type\" content=\"article\" \/>\n<meta property=\"og:title\" content=\"Soluciones de cogeneraci\u00f3n\" \/>\n<meta property=\"og:description\" content=\"Las plantas de cogeneraci\u00f3n ecol\u00f3gicas MWM, con producci\u00f3n combinada de calor y electricidad, permiten la producci\u00f3n de energ\u00eda descentralizada, econ\u00f3mica y de bajo consumo.\" \/>\n<meta property=\"og:url\" content=\"https:\/\/www.mwm.net\/es\/plantas-de-energia-distribuida\/soluciones-de-cogeneracion\/\" \/>\n<meta property=\"og:site_name\" content=\"MWM\" \/>\n<meta property=\"article:modified_time\" content=\"2024-12-05T12:36:52+00:00\" \/>\n<meta property=\"og:image\" content=\"https:\/\/www.mwm.net\/wp-content\/uploads\/2021\/04\/blockheizkraftwerke_t.jpg\" \/>\n\t<meta property=\"og:image:width\" content=\"600\" \/>\n\t<meta property=\"og:image:height\" content=\"450\" \/>\n\t<meta property=\"og:image:type\" content=\"image\/jpeg\" \/>\n<meta name=\"twitter:card\" content=\"summary_large_image\" \/>\n<meta name=\"twitter:label1\" content=\"Tiempo de lectura\" \/>\n\t<meta name=\"twitter:data1\" content=\"5 minutos\" \/>\n<script type=\"application\/ld+json\" class=\"yoast-schema-graph\">{\"@context\":\"https:\/\/schema.org\",\"@graph\":[{\"@type\":\"WebPage\",\"@id\":\"https:\/\/www.mwm.net\/es\/plantas-de-energia-distribuida\/soluciones-de-cogeneracion\/\",\"url\":\"https:\/\/www.mwm.net\/es\/plantas-de-energia-distribuida\/soluciones-de-cogeneracion\/\",\"name\":\"Soluciones de cogeneraci\u00f3n - MWM Soluciones de cogeneraci\u00f3n\",\"isPartOf\":{\"@id\":\"https:\/\/www.mwm.net\/es\/#website\"},\"primaryImageOfPage\":{\"@id\":\"https:\/\/www.mwm.net\/es\/plantas-de-energia-distribuida\/soluciones-de-cogeneracion\/#primaryimage\"},\"image\":{\"@id\":\"https:\/\/www.mwm.net\/es\/plantas-de-energia-distribuida\/soluciones-de-cogeneracion\/#primaryimage\"},\"thumbnailUrl\":\"https:\/\/www.mwm.net\/wp-content\/uploads\/2021\/04\/blockheizkraftwerke_t.jpg\",\"datePublished\":\"2024-10-30T09:19:37+00:00\",\"dateModified\":\"2024-12-05T12:36:52+00:00\",\"description\":\"Las plantas de cogeneraci\u00f3n ecol\u00f3gicas MWM, con producci\u00f3n combinada de calor y electricidad, permiten la producci\u00f3n de energ\u00eda descentralizada, econ\u00f3mica y de bajo consumo.\",\"breadcrumb\":{\"@id\":\"https:\/\/www.mwm.net\/es\/plantas-de-energia-distribuida\/soluciones-de-cogeneracion\/#breadcrumb\"},\"inLanguage\":\"es\",\"potentialAction\":[{\"@type\":\"ReadAction\",\"target\":[\"https:\/\/www.mwm.net\/es\/plantas-de-energia-distribuida\/soluciones-de-cogeneracion\/\"]}]},{\"@type\":\"ImageObject\",\"inLanguage\":\"es\",\"@id\":\"https:\/\/www.mwm.net\/es\/plantas-de-energia-distribuida\/soluciones-de-cogeneracion\/#primaryimage\",\"url\":\"https:\/\/www.mwm.net\/wp-content\/uploads\/2021\/04\/blockheizkraftwerke_t.jpg\",\"contentUrl\":\"https:\/\/www.mwm.net\/wp-content\/uploads\/2021\/04\/blockheizkraftwerke_t.jpg\",\"width\":600,\"height\":450},{\"@type\":\"BreadcrumbList\",\"@id\":\"https:\/\/www.mwm.net\/es\/plantas-de-energia-distribuida\/soluciones-de-cogeneracion\/#breadcrumb\",\"itemListElement\":[{\"@type\":\"ListItem\",\"position\":1,\"name\":\"Home\",\"item\":\"https:\/\/www.mwm.net\/es\/\"},{\"@type\":\"ListItem\",\"position\":2,\"name\":\"Plantas de energ\u00eda distribuida\",\"item\":\"https:\/\/www.mwm.net\/es\/plantas-de-energia-distribuida\/\"},{\"@type\":\"ListItem\",\"position\":3,\"name\":\"Soluciones de cogeneraci\u00f3n\"}]},{\"@type\":\"WebSite\",\"@id\":\"https:\/\/www.mwm.net\/es\/#website\",\"url\":\"https:\/\/www.mwm.net\/es\/\",\"name\":\"MWM\",\"description\":\"\",\"publisher\":{\"@id\":\"https:\/\/www.mwm.net\/es\/#organization\"},\"potentialAction\":[{\"@type\":\"SearchAction\",\"target\":{\"@type\":\"EntryPoint\",\"urlTemplate\":\"https:\/\/www.mwm.net\/es\/?s={search_term_string}\"},\"query-input\":{\"@type\":\"PropertyValueSpecification\",\"valueRequired\":true,\"valueName\":\"search_term_string\"}}],\"inLanguage\":\"es\"},{\"@type\":\"Organization\",\"@id\":\"https:\/\/www.mwm.net\/es\/#organization\",\"name\":\"Caterpillar Energy Solutions GmbH\",\"url\":\"https:\/\/www.mwm.net\/es\/\",\"logo\":{\"@type\":\"ImageObject\",\"inLanguage\":\"es\",\"@id\":\"https:\/\/www.mwm.net\/es\/#\/schema\/logo\/image\/\",\"url\":\"https:\/\/www.mwm.net\/wp-content\/uploads\/2022\/02\/logo2.jpg\",\"contentUrl\":\"https:\/\/www.mwm.net\/wp-content\/uploads\/2022\/02\/logo2.jpg\",\"width\":260,\"height\":142,\"caption\":\"Caterpillar Energy Solutions GmbH\"},\"image\":{\"@id\":\"https:\/\/www.mwm.net\/es\/#\/schema\/logo\/image\/\"}}]}<\/script>\n<!-- \/ Yoast SEO Premium plugin. -->","yoast_head_json":{"title":"Soluciones de cogeneraci\u00f3n - MWM Soluciones de cogeneraci\u00f3n","description":"Las plantas de cogeneraci\u00f3n ecol\u00f3gicas MWM, con producci\u00f3n combinada de calor y electricidad, permiten la producci\u00f3n de energ\u00eda descentralizada, econ\u00f3mica y de bajo consumo.","robots":{"index":"index","follow":"follow","max-snippet":"max-snippet:-1","max-image-preview":"max-image-preview:large","max-video-preview":"max-video-preview:-1"},"canonical":"https:\/\/www.mwm.net\/es\/plantas-de-energia-distribuida\/soluciones-de-cogeneracion\/","og_locale":"es_ES","og_type":"article","og_title":"Soluciones de cogeneraci\u00f3n","og_description":"Las plantas de cogeneraci\u00f3n ecol\u00f3gicas MWM, con producci\u00f3n combinada de calor y electricidad, permiten la producci\u00f3n de energ\u00eda descentralizada, econ\u00f3mica y de bajo consumo.","og_url":"https:\/\/www.mwm.net\/es\/plantas-de-energia-distribuida\/soluciones-de-cogeneracion\/","og_site_name":"MWM","article_modified_time":"2024-12-05T12:36:52+00:00","og_image":[{"width":600,"height":450,"url":"https:\/\/www.mwm.net\/wp-content\/uploads\/2021\/04\/blockheizkraftwerke_t.jpg","type":"image\/jpeg"}],"twitter_card":"summary_large_image","twitter_misc":{"Tiempo de lectura":"5 minutos"},"schema":{"@context":"https:\/\/schema.org","@graph":[{"@type":"WebPage","@id":"https:\/\/www.mwm.net\/es\/plantas-de-energia-distribuida\/soluciones-de-cogeneracion\/","url":"https:\/\/www.mwm.net\/es\/plantas-de-energia-distribuida\/soluciones-de-cogeneracion\/","name":"Soluciones de cogeneraci\u00f3n - MWM Soluciones de cogeneraci\u00f3n","isPartOf":{"@id":"https:\/\/www.mwm.net\/es\/#website"},"primaryImageOfPage":{"@id":"https:\/\/www.mwm.net\/es\/plantas-de-energia-distribuida\/soluciones-de-cogeneracion\/#primaryimage"},"image":{"@id":"https:\/\/www.mwm.net\/es\/plantas-de-energia-distribuida\/soluciones-de-cogeneracion\/#primaryimage"},"thumbnailUrl":"https:\/\/www.mwm.net\/wp-content\/uploads\/2021\/04\/blockheizkraftwerke_t.jpg","datePublished":"2024-10-30T09:19:37+00:00","dateModified":"2024-12-05T12:36:52+00:00","description":"Las plantas de cogeneraci\u00f3n ecol\u00f3gicas MWM, con producci\u00f3n combinada de calor y electricidad, permiten la producci\u00f3n de energ\u00eda descentralizada, econ\u00f3mica y de bajo consumo.","breadcrumb":{"@id":"https:\/\/www.mwm.net\/es\/plantas-de-energia-distribuida\/soluciones-de-cogeneracion\/#breadcrumb"},"inLanguage":"es","potentialAction":[{"@type":"ReadAction","target":["https:\/\/www.mwm.net\/es\/plantas-de-energia-distribuida\/soluciones-de-cogeneracion\/"]}]},{"@type":"ImageObject","inLanguage":"es","@id":"https:\/\/www.mwm.net\/es\/plantas-de-energia-distribuida\/soluciones-de-cogeneracion\/#primaryimage","url":"https:\/\/www.mwm.net\/wp-content\/uploads\/2021\/04\/blockheizkraftwerke_t.jpg","contentUrl":"https:\/\/www.mwm.net\/wp-content\/uploads\/2021\/04\/blockheizkraftwerke_t.jpg","width":600,"height":450},{"@type":"BreadcrumbList","@id":"https:\/\/www.mwm.net\/es\/plantas-de-energia-distribuida\/soluciones-de-cogeneracion\/#breadcrumb","itemListElement":[{"@type":"ListItem","position":1,"name":"Home","item":"https:\/\/www.mwm.net\/es\/"},{"@type":"ListItem","position":2,"name":"Plantas de energ\u00eda distribuida","item":"https:\/\/www.mwm.net\/es\/plantas-de-energia-distribuida\/"},{"@type":"ListItem","position":3,"name":"Soluciones de cogeneraci\u00f3n"}]},{"@type":"WebSite","@id":"https:\/\/www.mwm.net\/es\/#website","url":"https:\/\/www.mwm.net\/es\/","name":"MWM","description":"","publisher":{"@id":"https:\/\/www.mwm.net\/es\/#organization"},"potentialAction":[{"@type":"SearchAction","target":{"@type":"EntryPoint","urlTemplate":"https:\/\/www.mwm.net\/es\/?s={search_term_string}"},"query-input":{"@type":"PropertyValueSpecification","valueRequired":true,"valueName":"search_term_string"}}],"inLanguage":"es"},{"@type":"Organization","@id":"https:\/\/www.mwm.net\/es\/#organization","name":"Caterpillar Energy Solutions GmbH","url":"https:\/\/www.mwm.net\/es\/","logo":{"@type":"ImageObject","inLanguage":"es","@id":"https:\/\/www.mwm.net\/es\/#\/schema\/logo\/image\/","url":"https:\/\/www.mwm.net\/wp-content\/uploads\/2022\/02\/logo2.jpg","contentUrl":"https:\/\/www.mwm.net\/wp-content\/uploads\/2022\/02\/logo2.jpg","width":260,"height":142,"caption":"Caterpillar Energy Solutions GmbH"},"image":{"@id":"https:\/\/www.mwm.net\/es\/#\/schema\/logo\/image\/"}}]}},"_links":{"self":[{"href":"https:\/\/www.mwm.net\/es\/wp-json\/wp\/v2\/pages\/102843","targetHints":{"allow":["GET"]}}],"collection":[{"href":"https:\/\/www.mwm.net\/es\/wp-json\/wp\/v2\/pages"}],"about":[{"href":"https:\/\/www.mwm.net\/es\/wp-json\/wp\/v2\/types\/page"}],"author":[{"embeddable":true,"href":"https:\/\/www.mwm.net\/es\/wp-json\/wp\/v2\/users\/3"}],"replies":[{"embeddable":true,"href":"https:\/\/www.mwm.net\/es\/wp-json\/wp\/v2\/comments?post=102843"}],"version-history":[{"count":6,"href":"https:\/\/www.mwm.net\/es\/wp-json\/wp\/v2\/pages\/102843\/revisions"}],"predecessor-version":[{"id":106495,"href":"https:\/\/www.mwm.net\/es\/wp-json\/wp\/v2\/pages\/102843\/revisions\/106495"}],"up":[{"embeddable":true,"href":"https:\/\/www.mwm.net\/es\/wp-json\/wp\/v2\/pages\/103032"}],"wp:featuredmedia":[{"embeddable":true,"href":"https:\/\/www.mwm.net\/es\/wp-json\/wp\/v2\/media\/102846"}],"wp:attachment":[{"href":"https:\/\/www.mwm.net\/es\/wp-json\/wp\/v2\/media?parent=102843"}],"wp:term":[{"taxonomy":"post_tag","embeddable":true,"href":"https:\/\/www.mwm.net\/es\/wp-json\/wp\/v2\/tags?post=102843"}],"curies":[{"name":"wp","href":"https:\/\/api.w.org\/{rel}","templated":true}]}}