{"id":102855,"date":"2021-03-25T19:04:11","date_gmt":"2021-03-25T19:04:11","guid":{"rendered":"https:\/\/www.mwm.net\/biogas\/"},"modified":"2024-12-13T17:49:19","modified_gmt":"2024-12-13T15:49:19","slug":"biogas","status":"publish","type":"page","link":"https:\/\/www.mwm.net\/es\/excelencia-en-gas\/soluciones-de-gas\/biogas\/","title":{"rendered":"Biog\u00e1s"},"content":{"rendered":"<h2>Ventajas de los sistemas de biog\u00e1s MWM<\/h2>\n<p>Gracias a muchos a\u00f1os de experiencia e innumerables referencias, MWM conoce en profundidad los diversos requisitos para los proyectos de biog\u00e1s. Con una amplia gama de soluciones ya configuradas, MWM es el socio perfecto para cumplir sus especificaciones individuales.<\/p>\n<figure id=\"attachment_107066\" aria-describedby=\"caption-attachment-107066\" style=\"width: 800px\" class=\"wp-caption alignleft\"><img decoding=\"async\" class=\"wp-image-107066\" src=\"https:\/\/www.mwm.net\/wp-content\/uploads\/2024\/12\/biogas-768x423.jpg\" alt=\"MWM ofrece generadores de gas, plantas completas de cogeneraci\u00f3n y contenedores especialmente adaptados para biog\u00e1s.\" width=\"800\" height=\"440\" srcset=\"https:\/\/www.mwm.net\/wp-content\/uploads\/2024\/12\/biogas-768x423.jpg 768w, https:\/\/www.mwm.net\/wp-content\/uploads\/2024\/12\/biogas-920x506.jpg 920w, https:\/\/www.mwm.net\/wp-content\/uploads\/2024\/12\/biogas.jpg 1090w\" sizes=\"(max-width: 767px) 89vw, (max-width: 1000px) 54vw, (max-width: 1071px) 543px, 580px\" \/><figcaption id=\"caption-attachment-107066\" class=\"wp-caption-text\">MWM ofrece generadores de gas, plantas completas de cogeneraci\u00f3n y contenedores especialmente adaptados para biog\u00e1s.<\/figcaption><\/figure>\n<h2>Biog\u00e1s a partir de materia prima regenerativa y plantas de biog\u00e1s<\/h2>\n<p>El biog\u00e1s es el producto de la fermentaci\u00f3n anaer\u00f3bica de materia org\u00e1nica en un fermentador. Este gas tiene un contenido de metano CH<sub>4<\/sub> del 45% al 70%. Durante la combusti\u00f3n, s\u00f3lo se produce tanto CO<sub>2<\/sub> como los sustratos absorben durante su crecimiento. Las plantas de cogeneraci\u00f3n que producen energ\u00eda a partir de biog\u00e1s evitan las emisiones que, de otro modo, se producir\u00edan durante la combusti\u00f3n de combustibles f\u00f3siles.<\/p>\n<h2>Obtenga la m\u00e1xima eficiencia de su sistema de biog\u00e1s<\/h2>\n<p>Durante la configuraci\u00f3n inicial o el reajuste del motor, cada sistema se configura espec\u00edficamente seg\u00fan las propiedades del gas producido. Esto ofrece una ventaja decisiva en eficiencia y garantiza tiempos de amortizaci\u00f3n significativamente optimizados.<\/p>\n<div class=\"patch-content\">\n<h2>Folleto del segmento Biog\u00e1s<\/h2>\n<p>MWM es uno de los principales especialistas mundiales en generaci\u00f3n de energ\u00eda a partir de biomasa y biog\u00e1s. Las <a href=\"https:\/\/www.mwm.net\/es\/plantas-de-energia-distribuida\/\">plantas con producci\u00f3n combinada de calor y electricidad (CHP)<\/a> con <a href=\"https:\/\/www.mwm.net\/es\/motores-de-gas-grupos-electrogenos\/\">motores de gas MWM<\/a> funcionan de forma eficiente y ahorran recursos &#8211; para una ecolog\u00eda econ\u00f3mica.<\/p>\n<div class=\"issue-image-section\">\n<div class=\"image-issuu\"><a href=\"https:\/\/issuu.com\/mwm_energy\/docs\/ces24028-one-pager_biogas_arten_bio_9b44a7eb68c901?fr=sMDYxNDY0MDY1NTY\" target=\"_blank\" rel=\"noopener\"><br \/>\n<img decoding=\"async\" title=\"Folleto en issuu.com\" src=\"https:\/\/www.mwm.net\/wp-content\/uploads\/2024\/12\/CES24028-One-Pager-Biogas-Arten_BIOGAS_ES_thumbnail.jpg\" alt=\"Folleto en issuu.com\" \/><br \/>\n<\/a><\/div>\n<div class=\"right-issuu\">\n<p>Haga clic en este folleto para acceder a la plataforma de publicaci\u00f3n digital issuu.com Este sitio web se rige por la <a href=\"https:\/\/issuu.com\/legal\/privacy\" target=\"_blank\" rel=\"noopener nofollow\">Pol\u00edtica de privacidad de issuu<\/a>.<\/p>\n<\/div>\n<\/div>\n<p>Todos los idiomas en issuu: <a title=\"MWM Biog\u00e1s Folleto en issuu.com (DE)\" href=\"https:\/\/issuu.com\/mwm_energy\/docs\/ces24028-one-pager-biogas-arten_biogas_210x297mm_d?fr=sYjdlNTY0MDY1NTY\" target=\"_blank\" rel=\"noopener\">DE<\/a> |\u00a0<a title=\"MWM Biog\u00e1s Folleto en issuu.com (EN)\" href=\"https:\/\/issuu.com\/mwm_energy\/docs\/ces24028-one-pager_biogas_arten_biogas_210x297mm_e?fr=sNmI2YzY0MDY1NTY\" target=\"_blank\" rel=\"noopener\">EN<\/a> | <a title=\"MWM Biog\u00e1s Folleto en issuu.com (ES)\" href=\"https:\/\/issuu.com\/mwm_energy\/docs\/ces24028-one-pager_biogas_arten_bio_9b44a7eb68c901?fr=sMDYxNDY0MDY1NTY\" target=\"_blank\" rel=\"noopener\">ES<\/a> | <a title=\"MWM Biog\u00e1s Folleto en issuu.com (FR)\" href=\"https:\/\/issuu.com\/mwm_energy\/docs\/ces24028-one-pager_biogas_arten_biogas_210x297mm_f?fr=sOGQ2MDY0MDY1NTY\" target=\"_blank\" rel=\"noopener\">FR<\/a> |\u00a0<a title=\"MWM Biog\u00e1s Folleto en issuu.com (NL)\" href=\"https:\/\/issuu.com\/mwm_energy\/docs\/ces24028-one-pager_biogas_arten_biogas_210x297mm_n?fr=sODI2NzY0MDY1NTY\" target=\"_blank\" rel=\"noopener\">NL<\/a> | <a title=\"MWM Biog\u00e1s Folleto en issuu.com (CN)\" href=\"https:\/\/issuu.com\/mwm_energy\/docs\/ces24028-one-pager-biogas-arten_biogas_210x297mm_c?fr=sMmFmZjY0MDY1NTY\" target=\"_blank\" rel=\"noopener\">CN<\/a><br \/>\nDescargar PDF: <a title=\"Descargar MWM Biog\u00e1s Folleto (DE)\" href=\"\/files\/upload\/mwm\/issuu\/CES24028-One-Pager-Biogas-Arten_BIOGAS_210x297mm_DE_4_0_RZ_sm_screen.pdf\" target=\"_blank\" rel=\"noopener\">DE<\/a> |\u00a0<a title=\"Descargar MWM Biog\u00e1s Folleto (EN)\" href=\"\/files\/upload\/mwm\/issuu\/CES24028-One-Pager-Biogas-Arten_BIOGAS_210x297mm_EN_5_0_RZ_sm_screen.pdf\" target=\"_blank\" rel=\"noopener\">EN<\/a> | <a title=\"Descargar MWM Biog\u00e1s Folleto (ES)\" href=\"\/files\/upload\/mwm\/issuu\/CES24028-One-Pager-Biogas-Arten_BIOGAS_210x297mm_ES_3_0_RZ_sm_screen.pdf\" target=\"_blank\" rel=\"noopener\">ES<\/a> | <a title=\"Descargar MWM Biog\u00e1s Folleto (FR)\" href=\"\/files\/upload\/mwm\/issuu\/CES24028-One-Pager-Biogas-Arten_BIOGAS_210x297mm_FR_1_0_RZ_sm_screen.pdf\" target=\"_blank\" rel=\"noopener\">FR<\/a> | <a title=\"Descargar MWM Biog\u00e1s Folleto (NL)\" href=\"\/files\/upload\/mwm\/issuu\/CES24028-One-Pager-Biogas-Arten_BIOGAS_210x297mm_NL_4_0_RZ_sm_screen.pdf\" target=\"_blank\" rel=\"noopener\">NL<\/a> | <a title=\"Descargar MWM Biog\u00e1s Folleto (CN)\" href=\"\/files\/upload\/mwm\/issuu\/CES24028-One-Pager-Biogas-Arten_BIOGAS_210x297mm_CN_2_0_RZ_sm_screen.pdf\" target=\"_blank\" rel=\"noopener\">CN<\/a><\/p>\n<\/div>\n<div class=\"pro_grphc\">\n<div class=\"cntct_rght\"><a href=\"https:\/\/www.mwm.net\/es\/contacto\/contacto-con-ventas\/\">Contacto con ventas <strong>Haga clic aqui<\/strong><\/a><\/div>\n<\/div>\n","protected":false},"excerpt":{"rendered":"<p>MWM ofrece generadores de gas, plantas completas de cogeneraci\u00f3n y contenedores especialmente adaptados para biog\u00e1s.<br \/>\nExcerpt: MWM ofrece generadores de gas, plantas completas de cogeneraci\u00f3n y contenedores especialmente adaptados para biog\u00e1s.<\/p>\n","protected":false},"author":1,"featured_media":107066,"parent":105016,"menu_order":0,"comment_status":"closed","ping_status":"closed","template":"page-sidebar-template.php","meta":{"_acf_changed":false,"footnotes":""},"tags":[1424],"class_list":["post-102855","page","type-page","status-publish","has-post-thumbnail","hentry","tag-biogas-es"],"acf":[],"yoast_head":"<!-- This site is optimized with the Yoast SEO Premium plugin v27.2 (Yoast SEO v27.2) - https:\/\/yoast.com\/product\/yoast-seo-premium-wordpress\/ -->\n<title>Biog\u00e1s<\/title>\n<meta name=\"description\" content=\"MWM ofrece generadores de gas, plantas completas de cogeneraci\u00f3n y contenedores especialmente adaptados para biog\u00e1s.Excerpt: MWM ofrece generadores de gas, plantas completas de cogeneraci\u00f3n y contenedores especialmente adaptados para biog\u00e1s.\" \/>\n<meta name=\"robots\" content=\"index, follow, max-snippet:-1, max-image-preview:large, max-video-preview:-1\" \/>\n<link rel=\"canonical\" href=\"https:\/\/www.mwm.net\/es\/excelencia-en-gas\/soluciones-de-gas\/biogas\/\" \/>\n<meta property=\"og:locale\" content=\"es_ES\" \/>\n<meta property=\"og:type\" content=\"article\" \/>\n<meta property=\"og:title\" content=\"Biog\u00e1s\" \/>\n<meta property=\"og:description\" content=\"MWM ofrece generadores de gas, plantas completas de cogeneraci\u00f3n y contenedores especialmente adaptados para biog\u00e1s.Excerpt: MWM ofrece generadores de gas, plantas completas de cogeneraci\u00f3n y contenedores especialmente adaptados para biog\u00e1s.\" \/>\n<meta property=\"og:url\" content=\"https:\/\/www.mwm.net\/es\/excelencia-en-gas\/soluciones-de-gas\/biogas\/\" \/>\n<meta property=\"og:site_name\" content=\"MWM\" \/>\n<meta property=\"article:modified_time\" content=\"2024-12-13T15:49:19+00:00\" \/>\n<meta property=\"og:image\" content=\"https:\/\/www.mwm.net\/wp-content\/uploads\/2024\/12\/biogas.jpg\" \/>\n\t<meta property=\"og:image:width\" content=\"1090\" \/>\n\t<meta property=\"og:image:height\" content=\"600\" \/>\n\t<meta property=\"og:image:type\" content=\"image\/jpeg\" \/>\n<meta name=\"twitter:card\" content=\"summary_large_image\" \/>\n<meta name=\"twitter:label1\" content=\"Tiempo de lectura\" \/>\n\t<meta name=\"twitter:data1\" content=\"3 minutos\" \/>\n<script type=\"application\/ld+json\" class=\"yoast-schema-graph\">{\"@context\":\"https:\/\/schema.org\",\"@graph\":[{\"@type\":\"WebPage\",\"@id\":\"https:\/\/www.mwm.net\/es\/excelencia-en-gas\/soluciones-de-gas\/biogas\/\",\"url\":\"https:\/\/www.mwm.net\/es\/excelencia-en-gas\/soluciones-de-gas\/biogas\/\",\"name\":\"Biog\u00e1s\",\"isPartOf\":{\"@id\":\"https:\/\/www.mwm.net\/es\/#website\"},\"primaryImageOfPage\":{\"@id\":\"https:\/\/www.mwm.net\/es\/excelencia-en-gas\/soluciones-de-gas\/biogas\/#primaryimage\"},\"image\":{\"@id\":\"https:\/\/www.mwm.net\/es\/excelencia-en-gas\/soluciones-de-gas\/biogas\/#primaryimage\"},\"thumbnailUrl\":\"https:\/\/www.mwm.net\/wp-content\/uploads\/2024\/12\/biogas.jpg\",\"datePublished\":\"2021-03-25T19:04:11+00:00\",\"dateModified\":\"2024-12-13T15:49:19+00:00\",\"description\":\"MWM ofrece generadores de gas, plantas completas de cogeneraci\u00f3n y contenedores especialmente adaptados para biog\u00e1s.Excerpt: MWM ofrece generadores de gas, plantas completas de cogeneraci\u00f3n y contenedores especialmente adaptados para biog\u00e1s.\",\"breadcrumb\":{\"@id\":\"https:\/\/www.mwm.net\/es\/excelencia-en-gas\/soluciones-de-gas\/biogas\/#breadcrumb\"},\"inLanguage\":\"es\",\"potentialAction\":[{\"@type\":\"ReadAction\",\"target\":[\"https:\/\/www.mwm.net\/es\/excelencia-en-gas\/soluciones-de-gas\/biogas\/\"]}]},{\"@type\":\"ImageObject\",\"inLanguage\":\"es\",\"@id\":\"https:\/\/www.mwm.net\/es\/excelencia-en-gas\/soluciones-de-gas\/biogas\/#primaryimage\",\"url\":\"https:\/\/www.mwm.net\/wp-content\/uploads\/2024\/12\/biogas.jpg\",\"contentUrl\":\"https:\/\/www.mwm.net\/wp-content\/uploads\/2024\/12\/biogas.jpg\",\"width\":1090,\"height\":600,\"caption\":\"Biog\u00e1s\"},{\"@type\":\"BreadcrumbList\",\"@id\":\"https:\/\/www.mwm.net\/es\/excelencia-en-gas\/soluciones-de-gas\/biogas\/#breadcrumb\",\"itemListElement\":[{\"@type\":\"ListItem\",\"position\":1,\"name\":\"Home\",\"item\":\"https:\/\/www.mwm.net\/es\/\"},{\"@type\":\"ListItem\",\"position\":2,\"name\":\"Excelencia en gas\",\"item\":\"https:\/\/www.mwm.net\/es\/excelencia-en-gas\/\"},{\"@type\":\"ListItem\",\"position\":3,\"name\":\"Soluciones de gas\",\"item\":\"https:\/\/www.mwm.net\/es\/excelencia-en-gas\/soluciones-de-gas\/\"},{\"@type\":\"ListItem\",\"position\":4,\"name\":\"Biog\u00e1s\"}]},{\"@type\":\"WebSite\",\"@id\":\"https:\/\/www.mwm.net\/es\/#website\",\"url\":\"https:\/\/www.mwm.net\/es\/\",\"name\":\"MWM\",\"description\":\"\",\"publisher\":{\"@id\":\"https:\/\/www.mwm.net\/es\/#organization\"},\"potentialAction\":[{\"@type\":\"SearchAction\",\"target\":{\"@type\":\"EntryPoint\",\"urlTemplate\":\"https:\/\/www.mwm.net\/es\/?s={search_term_string}\"},\"query-input\":{\"@type\":\"PropertyValueSpecification\",\"valueRequired\":true,\"valueName\":\"search_term_string\"}}],\"inLanguage\":\"es\"},{\"@type\":\"Organization\",\"@id\":\"https:\/\/www.mwm.net\/es\/#organization\",\"name\":\"Caterpillar Energy Solutions GmbH\",\"url\":\"https:\/\/www.mwm.net\/es\/\",\"logo\":{\"@type\":\"ImageObject\",\"inLanguage\":\"es\",\"@id\":\"https:\/\/www.mwm.net\/es\/#\/schema\/logo\/image\/\",\"url\":\"https:\/\/www.mwm.net\/wp-content\/uploads\/2022\/02\/logo2.jpg\",\"contentUrl\":\"https:\/\/www.mwm.net\/wp-content\/uploads\/2022\/02\/logo2.jpg\",\"width\":260,\"height\":142,\"caption\":\"Caterpillar Energy Solutions GmbH\"},\"image\":{\"@id\":\"https:\/\/www.mwm.net\/es\/#\/schema\/logo\/image\/\"}}]}<\/script>\n<!-- \/ Yoast SEO Premium plugin. -->","yoast_head_json":{"title":"Biog\u00e1s","description":"MWM ofrece generadores de gas, plantas completas de cogeneraci\u00f3n y contenedores especialmente adaptados para biog\u00e1s.Excerpt: MWM ofrece generadores de gas, plantas completas de cogeneraci\u00f3n y contenedores especialmente adaptados para biog\u00e1s.","robots":{"index":"index","follow":"follow","max-snippet":"max-snippet:-1","max-image-preview":"max-image-preview:large","max-video-preview":"max-video-preview:-1"},"canonical":"https:\/\/www.mwm.net\/es\/excelencia-en-gas\/soluciones-de-gas\/biogas\/","og_locale":"es_ES","og_type":"article","og_title":"Biog\u00e1s","og_description":"MWM ofrece generadores de gas, plantas completas de cogeneraci\u00f3n y contenedores especialmente adaptados para biog\u00e1s.Excerpt: MWM ofrece generadores de gas, plantas completas de cogeneraci\u00f3n y contenedores especialmente adaptados para biog\u00e1s.","og_url":"https:\/\/www.mwm.net\/es\/excelencia-en-gas\/soluciones-de-gas\/biogas\/","og_site_name":"MWM","article_modified_time":"2024-12-13T15:49:19+00:00","og_image":[{"width":1090,"height":600,"url":"https:\/\/www.mwm.net\/wp-content\/uploads\/2024\/12\/biogas.jpg","type":"image\/jpeg"}],"twitter_card":"summary_large_image","twitter_misc":{"Tiempo de lectura":"3 minutos"},"schema":{"@context":"https:\/\/schema.org","@graph":[{"@type":"WebPage","@id":"https:\/\/www.mwm.net\/es\/excelencia-en-gas\/soluciones-de-gas\/biogas\/","url":"https:\/\/www.mwm.net\/es\/excelencia-en-gas\/soluciones-de-gas\/biogas\/","name":"Biog\u00e1s","isPartOf":{"@id":"https:\/\/www.mwm.net\/es\/#website"},"primaryImageOfPage":{"@id":"https:\/\/www.mwm.net\/es\/excelencia-en-gas\/soluciones-de-gas\/biogas\/#primaryimage"},"image":{"@id":"https:\/\/www.mwm.net\/es\/excelencia-en-gas\/soluciones-de-gas\/biogas\/#primaryimage"},"thumbnailUrl":"https:\/\/www.mwm.net\/wp-content\/uploads\/2024\/12\/biogas.jpg","datePublished":"2021-03-25T19:04:11+00:00","dateModified":"2024-12-13T15:49:19+00:00","description":"MWM ofrece generadores de gas, plantas completas de cogeneraci\u00f3n y contenedores especialmente adaptados para biog\u00e1s.Excerpt: MWM ofrece generadores de gas, plantas completas de cogeneraci\u00f3n y contenedores especialmente adaptados para biog\u00e1s.","breadcrumb":{"@id":"https:\/\/www.mwm.net\/es\/excelencia-en-gas\/soluciones-de-gas\/biogas\/#breadcrumb"},"inLanguage":"es","potentialAction":[{"@type":"ReadAction","target":["https:\/\/www.mwm.net\/es\/excelencia-en-gas\/soluciones-de-gas\/biogas\/"]}]},{"@type":"ImageObject","inLanguage":"es","@id":"https:\/\/www.mwm.net\/es\/excelencia-en-gas\/soluciones-de-gas\/biogas\/#primaryimage","url":"https:\/\/www.mwm.net\/wp-content\/uploads\/2024\/12\/biogas.jpg","contentUrl":"https:\/\/www.mwm.net\/wp-content\/uploads\/2024\/12\/biogas.jpg","width":1090,"height":600,"caption":"Biog\u00e1s"},{"@type":"BreadcrumbList","@id":"https:\/\/www.mwm.net\/es\/excelencia-en-gas\/soluciones-de-gas\/biogas\/#breadcrumb","itemListElement":[{"@type":"ListItem","position":1,"name":"Home","item":"https:\/\/www.mwm.net\/es\/"},{"@type":"ListItem","position":2,"name":"Excelencia en gas","item":"https:\/\/www.mwm.net\/es\/excelencia-en-gas\/"},{"@type":"ListItem","position":3,"name":"Soluciones de gas","item":"https:\/\/www.mwm.net\/es\/excelencia-en-gas\/soluciones-de-gas\/"},{"@type":"ListItem","position":4,"name":"Biog\u00e1s"}]},{"@type":"WebSite","@id":"https:\/\/www.mwm.net\/es\/#website","url":"https:\/\/www.mwm.net\/es\/","name":"MWM","description":"","publisher":{"@id":"https:\/\/www.mwm.net\/es\/#organization"},"potentialAction":[{"@type":"SearchAction","target":{"@type":"EntryPoint","urlTemplate":"https:\/\/www.mwm.net\/es\/?s={search_term_string}"},"query-input":{"@type":"PropertyValueSpecification","valueRequired":true,"valueName":"search_term_string"}}],"inLanguage":"es"},{"@type":"Organization","@id":"https:\/\/www.mwm.net\/es\/#organization","name":"Caterpillar Energy Solutions GmbH","url":"https:\/\/www.mwm.net\/es\/","logo":{"@type":"ImageObject","inLanguage":"es","@id":"https:\/\/www.mwm.net\/es\/#\/schema\/logo\/image\/","url":"https:\/\/www.mwm.net\/wp-content\/uploads\/2022\/02\/logo2.jpg","contentUrl":"https:\/\/www.mwm.net\/wp-content\/uploads\/2022\/02\/logo2.jpg","width":260,"height":142,"caption":"Caterpillar Energy Solutions GmbH"},"image":{"@id":"https:\/\/www.mwm.net\/es\/#\/schema\/logo\/image\/"}}]}},"_links":{"self":[{"href":"https:\/\/www.mwm.net\/es\/wp-json\/wp\/v2\/pages\/102855","targetHints":{"allow":["GET"]}}],"collection":[{"href":"https:\/\/www.mwm.net\/es\/wp-json\/wp\/v2\/pages"}],"about":[{"href":"https:\/\/www.mwm.net\/es\/wp-json\/wp\/v2\/types\/page"}],"author":[{"embeddable":true,"href":"https:\/\/www.mwm.net\/es\/wp-json\/wp\/v2\/users\/1"}],"replies":[{"embeddable":true,"href":"https:\/\/www.mwm.net\/es\/wp-json\/wp\/v2\/comments?post=102855"}],"version-history":[{"count":6,"href":"https:\/\/www.mwm.net\/es\/wp-json\/wp\/v2\/pages\/102855\/revisions"}],"predecessor-version":[{"id":107070,"href":"https:\/\/www.mwm.net\/es\/wp-json\/wp\/v2\/pages\/102855\/revisions\/107070"}],"up":[{"embeddable":true,"href":"https:\/\/www.mwm.net\/es\/wp-json\/wp\/v2\/pages\/105016"}],"wp:featuredmedia":[{"embeddable":true,"href":"https:\/\/www.mwm.net\/es\/wp-json\/wp\/v2\/media\/107066"}],"wp:attachment":[{"href":"https:\/\/www.mwm.net\/es\/wp-json\/wp\/v2\/media?parent=102855"}],"wp:term":[{"taxonomy":"post_tag","embeddable":true,"href":"https:\/\/www.mwm.net\/es\/wp-json\/wp\/v2\/tags?post=102855"}],"curies":[{"name":"wp","href":"https:\/\/api.w.org\/{rel}","templated":true}]}}