{"id":102859,"date":"2021-03-25T19:04:55","date_gmt":"2021-03-25T19:04:55","guid":{"rendered":"https:\/\/www.mwm.net\/sewage-gas\/"},"modified":"2024-12-13T17:52:32","modified_gmt":"2024-12-13T15:52:32","slug":"gas-de-depuradora","status":"publish","type":"page","link":"https:\/\/www.mwm.net\/es\/excelencia-en-gas\/soluciones-de-gas\/gas-de-depuradora\/","title":{"rendered":"Gas de depuradora"},"content":{"rendered":"<h2>Uso del metano de plantas depuradoras para la producci\u00f3n descentralizada de energ\u00eda el\u00e9ctrica<\/h2>\n<p>El gas de depuradora tiene un valor calor\u00edfico de 6 a 6,4 kWh\/m<sup>3<\/sup> y un contenido de metano fluctuante debido a sus componentes org\u00e1nicos. El calor generado durante la producci\u00f3n de electricidad se utiliza como calor de proceso en la planta depuradora y, por tanto, ahorra costos energ\u00e9ticos adicionales.<\/p>\n<figure id=\"attachment_107071\" aria-describedby=\"caption-attachment-107071\" style=\"width: 800px\" class=\"wp-caption alignleft\"><img decoding=\"async\" class=\"wp-image-107071\" src=\"https:\/\/www.mwm.net\/wp-content\/uploads\/2024\/12\/Gas-de-depuradora-768x423.jpg\" alt=\"Plantas de cogeneraci\u00f3n y centrales el\u00e9ctricas MWM con motores de gas perfectamente configurados para gas de depuradora. Disponibilidad inmediata en todo el mundo.\" width=\"800\" height=\"440\" srcset=\"https:\/\/www.mwm.net\/wp-content\/uploads\/2024\/12\/Gas-de-depuradora-768x423.jpg 768w, https:\/\/www.mwm.net\/wp-content\/uploads\/2024\/12\/Gas-de-depuradora-920x506.jpg 920w, https:\/\/www.mwm.net\/wp-content\/uploads\/2024\/12\/Gas-de-depuradora.jpg 1090w\" sizes=\"(max-width: 767px) 89vw, (max-width: 1000px) 54vw, (max-width: 1071px) 543px, 580px\" \/><figcaption id=\"caption-attachment-107071\" class=\"wp-caption-text\">Plantas de cogeneraci\u00f3n y centrales el\u00e9ctricas MWM con motores de gas perfectamente configurados para gas de depuradora. Disponibilidad inmediata en todo el mundo.<\/figcaption><\/figure>\n<h2>Listo para una inmediata puesta en servicio<\/h2>\n<p>Gracias a sus exhaustivas rutinas de pruebas, MWM ofrece soluciones listas para utilizar con gases de depuradora dif\u00edciles con bajo contenido en metano. Es por eso que los motores de gas MWM est\u00e1n perfectamente configurados para su gas, eliminando as\u00ed la necesidad de procesos de ajuste complejos.<\/p>\n<h2>Experiencia internacional<\/h2>\n<p>Un amplio conocimiento de la industria en proyectos de gas de depuradora exitosos en todo el mundo y numerosos proyectos de referencia internacionales con los requisitos m\u00e1s diversos hacen de MWM un socio l\u00edder en soluciones de gas de depuradora eficientes a largo plazo.<\/p>\n<div class=\"patch-content\">\n<h2>Folleto del segmento Gas de depuradora<\/h2>\n<p>Gracias a sus exhaustivas rutinas de pruebas, MWM ofrece soluciones listas para utilizar con gases de depuradora dif\u00edciles con bajo contenido en metano. Es por eso que los motores de gas MWM est\u00e1n perfectamente configurados para su gas, eliminando as\u00ed la necesidad de procesos de ajuste complejos.<\/p>\n<div class=\"issue-image-section\">\n<div class=\"image-issuu\"><a href=\"https:\/\/issuu.com\/mwm_energy\/docs\/ces24028-one-pager_biogas_arten_sew_3a41f563203c9a?fr=sNDJiMDY0MDY1NTY\" target=\"_blank\" rel=\"noopener\"><br \/>\n<img decoding=\"async\" title=\"Folleto en issuu.com\" src=\"https:\/\/www.mwm.net\/wp-content\/uploads\/2024\/12\/CES24028-One-Pager-Biogas-Arten_SEWAGE_ES_thumbnail.jpg\" alt=\"Folleto en issuu.com\" \/><br \/>\n<\/a><\/div>\n<div class=\"right-issuu\">\n<p>Haga clic en este folleto para acceder a la plataforma de publicaci\u00f3n digital issuu.com Este sitio web se rige por la <a href=\"https:\/\/issuu.com\/legal\/privacy\" target=\"_blank\" rel=\"noopener nofollow\">Pol\u00edtica de privacidad de issuu<\/a>.<\/p>\n<\/div>\n<\/div>\n<p>Todos los idiomas en issuu: <a title=\"MWM Gas de depuradora Folleto en issuu.com (DE)\" href=\"https:\/\/issuu.com\/mwm_energy\/docs\/ces24028-one-pager-biogas-arten_sewage_210x297mm_d?fr=sYzMzNzY0MDY1NTY\" target=\"_blank\" rel=\"noopener\">DE<\/a> |\u00a0<a title=\"MWM Gas de depuradora Folleto en issuu.com (EN)\" href=\"https:\/\/issuu.com\/mwm_energy\/docs\/ces24028-one-pager_biogas_arten_sewage_210x297mm_e?fr=sM2U5YzY0MDY1NTY\" target=\"_blank\" rel=\"noopener\">EN<\/a> | <a title=\"MWM Gas de depuradora Folleto en issuu.com (ES)\" href=\"https:\/\/issuu.com\/mwm_energy\/docs\/ces24028-one-pager_biogas_arten_sew_3a41f563203c9a?fr=sNDJiMDY0MDY1NTY\" target=\"_blank\" rel=\"noopener\">ES<\/a> | <a title=\"MWM Gas de depuradora Folleto en issuu.com (FR)\" href=\"https:\/\/issuu.com\/mwm_energy\/docs\/ces24028-one-pager_biogas_arten_sewage_210x297mm_f?fr=sODEzNjY0MDY1NTY\" target=\"_blank\" rel=\"noopener\">FR<\/a> |\u00a0<a title=\"MWM Gas de depuradora Folleto en issuu.com (NL)\" href=\"https:\/\/issuu.com\/mwm_energy\/docs\/ces24028-one-pager_biogas_arten_sewage_210x297mm_n?fr=sOGNiNTY0MDY1NTY\" target=\"_blank\" rel=\"noopener\">NL<\/a> | <a title=\"MWM Gas de depuradora Folleto en issuu.com (CN)\" href=\"https:\/\/issuu.com\/mwm_energy\/docs\/ces24028-one-pager-biogas-arten_sewage_210x297mm_c?fr=sNzNhMzY0MDY1NTY\" target=\"_blank\" rel=\"noopener\">CN<\/a><br \/>\nDescargar PDF: <a title=\"Descargar MWM Gas de depuradora Folleto (DE)\" href=\"\/files\/upload\/mwm\/issuu\/CES24028-One-Pager-Biogas-Arten_SEWAGE_210x297mm_DE_4_0_RZ_sm_screen.pdf\" target=\"_blank\" rel=\"noopener\">DE<\/a> |\u00a0<a title=\"Descargar MWM Gas de depuradora Folleto (EN)\" href=\"\/files\/upload\/mwm\/issuu\/CES24028-One-Pager-Biogas-Arten_SEWAGE_210x297mm_EN_2_0_RZ_sm_screen.pdf\" target=\"_blank\" rel=\"noopener\">EN<\/a> | <a title=\"Descargar MWM Gas de depuradora Folleto (ES)\" href=\"\/files\/upload\/mwm\/issuu\/CES24028-One-Pager-Biogas-Arten_SEWAGE_210x297mm_ES_3_0_RZ_sm_screen.pdf\" target=\"_blank\" rel=\"noopener\">ES<\/a> | <a title=\"Descargar MWM Gas de depuradora Folleto (FR)\" href=\"\/files\/upload\/mwm\/issuu\/CES24028-One-Pager-Biogas-Arten_SEWAGE_210x297mm_FR_1_0_RZ_sm_screen.pdf\" target=\"_blank\" rel=\"noopener\">FR<\/a> | <a title=\"Descargar MWM Gas de depuradora Folleto (NL)\" href=\"\/files\/upload\/mwm\/issuu\/CES24028-One-Pager-Biogas-Arten_SEWAGE_210x297mm_NL_3_0_RZ_sm_screen.pdf\" target=\"_blank\" rel=\"noopener\">NL<\/a> |\u00a0<a title=\"Descargar MWM Gas de depuradora Folleto (CN)\" href=\"\/files\/upload\/mwm\/issuu\/CES24028-One-Pager-Biogas-Arten_SEWAGE_210x297mm_CN_2_0_RZ_sm_screen.pdf\" target=\"_blank\" rel=\"noopener\">CN<\/a><\/p>\n<\/div>\n<div class=\"pro_grphc\">\n<div class=\"cntct_rght\"><a href=\"https:\/\/www.mwm.net\/es\/contacto\/contacto-con-ventas\/\">Contacto con ventas <strong>Haga clic aqui<\/strong><\/a><\/div>\n<\/div>\n","protected":false},"excerpt":{"rendered":"<p>Plantas de cogeneraci\u00f3n y centrales el\u00e9ctricas MWM con motores de gas perfectamente configurados para gas de depuradora. Disponibilidad inmediata en todo el mundo.<br \/>\nExcerpt: Plantas de cogeneraci\u00f3n y centrales el\u00e9ctricas MWM con motores de gas perfectamente configurados para gas de depuradora. Disponibilidad inmediata en todo el mundo.<\/p>\n","protected":false},"author":1,"featured_media":107071,"parent":105016,"menu_order":0,"comment_status":"closed","ping_status":"closed","template":"page-sidebar-template.php","meta":{"_acf_changed":false,"footnotes":""},"tags":[1425],"class_list":["post-102859","page","type-page","status-publish","has-post-thumbnail","hentry","tag-sewage-gas-es"],"acf":[],"yoast_head":"<!-- This site is optimized with the Yoast SEO Premium plugin v27.2 (Yoast SEO v27.2) - https:\/\/yoast.com\/product\/yoast-seo-premium-wordpress\/ -->\n<title>Gas de depuradora<\/title>\n<meta name=\"description\" content=\"Plantas de cogeneraci\u00f3n y centrales el\u00e9ctricas MWM con motores de gas perfectamente configurados para gas de depuradora. Disponibilidad inmediata en todo el mundo.Excerpt: Plantas de cogeneraci\u00f3n y centrales el\u00e9ctricas MWM con motores de gas perfectamente configurados para gas de depuradora. Disponibilidad inmediata en todo el mundo.\" \/>\n<meta name=\"robots\" content=\"index, follow, max-snippet:-1, max-image-preview:large, max-video-preview:-1\" \/>\n<link rel=\"canonical\" href=\"https:\/\/www.mwm.net\/es\/excelencia-en-gas\/soluciones-de-gas\/gas-de-depuradora\/\" \/>\n<meta property=\"og:locale\" content=\"es_ES\" \/>\n<meta property=\"og:type\" content=\"article\" \/>\n<meta property=\"og:title\" content=\"Gas de depuradora\" \/>\n<meta property=\"og:description\" content=\"Plantas de cogeneraci\u00f3n y centrales el\u00e9ctricas MWM con motores de gas perfectamente configurados para gas de depuradora. Disponibilidad inmediata en todo el mundo.Excerpt: Plantas de cogeneraci\u00f3n y centrales el\u00e9ctricas MWM con motores de gas perfectamente configurados para gas de depuradora. Disponibilidad inmediata en todo el mundo.\" \/>\n<meta property=\"og:url\" content=\"https:\/\/www.mwm.net\/es\/excelencia-en-gas\/soluciones-de-gas\/gas-de-depuradora\/\" \/>\n<meta property=\"og:site_name\" content=\"MWM\" \/>\n<meta property=\"article:modified_time\" content=\"2024-12-13T15:52:32+00:00\" \/>\n<meta property=\"og:image\" content=\"https:\/\/www.mwm.net\/wp-content\/uploads\/2024\/12\/Gas-de-depuradora.jpg\" \/>\n\t<meta property=\"og:image:width\" content=\"1090\" \/>\n\t<meta property=\"og:image:height\" content=\"600\" \/>\n\t<meta property=\"og:image:type\" content=\"image\/jpeg\" \/>\n<meta name=\"twitter:card\" content=\"summary_large_image\" \/>\n<meta name=\"twitter:label1\" content=\"Tiempo de lectura\" \/>\n\t<meta name=\"twitter:data1\" content=\"3 minutos\" \/>\n<script type=\"application\/ld+json\" class=\"yoast-schema-graph\">{\"@context\":\"https:\/\/schema.org\",\"@graph\":[{\"@type\":\"WebPage\",\"@id\":\"https:\/\/www.mwm.net\/es\/excelencia-en-gas\/soluciones-de-gas\/gas-de-depuradora\/\",\"url\":\"https:\/\/www.mwm.net\/es\/excelencia-en-gas\/soluciones-de-gas\/gas-de-depuradora\/\",\"name\":\"Gas de depuradora\",\"isPartOf\":{\"@id\":\"https:\/\/www.mwm.net\/es\/#website\"},\"primaryImageOfPage\":{\"@id\":\"https:\/\/www.mwm.net\/es\/excelencia-en-gas\/soluciones-de-gas\/gas-de-depuradora\/#primaryimage\"},\"image\":{\"@id\":\"https:\/\/www.mwm.net\/es\/excelencia-en-gas\/soluciones-de-gas\/gas-de-depuradora\/#primaryimage\"},\"thumbnailUrl\":\"https:\/\/www.mwm.net\/wp-content\/uploads\/2024\/12\/Gas-de-depuradora.jpg\",\"datePublished\":\"2021-03-25T19:04:55+00:00\",\"dateModified\":\"2024-12-13T15:52:32+00:00\",\"description\":\"Plantas de cogeneraci\u00f3n y centrales el\u00e9ctricas MWM con motores de gas perfectamente configurados para gas de depuradora. Disponibilidad inmediata en todo el mundo.Excerpt: Plantas de cogeneraci\u00f3n y centrales el\u00e9ctricas MWM con motores de gas perfectamente configurados para gas de depuradora. Disponibilidad inmediata en todo el mundo.\",\"breadcrumb\":{\"@id\":\"https:\/\/www.mwm.net\/es\/excelencia-en-gas\/soluciones-de-gas\/gas-de-depuradora\/#breadcrumb\"},\"inLanguage\":\"es\",\"potentialAction\":[{\"@type\":\"ReadAction\",\"target\":[\"https:\/\/www.mwm.net\/es\/excelencia-en-gas\/soluciones-de-gas\/gas-de-depuradora\/\"]}]},{\"@type\":\"ImageObject\",\"inLanguage\":\"es\",\"@id\":\"https:\/\/www.mwm.net\/es\/excelencia-en-gas\/soluciones-de-gas\/gas-de-depuradora\/#primaryimage\",\"url\":\"https:\/\/www.mwm.net\/wp-content\/uploads\/2024\/12\/Gas-de-depuradora.jpg\",\"contentUrl\":\"https:\/\/www.mwm.net\/wp-content\/uploads\/2024\/12\/Gas-de-depuradora.jpg\",\"width\":1090,\"height\":600,\"caption\":\"Gas de depuradora\"},{\"@type\":\"BreadcrumbList\",\"@id\":\"https:\/\/www.mwm.net\/es\/excelencia-en-gas\/soluciones-de-gas\/gas-de-depuradora\/#breadcrumb\",\"itemListElement\":[{\"@type\":\"ListItem\",\"position\":1,\"name\":\"Home\",\"item\":\"https:\/\/www.mwm.net\/es\/\"},{\"@type\":\"ListItem\",\"position\":2,\"name\":\"Excelencia en gas\",\"item\":\"https:\/\/www.mwm.net\/es\/excelencia-en-gas\/\"},{\"@type\":\"ListItem\",\"position\":3,\"name\":\"Soluciones de gas\",\"item\":\"https:\/\/www.mwm.net\/es\/excelencia-en-gas\/soluciones-de-gas\/\"},{\"@type\":\"ListItem\",\"position\":4,\"name\":\"Gas de depuradora\"}]},{\"@type\":\"WebSite\",\"@id\":\"https:\/\/www.mwm.net\/es\/#website\",\"url\":\"https:\/\/www.mwm.net\/es\/\",\"name\":\"MWM\",\"description\":\"\",\"publisher\":{\"@id\":\"https:\/\/www.mwm.net\/es\/#organization\"},\"potentialAction\":[{\"@type\":\"SearchAction\",\"target\":{\"@type\":\"EntryPoint\",\"urlTemplate\":\"https:\/\/www.mwm.net\/es\/?s={search_term_string}\"},\"query-input\":{\"@type\":\"PropertyValueSpecification\",\"valueRequired\":true,\"valueName\":\"search_term_string\"}}],\"inLanguage\":\"es\"},{\"@type\":\"Organization\",\"@id\":\"https:\/\/www.mwm.net\/es\/#organization\",\"name\":\"Caterpillar Energy Solutions GmbH\",\"url\":\"https:\/\/www.mwm.net\/es\/\",\"logo\":{\"@type\":\"ImageObject\",\"inLanguage\":\"es\",\"@id\":\"https:\/\/www.mwm.net\/es\/#\/schema\/logo\/image\/\",\"url\":\"https:\/\/www.mwm.net\/wp-content\/uploads\/2022\/02\/logo2.jpg\",\"contentUrl\":\"https:\/\/www.mwm.net\/wp-content\/uploads\/2022\/02\/logo2.jpg\",\"width\":260,\"height\":142,\"caption\":\"Caterpillar Energy Solutions GmbH\"},\"image\":{\"@id\":\"https:\/\/www.mwm.net\/es\/#\/schema\/logo\/image\/\"}}]}<\/script>\n<!-- \/ Yoast SEO Premium plugin. -->","yoast_head_json":{"title":"Gas de depuradora","description":"Plantas de cogeneraci\u00f3n y centrales el\u00e9ctricas MWM con motores de gas perfectamente configurados para gas de depuradora. Disponibilidad inmediata en todo el mundo.Excerpt: Plantas de cogeneraci\u00f3n y centrales el\u00e9ctricas MWM con motores de gas perfectamente configurados para gas de depuradora. Disponibilidad inmediata en todo el mundo.","robots":{"index":"index","follow":"follow","max-snippet":"max-snippet:-1","max-image-preview":"max-image-preview:large","max-video-preview":"max-video-preview:-1"},"canonical":"https:\/\/www.mwm.net\/es\/excelencia-en-gas\/soluciones-de-gas\/gas-de-depuradora\/","og_locale":"es_ES","og_type":"article","og_title":"Gas de depuradora","og_description":"Plantas de cogeneraci\u00f3n y centrales el\u00e9ctricas MWM con motores de gas perfectamente configurados para gas de depuradora. Disponibilidad inmediata en todo el mundo.Excerpt: Plantas de cogeneraci\u00f3n y centrales el\u00e9ctricas MWM con motores de gas perfectamente configurados para gas de depuradora. Disponibilidad inmediata en todo el mundo.","og_url":"https:\/\/www.mwm.net\/es\/excelencia-en-gas\/soluciones-de-gas\/gas-de-depuradora\/","og_site_name":"MWM","article_modified_time":"2024-12-13T15:52:32+00:00","og_image":[{"width":1090,"height":600,"url":"https:\/\/www.mwm.net\/wp-content\/uploads\/2024\/12\/Gas-de-depuradora.jpg","type":"image\/jpeg"}],"twitter_card":"summary_large_image","twitter_misc":{"Tiempo de lectura":"3 minutos"},"schema":{"@context":"https:\/\/schema.org","@graph":[{"@type":"WebPage","@id":"https:\/\/www.mwm.net\/es\/excelencia-en-gas\/soluciones-de-gas\/gas-de-depuradora\/","url":"https:\/\/www.mwm.net\/es\/excelencia-en-gas\/soluciones-de-gas\/gas-de-depuradora\/","name":"Gas de depuradora","isPartOf":{"@id":"https:\/\/www.mwm.net\/es\/#website"},"primaryImageOfPage":{"@id":"https:\/\/www.mwm.net\/es\/excelencia-en-gas\/soluciones-de-gas\/gas-de-depuradora\/#primaryimage"},"image":{"@id":"https:\/\/www.mwm.net\/es\/excelencia-en-gas\/soluciones-de-gas\/gas-de-depuradora\/#primaryimage"},"thumbnailUrl":"https:\/\/www.mwm.net\/wp-content\/uploads\/2024\/12\/Gas-de-depuradora.jpg","datePublished":"2021-03-25T19:04:55+00:00","dateModified":"2024-12-13T15:52:32+00:00","description":"Plantas de cogeneraci\u00f3n y centrales el\u00e9ctricas MWM con motores de gas perfectamente configurados para gas de depuradora. Disponibilidad inmediata en todo el mundo.Excerpt: Plantas de cogeneraci\u00f3n y centrales el\u00e9ctricas MWM con motores de gas perfectamente configurados para gas de depuradora. Disponibilidad inmediata en todo el mundo.","breadcrumb":{"@id":"https:\/\/www.mwm.net\/es\/excelencia-en-gas\/soluciones-de-gas\/gas-de-depuradora\/#breadcrumb"},"inLanguage":"es","potentialAction":[{"@type":"ReadAction","target":["https:\/\/www.mwm.net\/es\/excelencia-en-gas\/soluciones-de-gas\/gas-de-depuradora\/"]}]},{"@type":"ImageObject","inLanguage":"es","@id":"https:\/\/www.mwm.net\/es\/excelencia-en-gas\/soluciones-de-gas\/gas-de-depuradora\/#primaryimage","url":"https:\/\/www.mwm.net\/wp-content\/uploads\/2024\/12\/Gas-de-depuradora.jpg","contentUrl":"https:\/\/www.mwm.net\/wp-content\/uploads\/2024\/12\/Gas-de-depuradora.jpg","width":1090,"height":600,"caption":"Gas de depuradora"},{"@type":"BreadcrumbList","@id":"https:\/\/www.mwm.net\/es\/excelencia-en-gas\/soluciones-de-gas\/gas-de-depuradora\/#breadcrumb","itemListElement":[{"@type":"ListItem","position":1,"name":"Home","item":"https:\/\/www.mwm.net\/es\/"},{"@type":"ListItem","position":2,"name":"Excelencia en gas","item":"https:\/\/www.mwm.net\/es\/excelencia-en-gas\/"},{"@type":"ListItem","position":3,"name":"Soluciones de gas","item":"https:\/\/www.mwm.net\/es\/excelencia-en-gas\/soluciones-de-gas\/"},{"@type":"ListItem","position":4,"name":"Gas de depuradora"}]},{"@type":"WebSite","@id":"https:\/\/www.mwm.net\/es\/#website","url":"https:\/\/www.mwm.net\/es\/","name":"MWM","description":"","publisher":{"@id":"https:\/\/www.mwm.net\/es\/#organization"},"potentialAction":[{"@type":"SearchAction","target":{"@type":"EntryPoint","urlTemplate":"https:\/\/www.mwm.net\/es\/?s={search_term_string}"},"query-input":{"@type":"PropertyValueSpecification","valueRequired":true,"valueName":"search_term_string"}}],"inLanguage":"es"},{"@type":"Organization","@id":"https:\/\/www.mwm.net\/es\/#organization","name":"Caterpillar Energy Solutions GmbH","url":"https:\/\/www.mwm.net\/es\/","logo":{"@type":"ImageObject","inLanguage":"es","@id":"https:\/\/www.mwm.net\/es\/#\/schema\/logo\/image\/","url":"https:\/\/www.mwm.net\/wp-content\/uploads\/2022\/02\/logo2.jpg","contentUrl":"https:\/\/www.mwm.net\/wp-content\/uploads\/2022\/02\/logo2.jpg","width":260,"height":142,"caption":"Caterpillar Energy Solutions GmbH"},"image":{"@id":"https:\/\/www.mwm.net\/es\/#\/schema\/logo\/image\/"}}]}},"_links":{"self":[{"href":"https:\/\/www.mwm.net\/es\/wp-json\/wp\/v2\/pages\/102859","targetHints":{"allow":["GET"]}}],"collection":[{"href":"https:\/\/www.mwm.net\/es\/wp-json\/wp\/v2\/pages"}],"about":[{"href":"https:\/\/www.mwm.net\/es\/wp-json\/wp\/v2\/types\/page"}],"author":[{"embeddable":true,"href":"https:\/\/www.mwm.net\/es\/wp-json\/wp\/v2\/users\/1"}],"replies":[{"embeddable":true,"href":"https:\/\/www.mwm.net\/es\/wp-json\/wp\/v2\/comments?post=102859"}],"version-history":[{"count":5,"href":"https:\/\/www.mwm.net\/es\/wp-json\/wp\/v2\/pages\/102859\/revisions"}],"predecessor-version":[{"id":107074,"href":"https:\/\/www.mwm.net\/es\/wp-json\/wp\/v2\/pages\/102859\/revisions\/107074"}],"up":[{"embeddable":true,"href":"https:\/\/www.mwm.net\/es\/wp-json\/wp\/v2\/pages\/105016"}],"wp:featuredmedia":[{"embeddable":true,"href":"https:\/\/www.mwm.net\/es\/wp-json\/wp\/v2\/media\/107071"}],"wp:attachment":[{"href":"https:\/\/www.mwm.net\/es\/wp-json\/wp\/v2\/media?parent=102859"}],"wp:term":[{"taxonomy":"post_tag","embeddable":true,"href":"https:\/\/www.mwm.net\/es\/wp-json\/wp\/v2\/tags?post=102859"}],"curies":[{"name":"wp","href":"https:\/\/api.w.org\/{rel}","templated":true}]}}