{"id":102861,"date":"2021-03-01T20:01:58","date_gmt":"2021-03-01T20:01:58","guid":{"rendered":"https:\/\/www.mwm.net\/home\/"},"modified":"2026-03-18T13:28:52","modified_gmt":"2026-03-18T11:28:52","slug":"mwm-gas-engines-gensets-distributed-energy-supply-cogeneration-chp-plant","status":"publish","type":"page","link":"https:\/\/www.mwm.net\/es\/","title":{"rendered":"MWM | Motores de gas, grupos electr\u00f3genos, cogeneraci\u00f3n, planta CHP"},"content":{"rendered":"","protected":false},"excerpt":{"rendered":"<p>MWM, una de las marcas l\u00edderes a nivel mundial de plantas CHP altamente eficientes y respetuosas con el medio ambiente, alimentadas por motores de gas. Fundada por Carl Benz en Mannheim, Alemania<\/p>\n","protected":false},"author":1,"featured_media":0,"parent":0,"menu_order":-1,"comment_status":"closed","ping_status":"closed","template":"home-template.php","meta":{"_acf_changed":false,"footnotes":""},"tags":[],"class_list":["post-102861","page","type-page","status-publish","hentry"],"acf":[],"yoast_head":"<!-- This site is optimized with the Yoast SEO Premium plugin v27.2 (Yoast SEO v27.2) - https:\/\/yoast.com\/product\/yoast-seo-premium-wordpress\/ -->\n<title>MWM | Motores de gas, grupos electr\u00f3genos, cogeneraci\u00f3n, planta CHP<\/title>\n<meta name=\"description\" content=\"MWM, una de las marcas l\u00edderes a nivel mundial de plantas de CHP altamente eficientes y respetuosas con el medio ambiente, alimentadas por motores de gas. Fundada por Carl Benz en Mannheim, Alemania.\" \/>\n<meta name=\"robots\" content=\"index, follow, max-snippet:-1, max-image-preview:large, max-video-preview:-1\" \/>\n<link rel=\"canonical\" href=\"https:\/\/www.mwm.net\/es\/\" \/>\n<meta property=\"og:locale\" content=\"es_ES\" \/>\n<meta property=\"og:type\" content=\"article\" \/>\n<meta property=\"og:title\" content=\"MWM | Motores de gas, grupos electr\u00f3genos, cogeneraci\u00f3n, planta CHP\" \/>\n<meta property=\"og:description\" content=\"MWM, una de las marcas l\u00edderes a nivel mundial de plantas de CHP altamente eficientes y respetuosas con el medio ambiente, alimentadas por motores de gas. Fundada por Carl Benz en Mannheim, Alemania.\" \/>\n<meta property=\"og:url\" content=\"https:\/\/www.mwm.net\/es\/\" \/>\n<meta property=\"og:site_name\" content=\"MWM\" \/>\n<meta property=\"article:modified_time\" content=\"2026-03-18T11:28:52+00:00\" \/>\n<meta name=\"twitter:card\" content=\"summary_large_image\" \/>\n<script type=\"application\/ld+json\" class=\"yoast-schema-graph\">{\"@context\":\"https:\/\/schema.org\",\"@graph\":[{\"@type\":\"WebPage\",\"@id\":\"https:\/\/www.mwm.net\/es\/\",\"url\":\"https:\/\/www.mwm.net\/es\/\",\"name\":\"MWM | Motores de gas, grupos electr\u00f3genos, cogeneraci\u00f3n, planta CHP\",\"isPartOf\":{\"@id\":\"https:\/\/www.mwm.net\/es\/#website\"},\"datePublished\":\"2021-03-01T20:01:58+00:00\",\"dateModified\":\"2026-03-18T11:28:52+00:00\",\"description\":\"MWM, una de las marcas l\u00edderes a nivel mundial de plantas de CHP altamente eficientes y respetuosas con el medio ambiente, alimentadas por motores de gas. Fundada por Carl Benz en Mannheim, Alemania.\",\"breadcrumb\":{\"@id\":\"https:\/\/www.mwm.net\/es\/#breadcrumb\"},\"inLanguage\":\"es\",\"potentialAction\":[{\"@type\":\"ReadAction\",\"target\":[\"https:\/\/www.mwm.net\/es\/\"]}]},{\"@type\":\"BreadcrumbList\",\"@id\":\"https:\/\/www.mwm.net\/es\/#breadcrumb\",\"itemListElement\":[{\"@type\":\"ListItem\",\"position\":1,\"name\":\"Home\",\"item\":\"https:\/\/www.mwm.net\/es\/\"},{\"@type\":\"ListItem\",\"position\":2,\"name\":\"MWM | Motores de gas, grupos electr\u00f3genos, cogeneraci\u00f3n, planta CHP\"}]},{\"@type\":\"WebSite\",\"@id\":\"https:\/\/www.mwm.net\/es\/#website\",\"url\":\"https:\/\/www.mwm.net\/es\/\",\"name\":\"MWM\",\"description\":\"\",\"publisher\":{\"@id\":\"https:\/\/www.mwm.net\/es\/#organization\"},\"potentialAction\":[{\"@type\":\"SearchAction\",\"target\":{\"@type\":\"EntryPoint\",\"urlTemplate\":\"https:\/\/www.mwm.net\/es\/?s={search_term_string}\"},\"query-input\":{\"@type\":\"PropertyValueSpecification\",\"valueRequired\":true,\"valueName\":\"search_term_string\"}}],\"inLanguage\":\"es\"},{\"@type\":\"Organization\",\"@id\":\"https:\/\/www.mwm.net\/es\/#organization\",\"name\":\"Caterpillar Energy Solutions GmbH\",\"url\":\"https:\/\/www.mwm.net\/es\/\",\"logo\":{\"@type\":\"ImageObject\",\"inLanguage\":\"es\",\"@id\":\"https:\/\/www.mwm.net\/es\/#\/schema\/logo\/image\/\",\"url\":\"https:\/\/www.mwm.net\/wp-content\/uploads\/2022\/02\/logo2.jpg\",\"contentUrl\":\"https:\/\/www.mwm.net\/wp-content\/uploads\/2022\/02\/logo2.jpg\",\"width\":260,\"height\":142,\"caption\":\"Caterpillar Energy Solutions GmbH\"},\"image\":{\"@id\":\"https:\/\/www.mwm.net\/es\/#\/schema\/logo\/image\/\"}}]}<\/script>\n<!-- \/ Yoast SEO Premium plugin. -->","yoast_head_json":{"title":"MWM | Motores de gas, grupos electr\u00f3genos, cogeneraci\u00f3n, planta CHP","description":"MWM, una de las marcas l\u00edderes a nivel mundial de plantas de CHP altamente eficientes y respetuosas con el medio ambiente, alimentadas por motores de gas. Fundada por Carl Benz en Mannheim, Alemania.","robots":{"index":"index","follow":"follow","max-snippet":"max-snippet:-1","max-image-preview":"max-image-preview:large","max-video-preview":"max-video-preview:-1"},"canonical":"https:\/\/www.mwm.net\/es\/","og_locale":"es_ES","og_type":"article","og_title":"MWM | Motores de gas, grupos electr\u00f3genos, cogeneraci\u00f3n, planta CHP","og_description":"MWM, una de las marcas l\u00edderes a nivel mundial de plantas de CHP altamente eficientes y respetuosas con el medio ambiente, alimentadas por motores de gas. Fundada por Carl Benz en Mannheim, Alemania.","og_url":"https:\/\/www.mwm.net\/es\/","og_site_name":"MWM","article_modified_time":"2026-03-18T11:28:52+00:00","twitter_card":"summary_large_image","schema":{"@context":"https:\/\/schema.org","@graph":[{"@type":"WebPage","@id":"https:\/\/www.mwm.net\/es\/","url":"https:\/\/www.mwm.net\/es\/","name":"MWM | Motores de gas, grupos electr\u00f3genos, cogeneraci\u00f3n, planta CHP","isPartOf":{"@id":"https:\/\/www.mwm.net\/es\/#website"},"datePublished":"2021-03-01T20:01:58+00:00","dateModified":"2026-03-18T11:28:52+00:00","description":"MWM, una de las marcas l\u00edderes a nivel mundial de plantas de CHP altamente eficientes y respetuosas con el medio ambiente, alimentadas por motores de gas. Fundada por Carl Benz en Mannheim, Alemania.","breadcrumb":{"@id":"https:\/\/www.mwm.net\/es\/#breadcrumb"},"inLanguage":"es","potentialAction":[{"@type":"ReadAction","target":["https:\/\/www.mwm.net\/es\/"]}]},{"@type":"BreadcrumbList","@id":"https:\/\/www.mwm.net\/es\/#breadcrumb","itemListElement":[{"@type":"ListItem","position":1,"name":"Home","item":"https:\/\/www.mwm.net\/es\/"},{"@type":"ListItem","position":2,"name":"MWM | Motores de gas, grupos electr\u00f3genos, cogeneraci\u00f3n, planta CHP"}]},{"@type":"WebSite","@id":"https:\/\/www.mwm.net\/es\/#website","url":"https:\/\/www.mwm.net\/es\/","name":"MWM","description":"","publisher":{"@id":"https:\/\/www.mwm.net\/es\/#organization"},"potentialAction":[{"@type":"SearchAction","target":{"@type":"EntryPoint","urlTemplate":"https:\/\/www.mwm.net\/es\/?s={search_term_string}"},"query-input":{"@type":"PropertyValueSpecification","valueRequired":true,"valueName":"search_term_string"}}],"inLanguage":"es"},{"@type":"Organization","@id":"https:\/\/www.mwm.net\/es\/#organization","name":"Caterpillar Energy Solutions GmbH","url":"https:\/\/www.mwm.net\/es\/","logo":{"@type":"ImageObject","inLanguage":"es","@id":"https:\/\/www.mwm.net\/es\/#\/schema\/logo\/image\/","url":"https:\/\/www.mwm.net\/wp-content\/uploads\/2022\/02\/logo2.jpg","contentUrl":"https:\/\/www.mwm.net\/wp-content\/uploads\/2022\/02\/logo2.jpg","width":260,"height":142,"caption":"Caterpillar Energy Solutions GmbH"},"image":{"@id":"https:\/\/www.mwm.net\/es\/#\/schema\/logo\/image\/"}}]}},"_links":{"self":[{"href":"https:\/\/www.mwm.net\/es\/wp-json\/wp\/v2\/pages\/102861","targetHints":{"allow":["GET"]}}],"collection":[{"href":"https:\/\/www.mwm.net\/es\/wp-json\/wp\/v2\/pages"}],"about":[{"href":"https:\/\/www.mwm.net\/es\/wp-json\/wp\/v2\/types\/page"}],"author":[{"embeddable":true,"href":"https:\/\/www.mwm.net\/es\/wp-json\/wp\/v2\/users\/1"}],"replies":[{"embeddable":true,"href":"https:\/\/www.mwm.net\/es\/wp-json\/wp\/v2\/comments?post=102861"}],"version-history":[{"count":5,"href":"https:\/\/www.mwm.net\/es\/wp-json\/wp\/v2\/pages\/102861\/revisions"}],"predecessor-version":[{"id":112461,"href":"https:\/\/www.mwm.net\/es\/wp-json\/wp\/v2\/pages\/102861\/revisions\/112461"}],"wp:attachment":[{"href":"https:\/\/www.mwm.net\/es\/wp-json\/wp\/v2\/media?parent=102861"}],"wp:term":[{"taxonomy":"post_tag","embeddable":true,"href":"https:\/\/www.mwm.net\/es\/wp-json\/wp\/v2\/tags?post=102861"}],"curies":[{"name":"wp","href":"https:\/\/api.w.org\/{rel}","templated":true}]}}