{"id":102928,"date":"2021-03-25T17:10:54","date_gmt":"2021-03-25T17:10:54","guid":{"rendered":"https:\/\/www.mwm.net\/ueber-mwm\/"},"modified":"2024-11-28T12:12:26","modified_gmt":"2024-11-28T10:12:26","slug":"esto-es-mwm","status":"publish","type":"page","link":"https:\/\/www.mwm.net\/es\/esto-es-mwm\/","title":{"rendered":"Esto es MWM"},"content":{"rendered":"<h2>MWM \u2013 Una marca importante con 150 a\u00f1os de experiencia en la generaci\u00f3n de energ\u00eda distribuida<\/h2>\n<div class=\"text_sec\">\n<p>Desde 1871, desarrollamos y producimos motores de gas y grupos electr\u00f3genos sostenibles en Mannheim. Con la marca MWM, Caterpillar Energy Solutions puede remontarse a una tradici\u00f3n de m\u00e1s de 150 a\u00f1os, siempre guiada por el esp\u00edritu pionero de nuestros fundadores, Carl Benz y August Ritter. El entusiasmo y la fuerza innovadora de nuestros ingenieros contin\u00faan aportando nuevas soluciones de vanguardia. Ellos contribuyeron a que MWM se convirtiera en lo que es hoy, una de las marcas l\u00edderes y m\u00e1s reconocidas en el campo de los motores de gas y grupos electr\u00f3genos.<br \/>\n&nbsp;<br \/>\nDe este modo, seguimos mejorando el rendimiento, la eficiencia y la fiabilidad de los sistemas de cogeneraci\u00f3n y los motores de gas MWM que hoy se distribuyen desde Mannheim a todo el mundo. Como resultado nos hemos convertido en uno de proveedores l\u00edderes a nivel mundial de sistemas completos de alta eficiencia y respetuosos con el medio ambiente para la generaci\u00f3n de energ\u00eda distribuida y calor (sistemas de cogeneraci\u00f3n, con producci\u00f3n combinada de calor y electricidad).<br \/>\n&nbsp;<br \/>\nGracias a nuestro profundo conocimiento de toda la cadena de valor, somos un socio fiable en el desarrollo de soluciones energ\u00e9ticas personalizadas y eficientes.<\/p>\n<\/div>\n<div class=\"cntct_rght\"><a href=\"\/es\/contacto\/contacto-con-ventas\/\">Contacto con ventas<br \/>\n<b>Haga clic aqu\u00ed<\/b><\/a><\/div>\n<div class=\"sprtr\"><\/div>\n","protected":false},"excerpt":{"rendered":"<p>MWM \u2013 a Major Brand With 150 Years of Experience in Distributed Energy Generation<\/p>\n","protected":false},"author":1,"featured_media":102931,"parent":0,"menu_order":40,"comment_status":"closed","ping_status":"closed","template":"listing-template.php","meta":{"_acf_changed":false,"footnotes":""},"tags":[],"class_list":["post-102928","page","type-page","status-publish","has-post-thumbnail","hentry"],"acf":[],"yoast_head":"<!-- This site is optimized with the Yoast SEO Premium plugin v27.2 (Yoast SEO v27.2) - https:\/\/yoast.com\/product\/yoast-seo-premium-wordpress\/ -->\n<title>Esto es MWM<\/title>\n<meta name=\"description\" content=\"MWM \u2013 Una marca importante con 150 a\u00f1os de experiencia en la generaci\u00f3n de energ\u00eda distribuida\" \/>\n<meta name=\"robots\" content=\"index, follow, max-snippet:-1, max-image-preview:large, max-video-preview:-1\" \/>\n<link rel=\"canonical\" href=\"https:\/\/www.mwm.net\/es\/esto-es-mwm\/\" \/>\n<meta property=\"og:locale\" content=\"es_ES\" \/>\n<meta property=\"og:type\" content=\"article\" \/>\n<meta property=\"og:title\" content=\"Esto es MWM\" \/>\n<meta property=\"og:description\" content=\"MWM \u2013 Una marca importante con 150 a\u00f1os de experiencia en la generaci\u00f3n de energ\u00eda distribuida\" \/>\n<meta property=\"og:url\" content=\"https:\/\/www.mwm.net\/es\/esto-es-mwm\/\" \/>\n<meta property=\"og:site_name\" content=\"MWM\" \/>\n<meta property=\"article:modified_time\" content=\"2024-11-28T10:12:26+00:00\" \/>\n<meta property=\"og:image\" content=\"https:\/\/www.mwm.net\/wp-content\/uploads\/2021\/04\/Marrkenstrategie.jpg\" \/>\n\t<meta property=\"og:image:width\" content=\"2048\" \/>\n\t<meta property=\"og:image:height\" content=\"1363\" \/>\n\t<meta property=\"og:image:type\" content=\"image\/jpeg\" \/>\n<meta name=\"twitter:card\" content=\"summary_large_image\" \/>\n<meta name=\"twitter:label1\" content=\"Tiempo de lectura\" \/>\n\t<meta name=\"twitter:data1\" content=\"2 minutos\" \/>\n<script type=\"application\/ld+json\" class=\"yoast-schema-graph\">{\"@context\":\"https:\/\/schema.org\",\"@graph\":[{\"@type\":\"WebPage\",\"@id\":\"https:\/\/www.mwm.net\/es\/esto-es-mwm\/\",\"url\":\"https:\/\/www.mwm.net\/es\/esto-es-mwm\/\",\"name\":\"Esto es MWM\",\"isPartOf\":{\"@id\":\"https:\/\/www.mwm.net\/es\/#website\"},\"primaryImageOfPage\":{\"@id\":\"https:\/\/www.mwm.net\/es\/esto-es-mwm\/#primaryimage\"},\"image\":{\"@id\":\"https:\/\/www.mwm.net\/es\/esto-es-mwm\/#primaryimage\"},\"thumbnailUrl\":\"https:\/\/www.mwm.net\/wp-content\/uploads\/2021\/04\/Marrkenstrategie.jpg\",\"datePublished\":\"2021-03-25T17:10:54+00:00\",\"dateModified\":\"2024-11-28T10:12:26+00:00\",\"description\":\"MWM \u2013 Una marca importante con 150 a\u00f1os de experiencia en la generaci\u00f3n de energ\u00eda distribuida\",\"breadcrumb\":{\"@id\":\"https:\/\/www.mwm.net\/es\/esto-es-mwm\/#breadcrumb\"},\"inLanguage\":\"es\",\"potentialAction\":[{\"@type\":\"ReadAction\",\"target\":[\"https:\/\/www.mwm.net\/es\/esto-es-mwm\/\"]}]},{\"@type\":\"ImageObject\",\"inLanguage\":\"es\",\"@id\":\"https:\/\/www.mwm.net\/es\/esto-es-mwm\/#primaryimage\",\"url\":\"https:\/\/www.mwm.net\/wp-content\/uploads\/2021\/04\/Marrkenstrategie.jpg\",\"contentUrl\":\"https:\/\/www.mwm.net\/wp-content\/uploads\/2021\/04\/Marrkenstrategie.jpg\",\"width\":2048,\"height\":1363},{\"@type\":\"BreadcrumbList\",\"@id\":\"https:\/\/www.mwm.net\/es\/esto-es-mwm\/#breadcrumb\",\"itemListElement\":[{\"@type\":\"ListItem\",\"position\":1,\"name\":\"Home\",\"item\":\"https:\/\/www.mwm.net\/es\/\"},{\"@type\":\"ListItem\",\"position\":2,\"name\":\"Esto es MWM\"}]},{\"@type\":\"WebSite\",\"@id\":\"https:\/\/www.mwm.net\/es\/#website\",\"url\":\"https:\/\/www.mwm.net\/es\/\",\"name\":\"MWM\",\"description\":\"\",\"publisher\":{\"@id\":\"https:\/\/www.mwm.net\/es\/#organization\"},\"potentialAction\":[{\"@type\":\"SearchAction\",\"target\":{\"@type\":\"EntryPoint\",\"urlTemplate\":\"https:\/\/www.mwm.net\/es\/?s={search_term_string}\"},\"query-input\":{\"@type\":\"PropertyValueSpecification\",\"valueRequired\":true,\"valueName\":\"search_term_string\"}}],\"inLanguage\":\"es\"},{\"@type\":\"Organization\",\"@id\":\"https:\/\/www.mwm.net\/es\/#organization\",\"name\":\"Caterpillar Energy Solutions GmbH\",\"url\":\"https:\/\/www.mwm.net\/es\/\",\"logo\":{\"@type\":\"ImageObject\",\"inLanguage\":\"es\",\"@id\":\"https:\/\/www.mwm.net\/es\/#\/schema\/logo\/image\/\",\"url\":\"https:\/\/www.mwm.net\/wp-content\/uploads\/2022\/02\/logo2.jpg\",\"contentUrl\":\"https:\/\/www.mwm.net\/wp-content\/uploads\/2022\/02\/logo2.jpg\",\"width\":260,\"height\":142,\"caption\":\"Caterpillar Energy Solutions GmbH\"},\"image\":{\"@id\":\"https:\/\/www.mwm.net\/es\/#\/schema\/logo\/image\/\"}}]}<\/script>\n<!-- \/ Yoast SEO Premium plugin. -->","yoast_head_json":{"title":"Esto es MWM","description":"MWM \u2013 Una marca importante con 150 a\u00f1os de experiencia en la generaci\u00f3n de energ\u00eda distribuida","robots":{"index":"index","follow":"follow","max-snippet":"max-snippet:-1","max-image-preview":"max-image-preview:large","max-video-preview":"max-video-preview:-1"},"canonical":"https:\/\/www.mwm.net\/es\/esto-es-mwm\/","og_locale":"es_ES","og_type":"article","og_title":"Esto es MWM","og_description":"MWM \u2013 Una marca importante con 150 a\u00f1os de experiencia en la generaci\u00f3n de energ\u00eda distribuida","og_url":"https:\/\/www.mwm.net\/es\/esto-es-mwm\/","og_site_name":"MWM","article_modified_time":"2024-11-28T10:12:26+00:00","og_image":[{"width":2048,"height":1363,"url":"https:\/\/www.mwm.net\/wp-content\/uploads\/2021\/04\/Marrkenstrategie.jpg","type":"image\/jpeg"}],"twitter_card":"summary_large_image","twitter_misc":{"Tiempo de lectura":"2 minutos"},"schema":{"@context":"https:\/\/schema.org","@graph":[{"@type":"WebPage","@id":"https:\/\/www.mwm.net\/es\/esto-es-mwm\/","url":"https:\/\/www.mwm.net\/es\/esto-es-mwm\/","name":"Esto es MWM","isPartOf":{"@id":"https:\/\/www.mwm.net\/es\/#website"},"primaryImageOfPage":{"@id":"https:\/\/www.mwm.net\/es\/esto-es-mwm\/#primaryimage"},"image":{"@id":"https:\/\/www.mwm.net\/es\/esto-es-mwm\/#primaryimage"},"thumbnailUrl":"https:\/\/www.mwm.net\/wp-content\/uploads\/2021\/04\/Marrkenstrategie.jpg","datePublished":"2021-03-25T17:10:54+00:00","dateModified":"2024-11-28T10:12:26+00:00","description":"MWM \u2013 Una marca importante con 150 a\u00f1os de experiencia en la generaci\u00f3n de energ\u00eda distribuida","breadcrumb":{"@id":"https:\/\/www.mwm.net\/es\/esto-es-mwm\/#breadcrumb"},"inLanguage":"es","potentialAction":[{"@type":"ReadAction","target":["https:\/\/www.mwm.net\/es\/esto-es-mwm\/"]}]},{"@type":"ImageObject","inLanguage":"es","@id":"https:\/\/www.mwm.net\/es\/esto-es-mwm\/#primaryimage","url":"https:\/\/www.mwm.net\/wp-content\/uploads\/2021\/04\/Marrkenstrategie.jpg","contentUrl":"https:\/\/www.mwm.net\/wp-content\/uploads\/2021\/04\/Marrkenstrategie.jpg","width":2048,"height":1363},{"@type":"BreadcrumbList","@id":"https:\/\/www.mwm.net\/es\/esto-es-mwm\/#breadcrumb","itemListElement":[{"@type":"ListItem","position":1,"name":"Home","item":"https:\/\/www.mwm.net\/es\/"},{"@type":"ListItem","position":2,"name":"Esto es MWM"}]},{"@type":"WebSite","@id":"https:\/\/www.mwm.net\/es\/#website","url":"https:\/\/www.mwm.net\/es\/","name":"MWM","description":"","publisher":{"@id":"https:\/\/www.mwm.net\/es\/#organization"},"potentialAction":[{"@type":"SearchAction","target":{"@type":"EntryPoint","urlTemplate":"https:\/\/www.mwm.net\/es\/?s={search_term_string}"},"query-input":{"@type":"PropertyValueSpecification","valueRequired":true,"valueName":"search_term_string"}}],"inLanguage":"es"},{"@type":"Organization","@id":"https:\/\/www.mwm.net\/es\/#organization","name":"Caterpillar Energy Solutions GmbH","url":"https:\/\/www.mwm.net\/es\/","logo":{"@type":"ImageObject","inLanguage":"es","@id":"https:\/\/www.mwm.net\/es\/#\/schema\/logo\/image\/","url":"https:\/\/www.mwm.net\/wp-content\/uploads\/2022\/02\/logo2.jpg","contentUrl":"https:\/\/www.mwm.net\/wp-content\/uploads\/2022\/02\/logo2.jpg","width":260,"height":142,"caption":"Caterpillar Energy Solutions GmbH"},"image":{"@id":"https:\/\/www.mwm.net\/es\/#\/schema\/logo\/image\/"}}]}},"_links":{"self":[{"href":"https:\/\/www.mwm.net\/es\/wp-json\/wp\/v2\/pages\/102928","targetHints":{"allow":["GET"]}}],"collection":[{"href":"https:\/\/www.mwm.net\/es\/wp-json\/wp\/v2\/pages"}],"about":[{"href":"https:\/\/www.mwm.net\/es\/wp-json\/wp\/v2\/types\/page"}],"author":[{"embeddable":true,"href":"https:\/\/www.mwm.net\/es\/wp-json\/wp\/v2\/users\/1"}],"replies":[{"embeddable":true,"href":"https:\/\/www.mwm.net\/es\/wp-json\/wp\/v2\/comments?post=102928"}],"version-history":[{"count":4,"href":"https:\/\/www.mwm.net\/es\/wp-json\/wp\/v2\/pages\/102928\/revisions"}],"predecessor-version":[{"id":106164,"href":"https:\/\/www.mwm.net\/es\/wp-json\/wp\/v2\/pages\/102928\/revisions\/106164"}],"wp:featuredmedia":[{"embeddable":true,"href":"https:\/\/www.mwm.net\/es\/wp-json\/wp\/v2\/media\/102931"}],"wp:attachment":[{"href":"https:\/\/www.mwm.net\/es\/wp-json\/wp\/v2\/media?parent=102928"}],"wp:term":[{"taxonomy":"post_tag","embeddable":true,"href":"https:\/\/www.mwm.net\/es\/wp-json\/wp\/v2\/tags?post=102928"}],"curies":[{"name":"wp","href":"https:\/\/api.w.org\/{rel}","templated":true}]}}