{"id":102951,"date":"2021-03-25T17:25:03","date_gmt":"2021-03-25T17:25:03","guid":{"rendered":"https:\/\/www.mwm.net\/news\/"},"modified":"2025-03-10T12:44:16","modified_gmt":"2025-03-10T10:44:16","slug":"noticias","status":"publish","type":"page","link":"https:\/\/www.mwm.net\/es\/noticias\/","title":{"rendered":"Noticias"},"content":{"rendered":"<div class=\"text_sec\">\n<p>Siempre informado, siempre actualizado. Adem\u00e1s de los \u00faltimos comunicados de prensa, encontrar\u00e1 fechas de pr\u00f3ximas ferias y eventos en los que estaremos representados con productos innovadores, ofertas de servicios e informaci\u00f3n sobre MWM.<\/p>\n<p>Si quiere asegurarse de no perderse nada, estaremos encantados de agregarle a nuestra lista de distribuci\u00f3n de medios, as\u00ed como a la lista de nuestro bolet\u00edn trimestral MWM Newsflash. Nuestros contactos de prensa estar\u00e1n encantados de ayudarle si necesita m\u00e1s informaci\u00f3n. Esperamos conocerle en nuestras ferias y eventos, \u00a1tanto en persona como virtualmente!<\/p>\n<\/div>\n<div class=\"cntct_rght\"><a href=\"\/es\/contacto\/contacto-con-ventas\/\">Contacto con ventas<br \/>\n<b>Haga clic aqu\u00ed<\/b><\/a><\/div>\n<div class=\"sprtr\"><\/div>\n","protected":false},"excerpt":{"rendered":"<p>P\u00e1gina de prensa de MWM, uno de los proveedores l\u00edderes en el mundo de plantas de generaci\u00f3n de energ\u00eda descentralizada de alta eficiencia y respetuosas con el medio ambiente.<\/p>\n","protected":false},"author":1,"featured_media":102953,"parent":0,"menu_order":50,"comment_status":"closed","ping_status":"closed","template":"listing-template.php","meta":{"_acf_changed":false,"footnotes":""},"tags":[],"class_list":["post-102951","page","type-page","status-publish","has-post-thumbnail","hentry"],"acf":[],"yoast_head":"<!-- This site is optimized with the Yoast SEO Premium plugin v27.2 (Yoast SEO v27.2) - https:\/\/yoast.com\/product\/yoast-seo-premium-wordpress\/ -->\n<title>Noticias<\/title>\n<meta name=\"description\" content=\"P\u00e1gina de prensa de MWM, uno de los proveedores l\u00edderes en el mundo de plantas de generaci\u00f3n de energ\u00eda descentralizada de alta eficiencia y respetuosas con el medio ambiente.\" \/>\n<meta name=\"robots\" content=\"index, follow, max-snippet:-1, max-image-preview:large, max-video-preview:-1\" \/>\n<link rel=\"canonical\" href=\"https:\/\/www.mwm.net\/es\/noticias\/\" \/>\n<meta property=\"og:locale\" content=\"es_ES\" \/>\n<meta property=\"og:type\" content=\"article\" \/>\n<meta property=\"og:title\" content=\"Noticias\" \/>\n<meta property=\"og:description\" content=\"P\u00e1gina de prensa de MWM, uno de los proveedores l\u00edderes en el mundo de plantas de generaci\u00f3n de energ\u00eda descentralizada de alta eficiencia y respetuosas con el medio ambiente.\" \/>\n<meta property=\"og:url\" content=\"https:\/\/www.mwm.net\/es\/noticias\/\" \/>\n<meta property=\"og:site_name\" content=\"MWM\" \/>\n<meta property=\"article:modified_time\" content=\"2025-03-10T10:44:16+00:00\" \/>\n<meta property=\"og:image\" content=\"https:\/\/www.mwm.net\/wp-content\/uploads\/2021\/06\/mwm_news.jpg\" \/>\n\t<meta property=\"og:image:width\" content=\"800\" \/>\n\t<meta property=\"og:image:height\" content=\"521\" \/>\n\t<meta property=\"og:image:type\" content=\"image\/jpeg\" \/>\n<meta name=\"twitter:card\" content=\"summary_large_image\" \/>\n<meta name=\"twitter:label1\" content=\"Tiempo de lectura\" \/>\n\t<meta name=\"twitter:data1\" content=\"1 minuto\" \/>\n<script type=\"application\/ld+json\" class=\"yoast-schema-graph\">{\"@context\":\"https:\/\/schema.org\",\"@graph\":[{\"@type\":\"WebPage\",\"@id\":\"https:\/\/www.mwm.net\/es\/noticias\/\",\"url\":\"https:\/\/www.mwm.net\/es\/noticias\/\",\"name\":\"Noticias\",\"isPartOf\":{\"@id\":\"https:\/\/www.mwm.net\/es\/#website\"},\"primaryImageOfPage\":{\"@id\":\"https:\/\/www.mwm.net\/es\/noticias\/#primaryimage\"},\"image\":{\"@id\":\"https:\/\/www.mwm.net\/es\/noticias\/#primaryimage\"},\"thumbnailUrl\":\"https:\/\/www.mwm.net\/wp-content\/uploads\/2021\/06\/mwm_news.jpg\",\"datePublished\":\"2021-03-25T17:25:03+00:00\",\"dateModified\":\"2025-03-10T10:44:16+00:00\",\"description\":\"P\u00e1gina de prensa de MWM, uno de los proveedores l\u00edderes en el mundo de plantas de generaci\u00f3n de energ\u00eda descentralizada de alta eficiencia y respetuosas con el medio ambiente.\",\"breadcrumb\":{\"@id\":\"https:\/\/www.mwm.net\/es\/noticias\/#breadcrumb\"},\"inLanguage\":\"es\",\"potentialAction\":[{\"@type\":\"ReadAction\",\"target\":[\"https:\/\/www.mwm.net\/es\/noticias\/\"]}]},{\"@type\":\"ImageObject\",\"inLanguage\":\"es\",\"@id\":\"https:\/\/www.mwm.net\/es\/noticias\/#primaryimage\",\"url\":\"https:\/\/www.mwm.net\/wp-content\/uploads\/2021\/06\/mwm_news.jpg\",\"contentUrl\":\"https:\/\/www.mwm.net\/wp-content\/uploads\/2021\/06\/mwm_news.jpg\",\"width\":800,\"height\":521},{\"@type\":\"BreadcrumbList\",\"@id\":\"https:\/\/www.mwm.net\/es\/noticias\/#breadcrumb\",\"itemListElement\":[{\"@type\":\"ListItem\",\"position\":1,\"name\":\"Home\",\"item\":\"https:\/\/www.mwm.net\/es\/\"},{\"@type\":\"ListItem\",\"position\":2,\"name\":\"Noticias\"}]},{\"@type\":\"WebSite\",\"@id\":\"https:\/\/www.mwm.net\/es\/#website\",\"url\":\"https:\/\/www.mwm.net\/es\/\",\"name\":\"MWM\",\"description\":\"\",\"publisher\":{\"@id\":\"https:\/\/www.mwm.net\/es\/#organization\"},\"potentialAction\":[{\"@type\":\"SearchAction\",\"target\":{\"@type\":\"EntryPoint\",\"urlTemplate\":\"https:\/\/www.mwm.net\/es\/?s={search_term_string}\"},\"query-input\":{\"@type\":\"PropertyValueSpecification\",\"valueRequired\":true,\"valueName\":\"search_term_string\"}}],\"inLanguage\":\"es\"},{\"@type\":\"Organization\",\"@id\":\"https:\/\/www.mwm.net\/es\/#organization\",\"name\":\"Caterpillar Energy Solutions GmbH\",\"url\":\"https:\/\/www.mwm.net\/es\/\",\"logo\":{\"@type\":\"ImageObject\",\"inLanguage\":\"es\",\"@id\":\"https:\/\/www.mwm.net\/es\/#\/schema\/logo\/image\/\",\"url\":\"https:\/\/www.mwm.net\/wp-content\/uploads\/2022\/02\/logo2.jpg\",\"contentUrl\":\"https:\/\/www.mwm.net\/wp-content\/uploads\/2022\/02\/logo2.jpg\",\"width\":260,\"height\":142,\"caption\":\"Caterpillar Energy Solutions GmbH\"},\"image\":{\"@id\":\"https:\/\/www.mwm.net\/es\/#\/schema\/logo\/image\/\"}}]}<\/script>\n<!-- \/ Yoast SEO Premium plugin. -->","yoast_head_json":{"title":"Noticias","description":"P\u00e1gina de prensa de MWM, uno de los proveedores l\u00edderes en el mundo de plantas de generaci\u00f3n de energ\u00eda descentralizada de alta eficiencia y respetuosas con el medio ambiente.","robots":{"index":"index","follow":"follow","max-snippet":"max-snippet:-1","max-image-preview":"max-image-preview:large","max-video-preview":"max-video-preview:-1"},"canonical":"https:\/\/www.mwm.net\/es\/noticias\/","og_locale":"es_ES","og_type":"article","og_title":"Noticias","og_description":"P\u00e1gina de prensa de MWM, uno de los proveedores l\u00edderes en el mundo de plantas de generaci\u00f3n de energ\u00eda descentralizada de alta eficiencia y respetuosas con el medio ambiente.","og_url":"https:\/\/www.mwm.net\/es\/noticias\/","og_site_name":"MWM","article_modified_time":"2025-03-10T10:44:16+00:00","og_image":[{"width":800,"height":521,"url":"https:\/\/www.mwm.net\/wp-content\/uploads\/2021\/06\/mwm_news.jpg","type":"image\/jpeg"}],"twitter_card":"summary_large_image","twitter_misc":{"Tiempo de lectura":"1 minuto"},"schema":{"@context":"https:\/\/schema.org","@graph":[{"@type":"WebPage","@id":"https:\/\/www.mwm.net\/es\/noticias\/","url":"https:\/\/www.mwm.net\/es\/noticias\/","name":"Noticias","isPartOf":{"@id":"https:\/\/www.mwm.net\/es\/#website"},"primaryImageOfPage":{"@id":"https:\/\/www.mwm.net\/es\/noticias\/#primaryimage"},"image":{"@id":"https:\/\/www.mwm.net\/es\/noticias\/#primaryimage"},"thumbnailUrl":"https:\/\/www.mwm.net\/wp-content\/uploads\/2021\/06\/mwm_news.jpg","datePublished":"2021-03-25T17:25:03+00:00","dateModified":"2025-03-10T10:44:16+00:00","description":"P\u00e1gina de prensa de MWM, uno de los proveedores l\u00edderes en el mundo de plantas de generaci\u00f3n de energ\u00eda descentralizada de alta eficiencia y respetuosas con el medio ambiente.","breadcrumb":{"@id":"https:\/\/www.mwm.net\/es\/noticias\/#breadcrumb"},"inLanguage":"es","potentialAction":[{"@type":"ReadAction","target":["https:\/\/www.mwm.net\/es\/noticias\/"]}]},{"@type":"ImageObject","inLanguage":"es","@id":"https:\/\/www.mwm.net\/es\/noticias\/#primaryimage","url":"https:\/\/www.mwm.net\/wp-content\/uploads\/2021\/06\/mwm_news.jpg","contentUrl":"https:\/\/www.mwm.net\/wp-content\/uploads\/2021\/06\/mwm_news.jpg","width":800,"height":521},{"@type":"BreadcrumbList","@id":"https:\/\/www.mwm.net\/es\/noticias\/#breadcrumb","itemListElement":[{"@type":"ListItem","position":1,"name":"Home","item":"https:\/\/www.mwm.net\/es\/"},{"@type":"ListItem","position":2,"name":"Noticias"}]},{"@type":"WebSite","@id":"https:\/\/www.mwm.net\/es\/#website","url":"https:\/\/www.mwm.net\/es\/","name":"MWM","description":"","publisher":{"@id":"https:\/\/www.mwm.net\/es\/#organization"},"potentialAction":[{"@type":"SearchAction","target":{"@type":"EntryPoint","urlTemplate":"https:\/\/www.mwm.net\/es\/?s={search_term_string}"},"query-input":{"@type":"PropertyValueSpecification","valueRequired":true,"valueName":"search_term_string"}}],"inLanguage":"es"},{"@type":"Organization","@id":"https:\/\/www.mwm.net\/es\/#organization","name":"Caterpillar Energy Solutions GmbH","url":"https:\/\/www.mwm.net\/es\/","logo":{"@type":"ImageObject","inLanguage":"es","@id":"https:\/\/www.mwm.net\/es\/#\/schema\/logo\/image\/","url":"https:\/\/www.mwm.net\/wp-content\/uploads\/2022\/02\/logo2.jpg","contentUrl":"https:\/\/www.mwm.net\/wp-content\/uploads\/2022\/02\/logo2.jpg","width":260,"height":142,"caption":"Caterpillar Energy Solutions GmbH"},"image":{"@id":"https:\/\/www.mwm.net\/es\/#\/schema\/logo\/image\/"}}]}},"_links":{"self":[{"href":"https:\/\/www.mwm.net\/es\/wp-json\/wp\/v2\/pages\/102951","targetHints":{"allow":["GET"]}}],"collection":[{"href":"https:\/\/www.mwm.net\/es\/wp-json\/wp\/v2\/pages"}],"about":[{"href":"https:\/\/www.mwm.net\/es\/wp-json\/wp\/v2\/types\/page"}],"author":[{"embeddable":true,"href":"https:\/\/www.mwm.net\/es\/wp-json\/wp\/v2\/users\/1"}],"replies":[{"embeddable":true,"href":"https:\/\/www.mwm.net\/es\/wp-json\/wp\/v2\/comments?post=102951"}],"version-history":[{"count":5,"href":"https:\/\/www.mwm.net\/es\/wp-json\/wp\/v2\/pages\/102951\/revisions"}],"predecessor-version":[{"id":108910,"href":"https:\/\/www.mwm.net\/es\/wp-json\/wp\/v2\/pages\/102951\/revisions\/108910"}],"wp:featuredmedia":[{"embeddable":true,"href":"https:\/\/www.mwm.net\/es\/wp-json\/wp\/v2\/media\/102953"}],"wp:attachment":[{"href":"https:\/\/www.mwm.net\/es\/wp-json\/wp\/v2\/media?parent=102951"}],"wp:term":[{"taxonomy":"post_tag","embeddable":true,"href":"https:\/\/www.mwm.net\/es\/wp-json\/wp\/v2\/tags?post=102951"}],"curies":[{"name":"wp","href":"https:\/\/api.w.org\/{rel}","templated":true}]}}