{"id":103024,"date":"2021-03-25T16:57:44","date_gmt":"2021-03-25T16:57:44","guid":{"rendered":"https:\/\/www.mwm.net\/kontakt\/"},"modified":"2024-12-05T15:16:24","modified_gmt":"2024-12-05T13:16:24","slug":"contacto","status":"publish","type":"page","link":"https:\/\/www.mwm.net\/es\/contacto\/","title":{"rendered":"Contacto"},"content":{"rendered":"<div class=\"text_sec\">\n<p>\u00bfTiene alguna pregunta o le gustar\u00eda contactar con ventas de MWM? A continuaci\u00f3n puede encontrar nuestro formulario de contacto general, as\u00ed como nuestro formulario de contacto de ventas de MWM para consultas de servicio y preguntas sobre piezas de repuesto.<\/p>\n<\/div>\n<div class=\"cntct_rght\"><a href=\"\/en\/contact\/contact-sales\">contacto con ventas <br \/><b>Haga clic aqu\u00ed<\/b><\/a><\/div>\n<div class=\"sprtr\"><\/div>\n","protected":false},"excerpt":{"rendered":"<p>Contacto y ubicaciones de MWM, uno de los proveedores l\u00edderes en el mundo de plantas de generaci\u00f3n de energ\u00eda descentralizada de alta eficiencia y respetuosas con el medio ambiente. La empresa, con sede en Mannheim, Alemania, cuenta con 150 a\u00f1os de experiencia.<\/p>\n","protected":false},"author":1,"featured_media":103026,"parent":0,"menu_order":70,"comment_status":"closed","ping_status":"closed","template":"listing-template.php","meta":{"_acf_changed":false,"footnotes":""},"tags":[],"class_list":["post-103024","page","type-page","status-publish","has-post-thumbnail","hentry"],"acf":[],"yoast_head":"<!-- This site is optimized with the Yoast SEO Premium plugin v27.2 (Yoast SEO v27.2) - https:\/\/yoast.com\/product\/yoast-seo-premium-wordpress\/ -->\n<title>Contacto<\/title>\n<meta name=\"description\" content=\"Contacto y ubicaciones de MWM, uno de los proveedores l\u00edderes en el mundo de plantas de generaci\u00f3n de energ\u00eda descentralizada de alta eficiencia y respetuosas con el medio ambiente.\" \/>\n<meta name=\"robots\" content=\"index, follow, max-snippet:-1, max-image-preview:large, max-video-preview:-1\" \/>\n<link rel=\"canonical\" href=\"https:\/\/www.mwm.net\/es\/contacto\/\" \/>\n<meta property=\"og:locale\" content=\"es_ES\" \/>\n<meta property=\"og:type\" content=\"article\" \/>\n<meta property=\"og:title\" content=\"Contacto\" \/>\n<meta property=\"og:description\" content=\"Contacto y ubicaciones de MWM, uno de los proveedores l\u00edderes en el mundo de plantas de generaci\u00f3n de energ\u00eda descentralizada de alta eficiencia y respetuosas con el medio ambiente.\" \/>\n<meta property=\"og:url\" content=\"https:\/\/www.mwm.net\/es\/contacto\/\" \/>\n<meta property=\"og:site_name\" content=\"MWM\" \/>\n<meta property=\"article:modified_time\" content=\"2024-12-05T13:16:24+00:00\" \/>\n<meta property=\"og:image\" content=\"https:\/\/www.mwm.net\/wp-content\/uploads\/2021\/06\/mwm_kontaktform.jpg\" \/>\n\t<meta property=\"og:image:width\" content=\"800\" \/>\n\t<meta property=\"og:image:height\" content=\"521\" \/>\n\t<meta property=\"og:image:type\" content=\"image\/jpeg\" \/>\n<meta name=\"twitter:card\" content=\"summary_large_image\" \/>\n<meta name=\"twitter:label1\" content=\"Tiempo de lectura\" \/>\n\t<meta name=\"twitter:data1\" content=\"1 minuto\" \/>\n<script type=\"application\/ld+json\" class=\"yoast-schema-graph\">{\"@context\":\"https:\/\/schema.org\",\"@graph\":[{\"@type\":\"WebPage\",\"@id\":\"https:\/\/www.mwm.net\/es\/contacto\/\",\"url\":\"https:\/\/www.mwm.net\/es\/contacto\/\",\"name\":\"Contacto\",\"isPartOf\":{\"@id\":\"https:\/\/www.mwm.net\/es\/#website\"},\"primaryImageOfPage\":{\"@id\":\"https:\/\/www.mwm.net\/es\/contacto\/#primaryimage\"},\"image\":{\"@id\":\"https:\/\/www.mwm.net\/es\/contacto\/#primaryimage\"},\"thumbnailUrl\":\"https:\/\/www.mwm.net\/wp-content\/uploads\/2021\/06\/mwm_kontaktform.jpg\",\"datePublished\":\"2021-03-25T16:57:44+00:00\",\"dateModified\":\"2024-12-05T13:16:24+00:00\",\"description\":\"Contacto y ubicaciones de MWM, uno de los proveedores l\u00edderes en el mundo de plantas de generaci\u00f3n de energ\u00eda descentralizada de alta eficiencia y respetuosas con el medio ambiente.\",\"breadcrumb\":{\"@id\":\"https:\/\/www.mwm.net\/es\/contacto\/#breadcrumb\"},\"inLanguage\":\"es\",\"potentialAction\":[{\"@type\":\"ReadAction\",\"target\":[\"https:\/\/www.mwm.net\/es\/contacto\/\"]}]},{\"@type\":\"ImageObject\",\"inLanguage\":\"es\",\"@id\":\"https:\/\/www.mwm.net\/es\/contacto\/#primaryimage\",\"url\":\"https:\/\/www.mwm.net\/wp-content\/uploads\/2021\/06\/mwm_kontaktform.jpg\",\"contentUrl\":\"https:\/\/www.mwm.net\/wp-content\/uploads\/2021\/06\/mwm_kontaktform.jpg\",\"width\":800,\"height\":521,\"caption\":\"Servicio de contacto\"},{\"@type\":\"BreadcrumbList\",\"@id\":\"https:\/\/www.mwm.net\/es\/contacto\/#breadcrumb\",\"itemListElement\":[{\"@type\":\"ListItem\",\"position\":1,\"name\":\"Home\",\"item\":\"https:\/\/www.mwm.net\/es\/\"},{\"@type\":\"ListItem\",\"position\":2,\"name\":\"Contacto\"}]},{\"@type\":\"WebSite\",\"@id\":\"https:\/\/www.mwm.net\/es\/#website\",\"url\":\"https:\/\/www.mwm.net\/es\/\",\"name\":\"MWM\",\"description\":\"\",\"publisher\":{\"@id\":\"https:\/\/www.mwm.net\/es\/#organization\"},\"potentialAction\":[{\"@type\":\"SearchAction\",\"target\":{\"@type\":\"EntryPoint\",\"urlTemplate\":\"https:\/\/www.mwm.net\/es\/?s={search_term_string}\"},\"query-input\":{\"@type\":\"PropertyValueSpecification\",\"valueRequired\":true,\"valueName\":\"search_term_string\"}}],\"inLanguage\":\"es\"},{\"@type\":\"Organization\",\"@id\":\"https:\/\/www.mwm.net\/es\/#organization\",\"name\":\"Caterpillar Energy Solutions GmbH\",\"url\":\"https:\/\/www.mwm.net\/es\/\",\"logo\":{\"@type\":\"ImageObject\",\"inLanguage\":\"es\",\"@id\":\"https:\/\/www.mwm.net\/es\/#\/schema\/logo\/image\/\",\"url\":\"https:\/\/www.mwm.net\/wp-content\/uploads\/2022\/02\/logo2.jpg\",\"contentUrl\":\"https:\/\/www.mwm.net\/wp-content\/uploads\/2022\/02\/logo2.jpg\",\"width\":260,\"height\":142,\"caption\":\"Caterpillar Energy Solutions GmbH\"},\"image\":{\"@id\":\"https:\/\/www.mwm.net\/es\/#\/schema\/logo\/image\/\"}}]}<\/script>\n<!-- \/ Yoast SEO Premium plugin. -->","yoast_head_json":{"title":"Contacto","description":"Contacto y ubicaciones de MWM, uno de los proveedores l\u00edderes en el mundo de plantas de generaci\u00f3n de energ\u00eda descentralizada de alta eficiencia y respetuosas con el medio ambiente.","robots":{"index":"index","follow":"follow","max-snippet":"max-snippet:-1","max-image-preview":"max-image-preview:large","max-video-preview":"max-video-preview:-1"},"canonical":"https:\/\/www.mwm.net\/es\/contacto\/","og_locale":"es_ES","og_type":"article","og_title":"Contacto","og_description":"Contacto y ubicaciones de MWM, uno de los proveedores l\u00edderes en el mundo de plantas de generaci\u00f3n de energ\u00eda descentralizada de alta eficiencia y respetuosas con el medio ambiente.","og_url":"https:\/\/www.mwm.net\/es\/contacto\/","og_site_name":"MWM","article_modified_time":"2024-12-05T13:16:24+00:00","og_image":[{"width":800,"height":521,"url":"https:\/\/www.mwm.net\/wp-content\/uploads\/2021\/06\/mwm_kontaktform.jpg","type":"image\/jpeg"}],"twitter_card":"summary_large_image","twitter_misc":{"Tiempo de lectura":"1 minuto"},"schema":{"@context":"https:\/\/schema.org","@graph":[{"@type":"WebPage","@id":"https:\/\/www.mwm.net\/es\/contacto\/","url":"https:\/\/www.mwm.net\/es\/contacto\/","name":"Contacto","isPartOf":{"@id":"https:\/\/www.mwm.net\/es\/#website"},"primaryImageOfPage":{"@id":"https:\/\/www.mwm.net\/es\/contacto\/#primaryimage"},"image":{"@id":"https:\/\/www.mwm.net\/es\/contacto\/#primaryimage"},"thumbnailUrl":"https:\/\/www.mwm.net\/wp-content\/uploads\/2021\/06\/mwm_kontaktform.jpg","datePublished":"2021-03-25T16:57:44+00:00","dateModified":"2024-12-05T13:16:24+00:00","description":"Contacto y ubicaciones de MWM, uno de los proveedores l\u00edderes en el mundo de plantas de generaci\u00f3n de energ\u00eda descentralizada de alta eficiencia y respetuosas con el medio ambiente.","breadcrumb":{"@id":"https:\/\/www.mwm.net\/es\/contacto\/#breadcrumb"},"inLanguage":"es","potentialAction":[{"@type":"ReadAction","target":["https:\/\/www.mwm.net\/es\/contacto\/"]}]},{"@type":"ImageObject","inLanguage":"es","@id":"https:\/\/www.mwm.net\/es\/contacto\/#primaryimage","url":"https:\/\/www.mwm.net\/wp-content\/uploads\/2021\/06\/mwm_kontaktform.jpg","contentUrl":"https:\/\/www.mwm.net\/wp-content\/uploads\/2021\/06\/mwm_kontaktform.jpg","width":800,"height":521,"caption":"Servicio de contacto"},{"@type":"BreadcrumbList","@id":"https:\/\/www.mwm.net\/es\/contacto\/#breadcrumb","itemListElement":[{"@type":"ListItem","position":1,"name":"Home","item":"https:\/\/www.mwm.net\/es\/"},{"@type":"ListItem","position":2,"name":"Contacto"}]},{"@type":"WebSite","@id":"https:\/\/www.mwm.net\/es\/#website","url":"https:\/\/www.mwm.net\/es\/","name":"MWM","description":"","publisher":{"@id":"https:\/\/www.mwm.net\/es\/#organization"},"potentialAction":[{"@type":"SearchAction","target":{"@type":"EntryPoint","urlTemplate":"https:\/\/www.mwm.net\/es\/?s={search_term_string}"},"query-input":{"@type":"PropertyValueSpecification","valueRequired":true,"valueName":"search_term_string"}}],"inLanguage":"es"},{"@type":"Organization","@id":"https:\/\/www.mwm.net\/es\/#organization","name":"Caterpillar Energy Solutions GmbH","url":"https:\/\/www.mwm.net\/es\/","logo":{"@type":"ImageObject","inLanguage":"es","@id":"https:\/\/www.mwm.net\/es\/#\/schema\/logo\/image\/","url":"https:\/\/www.mwm.net\/wp-content\/uploads\/2022\/02\/logo2.jpg","contentUrl":"https:\/\/www.mwm.net\/wp-content\/uploads\/2022\/02\/logo2.jpg","width":260,"height":142,"caption":"Caterpillar Energy Solutions GmbH"},"image":{"@id":"https:\/\/www.mwm.net\/es\/#\/schema\/logo\/image\/"}}]}},"_links":{"self":[{"href":"https:\/\/www.mwm.net\/es\/wp-json\/wp\/v2\/pages\/103024","targetHints":{"allow":["GET"]}}],"collection":[{"href":"https:\/\/www.mwm.net\/es\/wp-json\/wp\/v2\/pages"}],"about":[{"href":"https:\/\/www.mwm.net\/es\/wp-json\/wp\/v2\/types\/page"}],"author":[{"embeddable":true,"href":"https:\/\/www.mwm.net\/es\/wp-json\/wp\/v2\/users\/1"}],"replies":[{"embeddable":true,"href":"https:\/\/www.mwm.net\/es\/wp-json\/wp\/v2\/comments?post=103024"}],"version-history":[{"count":4,"href":"https:\/\/www.mwm.net\/es\/wp-json\/wp\/v2\/pages\/103024\/revisions"}],"predecessor-version":[{"id":106178,"href":"https:\/\/www.mwm.net\/es\/wp-json\/wp\/v2\/pages\/103024\/revisions\/106178"}],"wp:featuredmedia":[{"embeddable":true,"href":"https:\/\/www.mwm.net\/es\/wp-json\/wp\/v2\/media\/103026"}],"wp:attachment":[{"href":"https:\/\/www.mwm.net\/es\/wp-json\/wp\/v2\/media?parent=103024"}],"wp:term":[{"taxonomy":"post_tag","embeddable":true,"href":"https:\/\/www.mwm.net\/es\/wp-json\/wp\/v2\/tags?post=103024"}],"curies":[{"name":"wp","href":"https:\/\/api.w.org\/{rel}","templated":true}]}}