{"id":103032,"date":"2024-10-30T15:41:15","date_gmt":"2024-10-30T13:41:15","guid":{"rendered":"https:\/\/www.mwm.net\/?page_id=103032"},"modified":"2026-02-10T10:04:54","modified_gmt":"2026-02-10T08:04:54","slug":"plantas-de-energia-distribuida","status":"publish","type":"page","link":"https:\/\/www.mwm.net\/es\/plantas-de-energia-distribuida\/","title":{"rendered":"Plantas de energ\u00eda distribuida"},"content":{"rendered":"<h2>Plantas de cogeneraci\u00f3n \u2013 Produzca su propia electricidad y calor \u2013 Sistemas de cogeneraci\u00f3n MWM independientes y respetuosos con el medio ambiente<\/h2>\n<div class=\"text_sec\">\n<p>Una planta de cogeneraci\u00f3n es una soluci\u00f3n modular con producci\u00f3n simultanea de calor y electricidad (CHP), para la generaci\u00f3n de energ\u00eda el\u00e9ctrica y t\u00e9rmica, que funciona preferentemente en el lugar donde se consumen estas energ\u00edas, pero que tambi\u00e9n puede suministrar calor \u00fatil a una red de calefacci\u00f3n urbana. La ventaja de la producci\u00f3n simultanea de calor y electricidad frente a la producci\u00f3n convencional de energ\u00eda el\u00e9ctrica y t\u00e9rmica reside en el aprovechamiento significativamente mayor de la energ\u00eda primaria.<\/p>\n<p>MWM es sin\u00f3nimo de <strong>plantas de cogeneraci\u00f3n altamente eficientes y respetuosas con el medio ambiente, con producci\u00f3n simultanea de calor y electricidad (CHP)<\/strong> para la generaci\u00f3n de energ\u00eda distribuida, y cuenta con <strong>m\u00e1s de 150 a\u00f1os de experiencia<\/strong> en el desarrollo y la optimizaci\u00f3n de <strong>motores de gas<\/strong> para gas natural, biog\u00e1s y otros gases especiales.<\/p>\n<\/div>\n<div class=\"cntct_rght\"><a href=\"https:\/\/www.mwm.net\/es\/contacto\/contacto-con-ventas\/\">contacto con ventas <br \/><b>Haga clic aqu\u00ed<\/b><\/a><\/div>\n<div class=\"sprtr\"><\/div>\n","protected":false},"excerpt":{"rendered":"<p>MWM es sin\u00f3nimo de plantas de cogeneraci\u00f3n altamente eficientes y respetuosas con el medio ambiente, con producci\u00f3n simultanea de calor y electricidad (CHP) para la generaci\u00f3n de energ\u00eda distribuida<\/p>\n","protected":false},"author":3,"featured_media":102846,"parent":0,"menu_order":3,"comment_status":"closed","ping_status":"closed","template":"listing-template.php","meta":{"_acf_changed":false,"footnotes":""},"tags":[1841,1866,1444,1935,2270,2268,2267,2269],"class_list":["post-103032","page","type-page","status-publish","has-post-thumbnail","hentry","tag-bhkw-es","tag-blockheizkraftwerke-es","tag-chp-plant-es","tag-combined-heat-and-power-es","tag-modular-power-plant-mpp","tag-planta-de-cogeneracion-en-contenedor","tag-plantas-de-energia-chp","tag-soluciones-de-sistemas"],"acf":[],"yoast_head":"<!-- This site is optimized with the Yoast SEO Premium plugin v27.2 (Yoast SEO v27.2) - https:\/\/yoast.com\/product\/yoast-seo-premium-wordpress\/ -->\n<title>Plantas de energ\u00eda distribuida - MWM<\/title>\n<meta name=\"description\" content=\"MWM es sin\u00f3nimo de plantas de cogeneraci\u00f3n altamente eficientes y respetuosas con el medio ambiente, con producci\u00f3n simultanea de calor y electricidad (CHP) para la generaci\u00f3n de energ\u00eda distribuida\" \/>\n<meta name=\"robots\" content=\"index, follow, max-snippet:-1, max-image-preview:large, max-video-preview:-1\" \/>\n<link rel=\"canonical\" href=\"https:\/\/www.mwm.net\/es\/plantas-de-energia-distribuida\/\" \/>\n<meta property=\"og:locale\" content=\"es_ES\" \/>\n<meta property=\"og:type\" content=\"article\" \/>\n<meta property=\"og:title\" content=\"Plantas de energ\u00eda distribuida\" \/>\n<meta property=\"og:description\" content=\"MWM es sin\u00f3nimo de plantas de cogeneraci\u00f3n altamente eficientes y respetuosas con el medio ambiente, con producci\u00f3n simultanea de calor y electricidad (CHP) para la generaci\u00f3n de energ\u00eda distribuida\" \/>\n<meta property=\"og:url\" content=\"https:\/\/www.mwm.net\/es\/plantas-de-energia-distribuida\/\" \/>\n<meta property=\"og:site_name\" content=\"MWM\" \/>\n<meta property=\"article:modified_time\" content=\"2026-02-10T08:04:54+00:00\" \/>\n<meta property=\"og:image\" content=\"https:\/\/www.mwm.net\/wp-content\/uploads\/2021\/04\/blockheizkraftwerke_t.jpg\" \/>\n\t<meta property=\"og:image:width\" content=\"600\" \/>\n\t<meta property=\"og:image:height\" content=\"450\" \/>\n\t<meta property=\"og:image:type\" content=\"image\/jpeg\" \/>\n<meta name=\"twitter:card\" content=\"summary_large_image\" \/>\n<meta name=\"twitter:label1\" content=\"Tiempo de lectura\" \/>\n\t<meta name=\"twitter:data1\" content=\"2 minutos\" \/>\n<script type=\"application\/ld+json\" class=\"yoast-schema-graph\">{\"@context\":\"https:\/\/schema.org\",\"@graph\":[{\"@type\":\"WebPage\",\"@id\":\"https:\/\/www.mwm.net\/es\/plantas-de-energia-distribuida\/\",\"url\":\"https:\/\/www.mwm.net\/es\/plantas-de-energia-distribuida\/\",\"name\":\"Plantas de energ\u00eda distribuida - MWM\",\"isPartOf\":{\"@id\":\"https:\/\/www.mwm.net\/es\/#website\"},\"primaryImageOfPage\":{\"@id\":\"https:\/\/www.mwm.net\/es\/plantas-de-energia-distribuida\/#primaryimage\"},\"image\":{\"@id\":\"https:\/\/www.mwm.net\/es\/plantas-de-energia-distribuida\/#primaryimage\"},\"thumbnailUrl\":\"https:\/\/www.mwm.net\/wp-content\/uploads\/2021\/04\/blockheizkraftwerke_t.jpg\",\"datePublished\":\"2024-10-30T13:41:15+00:00\",\"dateModified\":\"2026-02-10T08:04:54+00:00\",\"description\":\"MWM es sin\u00f3nimo de plantas de cogeneraci\u00f3n altamente eficientes y respetuosas con el medio ambiente, con producci\u00f3n simultanea de calor y electricidad (CHP) para la generaci\u00f3n de energ\u00eda distribuida\",\"breadcrumb\":{\"@id\":\"https:\/\/www.mwm.net\/es\/plantas-de-energia-distribuida\/#breadcrumb\"},\"inLanguage\":\"es\",\"potentialAction\":[{\"@type\":\"ReadAction\",\"target\":[\"https:\/\/www.mwm.net\/es\/plantas-de-energia-distribuida\/\"]}]},{\"@type\":\"ImageObject\",\"inLanguage\":\"es\",\"@id\":\"https:\/\/www.mwm.net\/es\/plantas-de-energia-distribuida\/#primaryimage\",\"url\":\"https:\/\/www.mwm.net\/wp-content\/uploads\/2021\/04\/blockheizkraftwerke_t.jpg\",\"contentUrl\":\"https:\/\/www.mwm.net\/wp-content\/uploads\/2021\/04\/blockheizkraftwerke_t.jpg\",\"width\":600,\"height\":450},{\"@type\":\"BreadcrumbList\",\"@id\":\"https:\/\/www.mwm.net\/es\/plantas-de-energia-distribuida\/#breadcrumb\",\"itemListElement\":[{\"@type\":\"ListItem\",\"position\":1,\"name\":\"Home\",\"item\":\"https:\/\/www.mwm.net\/es\/\"},{\"@type\":\"ListItem\",\"position\":2,\"name\":\"Plantas de energ\u00eda distribuida\"}]},{\"@type\":\"WebSite\",\"@id\":\"https:\/\/www.mwm.net\/es\/#website\",\"url\":\"https:\/\/www.mwm.net\/es\/\",\"name\":\"MWM\",\"description\":\"\",\"publisher\":{\"@id\":\"https:\/\/www.mwm.net\/es\/#organization\"},\"potentialAction\":[{\"@type\":\"SearchAction\",\"target\":{\"@type\":\"EntryPoint\",\"urlTemplate\":\"https:\/\/www.mwm.net\/es\/?s={search_term_string}\"},\"query-input\":{\"@type\":\"PropertyValueSpecification\",\"valueRequired\":true,\"valueName\":\"search_term_string\"}}],\"inLanguage\":\"es\"},{\"@type\":\"Organization\",\"@id\":\"https:\/\/www.mwm.net\/es\/#organization\",\"name\":\"Caterpillar Energy Solutions GmbH\",\"url\":\"https:\/\/www.mwm.net\/es\/\",\"logo\":{\"@type\":\"ImageObject\",\"inLanguage\":\"es\",\"@id\":\"https:\/\/www.mwm.net\/es\/#\/schema\/logo\/image\/\",\"url\":\"https:\/\/www.mwm.net\/wp-content\/uploads\/2022\/02\/logo2.jpg\",\"contentUrl\":\"https:\/\/www.mwm.net\/wp-content\/uploads\/2022\/02\/logo2.jpg\",\"width\":260,\"height\":142,\"caption\":\"Caterpillar Energy Solutions GmbH\"},\"image\":{\"@id\":\"https:\/\/www.mwm.net\/es\/#\/schema\/logo\/image\/\"}}]}<\/script>\n<!-- \/ Yoast SEO Premium plugin. -->","yoast_head_json":{"title":"Plantas de energ\u00eda distribuida - MWM","description":"MWM es sin\u00f3nimo de plantas de cogeneraci\u00f3n altamente eficientes y respetuosas con el medio ambiente, con producci\u00f3n simultanea de calor y electricidad (CHP) para la generaci\u00f3n de energ\u00eda distribuida","robots":{"index":"index","follow":"follow","max-snippet":"max-snippet:-1","max-image-preview":"max-image-preview:large","max-video-preview":"max-video-preview:-1"},"canonical":"https:\/\/www.mwm.net\/es\/plantas-de-energia-distribuida\/","og_locale":"es_ES","og_type":"article","og_title":"Plantas de energ\u00eda distribuida","og_description":"MWM es sin\u00f3nimo de plantas de cogeneraci\u00f3n altamente eficientes y respetuosas con el medio ambiente, con producci\u00f3n simultanea de calor y electricidad (CHP) para la generaci\u00f3n de energ\u00eda distribuida","og_url":"https:\/\/www.mwm.net\/es\/plantas-de-energia-distribuida\/","og_site_name":"MWM","article_modified_time":"2026-02-10T08:04:54+00:00","og_image":[{"width":600,"height":450,"url":"https:\/\/www.mwm.net\/wp-content\/uploads\/2021\/04\/blockheizkraftwerke_t.jpg","type":"image\/jpeg"}],"twitter_card":"summary_large_image","twitter_misc":{"Tiempo de lectura":"2 minutos"},"schema":{"@context":"https:\/\/schema.org","@graph":[{"@type":"WebPage","@id":"https:\/\/www.mwm.net\/es\/plantas-de-energia-distribuida\/","url":"https:\/\/www.mwm.net\/es\/plantas-de-energia-distribuida\/","name":"Plantas de energ\u00eda distribuida - MWM","isPartOf":{"@id":"https:\/\/www.mwm.net\/es\/#website"},"primaryImageOfPage":{"@id":"https:\/\/www.mwm.net\/es\/plantas-de-energia-distribuida\/#primaryimage"},"image":{"@id":"https:\/\/www.mwm.net\/es\/plantas-de-energia-distribuida\/#primaryimage"},"thumbnailUrl":"https:\/\/www.mwm.net\/wp-content\/uploads\/2021\/04\/blockheizkraftwerke_t.jpg","datePublished":"2024-10-30T13:41:15+00:00","dateModified":"2026-02-10T08:04:54+00:00","description":"MWM es sin\u00f3nimo de plantas de cogeneraci\u00f3n altamente eficientes y respetuosas con el medio ambiente, con producci\u00f3n simultanea de calor y electricidad (CHP) para la generaci\u00f3n de energ\u00eda distribuida","breadcrumb":{"@id":"https:\/\/www.mwm.net\/es\/plantas-de-energia-distribuida\/#breadcrumb"},"inLanguage":"es","potentialAction":[{"@type":"ReadAction","target":["https:\/\/www.mwm.net\/es\/plantas-de-energia-distribuida\/"]}]},{"@type":"ImageObject","inLanguage":"es","@id":"https:\/\/www.mwm.net\/es\/plantas-de-energia-distribuida\/#primaryimage","url":"https:\/\/www.mwm.net\/wp-content\/uploads\/2021\/04\/blockheizkraftwerke_t.jpg","contentUrl":"https:\/\/www.mwm.net\/wp-content\/uploads\/2021\/04\/blockheizkraftwerke_t.jpg","width":600,"height":450},{"@type":"BreadcrumbList","@id":"https:\/\/www.mwm.net\/es\/plantas-de-energia-distribuida\/#breadcrumb","itemListElement":[{"@type":"ListItem","position":1,"name":"Home","item":"https:\/\/www.mwm.net\/es\/"},{"@type":"ListItem","position":2,"name":"Plantas de energ\u00eda distribuida"}]},{"@type":"WebSite","@id":"https:\/\/www.mwm.net\/es\/#website","url":"https:\/\/www.mwm.net\/es\/","name":"MWM","description":"","publisher":{"@id":"https:\/\/www.mwm.net\/es\/#organization"},"potentialAction":[{"@type":"SearchAction","target":{"@type":"EntryPoint","urlTemplate":"https:\/\/www.mwm.net\/es\/?s={search_term_string}"},"query-input":{"@type":"PropertyValueSpecification","valueRequired":true,"valueName":"search_term_string"}}],"inLanguage":"es"},{"@type":"Organization","@id":"https:\/\/www.mwm.net\/es\/#organization","name":"Caterpillar Energy Solutions GmbH","url":"https:\/\/www.mwm.net\/es\/","logo":{"@type":"ImageObject","inLanguage":"es","@id":"https:\/\/www.mwm.net\/es\/#\/schema\/logo\/image\/","url":"https:\/\/www.mwm.net\/wp-content\/uploads\/2022\/02\/logo2.jpg","contentUrl":"https:\/\/www.mwm.net\/wp-content\/uploads\/2022\/02\/logo2.jpg","width":260,"height":142,"caption":"Caterpillar Energy Solutions GmbH"},"image":{"@id":"https:\/\/www.mwm.net\/es\/#\/schema\/logo\/image\/"}}]}},"_links":{"self":[{"href":"https:\/\/www.mwm.net\/es\/wp-json\/wp\/v2\/pages\/103032","targetHints":{"allow":["GET"]}}],"collection":[{"href":"https:\/\/www.mwm.net\/es\/wp-json\/wp\/v2\/pages"}],"about":[{"href":"https:\/\/www.mwm.net\/es\/wp-json\/wp\/v2\/types\/page"}],"author":[{"embeddable":true,"href":"https:\/\/www.mwm.net\/es\/wp-json\/wp\/v2\/users\/3"}],"replies":[{"embeddable":true,"href":"https:\/\/www.mwm.net\/es\/wp-json\/wp\/v2\/comments?post=103032"}],"version-history":[{"count":5,"href":"https:\/\/www.mwm.net\/es\/wp-json\/wp\/v2\/pages\/103032\/revisions"}],"predecessor-version":[{"id":112146,"href":"https:\/\/www.mwm.net\/es\/wp-json\/wp\/v2\/pages\/103032\/revisions\/112146"}],"wp:featuredmedia":[{"embeddable":true,"href":"https:\/\/www.mwm.net\/es\/wp-json\/wp\/v2\/media\/102846"}],"wp:attachment":[{"href":"https:\/\/www.mwm.net\/es\/wp-json\/wp\/v2\/media?parent=103032"}],"wp:term":[{"taxonomy":"post_tag","embeddable":true,"href":"https:\/\/www.mwm.net\/es\/wp-json\/wp\/v2\/tags?post=103032"}],"curies":[{"name":"wp","href":"https:\/\/api.w.org\/{rel}","templated":true}]}}