{"id":103033,"date":"2021-03-25T16:21:28","date_gmt":"2021-03-25T16:21:28","guid":{"rendered":"https:\/\/www.mwm.net\/locations\/"},"modified":"2025-01-06T18:31:26","modified_gmt":"2025-01-06T16:31:26","slug":"ubicaciones","status":"publish","type":"page","link":"https:\/\/www.mwm.net\/es\/ubicaciones\/","title":{"rendered":"Ubicaciones globales de MWM"},"content":{"rendered":"<h2>Red internacional de distribuidores y servicios de MWM<\/h2>\n<p>Cada d\u00eda, m\u00e1s de 1300 empleados en nuestra planta de Mannheim, Alemania, y en otras instalaciones a nivel global, dedican su experiencia profesional y su pasi\u00f3n en favor de MWM para estar a la altura de su posici\u00f3n de proveedor l\u00edder en el mundo de plantas de generaci\u00f3n de energ\u00eda distribuida ecol\u00f3gicas y de alta eficiencia.<\/p>\n<p>Nuestros socios de servicios MWM est\u00e1n listos para ayudarle a planificar sus proyectos de energ\u00eda y realizar trabajos de mantenimiento iniciales y regulares. Los distribuidores de MWM le brindan asistencia cuando necesita hacer consultas de ventas sobre motores de gas y grupos electr\u00f3genos, productos aditivos, repuestos originales y muchos otros servicios de MWM. <\/p>\n<p>Nuestros proveedores de soluciones MWM implementan soluciones para centrales el\u00e9ctricas llave en mano y EPC (ingenier\u00eda, adquisici\u00f3n, construcci\u00f3n) para la generaci\u00f3n de energ\u00eda distribuida, y se encargan del mantenimiento de las mismas.<\/p>\n<p>Aqu\u00ed puede encontrar el socio de ventas o servicios adecuado para su regi\u00f3n:<\/p>\n       \n        <div class=\"ck_dealer_locations_wrapper lctn_cntnr\"  >\n        \t<div class=\"ck_dealer_locations_filters lctn_fltr\" >\n          \t\t\t\t\t\t<select id=\"mwm_continent_countries\" class=\"mwm_continent_countries\">\n\t\t\t\t\t<option value=\"\">Continente<\/option>\n\t\t\t\t\t\t\t\t\t\t\t<option   value=\"1581\">\u00c1frica<\/option>\n\t\t      \t\t\t\n\t\t\t\t\t\t\t\t\t\t\t<option   value=\"1582\">Am\u00e9rica<\/option>\n\t\t      \t\t\t\n\t\t\t\t\t\t\t\t\t\t\t<option   value=\"1583\">Asia<\/option>\n\t\t      \t\t\t\n\t\t\t\t\t\t\t\t\t\t\t<option   value=\"1584\">Australia\/Ocean\u00eda<\/option>\n\t\t      \t\t\t\n\t\t\t\t\t\t\t\t\t\t\t<option   value=\"1585\">Europa<\/option>\n\t\t      \t\t\t\n\t\t\t\t\t\t\t\t\t<\/select>\n\n\t\t\t\t\n\t\t\t\t<select id=\"mwm_countries\" class=\"mwm_countries\" style=\"display: none;\" >\n\t\t\t\t\t<option value=\"\">Pa\u00eds<\/option>\n\t\t\t\t\t\t\t\t\t<\/select>\n\n\t\t\t\t\t\t\t\t<select id=\"mwm_partner_type\" class=\"mwm_partner_type\" style=\"display: none;\">\n\t\t\t\t\t<option value=\"\">Filtro<\/option>\n\t\t\t\t\t\t\t\t\t\t\t<option   value=\"1799\">Servicio<\/option>\n\t\t      \t\t\t\n\t\t\t\t\t\t\t\t\t\t\t<option   value=\"1800\">Ventas<\/option>\n\t\t      \t\t\t\n\t\t\t\t\t\t\t\t\t\t\t<option   value=\"1801\">Ventas y Servicios<\/option>\n\t\t      \t\t\t\n\t\t\t\t\t\t\t\t\t<\/select>\n\n\t\t\t\t\t\t\t\t<select id=\"mwm_zipcode\" class=\"mwm_zipcode\" style=\"display: none;\"  >\n\t\t\t\t\t<option value=\"\">C\u00f3digo postal<\/option>\n\t\t\t\t\t\t\t\t\t\t\t<option   value=\"1802\">01000 - 09999<\/option>\n\t\t      \t\t\t\n\t\t\t\t\t\t\t\t\t\t\t<option   value=\"1803\">10000 - 31999<\/option>\n\t\t      \t\t\t\n\t\t\t\t\t\t\t\t\t\t\t<option   value=\"1804\">32000 - 37999<\/option>\n\t\t      \t\t\t\n\t\t\t\t\t\t\t\t\t\t\t<option   value=\"1805\">38000 - 39999<\/option>\n\t\t      \t\t\t\n\t\t\t\t\t\t\t\t\t\t\t<option   value=\"1806\">40000 - 79999<\/option>\n\t\t      \t\t\t\n\t\t\t\t\t\t\t\t\t\t\t<option   value=\"1807\">80000 - 96999<\/option>\n\t\t      \t\t\t\n\t\t\t\t\t\t\t\t\t\t\t<option   value=\"1808\">97000 - 97999<\/option>\n\t\t      \t\t\t\n\t\t\t\t\t\t\t\t\t\t\t<option   value=\"1809\">98000 - 99999<\/option>\n\t\t      \t\t\t\n\t\t\t\t\t\t\t\t\t<\/select>\n\t\t\t\t\n\t\t\t\t<a href=\"\" class=\"mwm_reset\">Restablecer filtro<\/a>\n            <\/div>\n            <div id=\"location_list\" class=\"ck_dealer_locations_result\" >\n\t\t\t\n\t\t\t\t\t\t\t\t\t\t<img decoding=\"async\" src=\"https:\/\/www.mwm.net\/wp-content\/themes\/MWM-theme\/images\/MWM-Resultado-de-la-busqueda.gif\">\n\t\t\t\t\t\n\t\t\t\t\t\t\t\t\t\t\n            <\/div>\n            <div class=\"ck_dealer_locations_loader\">\n            \t<dir class=\"image_wrapper\">\n\t            \t<img decoding=\"async\" src=\"https:\/\/www.mwm.net\/wp-content\/themes\/MWM-theme\/images\/loadfing-img.gif\">\n            \t<\/dir>\n            <\/div>\n        <\/div>\n        <dir class=\"clearfix\"><\/dir>\n        \n<div class=\"pro_grphc\">\n<div class=\"cntct_rght\"><a href=\"https:\/\/www.mwm.net\/es\/contacto\/contacto-con-ventas\/\">Contacto con ventas <strong>Haga clic aqui<\/strong><\/a><\/div>\n<\/div>\n","protected":false},"excerpt":{"rendered":"<p>Ubicaciones y distribuidores internacionales de MWM, uno de los proveedores l\u00edderes en el mundo de plantas de generaci\u00f3n de energ\u00eda descentralizada de alta eficiencia y respetuosas con el medio ambiente. Desarrollo y optimizaci\u00f3n de grupos electr\u00f3genos para gas natural y gases especiales.<\/p>\n","protected":false},"author":1,"featured_media":0,"parent":0,"menu_order":80,"comment_status":"closed","ping_status":"closed","template":"page-sidebar-template.php","meta":{"_acf_changed":false,"footnotes":""},"tags":[],"class_list":["post-103033","page","type-page","status-publish","hentry"],"acf":[],"yoast_head":"<!-- This site is optimized with the Yoast SEO Premium plugin v27.2 (Yoast SEO v27.2) - https:\/\/yoast.com\/product\/yoast-seo-premium-wordpress\/ -->\n<title>Ubicaciones<\/title>\n<meta name=\"description\" content=\"Ubicaciones y distribuidores internacionales de MWM, uno de los proveedores l\u00edderes en el mundo de plantas de generaci\u00f3n de energ\u00eda descentralizada de alta eficiencia y respetuosas con el medio ambiente.\" \/>\n<meta name=\"robots\" content=\"index, follow, max-snippet:-1, max-image-preview:large, max-video-preview:-1\" \/>\n<link rel=\"canonical\" href=\"https:\/\/www.mwm.net\/es\/ubicaciones\/\" \/>\n<meta property=\"og:locale\" content=\"es_ES\" \/>\n<meta property=\"og:type\" content=\"article\" \/>\n<meta property=\"og:title\" content=\"Ubicaciones globales de MWM\" \/>\n<meta property=\"og:description\" content=\"Ubicaciones y distribuidores internacionales de MWM, uno de los proveedores l\u00edderes en el mundo de plantas de generaci\u00f3n de energ\u00eda descentralizada de alta eficiencia y respetuosas con el medio ambiente.\" \/>\n<meta property=\"og:url\" content=\"https:\/\/www.mwm.net\/es\/ubicaciones\/\" \/>\n<meta property=\"og:site_name\" content=\"MWM\" \/>\n<meta property=\"article:modified_time\" content=\"2025-01-06T16:31:26+00:00\" \/>\n<meta name=\"twitter:card\" content=\"summary_large_image\" \/>\n<meta name=\"twitter:label1\" content=\"Tiempo de lectura\" \/>\n\t<meta name=\"twitter:data1\" content=\"1 minuto\" \/>\n<script type=\"application\/ld+json\" class=\"yoast-schema-graph\">{\"@context\":\"https:\/\/schema.org\",\"@graph\":[{\"@type\":\"WebPage\",\"@id\":\"https:\/\/www.mwm.net\/es\/ubicaciones\/\",\"url\":\"https:\/\/www.mwm.net\/es\/ubicaciones\/\",\"name\":\"Ubicaciones\",\"isPartOf\":{\"@id\":\"https:\/\/www.mwm.net\/es\/#website\"},\"datePublished\":\"2021-03-25T16:21:28+00:00\",\"dateModified\":\"2025-01-06T16:31:26+00:00\",\"description\":\"Ubicaciones y distribuidores internacionales de MWM, uno de los proveedores l\u00edderes en el mundo de plantas de generaci\u00f3n de energ\u00eda descentralizada de alta eficiencia y respetuosas con el medio ambiente.\",\"breadcrumb\":{\"@id\":\"https:\/\/www.mwm.net\/es\/ubicaciones\/#breadcrumb\"},\"inLanguage\":\"es\",\"potentialAction\":[{\"@type\":\"ReadAction\",\"target\":[\"https:\/\/www.mwm.net\/es\/ubicaciones\/\"]}]},{\"@type\":\"BreadcrumbList\",\"@id\":\"https:\/\/www.mwm.net\/es\/ubicaciones\/#breadcrumb\",\"itemListElement\":[{\"@type\":\"ListItem\",\"position\":1,\"name\":\"Home\",\"item\":\"https:\/\/www.mwm.net\/es\/\"},{\"@type\":\"ListItem\",\"position\":2,\"name\":\"Ubicaciones globales de MWM\"}]},{\"@type\":\"WebSite\",\"@id\":\"https:\/\/www.mwm.net\/es\/#website\",\"url\":\"https:\/\/www.mwm.net\/es\/\",\"name\":\"MWM\",\"description\":\"\",\"publisher\":{\"@id\":\"https:\/\/www.mwm.net\/es\/#organization\"},\"potentialAction\":[{\"@type\":\"SearchAction\",\"target\":{\"@type\":\"EntryPoint\",\"urlTemplate\":\"https:\/\/www.mwm.net\/es\/?s={search_term_string}\"},\"query-input\":{\"@type\":\"PropertyValueSpecification\",\"valueRequired\":true,\"valueName\":\"search_term_string\"}}],\"inLanguage\":\"es\"},{\"@type\":\"Organization\",\"@id\":\"https:\/\/www.mwm.net\/es\/#organization\",\"name\":\"Caterpillar Energy Solutions GmbH\",\"url\":\"https:\/\/www.mwm.net\/es\/\",\"logo\":{\"@type\":\"ImageObject\",\"inLanguage\":\"es\",\"@id\":\"https:\/\/www.mwm.net\/es\/#\/schema\/logo\/image\/\",\"url\":\"https:\/\/www.mwm.net\/wp-content\/uploads\/2022\/02\/logo2.jpg\",\"contentUrl\":\"https:\/\/www.mwm.net\/wp-content\/uploads\/2022\/02\/logo2.jpg\",\"width\":260,\"height\":142,\"caption\":\"Caterpillar Energy Solutions GmbH\"},\"image\":{\"@id\":\"https:\/\/www.mwm.net\/es\/#\/schema\/logo\/image\/\"}}]}<\/script>\n<!-- \/ Yoast SEO Premium plugin. -->","yoast_head_json":{"title":"Ubicaciones","description":"Ubicaciones y distribuidores internacionales de MWM, uno de los proveedores l\u00edderes en el mundo de plantas de generaci\u00f3n de energ\u00eda descentralizada de alta eficiencia y respetuosas con el medio ambiente.","robots":{"index":"index","follow":"follow","max-snippet":"max-snippet:-1","max-image-preview":"max-image-preview:large","max-video-preview":"max-video-preview:-1"},"canonical":"https:\/\/www.mwm.net\/es\/ubicaciones\/","og_locale":"es_ES","og_type":"article","og_title":"Ubicaciones globales de MWM","og_description":"Ubicaciones y distribuidores internacionales de MWM, uno de los proveedores l\u00edderes en el mundo de plantas de generaci\u00f3n de energ\u00eda descentralizada de alta eficiencia y respetuosas con el medio ambiente.","og_url":"https:\/\/www.mwm.net\/es\/ubicaciones\/","og_site_name":"MWM","article_modified_time":"2025-01-06T16:31:26+00:00","twitter_card":"summary_large_image","twitter_misc":{"Tiempo de lectura":"1 minuto"},"schema":{"@context":"https:\/\/schema.org","@graph":[{"@type":"WebPage","@id":"https:\/\/www.mwm.net\/es\/ubicaciones\/","url":"https:\/\/www.mwm.net\/es\/ubicaciones\/","name":"Ubicaciones","isPartOf":{"@id":"https:\/\/www.mwm.net\/es\/#website"},"datePublished":"2021-03-25T16:21:28+00:00","dateModified":"2025-01-06T16:31:26+00:00","description":"Ubicaciones y distribuidores internacionales de MWM, uno de los proveedores l\u00edderes en el mundo de plantas de generaci\u00f3n de energ\u00eda descentralizada de alta eficiencia y respetuosas con el medio ambiente.","breadcrumb":{"@id":"https:\/\/www.mwm.net\/es\/ubicaciones\/#breadcrumb"},"inLanguage":"es","potentialAction":[{"@type":"ReadAction","target":["https:\/\/www.mwm.net\/es\/ubicaciones\/"]}]},{"@type":"BreadcrumbList","@id":"https:\/\/www.mwm.net\/es\/ubicaciones\/#breadcrumb","itemListElement":[{"@type":"ListItem","position":1,"name":"Home","item":"https:\/\/www.mwm.net\/es\/"},{"@type":"ListItem","position":2,"name":"Ubicaciones globales de MWM"}]},{"@type":"WebSite","@id":"https:\/\/www.mwm.net\/es\/#website","url":"https:\/\/www.mwm.net\/es\/","name":"MWM","description":"","publisher":{"@id":"https:\/\/www.mwm.net\/es\/#organization"},"potentialAction":[{"@type":"SearchAction","target":{"@type":"EntryPoint","urlTemplate":"https:\/\/www.mwm.net\/es\/?s={search_term_string}"},"query-input":{"@type":"PropertyValueSpecification","valueRequired":true,"valueName":"search_term_string"}}],"inLanguage":"es"},{"@type":"Organization","@id":"https:\/\/www.mwm.net\/es\/#organization","name":"Caterpillar Energy Solutions GmbH","url":"https:\/\/www.mwm.net\/es\/","logo":{"@type":"ImageObject","inLanguage":"es","@id":"https:\/\/www.mwm.net\/es\/#\/schema\/logo\/image\/","url":"https:\/\/www.mwm.net\/wp-content\/uploads\/2022\/02\/logo2.jpg","contentUrl":"https:\/\/www.mwm.net\/wp-content\/uploads\/2022\/02\/logo2.jpg","width":260,"height":142,"caption":"Caterpillar Energy Solutions GmbH"},"image":{"@id":"https:\/\/www.mwm.net\/es\/#\/schema\/logo\/image\/"}}]}},"_links":{"self":[{"href":"https:\/\/www.mwm.net\/es\/wp-json\/wp\/v2\/pages\/103033","targetHints":{"allow":["GET"]}}],"collection":[{"href":"https:\/\/www.mwm.net\/es\/wp-json\/wp\/v2\/pages"}],"about":[{"href":"https:\/\/www.mwm.net\/es\/wp-json\/wp\/v2\/types\/page"}],"author":[{"embeddable":true,"href":"https:\/\/www.mwm.net\/es\/wp-json\/wp\/v2\/users\/1"}],"replies":[{"embeddable":true,"href":"https:\/\/www.mwm.net\/es\/wp-json\/wp\/v2\/comments?post=103033"}],"version-history":[{"count":5,"href":"https:\/\/www.mwm.net\/es\/wp-json\/wp\/v2\/pages\/103033\/revisions"}],"predecessor-version":[{"id":107201,"href":"https:\/\/www.mwm.net\/es\/wp-json\/wp\/v2\/pages\/103033\/revisions\/107201"}],"wp:attachment":[{"href":"https:\/\/www.mwm.net\/es\/wp-json\/wp\/v2\/media?parent=103033"}],"wp:term":[{"taxonomy":"post_tag","embeddable":true,"href":"https:\/\/www.mwm.net\/es\/wp-json\/wp\/v2\/tags?post=103033"}],"curies":[{"name":"wp","href":"https:\/\/api.w.org\/{rel}","templated":true}]}}