{"id":103050,"date":"2024-10-30T15:47:40","date_gmt":"2024-10-30T13:47:40","guid":{"rendered":"https:\/\/www.mwm.net\/?page_id=103050"},"modified":"2026-03-18T12:06:41","modified_gmt":"2026-03-18T10:06:41","slug":"soluciones-de-sistemas","status":"publish","type":"page","link":"https:\/\/www.mwm.net\/es\/plantas-de-energia-distribuida\/soluciones-de-sistemas\/","title":{"rendered":"Soluciones de sistemas"},"content":{"rendered":"<div class=\"text_sec\">\n<p>MWM ofrece componentes y soluciones de sistemas a medida con el fin de satisfacer los requisitos individuales de nuestros clientes de la mejor manera posible.<\/p>\n<p><img decoding=\"async\" class=\"alignnone wp-image-110214 size-full\" src=\"https:\/\/www.mwm.net\/wp-content\/uploads\/2025\/06\/MWM-Soluciones-de-sistemas.jpg\" alt=\"Soluciones gr\u00e1ficas de sistemas MWM con componentes y procesos: desde grupos electr\u00f3genos y unidades de cogeneraci\u00f3n en contenedores hasta integraci\u00f3n en sistemas de energ\u00eda y servicio\" width=\"900\" height=\"493\" srcset=\"https:\/\/www.mwm.net\/wp-content\/uploads\/2025\/06\/MWM-Soluciones-de-sistemas.jpg 900w, https:\/\/www.mwm.net\/wp-content\/uploads\/2025\/06\/MWM-Soluciones-de-sistemas-768x421.jpg 768w\" sizes=\"(max-width: 767px) 89vw, (max-width: 1000px) 54vw, (max-width: 1071px) 543px, 580px\" \/><\/p>\n<p>Se utilizan componentes y soluciones de sistemas perfectamente ajustados para todos los pasos, desde el procesamiento y la limpieza del gas hasta el uso del calor y el tratamiento de los gases de escape, dependiendo del tipo de gas y del concepto de suministro de energ\u00eda.<br \/>\nLos <strong><a href=\"https:\/\/www.mwm.net\/en\/gas-engines-gensets\/\">motores de gas MWM<\/a><\/strong> son plantas de generaci\u00f3n de energ\u00eda. El alcance del producto puede incluir todos los componentes el\u00e9ctricos, como cuadros de distribuci\u00f3n, sistemas de visualizaci\u00f3n de la planta y transformadores de media tensi\u00f3n. MWM ofrece a sus clientes la mayor\u00eda de los componentes de un solo proveedor, lo que garantiza una interacci\u00f3n perfecta entre los mismos.<\/p>\n<\/div>\n<div class=\"cntct_rght\"><a href=\"https:\/\/www.mwm.net\/es\/contacto\/contacto-con-ventas\/\">Contacto con ventas <strong>Haga clic aqu\u00ed<\/strong><\/a><\/div>\n<div class=\"sprtr\"><\/div>\n","protected":false},"excerpt":{"rendered":"<p>MWM ofrece soluciones de sistemas a medida para satisfacer los diversos requisitos de los clientes de la mejor manera posible.<\/p>\n","protected":false},"author":3,"featured_media":103039,"parent":103032,"menu_order":0,"comment_status":"closed","ping_status":"closed","template":"listing-template.php","meta":{"_acf_changed":false,"footnotes":""},"tags":[],"class_list":["post-103050","page","type-page","status-publish","has-post-thumbnail","hentry"],"acf":[],"yoast_head":"<!-- This site is optimized with the Yoast SEO Premium plugin v27.2 (Yoast SEO v27.2) - https:\/\/yoast.com\/product\/yoast-seo-premium-wordpress\/ -->\n<title>Soluciones de sistemas - MWM<\/title>\n<meta name=\"description\" content=\"MWM ofrece soluciones de sistemas a medida para satisfacer los diversos requisitos de los clientes de la mejor manera posible.\" \/>\n<meta name=\"robots\" content=\"index, follow, max-snippet:-1, max-image-preview:large, max-video-preview:-1\" \/>\n<link rel=\"canonical\" href=\"https:\/\/www.mwm.net\/es\/plantas-de-energia-distribuida\/soluciones-de-sistemas\/\" \/>\n<meta property=\"og:locale\" content=\"es_ES\" \/>\n<meta property=\"og:type\" content=\"article\" \/>\n<meta property=\"og:title\" content=\"Soluciones de sistemas\" \/>\n<meta property=\"og:description\" content=\"MWM ofrece soluciones de sistemas a medida para satisfacer los diversos requisitos de los clientes de la mejor manera posible.\" \/>\n<meta property=\"og:url\" content=\"https:\/\/www.mwm.net\/es\/plantas-de-energia-distribuida\/soluciones-de-sistemas\/\" \/>\n<meta property=\"og:site_name\" content=\"MWM\" \/>\n<meta property=\"article:modified_time\" content=\"2026-03-18T10:06:41+00:00\" \/>\n<meta property=\"og:image\" content=\"https:\/\/www.mwm.net\/wp-content\/uploads\/2021\/04\/BHKW_systemloesungen_t.jpg\" \/>\n\t<meta property=\"og:image:width\" content=\"352\" \/>\n\t<meta property=\"og:image:height\" content=\"264\" \/>\n\t<meta property=\"og:image:type\" content=\"image\/jpeg\" \/>\n<meta name=\"twitter:card\" content=\"summary_large_image\" \/>\n<meta name=\"twitter:label1\" content=\"Tiempo de lectura\" \/>\n\t<meta name=\"twitter:data1\" content=\"2 minutos\" \/>\n<script type=\"application\/ld+json\" class=\"yoast-schema-graph\">{\"@context\":\"https:\/\/schema.org\",\"@graph\":[{\"@type\":\"WebPage\",\"@id\":\"https:\/\/www.mwm.net\/es\/plantas-de-energia-distribuida\/soluciones-de-sistemas\/\",\"url\":\"https:\/\/www.mwm.net\/es\/plantas-de-energia-distribuida\/soluciones-de-sistemas\/\",\"name\":\"Soluciones de sistemas - MWM\",\"isPartOf\":{\"@id\":\"https:\/\/www.mwm.net\/es\/#website\"},\"primaryImageOfPage\":{\"@id\":\"https:\/\/www.mwm.net\/es\/plantas-de-energia-distribuida\/soluciones-de-sistemas\/#primaryimage\"},\"image\":{\"@id\":\"https:\/\/www.mwm.net\/es\/plantas-de-energia-distribuida\/soluciones-de-sistemas\/#primaryimage\"},\"thumbnailUrl\":\"https:\/\/www.mwm.net\/wp-content\/uploads\/2021\/04\/BHKW_systemloesungen_t.jpg\",\"datePublished\":\"2024-10-30T13:47:40+00:00\",\"dateModified\":\"2026-03-18T10:06:41+00:00\",\"description\":\"MWM ofrece soluciones de sistemas a medida para satisfacer los diversos requisitos de los clientes de la mejor manera posible.\",\"breadcrumb\":{\"@id\":\"https:\/\/www.mwm.net\/es\/plantas-de-energia-distribuida\/soluciones-de-sistemas\/#breadcrumb\"},\"inLanguage\":\"es\",\"potentialAction\":[{\"@type\":\"ReadAction\",\"target\":[\"https:\/\/www.mwm.net\/es\/plantas-de-energia-distribuida\/soluciones-de-sistemas\/\"]}]},{\"@type\":\"ImageObject\",\"inLanguage\":\"es\",\"@id\":\"https:\/\/www.mwm.net\/es\/plantas-de-energia-distribuida\/soluciones-de-sistemas\/#primaryimage\",\"url\":\"https:\/\/www.mwm.net\/wp-content\/uploads\/2021\/04\/BHKW_systemloesungen_t.jpg\",\"contentUrl\":\"https:\/\/www.mwm.net\/wp-content\/uploads\/2021\/04\/BHKW_systemloesungen_t.jpg\",\"width\":352,\"height\":264},{\"@type\":\"BreadcrumbList\",\"@id\":\"https:\/\/www.mwm.net\/es\/plantas-de-energia-distribuida\/soluciones-de-sistemas\/#breadcrumb\",\"itemListElement\":[{\"@type\":\"ListItem\",\"position\":1,\"name\":\"Home\",\"item\":\"https:\/\/www.mwm.net\/es\/\"},{\"@type\":\"ListItem\",\"position\":2,\"name\":\"Plantas de energ\u00eda distribuida\",\"item\":\"https:\/\/www.mwm.net\/es\/plantas-de-energia-distribuida\/\"},{\"@type\":\"ListItem\",\"position\":3,\"name\":\"Soluciones de sistemas\"}]},{\"@type\":\"WebSite\",\"@id\":\"https:\/\/www.mwm.net\/es\/#website\",\"url\":\"https:\/\/www.mwm.net\/es\/\",\"name\":\"MWM\",\"description\":\"\",\"publisher\":{\"@id\":\"https:\/\/www.mwm.net\/es\/#organization\"},\"potentialAction\":[{\"@type\":\"SearchAction\",\"target\":{\"@type\":\"EntryPoint\",\"urlTemplate\":\"https:\/\/www.mwm.net\/es\/?s={search_term_string}\"},\"query-input\":{\"@type\":\"PropertyValueSpecification\",\"valueRequired\":true,\"valueName\":\"search_term_string\"}}],\"inLanguage\":\"es\"},{\"@type\":\"Organization\",\"@id\":\"https:\/\/www.mwm.net\/es\/#organization\",\"name\":\"Caterpillar Energy Solutions GmbH\",\"url\":\"https:\/\/www.mwm.net\/es\/\",\"logo\":{\"@type\":\"ImageObject\",\"inLanguage\":\"es\",\"@id\":\"https:\/\/www.mwm.net\/es\/#\/schema\/logo\/image\/\",\"url\":\"https:\/\/www.mwm.net\/wp-content\/uploads\/2022\/02\/logo2.jpg\",\"contentUrl\":\"https:\/\/www.mwm.net\/wp-content\/uploads\/2022\/02\/logo2.jpg\",\"width\":260,\"height\":142,\"caption\":\"Caterpillar Energy Solutions GmbH\"},\"image\":{\"@id\":\"https:\/\/www.mwm.net\/es\/#\/schema\/logo\/image\/\"}}]}<\/script>\n<!-- \/ Yoast SEO Premium plugin. -->","yoast_head_json":{"title":"Soluciones de sistemas - MWM","description":"MWM ofrece soluciones de sistemas a medida para satisfacer los diversos requisitos de los clientes de la mejor manera posible.","robots":{"index":"index","follow":"follow","max-snippet":"max-snippet:-1","max-image-preview":"max-image-preview:large","max-video-preview":"max-video-preview:-1"},"canonical":"https:\/\/www.mwm.net\/es\/plantas-de-energia-distribuida\/soluciones-de-sistemas\/","og_locale":"es_ES","og_type":"article","og_title":"Soluciones de sistemas","og_description":"MWM ofrece soluciones de sistemas a medida para satisfacer los diversos requisitos de los clientes de la mejor manera posible.","og_url":"https:\/\/www.mwm.net\/es\/plantas-de-energia-distribuida\/soluciones-de-sistemas\/","og_site_name":"MWM","article_modified_time":"2026-03-18T10:06:41+00:00","og_image":[{"width":352,"height":264,"url":"https:\/\/www.mwm.net\/wp-content\/uploads\/2021\/04\/BHKW_systemloesungen_t.jpg","type":"image\/jpeg"}],"twitter_card":"summary_large_image","twitter_misc":{"Tiempo de lectura":"2 minutos"},"schema":{"@context":"https:\/\/schema.org","@graph":[{"@type":"WebPage","@id":"https:\/\/www.mwm.net\/es\/plantas-de-energia-distribuida\/soluciones-de-sistemas\/","url":"https:\/\/www.mwm.net\/es\/plantas-de-energia-distribuida\/soluciones-de-sistemas\/","name":"Soluciones de sistemas - MWM","isPartOf":{"@id":"https:\/\/www.mwm.net\/es\/#website"},"primaryImageOfPage":{"@id":"https:\/\/www.mwm.net\/es\/plantas-de-energia-distribuida\/soluciones-de-sistemas\/#primaryimage"},"image":{"@id":"https:\/\/www.mwm.net\/es\/plantas-de-energia-distribuida\/soluciones-de-sistemas\/#primaryimage"},"thumbnailUrl":"https:\/\/www.mwm.net\/wp-content\/uploads\/2021\/04\/BHKW_systemloesungen_t.jpg","datePublished":"2024-10-30T13:47:40+00:00","dateModified":"2026-03-18T10:06:41+00:00","description":"MWM ofrece soluciones de sistemas a medida para satisfacer los diversos requisitos de los clientes de la mejor manera posible.","breadcrumb":{"@id":"https:\/\/www.mwm.net\/es\/plantas-de-energia-distribuida\/soluciones-de-sistemas\/#breadcrumb"},"inLanguage":"es","potentialAction":[{"@type":"ReadAction","target":["https:\/\/www.mwm.net\/es\/plantas-de-energia-distribuida\/soluciones-de-sistemas\/"]}]},{"@type":"ImageObject","inLanguage":"es","@id":"https:\/\/www.mwm.net\/es\/plantas-de-energia-distribuida\/soluciones-de-sistemas\/#primaryimage","url":"https:\/\/www.mwm.net\/wp-content\/uploads\/2021\/04\/BHKW_systemloesungen_t.jpg","contentUrl":"https:\/\/www.mwm.net\/wp-content\/uploads\/2021\/04\/BHKW_systemloesungen_t.jpg","width":352,"height":264},{"@type":"BreadcrumbList","@id":"https:\/\/www.mwm.net\/es\/plantas-de-energia-distribuida\/soluciones-de-sistemas\/#breadcrumb","itemListElement":[{"@type":"ListItem","position":1,"name":"Home","item":"https:\/\/www.mwm.net\/es\/"},{"@type":"ListItem","position":2,"name":"Plantas de energ\u00eda distribuida","item":"https:\/\/www.mwm.net\/es\/plantas-de-energia-distribuida\/"},{"@type":"ListItem","position":3,"name":"Soluciones de sistemas"}]},{"@type":"WebSite","@id":"https:\/\/www.mwm.net\/es\/#website","url":"https:\/\/www.mwm.net\/es\/","name":"MWM","description":"","publisher":{"@id":"https:\/\/www.mwm.net\/es\/#organization"},"potentialAction":[{"@type":"SearchAction","target":{"@type":"EntryPoint","urlTemplate":"https:\/\/www.mwm.net\/es\/?s={search_term_string}"},"query-input":{"@type":"PropertyValueSpecification","valueRequired":true,"valueName":"search_term_string"}}],"inLanguage":"es"},{"@type":"Organization","@id":"https:\/\/www.mwm.net\/es\/#organization","name":"Caterpillar Energy Solutions GmbH","url":"https:\/\/www.mwm.net\/es\/","logo":{"@type":"ImageObject","inLanguage":"es","@id":"https:\/\/www.mwm.net\/es\/#\/schema\/logo\/image\/","url":"https:\/\/www.mwm.net\/wp-content\/uploads\/2022\/02\/logo2.jpg","contentUrl":"https:\/\/www.mwm.net\/wp-content\/uploads\/2022\/02\/logo2.jpg","width":260,"height":142,"caption":"Caterpillar Energy Solutions GmbH"},"image":{"@id":"https:\/\/www.mwm.net\/es\/#\/schema\/logo\/image\/"}}]}},"_links":{"self":[{"href":"https:\/\/www.mwm.net\/es\/wp-json\/wp\/v2\/pages\/103050","targetHints":{"allow":["GET"]}}],"collection":[{"href":"https:\/\/www.mwm.net\/es\/wp-json\/wp\/v2\/pages"}],"about":[{"href":"https:\/\/www.mwm.net\/es\/wp-json\/wp\/v2\/types\/page"}],"author":[{"embeddable":true,"href":"https:\/\/www.mwm.net\/es\/wp-json\/wp\/v2\/users\/3"}],"replies":[{"embeddable":true,"href":"https:\/\/www.mwm.net\/es\/wp-json\/wp\/v2\/comments?post=103050"}],"version-history":[{"count":5,"href":"https:\/\/www.mwm.net\/es\/wp-json\/wp\/v2\/pages\/103050\/revisions"}],"predecessor-version":[{"id":112445,"href":"https:\/\/www.mwm.net\/es\/wp-json\/wp\/v2\/pages\/103050\/revisions\/112445"}],"up":[{"embeddable":true,"href":"https:\/\/www.mwm.net\/es\/wp-json\/wp\/v2\/pages\/103032"}],"wp:featuredmedia":[{"embeddable":true,"href":"https:\/\/www.mwm.net\/es\/wp-json\/wp\/v2\/media\/103039"}],"wp:attachment":[{"href":"https:\/\/www.mwm.net\/es\/wp-json\/wp\/v2\/media?parent=103050"}],"wp:term":[{"taxonomy":"post_tag","embeddable":true,"href":"https:\/\/www.mwm.net\/es\/wp-json\/wp\/v2\/tags?post=103050"}],"curies":[{"name":"wp","href":"https:\/\/api.w.org\/{rel}","templated":true}]}}