{"id":103060,"date":"2021-03-25T17:35:09","date_gmt":"2021-03-25T17:35:09","guid":{"rendered":"https:\/\/www.mwm.net\/trainings\/"},"modified":"2025-03-10T12:45:31","modified_gmt":"2025-03-10T10:45:31","slug":"cursos","status":"publish","type":"page","link":"https:\/\/www.mwm.net\/es\/cursos\/","title":{"rendered":"Cursos"},"content":{"rendered":"<div class=\"text_sec\">\n<h2>Oportunidades de capacitaci\u00f3n para clientes, operadores y representantes de ventas en sistemas de cogeneraci\u00f3n MWM<\/h2>\n<p>La experiencia adecuada es un requisito b\u00e1sico importante para la operaci\u00f3n cualificada y la venta selectiva de nuestros <a href=\"https:\/\/www.mwm.net\/en\/gas-engines-gensets\/\">motores de gas, grupos electr\u00f3genos<\/a> y <a href=\"https:\/\/www.mwm.net\/es\/plantas-de-energia-distribuida\/soluciones-de-cogeneracion\/\">sistemas de cogeneraci\u00f3n<\/a>. Por eso nuestras unidades de capacitaci\u00f3n son un componente clave de la amplia gama de servicios que ofrecemos aqu\u00ed en MWM.<\/p>\n<p>Nuestros dos centros de formaci\u00f3n en Mannheim le ofrecen un apoyo eficaz en el desarrollo de sus empleados mediante cursos de capacitaci\u00f3n a medida. Estos cursos incluyen sesiones espec\u00edficas sobre plantas, equipos o proyectos. \u00a1Su \u00e9xito es nuestro objetivo!<\/p>\n<\/div>\n<div class=\"cntct_rght\"><a href=\"https:\/\/www.mwm.net\/en\/contact\/contact-form\/\">SERVICIO DE CONTACTO<br \/>\n<b>HAGA CLIC AQU\u00cd<\/b><\/a><\/div>\n<div class=\"sprtr\"><\/div>\n","protected":false},"excerpt":{"rendered":"<p>El Training Center Service y el Training Center Sales de MWM le ofrecen un apoyo eficaz para el desarrollo continuo de sus empleados mediante cursos de formaci\u00f3n basados en la demanda.<\/p>\n","protected":false},"author":1,"featured_media":103062,"parent":0,"menu_order":82,"comment_status":"closed","ping_status":"closed","template":"listing-template.php","meta":{"_acf_changed":false,"footnotes":""},"tags":[1427],"class_list":["post-103060","page","type-page","status-publish","has-post-thumbnail","hentry","tag-training-center-en-es"],"acf":[],"yoast_head":"<!-- This site is optimized with the Yoast SEO Premium plugin v27.2 (Yoast SEO v27.2) - https:\/\/yoast.com\/product\/yoast-seo-premium-wordpress\/ -->\n<title>Cursos<\/title>\n<meta name=\"description\" content=\"El Training Center Service y el Training Center Sales de MWM le ofrecen un apoyo eficaz para el desarrollo de sus empleados.\" \/>\n<meta name=\"robots\" content=\"index, follow, max-snippet:-1, max-image-preview:large, max-video-preview:-1\" \/>\n<link rel=\"canonical\" href=\"https:\/\/www.mwm.net\/es\/cursos\/\" \/>\n<meta property=\"og:locale\" content=\"es_ES\" \/>\n<meta property=\"og:type\" content=\"article\" \/>\n<meta property=\"og:title\" content=\"Cursos\" \/>\n<meta property=\"og:description\" content=\"El Training Center Service y el Training Center Sales de MWM le ofrecen un apoyo eficaz para el desarrollo de sus empleados.\" \/>\n<meta property=\"og:url\" content=\"https:\/\/www.mwm.net\/es\/cursos\/\" \/>\n<meta property=\"og:site_name\" content=\"MWM\" \/>\n<meta property=\"article:modified_time\" content=\"2025-03-10T10:45:31+00:00\" \/>\n<meta property=\"og:image\" content=\"https:\/\/www.mwm.net\/wp-content\/uploads\/2021\/04\/serivce-trainings-organizat.jpg\" \/>\n\t<meta property=\"og:image:width\" content=\"800\" \/>\n\t<meta property=\"og:image:height\" content=\"600\" \/>\n\t<meta property=\"og:image:type\" content=\"image\/jpeg\" \/>\n<meta name=\"twitter:card\" content=\"summary_large_image\" \/>\n<meta name=\"twitter:label1\" content=\"Tiempo de lectura\" \/>\n\t<meta name=\"twitter:data1\" content=\"1 minuto\" \/>\n<script type=\"application\/ld+json\" class=\"yoast-schema-graph\">{\"@context\":\"https:\/\/schema.org\",\"@graph\":[{\"@type\":\"WebPage\",\"@id\":\"https:\/\/www.mwm.net\/es\/cursos\/\",\"url\":\"https:\/\/www.mwm.net\/es\/cursos\/\",\"name\":\"Cursos\",\"isPartOf\":{\"@id\":\"https:\/\/www.mwm.net\/es\/#website\"},\"primaryImageOfPage\":{\"@id\":\"https:\/\/www.mwm.net\/es\/cursos\/#primaryimage\"},\"image\":{\"@id\":\"https:\/\/www.mwm.net\/es\/cursos\/#primaryimage\"},\"thumbnailUrl\":\"https:\/\/www.mwm.net\/wp-content\/uploads\/2021\/04\/serivce-trainings-organizat.jpg\",\"datePublished\":\"2021-03-25T17:35:09+00:00\",\"dateModified\":\"2025-03-10T10:45:31+00:00\",\"description\":\"El Training Center Service y el Training Center Sales de MWM le ofrecen un apoyo eficaz para el desarrollo de sus empleados.\",\"breadcrumb\":{\"@id\":\"https:\/\/www.mwm.net\/es\/cursos\/#breadcrumb\"},\"inLanguage\":\"es\",\"potentialAction\":[{\"@type\":\"ReadAction\",\"target\":[\"https:\/\/www.mwm.net\/es\/cursos\/\"]}]},{\"@type\":\"ImageObject\",\"inLanguage\":\"es\",\"@id\":\"https:\/\/www.mwm.net\/es\/cursos\/#primaryimage\",\"url\":\"https:\/\/www.mwm.net\/wp-content\/uploads\/2021\/04\/serivce-trainings-organizat.jpg\",\"contentUrl\":\"https:\/\/www.mwm.net\/wp-content\/uploads\/2021\/04\/serivce-trainings-organizat.jpg\",\"width\":800,\"height\":600},{\"@type\":\"BreadcrumbList\",\"@id\":\"https:\/\/www.mwm.net\/es\/cursos\/#breadcrumb\",\"itemListElement\":[{\"@type\":\"ListItem\",\"position\":1,\"name\":\"Home\",\"item\":\"https:\/\/www.mwm.net\/es\/\"},{\"@type\":\"ListItem\",\"position\":2,\"name\":\"Cursos\"}]},{\"@type\":\"WebSite\",\"@id\":\"https:\/\/www.mwm.net\/es\/#website\",\"url\":\"https:\/\/www.mwm.net\/es\/\",\"name\":\"MWM\",\"description\":\"\",\"publisher\":{\"@id\":\"https:\/\/www.mwm.net\/es\/#organization\"},\"potentialAction\":[{\"@type\":\"SearchAction\",\"target\":{\"@type\":\"EntryPoint\",\"urlTemplate\":\"https:\/\/www.mwm.net\/es\/?s={search_term_string}\"},\"query-input\":{\"@type\":\"PropertyValueSpecification\",\"valueRequired\":true,\"valueName\":\"search_term_string\"}}],\"inLanguage\":\"es\"},{\"@type\":\"Organization\",\"@id\":\"https:\/\/www.mwm.net\/es\/#organization\",\"name\":\"Caterpillar Energy Solutions GmbH\",\"url\":\"https:\/\/www.mwm.net\/es\/\",\"logo\":{\"@type\":\"ImageObject\",\"inLanguage\":\"es\",\"@id\":\"https:\/\/www.mwm.net\/es\/#\/schema\/logo\/image\/\",\"url\":\"https:\/\/www.mwm.net\/wp-content\/uploads\/2022\/02\/logo2.jpg\",\"contentUrl\":\"https:\/\/www.mwm.net\/wp-content\/uploads\/2022\/02\/logo2.jpg\",\"width\":260,\"height\":142,\"caption\":\"Caterpillar Energy Solutions GmbH\"},\"image\":{\"@id\":\"https:\/\/www.mwm.net\/es\/#\/schema\/logo\/image\/\"}}]}<\/script>\n<!-- \/ Yoast SEO Premium plugin. -->","yoast_head_json":{"title":"Cursos","description":"El Training Center Service y el Training Center Sales de MWM le ofrecen un apoyo eficaz para el desarrollo de sus empleados.","robots":{"index":"index","follow":"follow","max-snippet":"max-snippet:-1","max-image-preview":"max-image-preview:large","max-video-preview":"max-video-preview:-1"},"canonical":"https:\/\/www.mwm.net\/es\/cursos\/","og_locale":"es_ES","og_type":"article","og_title":"Cursos","og_description":"El Training Center Service y el Training Center Sales de MWM le ofrecen un apoyo eficaz para el desarrollo de sus empleados.","og_url":"https:\/\/www.mwm.net\/es\/cursos\/","og_site_name":"MWM","article_modified_time":"2025-03-10T10:45:31+00:00","og_image":[{"width":800,"height":600,"url":"https:\/\/www.mwm.net\/wp-content\/uploads\/2021\/04\/serivce-trainings-organizat.jpg","type":"image\/jpeg"}],"twitter_card":"summary_large_image","twitter_misc":{"Tiempo de lectura":"1 minuto"},"schema":{"@context":"https:\/\/schema.org","@graph":[{"@type":"WebPage","@id":"https:\/\/www.mwm.net\/es\/cursos\/","url":"https:\/\/www.mwm.net\/es\/cursos\/","name":"Cursos","isPartOf":{"@id":"https:\/\/www.mwm.net\/es\/#website"},"primaryImageOfPage":{"@id":"https:\/\/www.mwm.net\/es\/cursos\/#primaryimage"},"image":{"@id":"https:\/\/www.mwm.net\/es\/cursos\/#primaryimage"},"thumbnailUrl":"https:\/\/www.mwm.net\/wp-content\/uploads\/2021\/04\/serivce-trainings-organizat.jpg","datePublished":"2021-03-25T17:35:09+00:00","dateModified":"2025-03-10T10:45:31+00:00","description":"El Training Center Service y el Training Center Sales de MWM le ofrecen un apoyo eficaz para el desarrollo de sus empleados.","breadcrumb":{"@id":"https:\/\/www.mwm.net\/es\/cursos\/#breadcrumb"},"inLanguage":"es","potentialAction":[{"@type":"ReadAction","target":["https:\/\/www.mwm.net\/es\/cursos\/"]}]},{"@type":"ImageObject","inLanguage":"es","@id":"https:\/\/www.mwm.net\/es\/cursos\/#primaryimage","url":"https:\/\/www.mwm.net\/wp-content\/uploads\/2021\/04\/serivce-trainings-organizat.jpg","contentUrl":"https:\/\/www.mwm.net\/wp-content\/uploads\/2021\/04\/serivce-trainings-organizat.jpg","width":800,"height":600},{"@type":"BreadcrumbList","@id":"https:\/\/www.mwm.net\/es\/cursos\/#breadcrumb","itemListElement":[{"@type":"ListItem","position":1,"name":"Home","item":"https:\/\/www.mwm.net\/es\/"},{"@type":"ListItem","position":2,"name":"Cursos"}]},{"@type":"WebSite","@id":"https:\/\/www.mwm.net\/es\/#website","url":"https:\/\/www.mwm.net\/es\/","name":"MWM","description":"","publisher":{"@id":"https:\/\/www.mwm.net\/es\/#organization"},"potentialAction":[{"@type":"SearchAction","target":{"@type":"EntryPoint","urlTemplate":"https:\/\/www.mwm.net\/es\/?s={search_term_string}"},"query-input":{"@type":"PropertyValueSpecification","valueRequired":true,"valueName":"search_term_string"}}],"inLanguage":"es"},{"@type":"Organization","@id":"https:\/\/www.mwm.net\/es\/#organization","name":"Caterpillar Energy Solutions GmbH","url":"https:\/\/www.mwm.net\/es\/","logo":{"@type":"ImageObject","inLanguage":"es","@id":"https:\/\/www.mwm.net\/es\/#\/schema\/logo\/image\/","url":"https:\/\/www.mwm.net\/wp-content\/uploads\/2022\/02\/logo2.jpg","contentUrl":"https:\/\/www.mwm.net\/wp-content\/uploads\/2022\/02\/logo2.jpg","width":260,"height":142,"caption":"Caterpillar Energy Solutions GmbH"},"image":{"@id":"https:\/\/www.mwm.net\/es\/#\/schema\/logo\/image\/"}}]}},"_links":{"self":[{"href":"https:\/\/www.mwm.net\/es\/wp-json\/wp\/v2\/pages\/103060","targetHints":{"allow":["GET"]}}],"collection":[{"href":"https:\/\/www.mwm.net\/es\/wp-json\/wp\/v2\/pages"}],"about":[{"href":"https:\/\/www.mwm.net\/es\/wp-json\/wp\/v2\/types\/page"}],"author":[{"embeddable":true,"href":"https:\/\/www.mwm.net\/es\/wp-json\/wp\/v2\/users\/1"}],"replies":[{"embeddable":true,"href":"https:\/\/www.mwm.net\/es\/wp-json\/wp\/v2\/comments?post=103060"}],"version-history":[{"count":6,"href":"https:\/\/www.mwm.net\/es\/wp-json\/wp\/v2\/pages\/103060\/revisions"}],"predecessor-version":[{"id":108911,"href":"https:\/\/www.mwm.net\/es\/wp-json\/wp\/v2\/pages\/103060\/revisions\/108911"}],"wp:featuredmedia":[{"embeddable":true,"href":"https:\/\/www.mwm.net\/es\/wp-json\/wp\/v2\/media\/103062"}],"wp:attachment":[{"href":"https:\/\/www.mwm.net\/es\/wp-json\/wp\/v2\/media?parent=103060"}],"wp:term":[{"taxonomy":"post_tag","embeddable":true,"href":"https:\/\/www.mwm.net\/es\/wp-json\/wp\/v2\/tags?post=103060"}],"curies":[{"name":"wp","href":"https:\/\/api.w.org\/{rel}","templated":true}]}}