{"id":103067,"date":"2021-03-25T17:40:04","date_gmt":"2021-03-25T17:40:04","guid":{"rendered":"https:\/\/www.mwm.net\/mwm-shop\/"},"modified":"2025-01-09T18:55:11","modified_gmt":"2025-01-09T16:55:11","slug":"mwm-shop-es","status":"publish","type":"page","link":"https:\/\/www.mwm.net\/es\/mwm-shop-es\/","title":{"rendered":"Aviso al salir de este sitio web \u2013 MWM Webshop"},"content":{"rendered":"<p>Puede utilizar el siguiente enlace para salir del sitio web de MWM y acceder al sitio web externo de otro proveedor (Rheinwalt GmbH). En este caso, se aplican las normas de protecci\u00f3n de datos del proveedor y \u00e9ste puede instalar cookies. Esto queda fuera de nuestro control.<\/p>\n<p><a href=\"https:\/\/mwm.rheinwalt.eu\/en\/\" target=\"_blank\" rel=\"noopener\"><strong>https:\/\/webshop.mwm.net\/en<\/strong><\/a><\/p>\n<p>Puede encontrar m\u00e1s informaci\u00f3n en nuestra <a href=\"https:\/\/www.mwm.net\/es\/privacidad\/\">declaraci\u00f3n de protecci\u00f3n de datos<\/a> y en la informaci\u00f3n de protecci\u00f3n de datos de la tienda online: <a href=\"https:\/\/mwm.rheinwalt.eu\/en\/Infos\/privacy\" target=\"_blank\" rel=\"noopener\">https:\/\/mwm.rheinwalt.eu\/en\/Infos\/privacy<\/a><\/p>\n<div><\/div>\n<h2 style=\"color: #1d64a4; margin-bottom: 10px;\">Ordenar tarjetas de visita<\/h2>\n<p>Si desea ordenar tarjetas de visita, puede encontrar la tienda de <strong>tarjetas de visita<\/strong> siguiendo este enlace: <a href=\"https:\/\/cmill.de\/mwm-vcard\/login\" target=\"_blank\" rel=\"noopener\">https:\/\/cmill.de\/mwm-vcard\/login<\/a> *<\/p>\n<p><strong>NOTA<\/strong>: Para registrarse, utilice la misma direcci\u00f3n de correo electr\u00f3nico que us\u00f3 en la antigua tienda online MWM Webshop.<br \/>\nLuego deber\u00e1 utilizar el enlace anterior para solicitar una nueva contrase\u00f1a con su direcci\u00f3n de correo electr\u00f3nico habitual para acceder a la tienda de tarjetas de visita.<\/p>\n<p style=\"font-size: .8em; line-height: 1.2em;\">* A trav\u00e9s del enlace antes indicado, usted sale del sitio web de MWM y entra en el sitio web de otro proveedor. En este caso, se aplican las normas de protecci\u00f3n de datos del proveedor y \u00e9ste puede instalar cookies. Esto queda fuera de nuestro control.<\/p>\n","protected":false},"excerpt":{"rendered":"<p>Puede utilizar el siguiente enlace para salir del sitio web de MWM y acceder al sitio web externo de otro proveedor (Rheinwalt GmbH). En este<\/p>\n","protected":false},"author":1,"featured_media":103068,"parent":0,"menu_order":41,"comment_status":"closed","ping_status":"closed","template":"page-sidebar-template.php","meta":{"_acf_changed":false,"footnotes":""},"tags":[],"class_list":["post-103067","page","type-page","status-publish","has-post-thumbnail","hentry"],"acf":[],"yoast_head":"<!-- This site is optimized with the Yoast SEO Premium plugin v27.2 (Yoast SEO v27.2) - https:\/\/yoast.com\/product\/yoast-seo-premium-wordpress\/ -->\n<title>Aviso al salir de este sitio web \u2013 MWM Webshop<\/title>\n<meta name=\"robots\" content=\"index, follow, max-snippet:-1, max-image-preview:large, max-video-preview:-1\" \/>\n<link rel=\"canonical\" href=\"https:\/\/www.mwm.net\/es\/mwm-shop-es\/\" \/>\n<meta property=\"og:locale\" content=\"es_ES\" \/>\n<meta property=\"og:type\" content=\"article\" \/>\n<meta property=\"og:title\" content=\"MWM Webshop\" \/>\n<meta property=\"og:description\" content=\"Puede utilizar el siguiente enlace para salir del sitio web de MWM y acceder al sitio web externo de otro proveedor (Rheinwalt GmbH). En este\" \/>\n<meta property=\"og:url\" content=\"https:\/\/www.mwm.net\/es\/mwm-shop-es\/\" \/>\n<meta property=\"og:site_name\" content=\"MWM\" \/>\n<meta property=\"article:modified_time\" content=\"2025-01-09T16:55:11+00:00\" \/>\n<meta property=\"og:image\" content=\"https:\/\/www.mwm.net\/wp-content\/uploads\/2024\/03\/MWM-Webshop.jpg\" \/>\n<meta name=\"twitter:card\" content=\"summary_large_image\" \/>\n<meta name=\"twitter:title\" content=\"Aviso al salir de este sitio web \u2013 MWM Webshop\" \/>\n<meta name=\"twitter:label1\" content=\"Tiempo de lectura\" \/>\n\t<meta name=\"twitter:data1\" content=\"2 minutos\" \/>\n<script type=\"application\/ld+json\" class=\"yoast-schema-graph\">{\"@context\":\"https:\/\/schema.org\",\"@graph\":[{\"@type\":\"WebPage\",\"@id\":\"https:\/\/www.mwm.net\/es\/mwm-shop-es\/\",\"url\":\"https:\/\/www.mwm.net\/es\/mwm-shop-es\/\",\"name\":\"Aviso al salir de este sitio web \u2013 MWM Webshop\",\"isPartOf\":{\"@id\":\"https:\/\/www.mwm.net\/es\/#website\"},\"primaryImageOfPage\":{\"@id\":\"https:\/\/www.mwm.net\/es\/mwm-shop-es\/#primaryimage\"},\"image\":{\"@id\":\"https:\/\/www.mwm.net\/es\/mwm-shop-es\/#primaryimage\"},\"thumbnailUrl\":\"https:\/\/www.mwm.net\/wp-content\/uploads\/2024\/03\/MWM-Webshop.jpg\",\"datePublished\":\"2021-03-25T17:40:04+00:00\",\"dateModified\":\"2025-01-09T16:55:11+00:00\",\"breadcrumb\":{\"@id\":\"https:\/\/www.mwm.net\/es\/mwm-shop-es\/#breadcrumb\"},\"inLanguage\":\"es\",\"potentialAction\":[{\"@type\":\"ReadAction\",\"target\":[\"https:\/\/www.mwm.net\/es\/mwm-shop-es\/\"]}]},{\"@type\":\"ImageObject\",\"inLanguage\":\"es\",\"@id\":\"https:\/\/www.mwm.net\/es\/mwm-shop-es\/#primaryimage\",\"url\":\"https:\/\/www.mwm.net\/wp-content\/uploads\/2024\/03\/MWM-Webshop.jpg\",\"contentUrl\":\"https:\/\/www.mwm.net\/wp-content\/uploads\/2024\/03\/MWM-Webshop.jpg\",\"width\":1314,\"height\":475},{\"@type\":\"BreadcrumbList\",\"@id\":\"https:\/\/www.mwm.net\/es\/mwm-shop-es\/#breadcrumb\",\"itemListElement\":[{\"@type\":\"ListItem\",\"position\":1,\"name\":\"Home\",\"item\":\"https:\/\/www.mwm.net\/es\/\"},{\"@type\":\"ListItem\",\"position\":2,\"name\":\"Aviso al salir de este sitio web \u2013 MWM Webshop\"}]},{\"@type\":\"WebSite\",\"@id\":\"https:\/\/www.mwm.net\/es\/#website\",\"url\":\"https:\/\/www.mwm.net\/es\/\",\"name\":\"MWM\",\"description\":\"\",\"publisher\":{\"@id\":\"https:\/\/www.mwm.net\/es\/#organization\"},\"potentialAction\":[{\"@type\":\"SearchAction\",\"target\":{\"@type\":\"EntryPoint\",\"urlTemplate\":\"https:\/\/www.mwm.net\/es\/?s={search_term_string}\"},\"query-input\":{\"@type\":\"PropertyValueSpecification\",\"valueRequired\":true,\"valueName\":\"search_term_string\"}}],\"inLanguage\":\"es\"},{\"@type\":\"Organization\",\"@id\":\"https:\/\/www.mwm.net\/es\/#organization\",\"name\":\"Caterpillar Energy Solutions GmbH\",\"url\":\"https:\/\/www.mwm.net\/es\/\",\"logo\":{\"@type\":\"ImageObject\",\"inLanguage\":\"es\",\"@id\":\"https:\/\/www.mwm.net\/es\/#\/schema\/logo\/image\/\",\"url\":\"https:\/\/www.mwm.net\/wp-content\/uploads\/2022\/02\/logo2.jpg\",\"contentUrl\":\"https:\/\/www.mwm.net\/wp-content\/uploads\/2022\/02\/logo2.jpg\",\"width\":260,\"height\":142,\"caption\":\"Caterpillar Energy Solutions GmbH\"},\"image\":{\"@id\":\"https:\/\/www.mwm.net\/es\/#\/schema\/logo\/image\/\"}}]}<\/script>\n<!-- \/ Yoast SEO Premium plugin. -->","yoast_head_json":{"title":"Aviso al salir de este sitio web \u2013 MWM Webshop","robots":{"index":"index","follow":"follow","max-snippet":"max-snippet:-1","max-image-preview":"max-image-preview:large","max-video-preview":"max-video-preview:-1"},"canonical":"https:\/\/www.mwm.net\/es\/mwm-shop-es\/","og_locale":"es_ES","og_type":"article","og_title":"MWM Webshop","og_description":"Puede utilizar el siguiente enlace para salir del sitio web de MWM y acceder al sitio web externo de otro proveedor (Rheinwalt GmbH). En este","og_url":"https:\/\/www.mwm.net\/es\/mwm-shop-es\/","og_site_name":"MWM","article_modified_time":"2025-01-09T16:55:11+00:00","og_image":[{"url":"https:\/\/www.mwm.net\/wp-content\/uploads\/2024\/03\/MWM-Webshop.jpg","type":"","width":"","height":""}],"twitter_card":"summary_large_image","twitter_title":"Aviso al salir de este sitio web \u2013 MWM Webshop","twitter_misc":{"Tiempo de lectura":"2 minutos"},"schema":{"@context":"https:\/\/schema.org","@graph":[{"@type":"WebPage","@id":"https:\/\/www.mwm.net\/es\/mwm-shop-es\/","url":"https:\/\/www.mwm.net\/es\/mwm-shop-es\/","name":"Aviso al salir de este sitio web \u2013 MWM Webshop","isPartOf":{"@id":"https:\/\/www.mwm.net\/es\/#website"},"primaryImageOfPage":{"@id":"https:\/\/www.mwm.net\/es\/mwm-shop-es\/#primaryimage"},"image":{"@id":"https:\/\/www.mwm.net\/es\/mwm-shop-es\/#primaryimage"},"thumbnailUrl":"https:\/\/www.mwm.net\/wp-content\/uploads\/2024\/03\/MWM-Webshop.jpg","datePublished":"2021-03-25T17:40:04+00:00","dateModified":"2025-01-09T16:55:11+00:00","breadcrumb":{"@id":"https:\/\/www.mwm.net\/es\/mwm-shop-es\/#breadcrumb"},"inLanguage":"es","potentialAction":[{"@type":"ReadAction","target":["https:\/\/www.mwm.net\/es\/mwm-shop-es\/"]}]},{"@type":"ImageObject","inLanguage":"es","@id":"https:\/\/www.mwm.net\/es\/mwm-shop-es\/#primaryimage","url":"https:\/\/www.mwm.net\/wp-content\/uploads\/2024\/03\/MWM-Webshop.jpg","contentUrl":"https:\/\/www.mwm.net\/wp-content\/uploads\/2024\/03\/MWM-Webshop.jpg","width":1314,"height":475},{"@type":"BreadcrumbList","@id":"https:\/\/www.mwm.net\/es\/mwm-shop-es\/#breadcrumb","itemListElement":[{"@type":"ListItem","position":1,"name":"Home","item":"https:\/\/www.mwm.net\/es\/"},{"@type":"ListItem","position":2,"name":"Aviso al salir de este sitio web \u2013 MWM Webshop"}]},{"@type":"WebSite","@id":"https:\/\/www.mwm.net\/es\/#website","url":"https:\/\/www.mwm.net\/es\/","name":"MWM","description":"","publisher":{"@id":"https:\/\/www.mwm.net\/es\/#organization"},"potentialAction":[{"@type":"SearchAction","target":{"@type":"EntryPoint","urlTemplate":"https:\/\/www.mwm.net\/es\/?s={search_term_string}"},"query-input":{"@type":"PropertyValueSpecification","valueRequired":true,"valueName":"search_term_string"}}],"inLanguage":"es"},{"@type":"Organization","@id":"https:\/\/www.mwm.net\/es\/#organization","name":"Caterpillar Energy Solutions GmbH","url":"https:\/\/www.mwm.net\/es\/","logo":{"@type":"ImageObject","inLanguage":"es","@id":"https:\/\/www.mwm.net\/es\/#\/schema\/logo\/image\/","url":"https:\/\/www.mwm.net\/wp-content\/uploads\/2022\/02\/logo2.jpg","contentUrl":"https:\/\/www.mwm.net\/wp-content\/uploads\/2022\/02\/logo2.jpg","width":260,"height":142,"caption":"Caterpillar Energy Solutions GmbH"},"image":{"@id":"https:\/\/www.mwm.net\/es\/#\/schema\/logo\/image\/"}}]}},"_links":{"self":[{"href":"https:\/\/www.mwm.net\/es\/wp-json\/wp\/v2\/pages\/103067","targetHints":{"allow":["GET"]}}],"collection":[{"href":"https:\/\/www.mwm.net\/es\/wp-json\/wp\/v2\/pages"}],"about":[{"href":"https:\/\/www.mwm.net\/es\/wp-json\/wp\/v2\/types\/page"}],"author":[{"embeddable":true,"href":"https:\/\/www.mwm.net\/es\/wp-json\/wp\/v2\/users\/1"}],"replies":[{"embeddable":true,"href":"https:\/\/www.mwm.net\/es\/wp-json\/wp\/v2\/comments?post=103067"}],"version-history":[{"count":4,"href":"https:\/\/www.mwm.net\/es\/wp-json\/wp\/v2\/pages\/103067\/revisions"}],"predecessor-version":[{"id":107301,"href":"https:\/\/www.mwm.net\/es\/wp-json\/wp\/v2\/pages\/103067\/revisions\/107301"}],"wp:featuredmedia":[{"embeddable":true,"href":"https:\/\/www.mwm.net\/es\/wp-json\/wp\/v2\/media\/103068"}],"wp:attachment":[{"href":"https:\/\/www.mwm.net\/es\/wp-json\/wp\/v2\/media?parent=103067"}],"wp:term":[{"taxonomy":"post_tag","embeddable":true,"href":"https:\/\/www.mwm.net\/es\/wp-json\/wp\/v2\/tags?post=103067"}],"curies":[{"name":"wp","href":"https:\/\/api.w.org\/{rel}","templated":true}]}}