{"id":103072,"date":"2021-03-24T16:47:25","date_gmt":"2021-03-24T16:47:25","guid":{"rendered":"https:\/\/www.mwm.net\/gas-engines-gensets\/"},"modified":"2026-02-03T13:31:14","modified_gmt":"2026-02-03T11:31:14","slug":"motores-de-gas-grupos-electrogenos","status":"publish","type":"page","link":"https:\/\/www.mwm.net\/es\/motores-de-gas-grupos-electrogenos\/","title":{"rendered":"Motores de gas \/ Grupos electr\u00f3genos"},"content":{"rendered":"<div class=\"text_sec\">\n<h2>Motores de gas y grupos electr\u00f3genos MWM \u2013 Potencia. Fiabilidad. Bajo consumo. Para su \u00e9xito.<\/h2>\n<p>La cartera de productos de MWM incluye <strong>motores de gas y grupos electr\u00f3genos<\/strong> en el rango de potencia de 400 kW<sub>el<\/sub> a 4.500 kW<sub>el<\/sub>. Se pueden realizar centrales el\u00e9ctricas con una potencia de 100.000 kW<sub>el<\/sub> y m\u00e1s.<\/p>\n<p>Los motores de gas funcionan con varios tipos de gas, como <strong>gas natural<\/strong>, gas de esquisto, gas de mina, biog\u00e1s, gas de vertedero, gas de depuradora y gas de s\u00edntesis. Est\u00e1n dise\u00f1ados para ofrecer el m\u00e1ximo rendimiento el\u00e9ctrico y t\u00e9rmico, bajos costos de operaci\u00f3n y mantenimiento y una alta fiabilidad y disponibilidad. De esta manera, alcanzan una eficiencia por encima del 90 %.\n<\/div>\n<div class=\"cntct_rght\"><a href=\"https:\/\/www.mwm.net\/en\/contact\/contact-sales\/\">contacto con ventas <br \/><b>Haga clic aqu\u00ed<\/b><\/a><\/div>\n<div class=\"sprtr\"><\/div>\n","protected":false},"excerpt":{"rendered":"<p>Motores de gas, grupos electr\u00f3genos, grupos electr\u00f3genos de biog\u00e1s y gas natural, generadores para el suministro de energ\u00eda descentralizada de MWM.<\/p>\n","protected":false},"author":1,"featured_media":111462,"parent":0,"menu_order":2,"comment_status":"closed","ping_status":"closed","template":"listing-template.php","meta":{"_acf_changed":false,"footnotes":""},"tags":[1827,1828,1430],"class_list":["post-103072","page","type-page","status-publish","has-post-thumbnail","hentry","tag-gasmotoren-es","tag-motores-de-gas-es","tag-stromaggregate-es"],"acf":[],"yoast_head":"<!-- This site is optimized with the Yoast SEO Premium plugin v27.2 (Yoast SEO v27.2) - https:\/\/yoast.com\/product\/yoast-seo-premium-wordpress\/ -->\n<title>Motores de gas<\/title>\n<meta name=\"description\" content=\"Motores de gas, grupos electr\u00f3genos, grupos electr\u00f3genos de biog\u00e1s y gas natural, generadores para el suministro de energ\u00eda descentralizada de MWM.\" \/>\n<meta name=\"robots\" content=\"index, follow, max-snippet:-1, max-image-preview:large, max-video-preview:-1\" \/>\n<link rel=\"canonical\" href=\"https:\/\/www.mwm.net\/es\/motores-de-gas-grupos-electrogenos\/\" \/>\n<meta property=\"og:locale\" content=\"es_ES\" \/>\n<meta property=\"og:type\" content=\"article\" \/>\n<meta property=\"og:title\" content=\"Motores de gas \/ Grupos electr\u00f3genos\" \/>\n<meta property=\"og:description\" content=\"Motores de gas, grupos electr\u00f3genos, grupos electr\u00f3genos de biog\u00e1s y gas natural, generadores para el suministro de energ\u00eda descentralizada de MWM.\" \/>\n<meta property=\"og:url\" content=\"https:\/\/www.mwm.net\/es\/motores-de-gas-grupos-electrogenos\/\" \/>\n<meta property=\"og:site_name\" content=\"MWM\" \/>\n<meta property=\"article:modified_time\" content=\"2026-02-03T11:31:14+00:00\" \/>\n<meta property=\"og:image\" content=\"https:\/\/www.mwm.net\/wp-content\/uploads\/2025\/11\/MWM-TCG-Range.jpg\" \/>\n\t<meta property=\"og:image:width\" content=\"1200\" \/>\n\t<meta property=\"og:image:height\" content=\"630\" \/>\n\t<meta property=\"og:image:type\" content=\"image\/jpeg\" \/>\n<meta name=\"twitter:card\" content=\"summary_large_image\" \/>\n<meta name=\"twitter:label1\" content=\"Tiempo de lectura\" \/>\n\t<meta name=\"twitter:data1\" content=\"1 minuto\" \/>\n<script type=\"application\/ld+json\" class=\"yoast-schema-graph\">{\"@context\":\"https:\/\/schema.org\",\"@graph\":[{\"@type\":\"WebPage\",\"@id\":\"https:\/\/www.mwm.net\/es\/motores-de-gas-grupos-electrogenos\/\",\"url\":\"https:\/\/www.mwm.net\/es\/motores-de-gas-grupos-electrogenos\/\",\"name\":\"Motores de gas\",\"isPartOf\":{\"@id\":\"https:\/\/www.mwm.net\/es\/#website\"},\"primaryImageOfPage\":{\"@id\":\"https:\/\/www.mwm.net\/es\/motores-de-gas-grupos-electrogenos\/#primaryimage\"},\"image\":{\"@id\":\"https:\/\/www.mwm.net\/es\/motores-de-gas-grupos-electrogenos\/#primaryimage\"},\"thumbnailUrl\":\"https:\/\/www.mwm.net\/wp-content\/uploads\/2025\/11\/MWM-TCG-Range.jpg\",\"datePublished\":\"2021-03-24T16:47:25+00:00\",\"dateModified\":\"2026-02-03T11:31:14+00:00\",\"description\":\"Motores de gas, grupos electr\u00f3genos, grupos electr\u00f3genos de biog\u00e1s y gas natural, generadores para el suministro de energ\u00eda descentralizada de MWM.\",\"breadcrumb\":{\"@id\":\"https:\/\/www.mwm.net\/es\/motores-de-gas-grupos-electrogenos\/#breadcrumb\"},\"inLanguage\":\"es\",\"potentialAction\":[{\"@type\":\"ReadAction\",\"target\":[\"https:\/\/www.mwm.net\/es\/motores-de-gas-grupos-electrogenos\/\"]}]},{\"@type\":\"ImageObject\",\"inLanguage\":\"es\",\"@id\":\"https:\/\/www.mwm.net\/es\/motores-de-gas-grupos-electrogenos\/#primaryimage\",\"url\":\"https:\/\/www.mwm.net\/wp-content\/uploads\/2025\/11\/MWM-TCG-Range.jpg\",\"contentUrl\":\"https:\/\/www.mwm.net\/wp-content\/uploads\/2025\/11\/MWM-TCG-Range.jpg\",\"width\":1200,\"height\":630,\"caption\":\"MWM TCG Range\"},{\"@type\":\"BreadcrumbList\",\"@id\":\"https:\/\/www.mwm.net\/es\/motores-de-gas-grupos-electrogenos\/#breadcrumb\",\"itemListElement\":[{\"@type\":\"ListItem\",\"position\":1,\"name\":\"Home\",\"item\":\"https:\/\/www.mwm.net\/es\/\"},{\"@type\":\"ListItem\",\"position\":2,\"name\":\"Motores de gas \/ Grupos electr\u00f3genos\"}]},{\"@type\":\"WebSite\",\"@id\":\"https:\/\/www.mwm.net\/es\/#website\",\"url\":\"https:\/\/www.mwm.net\/es\/\",\"name\":\"MWM\",\"description\":\"\",\"publisher\":{\"@id\":\"https:\/\/www.mwm.net\/es\/#organization\"},\"potentialAction\":[{\"@type\":\"SearchAction\",\"target\":{\"@type\":\"EntryPoint\",\"urlTemplate\":\"https:\/\/www.mwm.net\/es\/?s={search_term_string}\"},\"query-input\":{\"@type\":\"PropertyValueSpecification\",\"valueRequired\":true,\"valueName\":\"search_term_string\"}}],\"inLanguage\":\"es\"},{\"@type\":\"Organization\",\"@id\":\"https:\/\/www.mwm.net\/es\/#organization\",\"name\":\"Caterpillar Energy Solutions GmbH\",\"url\":\"https:\/\/www.mwm.net\/es\/\",\"logo\":{\"@type\":\"ImageObject\",\"inLanguage\":\"es\",\"@id\":\"https:\/\/www.mwm.net\/es\/#\/schema\/logo\/image\/\",\"url\":\"https:\/\/www.mwm.net\/wp-content\/uploads\/2022\/02\/logo2.jpg\",\"contentUrl\":\"https:\/\/www.mwm.net\/wp-content\/uploads\/2022\/02\/logo2.jpg\",\"width\":260,\"height\":142,\"caption\":\"Caterpillar Energy Solutions GmbH\"},\"image\":{\"@id\":\"https:\/\/www.mwm.net\/es\/#\/schema\/logo\/image\/\"}}]}<\/script>\n<!-- \/ Yoast SEO Premium plugin. -->","yoast_head_json":{"title":"Motores de gas","description":"Motores de gas, grupos electr\u00f3genos, grupos electr\u00f3genos de biog\u00e1s y gas natural, generadores para el suministro de energ\u00eda descentralizada de MWM.","robots":{"index":"index","follow":"follow","max-snippet":"max-snippet:-1","max-image-preview":"max-image-preview:large","max-video-preview":"max-video-preview:-1"},"canonical":"https:\/\/www.mwm.net\/es\/motores-de-gas-grupos-electrogenos\/","og_locale":"es_ES","og_type":"article","og_title":"Motores de gas \/ Grupos electr\u00f3genos","og_description":"Motores de gas, grupos electr\u00f3genos, grupos electr\u00f3genos de biog\u00e1s y gas natural, generadores para el suministro de energ\u00eda descentralizada de MWM.","og_url":"https:\/\/www.mwm.net\/es\/motores-de-gas-grupos-electrogenos\/","og_site_name":"MWM","article_modified_time":"2026-02-03T11:31:14+00:00","og_image":[{"width":1200,"height":630,"url":"https:\/\/www.mwm.net\/wp-content\/uploads\/2025\/11\/MWM-TCG-Range.jpg","type":"image\/jpeg"}],"twitter_card":"summary_large_image","twitter_misc":{"Tiempo de lectura":"1 minuto"},"schema":{"@context":"https:\/\/schema.org","@graph":[{"@type":"WebPage","@id":"https:\/\/www.mwm.net\/es\/motores-de-gas-grupos-electrogenos\/","url":"https:\/\/www.mwm.net\/es\/motores-de-gas-grupos-electrogenos\/","name":"Motores de gas","isPartOf":{"@id":"https:\/\/www.mwm.net\/es\/#website"},"primaryImageOfPage":{"@id":"https:\/\/www.mwm.net\/es\/motores-de-gas-grupos-electrogenos\/#primaryimage"},"image":{"@id":"https:\/\/www.mwm.net\/es\/motores-de-gas-grupos-electrogenos\/#primaryimage"},"thumbnailUrl":"https:\/\/www.mwm.net\/wp-content\/uploads\/2025\/11\/MWM-TCG-Range.jpg","datePublished":"2021-03-24T16:47:25+00:00","dateModified":"2026-02-03T11:31:14+00:00","description":"Motores de gas, grupos electr\u00f3genos, grupos electr\u00f3genos de biog\u00e1s y gas natural, generadores para el suministro de energ\u00eda descentralizada de MWM.","breadcrumb":{"@id":"https:\/\/www.mwm.net\/es\/motores-de-gas-grupos-electrogenos\/#breadcrumb"},"inLanguage":"es","potentialAction":[{"@type":"ReadAction","target":["https:\/\/www.mwm.net\/es\/motores-de-gas-grupos-electrogenos\/"]}]},{"@type":"ImageObject","inLanguage":"es","@id":"https:\/\/www.mwm.net\/es\/motores-de-gas-grupos-electrogenos\/#primaryimage","url":"https:\/\/www.mwm.net\/wp-content\/uploads\/2025\/11\/MWM-TCG-Range.jpg","contentUrl":"https:\/\/www.mwm.net\/wp-content\/uploads\/2025\/11\/MWM-TCG-Range.jpg","width":1200,"height":630,"caption":"MWM TCG Range"},{"@type":"BreadcrumbList","@id":"https:\/\/www.mwm.net\/es\/motores-de-gas-grupos-electrogenos\/#breadcrumb","itemListElement":[{"@type":"ListItem","position":1,"name":"Home","item":"https:\/\/www.mwm.net\/es\/"},{"@type":"ListItem","position":2,"name":"Motores de gas \/ Grupos electr\u00f3genos"}]},{"@type":"WebSite","@id":"https:\/\/www.mwm.net\/es\/#website","url":"https:\/\/www.mwm.net\/es\/","name":"MWM","description":"","publisher":{"@id":"https:\/\/www.mwm.net\/es\/#organization"},"potentialAction":[{"@type":"SearchAction","target":{"@type":"EntryPoint","urlTemplate":"https:\/\/www.mwm.net\/es\/?s={search_term_string}"},"query-input":{"@type":"PropertyValueSpecification","valueRequired":true,"valueName":"search_term_string"}}],"inLanguage":"es"},{"@type":"Organization","@id":"https:\/\/www.mwm.net\/es\/#organization","name":"Caterpillar Energy Solutions GmbH","url":"https:\/\/www.mwm.net\/es\/","logo":{"@type":"ImageObject","inLanguage":"es","@id":"https:\/\/www.mwm.net\/es\/#\/schema\/logo\/image\/","url":"https:\/\/www.mwm.net\/wp-content\/uploads\/2022\/02\/logo2.jpg","contentUrl":"https:\/\/www.mwm.net\/wp-content\/uploads\/2022\/02\/logo2.jpg","width":260,"height":142,"caption":"Caterpillar Energy Solutions GmbH"},"image":{"@id":"https:\/\/www.mwm.net\/es\/#\/schema\/logo\/image\/"}}]}},"_links":{"self":[{"href":"https:\/\/www.mwm.net\/es\/wp-json\/wp\/v2\/pages\/103072","targetHints":{"allow":["GET"]}}],"collection":[{"href":"https:\/\/www.mwm.net\/es\/wp-json\/wp\/v2\/pages"}],"about":[{"href":"https:\/\/www.mwm.net\/es\/wp-json\/wp\/v2\/types\/page"}],"author":[{"embeddable":true,"href":"https:\/\/www.mwm.net\/es\/wp-json\/wp\/v2\/users\/1"}],"replies":[{"embeddable":true,"href":"https:\/\/www.mwm.net\/es\/wp-json\/wp\/v2\/comments?post=103072"}],"version-history":[{"count":6,"href":"https:\/\/www.mwm.net\/es\/wp-json\/wp\/v2\/pages\/103072\/revisions"}],"predecessor-version":[{"id":112046,"href":"https:\/\/www.mwm.net\/es\/wp-json\/wp\/v2\/pages\/103072\/revisions\/112046"}],"wp:featuredmedia":[{"embeddable":true,"href":"https:\/\/www.mwm.net\/es\/wp-json\/wp\/v2\/media\/111462"}],"wp:attachment":[{"href":"https:\/\/www.mwm.net\/es\/wp-json\/wp\/v2\/media?parent=103072"}],"wp:term":[{"taxonomy":"post_tag","embeddable":true,"href":"https:\/\/www.mwm.net\/es\/wp-json\/wp\/v2\/tags?post=103072"}],"curies":[{"name":"wp","href":"https:\/\/api.w.org\/{rel}","templated":true}]}}