{"id":103087,"date":"2021-03-25T18:14:20","date_gmt":"2021-03-25T18:14:20","guid":{"rendered":"https:\/\/www.mwm.net\/gas-applications\/"},"modified":"2024-11-28T11:42:13","modified_gmt":"2024-11-28T09:42:13","slug":"aplicaciones-de-gas","status":"publish","type":"page","link":"https:\/\/www.mwm.net\/es\/aplicaciones-de-gas\/","title":{"rendered":"Aplicaciones de gas"},"content":{"rendered":"<h2>Aplicaciones de gas MWM: Desarrolladas para el futuro. Construidas para su \u00e9xito.<\/h2>\n<div class=\"text_sec\">\n<p>MWM ofrece motores de gas y generadores de energ\u00eda para diferentes tipos de gas utilizados en diversas aplicaciones, como la generaci\u00f3n simultanea de calor y electricidad.<\/p>\n<h2>Siempre un paso adelante: tecnolog\u00edas clave para motores de alto rendimiento, eficientes y limpios.<\/h2>\n<p>La cartera de MWM se adapta perfectamente a los desaf\u00edos de un mercado din\u00e1mico. Nuestros motores de gas y grupos electr\u00f3genos, con una capacidad de 400 a 4.500 kW<sub>el<\/sub> (50 Hz), satisfacen los exigentes requisitos de una amplia gama de aplicaciones y garantizan eficiencia, fiabilidad, flexibilidad y sostenibilidad ambiental, junto a bajos costos de ciclo de vida y alta rentabilidad. <\/p>\n<p>Para la generaci\u00f3n de energ\u00eda distribuida, cubrimos un rango de potencia de entre 300 kW<sub>el<\/sub> y 100 MW<sub>el<\/sub> con nuestros grupos electr\u00f3genos.<\/p>\n<\/div>\n<div class=\"cntct_rght\"><a href=\"\/es\/contacto\/contacto-con-ventas\/\">contacto con ventas <br \/><b>Haga clic aqu\u00ed<\/b><\/a><\/div>\n<div class=\"sprtr\"><\/div>\n","protected":false},"excerpt":{"rendered":"<p>Aplicaciones de gas y soluciones energ\u00e9ticas MWM para plantas de cogeneraci\u00f3n<\/p>\n","protected":false},"author":1,"featured_media":103089,"parent":0,"menu_order":4,"comment_status":"closed","ping_status":"closed","template":"listing-template.php","meta":{"_acf_changed":false,"footnotes":""},"tags":[1431],"class_list":["post-103087","page","type-page","status-publish","has-post-thumbnail","hentry","tag-gas-applications-es"],"acf":[],"yoast_head":"<!-- This site is optimized with the Yoast SEO Premium plugin v27.2 (Yoast SEO v27.2) - https:\/\/yoast.com\/product\/yoast-seo-premium-wordpress\/ -->\n<title>Aplicaciones de gas<\/title>\n<meta name=\"description\" content=\"Aplicaciones de gas y soluciones energ\u00e9ticas MWM para plantas de cogeneraci\u00f3n\" \/>\n<meta name=\"robots\" content=\"index, follow, max-snippet:-1, max-image-preview:large, max-video-preview:-1\" \/>\n<link rel=\"canonical\" href=\"https:\/\/www.mwm.net\/es\/aplicaciones-de-gas\/\" \/>\n<meta property=\"og:locale\" content=\"es_ES\" \/>\n<meta property=\"og:type\" content=\"article\" \/>\n<meta property=\"og:title\" content=\"Aplicaciones de gas\" \/>\n<meta property=\"og:description\" content=\"Aplicaciones de gas y soluciones energ\u00e9ticas MWM para plantas de cogeneraci\u00f3n\" \/>\n<meta property=\"og:url\" content=\"https:\/\/www.mwm.net\/es\/aplicaciones-de-gas\/\" \/>\n<meta property=\"og:site_name\" content=\"MWM\" \/>\n<meta property=\"article:modified_time\" content=\"2024-11-28T09:42:13+00:00\" \/>\n<meta property=\"og:image\" content=\"https:\/\/www.mwm.net\/wp-content\/uploads\/2021\/04\/oeffentliche-versorger_kraftwerk-precision-energy-bangladesh.jpg\" \/>\n\t<meta property=\"og:image:width\" content=\"452\" \/>\n\t<meta property=\"og:image:height\" content=\"339\" \/>\n\t<meta property=\"og:image:type\" content=\"image\/jpeg\" \/>\n<meta name=\"twitter:card\" content=\"summary_large_image\" \/>\n<meta name=\"twitter:label1\" content=\"Tiempo de lectura\" \/>\n\t<meta name=\"twitter:data1\" content=\"1 minuto\" \/>\n<script type=\"application\/ld+json\" class=\"yoast-schema-graph\">{\"@context\":\"https:\/\/schema.org\",\"@graph\":[{\"@type\":\"WebPage\",\"@id\":\"https:\/\/www.mwm.net\/es\/aplicaciones-de-gas\/\",\"url\":\"https:\/\/www.mwm.net\/es\/aplicaciones-de-gas\/\",\"name\":\"Aplicaciones de gas\",\"isPartOf\":{\"@id\":\"https:\/\/www.mwm.net\/es\/#website\"},\"primaryImageOfPage\":{\"@id\":\"https:\/\/www.mwm.net\/es\/aplicaciones-de-gas\/#primaryimage\"},\"image\":{\"@id\":\"https:\/\/www.mwm.net\/es\/aplicaciones-de-gas\/#primaryimage\"},\"thumbnailUrl\":\"https:\/\/www.mwm.net\/wp-content\/uploads\/2021\/04\/oeffentliche-versorger_kraftwerk-precision-energy-bangladesh.jpg\",\"datePublished\":\"2021-03-25T18:14:20+00:00\",\"dateModified\":\"2024-11-28T09:42:13+00:00\",\"description\":\"Aplicaciones de gas y soluciones energ\u00e9ticas MWM para plantas de cogeneraci\u00f3n\",\"breadcrumb\":{\"@id\":\"https:\/\/www.mwm.net\/es\/aplicaciones-de-gas\/#breadcrumb\"},\"inLanguage\":\"es\",\"potentialAction\":[{\"@type\":\"ReadAction\",\"target\":[\"https:\/\/www.mwm.net\/es\/aplicaciones-de-gas\/\"]}]},{\"@type\":\"ImageObject\",\"inLanguage\":\"es\",\"@id\":\"https:\/\/www.mwm.net\/es\/aplicaciones-de-gas\/#primaryimage\",\"url\":\"https:\/\/www.mwm.net\/wp-content\/uploads\/2021\/04\/oeffentliche-versorger_kraftwerk-precision-energy-bangladesh.jpg\",\"contentUrl\":\"https:\/\/www.mwm.net\/wp-content\/uploads\/2021\/04\/oeffentliche-versorger_kraftwerk-precision-energy-bangladesh.jpg\",\"width\":452,\"height\":339},{\"@type\":\"BreadcrumbList\",\"@id\":\"https:\/\/www.mwm.net\/es\/aplicaciones-de-gas\/#breadcrumb\",\"itemListElement\":[{\"@type\":\"ListItem\",\"position\":1,\"name\":\"Home\",\"item\":\"https:\/\/www.mwm.net\/es\/\"},{\"@type\":\"ListItem\",\"position\":2,\"name\":\"Aplicaciones de gas\"}]},{\"@type\":\"WebSite\",\"@id\":\"https:\/\/www.mwm.net\/es\/#website\",\"url\":\"https:\/\/www.mwm.net\/es\/\",\"name\":\"MWM\",\"description\":\"\",\"publisher\":{\"@id\":\"https:\/\/www.mwm.net\/es\/#organization\"},\"potentialAction\":[{\"@type\":\"SearchAction\",\"target\":{\"@type\":\"EntryPoint\",\"urlTemplate\":\"https:\/\/www.mwm.net\/es\/?s={search_term_string}\"},\"query-input\":{\"@type\":\"PropertyValueSpecification\",\"valueRequired\":true,\"valueName\":\"search_term_string\"}}],\"inLanguage\":\"es\"},{\"@type\":\"Organization\",\"@id\":\"https:\/\/www.mwm.net\/es\/#organization\",\"name\":\"Caterpillar Energy Solutions GmbH\",\"url\":\"https:\/\/www.mwm.net\/es\/\",\"logo\":{\"@type\":\"ImageObject\",\"inLanguage\":\"es\",\"@id\":\"https:\/\/www.mwm.net\/es\/#\/schema\/logo\/image\/\",\"url\":\"https:\/\/www.mwm.net\/wp-content\/uploads\/2022\/02\/logo2.jpg\",\"contentUrl\":\"https:\/\/www.mwm.net\/wp-content\/uploads\/2022\/02\/logo2.jpg\",\"width\":260,\"height\":142,\"caption\":\"Caterpillar Energy Solutions GmbH\"},\"image\":{\"@id\":\"https:\/\/www.mwm.net\/es\/#\/schema\/logo\/image\/\"}}]}<\/script>\n<!-- \/ Yoast SEO Premium plugin. -->","yoast_head_json":{"title":"Aplicaciones de gas","description":"Aplicaciones de gas y soluciones energ\u00e9ticas MWM para plantas de cogeneraci\u00f3n","robots":{"index":"index","follow":"follow","max-snippet":"max-snippet:-1","max-image-preview":"max-image-preview:large","max-video-preview":"max-video-preview:-1"},"canonical":"https:\/\/www.mwm.net\/es\/aplicaciones-de-gas\/","og_locale":"es_ES","og_type":"article","og_title":"Aplicaciones de gas","og_description":"Aplicaciones de gas y soluciones energ\u00e9ticas MWM para plantas de cogeneraci\u00f3n","og_url":"https:\/\/www.mwm.net\/es\/aplicaciones-de-gas\/","og_site_name":"MWM","article_modified_time":"2024-11-28T09:42:13+00:00","og_image":[{"width":452,"height":339,"url":"https:\/\/www.mwm.net\/wp-content\/uploads\/2021\/04\/oeffentliche-versorger_kraftwerk-precision-energy-bangladesh.jpg","type":"image\/jpeg"}],"twitter_card":"summary_large_image","twitter_misc":{"Tiempo de lectura":"1 minuto"},"schema":{"@context":"https:\/\/schema.org","@graph":[{"@type":"WebPage","@id":"https:\/\/www.mwm.net\/es\/aplicaciones-de-gas\/","url":"https:\/\/www.mwm.net\/es\/aplicaciones-de-gas\/","name":"Aplicaciones de gas","isPartOf":{"@id":"https:\/\/www.mwm.net\/es\/#website"},"primaryImageOfPage":{"@id":"https:\/\/www.mwm.net\/es\/aplicaciones-de-gas\/#primaryimage"},"image":{"@id":"https:\/\/www.mwm.net\/es\/aplicaciones-de-gas\/#primaryimage"},"thumbnailUrl":"https:\/\/www.mwm.net\/wp-content\/uploads\/2021\/04\/oeffentliche-versorger_kraftwerk-precision-energy-bangladesh.jpg","datePublished":"2021-03-25T18:14:20+00:00","dateModified":"2024-11-28T09:42:13+00:00","description":"Aplicaciones de gas y soluciones energ\u00e9ticas MWM para plantas de cogeneraci\u00f3n","breadcrumb":{"@id":"https:\/\/www.mwm.net\/es\/aplicaciones-de-gas\/#breadcrumb"},"inLanguage":"es","potentialAction":[{"@type":"ReadAction","target":["https:\/\/www.mwm.net\/es\/aplicaciones-de-gas\/"]}]},{"@type":"ImageObject","inLanguage":"es","@id":"https:\/\/www.mwm.net\/es\/aplicaciones-de-gas\/#primaryimage","url":"https:\/\/www.mwm.net\/wp-content\/uploads\/2021\/04\/oeffentliche-versorger_kraftwerk-precision-energy-bangladesh.jpg","contentUrl":"https:\/\/www.mwm.net\/wp-content\/uploads\/2021\/04\/oeffentliche-versorger_kraftwerk-precision-energy-bangladesh.jpg","width":452,"height":339},{"@type":"BreadcrumbList","@id":"https:\/\/www.mwm.net\/es\/aplicaciones-de-gas\/#breadcrumb","itemListElement":[{"@type":"ListItem","position":1,"name":"Home","item":"https:\/\/www.mwm.net\/es\/"},{"@type":"ListItem","position":2,"name":"Aplicaciones de gas"}]},{"@type":"WebSite","@id":"https:\/\/www.mwm.net\/es\/#website","url":"https:\/\/www.mwm.net\/es\/","name":"MWM","description":"","publisher":{"@id":"https:\/\/www.mwm.net\/es\/#organization"},"potentialAction":[{"@type":"SearchAction","target":{"@type":"EntryPoint","urlTemplate":"https:\/\/www.mwm.net\/es\/?s={search_term_string}"},"query-input":{"@type":"PropertyValueSpecification","valueRequired":true,"valueName":"search_term_string"}}],"inLanguage":"es"},{"@type":"Organization","@id":"https:\/\/www.mwm.net\/es\/#organization","name":"Caterpillar Energy Solutions GmbH","url":"https:\/\/www.mwm.net\/es\/","logo":{"@type":"ImageObject","inLanguage":"es","@id":"https:\/\/www.mwm.net\/es\/#\/schema\/logo\/image\/","url":"https:\/\/www.mwm.net\/wp-content\/uploads\/2022\/02\/logo2.jpg","contentUrl":"https:\/\/www.mwm.net\/wp-content\/uploads\/2022\/02\/logo2.jpg","width":260,"height":142,"caption":"Caterpillar Energy Solutions GmbH"},"image":{"@id":"https:\/\/www.mwm.net\/es\/#\/schema\/logo\/image\/"}}]}},"_links":{"self":[{"href":"https:\/\/www.mwm.net\/es\/wp-json\/wp\/v2\/pages\/103087","targetHints":{"allow":["GET"]}}],"collection":[{"href":"https:\/\/www.mwm.net\/es\/wp-json\/wp\/v2\/pages"}],"about":[{"href":"https:\/\/www.mwm.net\/es\/wp-json\/wp\/v2\/types\/page"}],"author":[{"embeddable":true,"href":"https:\/\/www.mwm.net\/es\/wp-json\/wp\/v2\/users\/1"}],"replies":[{"embeddable":true,"href":"https:\/\/www.mwm.net\/es\/wp-json\/wp\/v2\/comments?post=103087"}],"version-history":[{"count":5,"href":"https:\/\/www.mwm.net\/es\/wp-json\/wp\/v2\/pages\/103087\/revisions"}],"predecessor-version":[{"id":106145,"href":"https:\/\/www.mwm.net\/es\/wp-json\/wp\/v2\/pages\/103087\/revisions\/106145"}],"wp:featuredmedia":[{"embeddable":true,"href":"https:\/\/www.mwm.net\/es\/wp-json\/wp\/v2\/media\/103089"}],"wp:attachment":[{"href":"https:\/\/www.mwm.net\/es\/wp-json\/wp\/v2\/media?parent=103087"}],"wp:term":[{"taxonomy":"post_tag","embeddable":true,"href":"https:\/\/www.mwm.net\/es\/wp-json\/wp\/v2\/tags?post=103087"}],"curies":[{"name":"wp","href":"https:\/\/api.w.org\/{rel}","templated":true}]}}