{"id":104891,"date":"2021-03-25T12:42:04","date_gmt":"2021-03-25T12:42:04","guid":{"rendered":"https:\/\/www.mwm.net\/imprint\/"},"modified":"2026-02-05T17:05:27","modified_gmt":"2026-02-05T15:05:27","slug":"pie-de-imprenta","status":"publish","type":"page","link":"https:\/\/www.mwm.net\/es\/pie-de-imprenta\/","title":{"rendered":"Pie de imprenta"},"content":{"rendered":"<p><strong>Caterpillar Energy Solutions GmbH<\/strong><br \/>\nCarl-Benz-Strasse 1<br \/>\n68167 Mannheim<br \/>\nAlemania<br \/>\nT +49 6 21\/3 84 &#8211; 0<br \/>\nF +49 6 21\/3 84 &#8211; 88 00<br \/>\nE <a title=\"click for email\" href=\"mailto:info@mwm.net\">info@mwm.net<\/a><\/p>\n<p><strong>Nombre de los directores con poder de representaci\u00f3n:<\/strong><br \/>\nJohan Masse<br \/>\nPeter K\u00f6rner<br \/>\nGunter Steinmann<\/p>\n<p><strong>Presidente del Consejo de Supervisi\u00f3n:<\/strong><br \/>\nJoel Feucht<\/p>\n<p>Domicilio social y tribunal de registro de Mannheim, HRB 703305<br \/>\nNIF: DE 814892910<\/p>\n<p><strong>Responsable de contenidos:<\/strong><br \/>\nFrank Fuhrmann<br \/>\nConsultor de comunicaciones\/Promoci\u00f3n de la marca MWM<br \/>\nMiembro de DPV\/Asociaci\u00f3n de Prensa Alemana<br \/>\nT +49 6 21\/48 18 35 16<br \/>\nE <a title=\"click for email\" href=\"mailto:frank.fuhrmann@cat.com\">frank.fuhrmann@cat.com<\/a><\/p>\n<p><strong>Responsable del tratamiento de datos<\/strong><br \/>\nEl responsable del tratamiento de datos personales es:<br \/>\nCaterpillar Energy Solutions GmbH<\/p>\n<p><strong>Implementaci\u00f3n de este sitio web:<\/strong><\/p>\n<ul>\n<li><span style=\"font-weight: bold;\">BRAND<\/span>CONTRAST, concepto e implementaci\u00f3n, <a href=\"http:\/\/www.brandcontrast.de\/\" target=\"_blank\" rel=\"noopener\">www.brandcontrast.de<\/a><\/li>\n<li>Intelego, programaci\u00f3n, <a href=\"https:\/\/www.intelego.net\" target=\"_blank\" rel=\"noopener\">www.intelego.net<\/a><\/li>\n<\/ul>\n<p>&nbsp;<\/p>\n<h2>Aviso legal<\/h2>\n<p>Caterpillar Energy Solutions GmbH revisa y actualiza continuamente la informaci\u00f3n de sus sitios web. A pesar de todo el debido cuidado, es posible que los datos hayan cambiado mientras tanto. Por lo tanto, no se asume ninguna responsabilidad ni garant\u00eda por la actualidad, exactitud e integridad de la informaci\u00f3n proporcionada. Lo mismo se aplica a todos los sitios web a los que se hace referencia a trav\u00e9s de hiperv\u00ednculos. La responsabilidad exclusiva del contenido de las p\u00e1ginas enlazadas recae en sus operadores. Adem\u00e1s, Caterpillar Energy Solutions GmbH se reserva el derecho de realizar cambios o adiciones a la informaci\u00f3n proporcionada sin previo aviso. El contenido de los sitios web de Caterpillar Energy Solutions GmbH est\u00e1 protegido por derechos de autor. El uso de textos o im\u00e1genes est\u00e1 sujeto al consentimiento previo de Caterpillar Energy Solutions GmbH.<br \/>\n&nbsp;<\/p>\n<h2>Informaci\u00f3n adicional<\/h2>\n<p>No estamos obligados a participar, ni participaremos, en un procedimiento de resoluci\u00f3n de litigios ante un \u00f3rgano de arbitraje para consumidores en el sentido de la Ley Federal de Resoluci\u00f3n de Litigios para Consumidores.<br \/>\n&nbsp;<\/p>\n<h2>Photo credit<\/h2>\n<p>P\u00e1gina <a href=\"https:\/\/www.mwm.net\/en\/news\/news-press-releases\/\">Noticias<\/a> \u2013 imagen V\u00eddeos: <a href=\"https:\/\/unsplash.com\/photos\/dWYjy9zIiF8\" target=\"_blank\" rel=\"noopener nofollow\">Anika Mikkelson \/ Unsplash<\/a><\/p>\n<p>P\u00e1gina <a href=\"https:\/\/www.mwm.net\/en\/news\/news-press-releases\/\">Noticias<\/a> \u2013 imagen Eventos: <a href=\"https:\/\/unsplash.com\/photos\/EVgsAbL51Rk\" target=\"_blank\" rel=\"noopener nofollow\">Stem List \/ Unsplash<\/a><\/p>\n<p>P\u00e1gina <a href=\"https:\/\/www.mwm.net\/en\/news\/news-press-releases\/\">Noticias<\/a> \u2013 imagen Lista de correo de medios de comunicaci\u00f3n: <a href=\"https:\/\/unsplash.com\/photos\/iIJrUoeRoCQ\" target=\"_blank\" rel=\"noopener nofollow\"> Philipp Katzenberger \/ Unsplash<\/a><\/p>\n<p>P\u00e1gina <a href=\"https:\/\/www.mwm.net\/en\/news\/news-press-releases\/\">Noticias<\/a> \u2013 imagen Contacto con medios de comunicaci\u00f3n: <a href=\"https:\/\/unsplash.com\/photos\/WYd_PkCa1BY\" target=\"_blank\" rel=\"noopener nofollow\"> AbsolutVision \/ Unsplash<\/a><\/p>\n<p>P\u00e1gina <a href=\"https:\/\/www.mwm.net\/en\/gas-expertise\/gas-solutions\/\">Soluciones de gas<\/a> y p\u00e1gina <a href=\"https:\/\/www.mwm.net\/en\/gas-expertise\/gas-solutions\/coal-mine-gas\/\">Gas de mina<\/a> \u2013 imagen Gas de mina de carb\u00f3n: <a href=\"https:\/\/stock.adobe.com\/de\/contributor\/203618715\/grenzland-foto?load_type=author&amp;prev_url=detail\" target=\"_blank\" rel=\"noopener nofollow\">Grenzland-Foto \/ fotolia<\/a><\/p>\n<p>P\u00e1gina <a href=\"https:\/\/www.mwm.net\/en\/gas-expertise\/gas-solutions\/\">Soluciones de gas<\/a> y p\u00e1gina <a href=\"https:\/\/www.mwm.net\/en\/gas-expertise\/gas-solutions\/associated-petroleum-gas-apg\/\">Gas asociado al petr\u00f3leo (GAP)<\/a> \u2013 imagen Gas asociado al petr\u00f3leo: <a href=\"https:\/\/stock.adobe.com\/de\/images\/gas-or-flare-burn-on-offshore-platform\/64601648?as_campaign=ftmigration2&amp;as_channel=dpcft&amp;as_campclass=brand&amp;as_source=ft_web&amp;as_camptype=acquisition&amp;as_audience=users&amp;as_content=closure_asset-detail-page\" target=\"_blank\" rel=\"noopener nofollow\">corlaffra \/ fotolia<\/a><\/p>\n<p><strong>Puede encontrar m\u00e1s derechos de autor en las p\u00e1ginas individuales que utilizan las im\u00e1genes respectivas.<\/strong><\/p>\n","protected":false},"excerpt":{"rendered":"<p>Caterpillar Energy Solutions GmbH Carl-Benz-Strasse 1 68167 Mannheim Alemania T +49 6 21\/3 84 &#8211; 0 F +49 6 21\/3 84 &#8211; 88 00 E<\/p>\n","protected":false},"author":1,"featured_media":103145,"parent":0,"menu_order":83,"comment_status":"closed","ping_status":"closed","template":"page-sidebar-template.php","meta":{"_acf_changed":false,"footnotes":""},"tags":[],"class_list":["post-104891","page","type-page","status-publish","has-post-thumbnail","hentry"],"acf":[],"yoast_head":"<!-- This site is optimized with the Yoast SEO Premium plugin v27.2 (Yoast SEO v27.2) - https:\/\/yoast.com\/product\/yoast-seo-premium-wordpress\/ -->\n<title>Pie de imprenta<\/title>\n<meta name=\"robots\" content=\"index, follow, max-snippet:-1, max-image-preview:large, max-video-preview:-1\" \/>\n<link rel=\"canonical\" href=\"https:\/\/www.mwm.net\/es\/pie-de-imprenta\/\" \/>\n<meta property=\"og:locale\" content=\"es_ES\" \/>\n<meta property=\"og:type\" content=\"article\" \/>\n<meta property=\"og:title\" content=\"Pie de imprenta\" \/>\n<meta property=\"og:description\" content=\"Caterpillar Energy Solutions GmbH Carl-Benz-Strasse 1 68167 Mannheim Alemania T +49 6 21\/3 84 &#8211; 0 F +49 6 21\/3 84 &#8211; 88 00 E\" \/>\n<meta property=\"og:url\" content=\"https:\/\/www.mwm.net\/es\/pie-de-imprenta\/\" \/>\n<meta property=\"og:site_name\" content=\"MWM\" \/>\n<meta property=\"article:modified_time\" content=\"2026-02-05T15:05:27+00:00\" \/>\n<meta property=\"og:image\" content=\"https:\/\/www.mwm.net\/wp-content\/uploads\/2021\/03\/ft-image-page.jpg\" \/>\n\t<meta property=\"og:image:width\" content=\"355\" \/>\n\t<meta property=\"og:image:height\" content=\"235\" \/>\n\t<meta property=\"og:image:type\" content=\"image\/jpeg\" \/>\n<meta name=\"twitter:card\" content=\"summary_large_image\" \/>\n<meta name=\"twitter:label1\" content=\"Tiempo de lectura\" \/>\n\t<meta name=\"twitter:data1\" content=\"3 minutos\" \/>\n<script type=\"application\/ld+json\" class=\"yoast-schema-graph\">{\"@context\":\"https:\/\/schema.org\",\"@graph\":[{\"@type\":\"WebPage\",\"@id\":\"https:\/\/www.mwm.net\/es\/pie-de-imprenta\/\",\"url\":\"https:\/\/www.mwm.net\/es\/pie-de-imprenta\/\",\"name\":\"Pie de imprenta\",\"isPartOf\":{\"@id\":\"https:\/\/www.mwm.net\/es\/#website\"},\"primaryImageOfPage\":{\"@id\":\"https:\/\/www.mwm.net\/es\/pie-de-imprenta\/#primaryimage\"},\"image\":{\"@id\":\"https:\/\/www.mwm.net\/es\/pie-de-imprenta\/#primaryimage\"},\"thumbnailUrl\":\"https:\/\/www.mwm.net\/wp-content\/uploads\/2021\/03\/ft-image-page.jpg\",\"datePublished\":\"2021-03-25T12:42:04+00:00\",\"dateModified\":\"2026-02-05T15:05:27+00:00\",\"breadcrumb\":{\"@id\":\"https:\/\/www.mwm.net\/es\/pie-de-imprenta\/#breadcrumb\"},\"inLanguage\":\"es\",\"potentialAction\":[{\"@type\":\"ReadAction\",\"target\":[\"https:\/\/www.mwm.net\/es\/pie-de-imprenta\/\"]}]},{\"@type\":\"ImageObject\",\"inLanguage\":\"es\",\"@id\":\"https:\/\/www.mwm.net\/es\/pie-de-imprenta\/#primaryimage\",\"url\":\"https:\/\/www.mwm.net\/wp-content\/uploads\/2021\/03\/ft-image-page.jpg\",\"contentUrl\":\"https:\/\/www.mwm.net\/wp-content\/uploads\/2021\/03\/ft-image-page.jpg\",\"width\":355,\"height\":235},{\"@type\":\"BreadcrumbList\",\"@id\":\"https:\/\/www.mwm.net\/es\/pie-de-imprenta\/#breadcrumb\",\"itemListElement\":[{\"@type\":\"ListItem\",\"position\":1,\"name\":\"Home\",\"item\":\"https:\/\/www.mwm.net\/es\/\"},{\"@type\":\"ListItem\",\"position\":2,\"name\":\"Pie de imprenta\"}]},{\"@type\":\"WebSite\",\"@id\":\"https:\/\/www.mwm.net\/es\/#website\",\"url\":\"https:\/\/www.mwm.net\/es\/\",\"name\":\"MWM\",\"description\":\"\",\"publisher\":{\"@id\":\"https:\/\/www.mwm.net\/es\/#organization\"},\"potentialAction\":[{\"@type\":\"SearchAction\",\"target\":{\"@type\":\"EntryPoint\",\"urlTemplate\":\"https:\/\/www.mwm.net\/es\/?s={search_term_string}\"},\"query-input\":{\"@type\":\"PropertyValueSpecification\",\"valueRequired\":true,\"valueName\":\"search_term_string\"}}],\"inLanguage\":\"es\"},{\"@type\":\"Organization\",\"@id\":\"https:\/\/www.mwm.net\/es\/#organization\",\"name\":\"Caterpillar Energy Solutions GmbH\",\"url\":\"https:\/\/www.mwm.net\/es\/\",\"logo\":{\"@type\":\"ImageObject\",\"inLanguage\":\"es\",\"@id\":\"https:\/\/www.mwm.net\/es\/#\/schema\/logo\/image\/\",\"url\":\"https:\/\/www.mwm.net\/wp-content\/uploads\/2022\/02\/logo2.jpg\",\"contentUrl\":\"https:\/\/www.mwm.net\/wp-content\/uploads\/2022\/02\/logo2.jpg\",\"width\":260,\"height\":142,\"caption\":\"Caterpillar Energy Solutions GmbH\"},\"image\":{\"@id\":\"https:\/\/www.mwm.net\/es\/#\/schema\/logo\/image\/\"}}]}<\/script>\n<!-- \/ Yoast SEO Premium plugin. -->","yoast_head_json":{"title":"Pie de imprenta","robots":{"index":"index","follow":"follow","max-snippet":"max-snippet:-1","max-image-preview":"max-image-preview:large","max-video-preview":"max-video-preview:-1"},"canonical":"https:\/\/www.mwm.net\/es\/pie-de-imprenta\/","og_locale":"es_ES","og_type":"article","og_title":"Pie de imprenta","og_description":"Caterpillar Energy Solutions GmbH Carl-Benz-Strasse 1 68167 Mannheim Alemania T +49 6 21\/3 84 &#8211; 0 F +49 6 21\/3 84 &#8211; 88 00 E","og_url":"https:\/\/www.mwm.net\/es\/pie-de-imprenta\/","og_site_name":"MWM","article_modified_time":"2026-02-05T15:05:27+00:00","og_image":[{"width":355,"height":235,"url":"https:\/\/www.mwm.net\/wp-content\/uploads\/2021\/03\/ft-image-page.jpg","type":"image\/jpeg"}],"twitter_card":"summary_large_image","twitter_misc":{"Tiempo de lectura":"3 minutos"},"schema":{"@context":"https:\/\/schema.org","@graph":[{"@type":"WebPage","@id":"https:\/\/www.mwm.net\/es\/pie-de-imprenta\/","url":"https:\/\/www.mwm.net\/es\/pie-de-imprenta\/","name":"Pie de imprenta","isPartOf":{"@id":"https:\/\/www.mwm.net\/es\/#website"},"primaryImageOfPage":{"@id":"https:\/\/www.mwm.net\/es\/pie-de-imprenta\/#primaryimage"},"image":{"@id":"https:\/\/www.mwm.net\/es\/pie-de-imprenta\/#primaryimage"},"thumbnailUrl":"https:\/\/www.mwm.net\/wp-content\/uploads\/2021\/03\/ft-image-page.jpg","datePublished":"2021-03-25T12:42:04+00:00","dateModified":"2026-02-05T15:05:27+00:00","breadcrumb":{"@id":"https:\/\/www.mwm.net\/es\/pie-de-imprenta\/#breadcrumb"},"inLanguage":"es","potentialAction":[{"@type":"ReadAction","target":["https:\/\/www.mwm.net\/es\/pie-de-imprenta\/"]}]},{"@type":"ImageObject","inLanguage":"es","@id":"https:\/\/www.mwm.net\/es\/pie-de-imprenta\/#primaryimage","url":"https:\/\/www.mwm.net\/wp-content\/uploads\/2021\/03\/ft-image-page.jpg","contentUrl":"https:\/\/www.mwm.net\/wp-content\/uploads\/2021\/03\/ft-image-page.jpg","width":355,"height":235},{"@type":"BreadcrumbList","@id":"https:\/\/www.mwm.net\/es\/pie-de-imprenta\/#breadcrumb","itemListElement":[{"@type":"ListItem","position":1,"name":"Home","item":"https:\/\/www.mwm.net\/es\/"},{"@type":"ListItem","position":2,"name":"Pie de imprenta"}]},{"@type":"WebSite","@id":"https:\/\/www.mwm.net\/es\/#website","url":"https:\/\/www.mwm.net\/es\/","name":"MWM","description":"","publisher":{"@id":"https:\/\/www.mwm.net\/es\/#organization"},"potentialAction":[{"@type":"SearchAction","target":{"@type":"EntryPoint","urlTemplate":"https:\/\/www.mwm.net\/es\/?s={search_term_string}"},"query-input":{"@type":"PropertyValueSpecification","valueRequired":true,"valueName":"search_term_string"}}],"inLanguage":"es"},{"@type":"Organization","@id":"https:\/\/www.mwm.net\/es\/#organization","name":"Caterpillar Energy Solutions GmbH","url":"https:\/\/www.mwm.net\/es\/","logo":{"@type":"ImageObject","inLanguage":"es","@id":"https:\/\/www.mwm.net\/es\/#\/schema\/logo\/image\/","url":"https:\/\/www.mwm.net\/wp-content\/uploads\/2022\/02\/logo2.jpg","contentUrl":"https:\/\/www.mwm.net\/wp-content\/uploads\/2022\/02\/logo2.jpg","width":260,"height":142,"caption":"Caterpillar Energy Solutions GmbH"},"image":{"@id":"https:\/\/www.mwm.net\/es\/#\/schema\/logo\/image\/"}}]}},"_links":{"self":[{"href":"https:\/\/www.mwm.net\/es\/wp-json\/wp\/v2\/pages\/104891","targetHints":{"allow":["GET"]}}],"collection":[{"href":"https:\/\/www.mwm.net\/es\/wp-json\/wp\/v2\/pages"}],"about":[{"href":"https:\/\/www.mwm.net\/es\/wp-json\/wp\/v2\/types\/page"}],"author":[{"embeddable":true,"href":"https:\/\/www.mwm.net\/es\/wp-json\/wp\/v2\/users\/1"}],"replies":[{"embeddable":true,"href":"https:\/\/www.mwm.net\/es\/wp-json\/wp\/v2\/comments?post=104891"}],"version-history":[{"count":6,"href":"https:\/\/www.mwm.net\/es\/wp-json\/wp\/v2\/pages\/104891\/revisions"}],"predecessor-version":[{"id":112075,"href":"https:\/\/www.mwm.net\/es\/wp-json\/wp\/v2\/pages\/104891\/revisions\/112075"}],"wp:featuredmedia":[{"embeddable":true,"href":"https:\/\/www.mwm.net\/es\/wp-json\/wp\/v2\/media\/103145"}],"wp:attachment":[{"href":"https:\/\/www.mwm.net\/es\/wp-json\/wp\/v2\/media?parent=104891"}],"wp:term":[{"taxonomy":"post_tag","embeddable":true,"href":"https:\/\/www.mwm.net\/es\/wp-json\/wp\/v2\/tags?post=104891"}],"curies":[{"name":"wp","href":"https:\/\/api.w.org\/{rel}","templated":true}]}}