{"id":104893,"date":"2021-03-25T19:10:12","date_gmt":"2021-03-25T19:10:12","guid":{"rendered":"https:\/\/www.mwm.net\/disclaimer\/"},"modified":"2024-11-28T12:06:27","modified_gmt":"2024-11-28T10:06:27","slug":"avisos-legales","status":"publish","type":"page","link":"https:\/\/www.mwm.net\/es\/avisos-legales\/","title":{"rendered":"Avisos legales"},"content":{"rendered":"<h2>Responsabilidad por el contenido<\/h2>\n<p>Los contenidos de nuestras p\u00e1ginas han sido elaborados con sumo cuidado. Sin embargo, no podemos garantizar que sean correctos, completos y actuales. El art\u00edculo 7 (1) de la Ley alemana de medios de comunicaci\u00f3n (TMG) establece que, como proveedores de servicios, somos responsables de nuestros propios contenidos en estas p\u00e1ginas de acuerdo con las leyes generales. Sin embargo, los art\u00edculos 8 a 10 de la Ley alemana de medios de comunicaci\u00f3n (TMG) establecen que, como proveedores de servicios, no estamos obligados a controlar la informaci\u00f3n de terceros transmitida o almacenada ni a investigar circunstancias que impliquen actividades ilegales. Esto no afecta a las obligaciones de eliminar o bloquear el uso de la informaci\u00f3n de acuerdo con las leyes generales. Sin embargo, la responsabilidad por ello solo es posible a partir del momento en que se tiene conocimiento de una infracci\u00f3n concreta. Si se tiene conocimiento de tales infracciones, eliminaremos dichos contenidos de inmediato.<\/p>\n<h2>Responsabilidad por los enlaces<\/h2>\n<p>Nuestro sitio web contiene enlaces a p\u00e1ginas web externas de terceros sobre cuyos contenidos no tenemos influencia. Por lo tanto, no podemos asumir ninguna responsabilidad por dichos contenidos de terceros. El respectivo proveedor u operador es responsable del contenido de las p\u00e1ginas enlazadas. Las p\u00e1ginas enlazadas se revisaron para detectar posibles infracciones cuando se establecieron los enlaces. En ese momento no se detectaron contenidos ilegales. Sin embargo, no cabe esperar razonablemente un control permanente del contenido de las p\u00e1ginas enlazadas, a menos que existan indicios concretos de infracci\u00f3n. Si se detectan infracciones, eliminaremos dichos enlaces de inmediato.<\/p>\n<h2>Derechos de autor<\/h2>\n<p>Los contenidos y materiales de estas p\u00e1ginas, creados por el operador del sitio, est\u00e1n sujetos a la ley alemana de derechos de autor. La reproducci\u00f3n, el procesamiento, la distribuci\u00f3n y cualquier tipo de uso fuera de los l\u00edmites de los derechos de autor requieren el consentimiento por escrito de su respectivo autor o creador. Las descargas y copias de este sitio solo est\u00e1n permitidas para uso privado y no comercial. En el caso de contenidos de este sitio que no hayan sido creados por el operador, se respetar\u00e1n los derechos de autor de terceros. Los contenidos de terceros se identificar\u00e1n expl\u00edcitamente como tales. Si a\u00fan as\u00ed detecta una infracci\u00f3n de los derechos de autor, le agradecer\u00edamos que nos lo comunicara. Si se detectan infracciones, eliminaremos dichos contenidos de inmediato.<\/p>\n","protected":false},"excerpt":{"rendered":"<p>Responsabilidad por el contenido Los contenidos de nuestras p\u00e1ginas han sido elaborados con sumo cuidado. Sin embargo, no podemos garantizar que sean correctos, completos y<\/p>\n","protected":false},"author":1,"featured_media":0,"parent":0,"menu_order":85,"comment_status":"closed","ping_status":"closed","template":"page-sidebar-template.php","meta":{"_acf_changed":false,"footnotes":""},"tags":[],"class_list":["post-104893","page","type-page","status-publish","hentry"],"acf":[],"yoast_head":"<!-- This site is optimized with the Yoast SEO Premium plugin v27.2 (Yoast SEO v27.2) - https:\/\/yoast.com\/product\/yoast-seo-premium-wordpress\/ -->\n<title>Disclaimer<\/title>\n<meta name=\"robots\" content=\"index, follow, max-snippet:-1, max-image-preview:large, max-video-preview:-1\" \/>\n<link rel=\"canonical\" href=\"https:\/\/www.mwm.net\/es\/avisos-legales\/\" \/>\n<meta property=\"og:locale\" content=\"es_ES\" \/>\n<meta property=\"og:type\" content=\"article\" \/>\n<meta property=\"og:title\" content=\"Avisos legales\" \/>\n<meta property=\"og:description\" content=\"Responsabilidad por el contenido Los contenidos de nuestras p\u00e1ginas han sido elaborados con sumo cuidado. Sin embargo, no podemos garantizar que sean correctos, completos y\" \/>\n<meta property=\"og:url\" content=\"https:\/\/www.mwm.net\/es\/avisos-legales\/\" \/>\n<meta property=\"og:site_name\" content=\"MWM\" \/>\n<meta property=\"article:modified_time\" content=\"2024-11-28T10:06:27+00:00\" \/>\n<meta name=\"twitter:card\" content=\"summary_large_image\" \/>\n<meta name=\"twitter:label1\" content=\"Tiempo de lectura\" \/>\n\t<meta name=\"twitter:data1\" content=\"3 minutos\" \/>\n<script type=\"application\/ld+json\" class=\"yoast-schema-graph\">{\"@context\":\"https:\/\/schema.org\",\"@graph\":[{\"@type\":\"WebPage\",\"@id\":\"https:\/\/www.mwm.net\/es\/avisos-legales\/\",\"url\":\"https:\/\/www.mwm.net\/es\/avisos-legales\/\",\"name\":\"Disclaimer\",\"isPartOf\":{\"@id\":\"https:\/\/www.mwm.net\/es\/#website\"},\"datePublished\":\"2021-03-25T19:10:12+00:00\",\"dateModified\":\"2024-11-28T10:06:27+00:00\",\"breadcrumb\":{\"@id\":\"https:\/\/www.mwm.net\/es\/avisos-legales\/#breadcrumb\"},\"inLanguage\":\"es\",\"potentialAction\":[{\"@type\":\"ReadAction\",\"target\":[\"https:\/\/www.mwm.net\/es\/avisos-legales\/\"]}]},{\"@type\":\"BreadcrumbList\",\"@id\":\"https:\/\/www.mwm.net\/es\/avisos-legales\/#breadcrumb\",\"itemListElement\":[{\"@type\":\"ListItem\",\"position\":1,\"name\":\"Home\",\"item\":\"https:\/\/www.mwm.net\/es\/\"},{\"@type\":\"ListItem\",\"position\":2,\"name\":\"Avisos legales\"}]},{\"@type\":\"WebSite\",\"@id\":\"https:\/\/www.mwm.net\/es\/#website\",\"url\":\"https:\/\/www.mwm.net\/es\/\",\"name\":\"MWM\",\"description\":\"\",\"publisher\":{\"@id\":\"https:\/\/www.mwm.net\/es\/#organization\"},\"potentialAction\":[{\"@type\":\"SearchAction\",\"target\":{\"@type\":\"EntryPoint\",\"urlTemplate\":\"https:\/\/www.mwm.net\/es\/?s={search_term_string}\"},\"query-input\":{\"@type\":\"PropertyValueSpecification\",\"valueRequired\":true,\"valueName\":\"search_term_string\"}}],\"inLanguage\":\"es\"},{\"@type\":\"Organization\",\"@id\":\"https:\/\/www.mwm.net\/es\/#organization\",\"name\":\"Caterpillar Energy Solutions GmbH\",\"url\":\"https:\/\/www.mwm.net\/es\/\",\"logo\":{\"@type\":\"ImageObject\",\"inLanguage\":\"es\",\"@id\":\"https:\/\/www.mwm.net\/es\/#\/schema\/logo\/image\/\",\"url\":\"https:\/\/www.mwm.net\/wp-content\/uploads\/2022\/02\/logo2.jpg\",\"contentUrl\":\"https:\/\/www.mwm.net\/wp-content\/uploads\/2022\/02\/logo2.jpg\",\"width\":260,\"height\":142,\"caption\":\"Caterpillar Energy Solutions GmbH\"},\"image\":{\"@id\":\"https:\/\/www.mwm.net\/es\/#\/schema\/logo\/image\/\"}}]}<\/script>\n<!-- \/ Yoast SEO Premium plugin. -->","yoast_head_json":{"title":"Disclaimer","robots":{"index":"index","follow":"follow","max-snippet":"max-snippet:-1","max-image-preview":"max-image-preview:large","max-video-preview":"max-video-preview:-1"},"canonical":"https:\/\/www.mwm.net\/es\/avisos-legales\/","og_locale":"es_ES","og_type":"article","og_title":"Avisos legales","og_description":"Responsabilidad por el contenido Los contenidos de nuestras p\u00e1ginas han sido elaborados con sumo cuidado. Sin embargo, no podemos garantizar que sean correctos, completos y","og_url":"https:\/\/www.mwm.net\/es\/avisos-legales\/","og_site_name":"MWM","article_modified_time":"2024-11-28T10:06:27+00:00","twitter_card":"summary_large_image","twitter_misc":{"Tiempo de lectura":"3 minutos"},"schema":{"@context":"https:\/\/schema.org","@graph":[{"@type":"WebPage","@id":"https:\/\/www.mwm.net\/es\/avisos-legales\/","url":"https:\/\/www.mwm.net\/es\/avisos-legales\/","name":"Disclaimer","isPartOf":{"@id":"https:\/\/www.mwm.net\/es\/#website"},"datePublished":"2021-03-25T19:10:12+00:00","dateModified":"2024-11-28T10:06:27+00:00","breadcrumb":{"@id":"https:\/\/www.mwm.net\/es\/avisos-legales\/#breadcrumb"},"inLanguage":"es","potentialAction":[{"@type":"ReadAction","target":["https:\/\/www.mwm.net\/es\/avisos-legales\/"]}]},{"@type":"BreadcrumbList","@id":"https:\/\/www.mwm.net\/es\/avisos-legales\/#breadcrumb","itemListElement":[{"@type":"ListItem","position":1,"name":"Home","item":"https:\/\/www.mwm.net\/es\/"},{"@type":"ListItem","position":2,"name":"Avisos legales"}]},{"@type":"WebSite","@id":"https:\/\/www.mwm.net\/es\/#website","url":"https:\/\/www.mwm.net\/es\/","name":"MWM","description":"","publisher":{"@id":"https:\/\/www.mwm.net\/es\/#organization"},"potentialAction":[{"@type":"SearchAction","target":{"@type":"EntryPoint","urlTemplate":"https:\/\/www.mwm.net\/es\/?s={search_term_string}"},"query-input":{"@type":"PropertyValueSpecification","valueRequired":true,"valueName":"search_term_string"}}],"inLanguage":"es"},{"@type":"Organization","@id":"https:\/\/www.mwm.net\/es\/#organization","name":"Caterpillar Energy Solutions GmbH","url":"https:\/\/www.mwm.net\/es\/","logo":{"@type":"ImageObject","inLanguage":"es","@id":"https:\/\/www.mwm.net\/es\/#\/schema\/logo\/image\/","url":"https:\/\/www.mwm.net\/wp-content\/uploads\/2022\/02\/logo2.jpg","contentUrl":"https:\/\/www.mwm.net\/wp-content\/uploads\/2022\/02\/logo2.jpg","width":260,"height":142,"caption":"Caterpillar Energy Solutions GmbH"},"image":{"@id":"https:\/\/www.mwm.net\/es\/#\/schema\/logo\/image\/"}}]}},"_links":{"self":[{"href":"https:\/\/www.mwm.net\/es\/wp-json\/wp\/v2\/pages\/104893","targetHints":{"allow":["GET"]}}],"collection":[{"href":"https:\/\/www.mwm.net\/es\/wp-json\/wp\/v2\/pages"}],"about":[{"href":"https:\/\/www.mwm.net\/es\/wp-json\/wp\/v2\/types\/page"}],"author":[{"embeddable":true,"href":"https:\/\/www.mwm.net\/es\/wp-json\/wp\/v2\/users\/1"}],"replies":[{"embeddable":true,"href":"https:\/\/www.mwm.net\/es\/wp-json\/wp\/v2\/comments?post=104893"}],"version-history":[{"count":4,"href":"https:\/\/www.mwm.net\/es\/wp-json\/wp\/v2\/pages\/104893\/revisions"}],"predecessor-version":[{"id":105846,"href":"https:\/\/www.mwm.net\/es\/wp-json\/wp\/v2\/pages\/104893\/revisions\/105846"}],"wp:attachment":[{"href":"https:\/\/www.mwm.net\/es\/wp-json\/wp\/v2\/media?parent=104893"}],"wp:term":[{"taxonomy":"post_tag","embeddable":true,"href":"https:\/\/www.mwm.net\/es\/wp-json\/wp\/v2\/tags?post=104893"}],"curies":[{"name":"wp","href":"https:\/\/api.w.org\/{rel}","templated":true}]}}