{"id":104900,"date":"2024-10-30T17:43:54","date_gmt":"2024-10-30T15:43:54","guid":{"rendered":"https:\/\/www.mwm.net\/?page_id=104900"},"modified":"2025-12-31T17:19:31","modified_gmt":"2025-12-31T15:19:31","slug":"tpem-control-digital-de-plantas","status":"publish","type":"page","link":"https:\/\/www.mwm.net\/es\/plantas-de-energia-distribuida\/soluciones-de-sistemas\/tpem-control-digital-de-plantas\/","title":{"rendered":"TPEM \u2013 Control digital de plantas"},"content":{"rendered":"<div class=\"patch-content\">\n<h2 class=\"subheadline\">MWM Digital Power con TPEM \u2013 Total Plant &#038; Energy Management<\/h2>\n<p>La transformaci\u00f3n hacia un control integral para centrales el\u00e9ctricas y grupos electr\u00f3genos: con su nuevo control digital de centrales el\u00e9ctricas TPEM, totalmente integrado, MWM redefine el est\u00e1ndar de control para motores de gas y soluciones energ\u00e9ticas. <\/p>\n<p>Las plantas de generaci\u00f3n de energ\u00eda modernas se caracterizan por aplicaciones complejas y sistemas de circuitos espec\u00edficos. La automatizaci\u00f3n y el control automatizado con m\u00e1xima seguridad operativa y comunicaci\u00f3n ininterrumpida son requisitos clave que TPEM sabes satisfacer con facilidad. Esto elimina la necesidad de controles adicionales para disponer de todos los datos de la central el\u00e9ctrica en un solo sistema, y permite controlar toda la planta de generaci\u00f3n de energ\u00eda a trav\u00e9s de una soluci\u00f3n de hardware y software especialmente desarrollada por MWM. <\/p>\n<p>De este modo, TPEM revoluciona los tradicionales sistemas de control TEM mediante la integraci\u00f3n adicional de funciones clave como la sincronizaci\u00f3n, el interruptor de alimentaci\u00f3n del generador y la red, y el acceso remoto.<\/p>\n<p><img decoding=\"async\" class=\"wp-image-85738 size-full aligncenter\" src=\"https:\/\/www.mwm.net\/wp-content\/uploads\/2024\/11\/TPEM_Tablet_EN_neu.jpg\" alt=\"TPEM \u2013 Control digital de plantas. MWM Digital Power con TPEM \u2013 Total Plant &#038; Energy Management\" width=\"630\" height=\"500\" \/><\/p>\n<h2 class=\"subheadline\">TPEM \u2013 Digital, flexible y altamente eficiente<\/h2>\n<ul>\n<li>Alta eficiencia gracias al control \u00f3ptimo de toda central el\u00e9ctrica<\/li>\n<li>Reducci\u00f3n de costos en la planificaci\u00f3n e instalaci\u00f3n gracias al concepto de control integrado de la central el\u00e9ctrica y, en la mayor\u00eda de las aplicaciones, no se requieren controles adicionales<\/li>\n<li>M\u00f3dulos configurables para soluciones y aplicaciones individuales del cliente<\/li>\n<li>Amplia experiencia por d\u00e9cadas desarrollandoy supervisando el sistema de control TEM<\/li>\n<li>Software y hardware de una sola fuente para un rendimiento completo del grupo electr\u00f3geno y para una fiabilidad m\u00e1xima<\/li>\n<\/ul>\n<p><img decoding=\"async\" class=\"aligncenter wp-image-318\" src=\"https:\/\/www.mwm.net\/wp-content\/uploads\/2021\/03\/mwm-300x41.jpg\" alt=\"MWM Digital Power\" width=\"630\" height=\"87\" srcset=\"https:\/\/www.mwm.net\/wp-content\/uploads\/2021\/03\/mwm-300x41.jpg 300w, https:\/\/www.mwm.net\/wp-content\/uploads\/2021\/03\/mwm-768x106.jpg 768w, https:\/\/www.mwm.net\/wp-content\/uploads\/2021\/03\/mwm.jpg 800w\" sizes=\"(max-width: 630px) 100vw, 630px\" \/><\/p>\n<h2 class=\"subheadline noborder\">Operaciones digitales: control integrado de centrales el\u00e9ctricas y motores de gas<\/h2>\n<ul>\n<li>Sistema integrado para el control del grupo electr\u00f3geno, el grupo electr\u00f3geno de reserva y la planta<\/li>\n<li>Pantalla t\u00e1ctil multiling\u00fce de 15\u2033 f\u00e1cil de usar, con interfaz intuitiva y sencilla<\/li>\n<li>Interfaz de usuario uniforme para el control y la configuraci\u00f3n completos de la central el\u00e9ctrica<\/li>\n<li>Acceso remoto integrado y seguro para el control integral de la central el\u00e9ctrica in situ y mediante una conexi\u00f3n VPN con TPEM Remote Client, incluida visualizaci\u00f3n gratuita (no se requiere licencia)<\/li>\n<li>Utiliza tecnolog\u00eda de \u00faltima generaci\u00f3n para una seguridad de vanguardia, cadena de seguridad probada por T\u00dcV<\/li>\n<li>Sistema de control de acceso personalizado para la autorizaci\u00f3n y verificaci\u00f3n de identidad<\/li>\n<li>Operaci\u00f3n en paralelo, incluida la sincronizaci\u00f3n, as\u00ed como operaci\u00f3n aislada, incluido el equilibrio de carga<\/li>\n<li>Control completo del motor de gas y del grupo electr\u00f3geno, incluido el circuito de refrigeraci\u00f3n del motor y la mezcla, as\u00ed como el control del enfriador y la ventilaci\u00f3n<\/li>\n<li>Interfaces de cliente para la integraci\u00f3n en sistemas complementarios: entradas digitales y modbus RTU<\/li>\n<li>Almacenamiento completo de datos de la central el\u00e9ctrica de hasta un a\u00f1o, incluida la opci\u00f3n de an\u00e1lisis en tiempo real<\/li>\n<li>El registro de operaciones permite registrar y analizar todo el ciclo de vida del grupo electr\u00f3geno y los componentes conectados<\/li>\n<li>Monitoreo, control y recopilaci\u00f3n permanente de datos sobre el estado del sistema y de la central el\u00e9ctrica (motor de gas, grupo electr\u00f3geno, bombas, v\u00e1lvulas, ventilador y generador, incluida la sincronizaci\u00f3n y el interruptor de encendido)<\/li>\n<\/ul>\n<h2 class=\"subheadline\">TPEM redefine los est\u00e1ndares de control de motores de gas y soluciones energ\u00e9ticas<\/h2>\n<ul>\n<li>Acceso seguro para el servicio de mantenimiento y los clientes a trav\u00e9s de TPEM Remote Client y doble autentificaci\u00f3n de usuario con token USB y contrase\u00f1a<\/li>\n<li>Certificado conforme a la directriz de media tensi\u00f3n BDEW \u201cplantas generadoras conectadas a la red de media tensi\u00f3n\u201d en Alemania y las normas UL \u00abUnderwriters Laboratories\u00bb en EE.UU. y Canad\u00e1<\/li>\n<li>Soporte integral de la funcionalidad NAB requerida<\/li>\n<\/ul>\n<h3>TPEM CC instalado de f\u00e1brica y kits de retrofit para su planta<\/h3>\n<p>Por defecto, TPEM CC viene equipado con un dispositivo telem\u00e1tico PLE. Dado que est\u00e1 completamente integrado en el cuadro TPEM, no se requiere cableado adicional. La conexi\u00f3n Ethernet de TPEM forma parte de las caracter\u00edsticas est\u00e1ndar; un m\u00f3dulo de red m\u00f3vil est\u00e1 disponible bajo pedido. La activaci\u00f3n sencilla en l\u00ednea de RAM elimina la necesidad de desplazarse y trabajar in situ. El TPEM CC de f\u00e1brica cuenta con la certificaci\u00f3n PLE para su implementaci\u00f3n global.<\/p>\n<p>Bajo pedido, los cuadros TPEM en campo se pueden actualizar f\u00e1cilmente con un kit de retrofit. Estos kits son adecuados para todos los cuadros TPEM existentes, y su funcionalidad y caracter\u00edsticas son equivalentes a las integradas directamente de f\u00e1brica. El kit de retrofit contiene todo el cableado y los terminales necesarios. <\/p>\n<p>Dos videos de la serie de tutoriales de servicio \u201cSoluciones con cabeza\u201d de MWM tratan sobre el control de centrales el\u00e9ctricas TPEM. Puede ver estos v\u00eddeos aqu\u00ed.<\/p>\n<div class=\"vdo_sec patch-content\">\n<h2 class=\"subheadline noborder\">Episodio 3: Prueba de accionamiento auxiliar TPEM<\/h2>\n<div class=\"lyte-wrapper\" style=\"width:853px;max-width:100%;margin:5px;\"><div class=\"lyMe hidef\" id=\"WYL_sYv9M2aYgKs\"><div id=\"lyte_sYv9M2aYgKs\" data-src=\"https:\/\/www.mwm.net\/wp-content\/plugins\/wp-youtube-lyte\/lyteCache.php?origThumbUrl=%2F%2Fi.ytimg.com%2Fvi%2FsYv9M2aYgKs%2Fmaxresdefault.jpg\" class=\"pL\"><div class=\"tC\"><div class=\"tT\"><\/div><\/div><div class=\"play\"><\/div><div class=\"ctrl\"><div class=\"Lctrl\"><\/div><div class=\"Rctrl\"><\/div><\/div><\/div><noscript><a href=\"https:\/\/youtu.be\/sYv9M2aYgKs\" rel=\"nofollow\"><img decoding=\"async\" src=\"https:\/\/www.mwm.net\/wp-content\/plugins\/wp-youtube-lyte\/lyteCache.php?origThumbUrl=https%3A%2F%2Fi.ytimg.com%2Fvi%2FsYv9M2aYgKs%2F0.jpg\" alt=\"YouTube video thumbnail\" width=\"853\" height=\"460\" \/><br \/>Mire este video en YouTube<\/a><\/noscript><\/div><\/div><div class=\"lL\" style=\"max-width:100%;width:853px;margin:5px;\"><br\/><span class=\"lyte_disclaimer\"><strong>AVISO DE PRIVACIDAD:<\/strong> Al reproducir un v\u00eddeo, se aplican las <a href=\"https:\/\/policies.google.com\/privacy?hl=es&amp;gl=es\">normas de privacidad de YouTube<\/a>.<\/span><\/div><\/p>\n<p>Todas las versiones del v\u00eddeo en otros idiomas en YouTube:  <a href=\"https:\/\/youtu.be\/YTVD8RADT90\" rel=\"noopener\" target=\"_blank\">EN<\/a> |\u00a0<a href=\"https:\/\/youtu.be\/5M9yCG-LYW8\" rel=\"noopener\" target=\"_blank\">DE<\/a> | <a href=\"https:\/\/youtu.be\/sYv9M2aYgKs\" rel=\"noopener\" target=\"_blank\">ES<\/a>\u00a0|\u00a0<a href=\"https:\/\/www.youtube.com\/watch?v=vO2V_LrIFZ0\" rel=\"noopener\" target=\"_blank\">FR<\/a><br \/>\nDescargar Video: <a href=\"\/files\/upload\/video\/MWM_ServiceTutorial_Nr3_EN.mp4.zip\" title=\"Download Video MWM Service Tutorial - TPEM Auxiliary Drive Test EN\">EN<\/a> |\u00a0<a href=\"\/files\/upload\/video\/MWM_ServiceTutorial_Nr3_final.mp4.zip\" title=\"Download Video MWM Service Tutorial - TPEM Auxiliary Drive Test DE\">DE<\/a> | <a href=\"\/files\/upload\/video\/MMWM_ServiceTutorial_Nr3_final_ES.mp4.zip\" title=\"Download Video MWM Service Tutorial - TPEM Auxiliary Drive Test ES\">ES<\/a>\u00a0| <a title=\"Download Video MWM Test des moteurs auxiliaires TPEM FR\" href=\"\/files\/upload\/video\/MWM_ServiceTutorial_Nr3_EN.mp4.zip\">FR<\/a><br \/>\n(7,5 minutos, versi\u00f3n en DVD de alta gama, 860 MB, MP4)<\/p>\n<h2 class=\"subheadline noborder\">Episodio 4: Exportaci\u00f3n de datos TPEM<\/h2>\n<div class=\"lyte-wrapper\" style=\"width:853px;max-width:100%;margin:5px;\"><div class=\"lyMe hidef\" id=\"WYL_OgU8_fuD62Y\"><div id=\"lyte_OgU8_fuD62Y\" data-src=\"https:\/\/www.mwm.net\/wp-content\/plugins\/wp-youtube-lyte\/lyteCache.php?origThumbUrl=%2F%2Fi.ytimg.com%2Fvi%2FOgU8_fuD62Y%2Fmaxresdefault.jpg\" class=\"pL\"><div class=\"tC\"><div class=\"tT\"><\/div><\/div><div class=\"play\"><\/div><div class=\"ctrl\"><div class=\"Lctrl\"><\/div><div class=\"Rctrl\"><\/div><\/div><\/div><noscript><a href=\"https:\/\/youtu.be\/OgU8_fuD62Y\" rel=\"nofollow\"><img decoding=\"async\" src=\"https:\/\/www.mwm.net\/wp-content\/plugins\/wp-youtube-lyte\/lyteCache.php?origThumbUrl=https%3A%2F%2Fi.ytimg.com%2Fvi%2FOgU8_fuD62Y%2F0.jpg\" alt=\"YouTube video thumbnail\" width=\"853\" height=\"460\" \/><br \/>Mire este video en YouTube<\/a><\/noscript><\/div><\/div><div class=\"lL\" style=\"max-width:100%;width:853px;margin:5px;\"><br\/><span class=\"lyte_disclaimer\"><strong>AVISO DE PRIVACIDAD:<\/strong> Al reproducir un v\u00eddeo, se aplican las <a href=\"https:\/\/policies.google.com\/privacy?hl=es&amp;gl=es\">normas de privacidad de YouTube<\/a>.<\/span><\/div><\/p>\n<p>Todas las versiones del v\u00eddeo en otros idiomas en YouTube: <a href=\"https:\/\/youtu.be\/-eVYYGpzPqo\" rel=\"noopener\" target=\"_blank\">EN<\/a> | <a href=\"https:\/\/youtu.be\/LedZIRL27wo\" rel=\"noopener\" target=\"_blank\">DE<\/a> |\u00a0<a href=\"https:\/\/youtu.be\/OgU8_fuD62Y\" rel=\"noopener\" target=\"_blank\">ES<\/a>\u00a0| <a href=\"https:\/\/www.youtube.com\/watch?v=LXrqXesTXf0&#038;t=2s\" rel=\"noopener\" target=\"_blank\">FR<\/a><br \/>\nDescargar Video:  <a href=\"\/files\/upload\/video\/MWM_ServiceTutorial_Nr4_EN.mp4.zip\" title=\"Download Video MWM Service Tutorial - TPEM Data Export EN\">EN<\/a> | <a href=\"\/files\/upload\/video\/MWM_ServiceTutorial_Nr4_final.mp4.zip\" title=\"Download Video MWM Service Tutorial - TPEM Data Export DE\">DE<\/a> |\u00a0<a href=\"\/files\/upload\/video\/MWM_ServiceTutorial_Nr4_final_ES.mp4.zip\" title=\"Download Video MWM Service Tutorial - TPEM Data Export ES\">ES<\/a> | <a title=\"Download Video MWM Service Tutorial - TPEM Data Export FR\" href=\"\/files\/upload\/video\/MWM_ServiceTutorial_Nr4_final_FR.mp4.zip\">FR<\/a><br \/>\n(5,5 minutos, versi\u00f3n en DVD de alta gama, 657 MB, MP4)<\/p>\n<\/div>\n<div class=\"pro_grphc\">\n<div class=\"cntct_rght\"><a href=\"https:\/\/www.mwm.net\/en\/contact\/contact-sales\/\">SERVICIO DE CONTACTO <strong>HAGA CLIC AQU\u00cd<\/strong><\/a><\/div>\n<\/div>\n<\/div>\n","protected":false},"excerpt":{"rendered":"<p>Con su control digital integral de centrales el\u00e9ctricas TPEM (Total Plant &#038; Energy Management), MWM revoluciona el est\u00e1ndar de control para soluciones energ\u00e9ticas.<\/p>\n","protected":false},"author":17,"featured_media":103144,"parent":103050,"menu_order":0,"comment_status":"closed","ping_status":"closed","template":"page-sidebar-template.php","meta":{"_acf_changed":false,"footnotes":""},"tags":[1959,1817],"class_list":["post-104900","page","type-page","status-publish","has-post-thumbnail","hentry","tag-total-plant-energy-management-es","tag-tpem-es"],"acf":[],"yoast_head":"<!-- This site is optimized with the Yoast SEO Premium plugin v27.2 (Yoast SEO v27.2) - https:\/\/yoast.com\/product\/yoast-seo-premium-wordpress\/ -->\n<title>TPEM \u2013 Control digital de plantas - MWM TPEM<\/title>\n<meta name=\"description\" content=\"Con su control digital integral de centrales el\u00e9ctricas TPEM (Total Plant &amp; Energy Management), MWM revoluciona el est\u00e1ndar de control para soluciones energ\u00e9ticas.\" \/>\n<meta name=\"robots\" content=\"index, follow, max-snippet:-1, max-image-preview:large, max-video-preview:-1\" \/>\n<link rel=\"canonical\" href=\"https:\/\/www.mwm.net\/es\/plantas-de-energia-distribuida\/soluciones-de-sistemas\/tpem-control-digital-de-plantas\/\" \/>\n<meta property=\"og:locale\" content=\"es_ES\" \/>\n<meta property=\"og:type\" content=\"article\" \/>\n<meta property=\"og:title\" content=\"TPEM \u2013 Control digital de plantas\" \/>\n<meta property=\"og:description\" content=\"Con su control digital integral de centrales el\u00e9ctricas TPEM (Total Plant &amp; Energy Management), MWM revoluciona el est\u00e1ndar de control para soluciones energ\u00e9ticas.\" \/>\n<meta property=\"og:url\" content=\"https:\/\/www.mwm.net\/es\/plantas-de-energia-distribuida\/soluciones-de-sistemas\/tpem-control-digital-de-plantas\/\" \/>\n<meta property=\"og:site_name\" content=\"MWM\" \/>\n<meta property=\"article:modified_time\" content=\"2025-12-31T15:19:31+00:00\" \/>\n<meta property=\"og:image\" content=\"https:\/\/www.mwm.net\/wp-content\/uploads\/2021\/03\/mwm-power.jpg\" \/>\n\t<meta property=\"og:image:width\" content=\"354\" \/>\n\t<meta property=\"og:image:height\" content=\"238\" \/>\n\t<meta property=\"og:image:type\" content=\"image\/jpeg\" \/>\n<meta name=\"twitter:card\" content=\"summary_large_image\" \/>\n<meta name=\"twitter:label1\" content=\"Tiempo de lectura\" \/>\n\t<meta name=\"twitter:data1\" content=\"7 minutos\" \/>\n<script type=\"application\/ld+json\" class=\"yoast-schema-graph\">{\"@context\":\"https:\/\/schema.org\",\"@graph\":[{\"@type\":\"WebPage\",\"@id\":\"https:\/\/www.mwm.net\/es\/plantas-de-energia-distribuida\/soluciones-de-sistemas\/tpem-control-digital-de-plantas\/\",\"url\":\"https:\/\/www.mwm.net\/es\/plantas-de-energia-distribuida\/soluciones-de-sistemas\/tpem-control-digital-de-plantas\/\",\"name\":\"TPEM \u2013 Control digital de plantas - MWM TPEM\",\"isPartOf\":{\"@id\":\"https:\/\/www.mwm.net\/es\/#website\"},\"primaryImageOfPage\":{\"@id\":\"https:\/\/www.mwm.net\/es\/plantas-de-energia-distribuida\/soluciones-de-sistemas\/tpem-control-digital-de-plantas\/#primaryimage\"},\"image\":{\"@id\":\"https:\/\/www.mwm.net\/es\/plantas-de-energia-distribuida\/soluciones-de-sistemas\/tpem-control-digital-de-plantas\/#primaryimage\"},\"thumbnailUrl\":\"https:\/\/www.mwm.net\/wp-content\/uploads\/2021\/03\/mwm-power.jpg\",\"datePublished\":\"2024-10-30T15:43:54+00:00\",\"dateModified\":\"2025-12-31T15:19:31+00:00\",\"description\":\"Con su control digital integral de centrales el\u00e9ctricas TPEM (Total Plant & Energy Management), MWM revoluciona el est\u00e1ndar de control para soluciones energ\u00e9ticas.\",\"breadcrumb\":{\"@id\":\"https:\/\/www.mwm.net\/es\/plantas-de-energia-distribuida\/soluciones-de-sistemas\/tpem-control-digital-de-plantas\/#breadcrumb\"},\"inLanguage\":\"es\",\"potentialAction\":[{\"@type\":\"ReadAction\",\"target\":[\"https:\/\/www.mwm.net\/es\/plantas-de-energia-distribuida\/soluciones-de-sistemas\/tpem-control-digital-de-plantas\/\"]}]},{\"@type\":\"ImageObject\",\"inLanguage\":\"es\",\"@id\":\"https:\/\/www.mwm.net\/es\/plantas-de-energia-distribuida\/soluciones-de-sistemas\/tpem-control-digital-de-plantas\/#primaryimage\",\"url\":\"https:\/\/www.mwm.net\/wp-content\/uploads\/2021\/03\/mwm-power.jpg\",\"contentUrl\":\"https:\/\/www.mwm.net\/wp-content\/uploads\/2021\/03\/mwm-power.jpg\",\"width\":354,\"height\":238},{\"@type\":\"BreadcrumbList\",\"@id\":\"https:\/\/www.mwm.net\/es\/plantas-de-energia-distribuida\/soluciones-de-sistemas\/tpem-control-digital-de-plantas\/#breadcrumb\",\"itemListElement\":[{\"@type\":\"ListItem\",\"position\":1,\"name\":\"Home\",\"item\":\"https:\/\/www.mwm.net\/es\/\"},{\"@type\":\"ListItem\",\"position\":2,\"name\":\"Plantas de energ\u00eda distribuida\",\"item\":\"https:\/\/www.mwm.net\/es\/plantas-de-energia-distribuida\/\"},{\"@type\":\"ListItem\",\"position\":3,\"name\":\"Soluciones de sistemas\",\"item\":\"https:\/\/www.mwm.net\/es\/plantas-de-energia-distribuida\/soluciones-de-sistemas\/\"},{\"@type\":\"ListItem\",\"position\":4,\"name\":\"TPEM \u2013 Control digital de plantas\"}]},{\"@type\":\"WebSite\",\"@id\":\"https:\/\/www.mwm.net\/es\/#website\",\"url\":\"https:\/\/www.mwm.net\/es\/\",\"name\":\"MWM\",\"description\":\"\",\"publisher\":{\"@id\":\"https:\/\/www.mwm.net\/es\/#organization\"},\"potentialAction\":[{\"@type\":\"SearchAction\",\"target\":{\"@type\":\"EntryPoint\",\"urlTemplate\":\"https:\/\/www.mwm.net\/es\/?s={search_term_string}\"},\"query-input\":{\"@type\":\"PropertyValueSpecification\",\"valueRequired\":true,\"valueName\":\"search_term_string\"}}],\"inLanguage\":\"es\"},{\"@type\":\"Organization\",\"@id\":\"https:\/\/www.mwm.net\/es\/#organization\",\"name\":\"Caterpillar Energy Solutions GmbH\",\"url\":\"https:\/\/www.mwm.net\/es\/\",\"logo\":{\"@type\":\"ImageObject\",\"inLanguage\":\"es\",\"@id\":\"https:\/\/www.mwm.net\/es\/#\/schema\/logo\/image\/\",\"url\":\"https:\/\/www.mwm.net\/wp-content\/uploads\/2022\/02\/logo2.jpg\",\"contentUrl\":\"https:\/\/www.mwm.net\/wp-content\/uploads\/2022\/02\/logo2.jpg\",\"width\":260,\"height\":142,\"caption\":\"Caterpillar Energy Solutions GmbH\"},\"image\":{\"@id\":\"https:\/\/www.mwm.net\/es\/#\/schema\/logo\/image\/\"}}]}<\/script>\n<!-- \/ Yoast SEO Premium plugin. -->","yoast_head_json":{"title":"TPEM \u2013 Control digital de plantas - MWM TPEM","description":"Con su control digital integral de centrales el\u00e9ctricas TPEM (Total Plant & Energy Management), MWM revoluciona el est\u00e1ndar de control para soluciones energ\u00e9ticas.","robots":{"index":"index","follow":"follow","max-snippet":"max-snippet:-1","max-image-preview":"max-image-preview:large","max-video-preview":"max-video-preview:-1"},"canonical":"https:\/\/www.mwm.net\/es\/plantas-de-energia-distribuida\/soluciones-de-sistemas\/tpem-control-digital-de-plantas\/","og_locale":"es_ES","og_type":"article","og_title":"TPEM \u2013 Control digital de plantas","og_description":"Con su control digital integral de centrales el\u00e9ctricas TPEM (Total Plant & Energy Management), MWM revoluciona el est\u00e1ndar de control para soluciones energ\u00e9ticas.","og_url":"https:\/\/www.mwm.net\/es\/plantas-de-energia-distribuida\/soluciones-de-sistemas\/tpem-control-digital-de-plantas\/","og_site_name":"MWM","article_modified_time":"2025-12-31T15:19:31+00:00","og_image":[{"width":354,"height":238,"url":"https:\/\/www.mwm.net\/wp-content\/uploads\/2021\/03\/mwm-power.jpg","type":"image\/jpeg"}],"twitter_card":"summary_large_image","twitter_misc":{"Tiempo de lectura":"7 minutos"},"schema":{"@context":"https:\/\/schema.org","@graph":[{"@type":"WebPage","@id":"https:\/\/www.mwm.net\/es\/plantas-de-energia-distribuida\/soluciones-de-sistemas\/tpem-control-digital-de-plantas\/","url":"https:\/\/www.mwm.net\/es\/plantas-de-energia-distribuida\/soluciones-de-sistemas\/tpem-control-digital-de-plantas\/","name":"TPEM \u2013 Control digital de plantas - MWM TPEM","isPartOf":{"@id":"https:\/\/www.mwm.net\/es\/#website"},"primaryImageOfPage":{"@id":"https:\/\/www.mwm.net\/es\/plantas-de-energia-distribuida\/soluciones-de-sistemas\/tpem-control-digital-de-plantas\/#primaryimage"},"image":{"@id":"https:\/\/www.mwm.net\/es\/plantas-de-energia-distribuida\/soluciones-de-sistemas\/tpem-control-digital-de-plantas\/#primaryimage"},"thumbnailUrl":"https:\/\/www.mwm.net\/wp-content\/uploads\/2021\/03\/mwm-power.jpg","datePublished":"2024-10-30T15:43:54+00:00","dateModified":"2025-12-31T15:19:31+00:00","description":"Con su control digital integral de centrales el\u00e9ctricas TPEM (Total Plant & Energy Management), MWM revoluciona el est\u00e1ndar de control para soluciones energ\u00e9ticas.","breadcrumb":{"@id":"https:\/\/www.mwm.net\/es\/plantas-de-energia-distribuida\/soluciones-de-sistemas\/tpem-control-digital-de-plantas\/#breadcrumb"},"inLanguage":"es","potentialAction":[{"@type":"ReadAction","target":["https:\/\/www.mwm.net\/es\/plantas-de-energia-distribuida\/soluciones-de-sistemas\/tpem-control-digital-de-plantas\/"]}]},{"@type":"ImageObject","inLanguage":"es","@id":"https:\/\/www.mwm.net\/es\/plantas-de-energia-distribuida\/soluciones-de-sistemas\/tpem-control-digital-de-plantas\/#primaryimage","url":"https:\/\/www.mwm.net\/wp-content\/uploads\/2021\/03\/mwm-power.jpg","contentUrl":"https:\/\/www.mwm.net\/wp-content\/uploads\/2021\/03\/mwm-power.jpg","width":354,"height":238},{"@type":"BreadcrumbList","@id":"https:\/\/www.mwm.net\/es\/plantas-de-energia-distribuida\/soluciones-de-sistemas\/tpem-control-digital-de-plantas\/#breadcrumb","itemListElement":[{"@type":"ListItem","position":1,"name":"Home","item":"https:\/\/www.mwm.net\/es\/"},{"@type":"ListItem","position":2,"name":"Plantas de energ\u00eda distribuida","item":"https:\/\/www.mwm.net\/es\/plantas-de-energia-distribuida\/"},{"@type":"ListItem","position":3,"name":"Soluciones de sistemas","item":"https:\/\/www.mwm.net\/es\/plantas-de-energia-distribuida\/soluciones-de-sistemas\/"},{"@type":"ListItem","position":4,"name":"TPEM \u2013 Control digital de plantas"}]},{"@type":"WebSite","@id":"https:\/\/www.mwm.net\/es\/#website","url":"https:\/\/www.mwm.net\/es\/","name":"MWM","description":"","publisher":{"@id":"https:\/\/www.mwm.net\/es\/#organization"},"potentialAction":[{"@type":"SearchAction","target":{"@type":"EntryPoint","urlTemplate":"https:\/\/www.mwm.net\/es\/?s={search_term_string}"},"query-input":{"@type":"PropertyValueSpecification","valueRequired":true,"valueName":"search_term_string"}}],"inLanguage":"es"},{"@type":"Organization","@id":"https:\/\/www.mwm.net\/es\/#organization","name":"Caterpillar Energy Solutions GmbH","url":"https:\/\/www.mwm.net\/es\/","logo":{"@type":"ImageObject","inLanguage":"es","@id":"https:\/\/www.mwm.net\/es\/#\/schema\/logo\/image\/","url":"https:\/\/www.mwm.net\/wp-content\/uploads\/2022\/02\/logo2.jpg","contentUrl":"https:\/\/www.mwm.net\/wp-content\/uploads\/2022\/02\/logo2.jpg","width":260,"height":142,"caption":"Caterpillar Energy Solutions GmbH"},"image":{"@id":"https:\/\/www.mwm.net\/es\/#\/schema\/logo\/image\/"}}]}},"_links":{"self":[{"href":"https:\/\/www.mwm.net\/es\/wp-json\/wp\/v2\/pages\/104900","targetHints":{"allow":["GET"]}}],"collection":[{"href":"https:\/\/www.mwm.net\/es\/wp-json\/wp\/v2\/pages"}],"about":[{"href":"https:\/\/www.mwm.net\/es\/wp-json\/wp\/v2\/types\/page"}],"author":[{"embeddable":true,"href":"https:\/\/www.mwm.net\/es\/wp-json\/wp\/v2\/users\/17"}],"replies":[{"embeddable":true,"href":"https:\/\/www.mwm.net\/es\/wp-json\/wp\/v2\/comments?post=104900"}],"version-history":[{"count":6,"href":"https:\/\/www.mwm.net\/es\/wp-json\/wp\/v2\/pages\/104900\/revisions"}],"predecessor-version":[{"id":111981,"href":"https:\/\/www.mwm.net\/es\/wp-json\/wp\/v2\/pages\/104900\/revisions\/111981"}],"up":[{"embeddable":true,"href":"https:\/\/www.mwm.net\/es\/wp-json\/wp\/v2\/pages\/103050"}],"wp:featuredmedia":[{"embeddable":true,"href":"https:\/\/www.mwm.net\/es\/wp-json\/wp\/v2\/media\/103144"}],"wp:attachment":[{"href":"https:\/\/www.mwm.net\/es\/wp-json\/wp\/v2\/media?parent=104900"}],"wp:term":[{"taxonomy":"post_tag","embeddable":true,"href":"https:\/\/www.mwm.net\/es\/wp-json\/wp\/v2\/tags?post=104900"}],"curies":[{"name":"wp","href":"https:\/\/api.w.org\/{rel}","templated":true}]}}