{"id":104910,"date":"2021-03-25T17:12:16","date_gmt":"2021-03-25T17:12:16","guid":{"rendered":"https:\/\/www.mwm.net\/esto-es-mwm\/jobs-career\/"},"modified":"2025-01-08T13:26:36","modified_gmt":"2025-01-08T11:26:36","slug":"empleos-y-carreras","status":"publish","type":"page","link":"https:\/\/www.mwm.net\/es\/esto-es-mwm\/empleos-y-carreras\/","title":{"rendered":"Empleos y carreras"},"content":{"rendered":"<h2>Trabajar en Caterpillar Energy Solutions en Alemania<\/h2>\n<p>Buscamos personas abiertas, interesadas y comprometidas que est\u00e9n dispuestas a dedicarse con determinaci\u00f3n y entusiasmo a nuestros productos y soluciones. Personas que est\u00e9n preparadas para afrontar los desaf\u00edos de la generaci\u00f3n de energ\u00eda sostenible y eficiente.<\/p>\n<p>\u00bfLe gustar\u00eda trabajar con nosotros? Siga este enlace a las p\u00e1ginas de empleo de Caterpillar, Inc.: <a title=\"Jobs &amp; Career at Caterpillar\" href=\"https:\/\/www.caterpillar.com\/en\/careers.html\" target=\"_blank\" rel=\"nofollow noopener\">www.caterpillar.com\/en\/careers.html<\/a>.<\/p>\n<h2>La diversidad da rienda suelta a la innovaci\u00f3n<\/h2>\n<p>Los potentes motores de gas, productos y soluciones de sistemas de MWM est\u00e1n respaldados por un equipo de m\u00e1s de 1300 empleados. Juntos, nos dedicamos a optimizar y mejorar continuamente los productos de nuestra marca para ayudar a nuestros clientes de la forma m\u00e1s eficaz posible. Adem\u00e1s de nuestra amplia gama de motores de gas y productos, estamos orgullosos de la diversidad del equipo de MWM.<\/p>\n<p><img decoding=\"async\" class=\"wp-image-92384 alignleft\" src=\"https:\/\/www.mwm.net\/wp-content\/uploads\/2021\/10\/MWM-Diversity-Jobs-Karriere.jpg\" alt=\"La diversidad da rienda suelta a la innovaci\u00f3n\" width=\"800\" height=\"470\" \/><\/p>\n<p>Los empleados de MWM provienen de m\u00e1s de 28 pa\u00edses. Desde aprendices hasta empleados experimentados y de larga trayectoria, el equipo detr\u00e1s de la marca MWM re\u00fane a personas de distintas edades y nacionalidades. Esta combinaci\u00f3n de talentos, experiencias y trayectorias individuales constituye la base de un entorno de trabajo que no solo genera nuevas ideas, sino que tambi\u00e9n promueve la cohesi\u00f3n y el esp\u00edritu de equipo. Es obvio que las personas solo pueden demostrar su iniciativa personal y aportar sus ideas y talentos en un entorno de trabajo marcado por el respeto y la confianza. Para lograr y proteger esta atm\u00f3sfera de confianza, rechazamos firmemente todo tipo de prejuicios, por ejemplo, con respecto al g\u00e9nero, la nacionalidad, la religi\u00f3n y la orientaci\u00f3n sexual, y respaldamos a todos y cada uno de nuestros empleados.<\/p>\n<p>Una de las medidas que se han tomado para fortalecer la igualdad de g\u00e9nero en Caterpillar Energy Solutions es la creaci\u00f3n del grupo de empleadas \u00abRed de Iniciativas de Mujeres (WIN, por sus siglas en ingl\u00e9s). A trav\u00e9s de WIN, Caterpillar se esfuerza por garantizar la promoci\u00f3n igualitaria de las empleadas, ayud\u00e1ndolas a calificarse para puestos ejecutivos en la empresa. La iniciativa alienta a las mujeres a emprender una carrera en Caterpillar y elabora activamente pol\u00edticas y procedimientos para mejorar el apoyo a las mujeres que desean unirse a la empresa o reanudar su profesi\u00f3n.<\/p>\n<p>Los desaf\u00edos del futuro y la creciente demanda de generaci\u00f3n de energ\u00eda sostenible van de la mano con mayores requisitos de nuevas tecnolog\u00edas y enfoques de soluci\u00f3n. Estamos convencidos de que, a largo plazo, la diversidad es la clave de la innovaci\u00f3n y de nuestra capacidad para desarrollar motores, productos y sistemas para la generaci\u00f3n de energ\u00eda del ma\u00f1ana.<\/p>\n","protected":false},"excerpt":{"rendered":"<p>Carreras en MWM, uno de los proveedores l\u00edderes a nivel mundial de plantas ecol\u00f3gicas de alta eficiencia para la generaci\u00f3n descentralizada de energ\u00eda. Desarrollo y optimizaci\u00f3n de grupos electr\u00f3genos para gas natural y gases especiales.<\/p>\n","protected":false},"author":1,"featured_media":103716,"parent":102928,"menu_order":0,"comment_status":"closed","ping_status":"closed","template":"page-sidebar-template.php","meta":{"_acf_changed":false,"footnotes":""},"tags":[],"class_list":["post-104910","page","type-page","status-publish","has-post-thumbnail","hentry"],"acf":[],"yoast_head":"<!-- This site is optimized with the Yoast SEO Premium plugin v27.2 (Yoast SEO v27.2) - https:\/\/yoast.com\/product\/yoast-seo-premium-wordpress\/ -->\n<title>Empleos y carreras<\/title>\n<meta name=\"description\" content=\"Carreras en MWM, uno de los proveedores l\u00edderes a nivel mundial de plantas ecol\u00f3gicas de alta eficiencia para la generaci\u00f3n descentralizada de energ\u00eda.\" \/>\n<meta name=\"robots\" content=\"index, follow, max-snippet:-1, max-image-preview:large, max-video-preview:-1\" \/>\n<link rel=\"canonical\" href=\"https:\/\/www.mwm.net\/es\/esto-es-mwm\/empleos-y-carreras\/\" \/>\n<meta property=\"og:locale\" content=\"es_ES\" \/>\n<meta property=\"og:type\" content=\"article\" \/>\n<meta property=\"og:title\" content=\"Empleos y carreras\" \/>\n<meta property=\"og:description\" content=\"Carreras en MWM, uno de los proveedores l\u00edderes a nivel mundial de plantas ecol\u00f3gicas de alta eficiencia para la generaci\u00f3n descentralizada de energ\u00eda.\" \/>\n<meta property=\"og:url\" content=\"https:\/\/www.mwm.net\/es\/esto-es-mwm\/empleos-y-carreras\/\" \/>\n<meta property=\"og:site_name\" content=\"MWM\" \/>\n<meta property=\"article:modified_time\" content=\"2025-01-08T11:26:36+00:00\" \/>\n<meta property=\"og:image\" content=\"https:\/\/www.mwm.net\/wp-content\/uploads\/2021\/10\/MWM-Diversity-Jobs-Karriere-1.jpg\" \/>\n\t<meta property=\"og:image:width\" content=\"1600\" \/>\n\t<meta property=\"og:image:height\" content=\"940\" \/>\n\t<meta property=\"og:image:type\" content=\"image\/jpeg\" \/>\n<meta name=\"twitter:card\" content=\"summary_large_image\" \/>\n<meta name=\"twitter:label1\" content=\"Tiempo de lectura\" \/>\n\t<meta name=\"twitter:data1\" content=\"3 minutos\" \/>\n<script type=\"application\/ld+json\" class=\"yoast-schema-graph\">{\"@context\":\"https:\/\/schema.org\",\"@graph\":[{\"@type\":\"WebPage\",\"@id\":\"https:\/\/www.mwm.net\/es\/esto-es-mwm\/empleos-y-carreras\/\",\"url\":\"https:\/\/www.mwm.net\/es\/esto-es-mwm\/empleos-y-carreras\/\",\"name\":\"Empleos y carreras\",\"isPartOf\":{\"@id\":\"https:\/\/www.mwm.net\/es\/#website\"},\"primaryImageOfPage\":{\"@id\":\"https:\/\/www.mwm.net\/es\/esto-es-mwm\/empleos-y-carreras\/#primaryimage\"},\"image\":{\"@id\":\"https:\/\/www.mwm.net\/es\/esto-es-mwm\/empleos-y-carreras\/#primaryimage\"},\"thumbnailUrl\":\"https:\/\/www.mwm.net\/wp-content\/uploads\/2021\/10\/MWM-Diversity-Jobs-Karriere-1.jpg\",\"datePublished\":\"2021-03-25T17:12:16+00:00\",\"dateModified\":\"2025-01-08T11:26:36+00:00\",\"description\":\"Carreras en MWM, uno de los proveedores l\u00edderes a nivel mundial de plantas ecol\u00f3gicas de alta eficiencia para la generaci\u00f3n descentralizada de energ\u00eda.\",\"breadcrumb\":{\"@id\":\"https:\/\/www.mwm.net\/es\/esto-es-mwm\/empleos-y-carreras\/#breadcrumb\"},\"inLanguage\":\"es\",\"potentialAction\":[{\"@type\":\"ReadAction\",\"target\":[\"https:\/\/www.mwm.net\/es\/esto-es-mwm\/empleos-y-carreras\/\"]}]},{\"@type\":\"ImageObject\",\"inLanguage\":\"es\",\"@id\":\"https:\/\/www.mwm.net\/es\/esto-es-mwm\/empleos-y-carreras\/#primaryimage\",\"url\":\"https:\/\/www.mwm.net\/wp-content\/uploads\/2021\/10\/MWM-Diversity-Jobs-Karriere-1.jpg\",\"contentUrl\":\"https:\/\/www.mwm.net\/wp-content\/uploads\/2021\/10\/MWM-Diversity-Jobs-Karriere-1.jpg\",\"width\":1600,\"height\":940},{\"@type\":\"BreadcrumbList\",\"@id\":\"https:\/\/www.mwm.net\/es\/esto-es-mwm\/empleos-y-carreras\/#breadcrumb\",\"itemListElement\":[{\"@type\":\"ListItem\",\"position\":1,\"name\":\"Home\",\"item\":\"https:\/\/www.mwm.net\/es\/\"},{\"@type\":\"ListItem\",\"position\":2,\"name\":\"Esto es MWM\",\"item\":\"https:\/\/www.mwm.net\/es\/esto-es-mwm\/\"},{\"@type\":\"ListItem\",\"position\":3,\"name\":\"Empleos y carreras\"}]},{\"@type\":\"WebSite\",\"@id\":\"https:\/\/www.mwm.net\/es\/#website\",\"url\":\"https:\/\/www.mwm.net\/es\/\",\"name\":\"MWM\",\"description\":\"\",\"publisher\":{\"@id\":\"https:\/\/www.mwm.net\/es\/#organization\"},\"potentialAction\":[{\"@type\":\"SearchAction\",\"target\":{\"@type\":\"EntryPoint\",\"urlTemplate\":\"https:\/\/www.mwm.net\/es\/?s={search_term_string}\"},\"query-input\":{\"@type\":\"PropertyValueSpecification\",\"valueRequired\":true,\"valueName\":\"search_term_string\"}}],\"inLanguage\":\"es\"},{\"@type\":\"Organization\",\"@id\":\"https:\/\/www.mwm.net\/es\/#organization\",\"name\":\"Caterpillar Energy Solutions GmbH\",\"url\":\"https:\/\/www.mwm.net\/es\/\",\"logo\":{\"@type\":\"ImageObject\",\"inLanguage\":\"es\",\"@id\":\"https:\/\/www.mwm.net\/es\/#\/schema\/logo\/image\/\",\"url\":\"https:\/\/www.mwm.net\/wp-content\/uploads\/2022\/02\/logo2.jpg\",\"contentUrl\":\"https:\/\/www.mwm.net\/wp-content\/uploads\/2022\/02\/logo2.jpg\",\"width\":260,\"height\":142,\"caption\":\"Caterpillar Energy Solutions GmbH\"},\"image\":{\"@id\":\"https:\/\/www.mwm.net\/es\/#\/schema\/logo\/image\/\"}}]}<\/script>\n<!-- \/ Yoast SEO Premium plugin. -->","yoast_head_json":{"title":"Empleos y carreras","description":"Carreras en MWM, uno de los proveedores l\u00edderes a nivel mundial de plantas ecol\u00f3gicas de alta eficiencia para la generaci\u00f3n descentralizada de energ\u00eda.","robots":{"index":"index","follow":"follow","max-snippet":"max-snippet:-1","max-image-preview":"max-image-preview:large","max-video-preview":"max-video-preview:-1"},"canonical":"https:\/\/www.mwm.net\/es\/esto-es-mwm\/empleos-y-carreras\/","og_locale":"es_ES","og_type":"article","og_title":"Empleos y carreras","og_description":"Carreras en MWM, uno de los proveedores l\u00edderes a nivel mundial de plantas ecol\u00f3gicas de alta eficiencia para la generaci\u00f3n descentralizada de energ\u00eda.","og_url":"https:\/\/www.mwm.net\/es\/esto-es-mwm\/empleos-y-carreras\/","og_site_name":"MWM","article_modified_time":"2025-01-08T11:26:36+00:00","og_image":[{"width":1600,"height":940,"url":"https:\/\/www.mwm.net\/wp-content\/uploads\/2021\/10\/MWM-Diversity-Jobs-Karriere-1.jpg","type":"image\/jpeg"}],"twitter_card":"summary_large_image","twitter_misc":{"Tiempo de lectura":"3 minutos"},"schema":{"@context":"https:\/\/schema.org","@graph":[{"@type":"WebPage","@id":"https:\/\/www.mwm.net\/es\/esto-es-mwm\/empleos-y-carreras\/","url":"https:\/\/www.mwm.net\/es\/esto-es-mwm\/empleos-y-carreras\/","name":"Empleos y carreras","isPartOf":{"@id":"https:\/\/www.mwm.net\/es\/#website"},"primaryImageOfPage":{"@id":"https:\/\/www.mwm.net\/es\/esto-es-mwm\/empleos-y-carreras\/#primaryimage"},"image":{"@id":"https:\/\/www.mwm.net\/es\/esto-es-mwm\/empleos-y-carreras\/#primaryimage"},"thumbnailUrl":"https:\/\/www.mwm.net\/wp-content\/uploads\/2021\/10\/MWM-Diversity-Jobs-Karriere-1.jpg","datePublished":"2021-03-25T17:12:16+00:00","dateModified":"2025-01-08T11:26:36+00:00","description":"Carreras en MWM, uno de los proveedores l\u00edderes a nivel mundial de plantas ecol\u00f3gicas de alta eficiencia para la generaci\u00f3n descentralizada de energ\u00eda.","breadcrumb":{"@id":"https:\/\/www.mwm.net\/es\/esto-es-mwm\/empleos-y-carreras\/#breadcrumb"},"inLanguage":"es","potentialAction":[{"@type":"ReadAction","target":["https:\/\/www.mwm.net\/es\/esto-es-mwm\/empleos-y-carreras\/"]}]},{"@type":"ImageObject","inLanguage":"es","@id":"https:\/\/www.mwm.net\/es\/esto-es-mwm\/empleos-y-carreras\/#primaryimage","url":"https:\/\/www.mwm.net\/wp-content\/uploads\/2021\/10\/MWM-Diversity-Jobs-Karriere-1.jpg","contentUrl":"https:\/\/www.mwm.net\/wp-content\/uploads\/2021\/10\/MWM-Diversity-Jobs-Karriere-1.jpg","width":1600,"height":940},{"@type":"BreadcrumbList","@id":"https:\/\/www.mwm.net\/es\/esto-es-mwm\/empleos-y-carreras\/#breadcrumb","itemListElement":[{"@type":"ListItem","position":1,"name":"Home","item":"https:\/\/www.mwm.net\/es\/"},{"@type":"ListItem","position":2,"name":"Esto es MWM","item":"https:\/\/www.mwm.net\/es\/esto-es-mwm\/"},{"@type":"ListItem","position":3,"name":"Empleos y carreras"}]},{"@type":"WebSite","@id":"https:\/\/www.mwm.net\/es\/#website","url":"https:\/\/www.mwm.net\/es\/","name":"MWM","description":"","publisher":{"@id":"https:\/\/www.mwm.net\/es\/#organization"},"potentialAction":[{"@type":"SearchAction","target":{"@type":"EntryPoint","urlTemplate":"https:\/\/www.mwm.net\/es\/?s={search_term_string}"},"query-input":{"@type":"PropertyValueSpecification","valueRequired":true,"valueName":"search_term_string"}}],"inLanguage":"es"},{"@type":"Organization","@id":"https:\/\/www.mwm.net\/es\/#organization","name":"Caterpillar Energy Solutions GmbH","url":"https:\/\/www.mwm.net\/es\/","logo":{"@type":"ImageObject","inLanguage":"es","@id":"https:\/\/www.mwm.net\/es\/#\/schema\/logo\/image\/","url":"https:\/\/www.mwm.net\/wp-content\/uploads\/2022\/02\/logo2.jpg","contentUrl":"https:\/\/www.mwm.net\/wp-content\/uploads\/2022\/02\/logo2.jpg","width":260,"height":142,"caption":"Caterpillar Energy Solutions GmbH"},"image":{"@id":"https:\/\/www.mwm.net\/es\/#\/schema\/logo\/image\/"}}]}},"_links":{"self":[{"href":"https:\/\/www.mwm.net\/es\/wp-json\/wp\/v2\/pages\/104910","targetHints":{"allow":["GET"]}}],"collection":[{"href":"https:\/\/www.mwm.net\/es\/wp-json\/wp\/v2\/pages"}],"about":[{"href":"https:\/\/www.mwm.net\/es\/wp-json\/wp\/v2\/types\/page"}],"author":[{"embeddable":true,"href":"https:\/\/www.mwm.net\/es\/wp-json\/wp\/v2\/users\/1"}],"replies":[{"embeddable":true,"href":"https:\/\/www.mwm.net\/es\/wp-json\/wp\/v2\/comments?post=104910"}],"version-history":[{"count":4,"href":"https:\/\/www.mwm.net\/es\/wp-json\/wp\/v2\/pages\/104910\/revisions"}],"predecessor-version":[{"id":107272,"href":"https:\/\/www.mwm.net\/es\/wp-json\/wp\/v2\/pages\/104910\/revisions\/107272"}],"up":[{"embeddable":true,"href":"https:\/\/www.mwm.net\/es\/wp-json\/wp\/v2\/pages\/102928"}],"wp:featuredmedia":[{"embeddable":true,"href":"https:\/\/www.mwm.net\/es\/wp-json\/wp\/v2\/media\/103716"}],"wp:attachment":[{"href":"https:\/\/www.mwm.net\/es\/wp-json\/wp\/v2\/media?parent=104910"}],"wp:term":[{"taxonomy":"post_tag","embeddable":true,"href":"https:\/\/www.mwm.net\/es\/wp-json\/wp\/v2\/tags?post=104910"}],"curies":[{"name":"wp","href":"https:\/\/api.w.org\/{rel}","templated":true}]}}