{"id":104927,"date":"2021-03-25T17:14:39","date_gmt":"2021-03-25T17:14:39","guid":{"rendered":"https:\/\/www.mwm.net\/esto-es-mwm\/mwm-brand-strategy\/"},"modified":"2024-11-24T12:52:39","modified_gmt":"2024-11-24T10:52:39","slug":"estrategia-de-la-marca-mwm","status":"publish","type":"page","link":"https:\/\/www.mwm.net\/es\/esto-es-mwm\/estrategia-de-la-marca-mwm\/","title":{"rendered":"Estrategia de la marca MWM"},"content":{"rendered":"<h2>Plantas eficientes y respetuosas con el medio ambiente para la generaci\u00f3n de energ\u00eda distribuida.<\/h2>\n<p>Los motores de gas, as\u00ed como las soluciones completas para el suministro de energ\u00eda descentralizada (<a href=\"https:\/\/www.mwm.net\/en\/gas-expertise\/cogeneration-trigeneration-plants\/\">plantas de cogeneraci\u00f3n<\/a> o <a href=\"https:\/\/www.mwm.net\/es\/plantas-de-energia-distribuida\/soluciones-de-cogeneracion\/\">plantas CHP<\/a>) de MWM ofrecen una calidad superior en todas las \u00e1reas de la cadena de valor. Esto hace que nuestros productos tengan \u00e9xito en todo el mundo y nos ayuda a ser uno de los proveedores l\u00edderes de soluciones energ\u00e9ticas altamente eficientes y ecol\u00f3gicamente avanzadas que se adaptan perfectamente a los clientes de todo el mundo.<\/p>\n<p>La pol\u00edtica de calidad de MWM est\u00e1 impulsada por nuestra promesa de marca \u00abEnerg\u00eda. Eficiencia. Medio ambiente\u00bb y tiene como objetivo cumplir o superar los requisitos del cliente.<\/p>\n<h2>Energ\u00eda<\/h2>\n<p>En Mannheim, Alemania, MWM desarrolla productos, servicios y tecnolog\u00edas innovadoras y potentes para el suministro de energ\u00eda descentralizada con <a title=\"Gas Engines \/ Gensets\" href=\"https:\/\/www.mwm.net\/es\/motores-de-gas-grupos-electrogenos\/\">motores de gas<\/a>. Desde hace casi 150 a\u00f1os, somos un socio fiable en el desarrollo y la producci\u00f3n de soluciones energ\u00e9ticas espec\u00edficas para el cliente, acompa\u00f1adas de amplios servicios de consultor\u00eda y supervisi\u00f3n durante todo el ciclo de vida del producto.<\/p>\n<h2>Eficiencia<\/h2>\n<p>Los componentes \u00f3ptimos, adaptados y configurados teniendo en cuenta las necesidades individuales, permiten la m\u00e1xima eficiencia de todos los generadores de energ\u00eda MWM. Adem\u00e1s, los servicios integrales de MWM garantizan la productividad y rentabilidad de la planta a largo plazo.<\/p>\n<h2>Ecolog\u00eda<\/h2>\n<p>Gracias a su tecnolog\u00eda para el ahorro de combustible, MWM apuesta por el uso responsable de recursos naturales como casi ninguna otra marca. La convicci\u00f3n de que ecolog\u00eda y eficiencia econ\u00f3mica van de la mano marca un pilar fundamental de la filosof\u00eda de MWM y nos hace asumir la responsabilidad para aportar nuestra parte para la generaci\u00f3n de energ\u00eda sostenible.<\/p>\n<div class=\"pro_grphc\">\n<div class=\"cntct_rght\"><a href=\"\/es\/contacto\/contacto-con-ventas\/\">Contacto con ventas <strong>Haga clic aqu\u00ed<\/strong><\/a><\/div>\n<\/div>\n","protected":false},"excerpt":{"rendered":"<p>Estrategia de la marca MWM: los motores de gas y las soluciones completas para el suministro de energ\u00eda descentralizada (plantas de cogeneraci\u00f3n o CHP) ofrecen calidad en todas las \u00e1reas de la cadena de valor.<\/p>\n","protected":false},"author":1,"featured_media":102931,"parent":102928,"menu_order":0,"comment_status":"closed","ping_status":"closed","template":"page-sidebar-template.php","meta":{"_acf_changed":false,"footnotes":""},"tags":[],"class_list":["post-104927","page","type-page","status-publish","has-post-thumbnail","hentry"],"acf":[],"yoast_head":"<!-- This site is optimized with the Yoast SEO Premium plugin v27.2 (Yoast SEO v27.2) - https:\/\/yoast.com\/product\/yoast-seo-premium-wordpress\/ -->\n<title>Estrategia de la marca MWM<\/title>\n<meta name=\"description\" content=\"Estrategia de la marca MWM: los motores de gas y las soluciones completas para el suministro de energ\u00eda descentralizada (plantas de cogeneraci\u00f3n o CHP) ofrecen calidad en todas las \u00e1reas de la cadena de valor.\" \/>\n<meta name=\"robots\" content=\"index, follow, max-snippet:-1, max-image-preview:large, max-video-preview:-1\" \/>\n<link rel=\"canonical\" href=\"https:\/\/www.mwm.net\/es\/esto-es-mwm\/estrategia-de-la-marca-mwm\/\" \/>\n<meta property=\"og:locale\" content=\"es_ES\" \/>\n<meta property=\"og:type\" content=\"article\" \/>\n<meta property=\"og:title\" content=\"Estrategia de la marca MWM\" \/>\n<meta property=\"og:description\" content=\"Estrategia de la marca MWM: los motores de gas y las soluciones completas para el suministro de energ\u00eda descentralizada (plantas de cogeneraci\u00f3n o CHP) ofrecen calidad en todas las \u00e1reas de la cadena de valor.\" \/>\n<meta property=\"og:url\" content=\"https:\/\/www.mwm.net\/es\/esto-es-mwm\/estrategia-de-la-marca-mwm\/\" \/>\n<meta property=\"og:site_name\" content=\"MWM\" \/>\n<meta property=\"article:modified_time\" content=\"2024-11-24T10:52:39+00:00\" \/>\n<meta property=\"og:image\" content=\"https:\/\/www.mwm.net\/wp-content\/uploads\/2021\/04\/Marrkenstrategie.jpg\" \/>\n\t<meta property=\"og:image:width\" content=\"2048\" \/>\n\t<meta property=\"og:image:height\" content=\"1363\" \/>\n\t<meta property=\"og:image:type\" content=\"image\/jpeg\" \/>\n<meta name=\"twitter:card\" content=\"summary_large_image\" \/>\n<meta name=\"twitter:label1\" content=\"Tiempo de lectura\" \/>\n\t<meta name=\"twitter:data1\" content=\"2 minutos\" \/>\n<script type=\"application\/ld+json\" class=\"yoast-schema-graph\">{\"@context\":\"https:\/\/schema.org\",\"@graph\":[{\"@type\":\"WebPage\",\"@id\":\"https:\/\/www.mwm.net\/es\/esto-es-mwm\/estrategia-de-la-marca-mwm\/\",\"url\":\"https:\/\/www.mwm.net\/es\/esto-es-mwm\/estrategia-de-la-marca-mwm\/\",\"name\":\"Estrategia de la marca MWM\",\"isPartOf\":{\"@id\":\"https:\/\/www.mwm.net\/es\/#website\"},\"primaryImageOfPage\":{\"@id\":\"https:\/\/www.mwm.net\/es\/esto-es-mwm\/estrategia-de-la-marca-mwm\/#primaryimage\"},\"image\":{\"@id\":\"https:\/\/www.mwm.net\/es\/esto-es-mwm\/estrategia-de-la-marca-mwm\/#primaryimage\"},\"thumbnailUrl\":\"https:\/\/www.mwm.net\/wp-content\/uploads\/2021\/04\/Marrkenstrategie.jpg\",\"datePublished\":\"2021-03-25T17:14:39+00:00\",\"dateModified\":\"2024-11-24T10:52:39+00:00\",\"description\":\"Estrategia de la marca MWM: los motores de gas y las soluciones completas para el suministro de energ\u00eda descentralizada (plantas de cogeneraci\u00f3n o CHP) ofrecen calidad en todas las \u00e1reas de la cadena de valor.\",\"breadcrumb\":{\"@id\":\"https:\/\/www.mwm.net\/es\/esto-es-mwm\/estrategia-de-la-marca-mwm\/#breadcrumb\"},\"inLanguage\":\"es\",\"potentialAction\":[{\"@type\":\"ReadAction\",\"target\":[\"https:\/\/www.mwm.net\/es\/esto-es-mwm\/estrategia-de-la-marca-mwm\/\"]}]},{\"@type\":\"ImageObject\",\"inLanguage\":\"es\",\"@id\":\"https:\/\/www.mwm.net\/es\/esto-es-mwm\/estrategia-de-la-marca-mwm\/#primaryimage\",\"url\":\"https:\/\/www.mwm.net\/wp-content\/uploads\/2021\/04\/Marrkenstrategie.jpg\",\"contentUrl\":\"https:\/\/www.mwm.net\/wp-content\/uploads\/2021\/04\/Marrkenstrategie.jpg\",\"width\":2048,\"height\":1363},{\"@type\":\"BreadcrumbList\",\"@id\":\"https:\/\/www.mwm.net\/es\/esto-es-mwm\/estrategia-de-la-marca-mwm\/#breadcrumb\",\"itemListElement\":[{\"@type\":\"ListItem\",\"position\":1,\"name\":\"Home\",\"item\":\"https:\/\/www.mwm.net\/es\/\"},{\"@type\":\"ListItem\",\"position\":2,\"name\":\"Esto es MWM\",\"item\":\"https:\/\/www.mwm.net\/es\/esto-es-mwm\/\"},{\"@type\":\"ListItem\",\"position\":3,\"name\":\"Estrategia de la marca MWM\"}]},{\"@type\":\"WebSite\",\"@id\":\"https:\/\/www.mwm.net\/es\/#website\",\"url\":\"https:\/\/www.mwm.net\/es\/\",\"name\":\"MWM\",\"description\":\"\",\"publisher\":{\"@id\":\"https:\/\/www.mwm.net\/es\/#organization\"},\"potentialAction\":[{\"@type\":\"SearchAction\",\"target\":{\"@type\":\"EntryPoint\",\"urlTemplate\":\"https:\/\/www.mwm.net\/es\/?s={search_term_string}\"},\"query-input\":{\"@type\":\"PropertyValueSpecification\",\"valueRequired\":true,\"valueName\":\"search_term_string\"}}],\"inLanguage\":\"es\"},{\"@type\":\"Organization\",\"@id\":\"https:\/\/www.mwm.net\/es\/#organization\",\"name\":\"Caterpillar Energy Solutions GmbH\",\"url\":\"https:\/\/www.mwm.net\/es\/\",\"logo\":{\"@type\":\"ImageObject\",\"inLanguage\":\"es\",\"@id\":\"https:\/\/www.mwm.net\/es\/#\/schema\/logo\/image\/\",\"url\":\"https:\/\/www.mwm.net\/wp-content\/uploads\/2022\/02\/logo2.jpg\",\"contentUrl\":\"https:\/\/www.mwm.net\/wp-content\/uploads\/2022\/02\/logo2.jpg\",\"width\":260,\"height\":142,\"caption\":\"Caterpillar Energy Solutions GmbH\"},\"image\":{\"@id\":\"https:\/\/www.mwm.net\/es\/#\/schema\/logo\/image\/\"}}]}<\/script>\n<!-- \/ Yoast SEO Premium plugin. -->","yoast_head_json":{"title":"Estrategia de la marca MWM","description":"Estrategia de la marca MWM: los motores de gas y las soluciones completas para el suministro de energ\u00eda descentralizada (plantas de cogeneraci\u00f3n o CHP) ofrecen calidad en todas las \u00e1reas de la cadena de valor.","robots":{"index":"index","follow":"follow","max-snippet":"max-snippet:-1","max-image-preview":"max-image-preview:large","max-video-preview":"max-video-preview:-1"},"canonical":"https:\/\/www.mwm.net\/es\/esto-es-mwm\/estrategia-de-la-marca-mwm\/","og_locale":"es_ES","og_type":"article","og_title":"Estrategia de la marca MWM","og_description":"Estrategia de la marca MWM: los motores de gas y las soluciones completas para el suministro de energ\u00eda descentralizada (plantas de cogeneraci\u00f3n o CHP) ofrecen calidad en todas las \u00e1reas de la cadena de valor.","og_url":"https:\/\/www.mwm.net\/es\/esto-es-mwm\/estrategia-de-la-marca-mwm\/","og_site_name":"MWM","article_modified_time":"2024-11-24T10:52:39+00:00","og_image":[{"width":2048,"height":1363,"url":"https:\/\/www.mwm.net\/wp-content\/uploads\/2021\/04\/Marrkenstrategie.jpg","type":"image\/jpeg"}],"twitter_card":"summary_large_image","twitter_misc":{"Tiempo de lectura":"2 minutos"},"schema":{"@context":"https:\/\/schema.org","@graph":[{"@type":"WebPage","@id":"https:\/\/www.mwm.net\/es\/esto-es-mwm\/estrategia-de-la-marca-mwm\/","url":"https:\/\/www.mwm.net\/es\/esto-es-mwm\/estrategia-de-la-marca-mwm\/","name":"Estrategia de la marca MWM","isPartOf":{"@id":"https:\/\/www.mwm.net\/es\/#website"},"primaryImageOfPage":{"@id":"https:\/\/www.mwm.net\/es\/esto-es-mwm\/estrategia-de-la-marca-mwm\/#primaryimage"},"image":{"@id":"https:\/\/www.mwm.net\/es\/esto-es-mwm\/estrategia-de-la-marca-mwm\/#primaryimage"},"thumbnailUrl":"https:\/\/www.mwm.net\/wp-content\/uploads\/2021\/04\/Marrkenstrategie.jpg","datePublished":"2021-03-25T17:14:39+00:00","dateModified":"2024-11-24T10:52:39+00:00","description":"Estrategia de la marca MWM: los motores de gas y las soluciones completas para el suministro de energ\u00eda descentralizada (plantas de cogeneraci\u00f3n o CHP) ofrecen calidad en todas las \u00e1reas de la cadena de valor.","breadcrumb":{"@id":"https:\/\/www.mwm.net\/es\/esto-es-mwm\/estrategia-de-la-marca-mwm\/#breadcrumb"},"inLanguage":"es","potentialAction":[{"@type":"ReadAction","target":["https:\/\/www.mwm.net\/es\/esto-es-mwm\/estrategia-de-la-marca-mwm\/"]}]},{"@type":"ImageObject","inLanguage":"es","@id":"https:\/\/www.mwm.net\/es\/esto-es-mwm\/estrategia-de-la-marca-mwm\/#primaryimage","url":"https:\/\/www.mwm.net\/wp-content\/uploads\/2021\/04\/Marrkenstrategie.jpg","contentUrl":"https:\/\/www.mwm.net\/wp-content\/uploads\/2021\/04\/Marrkenstrategie.jpg","width":2048,"height":1363},{"@type":"BreadcrumbList","@id":"https:\/\/www.mwm.net\/es\/esto-es-mwm\/estrategia-de-la-marca-mwm\/#breadcrumb","itemListElement":[{"@type":"ListItem","position":1,"name":"Home","item":"https:\/\/www.mwm.net\/es\/"},{"@type":"ListItem","position":2,"name":"Esto es MWM","item":"https:\/\/www.mwm.net\/es\/esto-es-mwm\/"},{"@type":"ListItem","position":3,"name":"Estrategia de la marca MWM"}]},{"@type":"WebSite","@id":"https:\/\/www.mwm.net\/es\/#website","url":"https:\/\/www.mwm.net\/es\/","name":"MWM","description":"","publisher":{"@id":"https:\/\/www.mwm.net\/es\/#organization"},"potentialAction":[{"@type":"SearchAction","target":{"@type":"EntryPoint","urlTemplate":"https:\/\/www.mwm.net\/es\/?s={search_term_string}"},"query-input":{"@type":"PropertyValueSpecification","valueRequired":true,"valueName":"search_term_string"}}],"inLanguage":"es"},{"@type":"Organization","@id":"https:\/\/www.mwm.net\/es\/#organization","name":"Caterpillar Energy Solutions GmbH","url":"https:\/\/www.mwm.net\/es\/","logo":{"@type":"ImageObject","inLanguage":"es","@id":"https:\/\/www.mwm.net\/es\/#\/schema\/logo\/image\/","url":"https:\/\/www.mwm.net\/wp-content\/uploads\/2022\/02\/logo2.jpg","contentUrl":"https:\/\/www.mwm.net\/wp-content\/uploads\/2022\/02\/logo2.jpg","width":260,"height":142,"caption":"Caterpillar Energy Solutions GmbH"},"image":{"@id":"https:\/\/www.mwm.net\/es\/#\/schema\/logo\/image\/"}}]}},"_links":{"self":[{"href":"https:\/\/www.mwm.net\/es\/wp-json\/wp\/v2\/pages\/104927","targetHints":{"allow":["GET"]}}],"collection":[{"href":"https:\/\/www.mwm.net\/es\/wp-json\/wp\/v2\/pages"}],"about":[{"href":"https:\/\/www.mwm.net\/es\/wp-json\/wp\/v2\/types\/page"}],"author":[{"embeddable":true,"href":"https:\/\/www.mwm.net\/es\/wp-json\/wp\/v2\/users\/1"}],"replies":[{"embeddable":true,"href":"https:\/\/www.mwm.net\/es\/wp-json\/wp\/v2\/comments?post=104927"}],"version-history":[{"count":5,"href":"https:\/\/www.mwm.net\/es\/wp-json\/wp\/v2\/pages\/104927\/revisions"}],"predecessor-version":[{"id":106394,"href":"https:\/\/www.mwm.net\/es\/wp-json\/wp\/v2\/pages\/104927\/revisions\/106394"}],"up":[{"embeddable":true,"href":"https:\/\/www.mwm.net\/es\/wp-json\/wp\/v2\/pages\/102928"}],"wp:featuredmedia":[{"embeddable":true,"href":"https:\/\/www.mwm.net\/es\/wp-json\/wp\/v2\/media\/102931"}],"wp:attachment":[{"href":"https:\/\/www.mwm.net\/es\/wp-json\/wp\/v2\/media?parent=104927"}],"wp:term":[{"taxonomy":"post_tag","embeddable":true,"href":"https:\/\/www.mwm.net\/es\/wp-json\/wp\/v2\/tags?post=104927"}],"curies":[{"name":"wp","href":"https:\/\/api.w.org\/{rel}","templated":true}]}}