{"id":104937,"date":"2021-03-25T17:27:16","date_gmt":"2021-03-25T17:27:16","guid":{"rendered":"https:\/\/www.mwm.net\/noticias\/pictures-graphics\/"},"modified":"2025-11-13T13:50:45","modified_gmt":"2025-11-13T11:50:45","slug":"imagenes-y-graficos","status":"publish","type":"page","link":"https:\/\/www.mwm.net\/es\/noticias\/imagenes-y-graficos\/","title":{"rendered":"Im\u00e1genes y gr\u00e1ficos"},"content":{"rendered":"<h2>Secuencia de fotos de MWM en flickr<\/h2>\n<p>Nuestras im\u00e1genes de prensa est\u00e1n disponibles <a href=\"https:\/\/www.mwm.net\/en\/flickr-mwm-gas-engines\/\">en la secuencia de fotos de MWM Flickr<\/a>. Puede ver, compartir y descargar las im\u00e1genes.<\/p>\n<p><a title=\"Motores de gas y m\u00e1s: MWM photo stream en flickr\" href=\"https:\/\/www.mwm.net\/en\/flickr-mwm-gas-engines\/\" rel=\"noopener\"><img decoding=\"async\" title=\"MWM photo stream on flickr\" src=\"\/files\/upload\/image\/9244_2_flickr.gif\" \/><\/a><\/p>\n<h2>Descargar<\/h2>\n<p>La descarga es muy sencilla: Si le gusta una imagen que desea descargar, solo tiene que seleccionarla en la secuencia de fotos haciendo clic con el bot\u00f3n izquierdo del rat\u00f3n. En la p\u00e1gina siguiente utilice el enlace respectivo al lado de \u201cDescargar\u201d: \u00abDescargar esta foto en el tama\u00f1o deseado\u00bb. En esta p\u00e1gina tambi\u00e9n puede ver y descargar la imagen en todos los tama\u00f1os disponibles.<\/p>\n<p><a title=\"Secuencia de fotos de MWM en flickr\" href=\"https:\/\/www.mwm.net\/en\/flickr-mwm-gas-engines\/\" rel=\"noopener\"><img decoding=\"async\" src=\"https:\/\/www.mwm.net\/wp-content\/uploads\/2025\/11\/MWM-TCG-Motor-Range-768x395.jpg\" alt=\"Motores de gas MWM - gama de productos\" width=\"768\" height=\"395\" class=\"alignnone size-medium wp-image-111505\" \/><\/a><br \/>\nMotores de gas MWM. Eficiencia en todos los \u00e1mbitos. Motores de gas MWM para plantas de cogeneraci\u00f3n (plantas CHP).<\/p>\n<p>\u00a1Feliz b\u00fasqueda de im\u00e1genes!<\/p>\n<h2>\u00a9 Copyright<\/h2>\n<p>Algunos derechos reservados. Todas las im\u00e1genes y logotipos est\u00e1n sujetos a la siguiente licencia de Creative Commons: Atribuci\u00f3n \u2013 No comercial \u2013 Sin obras derivadas 4.0 Internacional (<a href=\"https:\/\/creativecommons.org\/licenses\/by-nc-nd\/4.0\/deed.de\" target=\"_blank\" rel=\"noopener\">CC BY-NC-ND 4.0<\/a>)<\/p>\n<div class=\"pro_grphc\">\n<div class=\"cntct_rght\"><a href=\"https:\/\/www.mwm.net\/es\/contacto\/contacto-con-ventas\/\">Contacto con ventas <strong>Haga clic aqu\u00ed<\/strong><\/a><\/div>\n<\/div>\n","protected":false},"excerpt":{"rendered":"<p>Im\u00e1genes y gr\u00e1ficos de MWM, uno de los proveedores l\u00edderes en el mundo de plantas de generaci\u00f3n de energ\u00eda descentralizada de alta eficiencia y respetuosas con el medio ambiente. La empresa, con sede en Mannheim, Alemania, cuenta con 150 a\u00f1os de experiencia en el desarrollo y la optimizaci\u00f3n de motores de gas.<\/p>\n","protected":false},"author":1,"featured_media":102956,"parent":102951,"menu_order":0,"comment_status":"closed","ping_status":"closed","template":"page-sidebar-template.php","meta":{"_acf_changed":false,"footnotes":""},"tags":[],"class_list":["post-104937","page","type-page","status-publish","has-post-thumbnail","hentry"],"acf":[],"yoast_head":"<!-- This site is optimized with the Yoast SEO Premium plugin v27.2 (Yoast SEO v27.2) - https:\/\/yoast.com\/product\/yoast-seo-premium-wordpress\/ -->\n<title>Im\u00e1genes y gr\u00e1ficos<\/title>\n<meta name=\"description\" content=\"Im\u00e1genes y gr\u00e1ficos de MWM, uno de los proveedores l\u00edderes en el mundo de plantas de generaci\u00f3n de energ\u00eda descentralizada de alta eficiencia y respetuosas con el medio ambiente.\" \/>\n<meta name=\"robots\" content=\"index, follow, max-snippet:-1, max-image-preview:large, max-video-preview:-1\" \/>\n<link rel=\"canonical\" href=\"https:\/\/www.mwm.net\/es\/noticias\/imagenes-y-graficos\/\" \/>\n<meta property=\"og:locale\" content=\"es_ES\" \/>\n<meta property=\"og:type\" content=\"article\" \/>\n<meta property=\"og:title\" content=\"Im\u00e1genes y gr\u00e1ficos\" \/>\n<meta property=\"og:description\" content=\"Im\u00e1genes y gr\u00e1ficos de MWM, uno de los proveedores l\u00edderes en el mundo de plantas de generaci\u00f3n de energ\u00eda descentralizada de alta eficiencia y respetuosas con el medio ambiente.\" \/>\n<meta property=\"og:url\" content=\"https:\/\/www.mwm.net\/es\/noticias\/imagenes-y-graficos\/\" \/>\n<meta property=\"og:site_name\" content=\"MWM\" \/>\n<meta property=\"article:modified_time\" content=\"2025-11-13T11:50:45+00:00\" \/>\n<meta property=\"og:image\" content=\"https:\/\/www.mwm.net\/wp-content\/uploads\/2021\/04\/press_photos_800-1.jpg\" \/>\n\t<meta property=\"og:image:width\" content=\"800\" \/>\n\t<meta property=\"og:image:height\" content=\"600\" \/>\n\t<meta property=\"og:image:type\" content=\"image\/jpeg\" \/>\n<meta name=\"twitter:card\" content=\"summary_large_image\" \/>\n<meta name=\"twitter:label1\" content=\"Tiempo de lectura\" \/>\n\t<meta name=\"twitter:data1\" content=\"2 minutos\" \/>\n<script type=\"application\/ld+json\" class=\"yoast-schema-graph\">{\"@context\":\"https:\/\/schema.org\",\"@graph\":[{\"@type\":\"WebPage\",\"@id\":\"https:\/\/www.mwm.net\/es\/noticias\/imagenes-y-graficos\/\",\"url\":\"https:\/\/www.mwm.net\/es\/noticias\/imagenes-y-graficos\/\",\"name\":\"Im\u00e1genes y gr\u00e1ficos\",\"isPartOf\":{\"@id\":\"https:\/\/www.mwm.net\/es\/#website\"},\"primaryImageOfPage\":{\"@id\":\"https:\/\/www.mwm.net\/es\/noticias\/imagenes-y-graficos\/#primaryimage\"},\"image\":{\"@id\":\"https:\/\/www.mwm.net\/es\/noticias\/imagenes-y-graficos\/#primaryimage\"},\"thumbnailUrl\":\"https:\/\/www.mwm.net\/wp-content\/uploads\/2021\/04\/press_photos_800-1.jpg\",\"datePublished\":\"2021-03-25T17:27:16+00:00\",\"dateModified\":\"2025-11-13T11:50:45+00:00\",\"description\":\"Im\u00e1genes y gr\u00e1ficos de MWM, uno de los proveedores l\u00edderes en el mundo de plantas de generaci\u00f3n de energ\u00eda descentralizada de alta eficiencia y respetuosas con el medio ambiente.\",\"breadcrumb\":{\"@id\":\"https:\/\/www.mwm.net\/es\/noticias\/imagenes-y-graficos\/#breadcrumb\"},\"inLanguage\":\"es\",\"potentialAction\":[{\"@type\":\"ReadAction\",\"target\":[\"https:\/\/www.mwm.net\/es\/noticias\/imagenes-y-graficos\/\"]}]},{\"@type\":\"ImageObject\",\"inLanguage\":\"es\",\"@id\":\"https:\/\/www.mwm.net\/es\/noticias\/imagenes-y-graficos\/#primaryimage\",\"url\":\"https:\/\/www.mwm.net\/wp-content\/uploads\/2021\/04\/press_photos_800-1.jpg\",\"contentUrl\":\"https:\/\/www.mwm.net\/wp-content\/uploads\/2021\/04\/press_photos_800-1.jpg\",\"width\":800,\"height\":600},{\"@type\":\"BreadcrumbList\",\"@id\":\"https:\/\/www.mwm.net\/es\/noticias\/imagenes-y-graficos\/#breadcrumb\",\"itemListElement\":[{\"@type\":\"ListItem\",\"position\":1,\"name\":\"Home\",\"item\":\"https:\/\/www.mwm.net\/es\/\"},{\"@type\":\"ListItem\",\"position\":2,\"name\":\"Noticias\",\"item\":\"https:\/\/www.mwm.net\/es\/noticias\/\"},{\"@type\":\"ListItem\",\"position\":3,\"name\":\"Im\u00e1genes y gr\u00e1ficos\"}]},{\"@type\":\"WebSite\",\"@id\":\"https:\/\/www.mwm.net\/es\/#website\",\"url\":\"https:\/\/www.mwm.net\/es\/\",\"name\":\"MWM\",\"description\":\"\",\"publisher\":{\"@id\":\"https:\/\/www.mwm.net\/es\/#organization\"},\"potentialAction\":[{\"@type\":\"SearchAction\",\"target\":{\"@type\":\"EntryPoint\",\"urlTemplate\":\"https:\/\/www.mwm.net\/es\/?s={search_term_string}\"},\"query-input\":{\"@type\":\"PropertyValueSpecification\",\"valueRequired\":true,\"valueName\":\"search_term_string\"}}],\"inLanguage\":\"es\"},{\"@type\":\"Organization\",\"@id\":\"https:\/\/www.mwm.net\/es\/#organization\",\"name\":\"Caterpillar Energy Solutions GmbH\",\"url\":\"https:\/\/www.mwm.net\/es\/\",\"logo\":{\"@type\":\"ImageObject\",\"inLanguage\":\"es\",\"@id\":\"https:\/\/www.mwm.net\/es\/#\/schema\/logo\/image\/\",\"url\":\"https:\/\/www.mwm.net\/wp-content\/uploads\/2022\/02\/logo2.jpg\",\"contentUrl\":\"https:\/\/www.mwm.net\/wp-content\/uploads\/2022\/02\/logo2.jpg\",\"width\":260,\"height\":142,\"caption\":\"Caterpillar Energy Solutions GmbH\"},\"image\":{\"@id\":\"https:\/\/www.mwm.net\/es\/#\/schema\/logo\/image\/\"}}]}<\/script>\n<!-- \/ Yoast SEO Premium plugin. -->","yoast_head_json":{"title":"Im\u00e1genes y gr\u00e1ficos","description":"Im\u00e1genes y gr\u00e1ficos de MWM, uno de los proveedores l\u00edderes en el mundo de plantas de generaci\u00f3n de energ\u00eda descentralizada de alta eficiencia y respetuosas con el medio ambiente.","robots":{"index":"index","follow":"follow","max-snippet":"max-snippet:-1","max-image-preview":"max-image-preview:large","max-video-preview":"max-video-preview:-1"},"canonical":"https:\/\/www.mwm.net\/es\/noticias\/imagenes-y-graficos\/","og_locale":"es_ES","og_type":"article","og_title":"Im\u00e1genes y gr\u00e1ficos","og_description":"Im\u00e1genes y gr\u00e1ficos de MWM, uno de los proveedores l\u00edderes en el mundo de plantas de generaci\u00f3n de energ\u00eda descentralizada de alta eficiencia y respetuosas con el medio ambiente.","og_url":"https:\/\/www.mwm.net\/es\/noticias\/imagenes-y-graficos\/","og_site_name":"MWM","article_modified_time":"2025-11-13T11:50:45+00:00","og_image":[{"width":800,"height":600,"url":"https:\/\/www.mwm.net\/wp-content\/uploads\/2021\/04\/press_photos_800-1.jpg","type":"image\/jpeg"}],"twitter_card":"summary_large_image","twitter_misc":{"Tiempo de lectura":"2 minutos"},"schema":{"@context":"https:\/\/schema.org","@graph":[{"@type":"WebPage","@id":"https:\/\/www.mwm.net\/es\/noticias\/imagenes-y-graficos\/","url":"https:\/\/www.mwm.net\/es\/noticias\/imagenes-y-graficos\/","name":"Im\u00e1genes y gr\u00e1ficos","isPartOf":{"@id":"https:\/\/www.mwm.net\/es\/#website"},"primaryImageOfPage":{"@id":"https:\/\/www.mwm.net\/es\/noticias\/imagenes-y-graficos\/#primaryimage"},"image":{"@id":"https:\/\/www.mwm.net\/es\/noticias\/imagenes-y-graficos\/#primaryimage"},"thumbnailUrl":"https:\/\/www.mwm.net\/wp-content\/uploads\/2021\/04\/press_photos_800-1.jpg","datePublished":"2021-03-25T17:27:16+00:00","dateModified":"2025-11-13T11:50:45+00:00","description":"Im\u00e1genes y gr\u00e1ficos de MWM, uno de los proveedores l\u00edderes en el mundo de plantas de generaci\u00f3n de energ\u00eda descentralizada de alta eficiencia y respetuosas con el medio ambiente.","breadcrumb":{"@id":"https:\/\/www.mwm.net\/es\/noticias\/imagenes-y-graficos\/#breadcrumb"},"inLanguage":"es","potentialAction":[{"@type":"ReadAction","target":["https:\/\/www.mwm.net\/es\/noticias\/imagenes-y-graficos\/"]}]},{"@type":"ImageObject","inLanguage":"es","@id":"https:\/\/www.mwm.net\/es\/noticias\/imagenes-y-graficos\/#primaryimage","url":"https:\/\/www.mwm.net\/wp-content\/uploads\/2021\/04\/press_photos_800-1.jpg","contentUrl":"https:\/\/www.mwm.net\/wp-content\/uploads\/2021\/04\/press_photos_800-1.jpg","width":800,"height":600},{"@type":"BreadcrumbList","@id":"https:\/\/www.mwm.net\/es\/noticias\/imagenes-y-graficos\/#breadcrumb","itemListElement":[{"@type":"ListItem","position":1,"name":"Home","item":"https:\/\/www.mwm.net\/es\/"},{"@type":"ListItem","position":2,"name":"Noticias","item":"https:\/\/www.mwm.net\/es\/noticias\/"},{"@type":"ListItem","position":3,"name":"Im\u00e1genes y gr\u00e1ficos"}]},{"@type":"WebSite","@id":"https:\/\/www.mwm.net\/es\/#website","url":"https:\/\/www.mwm.net\/es\/","name":"MWM","description":"","publisher":{"@id":"https:\/\/www.mwm.net\/es\/#organization"},"potentialAction":[{"@type":"SearchAction","target":{"@type":"EntryPoint","urlTemplate":"https:\/\/www.mwm.net\/es\/?s={search_term_string}"},"query-input":{"@type":"PropertyValueSpecification","valueRequired":true,"valueName":"search_term_string"}}],"inLanguage":"es"},{"@type":"Organization","@id":"https:\/\/www.mwm.net\/es\/#organization","name":"Caterpillar Energy Solutions GmbH","url":"https:\/\/www.mwm.net\/es\/","logo":{"@type":"ImageObject","inLanguage":"es","@id":"https:\/\/www.mwm.net\/es\/#\/schema\/logo\/image\/","url":"https:\/\/www.mwm.net\/wp-content\/uploads\/2022\/02\/logo2.jpg","contentUrl":"https:\/\/www.mwm.net\/wp-content\/uploads\/2022\/02\/logo2.jpg","width":260,"height":142,"caption":"Caterpillar Energy Solutions GmbH"},"image":{"@id":"https:\/\/www.mwm.net\/es\/#\/schema\/logo\/image\/"}}]}},"_links":{"self":[{"href":"https:\/\/www.mwm.net\/es\/wp-json\/wp\/v2\/pages\/104937","targetHints":{"allow":["GET"]}}],"collection":[{"href":"https:\/\/www.mwm.net\/es\/wp-json\/wp\/v2\/pages"}],"about":[{"href":"https:\/\/www.mwm.net\/es\/wp-json\/wp\/v2\/types\/page"}],"author":[{"embeddable":true,"href":"https:\/\/www.mwm.net\/es\/wp-json\/wp\/v2\/users\/1"}],"replies":[{"embeddable":true,"href":"https:\/\/www.mwm.net\/es\/wp-json\/wp\/v2\/comments?post=104937"}],"version-history":[{"count":5,"href":"https:\/\/www.mwm.net\/es\/wp-json\/wp\/v2\/pages\/104937\/revisions"}],"predecessor-version":[{"id":111507,"href":"https:\/\/www.mwm.net\/es\/wp-json\/wp\/v2\/pages\/104937\/revisions\/111507"}],"up":[{"embeddable":true,"href":"https:\/\/www.mwm.net\/es\/wp-json\/wp\/v2\/pages\/102951"}],"wp:featuredmedia":[{"embeddable":true,"href":"https:\/\/www.mwm.net\/es\/wp-json\/wp\/v2\/media\/102956"}],"wp:attachment":[{"href":"https:\/\/www.mwm.net\/es\/wp-json\/wp\/v2\/media?parent=104937"}],"wp:term":[{"taxonomy":"post_tag","embeddable":true,"href":"https:\/\/www.mwm.net\/es\/wp-json\/wp\/v2\/tags?post=104937"}],"curies":[{"name":"wp","href":"https:\/\/api.w.org\/{rel}","templated":true}]}}