{"id":104943,"date":"2021-03-25T17:30:04","date_gmt":"2021-03-25T17:30:04","guid":{"rendered":"https:\/\/www.mwm.net\/noticias\/media-mailing-list\/"},"modified":"2024-11-13T15:35:00","modified_gmt":"2024-11-13T13:35:00","slug":"lista-de-correo-de-medios","status":"publish","type":"page","link":"https:\/\/www.mwm.net\/es\/noticias\/lista-de-correo-de-medios\/","title":{"rendered":"Lista de correo de medios"},"content":{"rendered":"<div class=\"patch-content\">\n<p>\u00bfEs usted periodista, editor o bloguero profesional y le gustar\u00eda que le informemos peri\u00f3dicamente sobre temas de actualidad y novedades sobre nuestra empresa, productos, servicios o innovaciones y tecnolog\u00edas?<\/p>\n<p>S\u00f3lo tiene que enviarnos un correo electr\u00f3nico solicitando ser a\u00f1adido a nuestra lista de correo de medios.<\/p>\n<p>Respetamos su privacidad y utilizaremos sus datos \u00fanicamente para enviar nuestros comunicados de prensa. Puede revisar los detalles de nuestra <a href=\"https:\/\/www.mwm.net\/es\/privacidad\/\">pol\u00edtica de privacidad\/a> aqu\u00ed.  <\/p>\n<p>E <a href=\"mailto:mwm-press@cat.com\">mwm-press@cat.com<\/a><\/p>\n<\/div>\n<div class=\"pro_grphc\">\n<div class=\"cntct_rght\"><a href=\"\/es\/contacto\/contacto-con-ventas\">Contacto con ventas <strong>Haga clic aqu\u00ed<\/strong><\/a><\/div>\n<\/div>\n","protected":false},"excerpt":{"rendered":"<p>Suscr\u00edbase a nuestra lista de distribuci\u00f3n de medios y a las \u00faltimas actualizaciones de MWM.<\/p>\n","protected":false},"author":1,"featured_media":102965,"parent":102951,"menu_order":0,"comment_status":"closed","ping_status":"closed","template":"page-sidebar-template.php","meta":{"_acf_changed":false,"footnotes":""},"tags":[],"class_list":["post-104943","page","type-page","status-publish","has-post-thumbnail","hentry"],"acf":[],"yoast_head":"<!-- This site is optimized with the Yoast SEO Premium plugin v27.2 (Yoast SEO v27.2) - https:\/\/yoast.com\/product\/yoast-seo-premium-wordpress\/ -->\n<title>Lista de correo de medios<\/title>\n<meta name=\"description\" content=\"Suscr\u00edbase a nuestra lista de distribuci\u00f3n de medios y a las \u00faltimas actualizaciones de MWM.\" \/>\n<meta name=\"robots\" content=\"index, follow, max-snippet:-1, max-image-preview:large, max-video-preview:-1\" \/>\n<link rel=\"canonical\" href=\"https:\/\/www.mwm.net\/es\/noticias\/lista-de-correo-de-medios\/\" \/>\n<meta property=\"og:locale\" content=\"es_ES\" \/>\n<meta property=\"og:type\" content=\"article\" \/>\n<meta property=\"og:title\" content=\"Lista de correo de medios\" \/>\n<meta property=\"og:description\" content=\"Suscr\u00edbase a nuestra lista de distribuci\u00f3n de medios y a las \u00faltimas actualizaciones de MWM.\" \/>\n<meta property=\"og:url\" content=\"https:\/\/www.mwm.net\/es\/noticias\/lista-de-correo-de-medios\/\" \/>\n<meta property=\"og:site_name\" content=\"MWM\" \/>\n<meta property=\"article:modified_time\" content=\"2024-11-13T13:35:00+00:00\" \/>\n<meta property=\"og:image\" content=\"https:\/\/www.mwm.net\/wp-content\/uploads\/2021\/06\/mwm_medienverteiler.jpg\" \/>\n\t<meta property=\"og:image:width\" content=\"800\" \/>\n\t<meta property=\"og:image:height\" content=\"521\" \/>\n\t<meta property=\"og:image:type\" content=\"image\/jpeg\" \/>\n<meta name=\"twitter:card\" content=\"summary_large_image\" \/>\n<meta name=\"twitter:label1\" content=\"Tiempo de lectura\" \/>\n\t<meta name=\"twitter:data1\" content=\"1 minuto\" \/>\n<script type=\"application\/ld+json\" class=\"yoast-schema-graph\">{\"@context\":\"https:\/\/schema.org\",\"@graph\":[{\"@type\":\"WebPage\",\"@id\":\"https:\/\/www.mwm.net\/es\/noticias\/lista-de-correo-de-medios\/\",\"url\":\"https:\/\/www.mwm.net\/es\/noticias\/lista-de-correo-de-medios\/\",\"name\":\"Lista de correo de medios\",\"isPartOf\":{\"@id\":\"https:\/\/www.mwm.net\/es\/#website\"},\"primaryImageOfPage\":{\"@id\":\"https:\/\/www.mwm.net\/es\/noticias\/lista-de-correo-de-medios\/#primaryimage\"},\"image\":{\"@id\":\"https:\/\/www.mwm.net\/es\/noticias\/lista-de-correo-de-medios\/#primaryimage\"},\"thumbnailUrl\":\"https:\/\/www.mwm.net\/wp-content\/uploads\/2021\/06\/mwm_medienverteiler.jpg\",\"datePublished\":\"2021-03-25T17:30:04+00:00\",\"dateModified\":\"2024-11-13T13:35:00+00:00\",\"description\":\"Suscr\u00edbase a nuestra lista de distribuci\u00f3n de medios y a las \u00faltimas actualizaciones de MWM.\",\"breadcrumb\":{\"@id\":\"https:\/\/www.mwm.net\/es\/noticias\/lista-de-correo-de-medios\/#breadcrumb\"},\"inLanguage\":\"es\",\"potentialAction\":[{\"@type\":\"ReadAction\",\"target\":[\"https:\/\/www.mwm.net\/es\/noticias\/lista-de-correo-de-medios\/\"]}]},{\"@type\":\"ImageObject\",\"inLanguage\":\"es\",\"@id\":\"https:\/\/www.mwm.net\/es\/noticias\/lista-de-correo-de-medios\/#primaryimage\",\"url\":\"https:\/\/www.mwm.net\/wp-content\/uploads\/2021\/06\/mwm_medienverteiler.jpg\",\"contentUrl\":\"https:\/\/www.mwm.net\/wp-content\/uploads\/2021\/06\/mwm_medienverteiler.jpg\",\"width\":800,\"height\":521},{\"@type\":\"BreadcrumbList\",\"@id\":\"https:\/\/www.mwm.net\/es\/noticias\/lista-de-correo-de-medios\/#breadcrumb\",\"itemListElement\":[{\"@type\":\"ListItem\",\"position\":1,\"name\":\"Home\",\"item\":\"https:\/\/www.mwm.net\/es\/\"},{\"@type\":\"ListItem\",\"position\":2,\"name\":\"Noticias\",\"item\":\"https:\/\/www.mwm.net\/es\/noticias\/\"},{\"@type\":\"ListItem\",\"position\":3,\"name\":\"Lista de correo de medios\"}]},{\"@type\":\"WebSite\",\"@id\":\"https:\/\/www.mwm.net\/es\/#website\",\"url\":\"https:\/\/www.mwm.net\/es\/\",\"name\":\"MWM\",\"description\":\"\",\"publisher\":{\"@id\":\"https:\/\/www.mwm.net\/es\/#organization\"},\"potentialAction\":[{\"@type\":\"SearchAction\",\"target\":{\"@type\":\"EntryPoint\",\"urlTemplate\":\"https:\/\/www.mwm.net\/es\/?s={search_term_string}\"},\"query-input\":{\"@type\":\"PropertyValueSpecification\",\"valueRequired\":true,\"valueName\":\"search_term_string\"}}],\"inLanguage\":\"es\"},{\"@type\":\"Organization\",\"@id\":\"https:\/\/www.mwm.net\/es\/#organization\",\"name\":\"Caterpillar Energy Solutions GmbH\",\"url\":\"https:\/\/www.mwm.net\/es\/\",\"logo\":{\"@type\":\"ImageObject\",\"inLanguage\":\"es\",\"@id\":\"https:\/\/www.mwm.net\/es\/#\/schema\/logo\/image\/\",\"url\":\"https:\/\/www.mwm.net\/wp-content\/uploads\/2022\/02\/logo2.jpg\",\"contentUrl\":\"https:\/\/www.mwm.net\/wp-content\/uploads\/2022\/02\/logo2.jpg\",\"width\":260,\"height\":142,\"caption\":\"Caterpillar Energy Solutions GmbH\"},\"image\":{\"@id\":\"https:\/\/www.mwm.net\/es\/#\/schema\/logo\/image\/\"}}]}<\/script>\n<!-- \/ Yoast SEO Premium plugin. -->","yoast_head_json":{"title":"Lista de correo de medios","description":"Suscr\u00edbase a nuestra lista de distribuci\u00f3n de medios y a las \u00faltimas actualizaciones de MWM.","robots":{"index":"index","follow":"follow","max-snippet":"max-snippet:-1","max-image-preview":"max-image-preview:large","max-video-preview":"max-video-preview:-1"},"canonical":"https:\/\/www.mwm.net\/es\/noticias\/lista-de-correo-de-medios\/","og_locale":"es_ES","og_type":"article","og_title":"Lista de correo de medios","og_description":"Suscr\u00edbase a nuestra lista de distribuci\u00f3n de medios y a las \u00faltimas actualizaciones de MWM.","og_url":"https:\/\/www.mwm.net\/es\/noticias\/lista-de-correo-de-medios\/","og_site_name":"MWM","article_modified_time":"2024-11-13T13:35:00+00:00","og_image":[{"width":800,"height":521,"url":"https:\/\/www.mwm.net\/wp-content\/uploads\/2021\/06\/mwm_medienverteiler.jpg","type":"image\/jpeg"}],"twitter_card":"summary_large_image","twitter_misc":{"Tiempo de lectura":"1 minuto"},"schema":{"@context":"https:\/\/schema.org","@graph":[{"@type":"WebPage","@id":"https:\/\/www.mwm.net\/es\/noticias\/lista-de-correo-de-medios\/","url":"https:\/\/www.mwm.net\/es\/noticias\/lista-de-correo-de-medios\/","name":"Lista de correo de medios","isPartOf":{"@id":"https:\/\/www.mwm.net\/es\/#website"},"primaryImageOfPage":{"@id":"https:\/\/www.mwm.net\/es\/noticias\/lista-de-correo-de-medios\/#primaryimage"},"image":{"@id":"https:\/\/www.mwm.net\/es\/noticias\/lista-de-correo-de-medios\/#primaryimage"},"thumbnailUrl":"https:\/\/www.mwm.net\/wp-content\/uploads\/2021\/06\/mwm_medienverteiler.jpg","datePublished":"2021-03-25T17:30:04+00:00","dateModified":"2024-11-13T13:35:00+00:00","description":"Suscr\u00edbase a nuestra lista de distribuci\u00f3n de medios y a las \u00faltimas actualizaciones de MWM.","breadcrumb":{"@id":"https:\/\/www.mwm.net\/es\/noticias\/lista-de-correo-de-medios\/#breadcrumb"},"inLanguage":"es","potentialAction":[{"@type":"ReadAction","target":["https:\/\/www.mwm.net\/es\/noticias\/lista-de-correo-de-medios\/"]}]},{"@type":"ImageObject","inLanguage":"es","@id":"https:\/\/www.mwm.net\/es\/noticias\/lista-de-correo-de-medios\/#primaryimage","url":"https:\/\/www.mwm.net\/wp-content\/uploads\/2021\/06\/mwm_medienverteiler.jpg","contentUrl":"https:\/\/www.mwm.net\/wp-content\/uploads\/2021\/06\/mwm_medienverteiler.jpg","width":800,"height":521},{"@type":"BreadcrumbList","@id":"https:\/\/www.mwm.net\/es\/noticias\/lista-de-correo-de-medios\/#breadcrumb","itemListElement":[{"@type":"ListItem","position":1,"name":"Home","item":"https:\/\/www.mwm.net\/es\/"},{"@type":"ListItem","position":2,"name":"Noticias","item":"https:\/\/www.mwm.net\/es\/noticias\/"},{"@type":"ListItem","position":3,"name":"Lista de correo de medios"}]},{"@type":"WebSite","@id":"https:\/\/www.mwm.net\/es\/#website","url":"https:\/\/www.mwm.net\/es\/","name":"MWM","description":"","publisher":{"@id":"https:\/\/www.mwm.net\/es\/#organization"},"potentialAction":[{"@type":"SearchAction","target":{"@type":"EntryPoint","urlTemplate":"https:\/\/www.mwm.net\/es\/?s={search_term_string}"},"query-input":{"@type":"PropertyValueSpecification","valueRequired":true,"valueName":"search_term_string"}}],"inLanguage":"es"},{"@type":"Organization","@id":"https:\/\/www.mwm.net\/es\/#organization","name":"Caterpillar Energy Solutions GmbH","url":"https:\/\/www.mwm.net\/es\/","logo":{"@type":"ImageObject","inLanguage":"es","@id":"https:\/\/www.mwm.net\/es\/#\/schema\/logo\/image\/","url":"https:\/\/www.mwm.net\/wp-content\/uploads\/2022\/02\/logo2.jpg","contentUrl":"https:\/\/www.mwm.net\/wp-content\/uploads\/2022\/02\/logo2.jpg","width":260,"height":142,"caption":"Caterpillar Energy Solutions GmbH"},"image":{"@id":"https:\/\/www.mwm.net\/es\/#\/schema\/logo\/image\/"}}]}},"_links":{"self":[{"href":"https:\/\/www.mwm.net\/es\/wp-json\/wp\/v2\/pages\/104943","targetHints":{"allow":["GET"]}}],"collection":[{"href":"https:\/\/www.mwm.net\/es\/wp-json\/wp\/v2\/pages"}],"about":[{"href":"https:\/\/www.mwm.net\/es\/wp-json\/wp\/v2\/types\/page"}],"author":[{"embeddable":true,"href":"https:\/\/www.mwm.net\/es\/wp-json\/wp\/v2\/users\/1"}],"replies":[{"embeddable":true,"href":"https:\/\/www.mwm.net\/es\/wp-json\/wp\/v2\/comments?post=104943"}],"version-history":[{"count":4,"href":"https:\/\/www.mwm.net\/es\/wp-json\/wp\/v2\/pages\/104943\/revisions"}],"predecessor-version":[{"id":105816,"href":"https:\/\/www.mwm.net\/es\/wp-json\/wp\/v2\/pages\/104943\/revisions\/105816"}],"up":[{"embeddable":true,"href":"https:\/\/www.mwm.net\/es\/wp-json\/wp\/v2\/pages\/102951"}],"wp:featuredmedia":[{"embeddable":true,"href":"https:\/\/www.mwm.net\/es\/wp-json\/wp\/v2\/media\/102965"}],"wp:attachment":[{"href":"https:\/\/www.mwm.net\/es\/wp-json\/wp\/v2\/media?parent=104943"}],"wp:term":[{"taxonomy":"post_tag","embeddable":true,"href":"https:\/\/www.mwm.net\/es\/wp-json\/wp\/v2\/tags?post=104943"}],"curies":[{"name":"wp","href":"https:\/\/api.w.org\/{rel}","templated":true}]}}