{"id":104953,"date":"2021-03-25T17:37:05","date_gmt":"2021-03-25T17:37:05","guid":{"rendered":"https:\/\/www.mwm.net\/cursos\/learning-center-service-es\/seminar-program\/"},"modified":"2026-03-20T13:58:59","modified_gmt":"2026-03-20T11:58:59","slug":"programa-de-seminarios","status":"publish","type":"page","link":"https:\/\/www.mwm.net\/es\/cursos\/learning-center-service-es\/programa-de-seminarios\/","title":{"rendered":"Programa de seminarios"},"content":{"rendered":"<h2>Capacitaci\u00f3n en el uso y mantenimiento de los grupos electr\u00f3genos y plantas MWM<\/h2>\n<p>En el Learning Center Service de MWM, instructores cualificados ense\u00f1an el correcto uso y mantenimiento de los grupos electr\u00f3genos y plantas MWM. En los cursos impartidos en el Learning Center Service de Mannheim o en las instalaciones del cliente, los participantes adquieren conocimientos te\u00f3ricos y aprenden el uso pr\u00e1ctico de los distintos tipos de grupos electr\u00f3genos. En funci\u00f3n de su nivel de conocimientos, los participantes del seminario pueden elegir entre una variedad de cursos sucesivos o seminarios individuales compactos sobre temas espec\u00edficos.<\/p>\n<p>Los m\u00f3dulos de capacitaci\u00f3n de libre elecci\u00f3n permiten una formaci\u00f3n orientada al usuario y ofrecen a los participantes del curso un alto grado de flexibilidad. En funci\u00f3n de la cualificaci\u00f3n del operador, las ofertas de formaci\u00f3n personalizadas imparten al usuario competencias para el uso correcto de las plantas, tareas de revisi\u00f3n peri\u00f3dicas, identificaci\u00f3n y eliminaci\u00f3n temprana de problemas y trabajos de mantenimiento sencillos.<\/p>\n<h2>De la teor\u00eda a la pr\u00e1ctica<\/h2>\n<p>usuario y ofrecen a los participantes del curso un alto grado de flexibilidad. En funci\u00f3n de la cualificaci\u00f3n del operador, las ofertas de formaci\u00f3n personalizadas imparten al usuario competencias para el uso correcto de las plantas, tareas de revisi\u00f3n peri\u00f3dicas, identificaci\u00f3n y eliminaci\u00f3n temprana de problemas y trabajos de mantenimiento sencillos.<\/p>\n<h2>Programa de seminarios para motores de gas y otros grupos electr\u00f3genos MWM<\/h2>\n<h3 style=\"margin-bottom:12px; padding-bottom:0;\">Temas 2026<\/h3>\n<ul style=\"margin-bottom:24px;\">\n<li>Organizaci\u00f3n de servicios de MWM<\/li>\n<li>Programas de mantenimiento<\/li>\n<li>LTSA \/ Contratos de servicio<\/li>\n<li>Productos de servicio<\/li>\n<li>Negocio X-Change<\/li>\n<li>Kits de piezas de repuesto<\/li>\n<li>Centro de formaci\u00f3n y puesta en marcha<\/li>\n<li>Visita: Centro de servicio y X-Change<\/li>\n<li>Visita: Taller del centro de formaci\u00f3n y MPP<\/li>\n<li>MSA\/PPE<\/li>\n<li>Evaluaci\u00f3n de socios<\/li>\n<\/ul>\n<h3 style=\"margin-bottom:12px; padding-bottom:0;\">Fechas 2026<\/h3>\n<ul style=\"margin-bottom:24px;\">\n<li>03.02. \u2013 05.02.<\/li>\n<li>14.02. \u2013 16.02. (en alem\u00e1n)<\/li>\n<li>14.07. \u2013 16.07.<\/li>\n<li>10.11. \u2013 12.11.<\/li>\n<\/ul>\n<p>Reg\u00edstrese ahora en el Learning Center Service de: <a href=\"https:\/\/ces.docebosaas.com\/learn\/courses\/199\/mwm-basic-service-sales-training\" target=\"_blank\" rel=\"noopener\">https:\/\/ces.docebosaas.com\/learn\/courses\/199\/mwm-basic-service-sales-training<\/a><\/p>\n","protected":false},"excerpt":{"rendered":"<p>El programa de seminarios MWM ofrece a clientes y operadores conocimientos s\u00f3lidos, desde los fundamentos te\u00f3ricos hasta la aplicaci\u00f3n pr\u00e1ctica.<\/p>\n","protected":false},"author":1,"featured_media":103064,"parent":104949,"menu_order":0,"comment_status":"closed","ping_status":"closed","template":"page-sidebar-template.php","meta":{"_acf_changed":false,"footnotes":""},"tags":[],"class_list":["post-104953","page","type-page","status-publish","has-post-thumbnail","hentry"],"acf":[],"yoast_head":"<!-- This site is optimized with the Yoast SEO Premium plugin v27.2 (Yoast SEO v27.2) - https:\/\/yoast.com\/product\/yoast-seo-premium-wordpress\/ -->\n<title>Programa de seminarios<\/title>\n<meta name=\"description\" content=\"El programa de seminarios MWM ofrece a clientes y operadores conocimientos s\u00f3lidos, desde los fundamentos te\u00f3ricos hasta la aplicaci\u00f3n pr\u00e1ctica.\" \/>\n<meta name=\"robots\" content=\"index, follow, max-snippet:-1, max-image-preview:large, max-video-preview:-1\" \/>\n<link rel=\"canonical\" href=\"https:\/\/www.mwm.net\/es\/cursos\/learning-center-service-es\/programa-de-seminarios\/\" \/>\n<meta property=\"og:locale\" content=\"es_ES\" \/>\n<meta property=\"og:type\" content=\"article\" \/>\n<meta property=\"og:title\" content=\"Programa de seminarios\" \/>\n<meta property=\"og:description\" content=\"El programa de seminarios MWM ofrece a clientes y operadores conocimientos s\u00f3lidos, desde los fundamentos te\u00f3ricos hasta la aplicaci\u00f3n pr\u00e1ctica.\" \/>\n<meta property=\"og:url\" content=\"https:\/\/www.mwm.net\/es\/cursos\/learning-center-service-es\/programa-de-seminarios\/\" \/>\n<meta property=\"og:site_name\" content=\"MWM\" \/>\n<meta property=\"article:modified_time\" content=\"2026-03-20T11:58:59+00:00\" \/>\n<meta property=\"og:image\" content=\"https:\/\/www.mwm.net\/wp-content\/uploads\/2021\/04\/serivce-trainings-pogramm_8.jpg\" \/>\n\t<meta property=\"og:image:width\" content=\"800\" \/>\n\t<meta property=\"og:image:height\" content=\"600\" \/>\n\t<meta property=\"og:image:type\" content=\"image\/jpeg\" \/>\n<meta name=\"twitter:card\" content=\"summary_large_image\" \/>\n<meta name=\"twitter:label1\" content=\"Tiempo de lectura\" \/>\n\t<meta name=\"twitter:data1\" content=\"2 minutos\" \/>\n<script type=\"application\/ld+json\" class=\"yoast-schema-graph\">{\"@context\":\"https:\/\/schema.org\",\"@graph\":[{\"@type\":\"WebPage\",\"@id\":\"https:\/\/www.mwm.net\/es\/cursos\/learning-center-service-es\/programa-de-seminarios\/\",\"url\":\"https:\/\/www.mwm.net\/es\/cursos\/learning-center-service-es\/programa-de-seminarios\/\",\"name\":\"Programa de seminarios\",\"isPartOf\":{\"@id\":\"https:\/\/www.mwm.net\/es\/#website\"},\"primaryImageOfPage\":{\"@id\":\"https:\/\/www.mwm.net\/es\/cursos\/learning-center-service-es\/programa-de-seminarios\/#primaryimage\"},\"image\":{\"@id\":\"https:\/\/www.mwm.net\/es\/cursos\/learning-center-service-es\/programa-de-seminarios\/#primaryimage\"},\"thumbnailUrl\":\"https:\/\/www.mwm.net\/wp-content\/uploads\/2021\/04\/serivce-trainings-pogramm_8.jpg\",\"datePublished\":\"2021-03-25T17:37:05+00:00\",\"dateModified\":\"2026-03-20T11:58:59+00:00\",\"description\":\"El programa de seminarios MWM ofrece a clientes y operadores conocimientos s\u00f3lidos, desde los fundamentos te\u00f3ricos hasta la aplicaci\u00f3n pr\u00e1ctica.\",\"breadcrumb\":{\"@id\":\"https:\/\/www.mwm.net\/es\/cursos\/learning-center-service-es\/programa-de-seminarios\/#breadcrumb\"},\"inLanguage\":\"es\",\"potentialAction\":[{\"@type\":\"ReadAction\",\"target\":[\"https:\/\/www.mwm.net\/es\/cursos\/learning-center-service-es\/programa-de-seminarios\/\"]}]},{\"@type\":\"ImageObject\",\"inLanguage\":\"es\",\"@id\":\"https:\/\/www.mwm.net\/es\/cursos\/learning-center-service-es\/programa-de-seminarios\/#primaryimage\",\"url\":\"https:\/\/www.mwm.net\/wp-content\/uploads\/2021\/04\/serivce-trainings-pogramm_8.jpg\",\"contentUrl\":\"https:\/\/www.mwm.net\/wp-content\/uploads\/2021\/04\/serivce-trainings-pogramm_8.jpg\",\"width\":800,\"height\":600},{\"@type\":\"BreadcrumbList\",\"@id\":\"https:\/\/www.mwm.net\/es\/cursos\/learning-center-service-es\/programa-de-seminarios\/#breadcrumb\",\"itemListElement\":[{\"@type\":\"ListItem\",\"position\":1,\"name\":\"Home\",\"item\":\"https:\/\/www.mwm.net\/es\/\"},{\"@type\":\"ListItem\",\"position\":2,\"name\":\"Cursos\",\"item\":\"https:\/\/www.mwm.net\/es\/cursos\/\"},{\"@type\":\"ListItem\",\"position\":3,\"name\":\"Learning Center Service\",\"item\":\"https:\/\/www.mwm.net\/es\/cursos\/learning-center-service-es\/\"},{\"@type\":\"ListItem\",\"position\":4,\"name\":\"Programa de seminarios\"}]},{\"@type\":\"WebSite\",\"@id\":\"https:\/\/www.mwm.net\/es\/#website\",\"url\":\"https:\/\/www.mwm.net\/es\/\",\"name\":\"MWM\",\"description\":\"\",\"publisher\":{\"@id\":\"https:\/\/www.mwm.net\/es\/#organization\"},\"potentialAction\":[{\"@type\":\"SearchAction\",\"target\":{\"@type\":\"EntryPoint\",\"urlTemplate\":\"https:\/\/www.mwm.net\/es\/?s={search_term_string}\"},\"query-input\":{\"@type\":\"PropertyValueSpecification\",\"valueRequired\":true,\"valueName\":\"search_term_string\"}}],\"inLanguage\":\"es\"},{\"@type\":\"Organization\",\"@id\":\"https:\/\/www.mwm.net\/es\/#organization\",\"name\":\"Caterpillar Energy Solutions GmbH\",\"url\":\"https:\/\/www.mwm.net\/es\/\",\"logo\":{\"@type\":\"ImageObject\",\"inLanguage\":\"es\",\"@id\":\"https:\/\/www.mwm.net\/es\/#\/schema\/logo\/image\/\",\"url\":\"https:\/\/www.mwm.net\/wp-content\/uploads\/2022\/02\/logo2.jpg\",\"contentUrl\":\"https:\/\/www.mwm.net\/wp-content\/uploads\/2022\/02\/logo2.jpg\",\"width\":260,\"height\":142,\"caption\":\"Caterpillar Energy Solutions GmbH\"},\"image\":{\"@id\":\"https:\/\/www.mwm.net\/es\/#\/schema\/logo\/image\/\"}}]}<\/script>\n<!-- \/ Yoast SEO Premium plugin. -->","yoast_head_json":{"title":"Programa de seminarios","description":"El programa de seminarios MWM ofrece a clientes y operadores conocimientos s\u00f3lidos, desde los fundamentos te\u00f3ricos hasta la aplicaci\u00f3n pr\u00e1ctica.","robots":{"index":"index","follow":"follow","max-snippet":"max-snippet:-1","max-image-preview":"max-image-preview:large","max-video-preview":"max-video-preview:-1"},"canonical":"https:\/\/www.mwm.net\/es\/cursos\/learning-center-service-es\/programa-de-seminarios\/","og_locale":"es_ES","og_type":"article","og_title":"Programa de seminarios","og_description":"El programa de seminarios MWM ofrece a clientes y operadores conocimientos s\u00f3lidos, desde los fundamentos te\u00f3ricos hasta la aplicaci\u00f3n pr\u00e1ctica.","og_url":"https:\/\/www.mwm.net\/es\/cursos\/learning-center-service-es\/programa-de-seminarios\/","og_site_name":"MWM","article_modified_time":"2026-03-20T11:58:59+00:00","og_image":[{"width":800,"height":600,"url":"https:\/\/www.mwm.net\/wp-content\/uploads\/2021\/04\/serivce-trainings-pogramm_8.jpg","type":"image\/jpeg"}],"twitter_card":"summary_large_image","twitter_misc":{"Tiempo de lectura":"2 minutos"},"schema":{"@context":"https:\/\/schema.org","@graph":[{"@type":"WebPage","@id":"https:\/\/www.mwm.net\/es\/cursos\/learning-center-service-es\/programa-de-seminarios\/","url":"https:\/\/www.mwm.net\/es\/cursos\/learning-center-service-es\/programa-de-seminarios\/","name":"Programa de seminarios","isPartOf":{"@id":"https:\/\/www.mwm.net\/es\/#website"},"primaryImageOfPage":{"@id":"https:\/\/www.mwm.net\/es\/cursos\/learning-center-service-es\/programa-de-seminarios\/#primaryimage"},"image":{"@id":"https:\/\/www.mwm.net\/es\/cursos\/learning-center-service-es\/programa-de-seminarios\/#primaryimage"},"thumbnailUrl":"https:\/\/www.mwm.net\/wp-content\/uploads\/2021\/04\/serivce-trainings-pogramm_8.jpg","datePublished":"2021-03-25T17:37:05+00:00","dateModified":"2026-03-20T11:58:59+00:00","description":"El programa de seminarios MWM ofrece a clientes y operadores conocimientos s\u00f3lidos, desde los fundamentos te\u00f3ricos hasta la aplicaci\u00f3n pr\u00e1ctica.","breadcrumb":{"@id":"https:\/\/www.mwm.net\/es\/cursos\/learning-center-service-es\/programa-de-seminarios\/#breadcrumb"},"inLanguage":"es","potentialAction":[{"@type":"ReadAction","target":["https:\/\/www.mwm.net\/es\/cursos\/learning-center-service-es\/programa-de-seminarios\/"]}]},{"@type":"ImageObject","inLanguage":"es","@id":"https:\/\/www.mwm.net\/es\/cursos\/learning-center-service-es\/programa-de-seminarios\/#primaryimage","url":"https:\/\/www.mwm.net\/wp-content\/uploads\/2021\/04\/serivce-trainings-pogramm_8.jpg","contentUrl":"https:\/\/www.mwm.net\/wp-content\/uploads\/2021\/04\/serivce-trainings-pogramm_8.jpg","width":800,"height":600},{"@type":"BreadcrumbList","@id":"https:\/\/www.mwm.net\/es\/cursos\/learning-center-service-es\/programa-de-seminarios\/#breadcrumb","itemListElement":[{"@type":"ListItem","position":1,"name":"Home","item":"https:\/\/www.mwm.net\/es\/"},{"@type":"ListItem","position":2,"name":"Cursos","item":"https:\/\/www.mwm.net\/es\/cursos\/"},{"@type":"ListItem","position":3,"name":"Learning Center Service","item":"https:\/\/www.mwm.net\/es\/cursos\/learning-center-service-es\/"},{"@type":"ListItem","position":4,"name":"Programa de seminarios"}]},{"@type":"WebSite","@id":"https:\/\/www.mwm.net\/es\/#website","url":"https:\/\/www.mwm.net\/es\/","name":"MWM","description":"","publisher":{"@id":"https:\/\/www.mwm.net\/es\/#organization"},"potentialAction":[{"@type":"SearchAction","target":{"@type":"EntryPoint","urlTemplate":"https:\/\/www.mwm.net\/es\/?s={search_term_string}"},"query-input":{"@type":"PropertyValueSpecification","valueRequired":true,"valueName":"search_term_string"}}],"inLanguage":"es"},{"@type":"Organization","@id":"https:\/\/www.mwm.net\/es\/#organization","name":"Caterpillar Energy Solutions GmbH","url":"https:\/\/www.mwm.net\/es\/","logo":{"@type":"ImageObject","inLanguage":"es","@id":"https:\/\/www.mwm.net\/es\/#\/schema\/logo\/image\/","url":"https:\/\/www.mwm.net\/wp-content\/uploads\/2022\/02\/logo2.jpg","contentUrl":"https:\/\/www.mwm.net\/wp-content\/uploads\/2022\/02\/logo2.jpg","width":260,"height":142,"caption":"Caterpillar Energy Solutions GmbH"},"image":{"@id":"https:\/\/www.mwm.net\/es\/#\/schema\/logo\/image\/"}}]}},"_links":{"self":[{"href":"https:\/\/www.mwm.net\/es\/wp-json\/wp\/v2\/pages\/104953","targetHints":{"allow":["GET"]}}],"collection":[{"href":"https:\/\/www.mwm.net\/es\/wp-json\/wp\/v2\/pages"}],"about":[{"href":"https:\/\/www.mwm.net\/es\/wp-json\/wp\/v2\/types\/page"}],"author":[{"embeddable":true,"href":"https:\/\/www.mwm.net\/es\/wp-json\/wp\/v2\/users\/1"}],"replies":[{"embeddable":true,"href":"https:\/\/www.mwm.net\/es\/wp-json\/wp\/v2\/comments?post=104953"}],"version-history":[{"count":8,"href":"https:\/\/www.mwm.net\/es\/wp-json\/wp\/v2\/pages\/104953\/revisions"}],"predecessor-version":[{"id":112531,"href":"https:\/\/www.mwm.net\/es\/wp-json\/wp\/v2\/pages\/104953\/revisions\/112531"}],"up":[{"embeddable":true,"href":"https:\/\/www.mwm.net\/es\/wp-json\/wp\/v2\/pages\/104949"}],"wp:featuredmedia":[{"embeddable":true,"href":"https:\/\/www.mwm.net\/es\/wp-json\/wp\/v2\/media\/103064"}],"wp:attachment":[{"href":"https:\/\/www.mwm.net\/es\/wp-json\/wp\/v2\/media?parent=104953"}],"wp:term":[{"taxonomy":"post_tag","embeddable":true,"href":"https:\/\/www.mwm.net\/es\/wp-json\/wp\/v2\/tags?post=104953"}],"curies":[{"name":"wp","href":"https:\/\/api.w.org\/{rel}","templated":true}]}}