{"id":104955,"date":"2021-03-25T17:37:46","date_gmt":"2021-03-25T17:37:46","guid":{"rendered":"https:\/\/www.mwm.net\/cursos\/learning-center-service-es\/organization\/"},"modified":"2025-01-08T13:10:22","modified_gmt":"2025-01-08T11:10:22","slug":"organizacion","status":"publish","type":"page","link":"https:\/\/www.mwm.net\/es\/cursos\/learning-center-service-es\/organizacion\/","title":{"rendered":"Organizaci\u00f3n"},"content":{"rendered":"<h2>Informaci\u00f3n sobre los seminarios MWM<\/h2>\n<p>Para preparar una oferta de seminario a medida, el equipo de formadores de MWM necesita una solicitud por escrito con informaci\u00f3n sobre el n\u00famero de participantes, el idioma del curso y la serie del sistema.<br \/>\nM\u00e1s informaci\u00f3n sobre la inscripci\u00f3n, los t\u00e9rminos y condiciones de participaci\u00f3n y las tarifas del seminario est\u00e1n disponibles <a href=\"https:\/\/ces.docebosaas.com\/home\/learn\/signin\" target=\"_blank\" rel=\"noopener\">aqu\u00ed<\/a>.<\/p>\n<h2>C\u00f3mo llegar al Learning Center en Mannheim<\/h2>\n<p><a href=\"https:\/\/www.mwm.net\/files\/upload\/mwm\/MWM_directions_EN.pdf\" target=\"_blank\" rel=\"noopener\"><img decoding=\"async\" src=\"https:\/\/www.mwm.net\/files\/upload\/image\/5913_48_4616_2_location.gif\" alt=\"C\u00f3mo llegar al Learning Center en Mannheim\" \/><\/a><\/p>\n<p><a href=\"https:\/\/www.mwm.net\/files\/upload\/mwm\/MWM_directions_EN.pdf\" target=\"_blank\" rel=\"noopener\">Descargar las instrucciones sobre c\u00f3mo llegar a la sede de MWM (PDF)<\/a><\/p>\n","protected":false},"excerpt":{"rendered":"<p>Direcciones, informaci\u00f3n sobre alojamiento, tarifas de los seminarios, t\u00e9rminos y condiciones de participaci\u00f3n y el formulario de inscripci\u00f3n est\u00e1n disponibles aqu\u00ed.<\/p>\n","protected":false},"author":1,"featured_media":103496,"parent":104949,"menu_order":0,"comment_status":"closed","ping_status":"closed","template":"page-sidebar-template.php","meta":{"_acf_changed":false,"footnotes":""},"tags":[1443],"class_list":["post-104955","page","type-page","status-publish","has-post-thumbnail","hentry","tag-training-center-service-es"],"acf":[],"yoast_head":"<!-- This site is optimized with the Yoast SEO Premium plugin v27.2 (Yoast SEO v27.2) - https:\/\/yoast.com\/product\/yoast-seo-premium-wordpress\/ -->\n<title>Organizaci\u00f3n<\/title>\n<meta name=\"description\" content=\"Direcciones, informaci\u00f3n sobre alojamiento, tarifas de los seminarios, t\u00e9rminos y condiciones de participaci\u00f3n y el formulario de inscripci\u00f3n est\u00e1n disponibles aqu\u00ed.\" \/>\n<meta name=\"robots\" content=\"index, follow, max-snippet:-1, max-image-preview:large, max-video-preview:-1\" \/>\n<link rel=\"canonical\" href=\"https:\/\/www.mwm.net\/es\/cursos\/learning-center-service-es\/organizacion\/\" \/>\n<meta property=\"og:locale\" content=\"es_ES\" \/>\n<meta property=\"og:type\" content=\"article\" \/>\n<meta property=\"og:title\" content=\"Organizaci\u00f3n\" \/>\n<meta property=\"og:description\" content=\"Direcciones, informaci\u00f3n sobre alojamiento, tarifas de los seminarios, t\u00e9rminos y condiciones de participaci\u00f3n y el formulario de inscripci\u00f3n est\u00e1n disponibles aqu\u00ed.\" \/>\n<meta property=\"og:url\" content=\"https:\/\/www.mwm.net\/es\/cursos\/learning-center-service-es\/organizacion\/\" \/>\n<meta property=\"og:site_name\" content=\"MWM\" \/>\n<meta property=\"article:modified_time\" content=\"2025-01-08T11:10:22+00:00\" \/>\n<meta property=\"og:image\" content=\"https:\/\/www.mwm.net\/wp-content\/uploads\/2021\/06\/mwm_orga_2.jpg\" \/>\n\t<meta property=\"og:image:width\" content=\"576\" \/>\n\t<meta property=\"og:image:height\" content=\"375\" \/>\n\t<meta property=\"og:image:type\" content=\"image\/jpeg\" \/>\n<meta name=\"twitter:card\" content=\"summary_large_image\" \/>\n<meta name=\"twitter:label1\" content=\"Tiempo de lectura\" \/>\n\t<meta name=\"twitter:data1\" content=\"1 minuto\" \/>\n<script type=\"application\/ld+json\" class=\"yoast-schema-graph\">{\"@context\":\"https:\/\/schema.org\",\"@graph\":[{\"@type\":\"WebPage\",\"@id\":\"https:\/\/www.mwm.net\/es\/cursos\/learning-center-service-es\/organizacion\/\",\"url\":\"https:\/\/www.mwm.net\/es\/cursos\/learning-center-service-es\/organizacion\/\",\"name\":\"Organizaci\u00f3n\",\"isPartOf\":{\"@id\":\"https:\/\/www.mwm.net\/es\/#website\"},\"primaryImageOfPage\":{\"@id\":\"https:\/\/www.mwm.net\/es\/cursos\/learning-center-service-es\/organizacion\/#primaryimage\"},\"image\":{\"@id\":\"https:\/\/www.mwm.net\/es\/cursos\/learning-center-service-es\/organizacion\/#primaryimage\"},\"thumbnailUrl\":\"https:\/\/www.mwm.net\/wp-content\/uploads\/2021\/06\/mwm_orga_2.jpg\",\"datePublished\":\"2021-03-25T17:37:46+00:00\",\"dateModified\":\"2025-01-08T11:10:22+00:00\",\"description\":\"Direcciones, informaci\u00f3n sobre alojamiento, tarifas de los seminarios, t\u00e9rminos y condiciones de participaci\u00f3n y el formulario de inscripci\u00f3n est\u00e1n disponibles aqu\u00ed.\",\"breadcrumb\":{\"@id\":\"https:\/\/www.mwm.net\/es\/cursos\/learning-center-service-es\/organizacion\/#breadcrumb\"},\"inLanguage\":\"es\",\"potentialAction\":[{\"@type\":\"ReadAction\",\"target\":[\"https:\/\/www.mwm.net\/es\/cursos\/learning-center-service-es\/organizacion\/\"]}]},{\"@type\":\"ImageObject\",\"inLanguage\":\"es\",\"@id\":\"https:\/\/www.mwm.net\/es\/cursos\/learning-center-service-es\/organizacion\/#primaryimage\",\"url\":\"https:\/\/www.mwm.net\/wp-content\/uploads\/2021\/06\/mwm_orga_2.jpg\",\"contentUrl\":\"https:\/\/www.mwm.net\/wp-content\/uploads\/2021\/06\/mwm_orga_2.jpg\",\"width\":576,\"height\":375},{\"@type\":\"BreadcrumbList\",\"@id\":\"https:\/\/www.mwm.net\/es\/cursos\/learning-center-service-es\/organizacion\/#breadcrumb\",\"itemListElement\":[{\"@type\":\"ListItem\",\"position\":1,\"name\":\"Home\",\"item\":\"https:\/\/www.mwm.net\/es\/\"},{\"@type\":\"ListItem\",\"position\":2,\"name\":\"Cursos\",\"item\":\"https:\/\/www.mwm.net\/es\/cursos\/\"},{\"@type\":\"ListItem\",\"position\":3,\"name\":\"Learning Center Service\",\"item\":\"https:\/\/www.mwm.net\/es\/cursos\/learning-center-service-es\/\"},{\"@type\":\"ListItem\",\"position\":4,\"name\":\"Organizaci\u00f3n\"}]},{\"@type\":\"WebSite\",\"@id\":\"https:\/\/www.mwm.net\/es\/#website\",\"url\":\"https:\/\/www.mwm.net\/es\/\",\"name\":\"MWM\",\"description\":\"\",\"publisher\":{\"@id\":\"https:\/\/www.mwm.net\/es\/#organization\"},\"potentialAction\":[{\"@type\":\"SearchAction\",\"target\":{\"@type\":\"EntryPoint\",\"urlTemplate\":\"https:\/\/www.mwm.net\/es\/?s={search_term_string}\"},\"query-input\":{\"@type\":\"PropertyValueSpecification\",\"valueRequired\":true,\"valueName\":\"search_term_string\"}}],\"inLanguage\":\"es\"},{\"@type\":\"Organization\",\"@id\":\"https:\/\/www.mwm.net\/es\/#organization\",\"name\":\"Caterpillar Energy Solutions GmbH\",\"url\":\"https:\/\/www.mwm.net\/es\/\",\"logo\":{\"@type\":\"ImageObject\",\"inLanguage\":\"es\",\"@id\":\"https:\/\/www.mwm.net\/es\/#\/schema\/logo\/image\/\",\"url\":\"https:\/\/www.mwm.net\/wp-content\/uploads\/2022\/02\/logo2.jpg\",\"contentUrl\":\"https:\/\/www.mwm.net\/wp-content\/uploads\/2022\/02\/logo2.jpg\",\"width\":260,\"height\":142,\"caption\":\"Caterpillar Energy Solutions GmbH\"},\"image\":{\"@id\":\"https:\/\/www.mwm.net\/es\/#\/schema\/logo\/image\/\"}}]}<\/script>\n<!-- \/ Yoast SEO Premium plugin. -->","yoast_head_json":{"title":"Organizaci\u00f3n","description":"Direcciones, informaci\u00f3n sobre alojamiento, tarifas de los seminarios, t\u00e9rminos y condiciones de participaci\u00f3n y el formulario de inscripci\u00f3n est\u00e1n disponibles aqu\u00ed.","robots":{"index":"index","follow":"follow","max-snippet":"max-snippet:-1","max-image-preview":"max-image-preview:large","max-video-preview":"max-video-preview:-1"},"canonical":"https:\/\/www.mwm.net\/es\/cursos\/learning-center-service-es\/organizacion\/","og_locale":"es_ES","og_type":"article","og_title":"Organizaci\u00f3n","og_description":"Direcciones, informaci\u00f3n sobre alojamiento, tarifas de los seminarios, t\u00e9rminos y condiciones de participaci\u00f3n y el formulario de inscripci\u00f3n est\u00e1n disponibles aqu\u00ed.","og_url":"https:\/\/www.mwm.net\/es\/cursos\/learning-center-service-es\/organizacion\/","og_site_name":"MWM","article_modified_time":"2025-01-08T11:10:22+00:00","og_image":[{"width":576,"height":375,"url":"https:\/\/www.mwm.net\/wp-content\/uploads\/2021\/06\/mwm_orga_2.jpg","type":"image\/jpeg"}],"twitter_card":"summary_large_image","twitter_misc":{"Tiempo de lectura":"1 minuto"},"schema":{"@context":"https:\/\/schema.org","@graph":[{"@type":"WebPage","@id":"https:\/\/www.mwm.net\/es\/cursos\/learning-center-service-es\/organizacion\/","url":"https:\/\/www.mwm.net\/es\/cursos\/learning-center-service-es\/organizacion\/","name":"Organizaci\u00f3n","isPartOf":{"@id":"https:\/\/www.mwm.net\/es\/#website"},"primaryImageOfPage":{"@id":"https:\/\/www.mwm.net\/es\/cursos\/learning-center-service-es\/organizacion\/#primaryimage"},"image":{"@id":"https:\/\/www.mwm.net\/es\/cursos\/learning-center-service-es\/organizacion\/#primaryimage"},"thumbnailUrl":"https:\/\/www.mwm.net\/wp-content\/uploads\/2021\/06\/mwm_orga_2.jpg","datePublished":"2021-03-25T17:37:46+00:00","dateModified":"2025-01-08T11:10:22+00:00","description":"Direcciones, informaci\u00f3n sobre alojamiento, tarifas de los seminarios, t\u00e9rminos y condiciones de participaci\u00f3n y el formulario de inscripci\u00f3n est\u00e1n disponibles aqu\u00ed.","breadcrumb":{"@id":"https:\/\/www.mwm.net\/es\/cursos\/learning-center-service-es\/organizacion\/#breadcrumb"},"inLanguage":"es","potentialAction":[{"@type":"ReadAction","target":["https:\/\/www.mwm.net\/es\/cursos\/learning-center-service-es\/organizacion\/"]}]},{"@type":"ImageObject","inLanguage":"es","@id":"https:\/\/www.mwm.net\/es\/cursos\/learning-center-service-es\/organizacion\/#primaryimage","url":"https:\/\/www.mwm.net\/wp-content\/uploads\/2021\/06\/mwm_orga_2.jpg","contentUrl":"https:\/\/www.mwm.net\/wp-content\/uploads\/2021\/06\/mwm_orga_2.jpg","width":576,"height":375},{"@type":"BreadcrumbList","@id":"https:\/\/www.mwm.net\/es\/cursos\/learning-center-service-es\/organizacion\/#breadcrumb","itemListElement":[{"@type":"ListItem","position":1,"name":"Home","item":"https:\/\/www.mwm.net\/es\/"},{"@type":"ListItem","position":2,"name":"Cursos","item":"https:\/\/www.mwm.net\/es\/cursos\/"},{"@type":"ListItem","position":3,"name":"Learning Center Service","item":"https:\/\/www.mwm.net\/es\/cursos\/learning-center-service-es\/"},{"@type":"ListItem","position":4,"name":"Organizaci\u00f3n"}]},{"@type":"WebSite","@id":"https:\/\/www.mwm.net\/es\/#website","url":"https:\/\/www.mwm.net\/es\/","name":"MWM","description":"","publisher":{"@id":"https:\/\/www.mwm.net\/es\/#organization"},"potentialAction":[{"@type":"SearchAction","target":{"@type":"EntryPoint","urlTemplate":"https:\/\/www.mwm.net\/es\/?s={search_term_string}"},"query-input":{"@type":"PropertyValueSpecification","valueRequired":true,"valueName":"search_term_string"}}],"inLanguage":"es"},{"@type":"Organization","@id":"https:\/\/www.mwm.net\/es\/#organization","name":"Caterpillar Energy Solutions GmbH","url":"https:\/\/www.mwm.net\/es\/","logo":{"@type":"ImageObject","inLanguage":"es","@id":"https:\/\/www.mwm.net\/es\/#\/schema\/logo\/image\/","url":"https:\/\/www.mwm.net\/wp-content\/uploads\/2022\/02\/logo2.jpg","contentUrl":"https:\/\/www.mwm.net\/wp-content\/uploads\/2022\/02\/logo2.jpg","width":260,"height":142,"caption":"Caterpillar Energy Solutions GmbH"},"image":{"@id":"https:\/\/www.mwm.net\/es\/#\/schema\/logo\/image\/"}}]}},"_links":{"self":[{"href":"https:\/\/www.mwm.net\/es\/wp-json\/wp\/v2\/pages\/104955","targetHints":{"allow":["GET"]}}],"collection":[{"href":"https:\/\/www.mwm.net\/es\/wp-json\/wp\/v2\/pages"}],"about":[{"href":"https:\/\/www.mwm.net\/es\/wp-json\/wp\/v2\/types\/page"}],"author":[{"embeddable":true,"href":"https:\/\/www.mwm.net\/es\/wp-json\/wp\/v2\/users\/1"}],"replies":[{"embeddable":true,"href":"https:\/\/www.mwm.net\/es\/wp-json\/wp\/v2\/comments?post=104955"}],"version-history":[{"count":6,"href":"https:\/\/www.mwm.net\/es\/wp-json\/wp\/v2\/pages\/104955\/revisions"}],"predecessor-version":[{"id":107268,"href":"https:\/\/www.mwm.net\/es\/wp-json\/wp\/v2\/pages\/104955\/revisions\/107268"}],"up":[{"embeddable":true,"href":"https:\/\/www.mwm.net\/es\/wp-json\/wp\/v2\/pages\/104949"}],"wp:featuredmedia":[{"embeddable":true,"href":"https:\/\/www.mwm.net\/es\/wp-json\/wp\/v2\/media\/103496"}],"wp:attachment":[{"href":"https:\/\/www.mwm.net\/es\/wp-json\/wp\/v2\/media?parent=104955"}],"wp:term":[{"taxonomy":"post_tag","embeddable":true,"href":"https:\/\/www.mwm.net\/es\/wp-json\/wp\/v2\/tags?post=104955"}],"curies":[{"name":"wp","href":"https:\/\/api.w.org\/{rel}","templated":true}]}}