{"id":104960,"date":"2021-03-24T16:58:40","date_gmt":"2021-03-24T16:58:40","guid":{"rendered":"https:\/\/www.mwm.net\/plantas-de-energia-distribuida\/container-cogeneration-plant\/"},"modified":"2025-03-04T18:19:20","modified_gmt":"2025-03-04T16:19:20","slug":"planta-de-cogeneracion-en-contenedor","status":"publish","type":"page","link":"https:\/\/www.mwm.net\/es\/plantas-de-energia-distribuida\/planta-de-cogeneracion-en-contenedor\/","title":{"rendered":"Planta de cogeneraci\u00f3n en contenedor"},"content":{"rendered":"<h2 class=\"subheadline noborder\">Planta de cogeneraci\u00f3n en contenedores<\/h2>\n<h3>Argumentos convincentes \u2013 Caracter\u00edsticas de un vistazo<\/h3>\n<div class=\"spcl_blts\">\n<ul>\n<li>Disponible para las series de motores de gas TCG 3016, 3020 y 2020<\/li>\n<li>Plazos de planificaci\u00f3n cortos<\/li>\n<li>Implementada principalmente en Alemania y Europa para sistemas de cogeneraci\u00f3n y biog\u00e1s<\/li>\n<li>Sistemas completos llave en mano: planificaci\u00f3n, configuraci\u00f3n, instalaci\u00f3n, servicio, todo de un solo proveedor<\/li>\n<li>2270 contenedores con 245 MW<sub>el<\/sub> ya han sido instalados en todo el mundo<\/li>\n<li>Concepto de planta integral<\/li>\n<li>Dise\u00f1o de sistemas \u00f3ptimo y flexible<\/li>\n<li>Bajos costos de mantenimiento y un ciclo de vida mayor<\/li>\n<li>Bajos costos de instalaci\u00f3n<\/li>\n<\/ul>\n<\/div>\n<div class=\"pro_grphc\">\n<div class=\"cntct_rght\"><a href=\"https:\/\/www.mwm.net\/es\/contacto\/contacto-con-ventas\/\">Contacto con ventas <strong>Haga clic aqu\u00ed<\/strong><\/a><\/div>\n<\/div>\n<div class=\"blu_sec\">\n<h4>En esta p\u00e1gina<\/h4>\n<p><a href=\"#container-description\">Descripci\u00f3n \u2013 Planta de cogeneraci\u00f3n en contenedores<\/a><br \/>\n<a href=\"#plant-concept\">Concepto de planta integral<\/a><br \/>\n<a href=\"#design\">Dise\u00f1o \u00f3ptimo y flexible<\/a><br \/>\n<a href=\"#maintenance\">Bajos costos de mantenimiento, mayor tiempo de operaci\u00f3n<\/a><br \/>\n<a href=\"#availability\">Alta disponibilidad<\/a><br \/>\n<a href=\"#installation-costs\">Bajos costos de instalaci\u00f3n<\/a><br \/>\n<a href=\"#specifications\">Especificaciones<\/a><br \/>\n<a href=\"#brochures\">Folletos<\/a><\/p>\n<\/div>\n<div class=\"patch-content\">\n<h2 class=\"subheadline\"><a name=\"container-description\"><\/a>Descripci\u00f3n \u2013 Planta de cogeneraci\u00f3n en contenedores<\/h2>\n<h3>Sistemas llave en mano para una disponibilidad r\u00e1pida y costos bajos<\/h3>\n<ul>\n<li>Plazos de planificaci\u00f3n, construcci\u00f3n y puesta en marcha menores<\/li>\n<li>Costos de inversi\u00f3n menores, especialmente en el caso de ampliaciones de planta<\/li>\n<li>Reducci\u00f3n de riesgos, dado que los contenedores son m\u00e1s f\u00e1ciles de desmontar y reutilizar<\/li>\n<li>Adecuado para uso temporal, por ejemplo, en la fase de prueba o construcci\u00f3n<\/li>\n<li>Las plantas se pueden adaptar f\u00e1cilmente a los niveles variables de gas sumando o restando contenedores (por ejemplo, para gas de vertedero o de depuradora)<\/li>\n<\/ul>\n<\/div>\n<div class=\"patch-content\">\n<h2 class=\"subheadline\"><a name=\"plant-concept\"><\/a>Concepto de planta integral<\/h2>\n<h3>Mayor rendimiento gracias al ajuste \u00f3ptimo de todos los componentes<\/h3>\n<ul>\n<li>Control de toda la planta con el sistema MWM TEM Evo; todos los circuitos de control perfectamente sincronizados entre s\u00ed<\/li>\n<li>\u00d3ptimo servicio por parte de MWM, el fabricante del grupo electr\u00f3geno y de la planta; adem\u00e1s, esto garantiza el acceso a todas las innovaciones y mejoras constantes de los productos <\/li>\n<li>Las certificaciones internacionales permiten su implementaci\u00f3n en todo el mundo, por ejemplo: CE, Rusia, Kazajst\u00e1n, Europa del Este, Canad\u00e1 (CSA)<\/li>\n<li>Gran fiabilidad gracias a la calidad de los contenedores \u201cMade in Germany\u00bb<\/li>\n<\/ul>\n<\/div>\n<div class=\"patch-content\">\n<h2 class=\"subheadline\"><a name=\"design\"><\/a>Dise\u00f1o \u00f3ptimo y flexible<\/h2>\n<h3>Configuraci\u00f3n \u00f3ptima de la planta seg\u00fan las necesidades del cliente<\/h3>\n<ul>\n<li>CHP o contenedores de energ\u00eda<\/li>\n<li>Compresor de gas y secador frigor\u00edfico de gas (de ser necesario)<\/li>\n<li>Conexi\u00f3n opcional para suministro de propano<\/li>\n<li>Mezcladores y trenes de gas ajustados a la calidad del gas respectivo<\/li>\n<li>Cumplimiento de los l\u00edmites de formaldeh\u00eddo de conformidad con la Ley alemana de energ\u00edas renovables (EEG) mediante la desulfurizaci\u00f3n con carb\u00f3n activo y catalizadores<\/li>\n<\/ul>\n<\/div>\n<div class=\"patch-content\">\n<h2 class=\"subheadline\"><a name=\"maintenance\"><\/a>Bajos costos de mantenimiento, mayor tiempo de operaci\u00f3n<\/h2>\n<h3>Concepto de contenedor inteligente para una operaci\u00f3n diaria sencilla<\/h3>\n<ul>\n<li>Construcci\u00f3n de acero soldado con paneles de pared lisos y aislamiento t\u00e9rmico y ac\u00fastico que ahorra espacio; sala de control climatizada y con aislamiento ac\u00fastico<\/li>\n<li>Soportes para fijar los equipos de elevaci\u00f3n<\/li>\n<li>Rieles en el piso del contenedor y puerta de apertura total para un desmontaje r\u00e1pido del grupo electr\u00f3geno<\/li>\n<li>El piso del contenedor sirve como c\u00e1rter de aceite de ser necesario<\/li>\n<li>Mayores intervalos de mantenimiento gracias al procesamiento de biog\u00e1s<\/li>\n<\/ul>\n<\/div>\n<div class=\"patch-content\">\n<h2 class=\"subheadline\"><a name=\"availability\"><\/a>Alta disponibilidad<\/h2>\n<h3>Alta disponibilidad y bajos costos de servicio gracias a una configuraci\u00f3n \u00f3ptima y mayores intervalos de mantenimiento<\/h3>\n<ul>\n<li>El control de ventilaci\u00f3n y circulaci\u00f3n del aire de admisi\u00f3n garantiza temperaturas \u00f3ptimas, incluso con temperaturas exteriores extremas<\/li>\n<li>La alta presi\u00f3n en el contenedor reduce la cantidad de polvo<\/li>\n<li>Salidas de cables debajo de los armarios de distribuci\u00f3n, conexiones para gas y agua de calefacci\u00f3n en el panel lateral<\/li>\n<li>Los componentes del techo se pueden premontar o entregar en m\u00f3dulos para minimizar los costos de transporte<\/li>\n<\/ul>\n<\/div>\n<div class=\"patch-content\">\n<h2 class=\"subheadline\"><a name=\"installation-costs\"><\/a>Bajos costos de instalaci\u00f3n<\/h2>\n<h3>Bajos costos de instalaci\u00f3n gracias a la configuraci\u00f3n compacta del TCG 2032<\/h3>\n<ul>\n<li>Los componentes prefabricados directamente por el proveedor garantizan un montaje r\u00e1pido y sencillo en el lugar<\/li>\n<li>La configuraci\u00f3n id\u00e9ntica de los m\u00f3dulos permite ajustar la potencia de la planta de manera flexible<\/li>\n<li>Modest need for space through compact design<\/li>\n<li>Modesta necesidad de espacio gracias a un dise\u00f1o compacto<\/li>\n<\/ul>\n<\/div>\n<div class=\"pro_grphc\">\n<div class=\"cntct_rght\"><a href=\"https:\/\/www.mwm.net\/es\/contacto\/contacto-con-ventas\/\">Contacto con ventas <strong>Haga clic aqu\u00ed<\/strong><\/a><\/div>\n<\/div>\n<div class=\"patch-content tbl_cntnt\">\n<h2 class=\"subheadline noborder\"><a name=\"specifications\"><\/a>Especificaciones<\/h2>\n<h3>Dimensiones y Pesos: TCG 2016 C<\/h3>\n<table width=\"100%\" cellspacing=\"0\" cellpadding=\"0\">\n<thead>\n<tr>\n<th class=\"border\" colspan=\"2\">Tipo de motor<\/th>\n<th class=\"border\">V08<\/th>\n<th class=\"border\">V12<\/th>\n<th>V16<\/th>\n<\/tr>\n<\/thead>\n<tbody>\n<tr class=\"odd\">\n<td>Largo<\/td>\n<td class=\"border\">mm<\/td>\n<td class=\"border\">10.973<\/td>\n<td class=\"border\">12.192<\/td>\n<td>12,192<\/td>\n<\/tr>\n<tr class=\"even\">\n<td>Ancho<\/td>\n<td class=\"border\">mm<\/td>\n<td class=\"border\">3.000<\/td>\n<td class=\"border\">3.000<\/td>\n<td>3,000<\/td>\n<\/tr>\n<tr class=\"odd\">\n<td>Alto<\/td>\n<td class=\"border\">mm<\/td>\n<td class=\"border\">3.000<\/td>\n<td class=\"border\">3.000<\/td>\n<td>3.000<\/td>\n<\/tr>\n<tr class=\"even\">\n<td>Peso<\/td>\n<td class=\"border\">kg<\/td>\n<td class=\"border\">22.000<\/td>\n<td class=\"border\">25.000<\/td>\n<td rowspan=\"1\">28.000<\/td>\n<\/tr>\n<\/tbody>\n<\/table>\n<h3>Dimensiones y Pesos: TCG 2020<\/h3>\n<table width=\"100%\" cellspacing=\"0\" cellpadding=\"0\">\n<thead>\n<tr>\n<th class=\"border\" colspan=\"2\">Tipo de motor<\/th>\n<th class=\"border\">V12<\/th>\n<th class=\"border\">V16<\/th>\n<\/tr>\n<\/thead>\n<tbody>\n<tr class=\"odd\">\n<td>Largo<\/td>\n<td class=\"border\">mm<\/td>\n<td class=\"border\">15.000*<\/td>\n<td>15.000*<\/td>\n<\/tr>\n<tr class=\"even\">\n<td>Ancho<\/td>\n<td class=\"border\">mm<\/td>\n<td class=\"border\">3.000<\/td>\n<td>3.000<\/td>\n<\/tr>\n<tr class=\"odd\">\n<td>Alto<\/td>\n<td class=\"border\">mm<\/td>\n<td class=\"border\">3.000<\/td>\n<td>3.000<\/td>\n<\/tr>\n<tr class=\"even\">\n<td>Peso<\/td>\n<td class=\"border\">kg<\/td>\n<td class=\"border\">52.000<\/td>\n<td>56.000<\/td>\n<\/tr>\n<\/tbody>\n<\/table>\n<p>* Dependiendo de la frecuencia y el voltaje del alternador, el m\u00f3dulo de aire sobrepasa la carcasa del contenedor hasta en 2,3 m<\/p>\n<\/div>\n<div class=\"pro_grphc\">\n<div class=\"cntct_rght\"><a href=\"https:\/\/www.mwm.net\/es\/contacto\/contacto-con-ventas\/\">Contacto con ventas <strong>Haga clic aqu\u00ed<\/strong><\/a><\/div>\n<\/div>\n<div style=\"display:none;\" class=\"patch-content\">\n<h2 class=\"subheadline noborder\"><a name=\"brochures\"><\/a>Folletos<\/h2>\n<p>Soluciones completas para contenedores MWM: inf\u00f3rmese sobre sistemas inteligentes y completos llave en mano para la generaci\u00f3n de energ\u00eda descentralizada (centrales t\u00e9rmicas y el\u00e9ctricas combinadas: CHP). Los componentes se configuran seg\u00fan sus necesidades individuales. Planificaci\u00f3n, configuraci\u00f3n, instalaci\u00f3n, servicio: todo de un solo proveedor.<\/p>\n<h3>Contenedor<\/h3>\n<div class=\"issue-image-section\">\n<div class=\"image-issuu\"><a href=\"https:\/\/issuu.com\/mwm_energy\/docs\/mwm_containerbrochure_en_0311?fr=sZmJkZDY0MDY1NTY\" target=\"_blank\" rel=\"noopener\"><br \/>\n                        <img decoding=\"async\" title=\"Folleto en issuu.com\" src=\"\/files\/upload\/image\/7637_48_MWM_Container_EN.jpg\" alt=\"Folleto en issuu.com.com\" \/><br \/>\n                    <\/a><\/div>\n<div class=\"right-issuu\">\n<p>                    Haga clic en este folleto para acceder a la plataforma de publicaci\u00f3n digital issuu.com Este sitio web se rige por la <a href=\"https:\/\/issuu.com\/legal\/privacy\" target=\"_blank\" rel=\"noopener nofollow\">Pol\u00edtica de privacidad de issuu<\/a>.<\/p><\/div>\n<\/p><\/div>\n<p>            Todos los idiomas en issuu: <a title=\"MWM Planta de cogeneraci\u00f3n en contenedor Folleto en issuu.com (DE)\" href=\"https:\/\/issuu.com\/mwm_energy\/docs\/mwm_containerbroschuere_de_0311?fr=sMWE1YzY0MDY1NTY\" target=\"_blank\" rel=\"noopener\">DE<\/a> | <a title=\"MWM Planta de cogeneraci\u00f3n en contenedor Folleto en issuu.com (EN)\" href=\"https:\/\/issuu.com\/mwm_energy\/docs\/mwm_containerbrochure_en_0311?fr=sZmJkZDY0MDY1NTY\" target=\"_blank\" rel=\"noopener\">EN<\/a> | <a title=\"MWM Planta de cogeneraci\u00f3n en contenedor Folleto en issuu.com (FR)\" href=\"https:\/\/issuu.com\/mwm_energy\/docs\/mwm-container?fr=sMGQ1ZTY0MDY1NTY\" target=\"_blank\" rel=\"noopener\">FR<\/a><br \/>\n            Descargar PDF: <a title=\"Descargar MWM Planta de cogeneraci\u00f3n en contenedor Folleto\" href=\"https:\/\/www.mwm.net\/files\/upload\/mwm\/issuu\/MWM_Containerbroschuere_DE.pdf\" target=\"_blank\" rel=\"noopener\">DE<\/a> | <a title=\"Descargar MWM Planta de cogeneraci\u00f3n en contenedor Folleto\" href=\"https:\/\/www.mwm.net\/files\/upload\/mwm\/issuu\/MWM_Containerbrochure_EN.pdf\" target=\"_blank\" rel=\"noopener\">EN<\/a> | <a title=\"Descargar MWM Planta de cogeneraci\u00f3n en contenedor Folleto\" href=\"https:\/\/www.mwm.net\/files\/upload\/mwm\/issuu\/MWM_Containerbrochure_FR.pdf\" target=\"_blank\" rel=\"noopener\">FR<\/a><\/p>\n<\/div>\n","protected":false},"excerpt":{"rendered":"<p>M\u00f3dulos compactos para los motores de gas TCG 3016, 2016 y 2020. Sistemas completos llave en mano para aplicaciones especiales.<\/p>\n","protected":false},"author":1,"featured_media":103037,"parent":103032,"menu_order":3,"comment_status":"closed","ping_status":"closed","template":"product-template.php","meta":{"_acf_changed":false,"footnotes":""},"tags":[1444,1826],"class_list":["post-104960","page","type-page","status-publish","has-post-thumbnail","hentry","tag-chp-plant-es","tag-contenedor-es"],"acf":[],"yoast_head":"<!-- This site is optimized with the Yoast SEO Premium plugin v27.2 (Yoast SEO v27.2) - https:\/\/yoast.com\/product\/yoast-seo-premium-wordpress\/ -->\n<title>Planta de cogeneraci\u00f3n en contenedores<\/title>\n<meta name=\"description\" content=\"M\u00f3dulos compactos para los motores de gas TCG 3016, 2016 y 2020. Sistemas completos llave en mano para aplicaciones especiales.\" \/>\n<meta name=\"robots\" content=\"index, follow, max-snippet:-1, max-image-preview:large, max-video-preview:-1\" \/>\n<link rel=\"canonical\" href=\"https:\/\/www.mwm.net\/es\/plantas-de-energia-distribuida\/planta-de-cogeneracion-en-contenedor\/\" \/>\n<meta property=\"og:locale\" content=\"es_ES\" \/>\n<meta property=\"og:type\" content=\"article\" \/>\n<meta property=\"og:title\" content=\"Planta de cogeneraci\u00f3n en contenedor\" \/>\n<meta property=\"og:description\" content=\"M\u00f3dulos compactos para los motores de gas TCG 3016, 2016 y 2020. Sistemas completos llave en mano para aplicaciones especiales.\" \/>\n<meta property=\"og:url\" content=\"https:\/\/www.mwm.net\/es\/plantas-de-energia-distribuida\/planta-de-cogeneracion-en-contenedor\/\" \/>\n<meta property=\"og:site_name\" content=\"MWM\" \/>\n<meta property=\"article:modified_time\" content=\"2025-03-04T16:19:20+00:00\" \/>\n<meta property=\"og:image\" content=\"https:\/\/www.mwm.net\/wp-content\/uploads\/2021\/04\/container-blockheizkraftwerk_800.jpg\" \/>\n\t<meta property=\"og:image:width\" content=\"800\" \/>\n\t<meta property=\"og:image:height\" content=\"600\" \/>\n\t<meta property=\"og:image:type\" content=\"image\/jpeg\" \/>\n<meta name=\"twitter:card\" content=\"summary_large_image\" \/>\n<meta name=\"twitter:label1\" content=\"Tiempo de lectura\" \/>\n\t<meta name=\"twitter:data1\" content=\"5 minutos\" \/>\n<script type=\"application\/ld+json\" class=\"yoast-schema-graph\">{\"@context\":\"https:\/\/schema.org\",\"@graph\":[{\"@type\":\"WebPage\",\"@id\":\"https:\/\/www.mwm.net\/es\/plantas-de-energia-distribuida\/planta-de-cogeneracion-en-contenedor\/\",\"url\":\"https:\/\/www.mwm.net\/es\/plantas-de-energia-distribuida\/planta-de-cogeneracion-en-contenedor\/\",\"name\":\"Planta de cogeneraci\u00f3n en contenedores\",\"isPartOf\":{\"@id\":\"https:\/\/www.mwm.net\/es\/#website\"},\"primaryImageOfPage\":{\"@id\":\"https:\/\/www.mwm.net\/es\/plantas-de-energia-distribuida\/planta-de-cogeneracion-en-contenedor\/#primaryimage\"},\"image\":{\"@id\":\"https:\/\/www.mwm.net\/es\/plantas-de-energia-distribuida\/planta-de-cogeneracion-en-contenedor\/#primaryimage\"},\"thumbnailUrl\":\"https:\/\/www.mwm.net\/wp-content\/uploads\/2021\/04\/container-blockheizkraftwerk_800.jpg\",\"datePublished\":\"2021-03-24T16:58:40+00:00\",\"dateModified\":\"2025-03-04T16:19:20+00:00\",\"description\":\"M\u00f3dulos compactos para los motores de gas TCG 3016, 2016 y 2020. Sistemas completos llave en mano para aplicaciones especiales.\",\"breadcrumb\":{\"@id\":\"https:\/\/www.mwm.net\/es\/plantas-de-energia-distribuida\/planta-de-cogeneracion-en-contenedor\/#breadcrumb\"},\"inLanguage\":\"es\",\"potentialAction\":[{\"@type\":\"ReadAction\",\"target\":[\"https:\/\/www.mwm.net\/es\/plantas-de-energia-distribuida\/planta-de-cogeneracion-en-contenedor\/\"]}]},{\"@type\":\"ImageObject\",\"inLanguage\":\"es\",\"@id\":\"https:\/\/www.mwm.net\/es\/plantas-de-energia-distribuida\/planta-de-cogeneracion-en-contenedor\/#primaryimage\",\"url\":\"https:\/\/www.mwm.net\/wp-content\/uploads\/2021\/04\/container-blockheizkraftwerk_800.jpg\",\"contentUrl\":\"https:\/\/www.mwm.net\/wp-content\/uploads\/2021\/04\/container-blockheizkraftwerk_800.jpg\",\"width\":800,\"height\":600},{\"@type\":\"BreadcrumbList\",\"@id\":\"https:\/\/www.mwm.net\/es\/plantas-de-energia-distribuida\/planta-de-cogeneracion-en-contenedor\/#breadcrumb\",\"itemListElement\":[{\"@type\":\"ListItem\",\"position\":1,\"name\":\"Home\",\"item\":\"https:\/\/www.mwm.net\/es\/\"},{\"@type\":\"ListItem\",\"position\":2,\"name\":\"Plantas de energ\u00eda distribuida\",\"item\":\"https:\/\/www.mwm.net\/es\/plantas-de-energia-distribuida\/\"},{\"@type\":\"ListItem\",\"position\":3,\"name\":\"Planta de cogeneraci\u00f3n en contenedor\"}]},{\"@type\":\"WebSite\",\"@id\":\"https:\/\/www.mwm.net\/es\/#website\",\"url\":\"https:\/\/www.mwm.net\/es\/\",\"name\":\"MWM\",\"description\":\"\",\"publisher\":{\"@id\":\"https:\/\/www.mwm.net\/es\/#organization\"},\"potentialAction\":[{\"@type\":\"SearchAction\",\"target\":{\"@type\":\"EntryPoint\",\"urlTemplate\":\"https:\/\/www.mwm.net\/es\/?s={search_term_string}\"},\"query-input\":{\"@type\":\"PropertyValueSpecification\",\"valueRequired\":true,\"valueName\":\"search_term_string\"}}],\"inLanguage\":\"es\"},{\"@type\":\"Organization\",\"@id\":\"https:\/\/www.mwm.net\/es\/#organization\",\"name\":\"Caterpillar Energy Solutions GmbH\",\"url\":\"https:\/\/www.mwm.net\/es\/\",\"logo\":{\"@type\":\"ImageObject\",\"inLanguage\":\"es\",\"@id\":\"https:\/\/www.mwm.net\/es\/#\/schema\/logo\/image\/\",\"url\":\"https:\/\/www.mwm.net\/wp-content\/uploads\/2022\/02\/logo2.jpg\",\"contentUrl\":\"https:\/\/www.mwm.net\/wp-content\/uploads\/2022\/02\/logo2.jpg\",\"width\":260,\"height\":142,\"caption\":\"Caterpillar Energy Solutions GmbH\"},\"image\":{\"@id\":\"https:\/\/www.mwm.net\/es\/#\/schema\/logo\/image\/\"}}]}<\/script>\n<!-- \/ Yoast SEO Premium plugin. -->","yoast_head_json":{"title":"Planta de cogeneraci\u00f3n en contenedores","description":"M\u00f3dulos compactos para los motores de gas TCG 3016, 2016 y 2020. Sistemas completos llave en mano para aplicaciones especiales.","robots":{"index":"index","follow":"follow","max-snippet":"max-snippet:-1","max-image-preview":"max-image-preview:large","max-video-preview":"max-video-preview:-1"},"canonical":"https:\/\/www.mwm.net\/es\/plantas-de-energia-distribuida\/planta-de-cogeneracion-en-contenedor\/","og_locale":"es_ES","og_type":"article","og_title":"Planta de cogeneraci\u00f3n en contenedor","og_description":"M\u00f3dulos compactos para los motores de gas TCG 3016, 2016 y 2020. Sistemas completos llave en mano para aplicaciones especiales.","og_url":"https:\/\/www.mwm.net\/es\/plantas-de-energia-distribuida\/planta-de-cogeneracion-en-contenedor\/","og_site_name":"MWM","article_modified_time":"2025-03-04T16:19:20+00:00","og_image":[{"width":800,"height":600,"url":"https:\/\/www.mwm.net\/wp-content\/uploads\/2021\/04\/container-blockheizkraftwerk_800.jpg","type":"image\/jpeg"}],"twitter_card":"summary_large_image","twitter_misc":{"Tiempo de lectura":"5 minutos"},"schema":{"@context":"https:\/\/schema.org","@graph":[{"@type":"WebPage","@id":"https:\/\/www.mwm.net\/es\/plantas-de-energia-distribuida\/planta-de-cogeneracion-en-contenedor\/","url":"https:\/\/www.mwm.net\/es\/plantas-de-energia-distribuida\/planta-de-cogeneracion-en-contenedor\/","name":"Planta de cogeneraci\u00f3n en contenedores","isPartOf":{"@id":"https:\/\/www.mwm.net\/es\/#website"},"primaryImageOfPage":{"@id":"https:\/\/www.mwm.net\/es\/plantas-de-energia-distribuida\/planta-de-cogeneracion-en-contenedor\/#primaryimage"},"image":{"@id":"https:\/\/www.mwm.net\/es\/plantas-de-energia-distribuida\/planta-de-cogeneracion-en-contenedor\/#primaryimage"},"thumbnailUrl":"https:\/\/www.mwm.net\/wp-content\/uploads\/2021\/04\/container-blockheizkraftwerk_800.jpg","datePublished":"2021-03-24T16:58:40+00:00","dateModified":"2025-03-04T16:19:20+00:00","description":"M\u00f3dulos compactos para los motores de gas TCG 3016, 2016 y 2020. Sistemas completos llave en mano para aplicaciones especiales.","breadcrumb":{"@id":"https:\/\/www.mwm.net\/es\/plantas-de-energia-distribuida\/planta-de-cogeneracion-en-contenedor\/#breadcrumb"},"inLanguage":"es","potentialAction":[{"@type":"ReadAction","target":["https:\/\/www.mwm.net\/es\/plantas-de-energia-distribuida\/planta-de-cogeneracion-en-contenedor\/"]}]},{"@type":"ImageObject","inLanguage":"es","@id":"https:\/\/www.mwm.net\/es\/plantas-de-energia-distribuida\/planta-de-cogeneracion-en-contenedor\/#primaryimage","url":"https:\/\/www.mwm.net\/wp-content\/uploads\/2021\/04\/container-blockheizkraftwerk_800.jpg","contentUrl":"https:\/\/www.mwm.net\/wp-content\/uploads\/2021\/04\/container-blockheizkraftwerk_800.jpg","width":800,"height":600},{"@type":"BreadcrumbList","@id":"https:\/\/www.mwm.net\/es\/plantas-de-energia-distribuida\/planta-de-cogeneracion-en-contenedor\/#breadcrumb","itemListElement":[{"@type":"ListItem","position":1,"name":"Home","item":"https:\/\/www.mwm.net\/es\/"},{"@type":"ListItem","position":2,"name":"Plantas de energ\u00eda distribuida","item":"https:\/\/www.mwm.net\/es\/plantas-de-energia-distribuida\/"},{"@type":"ListItem","position":3,"name":"Planta de cogeneraci\u00f3n en contenedor"}]},{"@type":"WebSite","@id":"https:\/\/www.mwm.net\/es\/#website","url":"https:\/\/www.mwm.net\/es\/","name":"MWM","description":"","publisher":{"@id":"https:\/\/www.mwm.net\/es\/#organization"},"potentialAction":[{"@type":"SearchAction","target":{"@type":"EntryPoint","urlTemplate":"https:\/\/www.mwm.net\/es\/?s={search_term_string}"},"query-input":{"@type":"PropertyValueSpecification","valueRequired":true,"valueName":"search_term_string"}}],"inLanguage":"es"},{"@type":"Organization","@id":"https:\/\/www.mwm.net\/es\/#organization","name":"Caterpillar Energy Solutions GmbH","url":"https:\/\/www.mwm.net\/es\/","logo":{"@type":"ImageObject","inLanguage":"es","@id":"https:\/\/www.mwm.net\/es\/#\/schema\/logo\/image\/","url":"https:\/\/www.mwm.net\/wp-content\/uploads\/2022\/02\/logo2.jpg","contentUrl":"https:\/\/www.mwm.net\/wp-content\/uploads\/2022\/02\/logo2.jpg","width":260,"height":142,"caption":"Caterpillar Energy Solutions GmbH"},"image":{"@id":"https:\/\/www.mwm.net\/es\/#\/schema\/logo\/image\/"}}]}},"_links":{"self":[{"href":"https:\/\/www.mwm.net\/es\/wp-json\/wp\/v2\/pages\/104960","targetHints":{"allow":["GET"]}}],"collection":[{"href":"https:\/\/www.mwm.net\/es\/wp-json\/wp\/v2\/pages"}],"about":[{"href":"https:\/\/www.mwm.net\/es\/wp-json\/wp\/v2\/types\/page"}],"author":[{"embeddable":true,"href":"https:\/\/www.mwm.net\/es\/wp-json\/wp\/v2\/users\/1"}],"replies":[{"embeddable":true,"href":"https:\/\/www.mwm.net\/es\/wp-json\/wp\/v2\/comments?post=104960"}],"version-history":[{"count":5,"href":"https:\/\/www.mwm.net\/es\/wp-json\/wp\/v2\/pages\/104960\/revisions"}],"predecessor-version":[{"id":108677,"href":"https:\/\/www.mwm.net\/es\/wp-json\/wp\/v2\/pages\/104960\/revisions\/108677"}],"up":[{"embeddable":true,"href":"https:\/\/www.mwm.net\/es\/wp-json\/wp\/v2\/pages\/103032"}],"wp:featuredmedia":[{"embeddable":true,"href":"https:\/\/www.mwm.net\/es\/wp-json\/wp\/v2\/media\/103037"}],"wp:attachment":[{"href":"https:\/\/www.mwm.net\/es\/wp-json\/wp\/v2\/media?parent=104960"}],"wp:term":[{"taxonomy":"post_tag","embeddable":true,"href":"https:\/\/www.mwm.net\/es\/wp-json\/wp\/v2\/tags?post=104960"}],"curies":[{"name":"wp","href":"https:\/\/api.w.org\/{rel}","templated":true}]}}