{"id":104965,"date":"2021-03-25T18:09:22","date_gmt":"2021-03-25T18:09:22","guid":{"rendered":"https:\/\/www.mwm.net\/plantas-de-energia-distribuida\/soluciones-de-sistemas\/gas-processing\/"},"modified":"2025-01-08T12:25:00","modified_gmt":"2025-01-08T10:25:00","slug":"procesamiento-de-gas","status":"publish","type":"page","link":"https:\/\/www.mwm.net\/es\/plantas-de-energia-distribuida\/soluciones-de-sistemas\/procesamiento-de-gas\/","title":{"rendered":"Procesamiento de gas"},"content":{"rendered":"<div class=\"patch-content\">\n<p>El procesamiento del gas suele ser necesario para reducir los costos de mantenimiento en caso de gas combustible muy contaminado o para permitir el tratamiento de los gases de escape con un catalizador de oxidaci\u00f3n.<\/p>\n<figure id=\"attachment_85760\" aria-describedby=\"caption-attachment-85760\" style=\"width: 245px\" class=\"wp-caption alignleft\"><img decoding=\"async\" class=\"wp-image-85760 size-full\" style=\"margin-right: 30px;\" src=\"https:\/\/www.mwm.net\/wp-content\/uploads\/2021\/05\/gasaufbereitung-biogasanlagen.jpg\" alt=\"Fig. Desulfuraci\u00f3n de carb\u00f3n activo MWM\" width=\"245\" height=\"369\" \/><figcaption id=\"caption-attachment-85760\" class=\"wp-caption-text\">Fig. Desulfuraci\u00f3n de carb\u00f3n activo MWM<\/figcaption><\/figure>\n<p>Una constelaci\u00f3n t\u00edpica de procesamiento de biog\u00e1s comprende un secador frigor\u00edfico de gas, un compresor y un silo de carb\u00f3n activo. El biog\u00e1s del fermentador, tibio, h\u00famedo, sin comprimir y desulfurado grueso, se convierte en biog\u00e1s refrigerado, comprimido y completamente desulfurado. En la mayor\u00eda de los casos, MWM utiliza catalizadores de oxidaci\u00f3n para cumplir con los l\u00edmites aplicables a los gases de escape. La desulfuraci\u00f3n con carb\u00f3n activo se aplica durante el procesamiento del gas para eliminar el azufre, que es perjudicial para el catalizador y para el intercambiador de calor de los gases de escape. Dado que el carb\u00f3n activo queda bloqueado en la superficie por la humedad del gas bruto, se requiere un secado previo por enfriamiento del gas. El procesamiento del biog\u00e1s cierra as\u00ed la brecha entre el fermentador y el grupo electr\u00f3geno\/contenedor.<\/p>\n<p>Para simplificar y acelerar la instalaci\u00f3n, MWM suministra el secador frigor\u00edfico de gas como m\u00f3dulo completo a pie de obra. El silo de carb\u00f3n activo utilizado por MWM consta de dos c\u00e1maras y puede funcionar con protecci\u00f3n antirotura. Una vez gastado el filtro de trabajo, el segundo filtro garantiza que el gas est\u00e9 siempre libre de sulfuro de hidr\u00f3geno. De este modo, el carb\u00f3n activo s\u00f3lo tiene que sustituirse durante el siguiente mantenimiento del grupo electr\u00f3geno y no requiere tiempo de inactividad adicional. El procesamiento de biog\u00e1s MWM est\u00e1 dise\u00f1ado para un funcionamiento a largo plazo y se adapta perfectamente a los componentes MWM.<\/p>\n<figure id=\"attachment_84812\" aria-describedby=\"caption-attachment-84812\" style=\"width: 800px\" class=\"wp-caption aligncenter\"><img decoding=\"async\" class=\"wp-image-84812 size-full\" src=\"https:\/\/www.mwm.net\/wp-content\/uploads\/2021\/04\/gas-processing-power-plants_800.jpg\" alt=\"Fig. M\u00f3dulo de secador frigor\u00edfico de gas\" width=\"800\" height=\"600\" srcset=\"https:\/\/www.mwm.net\/wp-content\/uploads\/2021\/04\/gas-processing-power-plants_800.jpg 800w, https:\/\/www.mwm.net\/wp-content\/uploads\/2021\/04\/gas-processing-power-plants_800-768x576.jpg 768w\" sizes=\"(max-width: 767px) 89vw, (max-width: 1000px) 54vw, (max-width: 1071px) 543px, 580px\" \/><figcaption id=\"caption-attachment-84812\" class=\"wp-caption-text\">Fig. M\u00f3dulo de secador frigor\u00edfico de gas<\/figcaption><\/figure>\n<div class=\"pro_grphc\">\n<div class=\"cntct_rght\"><a href=\"\/en\/contact\/contact-sales\/\">SERVICIO DE CONTACTO <strong>HAGA CLIC AQU\u00cd<\/strong><\/a><\/div>\n<\/div>\n<\/div>\n","protected":false},"excerpt":{"rendered":"<p>El procesamiento de gas es necesario en caso de gas combustible altamente contaminado o para permitir el tratamiento de gases de escape con un catalizador de oxidaci\u00f3n.<\/p>\n","protected":false},"author":1,"featured_media":103054,"parent":103050,"menu_order":0,"comment_status":"closed","ping_status":"closed","template":"page-sidebar-template.php","meta":{"_acf_changed":false,"footnotes":""},"tags":[],"class_list":["post-104965","page","type-page","status-publish","has-post-thumbnail","hentry"],"acf":[],"yoast_head":"<!-- This site is optimized with the Yoast SEO Premium plugin v27.2 (Yoast SEO v27.2) - https:\/\/yoast.com\/product\/yoast-seo-premium-wordpress\/ -->\n<title>Gas Processing<\/title>\n<meta name=\"description\" content=\"El procesamiento de gas es necesario en caso de gas combustible altamente contaminado o para permitir el tratamiento de gases de escape con un catalizador de oxidaci\u00f3n.\" \/>\n<meta name=\"robots\" content=\"index, follow, max-snippet:-1, max-image-preview:large, max-video-preview:-1\" \/>\n<link rel=\"canonical\" href=\"https:\/\/www.mwm.net\/es\/plantas-de-energia-distribuida\/soluciones-de-sistemas\/procesamiento-de-gas\/\" \/>\n<meta property=\"og:locale\" content=\"es_ES\" \/>\n<meta property=\"og:type\" content=\"article\" \/>\n<meta property=\"og:title\" content=\"Procesamiento de gas\" \/>\n<meta property=\"og:description\" content=\"El procesamiento de gas es necesario en caso de gas combustible altamente contaminado o para permitir el tratamiento de gases de escape con un catalizador de oxidaci\u00f3n.\" \/>\n<meta property=\"og:url\" content=\"https:\/\/www.mwm.net\/es\/plantas-de-energia-distribuida\/soluciones-de-sistemas\/procesamiento-de-gas\/\" \/>\n<meta property=\"og:site_name\" content=\"MWM\" \/>\n<meta property=\"article:modified_time\" content=\"2025-01-08T10:25:00+00:00\" \/>\n<meta property=\"og:image\" content=\"https:\/\/www.mwm.net\/wp-content\/uploads\/2021\/04\/gas-processing-power-plants_800.jpg\" \/>\n\t<meta property=\"og:image:width\" content=\"800\" \/>\n\t<meta property=\"og:image:height\" content=\"600\" \/>\n\t<meta property=\"og:image:type\" content=\"image\/jpeg\" \/>\n<meta name=\"twitter:card\" content=\"summary_large_image\" \/>\n<meta name=\"twitter:label1\" content=\"Tiempo de lectura\" \/>\n\t<meta name=\"twitter:data1\" content=\"3 minutos\" \/>\n<script type=\"application\/ld+json\" class=\"yoast-schema-graph\">{\"@context\":\"https:\/\/schema.org\",\"@graph\":[{\"@type\":\"WebPage\",\"@id\":\"https:\/\/www.mwm.net\/es\/plantas-de-energia-distribuida\/soluciones-de-sistemas\/procesamiento-de-gas\/\",\"url\":\"https:\/\/www.mwm.net\/es\/plantas-de-energia-distribuida\/soluciones-de-sistemas\/procesamiento-de-gas\/\",\"name\":\"Gas Processing\",\"isPartOf\":{\"@id\":\"https:\/\/www.mwm.net\/es\/#website\"},\"primaryImageOfPage\":{\"@id\":\"https:\/\/www.mwm.net\/es\/plantas-de-energia-distribuida\/soluciones-de-sistemas\/procesamiento-de-gas\/#primaryimage\"},\"image\":{\"@id\":\"https:\/\/www.mwm.net\/es\/plantas-de-energia-distribuida\/soluciones-de-sistemas\/procesamiento-de-gas\/#primaryimage\"},\"thumbnailUrl\":\"https:\/\/www.mwm.net\/wp-content\/uploads\/2021\/04\/gas-processing-power-plants_800.jpg\",\"datePublished\":\"2021-03-25T18:09:22+00:00\",\"dateModified\":\"2025-01-08T10:25:00+00:00\",\"description\":\"El procesamiento de gas es necesario en caso de gas combustible altamente contaminado o para permitir el tratamiento de gases de escape con un catalizador de oxidaci\u00f3n.\",\"breadcrumb\":{\"@id\":\"https:\/\/www.mwm.net\/es\/plantas-de-energia-distribuida\/soluciones-de-sistemas\/procesamiento-de-gas\/#breadcrumb\"},\"inLanguage\":\"es\",\"potentialAction\":[{\"@type\":\"ReadAction\",\"target\":[\"https:\/\/www.mwm.net\/es\/plantas-de-energia-distribuida\/soluciones-de-sistemas\/procesamiento-de-gas\/\"]}]},{\"@type\":\"ImageObject\",\"inLanguage\":\"es\",\"@id\":\"https:\/\/www.mwm.net\/es\/plantas-de-energia-distribuida\/soluciones-de-sistemas\/procesamiento-de-gas\/#primaryimage\",\"url\":\"https:\/\/www.mwm.net\/wp-content\/uploads\/2021\/04\/gas-processing-power-plants_800.jpg\",\"contentUrl\":\"https:\/\/www.mwm.net\/wp-content\/uploads\/2021\/04\/gas-processing-power-plants_800.jpg\",\"width\":800,\"height\":600},{\"@type\":\"BreadcrumbList\",\"@id\":\"https:\/\/www.mwm.net\/es\/plantas-de-energia-distribuida\/soluciones-de-sistemas\/procesamiento-de-gas\/#breadcrumb\",\"itemListElement\":[{\"@type\":\"ListItem\",\"position\":1,\"name\":\"Home\",\"item\":\"https:\/\/www.mwm.net\/es\/\"},{\"@type\":\"ListItem\",\"position\":2,\"name\":\"Plantas de energ\u00eda distribuida\",\"item\":\"https:\/\/www.mwm.net\/es\/plantas-de-energia-distribuida\/\"},{\"@type\":\"ListItem\",\"position\":3,\"name\":\"Soluciones de sistemas\",\"item\":\"https:\/\/www.mwm.net\/es\/plantas-de-energia-distribuida\/soluciones-de-sistemas\/\"},{\"@type\":\"ListItem\",\"position\":4,\"name\":\"Procesamiento de gas\"}]},{\"@type\":\"WebSite\",\"@id\":\"https:\/\/www.mwm.net\/es\/#website\",\"url\":\"https:\/\/www.mwm.net\/es\/\",\"name\":\"MWM\",\"description\":\"\",\"publisher\":{\"@id\":\"https:\/\/www.mwm.net\/es\/#organization\"},\"potentialAction\":[{\"@type\":\"SearchAction\",\"target\":{\"@type\":\"EntryPoint\",\"urlTemplate\":\"https:\/\/www.mwm.net\/es\/?s={search_term_string}\"},\"query-input\":{\"@type\":\"PropertyValueSpecification\",\"valueRequired\":true,\"valueName\":\"search_term_string\"}}],\"inLanguage\":\"es\"},{\"@type\":\"Organization\",\"@id\":\"https:\/\/www.mwm.net\/es\/#organization\",\"name\":\"Caterpillar Energy Solutions GmbH\",\"url\":\"https:\/\/www.mwm.net\/es\/\",\"logo\":{\"@type\":\"ImageObject\",\"inLanguage\":\"es\",\"@id\":\"https:\/\/www.mwm.net\/es\/#\/schema\/logo\/image\/\",\"url\":\"https:\/\/www.mwm.net\/wp-content\/uploads\/2022\/02\/logo2.jpg\",\"contentUrl\":\"https:\/\/www.mwm.net\/wp-content\/uploads\/2022\/02\/logo2.jpg\",\"width\":260,\"height\":142,\"caption\":\"Caterpillar Energy Solutions GmbH\"},\"image\":{\"@id\":\"https:\/\/www.mwm.net\/es\/#\/schema\/logo\/image\/\"}}]}<\/script>\n<!-- \/ Yoast SEO Premium plugin. -->","yoast_head_json":{"title":"Gas Processing","description":"El procesamiento de gas es necesario en caso de gas combustible altamente contaminado o para permitir el tratamiento de gases de escape con un catalizador de oxidaci\u00f3n.","robots":{"index":"index","follow":"follow","max-snippet":"max-snippet:-1","max-image-preview":"max-image-preview:large","max-video-preview":"max-video-preview:-1"},"canonical":"https:\/\/www.mwm.net\/es\/plantas-de-energia-distribuida\/soluciones-de-sistemas\/procesamiento-de-gas\/","og_locale":"es_ES","og_type":"article","og_title":"Procesamiento de gas","og_description":"El procesamiento de gas es necesario en caso de gas combustible altamente contaminado o para permitir el tratamiento de gases de escape con un catalizador de oxidaci\u00f3n.","og_url":"https:\/\/www.mwm.net\/es\/plantas-de-energia-distribuida\/soluciones-de-sistemas\/procesamiento-de-gas\/","og_site_name":"MWM","article_modified_time":"2025-01-08T10:25:00+00:00","og_image":[{"width":800,"height":600,"url":"https:\/\/www.mwm.net\/wp-content\/uploads\/2021\/04\/gas-processing-power-plants_800.jpg","type":"image\/jpeg"}],"twitter_card":"summary_large_image","twitter_misc":{"Tiempo de lectura":"3 minutos"},"schema":{"@context":"https:\/\/schema.org","@graph":[{"@type":"WebPage","@id":"https:\/\/www.mwm.net\/es\/plantas-de-energia-distribuida\/soluciones-de-sistemas\/procesamiento-de-gas\/","url":"https:\/\/www.mwm.net\/es\/plantas-de-energia-distribuida\/soluciones-de-sistemas\/procesamiento-de-gas\/","name":"Gas Processing","isPartOf":{"@id":"https:\/\/www.mwm.net\/es\/#website"},"primaryImageOfPage":{"@id":"https:\/\/www.mwm.net\/es\/plantas-de-energia-distribuida\/soluciones-de-sistemas\/procesamiento-de-gas\/#primaryimage"},"image":{"@id":"https:\/\/www.mwm.net\/es\/plantas-de-energia-distribuida\/soluciones-de-sistemas\/procesamiento-de-gas\/#primaryimage"},"thumbnailUrl":"https:\/\/www.mwm.net\/wp-content\/uploads\/2021\/04\/gas-processing-power-plants_800.jpg","datePublished":"2021-03-25T18:09:22+00:00","dateModified":"2025-01-08T10:25:00+00:00","description":"El procesamiento de gas es necesario en caso de gas combustible altamente contaminado o para permitir el tratamiento de gases de escape con un catalizador de oxidaci\u00f3n.","breadcrumb":{"@id":"https:\/\/www.mwm.net\/es\/plantas-de-energia-distribuida\/soluciones-de-sistemas\/procesamiento-de-gas\/#breadcrumb"},"inLanguage":"es","potentialAction":[{"@type":"ReadAction","target":["https:\/\/www.mwm.net\/es\/plantas-de-energia-distribuida\/soluciones-de-sistemas\/procesamiento-de-gas\/"]}]},{"@type":"ImageObject","inLanguage":"es","@id":"https:\/\/www.mwm.net\/es\/plantas-de-energia-distribuida\/soluciones-de-sistemas\/procesamiento-de-gas\/#primaryimage","url":"https:\/\/www.mwm.net\/wp-content\/uploads\/2021\/04\/gas-processing-power-plants_800.jpg","contentUrl":"https:\/\/www.mwm.net\/wp-content\/uploads\/2021\/04\/gas-processing-power-plants_800.jpg","width":800,"height":600},{"@type":"BreadcrumbList","@id":"https:\/\/www.mwm.net\/es\/plantas-de-energia-distribuida\/soluciones-de-sistemas\/procesamiento-de-gas\/#breadcrumb","itemListElement":[{"@type":"ListItem","position":1,"name":"Home","item":"https:\/\/www.mwm.net\/es\/"},{"@type":"ListItem","position":2,"name":"Plantas de energ\u00eda distribuida","item":"https:\/\/www.mwm.net\/es\/plantas-de-energia-distribuida\/"},{"@type":"ListItem","position":3,"name":"Soluciones de sistemas","item":"https:\/\/www.mwm.net\/es\/plantas-de-energia-distribuida\/soluciones-de-sistemas\/"},{"@type":"ListItem","position":4,"name":"Procesamiento de gas"}]},{"@type":"WebSite","@id":"https:\/\/www.mwm.net\/es\/#website","url":"https:\/\/www.mwm.net\/es\/","name":"MWM","description":"","publisher":{"@id":"https:\/\/www.mwm.net\/es\/#organization"},"potentialAction":[{"@type":"SearchAction","target":{"@type":"EntryPoint","urlTemplate":"https:\/\/www.mwm.net\/es\/?s={search_term_string}"},"query-input":{"@type":"PropertyValueSpecification","valueRequired":true,"valueName":"search_term_string"}}],"inLanguage":"es"},{"@type":"Organization","@id":"https:\/\/www.mwm.net\/es\/#organization","name":"Caterpillar Energy Solutions GmbH","url":"https:\/\/www.mwm.net\/es\/","logo":{"@type":"ImageObject","inLanguage":"es","@id":"https:\/\/www.mwm.net\/es\/#\/schema\/logo\/image\/","url":"https:\/\/www.mwm.net\/wp-content\/uploads\/2022\/02\/logo2.jpg","contentUrl":"https:\/\/www.mwm.net\/wp-content\/uploads\/2022\/02\/logo2.jpg","width":260,"height":142,"caption":"Caterpillar Energy Solutions GmbH"},"image":{"@id":"https:\/\/www.mwm.net\/es\/#\/schema\/logo\/image\/"}}]}},"_links":{"self":[{"href":"https:\/\/www.mwm.net\/es\/wp-json\/wp\/v2\/pages\/104965","targetHints":{"allow":["GET"]}}],"collection":[{"href":"https:\/\/www.mwm.net\/es\/wp-json\/wp\/v2\/pages"}],"about":[{"href":"https:\/\/www.mwm.net\/es\/wp-json\/wp\/v2\/types\/page"}],"author":[{"embeddable":true,"href":"https:\/\/www.mwm.net\/es\/wp-json\/wp\/v2\/users\/1"}],"replies":[{"embeddable":true,"href":"https:\/\/www.mwm.net\/es\/wp-json\/wp\/v2\/comments?post=104965"}],"version-history":[{"count":5,"href":"https:\/\/www.mwm.net\/es\/wp-json\/wp\/v2\/pages\/104965\/revisions"}],"predecessor-version":[{"id":107257,"href":"https:\/\/www.mwm.net\/es\/wp-json\/wp\/v2\/pages\/104965\/revisions\/107257"}],"up":[{"embeddable":true,"href":"https:\/\/www.mwm.net\/es\/wp-json\/wp\/v2\/pages\/103050"}],"wp:featuredmedia":[{"embeddable":true,"href":"https:\/\/www.mwm.net\/es\/wp-json\/wp\/v2\/media\/103054"}],"wp:attachment":[{"href":"https:\/\/www.mwm.net\/es\/wp-json\/wp\/v2\/media?parent=104965"}],"wp:term":[{"taxonomy":"post_tag","embeddable":true,"href":"https:\/\/www.mwm.net\/es\/wp-json\/wp\/v2\/tags?post=104965"}],"curies":[{"name":"wp","href":"https:\/\/api.w.org\/{rel}","templated":true}]}}