{"id":104967,"date":"2021-03-24T17:05:14","date_gmt":"2021-03-24T17:05:14","guid":{"rendered":"https:\/\/www.mwm.net\/plantas-de-energia-distribuida\/soluciones-de-sistemas\/heat-utilization\/"},"modified":"2024-11-27T15:17:58","modified_gmt":"2024-11-27T13:17:58","slug":"aprovechamiento-del-calor","status":"publish","type":"page","link":"https:\/\/www.mwm.net\/es\/plantas-de-energia-distribuida\/soluciones-de-sistemas\/aprovechamiento-del-calor\/","title":{"rendered":"Aprovechamiento del calor"},"content":{"rendered":"<div class=\"patch-content\">\n<p>En las <a href=\"https:\/\/www.mwm.net\/es\/plantas-de-energia-distribuida\/soluciones-de-cogeneracion\/\">plantas de cogeneraci\u00f3n<\/a>, se aprovecha tanto la energ\u00eda t\u00e9rmica como la el\u00e9ctrica. Dependiendo de la aplicaci\u00f3n, el rendimiento total puede alcanzar m\u00e1s del 90%. Durante el funcionamiento del motor se obtienen dos tipos de calor procedentes de los gases de escape: el calor del refrigerante y la energ\u00eda t\u00e9rmica.<\/p>\n<p>El calor procede del calor t\u00e9rmico, del calor de proceso y del calentamiento del agua de servicio. Estos tipos de calor se pueden integrar en los sistemas e infraestructuras de calefacci\u00f3n existentes. El almacenamiento intermedio se puede utilizar para separar la producci\u00f3n de electricidad del uso de calor. Los procesos industriales funcionan con vapor saturado generado a partir de la energ\u00eda de los gases de escape. En este contexto, el calor puede extraerse simult\u00e1neamente del refrigerante con fines de calefacci\u00f3n.<\/p>\n<p>La refrigeraci\u00f3n se puede utilizar para enfriar el aire ambiental y el proceso. En este caso, el calor generado se convierte en energ\u00eda de refrigeraci\u00f3n. Aqu\u00ed tambi\u00e9n es posible la integraci\u00f3n en sistemas de refrigeraci\u00f3n y ventilaci\u00f3n existentes. El funcionamiento alternado en verano e invierno permite prolongar el tiempo de funcionamiento de la planta.<\/p>\n<figure id=\"attachment_106007\" aria-describedby=\"caption-attachment-106007\" style=\"width: 800px\" class=\"wp-caption alignleft\"><img decoding=\"async\" class=\"wp-image-106007\" src=\"https:\/\/www.mwm.net\/wp-content\/uploads\/2024\/11\/Aprovechamiento-del-calor-768x543.jpg\" alt=\"Fig. Principio de la producci\u00f3n combinada de calor y electricidad con motores de gas (Plantas de CHP)\" width=\"800\" height=\"565\" srcset=\"https:\/\/www.mwm.net\/wp-content\/uploads\/2024\/11\/Aprovechamiento-del-calor-768x543.jpg 768w, https:\/\/www.mwm.net\/wp-content\/uploads\/2024\/11\/Aprovechamiento-del-calor-920x650.jpg 920w, https:\/\/www.mwm.net\/wp-content\/uploads\/2024\/11\/Aprovechamiento-del-calor-1536x1086.jpg 1536w, https:\/\/www.mwm.net\/wp-content\/uploads\/2024\/11\/Aprovechamiento-del-calor.jpg 1600w\" sizes=\"(max-width: 767px) 89vw, (max-width: 1000px) 54vw, (max-width: 1071px) 543px, 580px\" \/><figcaption id=\"caption-attachment-106007\" class=\"wp-caption-text\">Fig. Principio de la producci\u00f3n combinada de calor y electricidad con motores de gas (Plantas de CHP)<\/figcaption><\/figure>\n<\/div>\n<div class=\"pro_grphc\">\n<div class=\"cntct_rght\"><a href=\"\/en\/contact\/contact-sales\/\">SERVICIO DE CONTACTO <strong>HAGA CLIC AQU\u00cd<\/strong><\/a><\/div>\n<\/div>\n","protected":false},"excerpt":{"rendered":"<p>En las plantas de cogeneraci\u00f3n se aprovecha tanto la energ\u00eda t\u00e9rmica como la el\u00e9ctrica. Dependiendo de la aplicaci\u00f3n, el rendimiento total puede alcanzar m\u00e1s del 90%.<\/p>\n","protected":false},"author":1,"featured_media":103052,"parent":103050,"menu_order":0,"comment_status":"closed","ping_status":"closed","template":"page-sidebar-template.php","meta":{"_acf_changed":false,"footnotes":""},"tags":[],"class_list":["post-104967","page","type-page","status-publish","has-post-thumbnail","hentry"],"acf":[],"yoast_head":"<!-- This site is optimized with the Yoast SEO Premium plugin v27.2 (Yoast SEO v27.2) - https:\/\/yoast.com\/product\/yoast-seo-premium-wordpress\/ -->\n<title>Heat Utilization<\/title>\n<meta name=\"description\" content=\"En las plantas de cogeneraci\u00f3n se aprovecha tanto la energ\u00eda t\u00e9rmica como la el\u00e9ctrica. Dependiendo de la aplicaci\u00f3n, el rendimiento total puede alcanzar m\u00e1s del 90%.\" \/>\n<meta name=\"robots\" content=\"index, follow, max-snippet:-1, max-image-preview:large, max-video-preview:-1\" \/>\n<link rel=\"canonical\" href=\"https:\/\/www.mwm.net\/es\/plantas-de-energia-distribuida\/soluciones-de-sistemas\/aprovechamiento-del-calor\/\" \/>\n<meta property=\"og:locale\" content=\"es_ES\" \/>\n<meta property=\"og:type\" content=\"article\" \/>\n<meta property=\"og:title\" content=\"Aprovechamiento del calor\" \/>\n<meta property=\"og:description\" content=\"En las plantas de cogeneraci\u00f3n se aprovecha tanto la energ\u00eda t\u00e9rmica como la el\u00e9ctrica. Dependiendo de la aplicaci\u00f3n, el rendimiento total puede alcanzar m\u00e1s del 90%.\" \/>\n<meta property=\"og:url\" content=\"https:\/\/www.mwm.net\/es\/plantas-de-energia-distribuida\/soluciones-de-sistemas\/aprovechamiento-del-calor\/\" \/>\n<meta property=\"og:site_name\" content=\"MWM\" \/>\n<meta property=\"article:modified_time\" content=\"2024-11-27T13:17:58+00:00\" \/>\n<meta property=\"og:image\" content=\"https:\/\/www.mwm.net\/wp-content\/uploads\/2021\/04\/waermeverwertung-kwk_t.jpg\" \/>\n\t<meta property=\"og:image:width\" content=\"600\" \/>\n\t<meta property=\"og:image:height\" content=\"450\" \/>\n\t<meta property=\"og:image:type\" content=\"image\/jpeg\" \/>\n<meta name=\"twitter:card\" content=\"summary_large_image\" \/>\n<meta name=\"twitter:label1\" content=\"Tiempo de lectura\" \/>\n\t<meta name=\"twitter:data1\" content=\"2 minutos\" \/>\n<script type=\"application\/ld+json\" class=\"yoast-schema-graph\">{\"@context\":\"https:\/\/schema.org\",\"@graph\":[{\"@type\":\"WebPage\",\"@id\":\"https:\/\/www.mwm.net\/es\/plantas-de-energia-distribuida\/soluciones-de-sistemas\/aprovechamiento-del-calor\/\",\"url\":\"https:\/\/www.mwm.net\/es\/plantas-de-energia-distribuida\/soluciones-de-sistemas\/aprovechamiento-del-calor\/\",\"name\":\"Heat Utilization\",\"isPartOf\":{\"@id\":\"https:\/\/www.mwm.net\/es\/#website\"},\"primaryImageOfPage\":{\"@id\":\"https:\/\/www.mwm.net\/es\/plantas-de-energia-distribuida\/soluciones-de-sistemas\/aprovechamiento-del-calor\/#primaryimage\"},\"image\":{\"@id\":\"https:\/\/www.mwm.net\/es\/plantas-de-energia-distribuida\/soluciones-de-sistemas\/aprovechamiento-del-calor\/#primaryimage\"},\"thumbnailUrl\":\"https:\/\/www.mwm.net\/wp-content\/uploads\/2021\/04\/waermeverwertung-kwk_t.jpg\",\"datePublished\":\"2021-03-24T17:05:14+00:00\",\"dateModified\":\"2024-11-27T13:17:58+00:00\",\"description\":\"En las plantas de cogeneraci\u00f3n se aprovecha tanto la energ\u00eda t\u00e9rmica como la el\u00e9ctrica. Dependiendo de la aplicaci\u00f3n, el rendimiento total puede alcanzar m\u00e1s del 90%.\",\"breadcrumb\":{\"@id\":\"https:\/\/www.mwm.net\/es\/plantas-de-energia-distribuida\/soluciones-de-sistemas\/aprovechamiento-del-calor\/#breadcrumb\"},\"inLanguage\":\"es\",\"potentialAction\":[{\"@type\":\"ReadAction\",\"target\":[\"https:\/\/www.mwm.net\/es\/plantas-de-energia-distribuida\/soluciones-de-sistemas\/aprovechamiento-del-calor\/\"]}]},{\"@type\":\"ImageObject\",\"inLanguage\":\"es\",\"@id\":\"https:\/\/www.mwm.net\/es\/plantas-de-energia-distribuida\/soluciones-de-sistemas\/aprovechamiento-del-calor\/#primaryimage\",\"url\":\"https:\/\/www.mwm.net\/wp-content\/uploads\/2021\/04\/waermeverwertung-kwk_t.jpg\",\"contentUrl\":\"https:\/\/www.mwm.net\/wp-content\/uploads\/2021\/04\/waermeverwertung-kwk_t.jpg\",\"width\":600,\"height\":450},{\"@type\":\"BreadcrumbList\",\"@id\":\"https:\/\/www.mwm.net\/es\/plantas-de-energia-distribuida\/soluciones-de-sistemas\/aprovechamiento-del-calor\/#breadcrumb\",\"itemListElement\":[{\"@type\":\"ListItem\",\"position\":1,\"name\":\"Home\",\"item\":\"https:\/\/www.mwm.net\/es\/\"},{\"@type\":\"ListItem\",\"position\":2,\"name\":\"Plantas de energ\u00eda distribuida\",\"item\":\"https:\/\/www.mwm.net\/es\/plantas-de-energia-distribuida\/\"},{\"@type\":\"ListItem\",\"position\":3,\"name\":\"Soluciones de sistemas\",\"item\":\"https:\/\/www.mwm.net\/es\/plantas-de-energia-distribuida\/soluciones-de-sistemas\/\"},{\"@type\":\"ListItem\",\"position\":4,\"name\":\"Aprovechamiento del calor\"}]},{\"@type\":\"WebSite\",\"@id\":\"https:\/\/www.mwm.net\/es\/#website\",\"url\":\"https:\/\/www.mwm.net\/es\/\",\"name\":\"MWM\",\"description\":\"\",\"publisher\":{\"@id\":\"https:\/\/www.mwm.net\/es\/#organization\"},\"potentialAction\":[{\"@type\":\"SearchAction\",\"target\":{\"@type\":\"EntryPoint\",\"urlTemplate\":\"https:\/\/www.mwm.net\/es\/?s={search_term_string}\"},\"query-input\":{\"@type\":\"PropertyValueSpecification\",\"valueRequired\":true,\"valueName\":\"search_term_string\"}}],\"inLanguage\":\"es\"},{\"@type\":\"Organization\",\"@id\":\"https:\/\/www.mwm.net\/es\/#organization\",\"name\":\"Caterpillar Energy Solutions GmbH\",\"url\":\"https:\/\/www.mwm.net\/es\/\",\"logo\":{\"@type\":\"ImageObject\",\"inLanguage\":\"es\",\"@id\":\"https:\/\/www.mwm.net\/es\/#\/schema\/logo\/image\/\",\"url\":\"https:\/\/www.mwm.net\/wp-content\/uploads\/2022\/02\/logo2.jpg\",\"contentUrl\":\"https:\/\/www.mwm.net\/wp-content\/uploads\/2022\/02\/logo2.jpg\",\"width\":260,\"height\":142,\"caption\":\"Caterpillar Energy Solutions GmbH\"},\"image\":{\"@id\":\"https:\/\/www.mwm.net\/es\/#\/schema\/logo\/image\/\"}}]}<\/script>\n<!-- \/ Yoast SEO Premium plugin. -->","yoast_head_json":{"title":"Heat Utilization","description":"En las plantas de cogeneraci\u00f3n se aprovecha tanto la energ\u00eda t\u00e9rmica como la el\u00e9ctrica. Dependiendo de la aplicaci\u00f3n, el rendimiento total puede alcanzar m\u00e1s del 90%.","robots":{"index":"index","follow":"follow","max-snippet":"max-snippet:-1","max-image-preview":"max-image-preview:large","max-video-preview":"max-video-preview:-1"},"canonical":"https:\/\/www.mwm.net\/es\/plantas-de-energia-distribuida\/soluciones-de-sistemas\/aprovechamiento-del-calor\/","og_locale":"es_ES","og_type":"article","og_title":"Aprovechamiento del calor","og_description":"En las plantas de cogeneraci\u00f3n se aprovecha tanto la energ\u00eda t\u00e9rmica como la el\u00e9ctrica. Dependiendo de la aplicaci\u00f3n, el rendimiento total puede alcanzar m\u00e1s del 90%.","og_url":"https:\/\/www.mwm.net\/es\/plantas-de-energia-distribuida\/soluciones-de-sistemas\/aprovechamiento-del-calor\/","og_site_name":"MWM","article_modified_time":"2024-11-27T13:17:58+00:00","og_image":[{"width":600,"height":450,"url":"https:\/\/www.mwm.net\/wp-content\/uploads\/2021\/04\/waermeverwertung-kwk_t.jpg","type":"image\/jpeg"}],"twitter_card":"summary_large_image","twitter_misc":{"Tiempo de lectura":"2 minutos"},"schema":{"@context":"https:\/\/schema.org","@graph":[{"@type":"WebPage","@id":"https:\/\/www.mwm.net\/es\/plantas-de-energia-distribuida\/soluciones-de-sistemas\/aprovechamiento-del-calor\/","url":"https:\/\/www.mwm.net\/es\/plantas-de-energia-distribuida\/soluciones-de-sistemas\/aprovechamiento-del-calor\/","name":"Heat Utilization","isPartOf":{"@id":"https:\/\/www.mwm.net\/es\/#website"},"primaryImageOfPage":{"@id":"https:\/\/www.mwm.net\/es\/plantas-de-energia-distribuida\/soluciones-de-sistemas\/aprovechamiento-del-calor\/#primaryimage"},"image":{"@id":"https:\/\/www.mwm.net\/es\/plantas-de-energia-distribuida\/soluciones-de-sistemas\/aprovechamiento-del-calor\/#primaryimage"},"thumbnailUrl":"https:\/\/www.mwm.net\/wp-content\/uploads\/2021\/04\/waermeverwertung-kwk_t.jpg","datePublished":"2021-03-24T17:05:14+00:00","dateModified":"2024-11-27T13:17:58+00:00","description":"En las plantas de cogeneraci\u00f3n se aprovecha tanto la energ\u00eda t\u00e9rmica como la el\u00e9ctrica. Dependiendo de la aplicaci\u00f3n, el rendimiento total puede alcanzar m\u00e1s del 90%.","breadcrumb":{"@id":"https:\/\/www.mwm.net\/es\/plantas-de-energia-distribuida\/soluciones-de-sistemas\/aprovechamiento-del-calor\/#breadcrumb"},"inLanguage":"es","potentialAction":[{"@type":"ReadAction","target":["https:\/\/www.mwm.net\/es\/plantas-de-energia-distribuida\/soluciones-de-sistemas\/aprovechamiento-del-calor\/"]}]},{"@type":"ImageObject","inLanguage":"es","@id":"https:\/\/www.mwm.net\/es\/plantas-de-energia-distribuida\/soluciones-de-sistemas\/aprovechamiento-del-calor\/#primaryimage","url":"https:\/\/www.mwm.net\/wp-content\/uploads\/2021\/04\/waermeverwertung-kwk_t.jpg","contentUrl":"https:\/\/www.mwm.net\/wp-content\/uploads\/2021\/04\/waermeverwertung-kwk_t.jpg","width":600,"height":450},{"@type":"BreadcrumbList","@id":"https:\/\/www.mwm.net\/es\/plantas-de-energia-distribuida\/soluciones-de-sistemas\/aprovechamiento-del-calor\/#breadcrumb","itemListElement":[{"@type":"ListItem","position":1,"name":"Home","item":"https:\/\/www.mwm.net\/es\/"},{"@type":"ListItem","position":2,"name":"Plantas de energ\u00eda distribuida","item":"https:\/\/www.mwm.net\/es\/plantas-de-energia-distribuida\/"},{"@type":"ListItem","position":3,"name":"Soluciones de sistemas","item":"https:\/\/www.mwm.net\/es\/plantas-de-energia-distribuida\/soluciones-de-sistemas\/"},{"@type":"ListItem","position":4,"name":"Aprovechamiento del calor"}]},{"@type":"WebSite","@id":"https:\/\/www.mwm.net\/es\/#website","url":"https:\/\/www.mwm.net\/es\/","name":"MWM","description":"","publisher":{"@id":"https:\/\/www.mwm.net\/es\/#organization"},"potentialAction":[{"@type":"SearchAction","target":{"@type":"EntryPoint","urlTemplate":"https:\/\/www.mwm.net\/es\/?s={search_term_string}"},"query-input":{"@type":"PropertyValueSpecification","valueRequired":true,"valueName":"search_term_string"}}],"inLanguage":"es"},{"@type":"Organization","@id":"https:\/\/www.mwm.net\/es\/#organization","name":"Caterpillar Energy Solutions GmbH","url":"https:\/\/www.mwm.net\/es\/","logo":{"@type":"ImageObject","inLanguage":"es","@id":"https:\/\/www.mwm.net\/es\/#\/schema\/logo\/image\/","url":"https:\/\/www.mwm.net\/wp-content\/uploads\/2022\/02\/logo2.jpg","contentUrl":"https:\/\/www.mwm.net\/wp-content\/uploads\/2022\/02\/logo2.jpg","width":260,"height":142,"caption":"Caterpillar Energy Solutions GmbH"},"image":{"@id":"https:\/\/www.mwm.net\/es\/#\/schema\/logo\/image\/"}}]}},"_links":{"self":[{"href":"https:\/\/www.mwm.net\/es\/wp-json\/wp\/v2\/pages\/104967","targetHints":{"allow":["GET"]}}],"collection":[{"href":"https:\/\/www.mwm.net\/es\/wp-json\/wp\/v2\/pages"}],"about":[{"href":"https:\/\/www.mwm.net\/es\/wp-json\/wp\/v2\/types\/page"}],"author":[{"embeddable":true,"href":"https:\/\/www.mwm.net\/es\/wp-json\/wp\/v2\/users\/1"}],"replies":[{"embeddable":true,"href":"https:\/\/www.mwm.net\/es\/wp-json\/wp\/v2\/comments?post=104967"}],"version-history":[{"count":5,"href":"https:\/\/www.mwm.net\/es\/wp-json\/wp\/v2\/pages\/104967\/revisions"}],"predecessor-version":[{"id":106693,"href":"https:\/\/www.mwm.net\/es\/wp-json\/wp\/v2\/pages\/104967\/revisions\/106693"}],"up":[{"embeddable":true,"href":"https:\/\/www.mwm.net\/es\/wp-json\/wp\/v2\/pages\/103050"}],"wp:featuredmedia":[{"embeddable":true,"href":"https:\/\/www.mwm.net\/es\/wp-json\/wp\/v2\/media\/103052"}],"wp:attachment":[{"href":"https:\/\/www.mwm.net\/es\/wp-json\/wp\/v2\/media?parent=104967"}],"wp:term":[{"taxonomy":"post_tag","embeddable":true,"href":"https:\/\/www.mwm.net\/es\/wp-json\/wp\/v2\/tags?post=104967"}],"curies":[{"name":"wp","href":"https:\/\/api.w.org\/{rel}","templated":true}]}}