{"id":104973,"date":"2021-03-25T18:15:46","date_gmt":"2021-03-25T18:15:46","guid":{"rendered":"https:\/\/www.mwm.net\/aplicaciones-de-gas\/public-utilities\/"},"modified":"2025-12-23T14:12:14","modified_gmt":"2025-12-23T12:12:14","slug":"servicios-publicos","status":"publish","type":"page","link":"https:\/\/www.mwm.net\/es\/aplicaciones-de-gas\/servicios-publicos\/","title":{"rendered":"Soluciones de plantas de energ\u00eda para empresas de servicios p\u00fablicos"},"content":{"rendered":"<div class=\"blu_sec\" style=\"margin:0;padding:0;\"><\/div>\n<h2 class=\"subheadline noborder\">Gestione de manera flexible las cargas base o los picos de demanda con plantas de cogeneraci\u00f3n alimentadas con gas natural<\/h2>\n<div class=\"patch-content\">\n<p>Las compa\u00f1\u00edas de energ\u00eda el\u00e9ctrica pueden operar generadores con motores de gas de manera continua para abastecer las cargas el\u00e9ctricas base. Esto es particularmente ventajoso en ausencia de una planta de energ\u00eda centralizada confiable, o donde la econom\u00eda y la disponibilidad de combustible de gas natural son factores clave. La carga base es la demanda b\u00e1sica constante de electricidad requerida durante un d\u00eda t\u00edpico. Por lo tanto, la demanda de electricidad equivale siempre a la carga base. En funci\u00f3n de la demanda de electricidad, la carga base es mayor en invierno que en verano.<\/p>\n<p>Los grupos electr\u00f3genos que funcionan con motores de gas tambi\u00e9n se suelen utilizar para gestionar cargas m\u00e1ximas. Carga m\u00e1xima es el t\u00e9rmino utilizado para describir una demanda temporalmente alta en la red el\u00e9ctrica o en otras redes de servicios p\u00fablicos. Los picos de demanda suelen caracterizarse por un r\u00e1pido aumento de la energ\u00eda demandada, por lo que se deben implementar r\u00e1pidamente plantas de energ\u00eda escalables de carga m\u00e1xima. Los picos de demanda en la red el\u00e9ctrica de servicios p\u00fablicos suelen producirse a primera hora de la ma\u00f1ana y a \u00faltima hora de la tarde en d\u00edas laborables. Estas plantas de energ\u00eda pueden generar altos niveles de producci\u00f3n en cuesti\u00f3n de segundos o minutos. Tambi\u00e9n incluyen centrales el\u00e9ctricas modernas alimentadas con gas.<\/p>\n<\/div>\n<div class=\"pro_grphc\">\n<div class=\"cntct_rght\"><a href=\"https:\/\/www.mwm.net\/en\/contact\/contact-sales\/\">Contacto con ventas <strong>Haga clic aqu\u00ed<\/strong><\/a><\/div>\n<\/div>\n<div class=\"patch-content\">\n<p>Algunas empresas de servicios p\u00fablicos optan por celebrar contratos de compra de energ\u00eda a largo plazo para contar con un bloque de reserva de energ\u00eda que pueda hacer frente a estos picos intermitentes. Sin embargo, este enfoque puede generar una capacidad de carga base innecesaria, lo que aumenta los costos para la empresa de servicios p\u00fablicos y sus clientes.<\/p>\n<p>Los clientes de MWM reciben asesoramiento experto sobre c\u00f3mo dise\u00f1ar, instalar y mantener plantas de energ\u00eda dise\u00f1adas para diferentes aplicaciones de servicios p\u00fablicos.<\/p>\n<h2 class=\"subheadline\">Los beneficios de las aplicaciones de grupos electr\u00f3genos de gas para servicios p\u00fablicos incluye:<\/h2>\n<ul>\n<li>Costos de energ\u00eda menores<\/li>\n<li>Uso eficiente de los recursos<\/li>\n<li>Oportunidades para generar mayores ingresos<\/li>\n<\/ul>\n<\/div>\n<div class=\"pro_grphc\">\n<div class=\"cntct_rght\"><a href=\"https:\/\/www.mwm.net\/en\/contact\/contact-sales\/\">Contacto con ventas <strong>Haga clic aqu\u00ed<\/strong><\/a><\/div>\n<\/div>\n<div class=\"patch-content\">\n<p>Las plantas de energ\u00eda con grupos electr\u00f3genos de carga base pueden variar en potencia desde unos pocos megavatios (MW) para una isla peque\u00f1a hasta m\u00e1s de 100 MW para \u00e1reas metropolitanas m\u00e1s grandes. Estas plantas se pueden construir con varios generadores de 400 a 10.300 kW<sub>el<\/sub> que funcionan en paralelo como una fuente central de electricidad para la red el\u00e9ctrica local.<\/p>\n<p>Las soluciones t\u00edpicas de generaci\u00f3n de energ\u00eda de carga m\u00e1xima operan en el rango de 2 a 50 MW, de 100 a 3000 horas por a\u00f1o. La mayor\u00eda de las plantas que funcionan 100 horas por a\u00f1o normalmente usar\u00edan di\u00e9sel para cubrir los excesos de demanda, mientras que la econom\u00eda de las plantas de energ\u00eda de gas natural favorece aplicaciones con m\u00e1s horas de servicio y demandas m\u00e1ximas mayores.<\/p>\n<p>Los sistemas de conmutaci\u00f3n en paralelo para las empresas de energ\u00eda se utilizan para permitir que varios grupos electr\u00f3genos operen en paralelo a la red el\u00e9ctrica principal. En los mercados de energ\u00eda abiertos, la electricidad producida por estos generadores puede utilizarse para satisfacer las necesidades de los clientes locales durante las horas pico o venderse para obtener ganancias a precios spot en mercados de energ\u00eda abiertos en tiempo real.<\/p>\n<\/div>\n<div class=\"pro_grphc\">\n<div class=\"cntct_rght\"><a href=\"https:\/\/www.mwm.net\/en\/contact\/contact-sales\/\">Contacto con ventas <strong>Haga clic aqu\u00ed<\/strong><\/a><\/div>\n<\/div>\n","protected":false},"excerpt":{"rendered":"<p>Gestione de manera flexible las cargas base o los picos de demanda de la red el\u00e9ctrica p\u00fablica alimentada con gas natural.<\/p>\n","protected":false},"author":1,"featured_media":111948,"parent":103087,"menu_order":0,"comment_status":"closed","ping_status":"closed","template":"product-template.php","meta":{"_acf_changed":false,"footnotes":""},"tags":[2316],"class_list":["post-104973","page","type-page","status-publish","has-post-thumbnail","hentry","tag-servicios-publicos"],"acf":[],"yoast_head":"<!-- This site is optimized with the Yoast SEO Premium plugin v27.4 (Yoast SEO v27.4) - https:\/\/yoast.com\/product\/yoast-seo-premium-wordpress\/ -->\n<title>Soluciones de plantas de energ\u00eda para empresas de servicios p\u00fablicos<\/title>\n<meta name=\"description\" content=\"Gestione de manera flexible las cargas base o los picos de demanda de la red el\u00e9ctrica p\u00fablica alimentada con gas natural.\" \/>\n<meta name=\"robots\" content=\"index, follow, max-snippet:-1, max-image-preview:large, max-video-preview:-1\" \/>\n<link rel=\"canonical\" href=\"https:\/\/www.mwm.net\/es\/aplicaciones-de-gas\/servicios-publicos\/\" \/>\n<meta property=\"og:locale\" content=\"es_ES\" \/>\n<meta property=\"og:type\" content=\"article\" \/>\n<meta property=\"og:title\" content=\"Soluciones de plantas de energ\u00eda para empresas de servicios p\u00fablicos\" \/>\n<meta property=\"og:description\" content=\"Gestione de manera flexible las cargas base o los picos de demanda de la red el\u00e9ctrica p\u00fablica alimentada con gas natural.\" \/>\n<meta property=\"og:url\" content=\"https:\/\/www.mwm.net\/es\/aplicaciones-de-gas\/servicios-publicos\/\" \/>\n<meta property=\"og:site_name\" content=\"MWM\" \/>\n<meta property=\"article:modified_time\" content=\"2025-12-23T12:12:14+00:00\" \/>\n<meta property=\"og:image\" content=\"https:\/\/www.mwm.net\/wp-content\/uploads\/2025\/12\/Utilities-IPP-Lake-Kivu.jpg\" \/>\n\t<meta property=\"og:image:width\" content=\"800\" \/>\n\t<meta property=\"og:image:height\" content=\"600\" \/>\n\t<meta property=\"og:image:type\" content=\"image\/jpeg\" \/>\n<meta name=\"twitter:card\" content=\"summary_large_image\" \/>\n<meta name=\"twitter:label1\" content=\"Tiempo de lectura\" \/>\n\t<meta name=\"twitter:data1\" content=\"4 minutos\" \/>\n<script type=\"application\/ld+json\" class=\"yoast-schema-graph\">{\"@context\":\"https:\\\/\\\/schema.org\",\"@graph\":[{\"@type\":\"WebPage\",\"@id\":\"https:\\\/\\\/www.mwm.net\\\/es\\\/aplicaciones-de-gas\\\/servicios-publicos\\\/\",\"url\":\"https:\\\/\\\/www.mwm.net\\\/es\\\/aplicaciones-de-gas\\\/servicios-publicos\\\/\",\"name\":\"Soluciones de plantas de energ\u00eda para empresas de servicios p\u00fablicos\",\"isPartOf\":{\"@id\":\"https:\\\/\\\/www.mwm.net\\\/es\\\/#website\"},\"primaryImageOfPage\":{\"@id\":\"https:\\\/\\\/www.mwm.net\\\/es\\\/aplicaciones-de-gas\\\/servicios-publicos\\\/#primaryimage\"},\"image\":{\"@id\":\"https:\\\/\\\/www.mwm.net\\\/es\\\/aplicaciones-de-gas\\\/servicios-publicos\\\/#primaryimage\"},\"thumbnailUrl\":\"https:\\\/\\\/www.mwm.net\\\/wp-content\\\/uploads\\\/2025\\\/12\\\/Utilities-IPP-Lake-Kivu.jpg\",\"datePublished\":\"2021-03-25T18:15:46+00:00\",\"dateModified\":\"2025-12-23T12:12:14+00:00\",\"description\":\"Gestione de manera flexible las cargas base o los picos de demanda de la red el\u00e9ctrica p\u00fablica alimentada con gas natural.\",\"breadcrumb\":{\"@id\":\"https:\\\/\\\/www.mwm.net\\\/es\\\/aplicaciones-de-gas\\\/servicios-publicos\\\/#breadcrumb\"},\"inLanguage\":\"es\",\"potentialAction\":[{\"@type\":\"ReadAction\",\"target\":[\"https:\\\/\\\/www.mwm.net\\\/es\\\/aplicaciones-de-gas\\\/servicios-publicos\\\/\"]}]},{\"@type\":\"ImageObject\",\"inLanguage\":\"es\",\"@id\":\"https:\\\/\\\/www.mwm.net\\\/es\\\/aplicaciones-de-gas\\\/servicios-publicos\\\/#primaryimage\",\"url\":\"https:\\\/\\\/www.mwm.net\\\/wp-content\\\/uploads\\\/2025\\\/12\\\/Utilities-IPP-Lake-Kivu.jpg\",\"contentUrl\":\"https:\\\/\\\/www.mwm.net\\\/wp-content\\\/uploads\\\/2025\\\/12\\\/Utilities-IPP-Lake-Kivu.jpg\",\"width\":800,\"height\":600,\"caption\":\"Central el\u00e9ctrica en el lago Kivu, Ruanda\"},{\"@type\":\"BreadcrumbList\",\"@id\":\"https:\\\/\\\/www.mwm.net\\\/es\\\/aplicaciones-de-gas\\\/servicios-publicos\\\/#breadcrumb\",\"itemListElement\":[{\"@type\":\"ListItem\",\"position\":1,\"name\":\"Home\",\"item\":\"https:\\\/\\\/www.mwm.net\\\/es\\\/\"},{\"@type\":\"ListItem\",\"position\":2,\"name\":\"Aplicaciones de gas\",\"item\":\"https:\\\/\\\/www.mwm.net\\\/es\\\/aplicaciones-de-gas\\\/\"},{\"@type\":\"ListItem\",\"position\":3,\"name\":\"Soluciones de plantas de energ\u00eda para empresas de servicios p\u00fablicos\"}]},{\"@type\":\"WebSite\",\"@id\":\"https:\\\/\\\/www.mwm.net\\\/es\\\/#website\",\"url\":\"https:\\\/\\\/www.mwm.net\\\/es\\\/\",\"name\":\"MWM\",\"description\":\"\",\"publisher\":{\"@id\":\"https:\\\/\\\/www.mwm.net\\\/es\\\/#organization\"},\"potentialAction\":[{\"@type\":\"SearchAction\",\"target\":{\"@type\":\"EntryPoint\",\"urlTemplate\":\"https:\\\/\\\/www.mwm.net\\\/es\\\/?s={search_term_string}\"},\"query-input\":{\"@type\":\"PropertyValueSpecification\",\"valueRequired\":true,\"valueName\":\"search_term_string\"}}],\"inLanguage\":\"es\"},{\"@type\":\"Organization\",\"@id\":\"https:\\\/\\\/www.mwm.net\\\/es\\\/#organization\",\"name\":\"Caterpillar Energy Solutions GmbH\",\"url\":\"https:\\\/\\\/www.mwm.net\\\/es\\\/\",\"logo\":{\"@type\":\"ImageObject\",\"inLanguage\":\"es\",\"@id\":\"https:\\\/\\\/www.mwm.net\\\/es\\\/#\\\/schema\\\/logo\\\/image\\\/\",\"url\":\"https:\\\/\\\/www.mwm.net\\\/wp-content\\\/uploads\\\/2022\\\/02\\\/logo2.jpg\",\"contentUrl\":\"https:\\\/\\\/www.mwm.net\\\/wp-content\\\/uploads\\\/2022\\\/02\\\/logo2.jpg\",\"width\":260,\"height\":142,\"caption\":\"Caterpillar Energy Solutions GmbH\"},\"image\":{\"@id\":\"https:\\\/\\\/www.mwm.net\\\/es\\\/#\\\/schema\\\/logo\\\/image\\\/\"}}]}<\/script>\n<!-- \/ Yoast SEO Premium plugin. -->","yoast_head_json":{"title":"Soluciones de plantas de energ\u00eda para empresas de servicios p\u00fablicos","description":"Gestione de manera flexible las cargas base o los picos de demanda de la red el\u00e9ctrica p\u00fablica alimentada con gas natural.","robots":{"index":"index","follow":"follow","max-snippet":"max-snippet:-1","max-image-preview":"max-image-preview:large","max-video-preview":"max-video-preview:-1"},"canonical":"https:\/\/www.mwm.net\/es\/aplicaciones-de-gas\/servicios-publicos\/","og_locale":"es_ES","og_type":"article","og_title":"Soluciones de plantas de energ\u00eda para empresas de servicios p\u00fablicos","og_description":"Gestione de manera flexible las cargas base o los picos de demanda de la red el\u00e9ctrica p\u00fablica alimentada con gas natural.","og_url":"https:\/\/www.mwm.net\/es\/aplicaciones-de-gas\/servicios-publicos\/","og_site_name":"MWM","article_modified_time":"2025-12-23T12:12:14+00:00","og_image":[{"width":800,"height":600,"url":"https:\/\/www.mwm.net\/wp-content\/uploads\/2025\/12\/Utilities-IPP-Lake-Kivu.jpg","type":"image\/jpeg"}],"twitter_card":"summary_large_image","twitter_misc":{"Tiempo de lectura":"4 minutos"},"schema":{"@context":"https:\/\/schema.org","@graph":[{"@type":"WebPage","@id":"https:\/\/www.mwm.net\/es\/aplicaciones-de-gas\/servicios-publicos\/","url":"https:\/\/www.mwm.net\/es\/aplicaciones-de-gas\/servicios-publicos\/","name":"Soluciones de plantas de energ\u00eda para empresas de servicios p\u00fablicos","isPartOf":{"@id":"https:\/\/www.mwm.net\/es\/#website"},"primaryImageOfPage":{"@id":"https:\/\/www.mwm.net\/es\/aplicaciones-de-gas\/servicios-publicos\/#primaryimage"},"image":{"@id":"https:\/\/www.mwm.net\/es\/aplicaciones-de-gas\/servicios-publicos\/#primaryimage"},"thumbnailUrl":"https:\/\/www.mwm.net\/wp-content\/uploads\/2025\/12\/Utilities-IPP-Lake-Kivu.jpg","datePublished":"2021-03-25T18:15:46+00:00","dateModified":"2025-12-23T12:12:14+00:00","description":"Gestione de manera flexible las cargas base o los picos de demanda de la red el\u00e9ctrica p\u00fablica alimentada con gas natural.","breadcrumb":{"@id":"https:\/\/www.mwm.net\/es\/aplicaciones-de-gas\/servicios-publicos\/#breadcrumb"},"inLanguage":"es","potentialAction":[{"@type":"ReadAction","target":["https:\/\/www.mwm.net\/es\/aplicaciones-de-gas\/servicios-publicos\/"]}]},{"@type":"ImageObject","inLanguage":"es","@id":"https:\/\/www.mwm.net\/es\/aplicaciones-de-gas\/servicios-publicos\/#primaryimage","url":"https:\/\/www.mwm.net\/wp-content\/uploads\/2025\/12\/Utilities-IPP-Lake-Kivu.jpg","contentUrl":"https:\/\/www.mwm.net\/wp-content\/uploads\/2025\/12\/Utilities-IPP-Lake-Kivu.jpg","width":800,"height":600,"caption":"Central el\u00e9ctrica en el lago Kivu, Ruanda"},{"@type":"BreadcrumbList","@id":"https:\/\/www.mwm.net\/es\/aplicaciones-de-gas\/servicios-publicos\/#breadcrumb","itemListElement":[{"@type":"ListItem","position":1,"name":"Home","item":"https:\/\/www.mwm.net\/es\/"},{"@type":"ListItem","position":2,"name":"Aplicaciones de gas","item":"https:\/\/www.mwm.net\/es\/aplicaciones-de-gas\/"},{"@type":"ListItem","position":3,"name":"Soluciones de plantas de energ\u00eda para empresas de servicios p\u00fablicos"}]},{"@type":"WebSite","@id":"https:\/\/www.mwm.net\/es\/#website","url":"https:\/\/www.mwm.net\/es\/","name":"MWM","description":"","publisher":{"@id":"https:\/\/www.mwm.net\/es\/#organization"},"potentialAction":[{"@type":"SearchAction","target":{"@type":"EntryPoint","urlTemplate":"https:\/\/www.mwm.net\/es\/?s={search_term_string}"},"query-input":{"@type":"PropertyValueSpecification","valueRequired":true,"valueName":"search_term_string"}}],"inLanguage":"es"},{"@type":"Organization","@id":"https:\/\/www.mwm.net\/es\/#organization","name":"Caterpillar Energy Solutions GmbH","url":"https:\/\/www.mwm.net\/es\/","logo":{"@type":"ImageObject","inLanguage":"es","@id":"https:\/\/www.mwm.net\/es\/#\/schema\/logo\/image\/","url":"https:\/\/www.mwm.net\/wp-content\/uploads\/2022\/02\/logo2.jpg","contentUrl":"https:\/\/www.mwm.net\/wp-content\/uploads\/2022\/02\/logo2.jpg","width":260,"height":142,"caption":"Caterpillar Energy Solutions GmbH"},"image":{"@id":"https:\/\/www.mwm.net\/es\/#\/schema\/logo\/image\/"}}]}},"_links":{"self":[{"href":"https:\/\/www.mwm.net\/es\/wp-json\/wp\/v2\/pages\/104973","targetHints":{"allow":["GET"]}}],"collection":[{"href":"https:\/\/www.mwm.net\/es\/wp-json\/wp\/v2\/pages"}],"about":[{"href":"https:\/\/www.mwm.net\/es\/wp-json\/wp\/v2\/types\/page"}],"author":[{"embeddable":true,"href":"https:\/\/www.mwm.net\/es\/wp-json\/wp\/v2\/users\/1"}],"replies":[{"embeddable":true,"href":"https:\/\/www.mwm.net\/es\/wp-json\/wp\/v2\/comments?post=104973"}],"version-history":[{"count":5,"href":"https:\/\/www.mwm.net\/es\/wp-json\/wp\/v2\/pages\/104973\/revisions"}],"predecessor-version":[{"id":111955,"href":"https:\/\/www.mwm.net\/es\/wp-json\/wp\/v2\/pages\/104973\/revisions\/111955"}],"up":[{"embeddable":true,"href":"https:\/\/www.mwm.net\/es\/wp-json\/wp\/v2\/pages\/103087"}],"wp:featuredmedia":[{"embeddable":true,"href":"https:\/\/www.mwm.net\/es\/wp-json\/wp\/v2\/media\/111948"}],"wp:attachment":[{"href":"https:\/\/www.mwm.net\/es\/wp-json\/wp\/v2\/media?parent=104973"}],"wp:term":[{"taxonomy":"post_tag","embeddable":true,"href":"https:\/\/www.mwm.net\/es\/wp-json\/wp\/v2\/tags?post=104973"}],"curies":[{"name":"wp","href":"https:\/\/api.w.org\/{rel}","templated":true}]}}