{"id":104975,"date":"2021-03-25T18:17:21","date_gmt":"2021-03-25T18:17:21","guid":{"rendered":"https:\/\/www.mwm.net\/aplicaciones-de-gas\/greenhouses\/"},"modified":"2024-11-22T18:07:20","modified_gmt":"2024-11-22T16:07:20","slug":"soluciones-energeticas-para-invernaderos","status":"publish","type":"page","link":"https:\/\/www.mwm.net\/es\/aplicaciones-de-gas\/soluciones-energeticas-para-invernaderos\/","title":{"rendered":"Soluciones energ\u00e9ticas para invernaderos"},"content":{"rendered":"<div class=\"blu_sec\" style=\"margin:0;padding:0;\"><\/div>\n<h2 class=\"subheadline noborder\">Plantas CHP de alta eficiencia: eficiencia energ\u00e9tica en viveros<\/h2>\n<div class=\"patch-content\">\n<p>El factor clave al llevar a cabo operaciones de invernadero no es solo poder generar energ\u00eda el\u00e9ctrica y calor para uso interno fuera de la red, sino tambi\u00e9n tener la opci\u00f3n de aprovechar los subproductos de la combusti\u00f3n del gas natural consumido. Por lo tanto, los gases de escape tambi\u00e9n se utilizan para promover el crecimiento de las plantas.<\/p>\n<p>La calefacci\u00f3n de los invernaderos es lo que requiere el mayor consumo energ\u00e9tico en los viveros. En segundo lugar, se encuentra el posible precalentamiento del agua de riego y la calefacci\u00f3n de las zonas de venta. La energ\u00eda el\u00e9ctrica se utiliza principalmente para la iluminaci\u00f3n y el aire comprimido, m\u00e1s el funcionamiento de las calderas, as\u00ed como tambi\u00e9n para el control de procesos. En los invernaderos, los costos operativos se pueden reducir mediante la implementaci\u00f3n de un sistema simultaneo de calor y electricidad (CHP) con gas natural limpio de tuber\u00eda como combustible.<\/p>\n<p>Nuestros motores de gas MWM (grupos electr\u00f3genos) pueden suministrar energ\u00eda el\u00e9ctrica para cargas el\u00e9ctricas, energ\u00eda t\u00e9rmica para calefacci\u00f3n de invernaderos y di\u00f3xido de carbono reutilizable a base de los gases de escape del motor como fertilizante org\u00e1nico.<\/p>\n<\/div>\n<div class=\"pro_grphc\">\n<div class=\"cntct_rght\"><a href=\"\/en\/contact\/contact-sales\/\">Contacto con ventas <strong>Haga clic aqu\u00ed<\/strong><\/a><\/div>\n<\/div>\n<h2 class=\"subheadline noborder\">Ventajas de los sistemas de cogeneraci\u00f3n en invernaderos:<\/h2>\n<div class=\"patch-content\">\n<ul>\n<li>Eficiencia energ\u00e9tica mayor al 90%<\/li>\n<li>Costos de energ\u00eda menores en comparaci\u00f3n con sistemas convencionales para la generaci\u00f3n de calor y electricidad<\/li>\n<li>Menor nivel de emisiones en comparaci\u00f3n con sistemas convencionales para la  generaci\u00f3n de calor y electricidad<\/li>\n<li>Oportunidades para aumentar ingresos por la exportaci\u00f3n de energ\u00eda el\u00e9ctrica<\/li>\n<li>Fertilizante de di\u00f3xido de carbono para plantas<\/li>\n<\/ul>\n<\/div>\n<div class=\"pro_grphc\">\n<div class=\"cntct_rght\"><a href=\"\/en\/contact\/contact-sales\/\">Contacto con ventas <strong>Haga clic aqu\u00ed<\/strong><\/a><\/div>\n<\/div>\n<h2 class=\"subheadline noborder\">El combustible ideal para nuestros sistemas simultaneos de calor y electricidad: gases naturales y gases similares al gas natural<\/h2>\n<div class=\"patch-content\">\n<p>Cualquier motor de gas MWM alimentado con gas natural puede configurarse espec\u00edficamente para aplicaciones que impliquen recuperaci\u00f3n de calor. El motor de gas pone en marcha un generador para la producci\u00f3n de energ\u00eda el\u00e9ctrica, mientras que los circuitos de refrigeraci\u00f3n de agua de camisa y\/o de escape se alimentan a trav\u00e9s de intercambiadores de calor para transferir el calor residual del motor a un circuito de agua caliente o de vapor. Se recolecta el agua caliente y \u00e9sta se utiliza para calentar los invernaderos. El mon\u00f3xido de carbono se puede eliminar con catalizadores de oxidaci\u00f3n y el sistema SCR basado en urea se puede utilizar para reducir las emisiones de \u00f3xido de nitr\u00f3geno a solo unas pocas ppm. Como resultado, los gases de escape son tan limpios que pueden utilizarse como fertilizante para las ra\u00edces de las plantas y aumentar las ganancias del agricultor.<\/p>\n<p>Como la energ\u00eda t\u00e9rmica es decisiva para determinar el tama\u00f1o de la planta, la energ\u00eda el\u00e9ctrica generada en los invernaderos a menudo excede la demanda local.<\/p>\n<p>En muchos pa\u00edses europeos, la generaci\u00f3n de energ\u00eda de alta eficiencia est\u00e1 subsidiada mediante certificados de producci\u00f3n. La mayor parte de la energ\u00eda el\u00e9ctrica generada se exporta a la red local. En otras partes del mundo, la horticultura de invernadero depende de soluciones similares debido a la falta de fiabilidad de la red y a las restricciones econ\u00f3micas desfavorables.<\/p>\n<h2 class=\"subheadline\">Soluciones CHP a medida por MWM<\/h2>\n<p>MWM ofrece paquetes de CHP a medida, que incluyen todo el equipo mec\u00e1nico y los controles necesarios para capturar la energ\u00eda t\u00e9rmica de los motores y transferirla a un invernadero. Adem\u00e1s, MWM ofrece el tratamiento necesario de los gases de escape, junto con sistemas de conmutaci\u00f3n y controles en paralelo para las empresas de electricidad a fin de habilitar la venta de energ\u00eda el\u00e9ctrica excedente a la red el\u00e9ctrica local.<\/p>\n<p>El ahorro total en costos de energ\u00eda de dichos sistemas puede m\u00e1s que compensar los costos totales de propiedad y operaci\u00f3n, lo que permite recuperar la inversi\u00f3n en tan solo dos o tres a\u00f1os, seg\u00fan los precios y las pol\u00edticas energ\u00e9ticas locales.<\/p>\n<\/div>\n<div class=\"pro_grphc\">\n<div class=\"cntct_rght\"><a href=\"\/en\/contact\/contact-sales\/\">Contacto con ventas <strong>Haga clic aqu\u00ed<\/strong><\/a><\/div>\n<\/div>\n","protected":false},"excerpt":{"rendered":"<p>Plantas CHP de alta eficiencia: eficiencia energ\u00e9tica en viveros e invernaderos. Contacte con el departamento de ventas de MWM<\/p>\n","protected":false},"author":1,"featured_media":103091,"parent":103087,"menu_order":0,"comment_status":"closed","ping_status":"closed","template":"product-template.php","meta":{"_acf_changed":false,"footnotes":""},"tags":[1448],"class_list":["post-104975","page","type-page","status-publish","has-post-thumbnail","hentry","tag-greenhouses-es"],"acf":[],"yoast_head":"<!-- This site is optimized with the Yoast SEO Premium plugin v27.2 (Yoast SEO v27.2) - https:\/\/yoast.com\/product\/yoast-seo-premium-wordpress\/ -->\n<title>Soluciones energ\u00e9ticas para invernaderos<\/title>\n<meta name=\"description\" content=\"Plantas CHP de alta eficiencia: eficiencia energ\u00e9tica en viveros e invernaderos. Contacte con el departamento de ventas de MWM\" \/>\n<meta name=\"robots\" content=\"index, follow, max-snippet:-1, max-image-preview:large, max-video-preview:-1\" \/>\n<link rel=\"canonical\" href=\"https:\/\/www.mwm.net\/es\/aplicaciones-de-gas\/soluciones-energeticas-para-invernaderos\/\" \/>\n<meta property=\"og:locale\" content=\"es_ES\" \/>\n<meta property=\"og:type\" content=\"article\" \/>\n<meta property=\"og:title\" content=\"Soluciones energ\u00e9ticas para invernaderos\" \/>\n<meta property=\"og:description\" content=\"Plantas CHP de alta eficiencia: eficiencia energ\u00e9tica en viveros e invernaderos. Contacte con el departamento de ventas de MWM\" \/>\n<meta property=\"og:url\" content=\"https:\/\/www.mwm.net\/es\/aplicaciones-de-gas\/soluciones-energeticas-para-invernaderos\/\" \/>\n<meta property=\"og:site_name\" content=\"MWM\" \/>\n<meta property=\"article:modified_time\" content=\"2024-11-22T16:07:20+00:00\" \/>\n<meta property=\"og:image\" content=\"https:\/\/www.mwm.net\/wp-content\/uploads\/2021\/04\/gewaechshaeuser-371x248-c3f80.jpg\" \/>\n\t<meta property=\"og:image:width\" content=\"371\" \/>\n\t<meta property=\"og:image:height\" content=\"248\" \/>\n\t<meta property=\"og:image:type\" content=\"image\/jpeg\" \/>\n<meta name=\"twitter:card\" content=\"summary_large_image\" \/>\n<meta name=\"twitter:label1\" content=\"Tiempo de lectura\" \/>\n\t<meta name=\"twitter:data1\" content=\"4 minutos\" \/>\n<script type=\"application\/ld+json\" class=\"yoast-schema-graph\">{\"@context\":\"https:\/\/schema.org\",\"@graph\":[{\"@type\":\"WebPage\",\"@id\":\"https:\/\/www.mwm.net\/es\/aplicaciones-de-gas\/soluciones-energeticas-para-invernaderos\/\",\"url\":\"https:\/\/www.mwm.net\/es\/aplicaciones-de-gas\/soluciones-energeticas-para-invernaderos\/\",\"name\":\"Soluciones energ\u00e9ticas para invernaderos\",\"isPartOf\":{\"@id\":\"https:\/\/www.mwm.net\/es\/#website\"},\"primaryImageOfPage\":{\"@id\":\"https:\/\/www.mwm.net\/es\/aplicaciones-de-gas\/soluciones-energeticas-para-invernaderos\/#primaryimage\"},\"image\":{\"@id\":\"https:\/\/www.mwm.net\/es\/aplicaciones-de-gas\/soluciones-energeticas-para-invernaderos\/#primaryimage\"},\"thumbnailUrl\":\"https:\/\/www.mwm.net\/wp-content\/uploads\/2021\/04\/gewaechshaeuser-371x248-c3f80.jpg\",\"datePublished\":\"2021-03-25T18:17:21+00:00\",\"dateModified\":\"2024-11-22T16:07:20+00:00\",\"description\":\"Plantas CHP de alta eficiencia: eficiencia energ\u00e9tica en viveros e invernaderos. Contacte con el departamento de ventas de MWM\",\"breadcrumb\":{\"@id\":\"https:\/\/www.mwm.net\/es\/aplicaciones-de-gas\/soluciones-energeticas-para-invernaderos\/#breadcrumb\"},\"inLanguage\":\"es\",\"potentialAction\":[{\"@type\":\"ReadAction\",\"target\":[\"https:\/\/www.mwm.net\/es\/aplicaciones-de-gas\/soluciones-energeticas-para-invernaderos\/\"]}]},{\"@type\":\"ImageObject\",\"inLanguage\":\"es\",\"@id\":\"https:\/\/www.mwm.net\/es\/aplicaciones-de-gas\/soluciones-energeticas-para-invernaderos\/#primaryimage\",\"url\":\"https:\/\/www.mwm.net\/wp-content\/uploads\/2021\/04\/gewaechshaeuser-371x248-c3f80.jpg\",\"contentUrl\":\"https:\/\/www.mwm.net\/wp-content\/uploads\/2021\/04\/gewaechshaeuser-371x248-c3f80.jpg\",\"width\":371,\"height\":248},{\"@type\":\"BreadcrumbList\",\"@id\":\"https:\/\/www.mwm.net\/es\/aplicaciones-de-gas\/soluciones-energeticas-para-invernaderos\/#breadcrumb\",\"itemListElement\":[{\"@type\":\"ListItem\",\"position\":1,\"name\":\"Home\",\"item\":\"https:\/\/www.mwm.net\/es\/\"},{\"@type\":\"ListItem\",\"position\":2,\"name\":\"Aplicaciones de gas\",\"item\":\"https:\/\/www.mwm.net\/es\/aplicaciones-de-gas\/\"},{\"@type\":\"ListItem\",\"position\":3,\"name\":\"Soluciones energ\u00e9ticas para invernaderos\"}]},{\"@type\":\"WebSite\",\"@id\":\"https:\/\/www.mwm.net\/es\/#website\",\"url\":\"https:\/\/www.mwm.net\/es\/\",\"name\":\"MWM\",\"description\":\"\",\"publisher\":{\"@id\":\"https:\/\/www.mwm.net\/es\/#organization\"},\"potentialAction\":[{\"@type\":\"SearchAction\",\"target\":{\"@type\":\"EntryPoint\",\"urlTemplate\":\"https:\/\/www.mwm.net\/es\/?s={search_term_string}\"},\"query-input\":{\"@type\":\"PropertyValueSpecification\",\"valueRequired\":true,\"valueName\":\"search_term_string\"}}],\"inLanguage\":\"es\"},{\"@type\":\"Organization\",\"@id\":\"https:\/\/www.mwm.net\/es\/#organization\",\"name\":\"Caterpillar Energy Solutions GmbH\",\"url\":\"https:\/\/www.mwm.net\/es\/\",\"logo\":{\"@type\":\"ImageObject\",\"inLanguage\":\"es\",\"@id\":\"https:\/\/www.mwm.net\/es\/#\/schema\/logo\/image\/\",\"url\":\"https:\/\/www.mwm.net\/wp-content\/uploads\/2022\/02\/logo2.jpg\",\"contentUrl\":\"https:\/\/www.mwm.net\/wp-content\/uploads\/2022\/02\/logo2.jpg\",\"width\":260,\"height\":142,\"caption\":\"Caterpillar Energy Solutions GmbH\"},\"image\":{\"@id\":\"https:\/\/www.mwm.net\/es\/#\/schema\/logo\/image\/\"}}]}<\/script>\n<!-- \/ Yoast SEO Premium plugin. -->","yoast_head_json":{"title":"Soluciones energ\u00e9ticas para invernaderos","description":"Plantas CHP de alta eficiencia: eficiencia energ\u00e9tica en viveros e invernaderos. Contacte con el departamento de ventas de MWM","robots":{"index":"index","follow":"follow","max-snippet":"max-snippet:-1","max-image-preview":"max-image-preview:large","max-video-preview":"max-video-preview:-1"},"canonical":"https:\/\/www.mwm.net\/es\/aplicaciones-de-gas\/soluciones-energeticas-para-invernaderos\/","og_locale":"es_ES","og_type":"article","og_title":"Soluciones energ\u00e9ticas para invernaderos","og_description":"Plantas CHP de alta eficiencia: eficiencia energ\u00e9tica en viveros e invernaderos. Contacte con el departamento de ventas de MWM","og_url":"https:\/\/www.mwm.net\/es\/aplicaciones-de-gas\/soluciones-energeticas-para-invernaderos\/","og_site_name":"MWM","article_modified_time":"2024-11-22T16:07:20+00:00","og_image":[{"width":371,"height":248,"url":"https:\/\/www.mwm.net\/wp-content\/uploads\/2021\/04\/gewaechshaeuser-371x248-c3f80.jpg","type":"image\/jpeg"}],"twitter_card":"summary_large_image","twitter_misc":{"Tiempo de lectura":"4 minutos"},"schema":{"@context":"https:\/\/schema.org","@graph":[{"@type":"WebPage","@id":"https:\/\/www.mwm.net\/es\/aplicaciones-de-gas\/soluciones-energeticas-para-invernaderos\/","url":"https:\/\/www.mwm.net\/es\/aplicaciones-de-gas\/soluciones-energeticas-para-invernaderos\/","name":"Soluciones energ\u00e9ticas para invernaderos","isPartOf":{"@id":"https:\/\/www.mwm.net\/es\/#website"},"primaryImageOfPage":{"@id":"https:\/\/www.mwm.net\/es\/aplicaciones-de-gas\/soluciones-energeticas-para-invernaderos\/#primaryimage"},"image":{"@id":"https:\/\/www.mwm.net\/es\/aplicaciones-de-gas\/soluciones-energeticas-para-invernaderos\/#primaryimage"},"thumbnailUrl":"https:\/\/www.mwm.net\/wp-content\/uploads\/2021\/04\/gewaechshaeuser-371x248-c3f80.jpg","datePublished":"2021-03-25T18:17:21+00:00","dateModified":"2024-11-22T16:07:20+00:00","description":"Plantas CHP de alta eficiencia: eficiencia energ\u00e9tica en viveros e invernaderos. Contacte con el departamento de ventas de MWM","breadcrumb":{"@id":"https:\/\/www.mwm.net\/es\/aplicaciones-de-gas\/soluciones-energeticas-para-invernaderos\/#breadcrumb"},"inLanguage":"es","potentialAction":[{"@type":"ReadAction","target":["https:\/\/www.mwm.net\/es\/aplicaciones-de-gas\/soluciones-energeticas-para-invernaderos\/"]}]},{"@type":"ImageObject","inLanguage":"es","@id":"https:\/\/www.mwm.net\/es\/aplicaciones-de-gas\/soluciones-energeticas-para-invernaderos\/#primaryimage","url":"https:\/\/www.mwm.net\/wp-content\/uploads\/2021\/04\/gewaechshaeuser-371x248-c3f80.jpg","contentUrl":"https:\/\/www.mwm.net\/wp-content\/uploads\/2021\/04\/gewaechshaeuser-371x248-c3f80.jpg","width":371,"height":248},{"@type":"BreadcrumbList","@id":"https:\/\/www.mwm.net\/es\/aplicaciones-de-gas\/soluciones-energeticas-para-invernaderos\/#breadcrumb","itemListElement":[{"@type":"ListItem","position":1,"name":"Home","item":"https:\/\/www.mwm.net\/es\/"},{"@type":"ListItem","position":2,"name":"Aplicaciones de gas","item":"https:\/\/www.mwm.net\/es\/aplicaciones-de-gas\/"},{"@type":"ListItem","position":3,"name":"Soluciones energ\u00e9ticas para invernaderos"}]},{"@type":"WebSite","@id":"https:\/\/www.mwm.net\/es\/#website","url":"https:\/\/www.mwm.net\/es\/","name":"MWM","description":"","publisher":{"@id":"https:\/\/www.mwm.net\/es\/#organization"},"potentialAction":[{"@type":"SearchAction","target":{"@type":"EntryPoint","urlTemplate":"https:\/\/www.mwm.net\/es\/?s={search_term_string}"},"query-input":{"@type":"PropertyValueSpecification","valueRequired":true,"valueName":"search_term_string"}}],"inLanguage":"es"},{"@type":"Organization","@id":"https:\/\/www.mwm.net\/es\/#organization","name":"Caterpillar Energy Solutions GmbH","url":"https:\/\/www.mwm.net\/es\/","logo":{"@type":"ImageObject","inLanguage":"es","@id":"https:\/\/www.mwm.net\/es\/#\/schema\/logo\/image\/","url":"https:\/\/www.mwm.net\/wp-content\/uploads\/2022\/02\/logo2.jpg","contentUrl":"https:\/\/www.mwm.net\/wp-content\/uploads\/2022\/02\/logo2.jpg","width":260,"height":142,"caption":"Caterpillar Energy Solutions GmbH"},"image":{"@id":"https:\/\/www.mwm.net\/es\/#\/schema\/logo\/image\/"}}]}},"_links":{"self":[{"href":"https:\/\/www.mwm.net\/es\/wp-json\/wp\/v2\/pages\/104975","targetHints":{"allow":["GET"]}}],"collection":[{"href":"https:\/\/www.mwm.net\/es\/wp-json\/wp\/v2\/pages"}],"about":[{"href":"https:\/\/www.mwm.net\/es\/wp-json\/wp\/v2\/types\/page"}],"author":[{"embeddable":true,"href":"https:\/\/www.mwm.net\/es\/wp-json\/wp\/v2\/users\/1"}],"replies":[{"embeddable":true,"href":"https:\/\/www.mwm.net\/es\/wp-json\/wp\/v2\/comments?post=104975"}],"version-history":[{"count":4,"href":"https:\/\/www.mwm.net\/es\/wp-json\/wp\/v2\/pages\/104975\/revisions"}],"predecessor-version":[{"id":106345,"href":"https:\/\/www.mwm.net\/es\/wp-json\/wp\/v2\/pages\/104975\/revisions\/106345"}],"up":[{"embeddable":true,"href":"https:\/\/www.mwm.net\/es\/wp-json\/wp\/v2\/pages\/103087"}],"wp:featuredmedia":[{"embeddable":true,"href":"https:\/\/www.mwm.net\/es\/wp-json\/wp\/v2\/media\/103091"}],"wp:attachment":[{"href":"https:\/\/www.mwm.net\/es\/wp-json\/wp\/v2\/media?parent=104975"}],"wp:term":[{"taxonomy":"post_tag","embeddable":true,"href":"https:\/\/www.mwm.net\/es\/wp-json\/wp\/v2\/tags?post=104975"}],"curies":[{"name":"wp","href":"https:\/\/api.w.org\/{rel}","templated":true}]}}