{"id":104977,"date":"2021-03-25T18:18:18","date_gmt":"2021-03-25T18:18:18","guid":{"rendered":"https:\/\/www.mwm.net\/aplicaciones-de-gas\/agricultural-biogas\/"},"modified":"2024-11-22T18:22:08","modified_gmt":"2024-11-22T16:22:08","slug":"biogas-agricola","status":"publish","type":"page","link":"https:\/\/www.mwm.net\/es\/aplicaciones-de-gas\/biogas-agricola\/","title":{"rendered":"Biog\u00e1s Agr\u00edcola"},"content":{"rendered":"<div class=\"blu_sec\" style=\"margin:0;padding:0;\"><\/div>\n<div class=\"patch-content\">\n<h2 class=\"subheadline noborder\">Biog\u00e1s: una alternativa altamente eficiente y rentable para la generaci\u00f3n de energ\u00eda<\/h2>\n<p>MWM ofrece soluciones duraderas y confiables para el uso de biog\u00e1s. Este gas, un subproducto de varios procesos agr\u00edcolas, industriales y de procesamiento de alimentos, se utiliza hoy en d\u00eda como combustible para generadores de energ\u00eda con motores de gas (grupos electr\u00f3genos o generadores).<\/p>\n<h2 class=\"subheadline\">Ventajas del uso de biog\u00e1s propio en plantas de energ\u00eda agr\u00edcolas (sistemas de cogeneraci\u00f3n)<\/h2>\n<ul>\n<li>Reducci\u00f3n de las emisiones de carbono mediante la descomposici\u00f3n del metano natural<\/li>\n<li>Recuperaci\u00f3n de terrenos valiosos que normalmente se utilizan para purificar aguas residuales org\u00e1nicas<\/li>\n<li>Eliminaci\u00f3n de los problemas de olor y plagas que causa la descomposici\u00f3n de material org\u00e1nico<\/li>\n<\/ul>\n<p>Los costos de adquisici\u00f3n pueden suponer un considerable ahorro a largo plazo y permitirles a las empresas perseguir sus objetivos de responsabilidad por el medio ambiente.<\/p>\n<\/div>\n<div class=\"pro_grphc\">\n<div class=\"cntct_rght\"><a href=\"\/en\/contact\/contact-sales\/\">Contacto con ventas <strong>Haga clic aqu\u00ed<\/strong><\/a><\/div>\n<\/div>\n<div class=\"patch-content\">\n<h2 class=\"subheadline noborder\">Biog\u00e1s a base de fuentes de energ\u00eda renovables y plantas de biog\u00e1s<\/h2>\n<p>La energ\u00eda procedente de la biomasa puede suponer una enorme contribuci\u00f3n al suministro de energ\u00eda sostenible. En la actualidad, el biog\u00e1s ofrece los mayores beneficios para el usuario y el mejor aprovechamiento del potencial energ\u00e9tico de la biomasa.<\/p>\n<p>El biog\u00e1s se produce a partir de la fermentaci\u00f3n anaer\u00f3bica de material org\u00e1nico en el fermentador de un sistema de biog\u00e1s. Este gas, que consta principalmente de metano y di\u00f3xido de carbono, se produce durante la descomposici\u00f3n anaer\u00f3bica de los residuos org\u00e1nicos y tiene un contenido de metano CH<sub>4<\/sub> de entre el 45 y el 70 %. Durante su combusti\u00f3n, solo libera tanto CO<sub>2<\/sub> como el que absorben las plantas durante su crecimiento. Las plantas de cogeneraci\u00f3n que producen electricidad a partir de biog\u00e1s evitan las emisiones que de otro modo ser\u00edan liberadas a la atm\u00f3sfera por los combustibles f\u00f3siles.<\/p>\n<p>En lugar de permitir la descomposici\u00f3n incontrolada de estos residuos y la liberaci\u00f3n de gases a la atm\u00f3sfera, se los contiene en un entorno sin ox\u00edgeno, como una laguna cubierta o un tanque de acero sobre el suelo. Desde all\u00ed, se extrae el metano y se quema para generar electricidad o calor.<\/p>\n<p>Debido a las impurezas e inconsistencias del biog\u00e1s, generalmente se requiere un pretratamiento. Sin embargo, el uso de un motor de gas dise\u00f1ado espec\u00edficamente para funcionar con biog\u00e1s puede reducir la inversi\u00f3n en pretratamientos.<\/p>\n<p>Nuestros motores de gas (grupos electr\u00f3genos) est\u00e1n dise\u00f1ados para tratar combustible con variaciones en el contenido de metano, t\u00edpicas de las operaciones con biog\u00e1s.<\/p>\n<p>Los motores de gas MWM est\u00e1n dise\u00f1ados espec\u00edficamente para la combusti\u00f3n de biog\u00e1s:<\/p>\n<ul>\n<li>Una bomba de ventilaci\u00f3n del c\u00e1rter para expulsar los gases de escape potencialmente \u00e1cidos<\/li>\n<li>N\u00facleos de posenfriador, culatas de cilindro, rodamientos principales y rodamientos de biela especialmente dise\u00f1ados y reforzados contra elementos corrosivos<\/li>\n<li>Sistemas de refrigeraci\u00f3n diferenciados para operar a temperaturas elevadas del agua de la camisa y evitar la condensaci\u00f3n de contaminantes<\/li>\n<\/ul>\n<p>MWM ofrece motores de gas especialmente adaptados para biog\u00e1s, sistemas completos y contenedores para la producci\u00f3n simultanea de calor y electricidad. Estos sistemas alcanzan un m\u00e1ximo nivel de eficiencia en los diversos segmentos de energ\u00eda. Adem\u00e1s, MWM tambi\u00e9n proporciona los componentes del sistema necesarios para el tratamiento y la purificaci\u00f3n de gases. En caso de que el generador se instale en \u00e1reas remotas, la energ\u00eda generada tambi\u00e9n puede ser utilizada exclusivamente por el sistema.<\/p>\n<\/div>\n<div class=\"pro_grphc\">\n<div class=\"cntct_rght\"><a href=\"\/en\/contact\/contact-sales\/\">Contacto con ventas <strong>Haga clic aqu\u00ed<\/strong><\/a><\/div>\n<\/div>\n","protected":false},"excerpt":{"rendered":"<p>Soluciones de generaci\u00f3n distribuida para plantas de biog\u00e1s agr\u00edcola. \u00a1Contacte con el departamento de ventas de MWM!<\/p>\n","protected":false},"author":1,"featured_media":103092,"parent":103087,"menu_order":0,"comment_status":"closed","ping_status":"closed","template":"product-template.php","meta":{"_acf_changed":false,"footnotes":""},"tags":[1424],"class_list":["post-104977","page","type-page","status-publish","has-post-thumbnail","hentry","tag-biogas-es"],"acf":[],"yoast_head":"<!-- This site is optimized with the Yoast SEO Premium plugin v27.2 (Yoast SEO v27.2) - https:\/\/yoast.com\/product\/yoast-seo-premium-wordpress\/ -->\n<title>Agricultural Biogas<\/title>\n<meta name=\"description\" content=\"Soluciones de generaci\u00f3n distribuida para plantas de biog\u00e1s agr\u00edcola. \u00a1Contacte con el departamento de ventas de MWM!\" \/>\n<meta name=\"robots\" content=\"index, follow, max-snippet:-1, max-image-preview:large, max-video-preview:-1\" \/>\n<link rel=\"canonical\" href=\"https:\/\/www.mwm.net\/es\/aplicaciones-de-gas\/biogas-agricola\/\" \/>\n<meta property=\"og:locale\" content=\"es_ES\" \/>\n<meta property=\"og:type\" content=\"article\" \/>\n<meta property=\"og:title\" content=\"Biog\u00e1s Agr\u00edcola\" \/>\n<meta property=\"og:description\" content=\"Soluciones de generaci\u00f3n distribuida para plantas de biog\u00e1s agr\u00edcola. \u00a1Contacte con el departamento de ventas de MWM!\" \/>\n<meta property=\"og:url\" content=\"https:\/\/www.mwm.net\/es\/aplicaciones-de-gas\/biogas-agricola\/\" \/>\n<meta property=\"og:site_name\" content=\"MWM\" \/>\n<meta property=\"article:modified_time\" content=\"2024-11-22T16:22:08+00:00\" \/>\n<meta property=\"og:image\" content=\"https:\/\/www.mwm.net\/wp-content\/uploads\/2021\/04\/biogasanlage-geotexia-frankreich-371x248-dc273.jpg\" \/>\n\t<meta property=\"og:image:width\" content=\"371\" \/>\n\t<meta property=\"og:image:height\" content=\"248\" \/>\n\t<meta property=\"og:image:type\" content=\"image\/jpeg\" \/>\n<meta name=\"twitter:card\" content=\"summary_large_image\" \/>\n<meta name=\"twitter:label1\" content=\"Tiempo de lectura\" \/>\n\t<meta name=\"twitter:data1\" content=\"4 minutos\" \/>\n<script type=\"application\/ld+json\" class=\"yoast-schema-graph\">{\"@context\":\"https:\/\/schema.org\",\"@graph\":[{\"@type\":\"WebPage\",\"@id\":\"https:\/\/www.mwm.net\/es\/aplicaciones-de-gas\/biogas-agricola\/\",\"url\":\"https:\/\/www.mwm.net\/es\/aplicaciones-de-gas\/biogas-agricola\/\",\"name\":\"Agricultural Biogas\",\"isPartOf\":{\"@id\":\"https:\/\/www.mwm.net\/es\/#website\"},\"primaryImageOfPage\":{\"@id\":\"https:\/\/www.mwm.net\/es\/aplicaciones-de-gas\/biogas-agricola\/#primaryimage\"},\"image\":{\"@id\":\"https:\/\/www.mwm.net\/es\/aplicaciones-de-gas\/biogas-agricola\/#primaryimage\"},\"thumbnailUrl\":\"https:\/\/www.mwm.net\/wp-content\/uploads\/2021\/04\/biogasanlage-geotexia-frankreich-371x248-dc273.jpg\",\"datePublished\":\"2021-03-25T18:18:18+00:00\",\"dateModified\":\"2024-11-22T16:22:08+00:00\",\"description\":\"Soluciones de generaci\u00f3n distribuida para plantas de biog\u00e1s agr\u00edcola. \u00a1Contacte con el departamento de ventas de MWM!\",\"breadcrumb\":{\"@id\":\"https:\/\/www.mwm.net\/es\/aplicaciones-de-gas\/biogas-agricola\/#breadcrumb\"},\"inLanguage\":\"es\",\"potentialAction\":[{\"@type\":\"ReadAction\",\"target\":[\"https:\/\/www.mwm.net\/es\/aplicaciones-de-gas\/biogas-agricola\/\"]}]},{\"@type\":\"ImageObject\",\"inLanguage\":\"es\",\"@id\":\"https:\/\/www.mwm.net\/es\/aplicaciones-de-gas\/biogas-agricola\/#primaryimage\",\"url\":\"https:\/\/www.mwm.net\/wp-content\/uploads\/2021\/04\/biogasanlage-geotexia-frankreich-371x248-dc273.jpg\",\"contentUrl\":\"https:\/\/www.mwm.net\/wp-content\/uploads\/2021\/04\/biogasanlage-geotexia-frankreich-371x248-dc273.jpg\",\"width\":371,\"height\":248},{\"@type\":\"BreadcrumbList\",\"@id\":\"https:\/\/www.mwm.net\/es\/aplicaciones-de-gas\/biogas-agricola\/#breadcrumb\",\"itemListElement\":[{\"@type\":\"ListItem\",\"position\":1,\"name\":\"Home\",\"item\":\"https:\/\/www.mwm.net\/es\/\"},{\"@type\":\"ListItem\",\"position\":2,\"name\":\"Aplicaciones de gas\",\"item\":\"https:\/\/www.mwm.net\/es\/aplicaciones-de-gas\/\"},{\"@type\":\"ListItem\",\"position\":3,\"name\":\"Biog\u00e1s Agr\u00edcola\"}]},{\"@type\":\"WebSite\",\"@id\":\"https:\/\/www.mwm.net\/es\/#website\",\"url\":\"https:\/\/www.mwm.net\/es\/\",\"name\":\"MWM\",\"description\":\"\",\"publisher\":{\"@id\":\"https:\/\/www.mwm.net\/es\/#organization\"},\"potentialAction\":[{\"@type\":\"SearchAction\",\"target\":{\"@type\":\"EntryPoint\",\"urlTemplate\":\"https:\/\/www.mwm.net\/es\/?s={search_term_string}\"},\"query-input\":{\"@type\":\"PropertyValueSpecification\",\"valueRequired\":true,\"valueName\":\"search_term_string\"}}],\"inLanguage\":\"es\"},{\"@type\":\"Organization\",\"@id\":\"https:\/\/www.mwm.net\/es\/#organization\",\"name\":\"Caterpillar Energy Solutions GmbH\",\"url\":\"https:\/\/www.mwm.net\/es\/\",\"logo\":{\"@type\":\"ImageObject\",\"inLanguage\":\"es\",\"@id\":\"https:\/\/www.mwm.net\/es\/#\/schema\/logo\/image\/\",\"url\":\"https:\/\/www.mwm.net\/wp-content\/uploads\/2022\/02\/logo2.jpg\",\"contentUrl\":\"https:\/\/www.mwm.net\/wp-content\/uploads\/2022\/02\/logo2.jpg\",\"width\":260,\"height\":142,\"caption\":\"Caterpillar Energy Solutions GmbH\"},\"image\":{\"@id\":\"https:\/\/www.mwm.net\/es\/#\/schema\/logo\/image\/\"}}]}<\/script>\n<!-- \/ Yoast SEO Premium plugin. -->","yoast_head_json":{"title":"Agricultural Biogas","description":"Soluciones de generaci\u00f3n distribuida para plantas de biog\u00e1s agr\u00edcola. \u00a1Contacte con el departamento de ventas de MWM!","robots":{"index":"index","follow":"follow","max-snippet":"max-snippet:-1","max-image-preview":"max-image-preview:large","max-video-preview":"max-video-preview:-1"},"canonical":"https:\/\/www.mwm.net\/es\/aplicaciones-de-gas\/biogas-agricola\/","og_locale":"es_ES","og_type":"article","og_title":"Biog\u00e1s Agr\u00edcola","og_description":"Soluciones de generaci\u00f3n distribuida para plantas de biog\u00e1s agr\u00edcola. \u00a1Contacte con el departamento de ventas de MWM!","og_url":"https:\/\/www.mwm.net\/es\/aplicaciones-de-gas\/biogas-agricola\/","og_site_name":"MWM","article_modified_time":"2024-11-22T16:22:08+00:00","og_image":[{"width":371,"height":248,"url":"https:\/\/www.mwm.net\/wp-content\/uploads\/2021\/04\/biogasanlage-geotexia-frankreich-371x248-dc273.jpg","type":"image\/jpeg"}],"twitter_card":"summary_large_image","twitter_misc":{"Tiempo de lectura":"4 minutos"},"schema":{"@context":"https:\/\/schema.org","@graph":[{"@type":"WebPage","@id":"https:\/\/www.mwm.net\/es\/aplicaciones-de-gas\/biogas-agricola\/","url":"https:\/\/www.mwm.net\/es\/aplicaciones-de-gas\/biogas-agricola\/","name":"Agricultural Biogas","isPartOf":{"@id":"https:\/\/www.mwm.net\/es\/#website"},"primaryImageOfPage":{"@id":"https:\/\/www.mwm.net\/es\/aplicaciones-de-gas\/biogas-agricola\/#primaryimage"},"image":{"@id":"https:\/\/www.mwm.net\/es\/aplicaciones-de-gas\/biogas-agricola\/#primaryimage"},"thumbnailUrl":"https:\/\/www.mwm.net\/wp-content\/uploads\/2021\/04\/biogasanlage-geotexia-frankreich-371x248-dc273.jpg","datePublished":"2021-03-25T18:18:18+00:00","dateModified":"2024-11-22T16:22:08+00:00","description":"Soluciones de generaci\u00f3n distribuida para plantas de biog\u00e1s agr\u00edcola. \u00a1Contacte con el departamento de ventas de MWM!","breadcrumb":{"@id":"https:\/\/www.mwm.net\/es\/aplicaciones-de-gas\/biogas-agricola\/#breadcrumb"},"inLanguage":"es","potentialAction":[{"@type":"ReadAction","target":["https:\/\/www.mwm.net\/es\/aplicaciones-de-gas\/biogas-agricola\/"]}]},{"@type":"ImageObject","inLanguage":"es","@id":"https:\/\/www.mwm.net\/es\/aplicaciones-de-gas\/biogas-agricola\/#primaryimage","url":"https:\/\/www.mwm.net\/wp-content\/uploads\/2021\/04\/biogasanlage-geotexia-frankreich-371x248-dc273.jpg","contentUrl":"https:\/\/www.mwm.net\/wp-content\/uploads\/2021\/04\/biogasanlage-geotexia-frankreich-371x248-dc273.jpg","width":371,"height":248},{"@type":"BreadcrumbList","@id":"https:\/\/www.mwm.net\/es\/aplicaciones-de-gas\/biogas-agricola\/#breadcrumb","itemListElement":[{"@type":"ListItem","position":1,"name":"Home","item":"https:\/\/www.mwm.net\/es\/"},{"@type":"ListItem","position":2,"name":"Aplicaciones de gas","item":"https:\/\/www.mwm.net\/es\/aplicaciones-de-gas\/"},{"@type":"ListItem","position":3,"name":"Biog\u00e1s Agr\u00edcola"}]},{"@type":"WebSite","@id":"https:\/\/www.mwm.net\/es\/#website","url":"https:\/\/www.mwm.net\/es\/","name":"MWM","description":"","publisher":{"@id":"https:\/\/www.mwm.net\/es\/#organization"},"potentialAction":[{"@type":"SearchAction","target":{"@type":"EntryPoint","urlTemplate":"https:\/\/www.mwm.net\/es\/?s={search_term_string}"},"query-input":{"@type":"PropertyValueSpecification","valueRequired":true,"valueName":"search_term_string"}}],"inLanguage":"es"},{"@type":"Organization","@id":"https:\/\/www.mwm.net\/es\/#organization","name":"Caterpillar Energy Solutions GmbH","url":"https:\/\/www.mwm.net\/es\/","logo":{"@type":"ImageObject","inLanguage":"es","@id":"https:\/\/www.mwm.net\/es\/#\/schema\/logo\/image\/","url":"https:\/\/www.mwm.net\/wp-content\/uploads\/2022\/02\/logo2.jpg","contentUrl":"https:\/\/www.mwm.net\/wp-content\/uploads\/2022\/02\/logo2.jpg","width":260,"height":142,"caption":"Caterpillar Energy Solutions GmbH"},"image":{"@id":"https:\/\/www.mwm.net\/es\/#\/schema\/logo\/image\/"}}]}},"_links":{"self":[{"href":"https:\/\/www.mwm.net\/es\/wp-json\/wp\/v2\/pages\/104977","targetHints":{"allow":["GET"]}}],"collection":[{"href":"https:\/\/www.mwm.net\/es\/wp-json\/wp\/v2\/pages"}],"about":[{"href":"https:\/\/www.mwm.net\/es\/wp-json\/wp\/v2\/types\/page"}],"author":[{"embeddable":true,"href":"https:\/\/www.mwm.net\/es\/wp-json\/wp\/v2\/users\/1"}],"replies":[{"embeddable":true,"href":"https:\/\/www.mwm.net\/es\/wp-json\/wp\/v2\/comments?post=104977"}],"version-history":[{"count":5,"href":"https:\/\/www.mwm.net\/es\/wp-json\/wp\/v2\/pages\/104977\/revisions"}],"predecessor-version":[{"id":106351,"href":"https:\/\/www.mwm.net\/es\/wp-json\/wp\/v2\/pages\/104977\/revisions\/106351"}],"up":[{"embeddable":true,"href":"https:\/\/www.mwm.net\/es\/wp-json\/wp\/v2\/pages\/103087"}],"wp:featuredmedia":[{"embeddable":true,"href":"https:\/\/www.mwm.net\/es\/wp-json\/wp\/v2\/media\/103092"}],"wp:attachment":[{"href":"https:\/\/www.mwm.net\/es\/wp-json\/wp\/v2\/media?parent=104977"}],"wp:term":[{"taxonomy":"post_tag","embeddable":true,"href":"https:\/\/www.mwm.net\/es\/wp-json\/wp\/v2\/tags?post=104977"}],"curies":[{"name":"wp","href":"https:\/\/api.w.org\/{rel}","templated":true}]}}