{"id":104979,"date":"2021-03-25T18:21:06","date_gmt":"2021-03-25T18:21:06","guid":{"rendered":"https:\/\/www.mwm.net\/aplicaciones-de-gas\/landfills\/"},"modified":"2024-11-22T18:42:52","modified_gmt":"2024-11-22T16:42:52","slug":"vertederos","status":"publish","type":"page","link":"https:\/\/www.mwm.net\/es\/aplicaciones-de-gas\/vertederos\/","title":{"rendered":"Plantas de energ\u00eda distribuida para vertederos"},"content":{"rendered":"<div class=\"blu_sec\" style=\"margin:0;padding:0;\"><\/div>\n<div class=\"patch-content\">\n<h2 class=\"subheadline noborder\">Uso de metano para la producci\u00f3n de energ\u00eda sostenible en plantas de energ\u00eda distribuida<\/h2>\n<p>Con el enfoque actual en las energ\u00edas renovables y la reducci\u00f3n de las emisiones de carbono, los proyectos de conversi\u00f3n de gas de vertedero en energ\u00eda est\u00e1n ganando impulso. Como una soluci\u00f3n importante y creciente de producci\u00f3n de energ\u00eda dentro de las diferentes combinaciones de generaci\u00f3n de energ\u00eda en el mundo, estos sistemas de plantas de energ\u00eda distribuida recolectan, procesan y tratan el gas de vertedero disponible para generar electricidad. Existen dos enfoques comunes para la recolecci\u00f3n de gas de vertedero: la extracci\u00f3n desde pozos verticales o desde colectores o zanjas horizontales.<\/p>\n<p>Estas plantas de energ\u00eda distribuida utilizan nuestros motores de gas como grupos electr\u00f3genos para convertir los desechos en electricidad econ\u00f3micamente viable.<\/p>\n<h2 class=\"subheadline\">Ventajas de implementar gas de vertedero en generadores de energ\u00eda:<br \/>\n<\/h2>\n<ul>\n<li>Extiende la vida \u00fatil del equipo y los intervalos de mantenimiento para aplicaciones de vertederos<\/li>\n<li>Brinda mayor rendimiento y fiabilidad<\/li>\n<li>Ofrece menores costos operativos y de mantenimiento<\/li>\n<li>Soluciones eficientes incluso para el contenido m\u00e1s bajo de metano<\/li>\n<li>Reduce el impacto ambiental<\/li>\n<\/ul>\n<\/div>\n<div class=\"pro_grphc\">\n<div class=\"cntct_rght\"><a href=\"\/en\/contact\/contact-sales\/\">Contacto con ventas <strong>Haga clic aqu\u00ed<\/strong><\/a><\/div>\n<\/div>\n<div class=\"patch-content\">\n<h2 class=\"subheadline noborder\">Perfectamente adaptado a sus necesidades<\/h2>\n<p>El gas de vertedero se produce naturalmente cuando los residuos org\u00e1nicos se descomponen en el relleno sanitario. Est\u00e1 compuesto de metano y cantidades menores de compuestos org\u00e1nicos sin metano. Durante el tratamiento del gas, MWM elimina cualquier contenido de organosilicio existente. Al capturar las emisiones de metano (CH<sub>4<\/sub>) de los vertederos que, de otro modo, exacerbar\u00edan el efecto invernadero si se les permitiera escapar a la atm\u00f3sfera, MWM contribuye a la protecci\u00f3n del medio ambiente. Despu\u00e9s de todo, el metano tiene un efecto invernadero hasta 25 veces mayor que el di\u00f3xido de carbono.<\/p>\n<p>MWM ofrece grupos electr\u00f3genos especialmente dise\u00f1ados para operaciones en vertederos:<\/p>\n<ul>\n<li>Una bomba de ventilaci\u00f3n del c\u00e1rter para expulsar los gases de escape potencialmente \u00e1cidos.<\/li>\n<li>N\u00facleos de posenfriador, culatas de cilindro, rodamientos principales y rodamientos de biela especialmente dise\u00f1ados y reforzados con protecci\u00f3n contra elementos corrosivos<\/li>\n<li>Sistemas de refrigeraci\u00f3n diferenciados para operar a temperaturas elevadas del agua de la camisa y evitar la condensaci\u00f3n de contaminantes<\/li>\n<\/ul>\n<p>Los operadores de sistemas que convierten el gas de vertedero en energ\u00eda, como los municipios, generalmente utilizan sopladores o aspiradoras para dirigir el gas desde un sitio de recolecci\u00f3n a trav\u00e9s de una red de tuber\u00edas hasta una instalaci\u00f3n central. En la mayor\u00eda de los vertederos de residuos s\u00f3lidos municipales, el metano y el di\u00f3xido de carbono se destruyen en un sistema de recolecci\u00f3n y control de gas o quemador p\u00fablico. La alternativa sostenible es desviar el gas de vertedero del quemador para utilizarlo en grupos electr\u00f3genos MWM que producen electricidad.<\/p>\n<p>MWM investiga, desarrolla y ofrece continuamente productos de gas de vertedero dise\u00f1ados espec\u00edficamente para operar con gas de vertedero como combustible.<\/p>\n<\/div>\n<div class=\"pro_grphc\">\n<div class=\"cntct_rght\"><a href=\"\/en\/contact\/contact-sales\/\">Contacto con ventas <strong>Haga clic aqu\u00ed<\/strong><\/a><\/div>\n<\/div>\n","protected":false},"excerpt":{"rendered":"<p>Sistemas CHP distribuidos para vertederos e instalaciones de residuos \u00a1Contacte con el departamento de ventas de MWM!<\/p>\n","protected":false},"author":1,"featured_media":103093,"parent":103087,"menu_order":0,"comment_status":"closed","ping_status":"closed","template":"product-template.php","meta":{"_acf_changed":false,"footnotes":""},"tags":[1449],"class_list":["post-104979","page","type-page","status-publish","has-post-thumbnail","hentry","tag-landfill-gas-es"],"acf":[],"yoast_head":"<!-- This site is optimized with the Yoast SEO Premium plugin v27.2 (Yoast SEO v27.2) - https:\/\/yoast.com\/product\/yoast-seo-premium-wordpress\/ -->\n<title>Plantas de energ\u00eda distribuida para vertederos<\/title>\n<meta name=\"description\" content=\"Sistemas CHP distribuidos para vertederos e instalaciones de residuos \u00a1Contacte con el departamento de ventas de MWM!\" \/>\n<meta name=\"robots\" content=\"index, follow, max-snippet:-1, max-image-preview:large, max-video-preview:-1\" \/>\n<link rel=\"canonical\" href=\"https:\/\/www.mwm.net\/es\/aplicaciones-de-gas\/vertederos\/\" \/>\n<meta property=\"og:locale\" content=\"es_ES\" \/>\n<meta property=\"og:type\" content=\"article\" \/>\n<meta property=\"og:title\" content=\"Plantas de energ\u00eda distribuida para vertederos\" \/>\n<meta property=\"og:description\" content=\"Sistemas CHP distribuidos para vertederos e instalaciones de residuos \u00a1Contacte con el departamento de ventas de MWM!\" \/>\n<meta property=\"og:url\" content=\"https:\/\/www.mwm.net\/es\/aplicaciones-de-gas\/vertederos\/\" \/>\n<meta property=\"og:site_name\" content=\"MWM\" \/>\n<meta property=\"article:modified_time\" content=\"2024-11-22T16:42:52+00:00\" \/>\n<meta property=\"og:image\" content=\"https:\/\/www.mwm.net\/wp-content\/uploads\/2021\/04\/9026-2-deponie-ammassuo-dezentrales-gaskraftwerk-371x248-88870.jpg\" \/>\n\t<meta property=\"og:image:width\" content=\"371\" \/>\n\t<meta property=\"og:image:height\" content=\"248\" \/>\n\t<meta property=\"og:image:type\" content=\"image\/jpeg\" \/>\n<meta name=\"twitter:card\" content=\"summary_large_image\" \/>\n<meta name=\"twitter:label1\" content=\"Tiempo de lectura\" \/>\n\t<meta name=\"twitter:data1\" content=\"3 minutos\" \/>\n<script type=\"application\/ld+json\" class=\"yoast-schema-graph\">{\"@context\":\"https:\/\/schema.org\",\"@graph\":[{\"@type\":\"WebPage\",\"@id\":\"https:\/\/www.mwm.net\/es\/aplicaciones-de-gas\/vertederos\/\",\"url\":\"https:\/\/www.mwm.net\/es\/aplicaciones-de-gas\/vertederos\/\",\"name\":\"Plantas de energ\u00eda distribuida para vertederos\",\"isPartOf\":{\"@id\":\"https:\/\/www.mwm.net\/es\/#website\"},\"primaryImageOfPage\":{\"@id\":\"https:\/\/www.mwm.net\/es\/aplicaciones-de-gas\/vertederos\/#primaryimage\"},\"image\":{\"@id\":\"https:\/\/www.mwm.net\/es\/aplicaciones-de-gas\/vertederos\/#primaryimage\"},\"thumbnailUrl\":\"https:\/\/www.mwm.net\/wp-content\/uploads\/2021\/04\/9026-2-deponie-ammassuo-dezentrales-gaskraftwerk-371x248-88870.jpg\",\"datePublished\":\"2021-03-25T18:21:06+00:00\",\"dateModified\":\"2024-11-22T16:42:52+00:00\",\"description\":\"Sistemas CHP distribuidos para vertederos e instalaciones de residuos \u00a1Contacte con el departamento de ventas de MWM!\",\"breadcrumb\":{\"@id\":\"https:\/\/www.mwm.net\/es\/aplicaciones-de-gas\/vertederos\/#breadcrumb\"},\"inLanguage\":\"es\",\"potentialAction\":[{\"@type\":\"ReadAction\",\"target\":[\"https:\/\/www.mwm.net\/es\/aplicaciones-de-gas\/vertederos\/\"]}]},{\"@type\":\"ImageObject\",\"inLanguage\":\"es\",\"@id\":\"https:\/\/www.mwm.net\/es\/aplicaciones-de-gas\/vertederos\/#primaryimage\",\"url\":\"https:\/\/www.mwm.net\/wp-content\/uploads\/2021\/04\/9026-2-deponie-ammassuo-dezentrales-gaskraftwerk-371x248-88870.jpg\",\"contentUrl\":\"https:\/\/www.mwm.net\/wp-content\/uploads\/2021\/04\/9026-2-deponie-ammassuo-dezentrales-gaskraftwerk-371x248-88870.jpg\",\"width\":371,\"height\":248},{\"@type\":\"BreadcrumbList\",\"@id\":\"https:\/\/www.mwm.net\/es\/aplicaciones-de-gas\/vertederos\/#breadcrumb\",\"itemListElement\":[{\"@type\":\"ListItem\",\"position\":1,\"name\":\"Home\",\"item\":\"https:\/\/www.mwm.net\/es\/\"},{\"@type\":\"ListItem\",\"position\":2,\"name\":\"Aplicaciones de gas\",\"item\":\"https:\/\/www.mwm.net\/es\/aplicaciones-de-gas\/\"},{\"@type\":\"ListItem\",\"position\":3,\"name\":\"Plantas de energ\u00eda distribuida para vertederos\"}]},{\"@type\":\"WebSite\",\"@id\":\"https:\/\/www.mwm.net\/es\/#website\",\"url\":\"https:\/\/www.mwm.net\/es\/\",\"name\":\"MWM\",\"description\":\"\",\"publisher\":{\"@id\":\"https:\/\/www.mwm.net\/es\/#organization\"},\"potentialAction\":[{\"@type\":\"SearchAction\",\"target\":{\"@type\":\"EntryPoint\",\"urlTemplate\":\"https:\/\/www.mwm.net\/es\/?s={search_term_string}\"},\"query-input\":{\"@type\":\"PropertyValueSpecification\",\"valueRequired\":true,\"valueName\":\"search_term_string\"}}],\"inLanguage\":\"es\"},{\"@type\":\"Organization\",\"@id\":\"https:\/\/www.mwm.net\/es\/#organization\",\"name\":\"Caterpillar Energy Solutions GmbH\",\"url\":\"https:\/\/www.mwm.net\/es\/\",\"logo\":{\"@type\":\"ImageObject\",\"inLanguage\":\"es\",\"@id\":\"https:\/\/www.mwm.net\/es\/#\/schema\/logo\/image\/\",\"url\":\"https:\/\/www.mwm.net\/wp-content\/uploads\/2022\/02\/logo2.jpg\",\"contentUrl\":\"https:\/\/www.mwm.net\/wp-content\/uploads\/2022\/02\/logo2.jpg\",\"width\":260,\"height\":142,\"caption\":\"Caterpillar Energy Solutions GmbH\"},\"image\":{\"@id\":\"https:\/\/www.mwm.net\/es\/#\/schema\/logo\/image\/\"}}]}<\/script>\n<!-- \/ Yoast SEO Premium plugin. -->","yoast_head_json":{"title":"Plantas de energ\u00eda distribuida para vertederos","description":"Sistemas CHP distribuidos para vertederos e instalaciones de residuos \u00a1Contacte con el departamento de ventas de MWM!","robots":{"index":"index","follow":"follow","max-snippet":"max-snippet:-1","max-image-preview":"max-image-preview:large","max-video-preview":"max-video-preview:-1"},"canonical":"https:\/\/www.mwm.net\/es\/aplicaciones-de-gas\/vertederos\/","og_locale":"es_ES","og_type":"article","og_title":"Plantas de energ\u00eda distribuida para vertederos","og_description":"Sistemas CHP distribuidos para vertederos e instalaciones de residuos \u00a1Contacte con el departamento de ventas de MWM!","og_url":"https:\/\/www.mwm.net\/es\/aplicaciones-de-gas\/vertederos\/","og_site_name":"MWM","article_modified_time":"2024-11-22T16:42:52+00:00","og_image":[{"width":371,"height":248,"url":"https:\/\/www.mwm.net\/wp-content\/uploads\/2021\/04\/9026-2-deponie-ammassuo-dezentrales-gaskraftwerk-371x248-88870.jpg","type":"image\/jpeg"}],"twitter_card":"summary_large_image","twitter_misc":{"Tiempo de lectura":"3 minutos"},"schema":{"@context":"https:\/\/schema.org","@graph":[{"@type":"WebPage","@id":"https:\/\/www.mwm.net\/es\/aplicaciones-de-gas\/vertederos\/","url":"https:\/\/www.mwm.net\/es\/aplicaciones-de-gas\/vertederos\/","name":"Plantas de energ\u00eda distribuida para vertederos","isPartOf":{"@id":"https:\/\/www.mwm.net\/es\/#website"},"primaryImageOfPage":{"@id":"https:\/\/www.mwm.net\/es\/aplicaciones-de-gas\/vertederos\/#primaryimage"},"image":{"@id":"https:\/\/www.mwm.net\/es\/aplicaciones-de-gas\/vertederos\/#primaryimage"},"thumbnailUrl":"https:\/\/www.mwm.net\/wp-content\/uploads\/2021\/04\/9026-2-deponie-ammassuo-dezentrales-gaskraftwerk-371x248-88870.jpg","datePublished":"2021-03-25T18:21:06+00:00","dateModified":"2024-11-22T16:42:52+00:00","description":"Sistemas CHP distribuidos para vertederos e instalaciones de residuos \u00a1Contacte con el departamento de ventas de MWM!","breadcrumb":{"@id":"https:\/\/www.mwm.net\/es\/aplicaciones-de-gas\/vertederos\/#breadcrumb"},"inLanguage":"es","potentialAction":[{"@type":"ReadAction","target":["https:\/\/www.mwm.net\/es\/aplicaciones-de-gas\/vertederos\/"]}]},{"@type":"ImageObject","inLanguage":"es","@id":"https:\/\/www.mwm.net\/es\/aplicaciones-de-gas\/vertederos\/#primaryimage","url":"https:\/\/www.mwm.net\/wp-content\/uploads\/2021\/04\/9026-2-deponie-ammassuo-dezentrales-gaskraftwerk-371x248-88870.jpg","contentUrl":"https:\/\/www.mwm.net\/wp-content\/uploads\/2021\/04\/9026-2-deponie-ammassuo-dezentrales-gaskraftwerk-371x248-88870.jpg","width":371,"height":248},{"@type":"BreadcrumbList","@id":"https:\/\/www.mwm.net\/es\/aplicaciones-de-gas\/vertederos\/#breadcrumb","itemListElement":[{"@type":"ListItem","position":1,"name":"Home","item":"https:\/\/www.mwm.net\/es\/"},{"@type":"ListItem","position":2,"name":"Aplicaciones de gas","item":"https:\/\/www.mwm.net\/es\/aplicaciones-de-gas\/"},{"@type":"ListItem","position":3,"name":"Plantas de energ\u00eda distribuida para vertederos"}]},{"@type":"WebSite","@id":"https:\/\/www.mwm.net\/es\/#website","url":"https:\/\/www.mwm.net\/es\/","name":"MWM","description":"","publisher":{"@id":"https:\/\/www.mwm.net\/es\/#organization"},"potentialAction":[{"@type":"SearchAction","target":{"@type":"EntryPoint","urlTemplate":"https:\/\/www.mwm.net\/es\/?s={search_term_string}"},"query-input":{"@type":"PropertyValueSpecification","valueRequired":true,"valueName":"search_term_string"}}],"inLanguage":"es"},{"@type":"Organization","@id":"https:\/\/www.mwm.net\/es\/#organization","name":"Caterpillar Energy Solutions GmbH","url":"https:\/\/www.mwm.net\/es\/","logo":{"@type":"ImageObject","inLanguage":"es","@id":"https:\/\/www.mwm.net\/es\/#\/schema\/logo\/image\/","url":"https:\/\/www.mwm.net\/wp-content\/uploads\/2022\/02\/logo2.jpg","contentUrl":"https:\/\/www.mwm.net\/wp-content\/uploads\/2022\/02\/logo2.jpg","width":260,"height":142,"caption":"Caterpillar Energy Solutions GmbH"},"image":{"@id":"https:\/\/www.mwm.net\/es\/#\/schema\/logo\/image\/"}}]}},"_links":{"self":[{"href":"https:\/\/www.mwm.net\/es\/wp-json\/wp\/v2\/pages\/104979","targetHints":{"allow":["GET"]}}],"collection":[{"href":"https:\/\/www.mwm.net\/es\/wp-json\/wp\/v2\/pages"}],"about":[{"href":"https:\/\/www.mwm.net\/es\/wp-json\/wp\/v2\/types\/page"}],"author":[{"embeddable":true,"href":"https:\/\/www.mwm.net\/es\/wp-json\/wp\/v2\/users\/1"}],"replies":[{"embeddable":true,"href":"https:\/\/www.mwm.net\/es\/wp-json\/wp\/v2\/comments?post=104979"}],"version-history":[{"count":5,"href":"https:\/\/www.mwm.net\/es\/wp-json\/wp\/v2\/pages\/104979\/revisions"}],"predecessor-version":[{"id":106360,"href":"https:\/\/www.mwm.net\/es\/wp-json\/wp\/v2\/pages\/104979\/revisions\/106360"}],"up":[{"embeddable":true,"href":"https:\/\/www.mwm.net\/es\/wp-json\/wp\/v2\/pages\/103087"}],"wp:featuredmedia":[{"embeddable":true,"href":"https:\/\/www.mwm.net\/es\/wp-json\/wp\/v2\/media\/103093"}],"wp:attachment":[{"href":"https:\/\/www.mwm.net\/es\/wp-json\/wp\/v2\/media?parent=104979"}],"wp:term":[{"taxonomy":"post_tag","embeddable":true,"href":"https:\/\/www.mwm.net\/es\/wp-json\/wp\/v2\/tags?post=104979"}],"curies":[{"name":"wp","href":"https:\/\/api.w.org\/{rel}","templated":true}]}}