{"id":104981,"date":"2021-03-25T18:22:40","date_gmt":"2021-03-25T18:22:40","guid":{"rendered":"https:\/\/www.mwm.net\/aplicaciones-de-gas\/sewage-plants\/"},"modified":"2024-11-22T18:43:51","modified_gmt":"2024-11-22T16:43:51","slug":"plantas-depuradoras","status":"publish","type":"page","link":"https:\/\/www.mwm.net\/es\/aplicaciones-de-gas\/plantas-depuradoras\/","title":{"rendered":"Soluciones de generaci\u00f3n distribuida para plantas depuradoras"},"content":{"rendered":"<div class=\"blu_sec\" style=\"margin:0;padding:0;\"><\/div>\n<div class=\"patch-content\">\n<h2 class=\"subheadline noborder\">Uso del metano procedente de plantas de tratamiento de aguas residuales para la producci\u00f3n de energ\u00eda el\u00e9ctrica<\/h2>\n<p>Muchas instalaciones de tratamiento de aguas residuales utilizan gas residual o gas de digesti\u00f3n procedente del tratamiento de aguas residuales como fuente de combustible para grupos electr\u00f3genos (motores de gas). Este gas est\u00e1 compuesto principalmente por metano y di\u00f3xido de carbono que se genera en los digestores de aguas residuales utilizados en el proceso de tratamiento del agua. Este gas residual es capturado y utilizado por los motores de gas MWM para suministrar electricidad y calor a la planta para el digestor u otras cargas t\u00e9rmicas.<\/p>\n<p>El gas residual tiene un poder calor\u00edfico de entre 6 y 6,4 kWh\/m<sup>3<\/sup>, as\u00ed como un contenido de metano variable en funci\u00f3n de sus materias primas org\u00e1nicas. El calor generado durante la producci\u00f3n de energ\u00eda se utiliza como calor de proceso en la planta de tratamiento de aguas residuales y, por tanto, ahorra costos energ\u00e9ticos adicionales.<\/p>\n<h2 class=\"subheadline\">Los beneficios de los proyectos de conversi\u00f3n de metano en energ\u00eda incluyen:<\/h2>\n<ul>\n<li>Mayor eficiencia energ\u00e9tica<\/li>\n<li>Menores costos de electricidad<\/li>\n<li>Reducci\u00f3n del impacto ambiental<\/li>\n<\/ul>\n<\/div>\n<div class=\"pro_grphc\">\n<div class=\"cntct_rght\"><a href=\"\/en\/contact\/contact-sales\/\">Contacto con ventas <strong>Haga clic aqu\u00ed<\/strong><\/a><\/div>\n<\/div>\n<div class=\"patch-content\">Un motor de gas duradero dise\u00f1ado espec\u00edficamente para funcionar con combustible de bajo consumo es esencial para un sistema de energ\u00eda el\u00e9ctrica confiable. Este motor de gas acciona un grupo electr\u00f3geno para producir electricidad.<\/p>\n<p>Nuestros motores de gas ofrecen una tolerancia especial a los contaminantes en los combustibles gaseosos de aguas residuales al ofrecer caracter\u00edsticas adicionales.<\/p>\n<p>Las caracter\u00edsticas de los motores de gas MWM para la combusti\u00f3n de gases residuales incluyen:<\/p>\n<ul>\n<li>Una bomba de ventilaci\u00f3n del c\u00e1rter para expulsar los gases de escape potencialmente \u00e1cidos<\/li>\n<li>N\u00facleos de postenfriador, culatas de cilindro, rodamientos principales y rodamientos de biela especialmente dise\u00f1ados y reforzados con protecci\u00f3n contra elementos corrosivos<\/li>\n<li>Un sistema de refrigeraci\u00f3n diferenciado para operar a temperaturas elevadas del agua de la camisa y evitar la condensaci\u00f3n de contaminantes<\/li>\n<\/ul>\n<p>MWM ofrece motores de gas especialmente adaptados para gas residual, sistemas completos y contenedores para la producci\u00f3n simultanea de calor y electricidad. Nuestros clientes reciben asesoramiento experto sobre c\u00f3mo dise\u00f1ar, instalar y mantener centrales el\u00e9ctricas especialmente adaptadas para combustibles gaseosos generados en las plantas de aguas residuales.<\/p>\n<\/div>\n<div class=\"pro_grphc\">\n<div class=\"cntct_rght\"><a href=\"\/en\/contact\/contact-sales\/\">Contacto con ventas <strong>Haga clic aqu\u00ed<\/strong><\/a><\/div>\n<\/div>\n","protected":false},"excerpt":{"rendered":"<p>Soluciones de generaci\u00f3n distribuida MWM para plantas de tratamiento de aguas residuales. \u00a1Contacte con nuestro departamento de ventas!<\/p>\n","protected":false},"author":1,"featured_media":103094,"parent":103087,"menu_order":0,"comment_status":"closed","ping_status":"closed","template":"product-template.php","meta":{"_acf_changed":false,"footnotes":""},"tags":[1425],"class_list":["post-104981","page","type-page","status-publish","has-post-thumbnail","hentry","tag-sewage-gas-es"],"acf":[],"yoast_head":"<!-- This site is optimized with the Yoast SEO Premium plugin v27.2 (Yoast SEO v27.2) - https:\/\/yoast.com\/product\/yoast-seo-premium-wordpress\/ -->\n<title>Soluciones de generaci\u00f3n distribuida para plantas depuradoras<\/title>\n<meta name=\"description\" content=\"Soluciones de generaci\u00f3n distribuida MWM para plantas de tratamiento de aguas residuales. \u00a1Contacte con nuestro departamento de ventas!\" \/>\n<meta name=\"robots\" content=\"index, follow, max-snippet:-1, max-image-preview:large, max-video-preview:-1\" \/>\n<link rel=\"canonical\" href=\"https:\/\/www.mwm.net\/es\/aplicaciones-de-gas\/plantas-depuradoras\/\" \/>\n<meta property=\"og:locale\" content=\"es_ES\" \/>\n<meta property=\"og:type\" content=\"article\" \/>\n<meta property=\"og:title\" content=\"Soluciones de generaci\u00f3n distribuida para plantas depuradoras\" \/>\n<meta property=\"og:description\" content=\"Soluciones de generaci\u00f3n distribuida MWM para plantas de tratamiento de aguas residuales. \u00a1Contacte con nuestro departamento de ventas!\" \/>\n<meta property=\"og:url\" content=\"https:\/\/www.mwm.net\/es\/aplicaciones-de-gas\/plantas-depuradoras\/\" \/>\n<meta property=\"og:site_name\" content=\"MWM\" \/>\n<meta property=\"article:modified_time\" content=\"2024-11-22T16:43:51+00:00\" \/>\n<meta property=\"og:image\" content=\"https:\/\/www.mwm.net\/wp-content\/uploads\/2021\/04\/9608-2-kwk-anlage-klaeranlage-mannheim-371x248-38cac.jpg\" \/>\n\t<meta property=\"og:image:width\" content=\"371\" \/>\n\t<meta property=\"og:image:height\" content=\"248\" \/>\n\t<meta property=\"og:image:type\" content=\"image\/jpeg\" \/>\n<meta name=\"twitter:card\" content=\"summary_large_image\" \/>\n<meta name=\"twitter:label1\" content=\"Tiempo de lectura\" \/>\n\t<meta name=\"twitter:data1\" content=\"3 minutos\" \/>\n<script type=\"application\/ld+json\" class=\"yoast-schema-graph\">{\"@context\":\"https:\/\/schema.org\",\"@graph\":[{\"@type\":\"WebPage\",\"@id\":\"https:\/\/www.mwm.net\/es\/aplicaciones-de-gas\/plantas-depuradoras\/\",\"url\":\"https:\/\/www.mwm.net\/es\/aplicaciones-de-gas\/plantas-depuradoras\/\",\"name\":\"Soluciones de generaci\u00f3n distribuida para plantas depuradoras\",\"isPartOf\":{\"@id\":\"https:\/\/www.mwm.net\/es\/#website\"},\"primaryImageOfPage\":{\"@id\":\"https:\/\/www.mwm.net\/es\/aplicaciones-de-gas\/plantas-depuradoras\/#primaryimage\"},\"image\":{\"@id\":\"https:\/\/www.mwm.net\/es\/aplicaciones-de-gas\/plantas-depuradoras\/#primaryimage\"},\"thumbnailUrl\":\"https:\/\/www.mwm.net\/wp-content\/uploads\/2021\/04\/9608-2-kwk-anlage-klaeranlage-mannheim-371x248-38cac.jpg\",\"datePublished\":\"2021-03-25T18:22:40+00:00\",\"dateModified\":\"2024-11-22T16:43:51+00:00\",\"description\":\"Soluciones de generaci\u00f3n distribuida MWM para plantas de tratamiento de aguas residuales. \u00a1Contacte con nuestro departamento de ventas!\",\"breadcrumb\":{\"@id\":\"https:\/\/www.mwm.net\/es\/aplicaciones-de-gas\/plantas-depuradoras\/#breadcrumb\"},\"inLanguage\":\"es\",\"potentialAction\":[{\"@type\":\"ReadAction\",\"target\":[\"https:\/\/www.mwm.net\/es\/aplicaciones-de-gas\/plantas-depuradoras\/\"]}]},{\"@type\":\"ImageObject\",\"inLanguage\":\"es\",\"@id\":\"https:\/\/www.mwm.net\/es\/aplicaciones-de-gas\/plantas-depuradoras\/#primaryimage\",\"url\":\"https:\/\/www.mwm.net\/wp-content\/uploads\/2021\/04\/9608-2-kwk-anlage-klaeranlage-mannheim-371x248-38cac.jpg\",\"contentUrl\":\"https:\/\/www.mwm.net\/wp-content\/uploads\/2021\/04\/9608-2-kwk-anlage-klaeranlage-mannheim-371x248-38cac.jpg\",\"width\":371,\"height\":248},{\"@type\":\"BreadcrumbList\",\"@id\":\"https:\/\/www.mwm.net\/es\/aplicaciones-de-gas\/plantas-depuradoras\/#breadcrumb\",\"itemListElement\":[{\"@type\":\"ListItem\",\"position\":1,\"name\":\"Home\",\"item\":\"https:\/\/www.mwm.net\/es\/\"},{\"@type\":\"ListItem\",\"position\":2,\"name\":\"Aplicaciones de gas\",\"item\":\"https:\/\/www.mwm.net\/es\/aplicaciones-de-gas\/\"},{\"@type\":\"ListItem\",\"position\":3,\"name\":\"Soluciones de generaci\u00f3n distribuida para plantas depuradoras\"}]},{\"@type\":\"WebSite\",\"@id\":\"https:\/\/www.mwm.net\/es\/#website\",\"url\":\"https:\/\/www.mwm.net\/es\/\",\"name\":\"MWM\",\"description\":\"\",\"publisher\":{\"@id\":\"https:\/\/www.mwm.net\/es\/#organization\"},\"potentialAction\":[{\"@type\":\"SearchAction\",\"target\":{\"@type\":\"EntryPoint\",\"urlTemplate\":\"https:\/\/www.mwm.net\/es\/?s={search_term_string}\"},\"query-input\":{\"@type\":\"PropertyValueSpecification\",\"valueRequired\":true,\"valueName\":\"search_term_string\"}}],\"inLanguage\":\"es\"},{\"@type\":\"Organization\",\"@id\":\"https:\/\/www.mwm.net\/es\/#organization\",\"name\":\"Caterpillar Energy Solutions GmbH\",\"url\":\"https:\/\/www.mwm.net\/es\/\",\"logo\":{\"@type\":\"ImageObject\",\"inLanguage\":\"es\",\"@id\":\"https:\/\/www.mwm.net\/es\/#\/schema\/logo\/image\/\",\"url\":\"https:\/\/www.mwm.net\/wp-content\/uploads\/2022\/02\/logo2.jpg\",\"contentUrl\":\"https:\/\/www.mwm.net\/wp-content\/uploads\/2022\/02\/logo2.jpg\",\"width\":260,\"height\":142,\"caption\":\"Caterpillar Energy Solutions GmbH\"},\"image\":{\"@id\":\"https:\/\/www.mwm.net\/es\/#\/schema\/logo\/image\/\"}}]}<\/script>\n<!-- \/ Yoast SEO Premium plugin. -->","yoast_head_json":{"title":"Soluciones de generaci\u00f3n distribuida para plantas depuradoras","description":"Soluciones de generaci\u00f3n distribuida MWM para plantas de tratamiento de aguas residuales. \u00a1Contacte con nuestro departamento de ventas!","robots":{"index":"index","follow":"follow","max-snippet":"max-snippet:-1","max-image-preview":"max-image-preview:large","max-video-preview":"max-video-preview:-1"},"canonical":"https:\/\/www.mwm.net\/es\/aplicaciones-de-gas\/plantas-depuradoras\/","og_locale":"es_ES","og_type":"article","og_title":"Soluciones de generaci\u00f3n distribuida para plantas depuradoras","og_description":"Soluciones de generaci\u00f3n distribuida MWM para plantas de tratamiento de aguas residuales. \u00a1Contacte con nuestro departamento de ventas!","og_url":"https:\/\/www.mwm.net\/es\/aplicaciones-de-gas\/plantas-depuradoras\/","og_site_name":"MWM","article_modified_time":"2024-11-22T16:43:51+00:00","og_image":[{"width":371,"height":248,"url":"https:\/\/www.mwm.net\/wp-content\/uploads\/2021\/04\/9608-2-kwk-anlage-klaeranlage-mannheim-371x248-38cac.jpg","type":"image\/jpeg"}],"twitter_card":"summary_large_image","twitter_misc":{"Tiempo de lectura":"3 minutos"},"schema":{"@context":"https:\/\/schema.org","@graph":[{"@type":"WebPage","@id":"https:\/\/www.mwm.net\/es\/aplicaciones-de-gas\/plantas-depuradoras\/","url":"https:\/\/www.mwm.net\/es\/aplicaciones-de-gas\/plantas-depuradoras\/","name":"Soluciones de generaci\u00f3n distribuida para plantas depuradoras","isPartOf":{"@id":"https:\/\/www.mwm.net\/es\/#website"},"primaryImageOfPage":{"@id":"https:\/\/www.mwm.net\/es\/aplicaciones-de-gas\/plantas-depuradoras\/#primaryimage"},"image":{"@id":"https:\/\/www.mwm.net\/es\/aplicaciones-de-gas\/plantas-depuradoras\/#primaryimage"},"thumbnailUrl":"https:\/\/www.mwm.net\/wp-content\/uploads\/2021\/04\/9608-2-kwk-anlage-klaeranlage-mannheim-371x248-38cac.jpg","datePublished":"2021-03-25T18:22:40+00:00","dateModified":"2024-11-22T16:43:51+00:00","description":"Soluciones de generaci\u00f3n distribuida MWM para plantas de tratamiento de aguas residuales. \u00a1Contacte con nuestro departamento de ventas!","breadcrumb":{"@id":"https:\/\/www.mwm.net\/es\/aplicaciones-de-gas\/plantas-depuradoras\/#breadcrumb"},"inLanguage":"es","potentialAction":[{"@type":"ReadAction","target":["https:\/\/www.mwm.net\/es\/aplicaciones-de-gas\/plantas-depuradoras\/"]}]},{"@type":"ImageObject","inLanguage":"es","@id":"https:\/\/www.mwm.net\/es\/aplicaciones-de-gas\/plantas-depuradoras\/#primaryimage","url":"https:\/\/www.mwm.net\/wp-content\/uploads\/2021\/04\/9608-2-kwk-anlage-klaeranlage-mannheim-371x248-38cac.jpg","contentUrl":"https:\/\/www.mwm.net\/wp-content\/uploads\/2021\/04\/9608-2-kwk-anlage-klaeranlage-mannheim-371x248-38cac.jpg","width":371,"height":248},{"@type":"BreadcrumbList","@id":"https:\/\/www.mwm.net\/es\/aplicaciones-de-gas\/plantas-depuradoras\/#breadcrumb","itemListElement":[{"@type":"ListItem","position":1,"name":"Home","item":"https:\/\/www.mwm.net\/es\/"},{"@type":"ListItem","position":2,"name":"Aplicaciones de gas","item":"https:\/\/www.mwm.net\/es\/aplicaciones-de-gas\/"},{"@type":"ListItem","position":3,"name":"Soluciones de generaci\u00f3n distribuida para plantas depuradoras"}]},{"@type":"WebSite","@id":"https:\/\/www.mwm.net\/es\/#website","url":"https:\/\/www.mwm.net\/es\/","name":"MWM","description":"","publisher":{"@id":"https:\/\/www.mwm.net\/es\/#organization"},"potentialAction":[{"@type":"SearchAction","target":{"@type":"EntryPoint","urlTemplate":"https:\/\/www.mwm.net\/es\/?s={search_term_string}"},"query-input":{"@type":"PropertyValueSpecification","valueRequired":true,"valueName":"search_term_string"}}],"inLanguage":"es"},{"@type":"Organization","@id":"https:\/\/www.mwm.net\/es\/#organization","name":"Caterpillar Energy Solutions GmbH","url":"https:\/\/www.mwm.net\/es\/","logo":{"@type":"ImageObject","inLanguage":"es","@id":"https:\/\/www.mwm.net\/es\/#\/schema\/logo\/image\/","url":"https:\/\/www.mwm.net\/wp-content\/uploads\/2022\/02\/logo2.jpg","contentUrl":"https:\/\/www.mwm.net\/wp-content\/uploads\/2022\/02\/logo2.jpg","width":260,"height":142,"caption":"Caterpillar Energy Solutions GmbH"},"image":{"@id":"https:\/\/www.mwm.net\/es\/#\/schema\/logo\/image\/"}}]}},"_links":{"self":[{"href":"https:\/\/www.mwm.net\/es\/wp-json\/wp\/v2\/pages\/104981","targetHints":{"allow":["GET"]}}],"collection":[{"href":"https:\/\/www.mwm.net\/es\/wp-json\/wp\/v2\/pages"}],"about":[{"href":"https:\/\/www.mwm.net\/es\/wp-json\/wp\/v2\/types\/page"}],"author":[{"embeddable":true,"href":"https:\/\/www.mwm.net\/es\/wp-json\/wp\/v2\/users\/1"}],"replies":[{"embeddable":true,"href":"https:\/\/www.mwm.net\/es\/wp-json\/wp\/v2\/comments?post=104981"}],"version-history":[{"count":4,"href":"https:\/\/www.mwm.net\/es\/wp-json\/wp\/v2\/pages\/104981\/revisions"}],"predecessor-version":[{"id":106361,"href":"https:\/\/www.mwm.net\/es\/wp-json\/wp\/v2\/pages\/104981\/revisions\/106361"}],"up":[{"embeddable":true,"href":"https:\/\/www.mwm.net\/es\/wp-json\/wp\/v2\/pages\/103087"}],"wp:featuredmedia":[{"embeddable":true,"href":"https:\/\/www.mwm.net\/es\/wp-json\/wp\/v2\/media\/103094"}],"wp:attachment":[{"href":"https:\/\/www.mwm.net\/es\/wp-json\/wp\/v2\/media?parent=104981"}],"wp:term":[{"taxonomy":"post_tag","embeddable":true,"href":"https:\/\/www.mwm.net\/es\/wp-json\/wp\/v2\/tags?post=104981"}],"curies":[{"name":"wp","href":"https:\/\/api.w.org\/{rel}","templated":true}]}}