{"id":104983,"date":"2021-03-25T18:23:35","date_gmt":"2021-03-25T18:23:35","guid":{"rendered":"https:\/\/www.mwm.net\/aplicaciones-de-gas\/mining\/"},"modified":"2024-11-22T18:45:14","modified_gmt":"2024-11-22T16:45:14","slug":"mineria","status":"publish","type":"page","link":"https:\/\/www.mwm.net\/es\/aplicaciones-de-gas\/mineria\/","title":{"rendered":"Soluciones de generaci\u00f3n distribuida para minas"},"content":{"rendered":"<div class=\"blu_sec\" style=\"margin:0;padding:0;\"><\/div>\n<div class=\"patch-content\">\n<h2 class=\"subheadline noborder\">Maximizaci\u00f3n de recursos combustibles<\/h2>\n<p>MWM ha desarrollado motores de gas y generadores de energ\u00eda espec\u00edficos para el metano de las minas de carb\u00f3n (CMM). La implementaci\u00f3n de m\u00e9todos para utilizar este gas como combustible alternativo puede contribuir a:<\/p>\n<ul>\n<li>Mejorar la seguridad minera<\/li>\n<li>Reducir la emisi\u00f3n de di\u00f3xido de carbono a la atm\u00f3sfera<\/li>\n<li>Reducir costos de energ\u00eda el\u00e9ctrica y generar ingresos<\/li>\n<\/ul>\n<h2 class=\"subheadline\">MWM lo apoya en sus proyectos de centrales el\u00e9ctricas ofreci\u00e9ndole:<\/h2>\n<ul>\n<li>Experiencia en el desarrollo y la planificaci\u00f3n de grandes proyectos<\/li>\n<li>Soporte log\u00edstico y t\u00e9cnico para la instalaci\u00f3n<\/li>\n<li>Mantenimiento in situ<\/li>\n<\/ul>\n<h2 class=\"subheadline\">Nuestros motores de gas para metano de minas de carb\u00f3n ofrecen:<\/h2>\n<ul>\n<li>Controles de motor a medida para gestionar las fluctuaciones constantes del contenido de gas metano<\/li>\n<li>Un sistema de combustible que puede procesar gas a muy baja presi\u00f3n, t\u00edpica de los sistemas de ventilaci\u00f3n de pozos mineros<\/li>\n<\/ul>\n<\/div>\n<div class=\"pro_grphc\">\n<div class=\"cntct_rght\"><a href=\"https:\/\/www.mwm.net\/es\/contacto\/contacto-con-ventas\/\">Contacto con ventas <strong>Haga clic aqu\u00ed<\/strong><\/a><\/div>\n<\/div>\n<div class=\"patch-content\">\n<h2 class=\"subheadline noborder\">Gas de minas de carb\u00f3n \u2013 Ecol\u00f3gico y econ\u00f3micamente atractivo<\/h2>\n<p>El metano de las minas de carb\u00f3n es un subproducto de las formaciones de carb\u00f3n en las vetas subterr\u00e1neas y se libera antes o durante la extracci\u00f3n activa del mismo. Las minas de carb\u00f3n emiten vol\u00famenes de gas metano aproximadamente equivalentes a 400 millones de toneladas (28 mil millones de metros c\u00fabicos) de di\u00f3xido de carbono. Esto corresponde al consumo de 818 millones de barriles de petr\u00f3leo o a las emisiones de di\u00f3xido de carbono de 64 millones de veh\u00edculos de pasajeros.<\/p>\n<p>Las emisiones de metano de las minas de carb\u00f3n se pueden reducir significativamente mediante la recuperaci\u00f3n y utilizaci\u00f3n del gas drenado a trav\u00e9s de proyectos energ\u00e9ticos con gas metano. El CMM se captura y utiliza como combustible en grupos electr\u00f3genos con motores de gas alternativos. Esta tecnolog\u00eda madura y probada es muy eficaz para la mitigaci\u00f3n del gas y la generaci\u00f3n de energ\u00eda. Luego de recuperar el CMM del suelo, se almacena en grandes contenedores y se pretrata para su uso en motores de gas. El pretratamiento consiste en el filtrado de polvo y part\u00edculas, el secado del gas y el transporte a trav\u00e9s de tuber\u00edas de combustible controladas por presi\u00f3n hasta los grupos electr\u00f3genos in situ.<\/p>\n<p>El metano de lechos de carb\u00f3n (CBM), el metano de minas de carb\u00f3n (CMM) y el metano de minas abandonadas (AMM) son todos adecuados para su uso en motores de gas debido a su alto contenido de metano del 30 al 95%. El metano del aire de ventilaci\u00f3n (VAM) tiene un contenido de CH<sub>4<\/sub> entre 0,2 y 1,5%, por lo que no es adecuado para la generaci\u00f3n de energ\u00eda en motores de gas.<\/p>\n<p>Mediante el uso de gas de minas de carb\u00f3n con concentraciones de metano de hasta el 30%, este gas, que es perjudicial para el medio ambiente y que, de otro modo, se liberar\u00eda a la atm\u00f3sfera, se puede convertir en energ\u00eda \u00fatil.<\/p>\n<p>El uso de gas de minas de carb\u00f3n en un motor de gas ofrece dos ventajas: en primer lugar, el metano se convierte en di\u00f3xido de carbono durante la combusti\u00f3n, lo que es hasta 25 veces menos perjudicial para el medio ambiente. En segundo lugar, hasta el 90% de la energ\u00eda contenida en el metano se puede convertir en electricidad y calor.<\/p>\n<\/div>\n<div class=\"pro_grphc\">\n<div class=\"cntct_rght\"><a href=\"https:\/\/www.mwm.net\/es\/contacto\/contacto-con-ventas\/\">Contacto con ventas <strong>Haga clic aqu\u00ed<\/strong><\/a><\/div>\n<\/div>\n","protected":false},"excerpt":{"rendered":"<p>Soluciones de generaci\u00f3n distribuida para minas, yacimientos mineros, minas de oro.<\/p>\n","protected":false},"author":1,"featured_media":103095,"parent":103087,"menu_order":0,"comment_status":"closed","ping_status":"closed","template":"product-template.php","meta":{"_acf_changed":false,"footnotes":""},"tags":[1450],"class_list":["post-104983","page","type-page","status-publish","has-post-thumbnail","hentry","tag-coal-mine-gas-es"],"acf":[],"yoast_head":"<!-- This site is optimized with the Yoast SEO Premium plugin v27.2 (Yoast SEO v27.2) - https:\/\/yoast.com\/product\/yoast-seo-premium-wordpress\/ -->\n<title>Soluciones de generaci\u00f3n distribuida para minas<\/title>\n<meta name=\"description\" content=\"Soluciones de generaci\u00f3n distribuida para minas, yacimientos mineros, minas de oro.\" \/>\n<meta name=\"robots\" content=\"index, follow, max-snippet:-1, max-image-preview:large, max-video-preview:-1\" \/>\n<link rel=\"canonical\" href=\"https:\/\/www.mwm.net\/es\/aplicaciones-de-gas\/mineria\/\" \/>\n<meta property=\"og:locale\" content=\"es_ES\" \/>\n<meta property=\"og:type\" content=\"article\" \/>\n<meta property=\"og:title\" content=\"Soluciones de generaci\u00f3n distribuida para minas\" \/>\n<meta property=\"og:description\" content=\"Soluciones de generaci\u00f3n distribuida para minas, yacimientos mineros, minas de oro.\" \/>\n<meta property=\"og:url\" content=\"https:\/\/www.mwm.net\/es\/aplicaciones-de-gas\/mineria\/\" \/>\n<meta property=\"og:site_name\" content=\"MWM\" \/>\n<meta property=\"article:modified_time\" content=\"2024-11-22T16:45:14+00:00\" \/>\n<meta property=\"og:image\" content=\"https:\/\/www.mwm.net\/wp-content\/uploads\/2021\/04\/7248-2-kraftwerk-coal-mine-xishan-shanxi-china-371x248-ae1af.jpg\" \/>\n\t<meta property=\"og:image:width\" content=\"371\" \/>\n\t<meta property=\"og:image:height\" content=\"248\" \/>\n\t<meta property=\"og:image:type\" content=\"image\/jpeg\" \/>\n<meta name=\"twitter:card\" content=\"summary_large_image\" \/>\n<meta name=\"twitter:label1\" content=\"Tiempo de lectura\" \/>\n\t<meta name=\"twitter:data1\" content=\"4 minutos\" \/>\n<script type=\"application\/ld+json\" class=\"yoast-schema-graph\">{\"@context\":\"https:\/\/schema.org\",\"@graph\":[{\"@type\":\"WebPage\",\"@id\":\"https:\/\/www.mwm.net\/es\/aplicaciones-de-gas\/mineria\/\",\"url\":\"https:\/\/www.mwm.net\/es\/aplicaciones-de-gas\/mineria\/\",\"name\":\"Soluciones de generaci\u00f3n distribuida para minas\",\"isPartOf\":{\"@id\":\"https:\/\/www.mwm.net\/es\/#website\"},\"primaryImageOfPage\":{\"@id\":\"https:\/\/www.mwm.net\/es\/aplicaciones-de-gas\/mineria\/#primaryimage\"},\"image\":{\"@id\":\"https:\/\/www.mwm.net\/es\/aplicaciones-de-gas\/mineria\/#primaryimage\"},\"thumbnailUrl\":\"https:\/\/www.mwm.net\/wp-content\/uploads\/2021\/04\/7248-2-kraftwerk-coal-mine-xishan-shanxi-china-371x248-ae1af.jpg\",\"datePublished\":\"2021-03-25T18:23:35+00:00\",\"dateModified\":\"2024-11-22T16:45:14+00:00\",\"description\":\"Soluciones de generaci\u00f3n distribuida para minas, yacimientos mineros, minas de oro.\",\"breadcrumb\":{\"@id\":\"https:\/\/www.mwm.net\/es\/aplicaciones-de-gas\/mineria\/#breadcrumb\"},\"inLanguage\":\"es\",\"potentialAction\":[{\"@type\":\"ReadAction\",\"target\":[\"https:\/\/www.mwm.net\/es\/aplicaciones-de-gas\/mineria\/\"]}]},{\"@type\":\"ImageObject\",\"inLanguage\":\"es\",\"@id\":\"https:\/\/www.mwm.net\/es\/aplicaciones-de-gas\/mineria\/#primaryimage\",\"url\":\"https:\/\/www.mwm.net\/wp-content\/uploads\/2021\/04\/7248-2-kraftwerk-coal-mine-xishan-shanxi-china-371x248-ae1af.jpg\",\"contentUrl\":\"https:\/\/www.mwm.net\/wp-content\/uploads\/2021\/04\/7248-2-kraftwerk-coal-mine-xishan-shanxi-china-371x248-ae1af.jpg\",\"width\":371,\"height\":248},{\"@type\":\"BreadcrumbList\",\"@id\":\"https:\/\/www.mwm.net\/es\/aplicaciones-de-gas\/mineria\/#breadcrumb\",\"itemListElement\":[{\"@type\":\"ListItem\",\"position\":1,\"name\":\"Home\",\"item\":\"https:\/\/www.mwm.net\/es\/\"},{\"@type\":\"ListItem\",\"position\":2,\"name\":\"Aplicaciones de gas\",\"item\":\"https:\/\/www.mwm.net\/es\/aplicaciones-de-gas\/\"},{\"@type\":\"ListItem\",\"position\":3,\"name\":\"Soluciones de generaci\u00f3n distribuida para minas\"}]},{\"@type\":\"WebSite\",\"@id\":\"https:\/\/www.mwm.net\/es\/#website\",\"url\":\"https:\/\/www.mwm.net\/es\/\",\"name\":\"MWM\",\"description\":\"\",\"publisher\":{\"@id\":\"https:\/\/www.mwm.net\/es\/#organization\"},\"potentialAction\":[{\"@type\":\"SearchAction\",\"target\":{\"@type\":\"EntryPoint\",\"urlTemplate\":\"https:\/\/www.mwm.net\/es\/?s={search_term_string}\"},\"query-input\":{\"@type\":\"PropertyValueSpecification\",\"valueRequired\":true,\"valueName\":\"search_term_string\"}}],\"inLanguage\":\"es\"},{\"@type\":\"Organization\",\"@id\":\"https:\/\/www.mwm.net\/es\/#organization\",\"name\":\"Caterpillar Energy Solutions GmbH\",\"url\":\"https:\/\/www.mwm.net\/es\/\",\"logo\":{\"@type\":\"ImageObject\",\"inLanguage\":\"es\",\"@id\":\"https:\/\/www.mwm.net\/es\/#\/schema\/logo\/image\/\",\"url\":\"https:\/\/www.mwm.net\/wp-content\/uploads\/2022\/02\/logo2.jpg\",\"contentUrl\":\"https:\/\/www.mwm.net\/wp-content\/uploads\/2022\/02\/logo2.jpg\",\"width\":260,\"height\":142,\"caption\":\"Caterpillar Energy Solutions GmbH\"},\"image\":{\"@id\":\"https:\/\/www.mwm.net\/es\/#\/schema\/logo\/image\/\"}}]}<\/script>\n<!-- \/ Yoast SEO Premium plugin. -->","yoast_head_json":{"title":"Soluciones de generaci\u00f3n distribuida para minas","description":"Soluciones de generaci\u00f3n distribuida para minas, yacimientos mineros, minas de oro.","robots":{"index":"index","follow":"follow","max-snippet":"max-snippet:-1","max-image-preview":"max-image-preview:large","max-video-preview":"max-video-preview:-1"},"canonical":"https:\/\/www.mwm.net\/es\/aplicaciones-de-gas\/mineria\/","og_locale":"es_ES","og_type":"article","og_title":"Soluciones de generaci\u00f3n distribuida para minas","og_description":"Soluciones de generaci\u00f3n distribuida para minas, yacimientos mineros, minas de oro.","og_url":"https:\/\/www.mwm.net\/es\/aplicaciones-de-gas\/mineria\/","og_site_name":"MWM","article_modified_time":"2024-11-22T16:45:14+00:00","og_image":[{"width":371,"height":248,"url":"https:\/\/www.mwm.net\/wp-content\/uploads\/2021\/04\/7248-2-kraftwerk-coal-mine-xishan-shanxi-china-371x248-ae1af.jpg","type":"image\/jpeg"}],"twitter_card":"summary_large_image","twitter_misc":{"Tiempo de lectura":"4 minutos"},"schema":{"@context":"https:\/\/schema.org","@graph":[{"@type":"WebPage","@id":"https:\/\/www.mwm.net\/es\/aplicaciones-de-gas\/mineria\/","url":"https:\/\/www.mwm.net\/es\/aplicaciones-de-gas\/mineria\/","name":"Soluciones de generaci\u00f3n distribuida para minas","isPartOf":{"@id":"https:\/\/www.mwm.net\/es\/#website"},"primaryImageOfPage":{"@id":"https:\/\/www.mwm.net\/es\/aplicaciones-de-gas\/mineria\/#primaryimage"},"image":{"@id":"https:\/\/www.mwm.net\/es\/aplicaciones-de-gas\/mineria\/#primaryimage"},"thumbnailUrl":"https:\/\/www.mwm.net\/wp-content\/uploads\/2021\/04\/7248-2-kraftwerk-coal-mine-xishan-shanxi-china-371x248-ae1af.jpg","datePublished":"2021-03-25T18:23:35+00:00","dateModified":"2024-11-22T16:45:14+00:00","description":"Soluciones de generaci\u00f3n distribuida para minas, yacimientos mineros, minas de oro.","breadcrumb":{"@id":"https:\/\/www.mwm.net\/es\/aplicaciones-de-gas\/mineria\/#breadcrumb"},"inLanguage":"es","potentialAction":[{"@type":"ReadAction","target":["https:\/\/www.mwm.net\/es\/aplicaciones-de-gas\/mineria\/"]}]},{"@type":"ImageObject","inLanguage":"es","@id":"https:\/\/www.mwm.net\/es\/aplicaciones-de-gas\/mineria\/#primaryimage","url":"https:\/\/www.mwm.net\/wp-content\/uploads\/2021\/04\/7248-2-kraftwerk-coal-mine-xishan-shanxi-china-371x248-ae1af.jpg","contentUrl":"https:\/\/www.mwm.net\/wp-content\/uploads\/2021\/04\/7248-2-kraftwerk-coal-mine-xishan-shanxi-china-371x248-ae1af.jpg","width":371,"height":248},{"@type":"BreadcrumbList","@id":"https:\/\/www.mwm.net\/es\/aplicaciones-de-gas\/mineria\/#breadcrumb","itemListElement":[{"@type":"ListItem","position":1,"name":"Home","item":"https:\/\/www.mwm.net\/es\/"},{"@type":"ListItem","position":2,"name":"Aplicaciones de gas","item":"https:\/\/www.mwm.net\/es\/aplicaciones-de-gas\/"},{"@type":"ListItem","position":3,"name":"Soluciones de generaci\u00f3n distribuida para minas"}]},{"@type":"WebSite","@id":"https:\/\/www.mwm.net\/es\/#website","url":"https:\/\/www.mwm.net\/es\/","name":"MWM","description":"","publisher":{"@id":"https:\/\/www.mwm.net\/es\/#organization"},"potentialAction":[{"@type":"SearchAction","target":{"@type":"EntryPoint","urlTemplate":"https:\/\/www.mwm.net\/es\/?s={search_term_string}"},"query-input":{"@type":"PropertyValueSpecification","valueRequired":true,"valueName":"search_term_string"}}],"inLanguage":"es"},{"@type":"Organization","@id":"https:\/\/www.mwm.net\/es\/#organization","name":"Caterpillar Energy Solutions GmbH","url":"https:\/\/www.mwm.net\/es\/","logo":{"@type":"ImageObject","inLanguage":"es","@id":"https:\/\/www.mwm.net\/es\/#\/schema\/logo\/image\/","url":"https:\/\/www.mwm.net\/wp-content\/uploads\/2022\/02\/logo2.jpg","contentUrl":"https:\/\/www.mwm.net\/wp-content\/uploads\/2022\/02\/logo2.jpg","width":260,"height":142,"caption":"Caterpillar Energy Solutions GmbH"},"image":{"@id":"https:\/\/www.mwm.net\/es\/#\/schema\/logo\/image\/"}}]}},"_links":{"self":[{"href":"https:\/\/www.mwm.net\/es\/wp-json\/wp\/v2\/pages\/104983","targetHints":{"allow":["GET"]}}],"collection":[{"href":"https:\/\/www.mwm.net\/es\/wp-json\/wp\/v2\/pages"}],"about":[{"href":"https:\/\/www.mwm.net\/es\/wp-json\/wp\/v2\/types\/page"}],"author":[{"embeddable":true,"href":"https:\/\/www.mwm.net\/es\/wp-json\/wp\/v2\/users\/1"}],"replies":[{"embeddable":true,"href":"https:\/\/www.mwm.net\/es\/wp-json\/wp\/v2\/comments?post=104983"}],"version-history":[{"count":5,"href":"https:\/\/www.mwm.net\/es\/wp-json\/wp\/v2\/pages\/104983\/revisions"}],"predecessor-version":[{"id":106363,"href":"https:\/\/www.mwm.net\/es\/wp-json\/wp\/v2\/pages\/104983\/revisions\/106363"}],"up":[{"embeddable":true,"href":"https:\/\/www.mwm.net\/es\/wp-json\/wp\/v2\/pages\/103087"}],"wp:featuredmedia":[{"embeddable":true,"href":"https:\/\/www.mwm.net\/es\/wp-json\/wp\/v2\/media\/103095"}],"wp:attachment":[{"href":"https:\/\/www.mwm.net\/es\/wp-json\/wp\/v2\/media?parent=104983"}],"wp:term":[{"taxonomy":"post_tag","embeddable":true,"href":"https:\/\/www.mwm.net\/es\/wp-json\/wp\/v2\/tags?post=104983"}],"curies":[{"name":"wp","href":"https:\/\/api.w.org\/{rel}","templated":true}]}}