{"id":104985,"date":"2021-03-25T18:25:24","date_gmt":"2021-03-25T18:25:24","guid":{"rendered":"https:\/\/www.mwm.net\/aplicaciones-de-gas\/references\/"},"modified":"2025-01-06T15:44:03","modified_gmt":"2025-01-06T13:44:03","slug":"referencias","status":"publish","type":"page","link":"https:\/\/www.mwm.net\/es\/aplicaciones-de-gas\/referencias\/","title":{"rendered":"Casos internacionales MWM"},"content":{"rendered":"<p>MWM ha realizado proyectos de todos los tama\u00f1os en todo el mundo, instalando tanto peque\u00f1os grupos electr\u00f3genos de biog\u00e1s como centrales el\u00e9ctricas de m\u00e1s de 50 MW<sub>el<\/sub>.<\/p>\n","protected":false},"excerpt":{"rendered":"<p>References from MWM, One of the world&#8217;s leading providers of highly efficient, eco-friendly plants for decentralized energy generation. Development and optimization of gensets for natural gas and special gases.<\/p>\n","protected":false},"author":1,"featured_media":103096,"parent":103087,"menu_order":0,"comment_status":"closed","ping_status":"closed","template":"reference-template.php","meta":{"_acf_changed":false,"footnotes":""},"tags":[],"class_list":["post-104985","page","type-page","status-publish","has-post-thumbnail","hentry"],"acf":[],"yoast_head":"<!-- This site is optimized with the Yoast SEO Premium plugin v27.2 (Yoast SEO v27.2) - https:\/\/yoast.com\/product\/yoast-seo-premium-wordpress\/ -->\n<title>Referencias<\/title>\n<meta name=\"description\" content=\"References from MWM, One of the world&#039;s leading providers of highly efficient, eco-friendly plants for decentralized energy generation.\" \/>\n<meta name=\"robots\" content=\"index, follow, max-snippet:-1, max-image-preview:large, max-video-preview:-1\" \/>\n<link rel=\"canonical\" href=\"https:\/\/www.mwm.net\/es\/aplicaciones-de-gas\/referencias\/\" \/>\n<meta property=\"og:locale\" content=\"es_ES\" \/>\n<meta property=\"og:type\" content=\"article\" \/>\n<meta property=\"og:title\" content=\"Casos internacionales MWM\" \/>\n<meta property=\"og:description\" content=\"References from MWM, One of the world&#039;s leading providers of highly efficient, eco-friendly plants for decentralized energy generation.\" \/>\n<meta property=\"og:url\" content=\"https:\/\/www.mwm.net\/es\/aplicaciones-de-gas\/referencias\/\" \/>\n<meta property=\"og:site_name\" content=\"MWM\" \/>\n<meta property=\"article:modified_time\" content=\"2025-01-06T13:44:03+00:00\" \/>\n<meta property=\"og:image\" content=\"https:\/\/www.mwm.net\/wp-content\/uploads\/2021\/04\/0892-2-referenzen-blockheizkraftwe-371x248-3f910.jpg\" \/>\n\t<meta property=\"og:image:width\" content=\"371\" \/>\n\t<meta property=\"og:image:height\" content=\"248\" \/>\n\t<meta property=\"og:image:type\" content=\"image\/jpeg\" \/>\n<meta name=\"twitter:card\" content=\"summary_large_image\" \/>\n<meta name=\"twitter:label1\" content=\"Tiempo de lectura\" \/>\n\t<meta name=\"twitter:data1\" content=\"1 minuto\" \/>\n<script type=\"application\/ld+json\" class=\"yoast-schema-graph\">{\"@context\":\"https:\/\/schema.org\",\"@graph\":[{\"@type\":\"WebPage\",\"@id\":\"https:\/\/www.mwm.net\/es\/aplicaciones-de-gas\/referencias\/\",\"url\":\"https:\/\/www.mwm.net\/es\/aplicaciones-de-gas\/referencias\/\",\"name\":\"Referencias\",\"isPartOf\":{\"@id\":\"https:\/\/www.mwm.net\/es\/#website\"},\"primaryImageOfPage\":{\"@id\":\"https:\/\/www.mwm.net\/es\/aplicaciones-de-gas\/referencias\/#primaryimage\"},\"image\":{\"@id\":\"https:\/\/www.mwm.net\/es\/aplicaciones-de-gas\/referencias\/#primaryimage\"},\"thumbnailUrl\":\"https:\/\/www.mwm.net\/wp-content\/uploads\/2021\/04\/0892-2-referenzen-blockheizkraftwe-371x248-3f910.jpg\",\"datePublished\":\"2021-03-25T18:25:24+00:00\",\"dateModified\":\"2025-01-06T13:44:03+00:00\",\"description\":\"References from MWM, One of the world's leading providers of highly efficient, eco-friendly plants for decentralized energy generation.\",\"breadcrumb\":{\"@id\":\"https:\/\/www.mwm.net\/es\/aplicaciones-de-gas\/referencias\/#breadcrumb\"},\"inLanguage\":\"es\",\"potentialAction\":[{\"@type\":\"ReadAction\",\"target\":[\"https:\/\/www.mwm.net\/es\/aplicaciones-de-gas\/referencias\/\"]}]},{\"@type\":\"ImageObject\",\"inLanguage\":\"es\",\"@id\":\"https:\/\/www.mwm.net\/es\/aplicaciones-de-gas\/referencias\/#primaryimage\",\"url\":\"https:\/\/www.mwm.net\/wp-content\/uploads\/2021\/04\/0892-2-referenzen-blockheizkraftwe-371x248-3f910.jpg\",\"contentUrl\":\"https:\/\/www.mwm.net\/wp-content\/uploads\/2021\/04\/0892-2-referenzen-blockheizkraftwe-371x248-3f910.jpg\",\"width\":371,\"height\":248},{\"@type\":\"BreadcrumbList\",\"@id\":\"https:\/\/www.mwm.net\/es\/aplicaciones-de-gas\/referencias\/#breadcrumb\",\"itemListElement\":[{\"@type\":\"ListItem\",\"position\":1,\"name\":\"Home\",\"item\":\"https:\/\/www.mwm.net\/es\/\"},{\"@type\":\"ListItem\",\"position\":2,\"name\":\"Aplicaciones de gas\",\"item\":\"https:\/\/www.mwm.net\/es\/aplicaciones-de-gas\/\"},{\"@type\":\"ListItem\",\"position\":3,\"name\":\"Casos internacionales MWM\"}]},{\"@type\":\"WebSite\",\"@id\":\"https:\/\/www.mwm.net\/es\/#website\",\"url\":\"https:\/\/www.mwm.net\/es\/\",\"name\":\"MWM\",\"description\":\"\",\"publisher\":{\"@id\":\"https:\/\/www.mwm.net\/es\/#organization\"},\"potentialAction\":[{\"@type\":\"SearchAction\",\"target\":{\"@type\":\"EntryPoint\",\"urlTemplate\":\"https:\/\/www.mwm.net\/es\/?s={search_term_string}\"},\"query-input\":{\"@type\":\"PropertyValueSpecification\",\"valueRequired\":true,\"valueName\":\"search_term_string\"}}],\"inLanguage\":\"es\"},{\"@type\":\"Organization\",\"@id\":\"https:\/\/www.mwm.net\/es\/#organization\",\"name\":\"Caterpillar Energy Solutions GmbH\",\"url\":\"https:\/\/www.mwm.net\/es\/\",\"logo\":{\"@type\":\"ImageObject\",\"inLanguage\":\"es\",\"@id\":\"https:\/\/www.mwm.net\/es\/#\/schema\/logo\/image\/\",\"url\":\"https:\/\/www.mwm.net\/wp-content\/uploads\/2022\/02\/logo2.jpg\",\"contentUrl\":\"https:\/\/www.mwm.net\/wp-content\/uploads\/2022\/02\/logo2.jpg\",\"width\":260,\"height\":142,\"caption\":\"Caterpillar Energy Solutions GmbH\"},\"image\":{\"@id\":\"https:\/\/www.mwm.net\/es\/#\/schema\/logo\/image\/\"}}]}<\/script>\n<!-- \/ Yoast SEO Premium plugin. -->","yoast_head_json":{"title":"Referencias","description":"References from MWM, One of the world's leading providers of highly efficient, eco-friendly plants for decentralized energy generation.","robots":{"index":"index","follow":"follow","max-snippet":"max-snippet:-1","max-image-preview":"max-image-preview:large","max-video-preview":"max-video-preview:-1"},"canonical":"https:\/\/www.mwm.net\/es\/aplicaciones-de-gas\/referencias\/","og_locale":"es_ES","og_type":"article","og_title":"Casos internacionales MWM","og_description":"References from MWM, One of the world's leading providers of highly efficient, eco-friendly plants for decentralized energy generation.","og_url":"https:\/\/www.mwm.net\/es\/aplicaciones-de-gas\/referencias\/","og_site_name":"MWM","article_modified_time":"2025-01-06T13:44:03+00:00","og_image":[{"width":371,"height":248,"url":"https:\/\/www.mwm.net\/wp-content\/uploads\/2021\/04\/0892-2-referenzen-blockheizkraftwe-371x248-3f910.jpg","type":"image\/jpeg"}],"twitter_card":"summary_large_image","twitter_misc":{"Tiempo de lectura":"1 minuto"},"schema":{"@context":"https:\/\/schema.org","@graph":[{"@type":"WebPage","@id":"https:\/\/www.mwm.net\/es\/aplicaciones-de-gas\/referencias\/","url":"https:\/\/www.mwm.net\/es\/aplicaciones-de-gas\/referencias\/","name":"Referencias","isPartOf":{"@id":"https:\/\/www.mwm.net\/es\/#website"},"primaryImageOfPage":{"@id":"https:\/\/www.mwm.net\/es\/aplicaciones-de-gas\/referencias\/#primaryimage"},"image":{"@id":"https:\/\/www.mwm.net\/es\/aplicaciones-de-gas\/referencias\/#primaryimage"},"thumbnailUrl":"https:\/\/www.mwm.net\/wp-content\/uploads\/2021\/04\/0892-2-referenzen-blockheizkraftwe-371x248-3f910.jpg","datePublished":"2021-03-25T18:25:24+00:00","dateModified":"2025-01-06T13:44:03+00:00","description":"References from MWM, One of the world's leading providers of highly efficient, eco-friendly plants for decentralized energy generation.","breadcrumb":{"@id":"https:\/\/www.mwm.net\/es\/aplicaciones-de-gas\/referencias\/#breadcrumb"},"inLanguage":"es","potentialAction":[{"@type":"ReadAction","target":["https:\/\/www.mwm.net\/es\/aplicaciones-de-gas\/referencias\/"]}]},{"@type":"ImageObject","inLanguage":"es","@id":"https:\/\/www.mwm.net\/es\/aplicaciones-de-gas\/referencias\/#primaryimage","url":"https:\/\/www.mwm.net\/wp-content\/uploads\/2021\/04\/0892-2-referenzen-blockheizkraftwe-371x248-3f910.jpg","contentUrl":"https:\/\/www.mwm.net\/wp-content\/uploads\/2021\/04\/0892-2-referenzen-blockheizkraftwe-371x248-3f910.jpg","width":371,"height":248},{"@type":"BreadcrumbList","@id":"https:\/\/www.mwm.net\/es\/aplicaciones-de-gas\/referencias\/#breadcrumb","itemListElement":[{"@type":"ListItem","position":1,"name":"Home","item":"https:\/\/www.mwm.net\/es\/"},{"@type":"ListItem","position":2,"name":"Aplicaciones de gas","item":"https:\/\/www.mwm.net\/es\/aplicaciones-de-gas\/"},{"@type":"ListItem","position":3,"name":"Casos internacionales MWM"}]},{"@type":"WebSite","@id":"https:\/\/www.mwm.net\/es\/#website","url":"https:\/\/www.mwm.net\/es\/","name":"MWM","description":"","publisher":{"@id":"https:\/\/www.mwm.net\/es\/#organization"},"potentialAction":[{"@type":"SearchAction","target":{"@type":"EntryPoint","urlTemplate":"https:\/\/www.mwm.net\/es\/?s={search_term_string}"},"query-input":{"@type":"PropertyValueSpecification","valueRequired":true,"valueName":"search_term_string"}}],"inLanguage":"es"},{"@type":"Organization","@id":"https:\/\/www.mwm.net\/es\/#organization","name":"Caterpillar Energy Solutions GmbH","url":"https:\/\/www.mwm.net\/es\/","logo":{"@type":"ImageObject","inLanguage":"es","@id":"https:\/\/www.mwm.net\/es\/#\/schema\/logo\/image\/","url":"https:\/\/www.mwm.net\/wp-content\/uploads\/2022\/02\/logo2.jpg","contentUrl":"https:\/\/www.mwm.net\/wp-content\/uploads\/2022\/02\/logo2.jpg","width":260,"height":142,"caption":"Caterpillar Energy Solutions GmbH"},"image":{"@id":"https:\/\/www.mwm.net\/es\/#\/schema\/logo\/image\/"}}]}},"_links":{"self":[{"href":"https:\/\/www.mwm.net\/es\/wp-json\/wp\/v2\/pages\/104985","targetHints":{"allow":["GET"]}}],"collection":[{"href":"https:\/\/www.mwm.net\/es\/wp-json\/wp\/v2\/pages"}],"about":[{"href":"https:\/\/www.mwm.net\/es\/wp-json\/wp\/v2\/types\/page"}],"author":[{"embeddable":true,"href":"https:\/\/www.mwm.net\/es\/wp-json\/wp\/v2\/users\/1"}],"replies":[{"embeddable":true,"href":"https:\/\/www.mwm.net\/es\/wp-json\/wp\/v2\/comments?post=104985"}],"version-history":[{"count":5,"href":"https:\/\/www.mwm.net\/es\/wp-json\/wp\/v2\/pages\/104985\/revisions"}],"predecessor-version":[{"id":107197,"href":"https:\/\/www.mwm.net\/es\/wp-json\/wp\/v2\/pages\/104985\/revisions\/107197"}],"up":[{"embeddable":true,"href":"https:\/\/www.mwm.net\/es\/wp-json\/wp\/v2\/pages\/103087"}],"wp:featuredmedia":[{"embeddable":true,"href":"https:\/\/www.mwm.net\/es\/wp-json\/wp\/v2\/media\/103096"}],"wp:attachment":[{"href":"https:\/\/www.mwm.net\/es\/wp-json\/wp\/v2\/media?parent=104985"}],"wp:term":[{"taxonomy":"post_tag","embeddable":true,"href":"https:\/\/www.mwm.net\/es\/wp-json\/wp\/v2\/tags?post=104985"}],"curies":[{"name":"wp","href":"https:\/\/api.w.org\/{rel}","templated":true}]}}