{"id":104992,"date":"2021-03-25T18:33:45","date_gmt":"2021-03-25T18:33:45","guid":{"rendered":"https:\/\/www.mwm.net\/servicios\/customer-service\/"},"modified":"2025-02-05T16:16:30","modified_gmt":"2025-02-05T14:16:30","slug":"atencion-al-cliente","status":"publish","type":"page","link":"https:\/\/www.mwm.net\/es\/servicios\/atencion-al-cliente\/","title":{"rendered":"Atenci\u00f3n al cliente"},"content":{"rendered":"<div class=\"patch-content\">\n<h2 class=\"subheadline\">Muchos a\u00f1os de experiencia garantizan la m\u00e1xima disponibilidad.<\/h2>\n<p>La marca MWM cuenta con m\u00e1s de 150 a\u00f1os de experiencia en la producci\u00f3n de <a href=\"https:\/\/www.mwm.net\/es\/motores-de-gas-grupos-electrogenos\/\" target=\"_blank\" rel=\"noopener\">motores de gas<\/a> y plantas para el suministro de energ\u00eda descentralizada (<a href=\"https:\/\/www.mwm.net\/es\/plantas-de-energia-distribuida\/\" target=\"_blank\" rel=\"noopener\">plantas de cogeneraci\u00f3n<\/a>). Y hasta hoy en d\u00eda, hay un factor escencial para la eficiencia: la disponibilidad. Por esto, MWM no solo es sin\u00f3nimo de grupos electr\u00f3genos y plantas de alta calidad, sino que tambi\u00e9n se caracteriza por conceptos de servicio avanzados. MWM es un socio fiable que siempre est\u00e1 dispuesto a ofrecer a sus clientes un servicio de soporte competente.<\/p>\n<h2>MWM Servicio MWM: competencia y proximidad al cliente<\/h2>\n<p>Disponemos de una amplia gama de servicios especialmente dise\u00f1ados para las plantas MWM las 24 horas del d\u00eda. El contacto regional aclarar\u00e1 todas las preguntas necesarias en la primera llamada. MWM asume el control de todo el proceso.<\/p>\n<h2>Soporte inmediato mediante diagn\u00f3stico remoto<\/h2>\n<p>El portal en l\u00ednea de MWM garantiza asistencia directa y un diagn\u00f3stico r\u00e1pido las 24 horas del d\u00eda. Basta con una llamada telef\u00f3nica para solicitar a los especialistas de MWM que analicen la planta en cuesti\u00f3n a trav\u00e9s de una conexi\u00f3n de datos remota. El diagn\u00f3stico a distancia por ordenador de su motor de gas y la parametrizaci\u00f3n remota aseguran una disponibilidad \u00f3ptima.<\/p>\n<h3>Aqu\u00ed encuentra la organizaci\u00f3n de servicio responsable:<\/h3>\n<ul>\n<li><a href=\"https:\/\/www.mwm.net\/es\/ubicaciones\/?continent_id=199&#038;country_id=341&#038;partner_type=207&#038;zipcode=\">MWM Service-Center en Alemania<\/a><br \/>\n(Para centros en otros pa\u00edses seleccione <strong>continente<\/strong> y luego <strong>pa\u00eds<\/strong> en la p\u00e1gina siguiente)<\/li>\n<\/ul>\n<\/div>\n<div class=\"patch-content\">\n<h2 class=\"subheadline\">Tutoriales de servicio MWM<\/h2>\n<div class=\"issue-image-section\">\n<div class=\"image-issuu\"><a href=\"https:\/\/issuu.com\/mwm_energy\/docs\/mwm_segmentbrochure_service_en?fr=sZDYxZTY0MDY1NTY\" target=\"_blank\" rel=\"noopener\"><br \/>\n                        <img decoding=\"async\" title=\"Folleto en issuu.com.com\" src=\"\/files\/upload\/image\/9369_48_MWM_Service_EN.jpg\" alt=\"Folleto en issuu.com.com\" \/><br \/>\n                    <\/a><\/div>\n<div class=\"right-issuu\">\n<p>                    Haga clic en este folleto para acceder a la plataforma de publicaci\u00f3n digital issuu.com Este sitio web se rige por la <a href=\"https:\/\/issuu.com\/legal\/privacy\" target=\"_blank\" rel=\"noopener nofollow\">Pol\u00edtica de privacidad de issuu<\/a>.<\/p><\/div>\n<\/p><\/div>\n<p>            Todos los idiomas en issuu: <a title=\"MWM Servicio Folleto en issuu.com (DE)\" href=\"https:\/\/issuu.com\/mwm_energy\/docs\/mwm_segmentbroschuere_service_de?fr=sNGExZjY0MDY1NTY\" target=\"_blank\" rel=\"noopener\">DE<\/a> | <a title=\"MWM Servicio Folleto en issuu.com (EN)\" href=\"https:\/\/issuu.com\/mwm_energy\/docs\/mwm_segmentbrochure_service_en?fr=sZDYxZTY0MDY1NTY\" target=\"_blank\" rel=\"noopener\">EN<\/a> | <a title=\"MWM Servicio Folleto en issuu.com (FR)\" href=\"https:\/\/issuu.com\/mwm_energy\/docs\/namebca904?fr=sNGU1MTY0MDY1NTY\" target=\"_blank\" rel=\"noopener\">FR<\/a><br \/>\n            Descargar PDF: <a title=\"Descargar MWM Servicio Folleto (DE)\" href=\"https:\/\/www.mwm.net\/files\/upload\/mwm\/issuu\/CES23019-Update-Service-Segmentbroschuere_210x297mm_1_0_RZ_sm_screen.pdf\" target=\"_blank\" rel=\"noopener\">DE<\/a> | <a title=\"Descargar MWM Servicio Folleto (EN)\" href=\"\/files\/upload\/mwm\/issuu\/mwm_segmentbrochure_service_en.pdf\" target=\"_blank\" rel=\"noopener\">EN<\/a> | <a title=\"Descargar MWM Servicio Folleto (FR)\" href=\"https:\/\/www.mwm.net\/files\/upload\/mwm\/issuu\/mwm_segmentbroschuere_service_fr.pdf\" target=\"_blank\" rel=\"noopener\">FR<\/a><\/p>\n<\/div>\n<div class=\"pro_grphc\">\n<div class=\"cntct_rght\"><a href=\"https:\/\/www.mwm.net\/es\/contacto\/contacto-general\/\">SERVICIO DE CONTACTO <strong>HAGA CLIC AQU\u00cd<\/strong><\/a><\/div>\n<\/div>\n","protected":false},"excerpt":{"rendered":"<p>El portal en l\u00ednea de MWM garantiza asistencia directa y un diagn\u00f3stico r\u00e1pido las 24 horas del d\u00eda.<\/p>\n","protected":false},"author":1,"featured_media":103101,"parent":103099,"menu_order":0,"comment_status":"closed","ping_status":"closed","template":"page-sidebar-template.php","meta":{"_acf_changed":false,"footnotes":""},"tags":[],"class_list":["post-104992","page","type-page","status-publish","has-post-thumbnail","hentry"],"acf":[],"yoast_head":"<!-- This site is optimized with the Yoast SEO Premium plugin v27.2 (Yoast SEO v27.2) - https:\/\/yoast.com\/product\/yoast-seo-premium-wordpress\/ -->\n<title>Servicio de atenci\u00f3n al cliente<\/title>\n<meta name=\"description\" content=\"El portal en l\u00ednea de MWM garantiza asistencia directa y un diagn\u00f3stico r\u00e1pido las 24 horas del d\u00eda.\" \/>\n<meta name=\"robots\" content=\"index, follow, max-snippet:-1, max-image-preview:large, max-video-preview:-1\" \/>\n<link rel=\"canonical\" href=\"https:\/\/www.mwm.net\/es\/servicios\/atencion-al-cliente\/\" \/>\n<meta property=\"og:locale\" content=\"es_ES\" \/>\n<meta property=\"og:type\" content=\"article\" \/>\n<meta property=\"og:title\" content=\"Atenci\u00f3n al cliente\" \/>\n<meta property=\"og:description\" content=\"El portal en l\u00ednea de MWM garantiza asistencia directa y un diagn\u00f3stico r\u00e1pido las 24 horas del d\u00eda.\" \/>\n<meta property=\"og:url\" content=\"https:\/\/www.mwm.net\/es\/servicios\/atencion-al-cliente\/\" \/>\n<meta property=\"og:site_name\" content=\"MWM\" \/>\n<meta property=\"article:modified_time\" content=\"2025-02-05T14:16:30+00:00\" \/>\n<meta property=\"og:image\" content=\"https:\/\/www.mwm.net\/wp-content\/uploads\/2021\/04\/customer-service_800.jpg\" \/>\n\t<meta property=\"og:image:width\" content=\"800\" \/>\n\t<meta property=\"og:image:height\" content=\"600\" \/>\n\t<meta property=\"og:image:type\" content=\"image\/jpeg\" \/>\n<meta name=\"twitter:card\" content=\"summary_large_image\" \/>\n<meta name=\"twitter:label1\" content=\"Tiempo de lectura\" \/>\n\t<meta name=\"twitter:data1\" content=\"2 minutos\" \/>\n<script type=\"application\/ld+json\" class=\"yoast-schema-graph\">{\"@context\":\"https:\/\/schema.org\",\"@graph\":[{\"@type\":\"WebPage\",\"@id\":\"https:\/\/www.mwm.net\/es\/servicios\/atencion-al-cliente\/\",\"url\":\"https:\/\/www.mwm.net\/es\/servicios\/atencion-al-cliente\/\",\"name\":\"Servicio de atenci\u00f3n al cliente\",\"isPartOf\":{\"@id\":\"https:\/\/www.mwm.net\/es\/#website\"},\"primaryImageOfPage\":{\"@id\":\"https:\/\/www.mwm.net\/es\/servicios\/atencion-al-cliente\/#primaryimage\"},\"image\":{\"@id\":\"https:\/\/www.mwm.net\/es\/servicios\/atencion-al-cliente\/#primaryimage\"},\"thumbnailUrl\":\"https:\/\/www.mwm.net\/wp-content\/uploads\/2021\/04\/customer-service_800.jpg\",\"datePublished\":\"2021-03-25T18:33:45+00:00\",\"dateModified\":\"2025-02-05T14:16:30+00:00\",\"description\":\"El portal en l\u00ednea de MWM garantiza asistencia directa y un diagn\u00f3stico r\u00e1pido las 24 horas del d\u00eda.\",\"breadcrumb\":{\"@id\":\"https:\/\/www.mwm.net\/es\/servicios\/atencion-al-cliente\/#breadcrumb\"},\"inLanguage\":\"es\",\"potentialAction\":[{\"@type\":\"ReadAction\",\"target\":[\"https:\/\/www.mwm.net\/es\/servicios\/atencion-al-cliente\/\"]}]},{\"@type\":\"ImageObject\",\"inLanguage\":\"es\",\"@id\":\"https:\/\/www.mwm.net\/es\/servicios\/atencion-al-cliente\/#primaryimage\",\"url\":\"https:\/\/www.mwm.net\/wp-content\/uploads\/2021\/04\/customer-service_800.jpg\",\"contentUrl\":\"https:\/\/www.mwm.net\/wp-content\/uploads\/2021\/04\/customer-service_800.jpg\",\"width\":800,\"height\":600},{\"@type\":\"BreadcrumbList\",\"@id\":\"https:\/\/www.mwm.net\/es\/servicios\/atencion-al-cliente\/#breadcrumb\",\"itemListElement\":[{\"@type\":\"ListItem\",\"position\":1,\"name\":\"Home\",\"item\":\"https:\/\/www.mwm.net\/es\/\"},{\"@type\":\"ListItem\",\"position\":2,\"name\":\"Servicios\",\"item\":\"https:\/\/www.mwm.net\/es\/servicios\/\"},{\"@type\":\"ListItem\",\"position\":3,\"name\":\"Atenci\u00f3n al cliente\"}]},{\"@type\":\"WebSite\",\"@id\":\"https:\/\/www.mwm.net\/es\/#website\",\"url\":\"https:\/\/www.mwm.net\/es\/\",\"name\":\"MWM\",\"description\":\"\",\"publisher\":{\"@id\":\"https:\/\/www.mwm.net\/es\/#organization\"},\"potentialAction\":[{\"@type\":\"SearchAction\",\"target\":{\"@type\":\"EntryPoint\",\"urlTemplate\":\"https:\/\/www.mwm.net\/es\/?s={search_term_string}\"},\"query-input\":{\"@type\":\"PropertyValueSpecification\",\"valueRequired\":true,\"valueName\":\"search_term_string\"}}],\"inLanguage\":\"es\"},{\"@type\":\"Organization\",\"@id\":\"https:\/\/www.mwm.net\/es\/#organization\",\"name\":\"Caterpillar Energy Solutions GmbH\",\"url\":\"https:\/\/www.mwm.net\/es\/\",\"logo\":{\"@type\":\"ImageObject\",\"inLanguage\":\"es\",\"@id\":\"https:\/\/www.mwm.net\/es\/#\/schema\/logo\/image\/\",\"url\":\"https:\/\/www.mwm.net\/wp-content\/uploads\/2022\/02\/logo2.jpg\",\"contentUrl\":\"https:\/\/www.mwm.net\/wp-content\/uploads\/2022\/02\/logo2.jpg\",\"width\":260,\"height\":142,\"caption\":\"Caterpillar Energy Solutions GmbH\"},\"image\":{\"@id\":\"https:\/\/www.mwm.net\/es\/#\/schema\/logo\/image\/\"}}]}<\/script>\n<!-- \/ Yoast SEO Premium plugin. -->","yoast_head_json":{"title":"Servicio de atenci\u00f3n al cliente","description":"El portal en l\u00ednea de MWM garantiza asistencia directa y un diagn\u00f3stico r\u00e1pido las 24 horas del d\u00eda.","robots":{"index":"index","follow":"follow","max-snippet":"max-snippet:-1","max-image-preview":"max-image-preview:large","max-video-preview":"max-video-preview:-1"},"canonical":"https:\/\/www.mwm.net\/es\/servicios\/atencion-al-cliente\/","og_locale":"es_ES","og_type":"article","og_title":"Atenci\u00f3n al cliente","og_description":"El portal en l\u00ednea de MWM garantiza asistencia directa y un diagn\u00f3stico r\u00e1pido las 24 horas del d\u00eda.","og_url":"https:\/\/www.mwm.net\/es\/servicios\/atencion-al-cliente\/","og_site_name":"MWM","article_modified_time":"2025-02-05T14:16:30+00:00","og_image":[{"width":800,"height":600,"url":"https:\/\/www.mwm.net\/wp-content\/uploads\/2021\/04\/customer-service_800.jpg","type":"image\/jpeg"}],"twitter_card":"summary_large_image","twitter_misc":{"Tiempo de lectura":"2 minutos"},"schema":{"@context":"https:\/\/schema.org","@graph":[{"@type":"WebPage","@id":"https:\/\/www.mwm.net\/es\/servicios\/atencion-al-cliente\/","url":"https:\/\/www.mwm.net\/es\/servicios\/atencion-al-cliente\/","name":"Servicio de atenci\u00f3n al cliente","isPartOf":{"@id":"https:\/\/www.mwm.net\/es\/#website"},"primaryImageOfPage":{"@id":"https:\/\/www.mwm.net\/es\/servicios\/atencion-al-cliente\/#primaryimage"},"image":{"@id":"https:\/\/www.mwm.net\/es\/servicios\/atencion-al-cliente\/#primaryimage"},"thumbnailUrl":"https:\/\/www.mwm.net\/wp-content\/uploads\/2021\/04\/customer-service_800.jpg","datePublished":"2021-03-25T18:33:45+00:00","dateModified":"2025-02-05T14:16:30+00:00","description":"El portal en l\u00ednea de MWM garantiza asistencia directa y un diagn\u00f3stico r\u00e1pido las 24 horas del d\u00eda.","breadcrumb":{"@id":"https:\/\/www.mwm.net\/es\/servicios\/atencion-al-cliente\/#breadcrumb"},"inLanguage":"es","potentialAction":[{"@type":"ReadAction","target":["https:\/\/www.mwm.net\/es\/servicios\/atencion-al-cliente\/"]}]},{"@type":"ImageObject","inLanguage":"es","@id":"https:\/\/www.mwm.net\/es\/servicios\/atencion-al-cliente\/#primaryimage","url":"https:\/\/www.mwm.net\/wp-content\/uploads\/2021\/04\/customer-service_800.jpg","contentUrl":"https:\/\/www.mwm.net\/wp-content\/uploads\/2021\/04\/customer-service_800.jpg","width":800,"height":600},{"@type":"BreadcrumbList","@id":"https:\/\/www.mwm.net\/es\/servicios\/atencion-al-cliente\/#breadcrumb","itemListElement":[{"@type":"ListItem","position":1,"name":"Home","item":"https:\/\/www.mwm.net\/es\/"},{"@type":"ListItem","position":2,"name":"Servicios","item":"https:\/\/www.mwm.net\/es\/servicios\/"},{"@type":"ListItem","position":3,"name":"Atenci\u00f3n al cliente"}]},{"@type":"WebSite","@id":"https:\/\/www.mwm.net\/es\/#website","url":"https:\/\/www.mwm.net\/es\/","name":"MWM","description":"","publisher":{"@id":"https:\/\/www.mwm.net\/es\/#organization"},"potentialAction":[{"@type":"SearchAction","target":{"@type":"EntryPoint","urlTemplate":"https:\/\/www.mwm.net\/es\/?s={search_term_string}"},"query-input":{"@type":"PropertyValueSpecification","valueRequired":true,"valueName":"search_term_string"}}],"inLanguage":"es"},{"@type":"Organization","@id":"https:\/\/www.mwm.net\/es\/#organization","name":"Caterpillar Energy Solutions GmbH","url":"https:\/\/www.mwm.net\/es\/","logo":{"@type":"ImageObject","inLanguage":"es","@id":"https:\/\/www.mwm.net\/es\/#\/schema\/logo\/image\/","url":"https:\/\/www.mwm.net\/wp-content\/uploads\/2022\/02\/logo2.jpg","contentUrl":"https:\/\/www.mwm.net\/wp-content\/uploads\/2022\/02\/logo2.jpg","width":260,"height":142,"caption":"Caterpillar Energy Solutions GmbH"},"image":{"@id":"https:\/\/www.mwm.net\/es\/#\/schema\/logo\/image\/"}}]}},"_links":{"self":[{"href":"https:\/\/www.mwm.net\/es\/wp-json\/wp\/v2\/pages\/104992","targetHints":{"allow":["GET"]}}],"collection":[{"href":"https:\/\/www.mwm.net\/es\/wp-json\/wp\/v2\/pages"}],"about":[{"href":"https:\/\/www.mwm.net\/es\/wp-json\/wp\/v2\/types\/page"}],"author":[{"embeddable":true,"href":"https:\/\/www.mwm.net\/es\/wp-json\/wp\/v2\/users\/1"}],"replies":[{"embeddable":true,"href":"https:\/\/www.mwm.net\/es\/wp-json\/wp\/v2\/comments?post=104992"}],"version-history":[{"count":4,"href":"https:\/\/www.mwm.net\/es\/wp-json\/wp\/v2\/pages\/104992\/revisions"}],"predecessor-version":[{"id":107753,"href":"https:\/\/www.mwm.net\/es\/wp-json\/wp\/v2\/pages\/104992\/revisions\/107753"}],"up":[{"embeddable":true,"href":"https:\/\/www.mwm.net\/es\/wp-json\/wp\/v2\/pages\/103099"}],"wp:featuredmedia":[{"embeddable":true,"href":"https:\/\/www.mwm.net\/es\/wp-json\/wp\/v2\/media\/103101"}],"wp:attachment":[{"href":"https:\/\/www.mwm.net\/es\/wp-json\/wp\/v2\/media?parent=104992"}],"wp:term":[{"taxonomy":"post_tag","embeddable":true,"href":"https:\/\/www.mwm.net\/es\/wp-json\/wp\/v2\/tags?post=104992"}],"curies":[{"name":"wp","href":"https:\/\/api.w.org\/{rel}","templated":true}]}}