{"id":104994,"date":"2021-03-25T18:34:23","date_gmt":"2021-03-25T18:34:23","guid":{"rendered":"https:\/\/www.mwm.net\/servicios\/x-change\/"},"modified":"2025-02-05T16:33:35","modified_gmt":"2025-02-05T14:33:35","slug":"x-change-es","status":"publish","type":"page","link":"https:\/\/www.mwm.net\/es\/servicios\/x-change-es\/","title":{"rendered":"X-Change"},"content":{"rendered":"<div class=\"patch-content\">\n<h2 class=\"subheadline\">X-Change: Piezas de repuesto reacondicionadas en f\u00e1brica<\/h2>\n<p>X-Change, el programa de sustituci\u00f3n de piezas para motores de gas MWM es una alternativa econ\u00f3mica al mantenimiento in situ. Gracias a nuestra experiencia en f\u00e1brica, ofrecemos motores desmontados, culatas y otras piezas de repuesto reacondicionadas en poco tiempo. Nuestros clientes se benefician de la calidad del fabricante de los componentes de repuesto. El suministro de las piezas necesarias minimiza los tiempos de inactividad y la recuperaci\u00f3n de piezas antiguas completa el ciclo de uso y ahorra recursos.<\/p>\n<h2>Servicios MWM: competencia y proximidad al cliente<\/h2>\n<p>Disponemos de una amplia gama de servicios especialmente dise\u00f1ados para las plantas MWM las 24 horas del d\u00eda. El contacto regional aclarar\u00e1 todas las preguntas necesarias en la primera llamada. MWM asume el control de todo el proceso.<\/p>\n<h2>Soporte inmediato mediante diagn\u00f3stico remoto<\/h2>\n<p>El portal en l\u00ednea de MWM garantiza asistencia directa y un diagn\u00f3stico r\u00e1pido las 24 horas del d\u00eda. Basta con una llamada telef\u00f3nica para solicitar a los especialistas de MWM que analicen la planta en cuesti\u00f3n a trav\u00e9s de una conexi\u00f3n de datos remota. El diagn\u00f3stico a distancia por ordenador de su motor de gas y la parametrizaci\u00f3n remota garantizan una disponibilidad \u00f3ptima.<\/p>\n<h3>Aqu\u00ed encuentra la organizaci\u00f3n de servicio responsable:<\/h3>\n<ul>\n<li><a href=\"https:\/\/www.mwm.net\/es\/ubicaciones\/\">MWM Service-Center en Alemania<\/a><br \/>\n(Para otras ubicaciones, seleccione continente y luego pa\u00eds en la p\u00e1gina siguiente)<\/li>\n<\/ul>\n<\/div>\n<div class=\"patch-content\">\n<h2 class=\"subheadline\">Folletos de servicios de MWM<\/h2>\n<h3>Grupos electr\u00f3genos MWM X-Change<\/h3>\n<p>\u00bfTiene que realizar el mantenimiento E70 de su motor? Con las unidades de intercambio X-Change de MWM completamente reacondicionadas, ahora tiene la oportunidad de volver a poner su sistema en funcionamiento en muy poco tiempo y volver a generar beneficios lo antes posible Para ello, le ofrecemos grupos electr\u00f3genos usados de \u00faltima generaci\u00f3n con piezas originales y una garant\u00eda de 12 meses.<\/p>\n<div class=\"issue-image-section\">\n<div class=\"image-issuu\"><a href=\"https:\/\/issuu.com\/mwm_energy\/docs\/ces21001_flyer_austauschagregate_flyer_es_rz_web?fr=sNWYzMzY0MDY1NTY\" target=\"_blank\" rel=\"noopener\"><br \/>\n                        <img decoding=\"async\" title=\"Folleto en issuu.com\" src=\"\/files\/upload\/image\/CES21001_Flyer_Austauschagregate_flyer_ES_thumbnail.jpg\" \/><br \/>\n                    <\/a><\/div>\n<div class=\"right-issuu\">\n<p>                    Haga clic en este folleto para acceder a la plataforma de publicaci\u00f3n digital issuu.com Este sitio web se rige por la <a href=\"https:\/\/issuu.com\/legal\/privacy\" target=\"_blank\" rel=\"noopener nofollow\">Pol\u00edtica de privacidad de issuu<\/a>.<\/p><\/div>\n<\/p><\/div>\n<p>            Todos los idiomas en issuu: <a href=\"https:\/\/issuu.com\/mwm_energy\/docs\/ces21001_flyer_austauschagregate_rz_flyer_web?fr=sZmM4MjY0MDY1NTY\" target=\"_blank\" rel=\"noopener\" title=\"MWM Folleto X-Change (DE) en issuu.com\">DE<\/a> | <a href=\"https:\/\/issuu.com\/mwm_energy\/docs\/ces21001_flyer_austauschagregate_flyer_en_rz_web?fr=sZGQzMTY0MDY1NTY\" rel=\"noopener\" target=\"_blank\">EN<\/a> | <a href=\"https:\/\/issuu.com\/mwm_energy\/docs\/ces21001_flyer_austauschagregate_flyer_nl_rz_web?fr=sNWMyZDY0MDY1NTY\" target=\"_blank\" rel=\"noopener\" title=\"MWM Folleto X-Change (NL) en issuu.com\">NL<\/a> | <a href=\"https:\/\/issuu.com\/mwm_energy\/docs\/ces21001_flyer_austauschagregate_flyer_es_rz_web?fr=sNWYzMzY0MDY1NTY\" target=\"_blank\" rel=\"noopener\" title=\"MWM Folleto X-Change (ES) en issuu.com\">ES<\/a> | <a href=\"https:\/\/issuu.com\/mwm_energy\/docs\/ces21001_flyer_austauschagregate_flyer_fr_rz_web?fr=sOGFhOTY0MDY1NTY\" target=\"_blank\" rel=\"noopener\" title=\"MWM Folleto X-Change (FR) en issuu.com\">FR<\/a><br \/>\n            Descargar PDF: <a href=\"https:\/\/www.mwm.net\/files\/upload\/mwm\/issuu\/CES21001_Flyer_Austauschagregate_RZ_flyer_004_screen.pdf\" target=\"_blank\" rel=\"noopener\" title=\"Descargar MWM Folleto X-Change (DE)\">DE<\/a> | <a href=\"https:\/\/www.mwm.net\/files\/upload\/mwm\/issuu\/CES21001_Flyer_Austauschagregate_flyer_EN_RZ_web.pdf\" rel=\"noopener\" target=\"_blank\" title=\"Descargar MWM Folleto X-Change (EN)\">EN<\/a> | <a href=\"https:\/\/www.mwm.net\/files\/upload\/mwm\/issuu\/CES21001_Flyer_Austauschagregate_flyer_NL_RZ_web.pdf\" target=\"_blank\" rel=\"noopener\" title=\"Descargar MWM Folleto X-Change (NL)\">NL<\/a> | <a href=\"https:\/\/www.mwm.net\/files\/upload\/mwm\/issuu\/CES21001_Flyer_Austauschagregate_flyer_ES_RZ_web.pdf\" target=\"_blank\" rel=\"noopener\" title=\"Descargar MWM Folleto X-Change (ES)\">ES<\/a> | <a href=\"https:\/\/www.mwm.net\/files\/upload\/mwm\/issuu\/CES21001_Flyer_Austauschagregate_flyer_FR_RZ_web.pdf\" target=\"_blank\" rel=\"noopener\" title=\"Descargar MWM Folleto X-Change (FR)\">FR<\/a><\/p>\n<hr class=\"blue\" \/>\n<h3>Folleto de servicios de MWM<\/h3>\n<div class=\"issue-image-section\">\n<div class=\"image-issuu\"><a\n                        href=\"https:\/\/issuu.com\/mwm_energy\/docs\/mwm_segmentbrochure_service_en?fr=sZDYxZTY0MDY1NTY\"\n                        target=\"_blank\" rel=\"noopener\"><br \/>\n                        <img decoding=\"async\" title=\"Folleto en issuu.com.com\" src=\"\/files\/upload\/image\/9369_48_MWM_Service_EN.jpg\"\n                            alt=\"Folleto en issuu.com.com\" \/><br \/>\n                    <\/a><\/div>\n<div class=\"right-issuu\">\n<p>                    Haga clic en este folleto para acceder a la plataforma de publicaci\u00f3n digital issuu.com Este sitio web se rige por la <a href=\"https:\/\/issuu.com\/legal\/privacy\" target=\"_blank\" rel=\"noopener nofollow\">Pol\u00edtica de privacidad de issuu<\/a>.<\/p><\/div>\n<\/p><\/div>\n<p>            Todos los idiomas en issuu: <a title=\"MWM Servicio Folleto en issuu.com (DE)\" href=\"https:\/\/issuu.com\/mwm_energy\/docs\/mwm_segmentbroschuere_service_de?fr=sNGExZjY0MDY1NTY\" target=\"_blank\" rel=\"noopener\">DE<\/a> | <a title=\"MWM Servicio Folleto en issuu.com (EN)\" href=\"https:\/\/issuu.com\/mwm_energy\/docs\/mwm_segmentbrochure_service_en?fr=sZDYxZTY0MDY1NTY\" target=\"_blank\" rel=\"noopener\">EN<\/a> | <a title=\"MWM Servicio Folleto en issuu.com (FR)\" href=\"https:\/\/issuu.com\/mwm_energy\/docs\/namebca904?fr=sNGU1MTY0MDY1NTY\" target=\"_blank\" rel=\"noopener\">FR<\/a><br \/>\n            Descargar PDF: <a title=\"Descargar MWM Servicio Folleto (DE)\" href=\"https:\/\/www.mwm.net\/files\/upload\/mwm\/issuu\/CES23019-Update-Service-Segmentbroschuere_210x297mm_1_0_RZ_sm_screen.pdf\" target=\"_blank\" rel=\"noopener\">DE<\/a> | <a title=\"MWM Gas engines and CHP plant Services\" href=\"\/files\/upload\/mwm\/issuu\/mwm_segmentbrochure_service_en.pdf\" target=\"_blank\" rel=\"noopener\">EN<\/a> | <a title=\"Descargar MWM Servicio Folleto (FR)\" href=\"https:\/\/www.mwm.net\/files\/upload\/mwm\/issuu\/mwm_segmentbroschuere_service_fr.pdf\" target=\"_blank\" rel=\"noopener\">FR<\/a><\/p>\n<\/div>\n<div class=\"pro_grphc\">\n<div class=\"cntct_rght\"><a href=\"https:\/\/www.mwm.net\/es\/contacto\/contacto-general\/\">SERVICIO DE CONTACTO<strong> HAGA CLIC AQU\u00cd<\/strong><\/a><\/div>\n<\/div>\n","protected":false},"excerpt":{"rendered":"<p>El programa de sustituci\u00f3n de piezas X-Change para motores de gas MWM es una alternativa econ\u00f3micamente atractiva al mantenimiento in situ.<\/p>\n","protected":false},"author":1,"featured_media":103102,"parent":103099,"menu_order":0,"comment_status":"closed","ping_status":"closed","template":"page-sidebar-template.php","meta":{"_acf_changed":false,"footnotes":""},"tags":[1451],"class_list":["post-104994","page","type-page","status-publish","has-post-thumbnail","hentry","tag-x-change-es"],"acf":[],"yoast_head":"<!-- This site is optimized with the Yoast SEO Premium plugin v27.2 (Yoast SEO v27.2) - https:\/\/yoast.com\/product\/yoast-seo-premium-wordpress\/ -->\n<title>X-Change<\/title>\n<meta name=\"description\" content=\"El programa de sustituci\u00f3n de piezas X-Change para motores de gas MWM es una alternativa econ\u00f3micamente atractiva al mantenimiento in situ.\" \/>\n<meta name=\"robots\" content=\"index, follow, max-snippet:-1, max-image-preview:large, max-video-preview:-1\" \/>\n<link rel=\"canonical\" href=\"https:\/\/www.mwm.net\/es\/servicios\/x-change-es\/\" \/>\n<meta property=\"og:locale\" content=\"es_ES\" \/>\n<meta property=\"og:type\" content=\"article\" \/>\n<meta property=\"og:title\" content=\"X-Change\" \/>\n<meta property=\"og:description\" content=\"El programa de sustituci\u00f3n de piezas X-Change para motores de gas MWM es una alternativa econ\u00f3micamente atractiva al mantenimiento in situ.\" \/>\n<meta property=\"og:url\" content=\"https:\/\/www.mwm.net\/es\/servicios\/x-change-es\/\" \/>\n<meta property=\"og:site_name\" content=\"MWM\" \/>\n<meta property=\"article:modified_time\" content=\"2025-02-05T14:33:35+00:00\" \/>\n<meta property=\"og:image\" content=\"https:\/\/www.mwm.net\/wp-content\/uploads\/2021\/04\/mwm_Xchange.jpg\" \/>\n\t<meta property=\"og:image:width\" content=\"800\" \/>\n\t<meta property=\"og:image:height\" content=\"600\" \/>\n\t<meta property=\"og:image:type\" content=\"image\/jpeg\" \/>\n<meta name=\"twitter:card\" content=\"summary_large_image\" \/>\n<meta name=\"twitter:label1\" content=\"Tiempo de lectura\" \/>\n\t<meta name=\"twitter:data1\" content=\"3 minutos\" \/>\n<script type=\"application\/ld+json\" class=\"yoast-schema-graph\">{\"@context\":\"https:\/\/schema.org\",\"@graph\":[{\"@type\":\"WebPage\",\"@id\":\"https:\/\/www.mwm.net\/es\/servicios\/x-change-es\/\",\"url\":\"https:\/\/www.mwm.net\/es\/servicios\/x-change-es\/\",\"name\":\"X-Change\",\"isPartOf\":{\"@id\":\"https:\/\/www.mwm.net\/es\/#website\"},\"primaryImageOfPage\":{\"@id\":\"https:\/\/www.mwm.net\/es\/servicios\/x-change-es\/#primaryimage\"},\"image\":{\"@id\":\"https:\/\/www.mwm.net\/es\/servicios\/x-change-es\/#primaryimage\"},\"thumbnailUrl\":\"https:\/\/www.mwm.net\/wp-content\/uploads\/2021\/04\/mwm_Xchange.jpg\",\"datePublished\":\"2021-03-25T18:34:23+00:00\",\"dateModified\":\"2025-02-05T14:33:35+00:00\",\"description\":\"El programa de sustituci\u00f3n de piezas X-Change para motores de gas MWM es una alternativa econ\u00f3micamente atractiva al mantenimiento in situ.\",\"breadcrumb\":{\"@id\":\"https:\/\/www.mwm.net\/es\/servicios\/x-change-es\/#breadcrumb\"},\"inLanguage\":\"es\",\"potentialAction\":[{\"@type\":\"ReadAction\",\"target\":[\"https:\/\/www.mwm.net\/es\/servicios\/x-change-es\/\"]}]},{\"@type\":\"ImageObject\",\"inLanguage\":\"es\",\"@id\":\"https:\/\/www.mwm.net\/es\/servicios\/x-change-es\/#primaryimage\",\"url\":\"https:\/\/www.mwm.net\/wp-content\/uploads\/2021\/04\/mwm_Xchange.jpg\",\"contentUrl\":\"https:\/\/www.mwm.net\/wp-content\/uploads\/2021\/04\/mwm_Xchange.jpg\",\"width\":800,\"height\":600},{\"@type\":\"BreadcrumbList\",\"@id\":\"https:\/\/www.mwm.net\/es\/servicios\/x-change-es\/#breadcrumb\",\"itemListElement\":[{\"@type\":\"ListItem\",\"position\":1,\"name\":\"Home\",\"item\":\"https:\/\/www.mwm.net\/es\/\"},{\"@type\":\"ListItem\",\"position\":2,\"name\":\"Servicios\",\"item\":\"https:\/\/www.mwm.net\/es\/servicios\/\"},{\"@type\":\"ListItem\",\"position\":3,\"name\":\"X-Change\"}]},{\"@type\":\"WebSite\",\"@id\":\"https:\/\/www.mwm.net\/es\/#website\",\"url\":\"https:\/\/www.mwm.net\/es\/\",\"name\":\"MWM\",\"description\":\"\",\"publisher\":{\"@id\":\"https:\/\/www.mwm.net\/es\/#organization\"},\"potentialAction\":[{\"@type\":\"SearchAction\",\"target\":{\"@type\":\"EntryPoint\",\"urlTemplate\":\"https:\/\/www.mwm.net\/es\/?s={search_term_string}\"},\"query-input\":{\"@type\":\"PropertyValueSpecification\",\"valueRequired\":true,\"valueName\":\"search_term_string\"}}],\"inLanguage\":\"es\"},{\"@type\":\"Organization\",\"@id\":\"https:\/\/www.mwm.net\/es\/#organization\",\"name\":\"Caterpillar Energy Solutions GmbH\",\"url\":\"https:\/\/www.mwm.net\/es\/\",\"logo\":{\"@type\":\"ImageObject\",\"inLanguage\":\"es\",\"@id\":\"https:\/\/www.mwm.net\/es\/#\/schema\/logo\/image\/\",\"url\":\"https:\/\/www.mwm.net\/wp-content\/uploads\/2022\/02\/logo2.jpg\",\"contentUrl\":\"https:\/\/www.mwm.net\/wp-content\/uploads\/2022\/02\/logo2.jpg\",\"width\":260,\"height\":142,\"caption\":\"Caterpillar Energy Solutions GmbH\"},\"image\":{\"@id\":\"https:\/\/www.mwm.net\/es\/#\/schema\/logo\/image\/\"}}]}<\/script>\n<!-- \/ Yoast SEO Premium plugin. -->","yoast_head_json":{"title":"X-Change","description":"El programa de sustituci\u00f3n de piezas X-Change para motores de gas MWM es una alternativa econ\u00f3micamente atractiva al mantenimiento in situ.","robots":{"index":"index","follow":"follow","max-snippet":"max-snippet:-1","max-image-preview":"max-image-preview:large","max-video-preview":"max-video-preview:-1"},"canonical":"https:\/\/www.mwm.net\/es\/servicios\/x-change-es\/","og_locale":"es_ES","og_type":"article","og_title":"X-Change","og_description":"El programa de sustituci\u00f3n de piezas X-Change para motores de gas MWM es una alternativa econ\u00f3micamente atractiva al mantenimiento in situ.","og_url":"https:\/\/www.mwm.net\/es\/servicios\/x-change-es\/","og_site_name":"MWM","article_modified_time":"2025-02-05T14:33:35+00:00","og_image":[{"width":800,"height":600,"url":"https:\/\/www.mwm.net\/wp-content\/uploads\/2021\/04\/mwm_Xchange.jpg","type":"image\/jpeg"}],"twitter_card":"summary_large_image","twitter_misc":{"Tiempo de lectura":"3 minutos"},"schema":{"@context":"https:\/\/schema.org","@graph":[{"@type":"WebPage","@id":"https:\/\/www.mwm.net\/es\/servicios\/x-change-es\/","url":"https:\/\/www.mwm.net\/es\/servicios\/x-change-es\/","name":"X-Change","isPartOf":{"@id":"https:\/\/www.mwm.net\/es\/#website"},"primaryImageOfPage":{"@id":"https:\/\/www.mwm.net\/es\/servicios\/x-change-es\/#primaryimage"},"image":{"@id":"https:\/\/www.mwm.net\/es\/servicios\/x-change-es\/#primaryimage"},"thumbnailUrl":"https:\/\/www.mwm.net\/wp-content\/uploads\/2021\/04\/mwm_Xchange.jpg","datePublished":"2021-03-25T18:34:23+00:00","dateModified":"2025-02-05T14:33:35+00:00","description":"El programa de sustituci\u00f3n de piezas X-Change para motores de gas MWM es una alternativa econ\u00f3micamente atractiva al mantenimiento in situ.","breadcrumb":{"@id":"https:\/\/www.mwm.net\/es\/servicios\/x-change-es\/#breadcrumb"},"inLanguage":"es","potentialAction":[{"@type":"ReadAction","target":["https:\/\/www.mwm.net\/es\/servicios\/x-change-es\/"]}]},{"@type":"ImageObject","inLanguage":"es","@id":"https:\/\/www.mwm.net\/es\/servicios\/x-change-es\/#primaryimage","url":"https:\/\/www.mwm.net\/wp-content\/uploads\/2021\/04\/mwm_Xchange.jpg","contentUrl":"https:\/\/www.mwm.net\/wp-content\/uploads\/2021\/04\/mwm_Xchange.jpg","width":800,"height":600},{"@type":"BreadcrumbList","@id":"https:\/\/www.mwm.net\/es\/servicios\/x-change-es\/#breadcrumb","itemListElement":[{"@type":"ListItem","position":1,"name":"Home","item":"https:\/\/www.mwm.net\/es\/"},{"@type":"ListItem","position":2,"name":"Servicios","item":"https:\/\/www.mwm.net\/es\/servicios\/"},{"@type":"ListItem","position":3,"name":"X-Change"}]},{"@type":"WebSite","@id":"https:\/\/www.mwm.net\/es\/#website","url":"https:\/\/www.mwm.net\/es\/","name":"MWM","description":"","publisher":{"@id":"https:\/\/www.mwm.net\/es\/#organization"},"potentialAction":[{"@type":"SearchAction","target":{"@type":"EntryPoint","urlTemplate":"https:\/\/www.mwm.net\/es\/?s={search_term_string}"},"query-input":{"@type":"PropertyValueSpecification","valueRequired":true,"valueName":"search_term_string"}}],"inLanguage":"es"},{"@type":"Organization","@id":"https:\/\/www.mwm.net\/es\/#organization","name":"Caterpillar Energy Solutions GmbH","url":"https:\/\/www.mwm.net\/es\/","logo":{"@type":"ImageObject","inLanguage":"es","@id":"https:\/\/www.mwm.net\/es\/#\/schema\/logo\/image\/","url":"https:\/\/www.mwm.net\/wp-content\/uploads\/2022\/02\/logo2.jpg","contentUrl":"https:\/\/www.mwm.net\/wp-content\/uploads\/2022\/02\/logo2.jpg","width":260,"height":142,"caption":"Caterpillar Energy Solutions GmbH"},"image":{"@id":"https:\/\/www.mwm.net\/es\/#\/schema\/logo\/image\/"}}]}},"_links":{"self":[{"href":"https:\/\/www.mwm.net\/es\/wp-json\/wp\/v2\/pages\/104994","targetHints":{"allow":["GET"]}}],"collection":[{"href":"https:\/\/www.mwm.net\/es\/wp-json\/wp\/v2\/pages"}],"about":[{"href":"https:\/\/www.mwm.net\/es\/wp-json\/wp\/v2\/types\/page"}],"author":[{"embeddable":true,"href":"https:\/\/www.mwm.net\/es\/wp-json\/wp\/v2\/users\/1"}],"replies":[{"embeddable":true,"href":"https:\/\/www.mwm.net\/es\/wp-json\/wp\/v2\/comments?post=104994"}],"version-history":[{"count":4,"href":"https:\/\/www.mwm.net\/es\/wp-json\/wp\/v2\/pages\/104994\/revisions"}],"predecessor-version":[{"id":107758,"href":"https:\/\/www.mwm.net\/es\/wp-json\/wp\/v2\/pages\/104994\/revisions\/107758"}],"up":[{"embeddable":true,"href":"https:\/\/www.mwm.net\/es\/wp-json\/wp\/v2\/pages\/103099"}],"wp:featuredmedia":[{"embeddable":true,"href":"https:\/\/www.mwm.net\/es\/wp-json\/wp\/v2\/media\/103102"}],"wp:attachment":[{"href":"https:\/\/www.mwm.net\/es\/wp-json\/wp\/v2\/media?parent=104994"}],"wp:term":[{"taxonomy":"post_tag","embeddable":true,"href":"https:\/\/www.mwm.net\/es\/wp-json\/wp\/v2\/tags?post=104994"}],"curies":[{"name":"wp","href":"https:\/\/api.w.org\/{rel}","templated":true}]}}