{"id":104996,"date":"2021-03-25T18:35:08","date_gmt":"2021-03-25T18:35:08","guid":{"rendered":"https:\/\/www.mwm.net\/servicios\/maintenance-and-repair\/"},"modified":"2025-02-12T10:58:13","modified_gmt":"2025-02-12T08:58:13","slug":"mantenimiento-y-reparacion","status":"publish","type":"page","link":"https:\/\/www.mwm.net\/es\/servicios\/mantenimiento-y-reparacion\/","title":{"rendered":"Mantenimiento y reparaci\u00f3n"},"content":{"rendered":"<div class=\"patch-content\">\n<p>MWM asiste a sus clientes durante todo el ciclo de vida de los motores de gas, grupos electr\u00f3genos y plantas de cogeneraci\u00f3n.<\/p>\n<h2>Contratos de servicio<\/h2>\n<p>Consideramos la relaci\u00f3n con nuestros clientes como una cooperaci\u00f3n de servicio a largo plazo y de confianza con el fin de satisfacer las necesidades individuales de los clientes y garantizar el \u00e9xito econ\u00f3mico de las plantas. Los contratos de servicio personalizados garantizan la seguridad de los costos y la planificaci\u00f3n durante todo el periodo de vigencia.<br \/>\nEl mantenimiento regular por parte de MWM contribuye a evitar eficazmente los tiempos de inactividad y asegura la calidad y eficiencia de las plantas.<\/p>\n<h2>Mantenimiento y m\u00e1xima disponibilidad<\/h2>\n<p>Ingenieros altamente cualificados que conocen las plantas hasta el \u00faltimo detalle se encargan del mantenimiento de los grupos electr\u00f3genos y las plantas MWM. Adem\u00e1s, los clientes pueden acceder r\u00e1pidamente a cualquier pieza de repuesto original necesaria para la serie correspondiente. La combinaci\u00f3n de experiencia, disponibilidad y ahorro de tiempo maximiza la eficiencia de la planta.<\/p>\n<h2>M\u00e1ximo beneficio para el operador<\/h2>\n<p>Continuamente se incorporan nuevos desarrollos a las plantas del cliente. La documentaci\u00f3n de servicio personalizada proporciona informaci\u00f3n de primera mano. La base de datos disponible permite identificar con rapidez y precisi\u00f3n el estado de revisi\u00f3n actual del pedido de piezas.<br \/>\nLos trabajos de reparaci\u00f3n y las piezas de repuesto suministradas est\u00e1n sujetos a una garant\u00eda de 12 meses sin l\u00edmite de horas de operaci\u00f3n.<\/p>\n<\/div>\n<div class=\"patch-content\">\n<h2 class=\"subheadline\">Folleto de servicios de MWM<\/h2>\n<div class=\"issue-image-section\">\n<div class=\"image-issuu\"><a\n                        href=\"https:\/\/issuu.com\/mwm_energy\/docs\/mwm_segmentbrochure_service_en?fr=sZDYxZTY0MDY1NTY\"\n                        target=\"_blank\" rel=\"noopener\"><br \/>\n                        <img decoding=\"async\" title=\"Folleto en issuu.com.com\" src=\"\/files\/upload\/image\/9369_48_MWM_Service_EN.jpg\"\n                            alt=\"Folleto en issuu.com.com\" \/><br \/>\n                    <\/a><\/div>\n<div class=\"right-issuu\">\n<p>                    Haga clic en este folleto para acceder a la plataforma de publicaci\u00f3n digital issuu.com Este sitio web se rige por la <a href=\"https:\/\/issuu.com\/legal\/privacy\" target=\"_blank\" rel=\"noopener nofollow\">Pol\u00edtica de privacidad de issuu<\/a>.<\/p><\/div>\n<\/p><\/div>\n<p>            Todos los idiomas en issuu: <a title=\"MWM Servicio Folleto en issuu.com (DE)\" href=\"https:\/\/issuu.com\/mwm_energy\/docs\/mwm_segmentbroschuere_service_de?fr=sNGExZjY0MDY1NTY\" target=\"_blank\" rel=\"noopener\">DE<\/a> | <a title=\"MWM Servicio Folleto en issuu.com (EN)\" href=\"https:\/\/issuu.com\/mwm_energy\/docs\/mwm_segmentbrochure_service_en?fr=sZDYxZTY0MDY1NTY\" target=\"_blank\" rel=\"noopener\">EN<\/a> | <a title=\"MWM Servicio Folleto en issuu.com (FR)\" href=\"https:\/\/issuu.com\/mwm_energy\/docs\/namebca904?fr=sNGU1MTY0MDY1NTY\" target=\"_blank\" rel=\"noopener\">FR<\/a><br \/>\n            Descargar PDF: <a title=\"Descargar MWM Servicio Folleto (DE)\" href=\"https:\/\/www.mwm.net\/files\/upload\/mwm\/issuu\/CES23019-Update-Service-Segmentbroschuere_210x297mm_1_0_RZ_sm_screen.pdf\" target=\"_blank\" rel=\"noopener\">DE<\/a> | <a title=\"MWM Gas engines and CHP plant Services\" href=\"\/files\/upload\/mwm\/issuu\/mwm_segmentbrochure_service_en.pdf\" target=\"_blank\" rel=\"noopener\">EN<\/a> | <a title=\"Descargar MWM Servicio Folleto (FR)\" href=\"https:\/\/www.mwm.net\/files\/upload\/mwm\/issuu\/mwm_segmentbroschuere_service_fr.pdf\" target=\"_blank\" rel=\"noopener\">FR<\/a><\/p>\n<\/div>\n<div class=\"pro_grphc\">\n<div class=\"cntct_rght\"><a href=\"https:\/\/www.mwm.net\/es\/contacto\/contacto-general\/\">SERVICIO DE CONTACTO<strong> HAGA CLIC AQU\u00cd<\/strong><\/a><\/div>\n<\/div>\n","protected":false},"excerpt":{"rendered":"<p>El mantenimiento regular por parte de MWM contribuye a evitar eficazmente los tiempos de inactividad y garantiza la calidad y eficiencia de las plantas y motores de gas.<\/p>\n","protected":false},"author":1,"featured_media":103103,"parent":103099,"menu_order":0,"comment_status":"closed","ping_status":"closed","template":"page-sidebar-template.php","meta":{"_acf_changed":false,"footnotes":""},"tags":[],"class_list":["post-104996","page","type-page","status-publish","has-post-thumbnail","hentry"],"acf":[],"yoast_head":"<!-- This site is optimized with the Yoast SEO Premium plugin v27.2 (Yoast SEO v27.2) - https:\/\/yoast.com\/product\/yoast-seo-premium-wordpress\/ -->\n<title>Mantenimiento y reparaci\u00f3n<\/title>\n<meta name=\"description\" content=\"El mantenimiento regular por parte de MWM contribuye a evitar eficazmente los tiempos de inactividad y garantiza la calidad y eficiencia de las plantas y motores de gas.\" \/>\n<meta name=\"robots\" content=\"index, follow, max-snippet:-1, max-image-preview:large, max-video-preview:-1\" \/>\n<link rel=\"canonical\" href=\"https:\/\/www.mwm.net\/es\/servicios\/mantenimiento-y-reparacion\/\" \/>\n<meta property=\"og:locale\" content=\"es_ES\" \/>\n<meta property=\"og:type\" content=\"article\" \/>\n<meta property=\"og:title\" content=\"Mantenimiento y reparaci\u00f3n\" \/>\n<meta property=\"og:description\" content=\"El mantenimiento regular por parte de MWM contribuye a evitar eficazmente los tiempos de inactividad y garantiza la calidad y eficiencia de las plantas y motores de gas.\" \/>\n<meta property=\"og:url\" content=\"https:\/\/www.mwm.net\/es\/servicios\/mantenimiento-y-reparacion\/\" \/>\n<meta property=\"og:site_name\" content=\"MWM\" \/>\n<meta property=\"article:modified_time\" content=\"2025-02-12T08:58:13+00:00\" \/>\n<meta property=\"og:image\" content=\"https:\/\/www.mwm.net\/wp-content\/uploads\/2021\/04\/gas-engine_maintenance_600.jpg\" \/>\n\t<meta property=\"og:image:width\" content=\"600\" \/>\n\t<meta property=\"og:image:height\" content=\"450\" \/>\n\t<meta property=\"og:image:type\" content=\"image\/jpeg\" \/>\n<meta name=\"twitter:card\" content=\"summary_large_image\" \/>\n<meta name=\"twitter:label1\" content=\"Tiempo de lectura\" \/>\n\t<meta name=\"twitter:data1\" content=\"3 minutos\" \/>\n<script type=\"application\/ld+json\" class=\"yoast-schema-graph\">{\"@context\":\"https:\/\/schema.org\",\"@graph\":[{\"@type\":\"WebPage\",\"@id\":\"https:\/\/www.mwm.net\/es\/servicios\/mantenimiento-y-reparacion\/\",\"url\":\"https:\/\/www.mwm.net\/es\/servicios\/mantenimiento-y-reparacion\/\",\"name\":\"Mantenimiento y reparaci\u00f3n\",\"isPartOf\":{\"@id\":\"https:\/\/www.mwm.net\/es\/#website\"},\"primaryImageOfPage\":{\"@id\":\"https:\/\/www.mwm.net\/es\/servicios\/mantenimiento-y-reparacion\/#primaryimage\"},\"image\":{\"@id\":\"https:\/\/www.mwm.net\/es\/servicios\/mantenimiento-y-reparacion\/#primaryimage\"},\"thumbnailUrl\":\"https:\/\/www.mwm.net\/wp-content\/uploads\/2021\/04\/gas-engine_maintenance_600.jpg\",\"datePublished\":\"2021-03-25T18:35:08+00:00\",\"dateModified\":\"2025-02-12T08:58:13+00:00\",\"description\":\"El mantenimiento regular por parte de MWM contribuye a evitar eficazmente los tiempos de inactividad y garantiza la calidad y eficiencia de las plantas y motores de gas.\",\"breadcrumb\":{\"@id\":\"https:\/\/www.mwm.net\/es\/servicios\/mantenimiento-y-reparacion\/#breadcrumb\"},\"inLanguage\":\"es\",\"potentialAction\":[{\"@type\":\"ReadAction\",\"target\":[\"https:\/\/www.mwm.net\/es\/servicios\/mantenimiento-y-reparacion\/\"]}]},{\"@type\":\"ImageObject\",\"inLanguage\":\"es\",\"@id\":\"https:\/\/www.mwm.net\/es\/servicios\/mantenimiento-y-reparacion\/#primaryimage\",\"url\":\"https:\/\/www.mwm.net\/wp-content\/uploads\/2021\/04\/gas-engine_maintenance_600.jpg\",\"contentUrl\":\"https:\/\/www.mwm.net\/wp-content\/uploads\/2021\/04\/gas-engine_maintenance_600.jpg\",\"width\":600,\"height\":450},{\"@type\":\"BreadcrumbList\",\"@id\":\"https:\/\/www.mwm.net\/es\/servicios\/mantenimiento-y-reparacion\/#breadcrumb\",\"itemListElement\":[{\"@type\":\"ListItem\",\"position\":1,\"name\":\"Home\",\"item\":\"https:\/\/www.mwm.net\/es\/\"},{\"@type\":\"ListItem\",\"position\":2,\"name\":\"Servicios\",\"item\":\"https:\/\/www.mwm.net\/es\/servicios\/\"},{\"@type\":\"ListItem\",\"position\":3,\"name\":\"Mantenimiento y reparaci\u00f3n\"}]},{\"@type\":\"WebSite\",\"@id\":\"https:\/\/www.mwm.net\/es\/#website\",\"url\":\"https:\/\/www.mwm.net\/es\/\",\"name\":\"MWM\",\"description\":\"\",\"publisher\":{\"@id\":\"https:\/\/www.mwm.net\/es\/#organization\"},\"potentialAction\":[{\"@type\":\"SearchAction\",\"target\":{\"@type\":\"EntryPoint\",\"urlTemplate\":\"https:\/\/www.mwm.net\/es\/?s={search_term_string}\"},\"query-input\":{\"@type\":\"PropertyValueSpecification\",\"valueRequired\":true,\"valueName\":\"search_term_string\"}}],\"inLanguage\":\"es\"},{\"@type\":\"Organization\",\"@id\":\"https:\/\/www.mwm.net\/es\/#organization\",\"name\":\"Caterpillar Energy Solutions GmbH\",\"url\":\"https:\/\/www.mwm.net\/es\/\",\"logo\":{\"@type\":\"ImageObject\",\"inLanguage\":\"es\",\"@id\":\"https:\/\/www.mwm.net\/es\/#\/schema\/logo\/image\/\",\"url\":\"https:\/\/www.mwm.net\/wp-content\/uploads\/2022\/02\/logo2.jpg\",\"contentUrl\":\"https:\/\/www.mwm.net\/wp-content\/uploads\/2022\/02\/logo2.jpg\",\"width\":260,\"height\":142,\"caption\":\"Caterpillar Energy Solutions GmbH\"},\"image\":{\"@id\":\"https:\/\/www.mwm.net\/es\/#\/schema\/logo\/image\/\"}}]}<\/script>\n<!-- \/ Yoast SEO Premium plugin. -->","yoast_head_json":{"title":"Mantenimiento y reparaci\u00f3n","description":"El mantenimiento regular por parte de MWM contribuye a evitar eficazmente los tiempos de inactividad y garantiza la calidad y eficiencia de las plantas y motores de gas.","robots":{"index":"index","follow":"follow","max-snippet":"max-snippet:-1","max-image-preview":"max-image-preview:large","max-video-preview":"max-video-preview:-1"},"canonical":"https:\/\/www.mwm.net\/es\/servicios\/mantenimiento-y-reparacion\/","og_locale":"es_ES","og_type":"article","og_title":"Mantenimiento y reparaci\u00f3n","og_description":"El mantenimiento regular por parte de MWM contribuye a evitar eficazmente los tiempos de inactividad y garantiza la calidad y eficiencia de las plantas y motores de gas.","og_url":"https:\/\/www.mwm.net\/es\/servicios\/mantenimiento-y-reparacion\/","og_site_name":"MWM","article_modified_time":"2025-02-12T08:58:13+00:00","og_image":[{"width":600,"height":450,"url":"https:\/\/www.mwm.net\/wp-content\/uploads\/2021\/04\/gas-engine_maintenance_600.jpg","type":"image\/jpeg"}],"twitter_card":"summary_large_image","twitter_misc":{"Tiempo de lectura":"3 minutos"},"schema":{"@context":"https:\/\/schema.org","@graph":[{"@type":"WebPage","@id":"https:\/\/www.mwm.net\/es\/servicios\/mantenimiento-y-reparacion\/","url":"https:\/\/www.mwm.net\/es\/servicios\/mantenimiento-y-reparacion\/","name":"Mantenimiento y reparaci\u00f3n","isPartOf":{"@id":"https:\/\/www.mwm.net\/es\/#website"},"primaryImageOfPage":{"@id":"https:\/\/www.mwm.net\/es\/servicios\/mantenimiento-y-reparacion\/#primaryimage"},"image":{"@id":"https:\/\/www.mwm.net\/es\/servicios\/mantenimiento-y-reparacion\/#primaryimage"},"thumbnailUrl":"https:\/\/www.mwm.net\/wp-content\/uploads\/2021\/04\/gas-engine_maintenance_600.jpg","datePublished":"2021-03-25T18:35:08+00:00","dateModified":"2025-02-12T08:58:13+00:00","description":"El mantenimiento regular por parte de MWM contribuye a evitar eficazmente los tiempos de inactividad y garantiza la calidad y eficiencia de las plantas y motores de gas.","breadcrumb":{"@id":"https:\/\/www.mwm.net\/es\/servicios\/mantenimiento-y-reparacion\/#breadcrumb"},"inLanguage":"es","potentialAction":[{"@type":"ReadAction","target":["https:\/\/www.mwm.net\/es\/servicios\/mantenimiento-y-reparacion\/"]}]},{"@type":"ImageObject","inLanguage":"es","@id":"https:\/\/www.mwm.net\/es\/servicios\/mantenimiento-y-reparacion\/#primaryimage","url":"https:\/\/www.mwm.net\/wp-content\/uploads\/2021\/04\/gas-engine_maintenance_600.jpg","contentUrl":"https:\/\/www.mwm.net\/wp-content\/uploads\/2021\/04\/gas-engine_maintenance_600.jpg","width":600,"height":450},{"@type":"BreadcrumbList","@id":"https:\/\/www.mwm.net\/es\/servicios\/mantenimiento-y-reparacion\/#breadcrumb","itemListElement":[{"@type":"ListItem","position":1,"name":"Home","item":"https:\/\/www.mwm.net\/es\/"},{"@type":"ListItem","position":2,"name":"Servicios","item":"https:\/\/www.mwm.net\/es\/servicios\/"},{"@type":"ListItem","position":3,"name":"Mantenimiento y reparaci\u00f3n"}]},{"@type":"WebSite","@id":"https:\/\/www.mwm.net\/es\/#website","url":"https:\/\/www.mwm.net\/es\/","name":"MWM","description":"","publisher":{"@id":"https:\/\/www.mwm.net\/es\/#organization"},"potentialAction":[{"@type":"SearchAction","target":{"@type":"EntryPoint","urlTemplate":"https:\/\/www.mwm.net\/es\/?s={search_term_string}"},"query-input":{"@type":"PropertyValueSpecification","valueRequired":true,"valueName":"search_term_string"}}],"inLanguage":"es"},{"@type":"Organization","@id":"https:\/\/www.mwm.net\/es\/#organization","name":"Caterpillar Energy Solutions GmbH","url":"https:\/\/www.mwm.net\/es\/","logo":{"@type":"ImageObject","inLanguage":"es","@id":"https:\/\/www.mwm.net\/es\/#\/schema\/logo\/image\/","url":"https:\/\/www.mwm.net\/wp-content\/uploads\/2022\/02\/logo2.jpg","contentUrl":"https:\/\/www.mwm.net\/wp-content\/uploads\/2022\/02\/logo2.jpg","width":260,"height":142,"caption":"Caterpillar Energy Solutions GmbH"},"image":{"@id":"https:\/\/www.mwm.net\/es\/#\/schema\/logo\/image\/"}}]}},"_links":{"self":[{"href":"https:\/\/www.mwm.net\/es\/wp-json\/wp\/v2\/pages\/104996","targetHints":{"allow":["GET"]}}],"collection":[{"href":"https:\/\/www.mwm.net\/es\/wp-json\/wp\/v2\/pages"}],"about":[{"href":"https:\/\/www.mwm.net\/es\/wp-json\/wp\/v2\/types\/page"}],"author":[{"embeddable":true,"href":"https:\/\/www.mwm.net\/es\/wp-json\/wp\/v2\/users\/1"}],"replies":[{"embeddable":true,"href":"https:\/\/www.mwm.net\/es\/wp-json\/wp\/v2\/comments?post=104996"}],"version-history":[{"count":4,"href":"https:\/\/www.mwm.net\/es\/wp-json\/wp\/v2\/pages\/104996\/revisions"}],"predecessor-version":[{"id":107934,"href":"https:\/\/www.mwm.net\/es\/wp-json\/wp\/v2\/pages\/104996\/revisions\/107934"}],"up":[{"embeddable":true,"href":"https:\/\/www.mwm.net\/es\/wp-json\/wp\/v2\/pages\/103099"}],"wp:featuredmedia":[{"embeddable":true,"href":"https:\/\/www.mwm.net\/es\/wp-json\/wp\/v2\/media\/103103"}],"wp:attachment":[{"href":"https:\/\/www.mwm.net\/es\/wp-json\/wp\/v2\/media?parent=104996"}],"wp:term":[{"taxonomy":"post_tag","embeddable":true,"href":"https:\/\/www.mwm.net\/es\/wp-json\/wp\/v2\/tags?post=104996"}],"curies":[{"name":"wp","href":"https:\/\/api.w.org\/{rel}","templated":true}]}}