{"id":105002,"date":"2023-10-18T21:16:03","date_gmt":"2023-10-18T19:16:03","guid":{"rendered":"https:\/\/www.mwm.net\/servicios\/parts-logistics\/"},"modified":"2025-08-07T11:04:39","modified_gmt":"2025-08-07T09:04:39","slug":"repuestos-originales-mwm","status":"publish","type":"page","link":"https:\/\/www.mwm.net\/es\/servicios\/repuestos-originales-mwm\/","title":{"rendered":"Repuestos originales MWM"},"content":{"rendered":"<h2>Piezas originales MWM: m\u00e1xima disponibilidad y rendimiento de centrales el\u00e9ctricas de gas y cogeneraci\u00f3n MWM<\/h2>\n<div class=\"text_sec\">\n<p><img decoding=\"async\" class=\"alignleft wp-image-94909 size-full\" src=\"https:\/\/www.mwm.net\/wp-content\/uploads\/2022\/11\/MWM-Original-Hologramm.jpg\" alt=\"MWM 100% Original 100% Quality\" width=\"179\" height=\"179\" srcset=\"https:\/\/www.mwm.net\/wp-content\/uploads\/2022\/11\/MWM-Original-Hologramm.jpg 179w, https:\/\/www.mwm.net\/wp-content\/uploads\/2022\/11\/MWM-Original-Hologramm-150x150.jpg 150w, https:\/\/www.mwm.net\/wp-content\/uploads\/2022\/11\/MWM-Original-Hologramm-100x100.jpg 100w\" sizes=\"(max-width: 179px) 100vw, 179px\" \/>Todas las piezas de los motores de gas y grupos electr\u00f3genos MWM est\u00e1n dise\u00f1adas para ofrecer un m\u00e1ximo en cuanto a su rendimiento y eficiencia. Esto tambi\u00e9n se aplica a nuestras piezas de repuesto originales, que se rigen por las mismas normas que las piezas que utilizamos en la producci\u00f3n. Por lo tanto, el funcionamiento sin complicaciones es una caracter\u00edstica clave de la calidad de un motor de gas MWM. Nuestros repuestos est\u00e1n sujetos a los mismos altos est\u00e1ndares de calidad y disponibilidad. \u00a1S\u00ed, hay cosas que no se pueden sustituir f\u00e1cilmente!<br \/>\nProteja y mantenga el rendimiento de su motor de gas con las piezas de repuesto originales MWM para garantizar el funcionamiento fiable de su planta.<\/p>\n<p>No importa si se trata de juntas, kits de juntas, buj\u00edas, camisas de cilindro, insertos de filtro, cartuchos de filtro, pistones, segmentos de pist\u00f3n, cojinetes de biela, compensadores, taqu\u00e9s de rodillos, termopares, taqu\u00e9s, insertos de filtro de aire, filtros de lubricante o juntas t\u00f3ricas: somos los \u00fanicos que conocemos nuestras m\u00e1quinas hasta el \u00faltimo detalle y podemos ofrecer el m\u00e1ximo rendimiento y vida \u00fatil.<\/p>\n<\/div>\n<p><!--\n\n<div class=\"cntct_rght\"><a href=\"#overview\">RESE\u00d1A DE REPUESTOS ORIGINALES MWM \n<b>CONSULTA DE PRODUCTOS<\/b><\/a><\/div>\n\n--><\/p>\n<div class=\"cntct_rght\"><a href=\"https:\/\/www.mwm.net\/en\/contact\/contact-form\/\">Servicio de contacto<br \/><b>Haga clic aqu\u00ed<\/b><\/a><\/div>\n<div class=\"sprtr\"><\/div>\n","protected":false},"excerpt":{"rendered":"<p>Proteja y mantenga el rendimiento de su motor de gas con las piezas de repuesto originales MWM para garantizar el funcionamiento fiable de su sistema.<\/p>\n","protected":false},"author":6,"featured_media":107765,"parent":103099,"menu_order":0,"comment_status":"closed","ping_status":"closed","template":"listing-template-special.php","meta":{"_acf_changed":false,"footnotes":""},"tags":[2035,2032,2036,2037,1827,1828,2033,1459,2034,2031,1430],"class_list":["post-105002","page","type-page","status-publish","has-post-thumbnail","hentry","tag-biela","tag-bujia-de-precamara","tag-cojinetes-de-biela","tag-culata","tag-gasmotoren-es","tag-motores-de-gas-es","tag-paquetes-de-mantenimiento-e40-y-e40","tag-piston-es","tag-piston-de-acero","tag-repuestos-originales","tag-stromaggregate-es"],"acf":[],"yoast_head":"<!-- This site is optimized with the Yoast SEO Premium plugin v27.2 (Yoast SEO v27.2) - https:\/\/yoast.com\/product\/yoast-seo-premium-wordpress\/ -->\n<title>Repuestos originales de Motores de gas MWM<\/title>\n<meta name=\"description\" content=\"Proteja y mantenga el rendimiento de su motor de gas con las piezas de repuesto originales MWM para garantizar el funcionamiento fiable de su sistema.\" \/>\n<meta name=\"robots\" content=\"index, follow, max-snippet:-1, max-image-preview:large, max-video-preview:-1\" \/>\n<link rel=\"canonical\" href=\"https:\/\/www.mwm.net\/es\/servicios\/repuestos-originales-mwm\/\" \/>\n<meta property=\"og:locale\" content=\"es_ES\" \/>\n<meta property=\"og:type\" content=\"article\" \/>\n<meta property=\"og:title\" content=\"Repuestos originales MWM\" \/>\n<meta property=\"og:description\" content=\"Proteja y mantenga el rendimiento de su motor de gas con las piezas de repuesto originales MWM para garantizar el funcionamiento fiable de su sistema.\" \/>\n<meta property=\"og:url\" content=\"https:\/\/www.mwm.net\/es\/servicios\/repuestos-originales-mwm\/\" \/>\n<meta property=\"og:site_name\" content=\"MWM\" \/>\n<meta property=\"article:modified_time\" content=\"2025-08-07T09:04:39+00:00\" \/>\n<meta property=\"og:image\" content=\"https:\/\/www.mwm.net\/wp-content\/uploads\/2025\/02\/MWM-Piezas-de-repuesto-originales_1.jpg\" \/>\n\t<meta property=\"og:image:width\" content=\"1200\" \/>\n\t<meta property=\"og:image:height\" content=\"781\" \/>\n\t<meta property=\"og:image:type\" content=\"image\/jpeg\" \/>\n<meta name=\"twitter:card\" content=\"summary_large_image\" \/>\n<meta name=\"twitter:label1\" content=\"Tiempo de lectura\" \/>\n\t<meta name=\"twitter:data1\" content=\"2 minutos\" \/>\n<script type=\"application\/ld+json\" class=\"yoast-schema-graph\">{\"@context\":\"https:\/\/schema.org\",\"@graph\":[{\"@type\":\"WebPage\",\"@id\":\"https:\/\/www.mwm.net\/es\/servicios\/repuestos-originales-mwm\/\",\"url\":\"https:\/\/www.mwm.net\/es\/servicios\/repuestos-originales-mwm\/\",\"name\":\"Repuestos originales de Motores de gas MWM\",\"isPartOf\":{\"@id\":\"https:\/\/www.mwm.net\/es\/#website\"},\"primaryImageOfPage\":{\"@id\":\"https:\/\/www.mwm.net\/es\/servicios\/repuestos-originales-mwm\/#primaryimage\"},\"image\":{\"@id\":\"https:\/\/www.mwm.net\/es\/servicios\/repuestos-originales-mwm\/#primaryimage\"},\"thumbnailUrl\":\"https:\/\/www.mwm.net\/wp-content\/uploads\/2025\/02\/MWM-Piezas-de-repuesto-originales_1.jpg\",\"datePublished\":\"2023-10-18T19:16:03+00:00\",\"dateModified\":\"2025-08-07T09:04:39+00:00\",\"description\":\"Proteja y mantenga el rendimiento de su motor de gas con las piezas de repuesto originales MWM para garantizar el funcionamiento fiable de su sistema.\",\"breadcrumb\":{\"@id\":\"https:\/\/www.mwm.net\/es\/servicios\/repuestos-originales-mwm\/#breadcrumb\"},\"inLanguage\":\"es\",\"potentialAction\":[{\"@type\":\"ReadAction\",\"target\":[\"https:\/\/www.mwm.net\/es\/servicios\/repuestos-originales-mwm\/\"]}]},{\"@type\":\"ImageObject\",\"inLanguage\":\"es\",\"@id\":\"https:\/\/www.mwm.net\/es\/servicios\/repuestos-originales-mwm\/#primaryimage\",\"url\":\"https:\/\/www.mwm.net\/wp-content\/uploads\/2025\/02\/MWM-Piezas-de-repuesto-originales_1.jpg\",\"contentUrl\":\"https:\/\/www.mwm.net\/wp-content\/uploads\/2025\/02\/MWM-Piezas-de-repuesto-originales_1.jpg\",\"width\":1200,\"height\":781,\"caption\":\"MWM Piezas de repuesto originales\"},{\"@type\":\"BreadcrumbList\",\"@id\":\"https:\/\/www.mwm.net\/es\/servicios\/repuestos-originales-mwm\/#breadcrumb\",\"itemListElement\":[{\"@type\":\"ListItem\",\"position\":1,\"name\":\"Home\",\"item\":\"https:\/\/www.mwm.net\/es\/\"},{\"@type\":\"ListItem\",\"position\":2,\"name\":\"Servicios\",\"item\":\"https:\/\/www.mwm.net\/es\/servicios\/\"},{\"@type\":\"ListItem\",\"position\":3,\"name\":\"Repuestos originales MWM\"}]},{\"@type\":\"WebSite\",\"@id\":\"https:\/\/www.mwm.net\/es\/#website\",\"url\":\"https:\/\/www.mwm.net\/es\/\",\"name\":\"MWM\",\"description\":\"\",\"publisher\":{\"@id\":\"https:\/\/www.mwm.net\/es\/#organization\"},\"potentialAction\":[{\"@type\":\"SearchAction\",\"target\":{\"@type\":\"EntryPoint\",\"urlTemplate\":\"https:\/\/www.mwm.net\/es\/?s={search_term_string}\"},\"query-input\":{\"@type\":\"PropertyValueSpecification\",\"valueRequired\":true,\"valueName\":\"search_term_string\"}}],\"inLanguage\":\"es\"},{\"@type\":\"Organization\",\"@id\":\"https:\/\/www.mwm.net\/es\/#organization\",\"name\":\"Caterpillar Energy Solutions GmbH\",\"url\":\"https:\/\/www.mwm.net\/es\/\",\"logo\":{\"@type\":\"ImageObject\",\"inLanguage\":\"es\",\"@id\":\"https:\/\/www.mwm.net\/es\/#\/schema\/logo\/image\/\",\"url\":\"https:\/\/www.mwm.net\/wp-content\/uploads\/2022\/02\/logo2.jpg\",\"contentUrl\":\"https:\/\/www.mwm.net\/wp-content\/uploads\/2022\/02\/logo2.jpg\",\"width\":260,\"height\":142,\"caption\":\"Caterpillar Energy Solutions GmbH\"},\"image\":{\"@id\":\"https:\/\/www.mwm.net\/es\/#\/schema\/logo\/image\/\"}}]}<\/script>\n<!-- \/ Yoast SEO Premium plugin. -->","yoast_head_json":{"title":"Repuestos originales de Motores de gas MWM","description":"Proteja y mantenga el rendimiento de su motor de gas con las piezas de repuesto originales MWM para garantizar el funcionamiento fiable de su sistema.","robots":{"index":"index","follow":"follow","max-snippet":"max-snippet:-1","max-image-preview":"max-image-preview:large","max-video-preview":"max-video-preview:-1"},"canonical":"https:\/\/www.mwm.net\/es\/servicios\/repuestos-originales-mwm\/","og_locale":"es_ES","og_type":"article","og_title":"Repuestos originales MWM","og_description":"Proteja y mantenga el rendimiento de su motor de gas con las piezas de repuesto originales MWM para garantizar el funcionamiento fiable de su sistema.","og_url":"https:\/\/www.mwm.net\/es\/servicios\/repuestos-originales-mwm\/","og_site_name":"MWM","article_modified_time":"2025-08-07T09:04:39+00:00","og_image":[{"width":1200,"height":781,"url":"https:\/\/www.mwm.net\/wp-content\/uploads\/2025\/02\/MWM-Piezas-de-repuesto-originales_1.jpg","type":"image\/jpeg"}],"twitter_card":"summary_large_image","twitter_misc":{"Tiempo de lectura":"2 minutos"},"schema":{"@context":"https:\/\/schema.org","@graph":[{"@type":"WebPage","@id":"https:\/\/www.mwm.net\/es\/servicios\/repuestos-originales-mwm\/","url":"https:\/\/www.mwm.net\/es\/servicios\/repuestos-originales-mwm\/","name":"Repuestos originales de Motores de gas MWM","isPartOf":{"@id":"https:\/\/www.mwm.net\/es\/#website"},"primaryImageOfPage":{"@id":"https:\/\/www.mwm.net\/es\/servicios\/repuestos-originales-mwm\/#primaryimage"},"image":{"@id":"https:\/\/www.mwm.net\/es\/servicios\/repuestos-originales-mwm\/#primaryimage"},"thumbnailUrl":"https:\/\/www.mwm.net\/wp-content\/uploads\/2025\/02\/MWM-Piezas-de-repuesto-originales_1.jpg","datePublished":"2023-10-18T19:16:03+00:00","dateModified":"2025-08-07T09:04:39+00:00","description":"Proteja y mantenga el rendimiento de su motor de gas con las piezas de repuesto originales MWM para garantizar el funcionamiento fiable de su sistema.","breadcrumb":{"@id":"https:\/\/www.mwm.net\/es\/servicios\/repuestos-originales-mwm\/#breadcrumb"},"inLanguage":"es","potentialAction":[{"@type":"ReadAction","target":["https:\/\/www.mwm.net\/es\/servicios\/repuestos-originales-mwm\/"]}]},{"@type":"ImageObject","inLanguage":"es","@id":"https:\/\/www.mwm.net\/es\/servicios\/repuestos-originales-mwm\/#primaryimage","url":"https:\/\/www.mwm.net\/wp-content\/uploads\/2025\/02\/MWM-Piezas-de-repuesto-originales_1.jpg","contentUrl":"https:\/\/www.mwm.net\/wp-content\/uploads\/2025\/02\/MWM-Piezas-de-repuesto-originales_1.jpg","width":1200,"height":781,"caption":"MWM Piezas de repuesto originales"},{"@type":"BreadcrumbList","@id":"https:\/\/www.mwm.net\/es\/servicios\/repuestos-originales-mwm\/#breadcrumb","itemListElement":[{"@type":"ListItem","position":1,"name":"Home","item":"https:\/\/www.mwm.net\/es\/"},{"@type":"ListItem","position":2,"name":"Servicios","item":"https:\/\/www.mwm.net\/es\/servicios\/"},{"@type":"ListItem","position":3,"name":"Repuestos originales MWM"}]},{"@type":"WebSite","@id":"https:\/\/www.mwm.net\/es\/#website","url":"https:\/\/www.mwm.net\/es\/","name":"MWM","description":"","publisher":{"@id":"https:\/\/www.mwm.net\/es\/#organization"},"potentialAction":[{"@type":"SearchAction","target":{"@type":"EntryPoint","urlTemplate":"https:\/\/www.mwm.net\/es\/?s={search_term_string}"},"query-input":{"@type":"PropertyValueSpecification","valueRequired":true,"valueName":"search_term_string"}}],"inLanguage":"es"},{"@type":"Organization","@id":"https:\/\/www.mwm.net\/es\/#organization","name":"Caterpillar Energy Solutions GmbH","url":"https:\/\/www.mwm.net\/es\/","logo":{"@type":"ImageObject","inLanguage":"es","@id":"https:\/\/www.mwm.net\/es\/#\/schema\/logo\/image\/","url":"https:\/\/www.mwm.net\/wp-content\/uploads\/2022\/02\/logo2.jpg","contentUrl":"https:\/\/www.mwm.net\/wp-content\/uploads\/2022\/02\/logo2.jpg","width":260,"height":142,"caption":"Caterpillar Energy Solutions GmbH"},"image":{"@id":"https:\/\/www.mwm.net\/es\/#\/schema\/logo\/image\/"}}]}},"_links":{"self":[{"href":"https:\/\/www.mwm.net\/es\/wp-json\/wp\/v2\/pages\/105002","targetHints":{"allow":["GET"]}}],"collection":[{"href":"https:\/\/www.mwm.net\/es\/wp-json\/wp\/v2\/pages"}],"about":[{"href":"https:\/\/www.mwm.net\/es\/wp-json\/wp\/v2\/types\/page"}],"author":[{"embeddable":true,"href":"https:\/\/www.mwm.net\/es\/wp-json\/wp\/v2\/users\/6"}],"replies":[{"embeddable":true,"href":"https:\/\/www.mwm.net\/es\/wp-json\/wp\/v2\/comments?post=105002"}],"version-history":[{"count":6,"href":"https:\/\/www.mwm.net\/es\/wp-json\/wp\/v2\/pages\/105002\/revisions"}],"predecessor-version":[{"id":110668,"href":"https:\/\/www.mwm.net\/es\/wp-json\/wp\/v2\/pages\/105002\/revisions\/110668"}],"up":[{"embeddable":true,"href":"https:\/\/www.mwm.net\/es\/wp-json\/wp\/v2\/pages\/103099"}],"wp:featuredmedia":[{"embeddable":true,"href":"https:\/\/www.mwm.net\/es\/wp-json\/wp\/v2\/media\/107765"}],"wp:attachment":[{"href":"https:\/\/www.mwm.net\/es\/wp-json\/wp\/v2\/media?parent=105002"}],"wp:term":[{"taxonomy":"post_tag","embeddable":true,"href":"https:\/\/www.mwm.net\/es\/wp-json\/wp\/v2\/tags?post=105002"}],"curies":[{"name":"wp","href":"https:\/\/api.w.org\/{rel}","templated":true}]}}