{"id":105006,"date":"2022-10-18T22:52:36","date_gmt":"2022-10-18T20:52:36","guid":{"rendered":"https:\/\/www.mwm.net\/servicios\/other-service-products\/"},"modified":"2024-11-20T11:46:59","modified_gmt":"2024-11-20T09:46:59","slug":"otros-productos-de-servicio-mwm","status":"publish","type":"page","link":"https:\/\/www.mwm.net\/es\/servicios\/otros-productos-de-servicio-mwm\/","title":{"rendered":"Otros productos de servicio MWM"},"content":{"rendered":"<div class=\"patch-content\">\n<h2 class=\"subheadline\">Muchos a\u00f1os de experiencia para una disponibilidad m\u00e1xima.<\/h2>\n<p>La marca MWM cuenta con m\u00e1s de 150 a\u00f1os de experiencia en la producci\u00f3n de <a href=\"https:\/\/www.mwm.net\/es\/motores-de-gas-grupos-electrogenos\/\">motores de gas<\/a> y plantas de energ\u00eda descentralizada (<a href=\"https:\/\/www.mwm.net\/es\/plantas-de-energia-distribuida\/\">plantas de cogeneraci\u00f3n<\/a>). ). Y hasta hoy en d\u00eda, hay un factor escencial para la eficiencia: la disponibilidad. Por este motivo, la calidad de MWM no se limita a grupos electr\u00f3genos y plantas de alta calidad, sino que tambi\u00e9n se refleja en conceptos de servicio avanzados.  Por lo tanto, la calidad de MWM no s\u00f3lo significa <a href=\"https:\/\/www.mwm.net\/es\/motores-de-gas-grupos-electrogenos\/\">motores de gas<\/a> y generadores de energ\u00eda fiables, sino que tambi\u00e9n comprende conceptos de servicio avanzados.<\/p>\n<\/div>\n<div class=\"list_box service-teaser\">\n<figure><a href=\"https:\/\/www.mwm.net\/en\/services\/other-service-products\/external-mwm-oil-tank-for-tcg-2020-gas-engine\/\"><img decoding=\"async\" class=\"alignnone wp-image-94521 size-full\" src=\"ttps:\/\/www.mwm.net\/wp-content\/uploads\/2022\/10\/mwm_tank_icon_rgb.jpg\" alt=\"Dep\u00f3sito de aceite externo para TCG 2020\" width=\"200\" height=\"200\" srcset=\"https:\/\/www.mwm.net\/wp-content\/uploads\/2022\/10\/mwm_tank_icon_rgb.jpg 1260w, https:\/\/www.mwm.net\/wp-content\/uploads\/2022\/10\/mwm_tank_icon_rgb-150x150.jpg 150w, https:\/\/www.mwm.net\/wp-content\/uploads\/2022\/10\/mwm_tank_icon_rgb-768x768.jpg 768w, https:\/\/www.mwm.net\/wp-content\/uploads\/2022\/10\/mwm_tank_icon_rgb-100x100.jpg 100w\" sizes=\"(max-width: 200px) 100vw, 200px\" \/><\/a><\/figure>\n<h3><a href=\"https:\/\/www.mwm.net\/en\/services\/other-service-products\/external-mwm-oil-tank-for-tcg-2020-gas-engine\/\">Dep\u00f3sito de aceite externo para TCG 2020<\/a><\/h3>\n<p>Utilice el dep\u00f3sito de aceite MWM para el motor de gas TCG 2020 para beneficiarse de un mayor volumen de lubricante y mayores intervalos de cambio de aceite.<\/p>\n<div class=\"cat_btn big_btn\"><a class=\"main_btn btn\" href=\"https:\/\/www.mwm.net\/en\/services\/other-service-products\/external-mwm-oil-tank-for-tcg-2020-gas-engine\/\">Leer m\u00e1s<\/a><\/div>\n<\/div>\n<div class=\"list_box service-teaser\">\n<figure><a href=\"https:\/\/www.mwm.net\/en\/services\/other-service-products\/gas-and-dirt-separator-for-cooling-systems-in-mwm-and-cat-gas-engines\/\"><img decoding=\"async\" class=\"alignnone wp-image-94523 size-full\" src=\"https:\/\/www.mwm.net\/wp-content\/uploads\/2022\/10\/mwm_separator_icon_rgb.jpg\" alt=\"Separador de gases y suciedad\" width=\"200\" height=\"200\" srcset=\"https:\/\/www.mwm.net\/wp-content\/uploads\/2022\/10\/mwm_separator_icon_rgb.jpg 1254w, https:\/\/www.mwm.net\/wp-content\/uploads\/2022\/10\/mwm_separator_icon_rgb-150x150.jpg 150w, https:\/\/www.mwm.net\/wp-content\/uploads\/2022\/10\/mwm_separator_icon_rgb-768x770.jpg 768w, https:\/\/www.mwm.net\/wp-content\/uploads\/2022\/10\/mwm_separator_icon_rgb-100x100.jpg 100w\" sizes=\"(max-width: 200px) 100vw, 200px\" \/><\/a><\/figure>\n<h3><a href=\"https:\/\/www.mwm.net\/en\/services\/other-service-products\/gas-and-dirt-separator-for-cooling-systems-in-mwm-and-cat-gas-engines\/\">Separador de gases y suciedad<\/a><\/h3>\n<p>Aumente con facilidad la resistencia de los sistemas de refrigeraci\u00f3n de las plantas con el separador de gases y suciedad MWM.<\/p>\n<div class=\"cat_btn big_btn\"><a class=\"main_btn btn\" href=\"https:\/\/www.mwm.net\/en\/services\/other-service-products\/gas-and-dirt-separator-for-cooling-systems-in-mwm-and-cat-gas-engines\/\">Leer m\u00e1s<\/a><\/div>\n<\/div>\n<div class=\"list_box service-teaser\">\n<figure><a href=\"https:\/\/www.mwm.net\/en\/services\/other-service-products\/mwm-premium-u-32-5-for-scr-catalyst-retrofitting\/\"><img decoding=\"async\" class=\"alignnone size-full wp-image-94518\" src=\"https:\/\/www.mwm.net\/wp-content\/uploads\/2022\/10\/mwm_U325_icon_rgb.jpg\" alt=\"MWM Premium Antifreeze 32.5\" width=\"200\" height=\"200\" srcset=\"https:\/\/www.mwm.net\/wp-content\/uploads\/2022\/10\/mwm_U325_icon_rgb.jpg 1263w, https:\/\/www.mwm.net\/wp-content\/uploads\/2022\/10\/mwm_U325_icon_rgb-150x150.jpg 150w, https:\/\/www.mwm.net\/wp-content\/uploads\/2022\/10\/mwm_U325_icon_rgb-768x768.jpg 768w, https:\/\/www.mwm.net\/wp-content\/uploads\/2022\/10\/mwm_U325_icon_rgb-100x100.jpg 100w\" sizes=\"(max-width: 200px) 100vw, 200px\" \/><\/a><\/figure>\n<h3><a href=\"https:\/\/www.mwm.net\/en\/services\/other-service-products\/mwm-premium-u-32-5-for-scr-catalyst-retrofitting\/\">MWM Premium Antifreeze 32.5<\/a><\/h3>\n<p>Adem\u00e1s del reequipamiento de las plantas existentes con catalizadores SCR, MWM ofrece la soluci\u00f3n de urea MWM Premium U 32.5 para permitir un funcionamiento ecol\u00f3gico de acuerdo con la 44<sup>a<\/sup> Ordenanza Federal de Control de Inmisiones (44<sup>a<\/sup> BImSchV) en Alemania.<\/p>\n<div class=\"cat_btn big_btn\"><a class=\"main_btn btn\" href=\"https:\/\/www.mwm.net\/en\/services\/other-service-products\/mwm-premium-u-32-5-for-scr-catalyst-retrofitting\/\">Leer m\u00e1s<\/a><\/div>\n<\/div>\n<div class=\"list_box service-teaser\">\n<figure><a href=\"https:\/\/www.mwm.net\/en\/services\/mwm-antifreeze-20-coolant-for-mwm-gas-engines\/\"><img decoding=\"async\" class=\"alignnone wp-image-94534 size-full\" src=\"https:\/\/www.mwm.net\/wp-content\/uploads\/2022\/10\/MWM-Antifreeze.jpg\" alt=\"MWM Antifreeze\" width=\"200\" height=\"200\" srcset=\"https:\/\/www.mwm.net\/wp-content\/uploads\/2022\/10\/MWM-Antifreeze.jpg 364w, https:\/\/www.mwm.net\/wp-content\/uploads\/2022\/10\/MWM-Antifreeze-150x150.jpg 150w, https:\/\/www.mwm.net\/wp-content\/uploads\/2022\/10\/MWM-Antifreeze-100x100.jpg 100w\" sizes=\"(max-width: 200px) 100vw, 200px\" \/><\/a><\/figure>\n<h3><a href=\"https:\/\/www.mwm.net\/en\/services\/mwm-antifreeze-20-coolant-for-mwm-gas-engines\/\">MWM Antifreeze -20 &#038; Antifreeze Advanced: Refrigerantes de alto rendimiento para motores de gas MWM.<\/a><\/h3>\n<p>Refrigerantes de alto rendimiento para motores di\u00e9sel y de gas MWM.<\/p>\n<div class=\"cat_btn big_btn\"><a class=\"main_btn btn\" href=\"https:\/\/www.mwm.net\/en\/services\/mwm-antifreeze-20-coolant-for-mwm-gas-engines\/\">Leer m\u00e1s<\/a><\/div>\n<\/div>\n<div class=\"list_box service-teaser\">\n<figure><a href=\"https:\/\/www.mwm.net\/en\/services\/automatic-generator-bearing-re-greasing-system-agrgs\/\"><img decoding=\"async\" class=\"alignnone wp-image-94532 size-full\" src=\"https:\/\/www.mwm.net\/wp-content\/uploads\/2022\/10\/MWM-AGLS.jpg\" alt=\"Sistema autom\u00e1tico de reengrase de cojinetes de generador (AGRGS)\" width=\"200\" height=\"200\" srcset=\"https:\/\/www.mwm.net\/wp-content\/uploads\/2022\/10\/MWM-AGLS.jpg 1600w, https:\/\/www.mwm.net\/wp-content\/uploads\/2022\/10\/MWM-AGLS-150x150.jpg 150w, https:\/\/www.mwm.net\/wp-content\/uploads\/2022\/10\/MWM-AGLS-768x768.jpg 768w, https:\/\/www.mwm.net\/wp-content\/uploads\/2022\/10\/MWM-AGLS-1536x1536.jpg 1536w, https:\/\/www.mwm.net\/wp-content\/uploads\/2022\/10\/MWM-AGLS-100x100.jpg 100w\" sizes=\"(max-width: 200px) 100vw, 200px\" \/><\/a><\/figure>\n<h3><a href=\"https:\/\/www.mwm.net\/en\/services\/automatic-generator-bearing-re-greasing-system-agrgs\/\">Sistema autom\u00e1tico de reengrase de cojinetes de generador (AGRGS)<\/a><\/h3>\n<p>El sistema autom\u00e1tico de reengrase de cojinetes de generador (AGRGS) evita la lubricaci\u00f3n inadecuada y reduce los costos y la carga de trabajo.<\/p>\n<div class=\"cat_btn big_btn\"><a class=\"main_btn btn\" href=\"https:\/\/www.mwm.net\/en\/services\/automatic-generator-bearing-re-greasing-system-agrgs\/\">Leer m\u00e1s<\/a><\/div>\n<\/div>\n<div class=\"list_box service-teaser\">\n<figure><a href=\"https:\/\/www.mwm.net\/en\/services\/mwm-premium-oil-for-gas-engines\/\"><img decoding=\"async\" class=\"alignnone wp-image-94530 size-full\" src=\"https:\/\/www.mwm.net\/wp-content\/uploads\/2022\/10\/MWM-Motorenoel-fuer-Gasmotoren.jpg\" alt=\"Aceite premium MWM para motores de gas\" width=\"200\" height=\"200\" srcset=\"https:\/\/www.mwm.net\/wp-content\/uploads\/2022\/10\/MWM-Motorenoel-fuer-Gasmotoren.jpg 1600w, https:\/\/www.mwm.net\/wp-content\/uploads\/2022\/10\/MWM-Motorenoel-fuer-Gasmotoren-150x150.jpg 150w, https:\/\/www.mwm.net\/wp-content\/uploads\/2022\/10\/MWM-Motorenoel-fuer-Gasmotoren-768x768.jpg 768w, https:\/\/www.mwm.net\/wp-content\/uploads\/2022\/10\/MWM-Motorenoel-fuer-Gasmotoren-1536x1536.jpg 1536w, https:\/\/www.mwm.net\/wp-content\/uploads\/2022\/10\/MWM-Motorenoel-fuer-Gasmotoren-100x100.jpg 100w\" sizes=\"(max-width: 200px) 100vw, 200px\" \/><\/a><\/figure>\n<h3><a href=\"https:\/\/www.mwm.net\/en\/services\/mwm-premium-oil-for-gas-engines\/\">Aceite premium MWM para motores de gas<\/a><\/h3>\n<p>Los aceites premium para motores de gas MWM garantizan altos niveles de rendimiento y eficiencia a largo plazo.<\/p>\n<div class=\"cat_btn big_btn\"><a class=\"main_btn btn\" href=\"https:\/\/www.mwm.net\/en\/services\/mwm-premium-oil-for-gas-engines\/\">Leer m\u00e1s<\/a><\/div>\n<\/div>\n<hr \/>\n<h3>Puede encontrar la organizaci\u00f3n de servicios MWM responsable aqu\u00ed:<\/h3>\n<ul>\n<li><a href=\"https:\/\/www.mwm.net\/es\/ubicaciones\/\">Red de distribuidores y servicios MWM<\/a><\/li>\n<\/ul>\n<p>&nbsp;<br \/>\n<strong>Aqu\u00ed encontrar\u00e1 un resumen de toda la gama de servicios MWM: <a href=\"https:\/\/www.mwm.net\/es\/servicios\/\">Servicios MWM:<\/a><\/strong><br \/>\n&nbsp;<\/p>\n<div class=\"pro_grphc\">\n<div class=\"cntct_rght\"><a href=\"https:\/\/www.mwm.net\/es\/contacto\/contacto-general\/\">SERVICIO DE CONTACTO <strong>HAGA CLIC AQU\u00cd<\/strong><\/a><\/div>\n<\/div>\n","protected":false},"excerpt":{"rendered":"<p>La gama ampliada de servicios de MWM incluye, entre otras, dep\u00f3sitos de aceite externos, separadores de gases y suciedad y la soluci\u00f3n de urea MWM Premium U32.5<\/p>\n","protected":false},"author":1,"featured_media":103907,"parent":103099,"menu_order":0,"comment_status":"closed","ping_status":"closed","template":"page-sidebar-template.php","meta":{"_acf_changed":false,"footnotes":""},"tags":[1493,1494,1454],"class_list":["post-105006","page","type-page","status-publish","has-post-thumbnail","hentry","tag-antifreeze-es","tag-premium-oil-es","tag-premium-u-32-5-es"],"acf":[],"yoast_head":"<!-- This site is optimized with the Yoast SEO Premium plugin v27.2 (Yoast SEO v27.2) - https:\/\/yoast.com\/product\/yoast-seo-premium-wordpress\/ -->\n<title>Otros productos de servicio MWM<\/title>\n<meta name=\"description\" content=\"La gama ampliada de servicios de MWM incluye, entre otras, dep\u00f3sitos de aceite externos, separadores de gases y suciedad y la soluci\u00f3n de urea MWM Premium U32.5\" \/>\n<meta name=\"robots\" content=\"index, follow, max-snippet:-1, max-image-preview:large, max-video-preview:-1\" \/>\n<link rel=\"canonical\" href=\"https:\/\/www.mwm.net\/es\/servicios\/otros-productos-de-servicio-mwm\/\" \/>\n<meta property=\"og:locale\" content=\"es_ES\" \/>\n<meta property=\"og:type\" content=\"article\" \/>\n<meta property=\"og:title\" content=\"Otros productos de servicio MWM\" \/>\n<meta property=\"og:description\" content=\"La gama ampliada de servicios de MWM incluye, entre otras, dep\u00f3sitos de aceite externos, separadores de gases y suciedad y la soluci\u00f3n de urea MWM Premium U32.5\" \/>\n<meta property=\"og:url\" content=\"https:\/\/www.mwm.net\/es\/servicios\/otros-productos-de-servicio-mwm\/\" \/>\n<meta property=\"og:site_name\" content=\"MWM\" \/>\n<meta property=\"article:modified_time\" content=\"2024-11-20T09:46:59+00:00\" \/>\n<meta property=\"og:image\" content=\"https:\/\/www.mwm.net\/wp-content\/uploads\/2022\/10\/MWM-Weitere-Serviceprodukte-fuer-Gasmotoren.jpg\" \/>\n\t<meta property=\"og:image:width\" content=\"1600\" \/>\n\t<meta property=\"og:image:height\" content=\"1080\" \/>\n\t<meta property=\"og:image:type\" content=\"image\/jpeg\" \/>\n<meta name=\"twitter:card\" content=\"summary_large_image\" \/>\n<meta name=\"twitter:label1\" content=\"Tiempo de lectura\" \/>\n\t<meta name=\"twitter:data1\" content=\"4 minutos\" \/>\n<script type=\"application\/ld+json\" class=\"yoast-schema-graph\">{\"@context\":\"https:\/\/schema.org\",\"@graph\":[{\"@type\":\"WebPage\",\"@id\":\"https:\/\/www.mwm.net\/es\/servicios\/otros-productos-de-servicio-mwm\/\",\"url\":\"https:\/\/www.mwm.net\/es\/servicios\/otros-productos-de-servicio-mwm\/\",\"name\":\"Otros productos de servicio MWM\",\"isPartOf\":{\"@id\":\"https:\/\/www.mwm.net\/es\/#website\"},\"primaryImageOfPage\":{\"@id\":\"https:\/\/www.mwm.net\/es\/servicios\/otros-productos-de-servicio-mwm\/#primaryimage\"},\"image\":{\"@id\":\"https:\/\/www.mwm.net\/es\/servicios\/otros-productos-de-servicio-mwm\/#primaryimage\"},\"thumbnailUrl\":\"https:\/\/www.mwm.net\/wp-content\/uploads\/2022\/10\/MWM-Weitere-Serviceprodukte-fuer-Gasmotoren.jpg\",\"datePublished\":\"2022-10-18T20:52:36+00:00\",\"dateModified\":\"2024-11-20T09:46:59+00:00\",\"description\":\"La gama ampliada de servicios de MWM incluye, entre otras, dep\u00f3sitos de aceite externos, separadores de gases y suciedad y la soluci\u00f3n de urea MWM Premium U32.5\",\"breadcrumb\":{\"@id\":\"https:\/\/www.mwm.net\/es\/servicios\/otros-productos-de-servicio-mwm\/#breadcrumb\"},\"inLanguage\":\"es\",\"potentialAction\":[{\"@type\":\"ReadAction\",\"target\":[\"https:\/\/www.mwm.net\/es\/servicios\/otros-productos-de-servicio-mwm\/\"]}]},{\"@type\":\"ImageObject\",\"inLanguage\":\"es\",\"@id\":\"https:\/\/www.mwm.net\/es\/servicios\/otros-productos-de-servicio-mwm\/#primaryimage\",\"url\":\"https:\/\/www.mwm.net\/wp-content\/uploads\/2022\/10\/MWM-Weitere-Serviceprodukte-fuer-Gasmotoren.jpg\",\"contentUrl\":\"https:\/\/www.mwm.net\/wp-content\/uploads\/2022\/10\/MWM-Weitere-Serviceprodukte-fuer-Gasmotoren.jpg\",\"width\":1600,\"height\":1080},{\"@type\":\"BreadcrumbList\",\"@id\":\"https:\/\/www.mwm.net\/es\/servicios\/otros-productos-de-servicio-mwm\/#breadcrumb\",\"itemListElement\":[{\"@type\":\"ListItem\",\"position\":1,\"name\":\"Home\",\"item\":\"https:\/\/www.mwm.net\/es\/\"},{\"@type\":\"ListItem\",\"position\":2,\"name\":\"Servicios\",\"item\":\"https:\/\/www.mwm.net\/es\/servicios\/\"},{\"@type\":\"ListItem\",\"position\":3,\"name\":\"Otros productos de servicio MWM\"}]},{\"@type\":\"WebSite\",\"@id\":\"https:\/\/www.mwm.net\/es\/#website\",\"url\":\"https:\/\/www.mwm.net\/es\/\",\"name\":\"MWM\",\"description\":\"\",\"publisher\":{\"@id\":\"https:\/\/www.mwm.net\/es\/#organization\"},\"potentialAction\":[{\"@type\":\"SearchAction\",\"target\":{\"@type\":\"EntryPoint\",\"urlTemplate\":\"https:\/\/www.mwm.net\/es\/?s={search_term_string}\"},\"query-input\":{\"@type\":\"PropertyValueSpecification\",\"valueRequired\":true,\"valueName\":\"search_term_string\"}}],\"inLanguage\":\"es\"},{\"@type\":\"Organization\",\"@id\":\"https:\/\/www.mwm.net\/es\/#organization\",\"name\":\"Caterpillar Energy Solutions GmbH\",\"url\":\"https:\/\/www.mwm.net\/es\/\",\"logo\":{\"@type\":\"ImageObject\",\"inLanguage\":\"es\",\"@id\":\"https:\/\/www.mwm.net\/es\/#\/schema\/logo\/image\/\",\"url\":\"https:\/\/www.mwm.net\/wp-content\/uploads\/2022\/02\/logo2.jpg\",\"contentUrl\":\"https:\/\/www.mwm.net\/wp-content\/uploads\/2022\/02\/logo2.jpg\",\"width\":260,\"height\":142,\"caption\":\"Caterpillar Energy Solutions GmbH\"},\"image\":{\"@id\":\"https:\/\/www.mwm.net\/es\/#\/schema\/logo\/image\/\"}}]}<\/script>\n<!-- \/ Yoast SEO Premium plugin. -->","yoast_head_json":{"title":"Otros productos de servicio MWM","description":"La gama ampliada de servicios de MWM incluye, entre otras, dep\u00f3sitos de aceite externos, separadores de gases y suciedad y la soluci\u00f3n de urea MWM Premium U32.5","robots":{"index":"index","follow":"follow","max-snippet":"max-snippet:-1","max-image-preview":"max-image-preview:large","max-video-preview":"max-video-preview:-1"},"canonical":"https:\/\/www.mwm.net\/es\/servicios\/otros-productos-de-servicio-mwm\/","og_locale":"es_ES","og_type":"article","og_title":"Otros productos de servicio MWM","og_description":"La gama ampliada de servicios de MWM incluye, entre otras, dep\u00f3sitos de aceite externos, separadores de gases y suciedad y la soluci\u00f3n de urea MWM Premium U32.5","og_url":"https:\/\/www.mwm.net\/es\/servicios\/otros-productos-de-servicio-mwm\/","og_site_name":"MWM","article_modified_time":"2024-11-20T09:46:59+00:00","og_image":[{"width":1600,"height":1080,"url":"https:\/\/www.mwm.net\/wp-content\/uploads\/2022\/10\/MWM-Weitere-Serviceprodukte-fuer-Gasmotoren.jpg","type":"image\/jpeg"}],"twitter_card":"summary_large_image","twitter_misc":{"Tiempo de lectura":"4 minutos"},"schema":{"@context":"https:\/\/schema.org","@graph":[{"@type":"WebPage","@id":"https:\/\/www.mwm.net\/es\/servicios\/otros-productos-de-servicio-mwm\/","url":"https:\/\/www.mwm.net\/es\/servicios\/otros-productos-de-servicio-mwm\/","name":"Otros productos de servicio MWM","isPartOf":{"@id":"https:\/\/www.mwm.net\/es\/#website"},"primaryImageOfPage":{"@id":"https:\/\/www.mwm.net\/es\/servicios\/otros-productos-de-servicio-mwm\/#primaryimage"},"image":{"@id":"https:\/\/www.mwm.net\/es\/servicios\/otros-productos-de-servicio-mwm\/#primaryimage"},"thumbnailUrl":"https:\/\/www.mwm.net\/wp-content\/uploads\/2022\/10\/MWM-Weitere-Serviceprodukte-fuer-Gasmotoren.jpg","datePublished":"2022-10-18T20:52:36+00:00","dateModified":"2024-11-20T09:46:59+00:00","description":"La gama ampliada de servicios de MWM incluye, entre otras, dep\u00f3sitos de aceite externos, separadores de gases y suciedad y la soluci\u00f3n de urea MWM Premium U32.5","breadcrumb":{"@id":"https:\/\/www.mwm.net\/es\/servicios\/otros-productos-de-servicio-mwm\/#breadcrumb"},"inLanguage":"es","potentialAction":[{"@type":"ReadAction","target":["https:\/\/www.mwm.net\/es\/servicios\/otros-productos-de-servicio-mwm\/"]}]},{"@type":"ImageObject","inLanguage":"es","@id":"https:\/\/www.mwm.net\/es\/servicios\/otros-productos-de-servicio-mwm\/#primaryimage","url":"https:\/\/www.mwm.net\/wp-content\/uploads\/2022\/10\/MWM-Weitere-Serviceprodukte-fuer-Gasmotoren.jpg","contentUrl":"https:\/\/www.mwm.net\/wp-content\/uploads\/2022\/10\/MWM-Weitere-Serviceprodukte-fuer-Gasmotoren.jpg","width":1600,"height":1080},{"@type":"BreadcrumbList","@id":"https:\/\/www.mwm.net\/es\/servicios\/otros-productos-de-servicio-mwm\/#breadcrumb","itemListElement":[{"@type":"ListItem","position":1,"name":"Home","item":"https:\/\/www.mwm.net\/es\/"},{"@type":"ListItem","position":2,"name":"Servicios","item":"https:\/\/www.mwm.net\/es\/servicios\/"},{"@type":"ListItem","position":3,"name":"Otros productos de servicio MWM"}]},{"@type":"WebSite","@id":"https:\/\/www.mwm.net\/es\/#website","url":"https:\/\/www.mwm.net\/es\/","name":"MWM","description":"","publisher":{"@id":"https:\/\/www.mwm.net\/es\/#organization"},"potentialAction":[{"@type":"SearchAction","target":{"@type":"EntryPoint","urlTemplate":"https:\/\/www.mwm.net\/es\/?s={search_term_string}"},"query-input":{"@type":"PropertyValueSpecification","valueRequired":true,"valueName":"search_term_string"}}],"inLanguage":"es"},{"@type":"Organization","@id":"https:\/\/www.mwm.net\/es\/#organization","name":"Caterpillar Energy Solutions GmbH","url":"https:\/\/www.mwm.net\/es\/","logo":{"@type":"ImageObject","inLanguage":"es","@id":"https:\/\/www.mwm.net\/es\/#\/schema\/logo\/image\/","url":"https:\/\/www.mwm.net\/wp-content\/uploads\/2022\/02\/logo2.jpg","contentUrl":"https:\/\/www.mwm.net\/wp-content\/uploads\/2022\/02\/logo2.jpg","width":260,"height":142,"caption":"Caterpillar Energy Solutions GmbH"},"image":{"@id":"https:\/\/www.mwm.net\/es\/#\/schema\/logo\/image\/"}}]}},"_links":{"self":[{"href":"https:\/\/www.mwm.net\/es\/wp-json\/wp\/v2\/pages\/105006","targetHints":{"allow":["GET"]}}],"collection":[{"href":"https:\/\/www.mwm.net\/es\/wp-json\/wp\/v2\/pages"}],"about":[{"href":"https:\/\/www.mwm.net\/es\/wp-json\/wp\/v2\/types\/page"}],"author":[{"embeddable":true,"href":"https:\/\/www.mwm.net\/es\/wp-json\/wp\/v2\/users\/1"}],"replies":[{"embeddable":true,"href":"https:\/\/www.mwm.net\/es\/wp-json\/wp\/v2\/comments?post=105006"}],"version-history":[{"count":5,"href":"https:\/\/www.mwm.net\/es\/wp-json\/wp\/v2\/pages\/105006\/revisions"}],"predecessor-version":[{"id":106052,"href":"https:\/\/www.mwm.net\/es\/wp-json\/wp\/v2\/pages\/105006\/revisions\/106052"}],"up":[{"embeddable":true,"href":"https:\/\/www.mwm.net\/es\/wp-json\/wp\/v2\/pages\/103099"}],"wp:featuredmedia":[{"embeddable":true,"href":"https:\/\/www.mwm.net\/es\/wp-json\/wp\/v2\/media\/103907"}],"wp:attachment":[{"href":"https:\/\/www.mwm.net\/es\/wp-json\/wp\/v2\/media?parent=105006"}],"wp:term":[{"taxonomy":"post_tag","embeddable":true,"href":"https:\/\/www.mwm.net\/es\/wp-json\/wp\/v2\/tags?post=105006"}],"curies":[{"name":"wp","href":"https:\/\/api.w.org\/{rel}","templated":true}]}}