{"id":105010,"date":"2021-03-25T18:40:12","date_gmt":"2021-03-25T18:40:12","guid":{"rendered":"https:\/\/www.mwm.net\/servicios\/financing\/"},"modified":"2024-11-20T11:53:22","modified_gmt":"2024-11-20T09:53:22","slug":"financiacion","status":"publish","type":"page","link":"https:\/\/www.mwm.net\/es\/servicios\/financiacion\/","title":{"rendered":"Financiaci\u00f3n"},"content":{"rendered":"<div class=\"patch-content\">\n<h2>Financiaci\u00f3n y rentabilidad<\/h2>\n<p>Para ofrecer soluciones de financiaci\u00f3n a medida, colaboramos con socios consolidados del sector financiero en todo el mundo. El objetivo es maximizar la flexibilidad financiera y los beneficios para los clientes de MWM.<\/p>\n<h2>Soluciones integrales de financiaci\u00f3n<\/h2>\n<p>Adem\u00e1s de cr\u00e9ditos a proveedores y pr\u00e9stamos garantizados, MWM ofrece soluciones de financiaci\u00f3n de proyectos individuales. Por ejemplo, MWM apoya la financiaci\u00f3n de empresas con fines especiales con cr\u00e9ditos proporcionados sobre la base del flujo de caja. La financiaci\u00f3n de proyectos fuera de balance es posible mediante el arrendamiento financiero y operativo a corto o largo plazo. Adem\u00e1s, la cartera de financiaci\u00f3n de MWM tambi\u00e9n incluye ofertas de venta y arrendamiento posterior.<\/p>\n<h2>An\u00e1lisis de viabilidad<\/h2>\n<p>Antes de implementar una soluci\u00f3n de financiaci\u00f3n, MWM ofrece a sus clientes un an\u00e1lisis de viabilidad. Basandose en la directriz VDI 6025 sobre sistemas de c\u00e1lculo econ\u00f3mico para bienes de capital y plantas, se analizan, calculan y eval\u00faan los par\u00e1metros centrales del proyecto planificado.<br \/>\nComo la financiaci\u00f3n se considera un componente fijo e importante de un proyecto, el cliente de MWM recibe asesoramiento de un experto en financiaci\u00f3n a lo largo de todo el proceso.<\/p>\n<\/div>\n<div class=\"pro_grphc\">\n<div class=\"cntct_rght\"><a href=\"https:\/\/www.mwm.net\/es\/contacto\/contacto-general\/\">SERVICIO DE CONTACTO <strong>HAGA CLIC AQU\u00cd<\/strong><\/a><\/div>\n<\/div>\n","protected":false},"excerpt":{"rendered":"<p>La financiaci\u00f3n de proyectos de MWM maximiza la flexibilidad individual y los beneficios para el cliente.<\/p>\n","protected":false},"author":1,"featured_media":103109,"parent":103099,"menu_order":0,"comment_status":"closed","ping_status":"closed","template":"page-sidebar-template.php","meta":{"_acf_changed":false,"footnotes":""},"tags":[],"class_list":["post-105010","page","type-page","status-publish","has-post-thumbnail","hentry"],"acf":[],"yoast_head":"<!-- This site is optimized with the Yoast SEO Premium plugin v27.2 (Yoast SEO v27.2) - https:\/\/yoast.com\/product\/yoast-seo-premium-wordpress\/ -->\n<title>Financiaci\u00f3n<\/title>\n<meta name=\"description\" content=\"La financiaci\u00f3n de proyectos de MWM maximiza la flexibilidad individual y los beneficios para el cliente.\" \/>\n<meta name=\"robots\" content=\"index, follow, max-snippet:-1, max-image-preview:large, max-video-preview:-1\" \/>\n<link rel=\"canonical\" href=\"https:\/\/www.mwm.net\/es\/servicios\/financiacion\/\" \/>\n<meta property=\"og:locale\" content=\"es_ES\" \/>\n<meta property=\"og:type\" content=\"article\" \/>\n<meta property=\"og:title\" content=\"Financiaci\u00f3n\" \/>\n<meta property=\"og:description\" content=\"La financiaci\u00f3n de proyectos de MWM maximiza la flexibilidad individual y los beneficios para el cliente.\" \/>\n<meta property=\"og:url\" content=\"https:\/\/www.mwm.net\/es\/servicios\/financiacion\/\" \/>\n<meta property=\"og:site_name\" content=\"MWM\" \/>\n<meta property=\"article:modified_time\" content=\"2024-11-20T09:53:22+00:00\" \/>\n<meta property=\"og:image\" content=\"https:\/\/www.mwm.net\/wp-content\/uploads\/2021\/04\/7F18F7C3-DD1E-48BA-8321-B50C5641ECAB.jpeg\" \/>\n\t<meta property=\"og:image:width\" content=\"371\" \/>\n\t<meta property=\"og:image:height\" content=\"248\" \/>\n\t<meta property=\"og:image:type\" content=\"image\/jpeg\" \/>\n<meta name=\"twitter:card\" content=\"summary_large_image\" \/>\n<meta name=\"twitter:label1\" content=\"Tiempo de lectura\" \/>\n\t<meta name=\"twitter:data1\" content=\"2 minutos\" \/>\n<script type=\"application\/ld+json\" class=\"yoast-schema-graph\">{\"@context\":\"https:\/\/schema.org\",\"@graph\":[{\"@type\":\"WebPage\",\"@id\":\"https:\/\/www.mwm.net\/es\/servicios\/financiacion\/\",\"url\":\"https:\/\/www.mwm.net\/es\/servicios\/financiacion\/\",\"name\":\"Financiaci\u00f3n\",\"isPartOf\":{\"@id\":\"https:\/\/www.mwm.net\/es\/#website\"},\"primaryImageOfPage\":{\"@id\":\"https:\/\/www.mwm.net\/es\/servicios\/financiacion\/#primaryimage\"},\"image\":{\"@id\":\"https:\/\/www.mwm.net\/es\/servicios\/financiacion\/#primaryimage\"},\"thumbnailUrl\":\"https:\/\/www.mwm.net\/wp-content\/uploads\/2021\/04\/7F18F7C3-DD1E-48BA-8321-B50C5641ECAB.jpeg\",\"datePublished\":\"2021-03-25T18:40:12+00:00\",\"dateModified\":\"2024-11-20T09:53:22+00:00\",\"description\":\"La financiaci\u00f3n de proyectos de MWM maximiza la flexibilidad individual y los beneficios para el cliente.\",\"breadcrumb\":{\"@id\":\"https:\/\/www.mwm.net\/es\/servicios\/financiacion\/#breadcrumb\"},\"inLanguage\":\"es\",\"potentialAction\":[{\"@type\":\"ReadAction\",\"target\":[\"https:\/\/www.mwm.net\/es\/servicios\/financiacion\/\"]}]},{\"@type\":\"ImageObject\",\"inLanguage\":\"es\",\"@id\":\"https:\/\/www.mwm.net\/es\/servicios\/financiacion\/#primaryimage\",\"url\":\"https:\/\/www.mwm.net\/wp-content\/uploads\/2021\/04\/7F18F7C3-DD1E-48BA-8321-B50C5641ECAB.jpeg\",\"contentUrl\":\"https:\/\/www.mwm.net\/wp-content\/uploads\/2021\/04\/7F18F7C3-DD1E-48BA-8321-B50C5641ECAB.jpeg\",\"width\":371,\"height\":248},{\"@type\":\"BreadcrumbList\",\"@id\":\"https:\/\/www.mwm.net\/es\/servicios\/financiacion\/#breadcrumb\",\"itemListElement\":[{\"@type\":\"ListItem\",\"position\":1,\"name\":\"Home\",\"item\":\"https:\/\/www.mwm.net\/es\/\"},{\"@type\":\"ListItem\",\"position\":2,\"name\":\"Servicios\",\"item\":\"https:\/\/www.mwm.net\/es\/servicios\/\"},{\"@type\":\"ListItem\",\"position\":3,\"name\":\"Financiaci\u00f3n\"}]},{\"@type\":\"WebSite\",\"@id\":\"https:\/\/www.mwm.net\/es\/#website\",\"url\":\"https:\/\/www.mwm.net\/es\/\",\"name\":\"MWM\",\"description\":\"\",\"publisher\":{\"@id\":\"https:\/\/www.mwm.net\/es\/#organization\"},\"potentialAction\":[{\"@type\":\"SearchAction\",\"target\":{\"@type\":\"EntryPoint\",\"urlTemplate\":\"https:\/\/www.mwm.net\/es\/?s={search_term_string}\"},\"query-input\":{\"@type\":\"PropertyValueSpecification\",\"valueRequired\":true,\"valueName\":\"search_term_string\"}}],\"inLanguage\":\"es\"},{\"@type\":\"Organization\",\"@id\":\"https:\/\/www.mwm.net\/es\/#organization\",\"name\":\"Caterpillar Energy Solutions GmbH\",\"url\":\"https:\/\/www.mwm.net\/es\/\",\"logo\":{\"@type\":\"ImageObject\",\"inLanguage\":\"es\",\"@id\":\"https:\/\/www.mwm.net\/es\/#\/schema\/logo\/image\/\",\"url\":\"https:\/\/www.mwm.net\/wp-content\/uploads\/2022\/02\/logo2.jpg\",\"contentUrl\":\"https:\/\/www.mwm.net\/wp-content\/uploads\/2022\/02\/logo2.jpg\",\"width\":260,\"height\":142,\"caption\":\"Caterpillar Energy Solutions GmbH\"},\"image\":{\"@id\":\"https:\/\/www.mwm.net\/es\/#\/schema\/logo\/image\/\"}}]}<\/script>\n<!-- \/ Yoast SEO Premium plugin. -->","yoast_head_json":{"title":"Financiaci\u00f3n","description":"La financiaci\u00f3n de proyectos de MWM maximiza la flexibilidad individual y los beneficios para el cliente.","robots":{"index":"index","follow":"follow","max-snippet":"max-snippet:-1","max-image-preview":"max-image-preview:large","max-video-preview":"max-video-preview:-1"},"canonical":"https:\/\/www.mwm.net\/es\/servicios\/financiacion\/","og_locale":"es_ES","og_type":"article","og_title":"Financiaci\u00f3n","og_description":"La financiaci\u00f3n de proyectos de MWM maximiza la flexibilidad individual y los beneficios para el cliente.","og_url":"https:\/\/www.mwm.net\/es\/servicios\/financiacion\/","og_site_name":"MWM","article_modified_time":"2024-11-20T09:53:22+00:00","og_image":[{"width":371,"height":248,"url":"https:\/\/www.mwm.net\/wp-content\/uploads\/2021\/04\/7F18F7C3-DD1E-48BA-8321-B50C5641ECAB.jpeg","type":"image\/jpeg"}],"twitter_card":"summary_large_image","twitter_misc":{"Tiempo de lectura":"2 minutos"},"schema":{"@context":"https:\/\/schema.org","@graph":[{"@type":"WebPage","@id":"https:\/\/www.mwm.net\/es\/servicios\/financiacion\/","url":"https:\/\/www.mwm.net\/es\/servicios\/financiacion\/","name":"Financiaci\u00f3n","isPartOf":{"@id":"https:\/\/www.mwm.net\/es\/#website"},"primaryImageOfPage":{"@id":"https:\/\/www.mwm.net\/es\/servicios\/financiacion\/#primaryimage"},"image":{"@id":"https:\/\/www.mwm.net\/es\/servicios\/financiacion\/#primaryimage"},"thumbnailUrl":"https:\/\/www.mwm.net\/wp-content\/uploads\/2021\/04\/7F18F7C3-DD1E-48BA-8321-B50C5641ECAB.jpeg","datePublished":"2021-03-25T18:40:12+00:00","dateModified":"2024-11-20T09:53:22+00:00","description":"La financiaci\u00f3n de proyectos de MWM maximiza la flexibilidad individual y los beneficios para el cliente.","breadcrumb":{"@id":"https:\/\/www.mwm.net\/es\/servicios\/financiacion\/#breadcrumb"},"inLanguage":"es","potentialAction":[{"@type":"ReadAction","target":["https:\/\/www.mwm.net\/es\/servicios\/financiacion\/"]}]},{"@type":"ImageObject","inLanguage":"es","@id":"https:\/\/www.mwm.net\/es\/servicios\/financiacion\/#primaryimage","url":"https:\/\/www.mwm.net\/wp-content\/uploads\/2021\/04\/7F18F7C3-DD1E-48BA-8321-B50C5641ECAB.jpeg","contentUrl":"https:\/\/www.mwm.net\/wp-content\/uploads\/2021\/04\/7F18F7C3-DD1E-48BA-8321-B50C5641ECAB.jpeg","width":371,"height":248},{"@type":"BreadcrumbList","@id":"https:\/\/www.mwm.net\/es\/servicios\/financiacion\/#breadcrumb","itemListElement":[{"@type":"ListItem","position":1,"name":"Home","item":"https:\/\/www.mwm.net\/es\/"},{"@type":"ListItem","position":2,"name":"Servicios","item":"https:\/\/www.mwm.net\/es\/servicios\/"},{"@type":"ListItem","position":3,"name":"Financiaci\u00f3n"}]},{"@type":"WebSite","@id":"https:\/\/www.mwm.net\/es\/#website","url":"https:\/\/www.mwm.net\/es\/","name":"MWM","description":"","publisher":{"@id":"https:\/\/www.mwm.net\/es\/#organization"},"potentialAction":[{"@type":"SearchAction","target":{"@type":"EntryPoint","urlTemplate":"https:\/\/www.mwm.net\/es\/?s={search_term_string}"},"query-input":{"@type":"PropertyValueSpecification","valueRequired":true,"valueName":"search_term_string"}}],"inLanguage":"es"},{"@type":"Organization","@id":"https:\/\/www.mwm.net\/es\/#organization","name":"Caterpillar Energy Solutions GmbH","url":"https:\/\/www.mwm.net\/es\/","logo":{"@type":"ImageObject","inLanguage":"es","@id":"https:\/\/www.mwm.net\/es\/#\/schema\/logo\/image\/","url":"https:\/\/www.mwm.net\/wp-content\/uploads\/2022\/02\/logo2.jpg","contentUrl":"https:\/\/www.mwm.net\/wp-content\/uploads\/2022\/02\/logo2.jpg","width":260,"height":142,"caption":"Caterpillar Energy Solutions GmbH"},"image":{"@id":"https:\/\/www.mwm.net\/es\/#\/schema\/logo\/image\/"}}]}},"_links":{"self":[{"href":"https:\/\/www.mwm.net\/es\/wp-json\/wp\/v2\/pages\/105010","targetHints":{"allow":["GET"]}}],"collection":[{"href":"https:\/\/www.mwm.net\/es\/wp-json\/wp\/v2\/pages"}],"about":[{"href":"https:\/\/www.mwm.net\/es\/wp-json\/wp\/v2\/types\/page"}],"author":[{"embeddable":true,"href":"https:\/\/www.mwm.net\/es\/wp-json\/wp\/v2\/users\/1"}],"replies":[{"embeddable":true,"href":"https:\/\/www.mwm.net\/es\/wp-json\/wp\/v2\/comments?post=105010"}],"version-history":[{"count":3,"href":"https:\/\/www.mwm.net\/es\/wp-json\/wp\/v2\/pages\/105010\/revisions"}],"predecessor-version":[{"id":105487,"href":"https:\/\/www.mwm.net\/es\/wp-json\/wp\/v2\/pages\/105010\/revisions\/105487"}],"up":[{"embeddable":true,"href":"https:\/\/www.mwm.net\/es\/wp-json\/wp\/v2\/pages\/103099"}],"wp:featuredmedia":[{"embeddable":true,"href":"https:\/\/www.mwm.net\/es\/wp-json\/wp\/v2\/media\/103109"}],"wp:attachment":[{"href":"https:\/\/www.mwm.net\/es\/wp-json\/wp\/v2\/media?parent=105010"}],"wp:term":[{"taxonomy":"post_tag","embeddable":true,"href":"https:\/\/www.mwm.net\/es\/wp-json\/wp\/v2\/tags?post=105010"}],"curies":[{"name":"wp","href":"https:\/\/api.w.org\/{rel}","templated":true}]}}